{"id":10259,"date":"2020-05-28T18:51:04","date_gmt":"2020-05-28T21:51:04","guid":{"rendered":"http:\/\/www.abix.com.br\/?post_type=product&#038;p=10259"},"modified":"2023-09-13T16:05:58","modified_gmt":"2023-09-13T19:05:58","slug":"pro3100","status":"publish","type":"product","link":"https:\/\/abix.com.br\/es\/produto\/pro3100\/","title":{"rendered":"R\u00c1DIO M\u00d3VEL ANAL\u00d3GICO &#8211; PRO3100"},"content":{"rendered":"\n\t<section class=\"section\" id=\"section_792739513\">\n\t\t<div class=\"section-bg fill\" >\n\t\t\t\t\t\t\t\t\t\n\t\t\t\n\n\t\t<\/div>\n\n\t\t\n\n\t\t<div class=\"section-content relative\">\n\t\t\t\n<div class=\"row\"  id=\"row-528739576\">\n\n\t<div id=\"col-1493929465\" class=\"col small-12 large-12\"  >\n\t\t\t\t<div class=\"col-inner\"  >\n\t\t\t\n\t\t\t\n<div class=\"row\"  id=\"row-1980592374\">\n\n\t<div id=\"col-828023827\" class=\"col small-12 large-12\"  >\n\t\t\t\t<div class=\"col-inner\"  >\n\t\t\t\n\t\t\t\n\n\t\t<div class=\"tabbed-content locacao-tabs\">\n\t\t\t\n\t\t\t<ul class=\"nav nav-tabs nav-normal nav-size-xlarge nav-left active-on-hover\" role=\"tablist\"><li id=\"tab-informa\u00c7\u00d5es\" class=\"tab active has-icon\" role=\"presentation\"><a href=\"#tab_informa\u00c7\u00d5es\" role=\"tab\" aria-selected=\"true\" aria-controls=\"tab_informa\u00c7\u00d5es\"><span>INFORMA\u00c7\u00d5ES<\/span><\/a><\/li>\n<li id=\"tab-acess\u00d3rios\" class=\"tab has-icon\" role=\"presentation\"><a href=\"#tab_acess\u00d3rios\" tabindex=\"-1\" role=\"tab\" aria-selected=\"false\" aria-controls=\"tab_acess\u00d3rios\"><span>ACESS\u00d3RIOS<\/span><\/a><\/li>\n<li id=\"tab-downloads\" class=\"tab has-icon\" role=\"presentation\"><a href=\"#tab_downloads\" tabindex=\"-1\" role=\"tab\" aria-selected=\"false\" aria-controls=\"tab_downloads\"><span>DOWNLOADS<\/span><\/a><\/li>\n<li id=\"tab-especifica\u00c7\u00d5es\" class=\"tab has-icon\" role=\"presentation\"><a href=\"#tab_especifica\u00c7\u00d5es\" tabindex=\"-1\" role=\"tab\" aria-selected=\"false\" aria-controls=\"tab_especifica\u00c7\u00d5es\"><span>ESPECIFICA\u00c7\u00d5ES<\/span><\/a><\/li><\/ul><div class=\"tab-panels\"><div id=\"tab_informa\u00c7\u00d5es\" class=\"panel active entry-content\" role=\"tabpanel\" aria-labelledby=\"tab-informa\u00c7\u00d5es\">\n<div class=\"row\"  id=\"row-1381293702\">\n\n\t<div id=\"col-1332072841\" class=\"col medium-6 small-12 large-6\"  >\n\t\t\t\t<div class=\"col-inner\"  >\n\t\t\t\n\t\t\t\n<p><strong>SCAN COM PRIORIDADE<\/strong><\/p>\n<p>Permite a voc\u00ea monitorar as comunica\u00e7\u00f5es que est\u00e3o ocorrendo em diferentes canais sem ter que consultar manualmente cada canal. E se houver um canal mais importante, voc\u00ea pode monitor\u00e1-lo com maior freq\u00fc\u00eancia do que os outros.<\/p>\n<p><strong>N\u00cdVEIS DE POT\u00caNCIA AJUST\u00c1VEIS<\/strong><\/p>\n<p>\u00c9 poss\u00edvel ajustar a pot\u00eancia do seu r\u00e1dio, para que suas transmiss\u00f5es possam ter um alcance maior. Qualquer um dos bot\u00f5es program\u00e1veis no r\u00e1dio podem ser configurados para mudar temporariamente seus n\u00edveis de pot\u00eancia, entre alto e baixo.<\/p>\n<p><strong>OPERA\u00c7\u00c3O REPETIDOR \/ COMUNICA\u00c7\u00c3O DIRETA<\/strong><\/p>\n<p>Permite a comunica\u00e7\u00e3o de unidade para unidade quando voc\u00ea est\u00e1 fora de alcance ou quando o repetidor n\u00e3o est\u00e1 operando.<\/p>\n<div class=\"richtexteditor parbase\">\n<p><b>CONECTOR DE ACESS\u00d3RIOS<\/b><\/p>\n<p>Torne suas comunica\u00e7\u00f5es mais f\u00e1ceis de ouvir pelo acoplamento de um alto-falante externo. Mesmo nos ambientes mais ruidosos, voc\u00ea poder\u00e1 ouvir suas mensagens claramente.<\/p>\n<p><b>ESPA\u00c7AMENTO ENTRE CANAIS COMUT\u00c1VEL<\/b><\/p>\n<p>Cada canal pode ser programado com o espa\u00e7amento entre canais de 12.5 kHz ou de 25 kHz, permitindo, atrav\u00e9s de um investimento \u00fanico, que o seu r\u00e1dio opere de acordo com as diferentes regulamenta\u00e7\u00f5es governamentais.<\/p>\n<\/div>\n<p><b>TECNOLOGIA DE \u00c1UDIO X-PAND<\/b><\/p>\n<p>O Compressor de voz da Motorola X-Pand\u2122 permite que canais de 12.5 kHz tenham uma qualidade de \u00e1udio muito n\u00edtida como em canais de 25 kHz.<\/p>\n\t\t<\/div>\n\t\t\t\t\t<\/div>\n\n\t\n\n\t<div id=\"col-647346665\" class=\"col medium-6 small-12 large-6\"  >\n\t\t\t\t<div class=\"col-inner text-left\"  >\n\t\t\t\n\t\t\t\n\t\t<\/div>\n\t\t\t\t\t<\/div>\n\n\t\n<\/div>\n<\/div>\n<div id=\"tab_acess\u00d3rios\" class=\"panel entry-content\" role=\"tabpanel\" aria-labelledby=\"tab-acess\u00d3rios\">\n<div class=\"row align-middle\"  id=\"row-732577228\">\n\n\t<div id=\"col-1486972408\" class=\"col medium-10 small-12 large-10\"  >\n\t\t\t\t<div class=\"col-inner\"  >\n\t\t\t\n\t\t\t\n<p>CONTEUDO<\/p>\n\t\t<\/div>\n\t\t\t\t\t<\/div>\n\n\t\n\n\t<div id=\"col-151267883\" class=\"col medium-2 small-12 large-2\"  >\n\t\t\t\t<div class=\"col-inner\"  >\n\t\t\t\n\t\t\t\n\t\t<\/div>\n\t\t\t\t\t<\/div>\n\n\t\n<\/div>\n<\/div>\n<div id=\"tab_downloads\" class=\"panel entry-content\" role=\"tabpanel\" aria-labelledby=\"tab-downloads\">\n<div class=\"row\"  id=\"row-614617451\">\n\n\t<div id=\"col-1803273239\" class=\"col medium-10 small-12 large-10\"  >\n\t\t\t\t<div class=\"col-inner\"  >\n\t\t\t\n\t\t\t\n<p><a href=\"https:\/\/www.abix.com.br\/wp-content\/uploads\/Ficha-PRO3100.pdf\">Ficha PRO3100<\/a><\/p>\n\t\t<\/div>\n\t\t\t\t\t<\/div>\n\n\t\n<\/div>\n<\/div>\n<div id=\"tab_especifica\u00c7\u00d5es\" class=\"panel entry-content\" role=\"tabpanel\" aria-labelledby=\"tab-especifica\u00c7\u00d5es\">\n<div class=\"row\"  id=\"row-553718802\">\n\n\t<div id=\"col-175410747\" class=\"col medium-9 small-12 large-9\"  >\n\t\t\t\t<div class=\"col-inner\"  >\n\t\t\t\n\t\t\t\n<h3>CARACTER\u00cdST<strong>ICA DE DESEMPENHO<\/strong><\/h3>\n<ul>\n<li><strong>Faixa de frequ\u00eancia<\/strong><\/li>\n<\/ul>\n<p>136-174 MHz<\/p>\n<p>403-470 MHz<\/p>\n<p>450-527 MHz<\/p>\n<p>450-520 MHz<\/p>\n<h3><strong>AMBIENTE DO USU\u00c1RIO<\/strong><\/h3>\n<ul>\n<li><strong>Especifica\u00e7\u00f5es militares<\/strong><\/li>\n<\/ul>\n<p>810 C, 810D, 810E,<\/p>\n<h3>CARACTER\u00cdSTICAS F\u00cdSICAS<\/h3>\n<ul>\n<li><strong>Dimens\u00f5es<\/strong><\/li>\n<\/ul>\n<p>177mm x 176mm x 56mm<\/p>\n<ul>\n<li><strong>Peso<\/strong><\/li>\n<\/ul>\n<p>1.43kg<\/p>\n<h3><strong>RECURSOS DE R\u00c1DIO<\/strong><\/h3>\n<ul>\n<li><strong>Canais<\/strong><\/li>\n<\/ul>\n<p>4<\/p>\n\t\t<\/div>\n\t\t\t\t\t<\/div>\n\n\t\n<\/div>\n<\/div><\/div><\/div>\n\t\t<\/div>\n\t\t\t\t\t<\/div>\n\n\t\n<\/div>\n\t\t<\/div>\n\t\t\t\t\t<\/div>\n\n\t\n<\/div>\n\t\t<\/div>\n\n\t\t\n<style>\n#section_792739513 {\n  padding-top: 0px;\n  padding-bottom: 0px;\n}\n<\/style>\n\t<\/section>\n\t\n","protected":false},"excerpt":{"rendered":"<p style=\"text-align: justify;\">R\u00e1dio M\u00f3vel PRO3100: O R\u00e1dio Essencial. Este r\u00e1dio oferece uma solu\u00e7\u00e3o empresarial simples e confi\u00e1vel, com fun\u00e7\u00f5es b\u00e1sicas que mant\u00e9m equipes de trabalhos din\u00e2micas e em contato constante.<\/p>\n<p style=\"text-align: justify;\">Ideal para as organiza\u00e7\u00f5es com requisitos de comunica\u00e7\u00e3o moderados, o r\u00e1dio PRO3100 fornece uma funcionalidade simples, por\u00e9m de alto desempenho. Suas caracter\u00edsticas avan\u00e7adas incluem os elementos essenciais para manter o usu\u00e1rio comunicando-se constante e eficientemente, incluindo capacidades de sinaliza\u00e7\u00e3o limitada e dois bot\u00f5es program\u00e1veis.<\/p>\n","protected":false},"featured_media":10260,"comment_status":"closed","ping_status":"closed","template":"","meta":[],"product_brand":[],"product_cat":[30,39,45],"product_tag":[],"class_list":{"0":"post-10259","1":"product","2":"type-product","3":"status-publish","4":"has-post-thumbnail","6":"product_cat-linha-profissional","7":"product_cat-motorola","8":"product_cat-radios-analogicos","10":"first","11":"instock","12":"shipping-taxable","13":"product-type-simple"},"yoast_head":"<!-- This site is optimized with the Yoast SEO plugin v27.4 - https:\/\/yoast.com\/product\/yoast-seo-wordpress\/ -->\n<title>R\u00c1DIO M\u00d3VEL ANAL\u00d3GICO PRO3100 - Abix Tecnologia<\/title>\n<meta name=\"description\" content=\"R\u00c1DIO M\u00d3VEL ANAL\u00d3GICO PRO3100 - O R\u00e1dio Essencial. Este r\u00e1dio oferece uma solu\u00e7\u00e3o empresarial simples e confi\u00e1vel. Veja mais em nosso site!\" \/>\n<meta name=\"robots\" content=\"index, follow, max-snippet:-1, max-image-preview:large, max-video-preview:-1\" \/>\n<link rel=\"canonical\" href=\"https:\/\/abix.com.br\/produto\/pro3100\/\" \/>\n<meta property=\"og:locale\" content=\"es_ES\" \/>\n<meta property=\"og:type\" content=\"article\" \/>\n<meta property=\"og:title\" content=\"R\u00c1DIO M\u00d3VEL ANAL\u00d3GICO PRO3100 - Abix Tecnologia\" \/>\n<meta property=\"og:description\" content=\"R\u00c1DIO M\u00d3VEL ANAL\u00d3GICO PRO3100 - O R\u00e1dio Essencial. Este r\u00e1dio oferece uma solu\u00e7\u00e3o empresarial simples e confi\u00e1vel. Veja mais em nosso site!\" \/>\n<meta property=\"og:url\" content=\"https:\/\/abix.com.br\/produto\/pro3100\/\" \/>\n<meta property=\"og:site_name\" content=\"Abix\" \/>\n<meta property=\"article:modified_time\" content=\"2023-09-13T19:05:58+00:00\" \/>\n<meta property=\"og:image\" content=\"https:\/\/abix.com.br\/wp-content\/uploads\/2020\/05\/PRO3100.jpg\" \/>\n\t<meta property=\"og:image:width\" content=\"600\" \/>\n\t<meta property=\"og:image:height\" content=\"342\" \/>\n\t<meta property=\"og:image:type\" content=\"image\/jpeg\" \/>\n<meta name=\"twitter:card\" content=\"summary_large_image\" \/>\n<meta name=\"twitter:label1\" content=\"Tiempo de lectura\" \/>\n\t<meta name=\"twitter:data1\" content=\"2 minutos\" \/>\n<script type=\"application\/ld+json\" class=\"yoast-schema-graph\">{\"@context\":\"https:\\\/\\\/schema.org\",\"@graph\":[{\"@type\":\"WebPage\",\"@id\":\"https:\\\/\\\/abix.com.br\\\/produto\\\/pro3100\\\/\",\"url\":\"https:\\\/\\\/abix.com.br\\\/produto\\\/pro3100\\\/\",\"name\":\"R\u00c1DIO M\u00d3VEL ANAL\u00d3GICO PRO3100 - Abix Tecnologia\",\"isPartOf\":{\"@id\":\"https:\\\/\\\/abix.com.br\\\/#website\"},\"primaryImageOfPage\":{\"@id\":\"https:\\\/\\\/abix.com.br\\\/produto\\\/pro3100\\\/#primaryimage\"},\"image\":{\"@id\":\"https:\\\/\\\/abix.com.br\\\/produto\\\/pro3100\\\/#primaryimage\"},\"thumbnailUrl\":\"https:\\\/\\\/abix.com.br\\\/wp-content\\\/uploads\\\/2020\\\/05\\\/PRO3100.jpg\",\"datePublished\":\"2020-05-28T21:51:04+00:00\",\"dateModified\":\"2023-09-13T19:05:58+00:00\",\"description\":\"R\u00c1DIO M\u00d3VEL ANAL\u00d3GICO PRO3100 - O R\u00e1dio Essencial. Este r\u00e1dio oferece uma solu\u00e7\u00e3o empresarial simples e confi\u00e1vel. Veja mais em nosso site!\",\"breadcrumb\":{\"@id\":\"https:\\\/\\\/abix.com.br\\\/produto\\\/pro3100\\\/#breadcrumb\"},\"inLanguage\":\"es\",\"potentialAction\":[{\"@type\":\"ReadAction\",\"target\":[\"https:\\\/\\\/abix.com.br\\\/produto\\\/pro3100\\\/\"]}]},{\"@type\":\"ImageObject\",\"inLanguage\":\"es\",\"@id\":\"https:\\\/\\\/abix.com.br\\\/produto\\\/pro3100\\\/#primaryimage\",\"url\":\"https:\\\/\\\/abix.com.br\\\/wp-content\\\/uploads\\\/2020\\\/05\\\/PRO3100.jpg\",\"contentUrl\":\"https:\\\/\\\/abix.com.br\\\/wp-content\\\/uploads\\\/2020\\\/05\\\/PRO3100.jpg\",\"width\":600,\"height\":342,\"caption\":\"R\u00c1DIO M\u00d3VEL ANAL\u00d3GICO PRO3100\"},{\"@type\":\"BreadcrumbList\",\"@id\":\"https:\\\/\\\/abix.com.br\\\/produto\\\/pro3100\\\/#breadcrumb\",\"itemListElement\":[{\"@type\":\"ListItem\",\"position\":1,\"name\":\"In\u00edcio\",\"item\":\"https:\\\/\\\/abix.com.br\\\/es\\\/\"},{\"@type\":\"ListItem\",\"position\":2,\"name\":\"Tienda\",\"item\":\"https:\\\/\\\/abix.com.br\\\/loja\\\/\"},{\"@type\":\"ListItem\",\"position\":3,\"name\":\"R\u00c1DIO M\u00d3VEL ANAL\u00d3GICO &#8211; PRO3100\"}]},{\"@type\":\"WebSite\",\"@id\":\"https:\\\/\\\/abix.com.br\\\/#website\",\"url\":\"https:\\\/\\\/abix.com.br\\\/\",\"name\":\"Abix\",\"description\":\"\",\"potentialAction\":[{\"@type\":\"SearchAction\",\"target\":{\"@type\":\"EntryPoint\",\"urlTemplate\":\"https:\\\/\\\/abix.com.br\\\/?s={search_term_string}\"},\"query-input\":{\"@type\":\"PropertyValueSpecification\",\"valueRequired\":true,\"valueName\":\"search_term_string\"}}],\"inLanguage\":\"es\"}]}<\/script>\n<!-- \/ Yoast SEO plugin. -->","yoast_head_json":{"title":"R\u00c1DIO M\u00d3VEL ANAL\u00d3GICO PRO3100 - Abix Tecnologia","description":"R\u00c1DIO M\u00d3VEL ANAL\u00d3GICO PRO3100 - O R\u00e1dio Essencial. Este r\u00e1dio oferece uma solu\u00e7\u00e3o empresarial simples e confi\u00e1vel. Veja mais em nosso site!","robots":{"index":"index","follow":"follow","max-snippet":"max-snippet:-1","max-image-preview":"max-image-preview:large","max-video-preview":"max-video-preview:-1"},"canonical":"https:\/\/abix.com.br\/produto\/pro3100\/","og_locale":"es_ES","og_type":"article","og_title":"R\u00c1DIO M\u00d3VEL ANAL\u00d3GICO PRO3100 - Abix Tecnologia","og_description":"R\u00c1DIO M\u00d3VEL ANAL\u00d3GICO PRO3100 - O R\u00e1dio Essencial. Este r\u00e1dio oferece uma solu\u00e7\u00e3o empresarial simples e confi\u00e1vel. Veja mais em nosso site!","og_url":"https:\/\/abix.com.br\/produto\/pro3100\/","og_site_name":"Abix","article_modified_time":"2023-09-13T19:05:58+00:00","og_image":[{"width":600,"height":342,"url":"https:\/\/abix.com.br\/wp-content\/uploads\/2020\/05\/PRO3100.jpg","type":"image\/jpeg"}],"twitter_card":"summary_large_image","twitter_misc":{"Tiempo de lectura":"2 minutos"},"schema":{"@context":"https:\/\/schema.org","@graph":[{"@type":"WebPage","@id":"https:\/\/abix.com.br\/produto\/pro3100\/","url":"https:\/\/abix.com.br\/produto\/pro3100\/","name":"R\u00c1DIO M\u00d3VEL ANAL\u00d3GICO PRO3100 - Abix Tecnologia","isPartOf":{"@id":"https:\/\/abix.com.br\/#website"},"primaryImageOfPage":{"@id":"https:\/\/abix.com.br\/produto\/pro3100\/#primaryimage"},"image":{"@id":"https:\/\/abix.com.br\/produto\/pro3100\/#primaryimage"},"thumbnailUrl":"https:\/\/abix.com.br\/wp-content\/uploads\/2020\/05\/PRO3100.jpg","datePublished":"2020-05-28T21:51:04+00:00","dateModified":"2023-09-13T19:05:58+00:00","description":"R\u00c1DIO M\u00d3VEL ANAL\u00d3GICO PRO3100 - O R\u00e1dio Essencial. Este r\u00e1dio oferece uma solu\u00e7\u00e3o empresarial simples e confi\u00e1vel. Veja mais em nosso site!","breadcrumb":{"@id":"https:\/\/abix.com.br\/produto\/pro3100\/#breadcrumb"},"inLanguage":"es","potentialAction":[{"@type":"ReadAction","target":["https:\/\/abix.com.br\/produto\/pro3100\/"]}]},{"@type":"ImageObject","inLanguage":"es","@id":"https:\/\/abix.com.br\/produto\/pro3100\/#primaryimage","url":"https:\/\/abix.com.br\/wp-content\/uploads\/2020\/05\/PRO3100.jpg","contentUrl":"https:\/\/abix.com.br\/wp-content\/uploads\/2020\/05\/PRO3100.jpg","width":600,"height":342,"caption":"R\u00c1DIO M\u00d3VEL ANAL\u00d3GICO PRO3100"},{"@type":"BreadcrumbList","@id":"https:\/\/abix.com.br\/produto\/pro3100\/#breadcrumb","itemListElement":[{"@type":"ListItem","position":1,"name":"In\u00edcio","item":"https:\/\/abix.com.br\/es\/"},{"@type":"ListItem","position":2,"name":"Tienda","item":"https:\/\/abix.com.br\/loja\/"},{"@type":"ListItem","position":3,"name":"R\u00c1DIO M\u00d3VEL ANAL\u00d3GICO &#8211; PRO3100"}]},{"@type":"WebSite","@id":"https:\/\/abix.com.br\/#website","url":"https:\/\/abix.com.br\/","name":"Abix","description":"","potentialAction":[{"@type":"SearchAction","target":{"@type":"EntryPoint","urlTemplate":"https:\/\/abix.com.br\/?s={search_term_string}"},"query-input":{"@type":"PropertyValueSpecification","valueRequired":true,"valueName":"search_term_string"}}],"inLanguage":"es"}]}},"_links":{"self":[{"href":"https:\/\/abix.com.br\/es\/wp-json\/wp\/v2\/product\/10259","targetHints":{"allow":["GET"]}}],"collection":[{"href":"https:\/\/abix.com.br\/es\/wp-json\/wp\/v2\/product"}],"about":[{"href":"https:\/\/abix.com.br\/es\/wp-json\/wp\/v2\/types\/product"}],"replies":[{"embeddable":true,"href":"https:\/\/abix.com.br\/es\/wp-json\/wp\/v2\/comments?post=10259"}],"wp:featuredmedia":[{"embeddable":true,"href":"https:\/\/abix.com.br\/es\/wp-json\/wp\/v2\/media\/10260"}],"wp:attachment":[{"href":"https:\/\/abix.com.br\/es\/wp-json\/wp\/v2\/media?parent=10259"}],"wp:term":[{"taxonomy":"product_brand","embeddable":true,"href":"https:\/\/abix.com.br\/es\/wp-json\/wp\/v2\/product_brand?post=10259"},{"taxonomy":"product_cat","embeddable":true,"href":"https:\/\/abix.com.br\/es\/wp-json\/wp\/v2\/product_cat?post=10259"},{"taxonomy":"product_tag","embeddable":true,"href":"https:\/\/abix.com.br\/es\/wp-json\/wp\/v2\/product_tag?post=10259"}],"curies":[{"name":"wp","href":"https:\/\/api.w.org\/{rel}","templated":true}]}}