{"id":19294,"date":"2023-05-05T08:30:03","date_gmt":"2023-05-05T11:30:03","guid":{"rendered":"https:\/\/abix.com.br\/produto\/radio-portatil-tlk-100\/"},"modified":"2023-10-19T14:52:00","modified_gmt":"2023-10-19T17:52:00","slug":"radio-portatil-tlk-100","status":"publish","type":"product","link":"https:\/\/abix.com.br\/es\/produto\/radio-portatil-tlk-100\/","title":{"rendered":"RADIO PORT\u00c1TIL TLK 100"},"content":{"rendered":"\n\t<section class=\"section\" id=\"section_240373314\">\n\t\t<div class=\"section-bg fill\" >\n\t\t\t\t\t\t\t\t\t\n\t\t\t\n\n\t\t<\/div>\n\n\t\t\n\n\t\t<div class=\"section-content relative\">\n\t\t\t\n<div class=\"row\"  id=\"row-644544226\">\n\n\t<div id=\"col-1994201906\" class=\"col small-12 large-12\"  >\n\t\t\t\t<div class=\"col-inner\"  >\n\t\t\t\n\t\t\t\n<div class=\"row\"  id=\"row-1771388139\">\n\n\t<div id=\"col-1811894273\" class=\"col small-12 large-12\"  >\n\t\t\t\t<div class=\"col-inner\"  >\n\t\t\t\n\t\t\t\n\n\t\t<div class=\"tabbed-content locacao-tabs\">\n\t\t\t\n\t\t\t<ul class=\"nav nav-tabs nav-normal nav-size-xlarge nav-left active-on-hover\" role=\"tablist\"><li id=\"tab-informaci\u00d3n\" class=\"tab active has-icon\" role=\"presentation\"><a href=\"#tab_informaci\u00d3n\" role=\"tab\" aria-selected=\"true\" aria-controls=\"tab_informaci\u00d3n\"><span>INFORMACI\u00d3N<\/span><\/a><\/li>\n<li id=\"tab-accesorios\" class=\"tab has-icon\" role=\"presentation\"><a href=\"#tab_accesorios\" tabindex=\"-1\" role=\"tab\" aria-selected=\"false\" aria-controls=\"tab_accesorios\"><span>ACCESORIOS<\/span><\/a><\/li>\n<li id=\"tab-descargas\" class=\"tab has-icon\" role=\"presentation\"><a href=\"#tab_descargas\" tabindex=\"-1\" role=\"tab\" aria-selected=\"false\" aria-controls=\"tab_descargas\"><span>DESCARGAS<\/span><\/a><\/li>\n<li id=\"tab-especificaciones\" class=\"tab has-icon\" role=\"presentation\"><a href=\"#tab_especificaciones\" tabindex=\"-1\" role=\"tab\" aria-selected=\"false\" aria-controls=\"tab_especificaciones\"><span>ESPECIFICACIONES<\/span><\/a><\/li><\/ul><div class=\"tab-panels\"><div id=\"tab_informaci\u00d3n\" class=\"panel active entry-content\" role=\"tabpanel\" aria-labelledby=\"tab-informaci\u00d3n\">\n<div class=\"row\"  id=\"row-906848529\">\n\n\t<div id=\"col-531314322\" class=\"col medium-6 small-12 large-6\"  >\n\t\t\t\t<div class=\"col-inner\"  >\n\t\t\t\n\t\t\t\n<p><strong>UN DISPOSITIVO LTE PORT\u00c1TIL Y RESISTENTE<\/strong><\/p>\n<p>Para aquellos que necesitan un dispositivo de datos de misi\u00f3n y negocio cr\u00edtico que sea realmente adaptable a sus necesidades de red actuales y futuras y que requieren una comunicaci\u00f3n instant\u00e1nea, rica y frecuente, el dispositivo de mano Evolve LTE combina las caracter\u00edsticas de un dispositivo Android con la robustez y fiabilidad de un dispositivo push-to-talk para hablar en 3G, 4G y Wi-Fi con capacidad dual SIM.<\/p>\n\t\t<\/div>\n\t\t\t\t\t<\/div>\n\n\t\n\n\t<div id=\"col-1095996228\" class=\"col medium-6 small-12 large-6\"  >\n\t\t\t\t<div class=\"col-inner text-left\"  >\n\t\t\t\n\t\t\t\n<p style=\"text-align: left;\"><strong>CARACTER\u00cdSTICAS<\/strong><\/p>\n<ul>\n<li style=\"text-align: left;\">Dispositivo robusto (IP68)<\/li>\n<li style=\"text-align: left;\">Botones PTT y de emergencia dedicados<\/li>\n<li style=\"text-align: left;\">Pantalla t\u00e1ctil de 5&#8243; resistente a l\u00edquidos y manejable con guantes<\/li>\n<li style=\"text-align: left;\">Bater\u00eda reemplazable y de larga duraci\u00f3n<\/li>\n<li style=\"text-align: left;\">Plataforma Android con ecosistema de aplicaciones abierto<\/li>\n<li style=\"text-align: left;\">Audio superior con 97 dB<\/li>\n<li style=\"text-align: left;\">Micr\u00f3fono con supresi\u00f3n de ruido y cancelaci\u00f3n de eco<\/li>\n<li style=\"text-align: left;\">Compa\u00f1ero ideal de WAVE PTX<\/li>\n<\/ul>\n\t\t<\/div>\n\t\t\t\t\t<\/div>\n\n\t\n<\/div>\n<\/div>\n<div id=\"tab_accesorios\" class=\"panel entry-content\" role=\"tabpanel\" aria-labelledby=\"tab-accesorios\">\n<div class=\"row align-middle\"  id=\"row-1603785001\">\n\n\t<div id=\"col-470182261\" class=\"col medium-10 small-12 large-10\"  >\n\t\t\t\t<div class=\"col-inner\"  >\n\t\t\t\n\t\t\t\n\t\t<\/div>\n\t\t\t\t\t<\/div>\n\n\t\n\n\t<div id=\"col-369662496\" class=\"col medium-2 small-12 large-2\"  >\n\t\t\t\t<div class=\"col-inner\"  >\n\t\t\t\n\t\t\t\n\t\t<\/div>\n\t\t\t\t\t<\/div>\n\n\t\n<\/div>\n<\/div>\n<div id=\"tab_descargas\" class=\"panel entry-content\" role=\"tabpanel\" aria-labelledby=\"tab-descargas\">\n<div class=\"row\"  id=\"row-248681083\">\n\n\t<div id=\"col-875906549\" class=\"col medium-10 small-12 large-10\"  >\n\t\t\t\t<div class=\"col-inner\"  >\n\t\t\t\n\t\t\t\n<p><a href=\"https:\/\/abix.com.br\/wp-content\/uploads\/2023\/05\/FOLHRETO-PTBR-TLK-100.pdf\">[FOLHETO \u2013 PTBR]  TLK 100<\/a><\/p>\n<p><a href=\"https:\/\/abix.com.br\/wp-content\/uploads\/2023\/05\/DATASHEET-EN-TLK-100.pdf\">[DATASHEET \u2013 EN]  TLK 100<\/a><\/p>\n\t\t<\/div>\n\t\t\t\t\t<\/div>\n\n\t\n<\/div>\n<\/div>\n<div id=\"tab_especificaciones\" class=\"panel entry-content\" role=\"tabpanel\" aria-labelledby=\"tab-especificaciones\">\n<div class=\"row\"  id=\"row-636787220\">\n\n\t<div id=\"col-680599412\" class=\"col medium-9 small-12 large-9\"  >\n\t\t\t\t<div class=\"col-inner\"  >\n\t\t\t\n\t\t\t\n<p>Redes: 3G\/4G, Wi-Fi<br \/>\nCapacidad de canales: 96 canales<br \/>\nLista de contactos: 300 contactos<br \/>\nDimensiones: (Al x An x Pr)<br \/>\nSin antena: 131 x 59 x 22 mm<br \/>\nCon antena: 169 x 59 x 22 mm<br \/>\nPeso con bater\u00eda: 170 g (6,0 oz)<br \/>\nCapacidad de la bater\u00eda 3,7 V (nominal) 2300 mAh<br \/>\nBater\u00eda (2500mAh Li-Ion Battery)<br \/>\nC\u00f3dec de voz OPUS<br \/>\nVersi\u00f3n de Bluetooth: V4.2 EDR + BLE<br \/>\nGPS GNSS \/ A-GNSS (GPS, GLONASS, Galileo, BeiDou)<br \/>\nWi-Fi 802.11 a\/b\/g\/n 2,4\/5,0 GHz<br \/>\nTARJETA SIM<br \/>\nAplicaciones compatibles: WAVE PTX<br \/>\nCriptograf\u00eda: AES-256<br \/>\nClasificaci\u00f3n: IP54 IEC60529<\/p>\n\t\t<\/div>\n\t\t\t\t\t<\/div>\n\n\t\n<\/div>\n<\/div><\/div><\/div>\n\t\t<\/div>\n\t\t\t\t\t<\/div>\n\n\t\n<\/div>\n\t\t<\/div>\n\t\t\t\t\t<\/div>\n\n\t\n<\/div>\n\t\t<\/div>\n\n\t\t\n<style>\n#section_240373314 {\n  padding-top: 0px;\n  padding-bottom: 0px;\n}\n<\/style>\n\t<\/section>\n\t\n","protected":false},"excerpt":{"rendered":"<p><strong>RADIO ROBUSTA CON UNA RED DE COBERTURA NACIONAL<\/strong><\/p>\n<p style=\"text-align: justify;\">Obtenga la mejor opci\u00f3n para su empresa combinando la facilidad de la comunicaci\u00f3n por radio bidireccional a trav\u00e9s de una red nacional de su elecci\u00f3n.<\/p>\n<p style=\"text-align: justify;\">Gestione grupos de mensajes y suscripciones en tiempo real. Aumente la cobertura, las conexiones y la productividad sin ampliar la infraestructura.<\/p>\n<p style=\"text-align: justify;\">Mantenga a los empleados conectados y concentrados con audio alto y claro, seguimiento de la ubicaci\u00f3n y Wi-Fi. Maximice la eficacia operativa comunic\u00e1ndose con s\u00f3lo pulsar un bot\u00f3n y aprovechando las bater\u00edas de larga duraci\u00f3n.<\/p>\n<p style=\"text-align: justify;\">Desarrollada para sectores como la seguridad privada, el transporte, la construcci\u00f3n, la energ\u00eda&#8230; la radio bidireccional WAVE PTX es resistente, f\u00e1cil de usar y se conecta r\u00e1pidamente a las principales redes nacionales que prefiera.<\/p>\n<p style=\"text-align: justify;\">Inf\u00f3rmese sobre la disponibilidad de esta soluci\u00f3n en su pa\u00eds.<\/p>\n","protected":false},"featured_media":14973,"comment_status":"closed","ping_status":"closed","template":"","meta":[],"product_brand":[],"product_cat":[155,159,157,160,156,158],"product_tag":[],"class_list":{"0":"post-19294","1":"product","2":"type-product","3":"status-publish","4":"has-post-thumbnail","6":"product_cat-linea-profesional","7":"product_cat-lte-es","8":"product_cat-motorola-es","9":"product_cat-ptt-por-celular","10":"product_cat-radios-digitales","11":"product_cat-radios-portatiles","13":"first","14":"instock","15":"shipping-taxable","16":"product-type-simple"},"yoast_head":"<!-- This site is optimized with the Yoast SEO plugin v27.4 - https:\/\/yoast.com\/product\/yoast-seo-wordpress\/ -->\n<title>RADIO PORT\u00c1TIL TLK 100 - Abix<\/title>\n<meta name=\"description\" content=\"RADIO PORT\u00c1TIL WAVE PTX TLK 100 - Consiga la mejor opci\u00f3n para su empresa combinando la facilidad de la comunicaci\u00f3n por radio bidireccional a trav\u00e9s de una red nacional de su elecci\u00f3n.\" \/>\n<meta name=\"robots\" content=\"index, follow, max-snippet:-1, max-image-preview:large, max-video-preview:-1\" \/>\n<link rel=\"canonical\" href=\"https:\/\/abix.com.br\/produto\/radio-portatil-wave-ptx-tlk-100\/\" \/>\n<meta property=\"og:locale\" content=\"es_ES\" \/>\n<meta property=\"og:type\" content=\"article\" \/>\n<meta property=\"og:title\" content=\"RADIO PORT\u00c1TIL TLK 100 - Abix\" \/>\n<meta property=\"og:description\" content=\"RADIO PORT\u00c1TIL WAVE PTX TLK 100 - Consiga la mejor opci\u00f3n para su empresa combinando la facilidad de la comunicaci\u00f3n por radio bidireccional a trav\u00e9s de una red nacional de su elecci\u00f3n.\" \/>\n<meta property=\"og:url\" content=\"https:\/\/abix.com.br\/produto\/radio-portatil-wave-ptx-tlk-100\/\" \/>\n<meta property=\"og:site_name\" content=\"Abix\" \/>\n<meta property=\"article:modified_time\" content=\"2023-10-19T17:52:00+00:00\" \/>\n<meta property=\"og:image\" content=\"https:\/\/abix.com.br\/wp-content\/uploads\/2023\/05\/tlk100-1.png\" \/>\n\t<meta property=\"og:image:width\" content=\"377\" \/>\n\t<meta property=\"og:image:height\" content=\"550\" \/>\n\t<meta property=\"og:image:type\" content=\"image\/png\" \/>\n<meta name=\"twitter:card\" content=\"summary_large_image\" \/>\n<meta name=\"twitter:label1\" content=\"Tiempo de lectura\" \/>\n\t<meta name=\"twitter:data1\" content=\"2 minutos\" \/>\n<script type=\"application\/ld+json\" class=\"yoast-schema-graph\">{\"@context\":\"https:\\\/\\\/schema.org\",\"@graph\":[{\"@type\":\"WebPage\",\"@id\":\"https:\\\/\\\/abix.com.br\\\/produto\\\/radio-portatil-wave-ptx-tlk-100\\\/\",\"url\":\"https:\\\/\\\/abix.com.br\\\/produto\\\/radio-portatil-wave-ptx-tlk-100\\\/\",\"name\":\"RADIO PORT\u00c1TIL TLK 100 - Abix\",\"isPartOf\":{\"@id\":\"https:\\\/\\\/abix.com.br\\\/#website\"},\"primaryImageOfPage\":{\"@id\":\"https:\\\/\\\/abix.com.br\\\/produto\\\/radio-portatil-wave-ptx-tlk-100\\\/#primaryimage\"},\"image\":{\"@id\":\"https:\\\/\\\/abix.com.br\\\/produto\\\/radio-portatil-wave-ptx-tlk-100\\\/#primaryimage\"},\"thumbnailUrl\":\"https:\\\/\\\/abix.com.br\\\/wp-content\\\/uploads\\\/2023\\\/05\\\/tlk100-1.png\",\"datePublished\":\"2023-05-05T11:30:03+00:00\",\"dateModified\":\"2023-10-19T17:52:00+00:00\",\"description\":\"RADIO PORT\u00c1TIL WAVE PTX TLK 100 - Consiga la mejor opci\u00f3n para su empresa combinando la facilidad de la comunicaci\u00f3n por radio bidireccional a trav\u00e9s de una red nacional de su elecci\u00f3n.\",\"breadcrumb\":{\"@id\":\"https:\\\/\\\/abix.com.br\\\/produto\\\/radio-portatil-wave-ptx-tlk-100\\\/#breadcrumb\"},\"inLanguage\":\"es\",\"potentialAction\":[{\"@type\":\"ReadAction\",\"target\":[\"https:\\\/\\\/abix.com.br\\\/produto\\\/radio-portatil-wave-ptx-tlk-100\\\/\"]}]},{\"@type\":\"ImageObject\",\"inLanguage\":\"es\",\"@id\":\"https:\\\/\\\/abix.com.br\\\/produto\\\/radio-portatil-wave-ptx-tlk-100\\\/#primaryimage\",\"url\":\"https:\\\/\\\/abix.com.br\\\/wp-content\\\/uploads\\\/2023\\\/05\\\/tlk100-1.png\",\"contentUrl\":\"https:\\\/\\\/abix.com.br\\\/wp-content\\\/uploads\\\/2023\\\/05\\\/tlk100-1.png\",\"width\":377,\"height\":550},{\"@type\":\"BreadcrumbList\",\"@id\":\"https:\\\/\\\/abix.com.br\\\/produto\\\/radio-portatil-wave-ptx-tlk-100\\\/#breadcrumb\",\"itemListElement\":[{\"@type\":\"ListItem\",\"position\":1,\"name\":\"In\u00edcio\",\"item\":\"https:\\\/\\\/abix.com.br\\\/es\\\/\"},{\"@type\":\"ListItem\",\"position\":2,\"name\":\"Tienda\",\"item\":\"https:\\\/\\\/abix.com.br\\\/loja\\\/\"},{\"@type\":\"ListItem\",\"position\":3,\"name\":\"RADIO PORT\u00c1TIL TLK 100\"}]},{\"@type\":\"WebSite\",\"@id\":\"https:\\\/\\\/abix.com.br\\\/#website\",\"url\":\"https:\\\/\\\/abix.com.br\\\/\",\"name\":\"Abix\",\"description\":\"\",\"potentialAction\":[{\"@type\":\"SearchAction\",\"target\":{\"@type\":\"EntryPoint\",\"urlTemplate\":\"https:\\\/\\\/abix.com.br\\\/?s={search_term_string}\"},\"query-input\":{\"@type\":\"PropertyValueSpecification\",\"valueRequired\":true,\"valueName\":\"search_term_string\"}}],\"inLanguage\":\"es\"}]}<\/script>\n<!-- \/ Yoast SEO plugin. -->","yoast_head_json":{"title":"RADIO PORT\u00c1TIL TLK 100 - Abix","description":"RADIO PORT\u00c1TIL WAVE PTX TLK 100 - Consiga la mejor opci\u00f3n para su empresa combinando la facilidad de la comunicaci\u00f3n por radio bidireccional a trav\u00e9s de una red nacional de su elecci\u00f3n.","robots":{"index":"index","follow":"follow","max-snippet":"max-snippet:-1","max-image-preview":"max-image-preview:large","max-video-preview":"max-video-preview:-1"},"canonical":"https:\/\/abix.com.br\/produto\/radio-portatil-wave-ptx-tlk-100\/","og_locale":"es_ES","og_type":"article","og_title":"RADIO PORT\u00c1TIL TLK 100 - Abix","og_description":"RADIO PORT\u00c1TIL WAVE PTX TLK 100 - Consiga la mejor opci\u00f3n para su empresa combinando la facilidad de la comunicaci\u00f3n por radio bidireccional a trav\u00e9s de una red nacional de su elecci\u00f3n.","og_url":"https:\/\/abix.com.br\/produto\/radio-portatil-wave-ptx-tlk-100\/","og_site_name":"Abix","article_modified_time":"2023-10-19T17:52:00+00:00","og_image":[{"width":377,"height":550,"url":"https:\/\/abix.com.br\/wp-content\/uploads\/2023\/05\/tlk100-1.png","type":"image\/png"}],"twitter_card":"summary_large_image","twitter_misc":{"Tiempo de lectura":"2 minutos"},"schema":{"@context":"https:\/\/schema.org","@graph":[{"@type":"WebPage","@id":"https:\/\/abix.com.br\/produto\/radio-portatil-wave-ptx-tlk-100\/","url":"https:\/\/abix.com.br\/produto\/radio-portatil-wave-ptx-tlk-100\/","name":"RADIO PORT\u00c1TIL TLK 100 - Abix","isPartOf":{"@id":"https:\/\/abix.com.br\/#website"},"primaryImageOfPage":{"@id":"https:\/\/abix.com.br\/produto\/radio-portatil-wave-ptx-tlk-100\/#primaryimage"},"image":{"@id":"https:\/\/abix.com.br\/produto\/radio-portatil-wave-ptx-tlk-100\/#primaryimage"},"thumbnailUrl":"https:\/\/abix.com.br\/wp-content\/uploads\/2023\/05\/tlk100-1.png","datePublished":"2023-05-05T11:30:03+00:00","dateModified":"2023-10-19T17:52:00+00:00","description":"RADIO PORT\u00c1TIL WAVE PTX TLK 100 - Consiga la mejor opci\u00f3n para su empresa combinando la facilidad de la comunicaci\u00f3n por radio bidireccional a trav\u00e9s de una red nacional de su elecci\u00f3n.","breadcrumb":{"@id":"https:\/\/abix.com.br\/produto\/radio-portatil-wave-ptx-tlk-100\/#breadcrumb"},"inLanguage":"es","potentialAction":[{"@type":"ReadAction","target":["https:\/\/abix.com.br\/produto\/radio-portatil-wave-ptx-tlk-100\/"]}]},{"@type":"ImageObject","inLanguage":"es","@id":"https:\/\/abix.com.br\/produto\/radio-portatil-wave-ptx-tlk-100\/#primaryimage","url":"https:\/\/abix.com.br\/wp-content\/uploads\/2023\/05\/tlk100-1.png","contentUrl":"https:\/\/abix.com.br\/wp-content\/uploads\/2023\/05\/tlk100-1.png","width":377,"height":550},{"@type":"BreadcrumbList","@id":"https:\/\/abix.com.br\/produto\/radio-portatil-wave-ptx-tlk-100\/#breadcrumb","itemListElement":[{"@type":"ListItem","position":1,"name":"In\u00edcio","item":"https:\/\/abix.com.br\/es\/"},{"@type":"ListItem","position":2,"name":"Tienda","item":"https:\/\/abix.com.br\/loja\/"},{"@type":"ListItem","position":3,"name":"RADIO PORT\u00c1TIL TLK 100"}]},{"@type":"WebSite","@id":"https:\/\/abix.com.br\/#website","url":"https:\/\/abix.com.br\/","name":"Abix","description":"","potentialAction":[{"@type":"SearchAction","target":{"@type":"EntryPoint","urlTemplate":"https:\/\/abix.com.br\/?s={search_term_string}"},"query-input":{"@type":"PropertyValueSpecification","valueRequired":true,"valueName":"search_term_string"}}],"inLanguage":"es"}]}},"_links":{"self":[{"href":"https:\/\/abix.com.br\/es\/wp-json\/wp\/v2\/product\/19294","targetHints":{"allow":["GET"]}}],"collection":[{"href":"https:\/\/abix.com.br\/es\/wp-json\/wp\/v2\/product"}],"about":[{"href":"https:\/\/abix.com.br\/es\/wp-json\/wp\/v2\/types\/product"}],"replies":[{"embeddable":true,"href":"https:\/\/abix.com.br\/es\/wp-json\/wp\/v2\/comments?post=19294"}],"wp:featuredmedia":[{"embeddable":true,"href":"https:\/\/abix.com.br\/es\/wp-json\/wp\/v2\/media\/14973"}],"wp:attachment":[{"href":"https:\/\/abix.com.br\/es\/wp-json\/wp\/v2\/media?parent=19294"}],"wp:term":[{"taxonomy":"product_brand","embeddable":true,"href":"https:\/\/abix.com.br\/es\/wp-json\/wp\/v2\/product_brand?post=19294"},{"taxonomy":"product_cat","embeddable":true,"href":"https:\/\/abix.com.br\/es\/wp-json\/wp\/v2\/product_cat?post=19294"},{"taxonomy":"product_tag","embeddable":true,"href":"https:\/\/abix.com.br\/es\/wp-json\/wp\/v2\/product_tag?post=19294"}],"curies":[{"name":"wp","href":"https:\/\/api.w.org\/{rel}","templated":true}]}}