{"id":19295,"date":"2023-05-04T17:06:47","date_gmt":"2023-05-04T20:06:47","guid":{"rendered":"https:\/\/abix.com.br\/produto\/radio-portatil-evolve-lte\/"},"modified":"2023-10-19T14:52:55","modified_gmt":"2023-10-19T17:52:55","slug":"radio-portatil-evolve-lte","status":"publish","type":"product","link":"https:\/\/abix.com.br\/es\/produto\/radio-portatil-evolve-lte\/","title":{"rendered":"RADIO PORT\u00c1TIL EVOLVE LTE"},"content":{"rendered":"\n\t<section class=\"section\" id=\"section_58117939\">\n\t\t<div class=\"section-bg fill\" >\n\t\t\t\t\t\t\t\t\t\n\t\t\t\n\n\t\t<\/div>\n\n\t\t\n\n\t\t<div class=\"section-content relative\">\n\t\t\t\n<div class=\"row\"  id=\"row-17914907\">\n\n\t<div id=\"col-603188136\" class=\"col small-12 large-12\"  >\n\t\t\t\t<div class=\"col-inner\"  >\n\t\t\t\n\t\t\t\n<div class=\"row\"  id=\"row-253236380\">\n\n\t<div id=\"col-1255638862\" class=\"col small-12 large-12\"  >\n\t\t\t\t<div class=\"col-inner\"  >\n\t\t\t\n\t\t\t\n\n\t\t<div class=\"tabbed-content locacao-tabs\">\n\t\t\t\n\t\t\t<ul class=\"nav nav-tabs nav-normal nav-size-xlarge nav-left active-on-hover\" role=\"tablist\"><li id=\"tab-informaci\u00d3n\" class=\"tab active has-icon\" role=\"presentation\"><a href=\"#tab_informaci\u00d3n\" role=\"tab\" aria-selected=\"true\" aria-controls=\"tab_informaci\u00d3n\"><span>INFORMACI\u00d3N<\/span><\/a><\/li>\n<li id=\"tab-accesorios\" class=\"tab has-icon\" role=\"presentation\"><a href=\"#tab_accesorios\" tabindex=\"-1\" role=\"tab\" aria-selected=\"false\" aria-controls=\"tab_accesorios\"><span>ACCESORIOS<\/span><\/a><\/li>\n<li id=\"tab-descargas\" class=\"tab has-icon\" role=\"presentation\"><a href=\"#tab_descargas\" tabindex=\"-1\" role=\"tab\" aria-selected=\"false\" aria-controls=\"tab_descargas\"><span>DESCARGAS<\/span><\/a><\/li>\n<li id=\"tab-especificaciones\" class=\"tab has-icon\" role=\"presentation\"><a href=\"#tab_especificaciones\" tabindex=\"-1\" role=\"tab\" aria-selected=\"false\" aria-controls=\"tab_especificaciones\"><span>ESPECIFICACIONES<\/span><\/a><\/li><\/ul><div class=\"tab-panels\"><div id=\"tab_informaci\u00d3n\" class=\"panel active entry-content\" role=\"tabpanel\" aria-labelledby=\"tab-informaci\u00d3n\">\n<div class=\"row\"  id=\"row-887602378\">\n\n\t<div id=\"col-1941997948\" class=\"col medium-6 small-12 large-6\"  >\n\t\t\t\t<div class=\"col-inner\"  >\n\t\t\t\n\t\t\t\n<p><strong>UN DISPOSITIVO LTE PORT\u00c1TIL Y RESISTENTE<\/strong><\/p>\n<p>Para aquellos que necesitan un dispositivo de datos de misi\u00f3n y negocio cr\u00edtico que sea realmente adaptable a sus necesidades de red actuales y futuras y que requieren una comunicaci\u00f3n instant\u00e1nea, rica y frecuente, el dispositivo de mano Evolve LTE combina las caracter\u00edsticas de un dispositivo Android con la robustez y fiabilidad de un dispositivo push-to-talk para hablar en 3G, 4G y Wi-Fi con capacidad dual SIM.<\/p>\n\t\t<\/div>\n\t\t\t\t\t<\/div>\n\n\t\n\n\t<div id=\"col-1810888676\" class=\"col medium-6 small-12 large-6\"  >\n\t\t\t\t<div class=\"col-inner text-left\"  >\n\t\t\t\n\t\t\t\n<p style=\"text-align: left;\"><strong>CARACTER\u00cdSTICAS<\/strong><\/p>\n<ul>\n<li style=\"text-align: left;\">Dispositivo robusto (IP68)<\/li>\n<li style=\"text-align: left;\">Botones PTT y de emergencia dedicados<\/li>\n<li style=\"text-align: left;\">Pantalla t\u00e1ctil de 5&#8243; resistente a l\u00edquidos y manejable con guantes<\/li>\n<li style=\"text-align: left;\">Bater\u00eda reemplazable y de larga duraci\u00f3n<\/li>\n<li style=\"text-align: left;\">Plataforma Android con ecosistema de aplicaciones abierto<\/li>\n<li style=\"text-align: left;\">Audio superior con 97 dB<\/li>\n<li style=\"text-align: left;\">Micr\u00f3fono con supresi\u00f3n de ruido y cancelaci\u00f3n de eco<\/li>\n<li style=\"text-align: left;\">Compa\u00f1ero ideal de WAVE PTX<\/li>\n<\/ul>\n\t\t<\/div>\n\t\t\t\t\t<\/div>\n\n\t\n<\/div>\n<\/div>\n<div id=\"tab_accesorios\" class=\"panel entry-content\" role=\"tabpanel\" aria-labelledby=\"tab-accesorios\">\n<div class=\"row align-middle\"  id=\"row-1160604250\">\n\n\t<div id=\"col-1399014834\" class=\"col medium-10 small-12 large-10\"  >\n\t\t\t\t<div class=\"col-inner\"  >\n\t\t\t\n\t\t\t\n\t\t<\/div>\n\t\t\t\t\t<\/div>\n\n\t\n\n\t<div id=\"col-16837690\" class=\"col medium-2 small-12 large-2\"  >\n\t\t\t\t<div class=\"col-inner\"  >\n\t\t\t\n\t\t\t\n\t\t<\/div>\n\t\t\t\t\t<\/div>\n\n\t\n<\/div>\n<\/div>\n<div id=\"tab_descargas\" class=\"panel entry-content\" role=\"tabpanel\" aria-labelledby=\"tab-descargas\">\n<div class=\"row\"  id=\"row-1316245575\">\n\n\t<div id=\"col-1938769234\" class=\"col medium-10 small-12 large-10\"  >\n\t\t\t\t<div class=\"col-inner\"  >\n\t\t\t\n\t\t\t\n<p><a href=\"https:\/\/abix.com.br\/wp-content\/uploads\/2023\/05\/DATASHEET-EVOLVE-LTE.pdf\">[DATASHEET EN]  EVOLVE LTE<\/a><\/p>\n<p><a href=\"https:\/\/abix.com.br\/wp-content\/uploads\/2023\/05\/DATASHEET-EVOLVE-LTE.pdf\">[FOLHETO EN]  EVOLVE LTE<\/a><\/p>\n\t\t<\/div>\n\t\t\t\t\t<\/div>\n\n\t\n<\/div>\n<\/div>\n<div id=\"tab_especificaciones\" class=\"panel entry-content\" role=\"tabpanel\" aria-labelledby=\"tab-especificaciones\">\n<div class=\"row\"  id=\"row-1747651048\">\n\n\t<div id=\"col-1052447272\" class=\"col medium-9 small-12 large-9\"  >\n\t\t\t\t<div class=\"col-inner\"  >\n\t\t\t\n\t\t\t\n<ul>\n<li><strong>Pantalla principal<\/strong><\/li>\n<\/ul>\n<p>Pantalla en color de 4&#8243;, 480 x 800 px<br \/>Pantalla t\u00e1ctil capacitiva con Gorilla Glass<br \/>Puede utilizarse con guantes de hasta 4 mm de grosor<br \/>Resistente al falso rendimiento del agua dulce o salada, la nieve, la suciedad o la grasa<\/p>\n<ul>\n<li><strong>Pantalla superior<\/strong><\/li>\n<\/ul>\n<p>LCD monocromo de 1,05&#8243;.<\/p>\n<ul>\n<li><strong>Memoria<\/strong><\/li>\n<\/ul>\n<p>4GH RAM<br \/>64 GB de almacenamiento interno<br \/>Almacenamiento ampliable con una tarjeta MicroSD externa de hasta 256 GB.<\/p>\n<ul>\n<li><strong>Ranura para tarjetas<\/strong><\/li>\n<\/ul>\n<p>eSIM<br \/>1x Nano SIM, 1x Micro SD<\/p>\n<ul>\n<li><strong>C\u00e1mara<\/strong><\/li>\n<\/ul>\n<p>13 MP trasero<br \/>Autoenfoque<br \/>Flash LED de alta potencia<br \/>Zoom digital 8x<\/p>\n<ul>\n<li><strong>Plataforma de sensores<\/strong><\/li>\n<\/ul>\n<p>Sensor de efecto Hall<br \/>Sensor de luz ambiental<br \/>Aceler\u00f3metro<br \/>Bar\u00f3metro<br \/>Giroscopio<br \/>E-Compass<\/p>\n<ul>\n<li><strong>Interfaz de usuario<\/strong><\/li>\n<\/ul>\n<p>Interfaz de usuario de alta velocidad: objetivos t\u00e1ctiles grandes, jerarqu\u00eda de men\u00fas poco profunda, informaci\u00f3n de la pantalla de inicio de un vistazo.<\/p>\n<ul>\n<li><strong>Botones f\u00edsicos<\/strong><\/li>\n<\/ul>\n<p>Bot\u00f3n PTT dedicado<br \/>Bot\u00f3n de emergencia espec\u00edfico<br \/>3 botones programables<br \/>Bot\u00f3n de encendido \/ volumen<br \/>Bot\u00f3n de encendido\/apagado de la pantalla<br \/>Bot\u00f3n selector de canal<\/p>\n<ul>\n<li>Longitud de la antena<\/li>\n<\/ul>\n<p>6 cm, 9 cm o 15 cm, seg\u00fan la frecuencia.<\/p>\n<ul>\n<li>Protecciones<\/li>\n<\/ul>\n<p>Cuando est\u00e1 correctamente equipado con la bater\u00eda aprobada por UL de Motorola, MOTOTRBO Ion est\u00e1 aprobado por UL seg\u00fan TIA-4950 para su uso en ubicaciones peligrosas, Divisi\u00f3n 1, Clase I, II, III, Grupos C, D, E, F, G; Divisi\u00f3n 2, Clase 1, Grupos A, B, C, D, T3C. Tamb = de -20 \u00b0C a +60 \u00b0C.<br \/>IP68 (2 metros, 2 horas)<\/p>\n\t\t<\/div>\n\t\t\t\t\t<\/div>\n\n\t\n<\/div>\n<\/div><\/div><\/div>\n\t\t<\/div>\n\t\t\t\t\t<\/div>\n\n\t\n<\/div>\n\t\t<\/div>\n\t\t\t\t\t<\/div>\n\n\t\n<\/div>\n\t\t<\/div>\n\n\t\t\n<style>\n#section_58117939 {\n  padding-top: 0px;\n  padding-bottom: 0px;\n}\n<\/style>\n\t<\/section>\n\t\n","protected":false},"excerpt":{"rendered":"<p><strong>Evolve LTE Port\u00e1til<\/strong><\/p>\n<p style=\"text-align: justify;\">Un dispositivo port\u00e1til LTE reforzado dise\u00f1ado para la seguridad corporativa y p\u00fablica<\/p>\n<p style=\"text-align: justify;\">El dispositivo LTE port\u00e1til Evolve combina una experiencia de usuario intuitiva y una arquitectura de plataforma abierta con la robustez y fiabilidad que se espera de un dispositivo de comunicaciones cr\u00edticas. Evolve permite unas comunicaciones perfectas en diferentes ubicaciones y redes.<\/p>\n","protected":false},"featured_media":14957,"comment_status":"closed","ping_status":"closed","template":"","meta":[],"product_brand":[],"product_cat":[155,159,157,161,160,156,158],"product_tag":[],"class_list":{"0":"post-19295","1":"product","2":"type-product","3":"status-publish","4":"has-post-thumbnail","6":"product_cat-linea-profesional","7":"product_cat-lte-es","8":"product_cat-motorola-es","9":"product_cat-mototrbo-es","10":"product_cat-ptt-por-celular","11":"product_cat-radios-digitales","12":"product_cat-radios-portatiles","14":"first","15":"instock","16":"shipping-taxable","17":"product-type-simple"},"yoast_head":"<!-- This site is optimized with the Yoast SEO plugin v27.4 - https:\/\/yoast.com\/product\/yoast-seo-wordpress\/ -->\n<title>RADIO PORT\u00c1TIL EVOLVE LTE - Abix<\/title>\n<meta name=\"description\" content=\"RADIO PORT\u00c1TIL EVOLVE LTE - Un dispositivo LTE port\u00e1til y resistente. (3G, 4G y Wifi, con capacidad para doble SIM\" \/>\n<meta name=\"robots\" content=\"index, follow, max-snippet:-1, max-image-preview:large, max-video-preview:-1\" \/>\n<link rel=\"canonical\" href=\"https:\/\/abix.com.br\/produto\/radio-portatil-evolve-lte\/\" \/>\n<meta property=\"og:locale\" content=\"es_ES\" \/>\n<meta property=\"og:type\" content=\"article\" \/>\n<meta property=\"og:title\" content=\"RADIO PORT\u00c1TIL EVOLVE LTE - Abix\" \/>\n<meta property=\"og:description\" content=\"RADIO PORT\u00c1TIL EVOLVE LTE - Un dispositivo LTE port\u00e1til y resistente. (3G, 4G y Wifi, con capacidad para doble SIM\" \/>\n<meta property=\"og:url\" content=\"https:\/\/abix.com.br\/produto\/radio-portatil-evolve-lte\/\" \/>\n<meta property=\"og:site_name\" content=\"Abix\" \/>\n<meta property=\"article:modified_time\" content=\"2023-10-19T17:52:55+00:00\" \/>\n<meta property=\"og:image\" content=\"https:\/\/abix.com.br\/wp-content\/uploads\/2023\/05\/evolve1.webp\" \/>\n\t<meta property=\"og:image:width\" content=\"1290\" \/>\n\t<meta property=\"og:image:height\" content=\"1290\" \/>\n\t<meta property=\"og:image:type\" content=\"image\/webp\" \/>\n<meta name=\"twitter:card\" content=\"summary_large_image\" \/>\n<meta name=\"twitter:label1\" content=\"Tiempo de lectura\" \/>\n\t<meta name=\"twitter:data1\" content=\"2 minutos\" \/>\n<script type=\"application\/ld+json\" class=\"yoast-schema-graph\">{\"@context\":\"https:\\\/\\\/schema.org\",\"@graph\":[{\"@type\":\"WebPage\",\"@id\":\"https:\\\/\\\/abix.com.br\\\/produto\\\/radio-portatil-evolve-lte\\\/\",\"url\":\"https:\\\/\\\/abix.com.br\\\/produto\\\/radio-portatil-evolve-lte\\\/\",\"name\":\"RADIO PORT\u00c1TIL EVOLVE LTE - Abix\",\"isPartOf\":{\"@id\":\"https:\\\/\\\/abix.com.br\\\/#website\"},\"primaryImageOfPage\":{\"@id\":\"https:\\\/\\\/abix.com.br\\\/produto\\\/radio-portatil-evolve-lte\\\/#primaryimage\"},\"image\":{\"@id\":\"https:\\\/\\\/abix.com.br\\\/produto\\\/radio-portatil-evolve-lte\\\/#primaryimage\"},\"thumbnailUrl\":\"https:\\\/\\\/abix.com.br\\\/wp-content\\\/uploads\\\/2023\\\/05\\\/evolve1.webp\",\"datePublished\":\"2023-05-04T20:06:47+00:00\",\"dateModified\":\"2023-10-19T17:52:55+00:00\",\"description\":\"RADIO PORT\u00c1TIL EVOLVE LTE - Un dispositivo LTE port\u00e1til y resistente. (3G, 4G y Wifi, con capacidad para doble SIM\",\"breadcrumb\":{\"@id\":\"https:\\\/\\\/abix.com.br\\\/produto\\\/radio-portatil-evolve-lte\\\/#breadcrumb\"},\"inLanguage\":\"es\",\"potentialAction\":[{\"@type\":\"ReadAction\",\"target\":[\"https:\\\/\\\/abix.com.br\\\/produto\\\/radio-portatil-evolve-lte\\\/\"]}]},{\"@type\":\"ImageObject\",\"inLanguage\":\"es\",\"@id\":\"https:\\\/\\\/abix.com.br\\\/produto\\\/radio-portatil-evolve-lte\\\/#primaryimage\",\"url\":\"https:\\\/\\\/abix.com.br\\\/wp-content\\\/uploads\\\/2023\\\/05\\\/evolve1.webp\",\"contentUrl\":\"https:\\\/\\\/abix.com.br\\\/wp-content\\\/uploads\\\/2023\\\/05\\\/evolve1.webp\",\"width\":1290,\"height\":1290},{\"@type\":\"BreadcrumbList\",\"@id\":\"https:\\\/\\\/abix.com.br\\\/produto\\\/radio-portatil-evolve-lte\\\/#breadcrumb\",\"itemListElement\":[{\"@type\":\"ListItem\",\"position\":1,\"name\":\"In\u00edcio\",\"item\":\"https:\\\/\\\/abix.com.br\\\/es\\\/\"},{\"@type\":\"ListItem\",\"position\":2,\"name\":\"Tienda\",\"item\":\"https:\\\/\\\/abix.com.br\\\/loja\\\/\"},{\"@type\":\"ListItem\",\"position\":3,\"name\":\"RADIO PORT\u00c1TIL EVOLVE LTE\"}]},{\"@type\":\"WebSite\",\"@id\":\"https:\\\/\\\/abix.com.br\\\/#website\",\"url\":\"https:\\\/\\\/abix.com.br\\\/\",\"name\":\"Abix\",\"description\":\"\",\"potentialAction\":[{\"@type\":\"SearchAction\",\"target\":{\"@type\":\"EntryPoint\",\"urlTemplate\":\"https:\\\/\\\/abix.com.br\\\/?s={search_term_string}\"},\"query-input\":{\"@type\":\"PropertyValueSpecification\",\"valueRequired\":true,\"valueName\":\"search_term_string\"}}],\"inLanguage\":\"es\"}]}<\/script>\n<!-- \/ Yoast SEO plugin. -->","yoast_head_json":{"title":"RADIO PORT\u00c1TIL EVOLVE LTE - Abix","description":"RADIO PORT\u00c1TIL EVOLVE LTE - Un dispositivo LTE port\u00e1til y resistente. (3G, 4G y Wifi, con capacidad para doble SIM","robots":{"index":"index","follow":"follow","max-snippet":"max-snippet:-1","max-image-preview":"max-image-preview:large","max-video-preview":"max-video-preview:-1"},"canonical":"https:\/\/abix.com.br\/produto\/radio-portatil-evolve-lte\/","og_locale":"es_ES","og_type":"article","og_title":"RADIO PORT\u00c1TIL EVOLVE LTE - Abix","og_description":"RADIO PORT\u00c1TIL EVOLVE LTE - Un dispositivo LTE port\u00e1til y resistente. (3G, 4G y Wifi, con capacidad para doble SIM","og_url":"https:\/\/abix.com.br\/produto\/radio-portatil-evolve-lte\/","og_site_name":"Abix","article_modified_time":"2023-10-19T17:52:55+00:00","og_image":[{"width":1290,"height":1290,"url":"https:\/\/abix.com.br\/wp-content\/uploads\/2023\/05\/evolve1.webp","type":"image\/webp"}],"twitter_card":"summary_large_image","twitter_misc":{"Tiempo de lectura":"2 minutos"},"schema":{"@context":"https:\/\/schema.org","@graph":[{"@type":"WebPage","@id":"https:\/\/abix.com.br\/produto\/radio-portatil-evolve-lte\/","url":"https:\/\/abix.com.br\/produto\/radio-portatil-evolve-lte\/","name":"RADIO PORT\u00c1TIL EVOLVE LTE - Abix","isPartOf":{"@id":"https:\/\/abix.com.br\/#website"},"primaryImageOfPage":{"@id":"https:\/\/abix.com.br\/produto\/radio-portatil-evolve-lte\/#primaryimage"},"image":{"@id":"https:\/\/abix.com.br\/produto\/radio-portatil-evolve-lte\/#primaryimage"},"thumbnailUrl":"https:\/\/abix.com.br\/wp-content\/uploads\/2023\/05\/evolve1.webp","datePublished":"2023-05-04T20:06:47+00:00","dateModified":"2023-10-19T17:52:55+00:00","description":"RADIO PORT\u00c1TIL EVOLVE LTE - Un dispositivo LTE port\u00e1til y resistente. (3G, 4G y Wifi, con capacidad para doble SIM","breadcrumb":{"@id":"https:\/\/abix.com.br\/produto\/radio-portatil-evolve-lte\/#breadcrumb"},"inLanguage":"es","potentialAction":[{"@type":"ReadAction","target":["https:\/\/abix.com.br\/produto\/radio-portatil-evolve-lte\/"]}]},{"@type":"ImageObject","inLanguage":"es","@id":"https:\/\/abix.com.br\/produto\/radio-portatil-evolve-lte\/#primaryimage","url":"https:\/\/abix.com.br\/wp-content\/uploads\/2023\/05\/evolve1.webp","contentUrl":"https:\/\/abix.com.br\/wp-content\/uploads\/2023\/05\/evolve1.webp","width":1290,"height":1290},{"@type":"BreadcrumbList","@id":"https:\/\/abix.com.br\/produto\/radio-portatil-evolve-lte\/#breadcrumb","itemListElement":[{"@type":"ListItem","position":1,"name":"In\u00edcio","item":"https:\/\/abix.com.br\/es\/"},{"@type":"ListItem","position":2,"name":"Tienda","item":"https:\/\/abix.com.br\/loja\/"},{"@type":"ListItem","position":3,"name":"RADIO PORT\u00c1TIL EVOLVE LTE"}]},{"@type":"WebSite","@id":"https:\/\/abix.com.br\/#website","url":"https:\/\/abix.com.br\/","name":"Abix","description":"","potentialAction":[{"@type":"SearchAction","target":{"@type":"EntryPoint","urlTemplate":"https:\/\/abix.com.br\/?s={search_term_string}"},"query-input":{"@type":"PropertyValueSpecification","valueRequired":true,"valueName":"search_term_string"}}],"inLanguage":"es"}]}},"_links":{"self":[{"href":"https:\/\/abix.com.br\/es\/wp-json\/wp\/v2\/product\/19295","targetHints":{"allow":["GET"]}}],"collection":[{"href":"https:\/\/abix.com.br\/es\/wp-json\/wp\/v2\/product"}],"about":[{"href":"https:\/\/abix.com.br\/es\/wp-json\/wp\/v2\/types\/product"}],"replies":[{"embeddable":true,"href":"https:\/\/abix.com.br\/es\/wp-json\/wp\/v2\/comments?post=19295"}],"wp:featuredmedia":[{"embeddable":true,"href":"https:\/\/abix.com.br\/es\/wp-json\/wp\/v2\/media\/14957"}],"wp:attachment":[{"href":"https:\/\/abix.com.br\/es\/wp-json\/wp\/v2\/media?parent=19295"}],"wp:term":[{"taxonomy":"product_brand","embeddable":true,"href":"https:\/\/abix.com.br\/es\/wp-json\/wp\/v2\/product_brand?post=19295"},{"taxonomy":"product_cat","embeddable":true,"href":"https:\/\/abix.com.br\/es\/wp-json\/wp\/v2\/product_cat?post=19295"},{"taxonomy":"product_tag","embeddable":true,"href":"https:\/\/abix.com.br\/es\/wp-json\/wp\/v2\/product_tag?post=19295"}],"curies":[{"name":"wp","href":"https:\/\/api.w.org\/{rel}","templated":true}]}}