{"id":19297,"date":"2023-02-07T09:02:24","date_gmt":"2023-02-07T12:02:24","guid":{"rendered":"https:\/\/abix.com.br\/produto\/radio-portatil-mototrbo-ion\/"},"modified":"2023-10-19T14:54:23","modified_gmt":"2023-10-19T17:54:23","slug":"radio-portatil-mototrbo-ion","status":"publish","type":"product","link":"https:\/\/abix.com.br\/es\/produto\/radio-portatil-mototrbo-ion\/","title":{"rendered":"RADIO PORT\u00c1TIL MOTOTRBO &#8211; ION"},"content":{"rendered":"\n\t<section class=\"section\" id=\"section_672915076\">\n\t\t<div class=\"section-bg fill\" >\n\t\t\t\t\t\t\t\t\t\n\t\t\t\n\n\t\t<\/div>\n\n\t\t\n\n\t\t<div class=\"section-content relative\">\n\t\t\t\n<div class=\"row\"  id=\"row-1964260110\">\n\n\t<div id=\"col-629400624\" class=\"col small-12 large-12\"  >\n\t\t\t\t<div class=\"col-inner\"  >\n\t\t\t\n\t\t\t\n<div class=\"row\"  id=\"row-1395243884\">\n\n\t<div id=\"col-933678202\" class=\"col small-12 large-12\"  >\n\t\t\t\t<div class=\"col-inner\"  >\n\t\t\t\n\t\t\t\n\n\t\t<div class=\"tabbed-content locacao-tabs\">\n\t\t\t\n\t\t\t<ul class=\"nav nav-tabs nav-normal nav-size-xlarge nav-left active-on-hover\" role=\"tablist\"><li id=\"tab-informaci\u00d3n\" class=\"tab active has-icon\" role=\"presentation\"><a href=\"#tab_informaci\u00d3n\" role=\"tab\" aria-selected=\"true\" aria-controls=\"tab_informaci\u00d3n\"><span>INFORMACI\u00d3N<\/span><\/a><\/li>\n<li id=\"tab-accesorios\" class=\"tab has-icon\" role=\"presentation\"><a href=\"#tab_accesorios\" tabindex=\"-1\" role=\"tab\" aria-selected=\"false\" aria-controls=\"tab_accesorios\"><span>ACCESORIOS<\/span><\/a><\/li>\n<li id=\"tab-descargas\" class=\"tab has-icon\" role=\"presentation\"><a href=\"#tab_descargas\" tabindex=\"-1\" role=\"tab\" aria-selected=\"false\" aria-controls=\"tab_descargas\"><span>DESCARGAS<\/span><\/a><\/li>\n<li id=\"tab-especificaciones\" class=\"tab has-icon\" role=\"presentation\"><a href=\"#tab_especificaciones\" tabindex=\"-1\" role=\"tab\" aria-selected=\"false\" aria-controls=\"tab_especificaciones\"><span>ESPECIFICACIONES<\/span><\/a><\/li><\/ul><div class=\"tab-panels\"><div id=\"tab_informaci\u00d3n\" class=\"panel active entry-content\" role=\"tabpanel\" aria-labelledby=\"tab-informaci\u00d3n\">\n<div class=\"row\"  id=\"row-423133594\">\n\n\t<div id=\"col-735954225\" class=\"col medium-6 small-12 large-6\"  >\n\t\t\t\t<div class=\"col-inner\"  >\n\t\t\t\n\t\t\t\n<p><strong>CON MOTOTRBO ION, TODO EST\u00c1 EN<\/strong><\/p>\n<p>La radio inteligente MOTOTRBO\u2122 Ion es el primer dispositivo de comunicaci\u00f3n preparado para empresas con funciones completas de voz y datos de banda ancha. Re\u00fane el reconocido rendimiento PTT, un ecosistema de aplicaciones abierto en la plataforma Android y acceso al ecosistema tecnol\u00f3gico unificado de Motorola Solutions: desde soluciones de seguridad y an\u00e1lisis de v\u00eddeo, la mejor seguridad de red de su clase y nuevos y potentes servicios de software y tecnolog\u00eda como los asistentes virtuales inteligentes.<\/p>\n<p>Con MOTOTRBO Ion, los equipos permanecen conectados a redes y dispositivos.<\/p>\n<p>Los datos y flujos de trabajo cr\u00edticos para la empresa se unifican y simplifican. Y los recursos que su plantilla necesita para rendir al m\u00e1ximo est\u00e1n siempre disponibles.<\/p>\n\t\t<\/div>\n\t\t\t\t\t<\/div>\n\n\t\n\n\t<div id=\"col-1507349507\" class=\"col medium-6 small-12 large-6\"  >\n\t\t\t\t<div class=\"col-inner text-left\"  >\n\t\t\t\n\t\t\t\n<p style=\"text-align: left;\"><strong>CARACTER\u00cdSTICAS PRINCIPALES<\/strong><\/p>\n<ul>\n<li>Plataforma Android<\/li>\n<li>Ecosistema de aplicaciones abiertas<\/li>\n<li>Ecosistema tecnol\u00f3gico unificado de Motorola Solutions<\/li>\n<li>Recursos multimedia completos<\/li>\n<li>Interfaz t\u00e1ctil intuitiva<\/li>\n<li>Configuraci\u00f3n y actualizaciones r\u00e1pidas<\/li>\n<li>Gesti\u00f3n continua de dispositivos<\/li>\n<li>Servicios gestionados y asistidos<\/li>\n<li>Seguridad de los dispositivos<\/li>\n<li>Seguridad de las aplicaciones<\/li>\n<li>Seguridad de los datos<\/li>\n<li>Dise\u00f1ado para cualquier entorno<\/li>\n<li>Audio l\u00edder del sector<\/li>\n<li>Pantalla t\u00e1ctil ultrarresistente<\/li>\n<li>Experiencia personalizable<\/li>\n<li>Bater\u00eda de larga duraci\u00f3n<\/li>\n<li>Antena redise\u00f1ada<\/li>\n<li>Seguridad intr\u00ednseca<\/li>\n<li>Dispositivo PTT dedicado<\/li>\n<li>Transferencia de voz perfecta<\/li>\n<li>Interoperabilidad total en red con WAVE PTX<\/li>\n<li>DMR (MOTOTRBO)<\/li>\n<li>Telefon\u00eda m\u00f3vil 3G y 4G, LTE<\/li>\n<li>Punto WiFi<\/li>\n<li>Punto caliente<\/li>\n<li>Bluetooth<\/li>\n<li>Voz HD<\/li>\n<li style=\"text-align: left;\"> <\/li>\n<\/ul>\n\t\t<\/div>\n\t\t\t\t\t<\/div>\n\n\t\n<\/div>\n<\/div>\n<div id=\"tab_accesorios\" class=\"panel entry-content\" role=\"tabpanel\" aria-labelledby=\"tab-accesorios\">\n<div class=\"row align-middle\"  id=\"row-776925339\">\n\n\t<div id=\"col-1854224019\" class=\"col medium-10 small-12 large-10\"  >\n\t\t\t\t<div class=\"col-inner\"  >\n\t\t\t\n\t\t\t\n\t\t<\/div>\n\t\t\t\t\t<\/div>\n\n\t\n\n\t<div id=\"col-2123309512\" class=\"col medium-2 small-12 large-2\"  >\n\t\t\t\t<div class=\"col-inner\"  >\n\t\t\t\n\t\t\t\n\t\t<\/div>\n\t\t\t\t\t<\/div>\n\n\t\n<\/div>\n<\/div>\n<div id=\"tab_descargas\" class=\"panel entry-content\" role=\"tabpanel\" aria-labelledby=\"tab-descargas\">\n<div class=\"row\"  id=\"row-1104906155\">\n\n\t<div id=\"col-393983986\" class=\"col medium-10 small-12 large-10\"  >\n\t\t\t\t<div class=\"col-inner\"  >\n\t\t\t\n\t\t\t\n<p><a href=\"https:\/\/abix.com.br\/wp-content\/uploads\/2023\/05\/FOLHETO-MOTOTRBO-ION.pdf\">[FOLHETO]  MOTOTRBO ION<\/a><\/p>\n<p><a href=\"https:\/\/abix.com.br\/wp-content\/uploads\/2023\/05\/DATASHEET-MOTOTRBO-ION.pdf\">[DATASHEET]  MOTOTRBO ION<\/a><\/p>\n\t\t<\/div>\n\t\t\t\t\t<\/div>\n\n\t\n<\/div>\n<\/div>\n<div id=\"tab_especificaciones\" class=\"panel entry-content\" role=\"tabpanel\" aria-labelledby=\"tab-especificaciones\">\n<div class=\"row\"  id=\"row-94754886\">\n\n\t<div id=\"col-1403842667\" class=\"col medium-9 small-12 large-9\"  >\n\t\t\t\t<div class=\"col-inner\"  >\n\t\t\t\n\t\t\t\n<ul>\n<li><strong>Pantalla principal<\/strong><\/li>\n<\/ul>\n<p>Pantalla en color de 4&#8243;, 480 x 800 px<br \/>Pantalla t\u00e1ctil capacitiva con Gorilla Glass<br \/>Puede utilizarse con guantes de hasta 4 mm de grosor<br \/>Resistente al falso rendimiento del agua dulce o salada, la nieve, la suciedad o la grasa<\/p>\n<ul>\n<li><strong>Pantalla superior<\/strong><\/li>\n<\/ul>\n<p>LCD monocromo de 1,05&#8243;.<\/p>\n<ul>\n<li><strong>Memoria<\/strong><\/li>\n<\/ul>\n<p>4GH RAM<br \/>64 GB de almacenamiento interno<br \/>Almacenamiento ampliable con una tarjeta MicroSD externa de hasta 256 GB.<\/p>\n<ul>\n<li><strong>Ranura para tarjetas<\/strong><\/li>\n<\/ul>\n<p>eSIM<br \/>1x Nano SIM, 1x Micro SD<\/p>\n<ul>\n<li><strong>C\u00e1mara<\/strong><\/li>\n<\/ul>\n<p>13 MP trasero<br \/>Autoenfoque<br \/>Flash LED de alta potencia<br \/>Zoom digital 8x<\/p>\n<ul>\n<li><strong>Plataforma de sensores<\/strong><\/li>\n<\/ul>\n<p>Sensor de efecto Hall<br \/>Sensor de luz ambiental<br \/>Aceler\u00f3metro<br \/>Bar\u00f3metro<br \/>Giroscopio<br \/>E-Compass<\/p>\n<ul>\n<li><strong>Interfaz de usuario<\/strong><\/li>\n<\/ul>\n<p>Interfaz de usuario de alta velocidad: objetivos t\u00e1ctiles grandes, jerarqu\u00eda de men\u00fas poco profunda, informaci\u00f3n de la pantalla de inicio de un vistazo.<\/p>\n<ul>\n<li><strong>Botones f\u00edsicos<\/strong><\/li>\n<\/ul>\n<p>Bot\u00f3n PTT dedicado<br \/>Bot\u00f3n de emergencia espec\u00edfico<br \/>3 botones programables<br \/>Bot\u00f3n de encendido \/ volumen<br \/>Bot\u00f3n de encendido\/apagado de la pantalla<br \/>Bot\u00f3n selector de canal<\/p>\n<ul>\n<li>Longitud de la antena<\/li>\n<\/ul>\n<p>6 cm, 9 cm o 15 cm, seg\u00fan la frecuencia.<\/p>\n<ul>\n<li>Protecciones<\/li>\n<\/ul>\n<p>Cuando est\u00e1 correctamente equipado con la bater\u00eda aprobada por UL de Motorola, MOTOTRBO Ion est\u00e1 aprobado por UL seg\u00fan TIA-4950 para su uso en ubicaciones peligrosas, Divisi\u00f3n 1, Clase I, II, III, Grupos C, D, E, F, G; Divisi\u00f3n 2, Clase 1, Grupos A, B, C, D, T3C. Tamb = de -20 \u00b0C a +60 \u00b0C.<br \/>IP68 (2 metros, 2 horas)<\/p>\n<p>Clasificaci\u00f3n: IP54 IEC60529<\/p>\n\t\t<\/div>\n\t\t\t\t\t<\/div>\n\n\t\n<\/div>\n<\/div><\/div><\/div>\n\t\t<\/div>\n\t\t\t\t\t<\/div>\n\n\t\n<\/div>\n\t\t<\/div>\n\t\t\t\t\t<\/div>\n\n\t\n<\/div>\n\t\t<\/div>\n\n\t\t\n<style>\n#section_672915076 {\n  padding-top: 0px;\n  padding-bottom: 0px;\n}\n<\/style>\n\t<\/section>\n\t\n","protected":false},"excerpt":{"rendered":"<p><strong>TODO EN MARCHA<\/strong><\/p>\n<p style=\"text-align: justify;\">Su empresa utiliza voz y datos, pero si sus dispositivos s\u00f3lo pueden acceder a uno de estos recursos, necesita lo mejor de ambos mundos. La MOTOTRBO\u2122 Ion Smart Radio es el primer dispositivo de comunicaciones adaptado para empresas que incluye capacidades de datos completas para voz y ancho de banda.<\/p>\n<p style=\"text-align: justify;\">MOTOTRBO Ion re\u00fane un rendimiento PTT de renombre, un ecosistema de aplicaciones abierto en la plataforma Android y acceso a la tecnolog\u00eda unificada de Motorola Solutions, que incluye an\u00e1lisis y seguridad de v\u00eddeo y la mejor seguridad de red de su clase. Con MOTOTRBO Ion, los equipos permanecen conectados a redes y dispositivos. Los flujos de trabajo y los datos de las empresas se unifican y simplifican. Y los recursos que su plantilla necesita para rendir al m\u00e1ximo est\u00e1n siempre disponibles. TODO EST\u00c1 ENCENDIDO.<\/p>\n","protected":false},"featured_media":14942,"comment_status":"closed","ping_status":"closed","template":"","meta":[],"product_brand":[],"product_cat":[155,159,157,161,160,162,163,156,158],"product_tag":[],"class_list":{"0":"post-19297","1":"product","2":"type-product","3":"status-publish","4":"has-post-thumbnail","6":"product_cat-linea-profesional","7":"product_cat-lte-es","8":"product_cat-motorola-es","9":"product_cat-mototrbo-es","10":"product_cat-ptt-por-celular","11":"product_cat-radio-dmr-es","12":"product_cat-radios-analogicas","13":"product_cat-radios-digitales","14":"product_cat-radios-portatiles","16":"first","17":"instock","18":"shipping-taxable","19":"product-type-simple"},"yoast_head":"<!-- This site is optimized with the Yoast SEO plugin v27.6 - https:\/\/yoast.com\/product\/yoast-seo-wordpress\/ -->\n<title>RADIO PORT\u00c1TIL MOTOTRBO - ION - Abix<\/title>\n<meta name=\"description\" content=\"RADIO PORT\u00c1TIL MOTOTRBO - Esta din\u00e1mica evoluci\u00f3n de las radios bidireccionales digitales MOTOTRBOTM le ayuda a mejorar su conectividad.\" \/>\n<meta name=\"robots\" content=\"index, follow, max-snippet:-1, max-image-preview:large, max-video-preview:-1\" \/>\n<link rel=\"canonical\" href=\"https:\/\/abix.com.br\/produto\/radio-portatil-mototrbo-ion\/\" \/>\n<meta property=\"og:locale\" content=\"es_ES\" \/>\n<meta property=\"og:type\" content=\"article\" \/>\n<meta property=\"og:title\" content=\"RADIO PORT\u00c1TIL MOTOTRBO - ION - Abix\" \/>\n<meta property=\"og:description\" content=\"RADIO PORT\u00c1TIL MOTOTRBO - Esta din\u00e1mica evoluci\u00f3n de las radios bidireccionales digitales MOTOTRBOTM le ayuda a mejorar su conectividad.\" \/>\n<meta property=\"og:url\" content=\"https:\/\/abix.com.br\/produto\/radio-portatil-mototrbo-ion\/\" \/>\n<meta property=\"og:site_name\" content=\"Abix\" \/>\n<meta property=\"article:modified_time\" content=\"2023-10-19T17:54:23+00:00\" \/>\n<meta property=\"og:image\" content=\"https:\/\/abix.com.br\/wp-content\/uploads\/2023\/05\/mttrbo-2.webp\" \/>\n\t<meta property=\"og:image:width\" content=\"540\" \/>\n\t<meta property=\"og:image:height\" content=\"540\" \/>\n\t<meta property=\"og:image:type\" content=\"image\/webp\" \/>\n<meta name=\"twitter:card\" content=\"summary_large_image\" \/>\n<meta name=\"twitter:label1\" content=\"Tiempo de lectura\" \/>\n\t<meta name=\"twitter:data1\" content=\"3 minutos\" \/>\n<script type=\"application\/ld+json\" class=\"yoast-schema-graph\">{\"@context\":\"https:\\\/\\\/schema.org\",\"@graph\":[{\"@type\":\"WebPage\",\"@id\":\"https:\\\/\\\/abix.com.br\\\/produto\\\/radio-portatil-mototrbo-ion\\\/\",\"url\":\"https:\\\/\\\/abix.com.br\\\/produto\\\/radio-portatil-mototrbo-ion\\\/\",\"name\":\"RADIO PORT\u00c1TIL MOTOTRBO - ION - Abix\",\"isPartOf\":{\"@id\":\"https:\\\/\\\/abix.com.br\\\/#website\"},\"primaryImageOfPage\":{\"@id\":\"https:\\\/\\\/abix.com.br\\\/produto\\\/radio-portatil-mototrbo-ion\\\/#primaryimage\"},\"image\":{\"@id\":\"https:\\\/\\\/abix.com.br\\\/produto\\\/radio-portatil-mototrbo-ion\\\/#primaryimage\"},\"thumbnailUrl\":\"https:\\\/\\\/abix.com.br\\\/wp-content\\\/uploads\\\/2023\\\/05\\\/mttrbo-2.webp\",\"datePublished\":\"2023-02-07T12:02:24+00:00\",\"dateModified\":\"2023-10-19T17:54:23+00:00\",\"description\":\"RADIO PORT\u00c1TIL MOTOTRBO - Esta din\u00e1mica evoluci\u00f3n de las radios bidireccionales digitales MOTOTRBOTM le ayuda a mejorar su conectividad.\",\"breadcrumb\":{\"@id\":\"https:\\\/\\\/abix.com.br\\\/produto\\\/radio-portatil-mototrbo-ion\\\/#breadcrumb\"},\"inLanguage\":\"es\",\"potentialAction\":[{\"@type\":\"ReadAction\",\"target\":[\"https:\\\/\\\/abix.com.br\\\/produto\\\/radio-portatil-mototrbo-ion\\\/\"]}]},{\"@type\":\"ImageObject\",\"inLanguage\":\"es\",\"@id\":\"https:\\\/\\\/abix.com.br\\\/produto\\\/radio-portatil-mototrbo-ion\\\/#primaryimage\",\"url\":\"https:\\\/\\\/abix.com.br\\\/wp-content\\\/uploads\\\/2023\\\/05\\\/mttrbo-2.webp\",\"contentUrl\":\"https:\\\/\\\/abix.com.br\\\/wp-content\\\/uploads\\\/2023\\\/05\\\/mttrbo-2.webp\",\"width\":540,\"height\":540},{\"@type\":\"BreadcrumbList\",\"@id\":\"https:\\\/\\\/abix.com.br\\\/produto\\\/radio-portatil-mototrbo-ion\\\/#breadcrumb\",\"itemListElement\":[{\"@type\":\"ListItem\",\"position\":1,\"name\":\"In\u00edcio\",\"item\":\"https:\\\/\\\/abix.com.br\\\/es\\\/\"},{\"@type\":\"ListItem\",\"position\":2,\"name\":\"Tienda\",\"item\":\"https:\\\/\\\/abix.com.br\\\/loja\\\/\"},{\"@type\":\"ListItem\",\"position\":3,\"name\":\"RADIO PORT\u00c1TIL MOTOTRBO &#8211; ION\"}]},{\"@type\":\"WebSite\",\"@id\":\"https:\\\/\\\/abix.com.br\\\/#website\",\"url\":\"https:\\\/\\\/abix.com.br\\\/\",\"name\":\"Abix\",\"description\":\"\",\"potentialAction\":[{\"@type\":\"SearchAction\",\"target\":{\"@type\":\"EntryPoint\",\"urlTemplate\":\"https:\\\/\\\/abix.com.br\\\/?s={search_term_string}\"},\"query-input\":{\"@type\":\"PropertyValueSpecification\",\"valueRequired\":true,\"valueName\":\"search_term_string\"}}],\"inLanguage\":\"es\"}]}<\/script>\n<!-- \/ Yoast SEO plugin. -->","yoast_head_json":{"title":"RADIO PORT\u00c1TIL MOTOTRBO - ION - Abix","description":"RADIO PORT\u00c1TIL MOTOTRBO - Esta din\u00e1mica evoluci\u00f3n de las radios bidireccionales digitales MOTOTRBOTM le ayuda a mejorar su conectividad.","robots":{"index":"index","follow":"follow","max-snippet":"max-snippet:-1","max-image-preview":"max-image-preview:large","max-video-preview":"max-video-preview:-1"},"canonical":"https:\/\/abix.com.br\/produto\/radio-portatil-mototrbo-ion\/","og_locale":"es_ES","og_type":"article","og_title":"RADIO PORT\u00c1TIL MOTOTRBO - ION - Abix","og_description":"RADIO PORT\u00c1TIL MOTOTRBO - Esta din\u00e1mica evoluci\u00f3n de las radios bidireccionales digitales MOTOTRBOTM le ayuda a mejorar su conectividad.","og_url":"https:\/\/abix.com.br\/produto\/radio-portatil-mototrbo-ion\/","og_site_name":"Abix","article_modified_time":"2023-10-19T17:54:23+00:00","og_image":[{"width":540,"height":540,"url":"https:\/\/abix.com.br\/wp-content\/uploads\/2023\/05\/mttrbo-2.webp","type":"image\/webp"}],"twitter_card":"summary_large_image","twitter_misc":{"Tiempo de lectura":"3 minutos"},"schema":{"@context":"https:\/\/schema.org","@graph":[{"@type":"WebPage","@id":"https:\/\/abix.com.br\/produto\/radio-portatil-mototrbo-ion\/","url":"https:\/\/abix.com.br\/produto\/radio-portatil-mototrbo-ion\/","name":"RADIO PORT\u00c1TIL MOTOTRBO - ION - Abix","isPartOf":{"@id":"https:\/\/abix.com.br\/#website"},"primaryImageOfPage":{"@id":"https:\/\/abix.com.br\/produto\/radio-portatil-mototrbo-ion\/#primaryimage"},"image":{"@id":"https:\/\/abix.com.br\/produto\/radio-portatil-mototrbo-ion\/#primaryimage"},"thumbnailUrl":"https:\/\/abix.com.br\/wp-content\/uploads\/2023\/05\/mttrbo-2.webp","datePublished":"2023-02-07T12:02:24+00:00","dateModified":"2023-10-19T17:54:23+00:00","description":"RADIO PORT\u00c1TIL MOTOTRBO - Esta din\u00e1mica evoluci\u00f3n de las radios bidireccionales digitales MOTOTRBOTM le ayuda a mejorar su conectividad.","breadcrumb":{"@id":"https:\/\/abix.com.br\/produto\/radio-portatil-mototrbo-ion\/#breadcrumb"},"inLanguage":"es","potentialAction":[{"@type":"ReadAction","target":["https:\/\/abix.com.br\/produto\/radio-portatil-mototrbo-ion\/"]}]},{"@type":"ImageObject","inLanguage":"es","@id":"https:\/\/abix.com.br\/produto\/radio-portatil-mototrbo-ion\/#primaryimage","url":"https:\/\/abix.com.br\/wp-content\/uploads\/2023\/05\/mttrbo-2.webp","contentUrl":"https:\/\/abix.com.br\/wp-content\/uploads\/2023\/05\/mttrbo-2.webp","width":540,"height":540},{"@type":"BreadcrumbList","@id":"https:\/\/abix.com.br\/produto\/radio-portatil-mototrbo-ion\/#breadcrumb","itemListElement":[{"@type":"ListItem","position":1,"name":"In\u00edcio","item":"https:\/\/abix.com.br\/es\/"},{"@type":"ListItem","position":2,"name":"Tienda","item":"https:\/\/abix.com.br\/loja\/"},{"@type":"ListItem","position":3,"name":"RADIO PORT\u00c1TIL MOTOTRBO &#8211; ION"}]},{"@type":"WebSite","@id":"https:\/\/abix.com.br\/#website","url":"https:\/\/abix.com.br\/","name":"Abix","description":"","potentialAction":[{"@type":"SearchAction","target":{"@type":"EntryPoint","urlTemplate":"https:\/\/abix.com.br\/?s={search_term_string}"},"query-input":{"@type":"PropertyValueSpecification","valueRequired":true,"valueName":"search_term_string"}}],"inLanguage":"es"}]}},"_links":{"self":[{"href":"https:\/\/abix.com.br\/es\/wp-json\/wp\/v2\/product\/19297","targetHints":{"allow":["GET"]}}],"collection":[{"href":"https:\/\/abix.com.br\/es\/wp-json\/wp\/v2\/product"}],"about":[{"href":"https:\/\/abix.com.br\/es\/wp-json\/wp\/v2\/types\/product"}],"replies":[{"embeddable":true,"href":"https:\/\/abix.com.br\/es\/wp-json\/wp\/v2\/comments?post=19297"}],"wp:featuredmedia":[{"embeddable":true,"href":"https:\/\/abix.com.br\/es\/wp-json\/wp\/v2\/media\/14942"}],"wp:attachment":[{"href":"https:\/\/abix.com.br\/es\/wp-json\/wp\/v2\/media?parent=19297"}],"wp:term":[{"taxonomy":"product_brand","embeddable":true,"href":"https:\/\/abix.com.br\/es\/wp-json\/wp\/v2\/product_brand?post=19297"},{"taxonomy":"product_cat","embeddable":true,"href":"https:\/\/abix.com.br\/es\/wp-json\/wp\/v2\/product_cat?post=19297"},{"taxonomy":"product_tag","embeddable":true,"href":"https:\/\/abix.com.br\/es\/wp-json\/wp\/v2\/product_tag?post=19297"}],"curies":[{"name":"wp","href":"https:\/\/api.w.org\/{rel}","templated":true}]}}