{"id":19298,"date":"2023-02-06T17:05:06","date_gmt":"2023-02-06T20:05:06","guid":{"rendered":"https:\/\/abix.com.br\/produto\/radio-portatil-tetra-mxp7000\/"},"modified":"2023-10-19T14:54:53","modified_gmt":"2023-10-19T17:54:53","slug":"radio-portatil-tetra-mxp7000","status":"publish","type":"product","link":"https:\/\/abix.com.br\/es\/produto\/radio-portatil-tetra-mxp7000\/","title":{"rendered":"RADIO PORT\u00c1TIL TETRA &#8211; MXP7000"},"content":{"rendered":"\n\t<section class=\"section\" id=\"section_465914496\">\n\t\t<div class=\"section-bg fill\" >\n\t\t\t\t\t\t\t\t\t\n\t\t\t\n\n\t\t<\/div>\n\n\t\t\n\n\t\t<div class=\"section-content relative\">\n\t\t\t\n<div class=\"row\"  id=\"row-130386610\">\n\n\t<div id=\"col-701379071\" class=\"col small-12 large-12\"  >\n\t\t\t\t<div class=\"col-inner\"  >\n\t\t\t\n\t\t\t\n<div class=\"row\"  id=\"row-557359865\">\n\n\t<div id=\"col-815205124\" class=\"col small-12 large-12\"  >\n\t\t\t\t<div class=\"col-inner\"  >\n\t\t\t\n\t\t\t\n\n\t\t<div class=\"tabbed-content locacao-tabs\">\n\t\t\t\n\t\t\t<ul class=\"nav nav-tabs nav-normal nav-size-xlarge nav-left active-on-hover\" role=\"tablist\"><li id=\"tab-informaci\u00d3n\" class=\"tab active has-icon\" role=\"presentation\"><a href=\"#tab_informaci\u00d3n\" role=\"tab\" aria-selected=\"true\" aria-controls=\"tab_informaci\u00d3n\"><span>INFORMACI\u00d3N<\/span><\/a><\/li>\n<li id=\"tab-accesorios\" class=\"tab has-icon\" role=\"presentation\"><a href=\"#tab_accesorios\" tabindex=\"-1\" role=\"tab\" aria-selected=\"false\" aria-controls=\"tab_accesorios\"><span>ACCESORIOS<\/span><\/a><\/li>\n<li id=\"tab-descargas\" class=\"tab has-icon\" role=\"presentation\"><a href=\"#tab_descargas\" tabindex=\"-1\" role=\"tab\" aria-selected=\"false\" aria-controls=\"tab_descargas\"><span>DESCARGAS<\/span><\/a><\/li>\n<li id=\"tab-especificaciones\" class=\"tab has-icon\" role=\"presentation\"><a href=\"#tab_especificaciones\" tabindex=\"-1\" role=\"tab\" aria-selected=\"false\" aria-controls=\"tab_especificaciones\"><span>ESPECIFICACIONES<\/span><\/a><\/li><\/ul><div class=\"tab-panels\"><div id=\"tab_informaci\u00d3n\" class=\"panel active entry-content\" role=\"tabpanel\" aria-labelledby=\"tab-informaci\u00d3n\">\n<div class=\"row\"  id=\"row-1949398709\">\n\n\t<div id=\"col-190309681\" class=\"col medium-6 small-12 large-6\"  >\n\t\t\t\t<div class=\"col-inner\"  >\n\t\t\t\n\t\t\t\n<p><strong>Misi\u00f3n cr\u00edtica<\/strong><br \/>\nCon su dise\u00f1o robusto y su pantalla Gorilla Glass, la MXP7000 cumple la norma MIL-STD H y es resistente al polvo y al agua seg\u00fan la norma IP68, con bater\u00eda intercambiable. La radio tambi\u00e9n est\u00e1 equipada con un procesamiento de audio inteligente y adaptable que ofrece un rendimiento de audio \u00f3ptimo en la mayor\u00eda de las situaciones.<br \/>\nEl dispositivo comparte el conector de accesorios con el terminal MXP600 m\u00e1s convencional, lo que garantiza una amplia gama de accesorios. Si prefiere la tecnolog\u00eda inal\u00e1mbrica, dispone de Bluetooth 5.1 para audio y datos.<\/p>\n<p><strong>Preparado para el futuro<\/strong><br \/>\nAndroid no es lo \u00fanico que lleva al MXP7000 al futuro. 4G LTE integrado, Wi-Fi multibanda, c\u00e1maras duales, multi-GNSS, aceler\u00f3metro y mucho m\u00e1s soportan aplicaciones, soluciones y sistemas actuales y futuros &#8211; por ejemplo, soluciones MCPTT como Motorola WAVE PTX.<\/p>\n\t\t<\/div>\n\t\t\t\t\t<\/div>\n\n\t\n\n\t<div id=\"col-817865645\" class=\"col medium-6 small-12 large-6\"  >\n\t\t\t\t<div class=\"col-inner text-left\"  >\n\t\t\t\n\t\t\t\n<p><strong>Comunicaciones TETRA de misi\u00f3n cr\u00edtica<\/strong><br \/>\nEl MXP7000 proporciona a los usuarios una cobertura TETRA fiable para voz y datos. Cuenta con supresi\u00f3n de ruido adaptativa multimicr\u00f3fono beamforming y mitigaci\u00f3n adaptativa del ruido del viento para ayudar a los usuarios a o\u00edr y ser o\u00eddos en las condiciones m\u00e1s ruidosas.<\/p>\n<p><strong>Capacidades de voz y datos LTE<\/strong><br \/>\nLos usuarios pueden crear una burbuja Wi-Fi local con el MXP7000 para dispositivos con Wi-Fi, como una tableta. Esto permite a los dispositivos conectados al punto de acceso Wi-Fi MXP7000 enviar y recibir informaci\u00f3n a trav\u00e9s de LTE.<\/p>\n<p>El MXP7000 tambi\u00e9n puede proporcionar PTT de banda ancha sobre LTE a trav\u00e9s de WAVE PTX\u2122 utilizando el mismo bot\u00f3n PTT que cuando se est\u00e1 en una red TETRA.<\/p>\n<p><strong>Dispositivo convergente robusto<\/strong><br \/>\nLa robusta MXP7000 est\u00e1 preparada para soportar condiciones dif\u00edciles. La pantalla es de cristal resistente Corning\u00ae Gorilla\u00ae Glass. La MXP7000 ha sido probada conforme a la norma militar MIL-STD-810H y puede soportar el polvo, la suciedad y la inmersi\u00f3n en agua.<\/p>\n<p><strong>F\u00e1cil de usar<\/strong><br \/>\nEl MXP7000 cuenta con controles f\u00e1ciles de usar, incluido un gran mando giratorio de doble funci\u00f3n para seleccionar el volumen y el grupo de conversaci\u00f3n, dos botones programables para las funciones de uso m\u00e1s frecuente y un gran bot\u00f3n dedicado para pulsar para hablar (PTT). La robusta pantalla t\u00e1ctil de 5\u2033 est\u00e1 optimizada para resistir el uso con guantes.<\/p>\n<p><strong>F\u00e1cil de implantar y gestionar<\/strong><br \/>\nEl MXP7000 utiliza la misma herramienta de gesti\u00f3n integrada de terminales (iTM) que otras radios TETRA de Motorola Solutions para una programaci\u00f3n r\u00e1pida y sencilla.<\/p>\n<p>El MXP7000 es compatible con las bandas Wi-Fi de 2,4 GHz y 5 GHz. Los gestores de radio pueden aprovechar las opciones de conectividad Wi-Fi para programar y actualizar los dispositivos. En lugar de tener que actualizar f\u00edsicamente cada dispositivo port\u00e1til, el dispositivo puede actualizarse de forma segura en cuanto se encuentre dentro del alcance de la Wi-Fi asignada.<\/p>\n\t\t<\/div>\n\t\t\t\t\t<\/div>\n\n\t\n<\/div>\n<\/div>\n<div id=\"tab_accesorios\" class=\"panel entry-content\" role=\"tabpanel\" aria-labelledby=\"tab-accesorios\">\n<div class=\"row align-middle\"  id=\"row-1389465537\">\n\n\t<div id=\"col-1840573242\" class=\"col medium-10 small-12 large-10\"  >\n\t\t\t\t<div class=\"col-inner\"  >\n\t\t\t\n\t\t\t\n\t\t<\/div>\n\t\t\t\t\t<\/div>\n\n\t\n\n\t<div id=\"col-556876266\" class=\"col medium-2 small-12 large-2\"  >\n\t\t\t\t<div class=\"col-inner\"  >\n\t\t\t\n\t\t\t\n\t\t<\/div>\n\t\t\t\t\t<\/div>\n\n\t\n<\/div>\n<\/div>\n<div id=\"tab_descargas\" class=\"panel entry-content\" role=\"tabpanel\" aria-labelledby=\"tab-descargas\">\n<div class=\"row\"  id=\"row-1433344114\">\n\n\t<div id=\"col-763348615\" class=\"col medium-10 small-12 large-10\"  >\n\t\t\t\t<div class=\"col-inner\"  >\n\t\t\t\n\t\t\t\n<p><a href=\"https:\/\/abix.com.br\/wp-content\/uploads\/2023\/02\/mxp7000_brochure_eng.pdf\">[APRESENTA\u00c7\u00c3O]  MXP7000<\/a><\/p>\n\t\t<\/div>\n\t\t\t\t\t<\/div>\n\n\t\n<\/div>\n<\/div>\n<div id=\"tab_especificaciones\" class=\"panel entry-content\" role=\"tabpanel\" aria-labelledby=\"tab-especificaciones\">\n<div class=\"row\"  id=\"row-962667155\">\n\n\t<div id=\"col-1875691469\" class=\"col medium-9 small-12 large-9\"  >\n\t\t\t\t<div class=\"col-inner\"  >\n\t\t\t\n\t\t\t\n<p><strong>Caracter\u00edsticas<\/strong><\/p>\n<p>TETRA para misiones cr\u00edticas<br \/>\nVoz y datos de banda ancha LTE<br \/>\nAudio TETRA inteligente<br \/>\nRobusto y seguro<br \/>\nCapacidad de punto de acceso Wi-Fi<br \/>\nBluetooth 5.1<br \/>\nEjecuta aplicaciones Android<br \/>\nActualizaciones Wi-Fi en el aire<\/p>\n\t\t<\/div>\n\t\t\t\t\t<\/div>\n\n\t\n<\/div>\n<\/div><\/div><\/div>\n\t\t<\/div>\n\t\t\t\t\t<\/div>\n\n\t\n<\/div>\n\t\t<\/div>\n\t\t\t\t\t<\/div>\n\n\t\n<\/div>\n\t\t<\/div>\n\n\t\t\n<style>\n#section_465914496 {\n  padding-top: 0px;\n  padding-bottom: 0px;\n}\n<\/style>\n\t<\/section>\n\t\n","protected":false},"excerpt":{"rendered":"<p style=\"text-align: justify;\">El Motorola MXP7000 es un dispositivo de comunicaci\u00f3n flexible que permite TETRA y 4G LTE en un dispositivo Android seguro y robusto. Con controles de radio bidireccionales convencionales combinados con una pantalla t\u00e1ctil de 5&#8243;, el usuario puede aprovechar nuevas y viejas posibilidades.<\/p>\n<div id=\"acfifjfajpekbmhmjppnmmjgmhjkildl\" class=\"acfifjfajpekbmhmjppnmmjgmhjkildl\"><\/div>\n<div id=\"acfifjfajpekbmhmjppnmmjgmhjkildl\" class=\"acfifjfajpekbmhmjppnmmjgmhjkildl\"><\/div>\n<div id=\"acfifjfajpekbmhmjppnmmjgmhjkildl\" class=\"acfifjfajpekbmhmjppnmmjgmhjkildl\"><\/div>\n<div id=\"acfifjfajpekbmhmjppnmmjgmhjkildl\" class=\"acfifjfajpekbmhmjppnmmjgmhjkildl\"><\/div>\n<div id=\"acfifjfajpekbmhmjppnmmjgmhjkildl\" class=\"acfifjfajpekbmhmjppnmmjgmhjkildl\"><\/div>\n<div id=\"acfifjfajpekbmhmjppnmmjgmhjkildl\" class=\"acfifjfajpekbmhmjppnmmjgmhjkildl\"><\/div>\n<div id=\"acfifjfajpekbmhmjppnmmjgmhjkildl\" class=\"acfifjfajpekbmhmjppnmmjgmhjkildl\"><\/div>\n<div id=\"acfifjfajpekbmhmjppnmmjgmhjkildl\" class=\"acfifjfajpekbmhmjppnmmjgmhjkildl\"><\/div>\n","protected":false},"featured_media":14868,"comment_status":"closed","ping_status":"closed","template":"","meta":[],"product_brand":[],"product_cat":[155,159,157,160,164,156,158],"product_tag":[],"class_list":{"0":"post-19298","1":"product","2":"type-product","3":"status-publish","4":"has-post-thumbnail","6":"product_cat-linea-profesional","7":"product_cat-lte-es","8":"product_cat-motorola-es","9":"product_cat-ptt-por-celular","10":"product_cat-radio-tetra-es","11":"product_cat-radios-digitales","12":"product_cat-radios-portatiles","14":"first","15":"instock","16":"shipping-taxable","17":"product-type-simple"},"yoast_head":"<!-- This site is optimized with the Yoast SEO plugin v27.4 - https:\/\/yoast.com\/product\/yoast-seo-wordpress\/ -->\n<title>RADIO PORT\u00c1TIL TETRA - MXP7000 - Abix Tecnolog\u00eda<\/title>\n<meta name=\"description\" content=\"El Motorola MXP7000 es un dispositivo de comunicaci\u00f3n flexible que permite TETRA y 4G LTE en un dispositivo Android seguro y robusto.\" \/>\n<meta name=\"robots\" content=\"index, follow, max-snippet:-1, max-image-preview:large, max-video-preview:-1\" \/>\n<link rel=\"canonical\" href=\"https:\/\/abix.com.br\/produto\/radio-portatil-tetra-mxp7000\/\" \/>\n<meta property=\"og:locale\" content=\"es_ES\" \/>\n<meta property=\"og:type\" content=\"article\" \/>\n<meta property=\"og:title\" content=\"RADIO PORT\u00c1TIL TETRA - MXP7000 - Abix Tecnolog\u00eda\" \/>\n<meta property=\"og:description\" content=\"El Motorola MXP7000 es un dispositivo de comunicaci\u00f3n flexible que permite TETRA y 4G LTE en un dispositivo Android seguro y robusto.\" \/>\n<meta property=\"og:url\" content=\"https:\/\/abix.com.br\/produto\/radio-portatil-tetra-mxp7000\/\" \/>\n<meta property=\"og:site_name\" content=\"Abix\" \/>\n<meta property=\"article:modified_time\" content=\"2023-10-19T17:54:53+00:00\" \/>\n<meta property=\"og:image\" content=\"https:\/\/abix.com.br\/wp-content\/uploads\/2023\/02\/mxp7000_front_angle.png\" \/>\n\t<meta property=\"og:image:width\" content=\"540\" \/>\n\t<meta property=\"og:image:height\" content=\"540\" \/>\n\t<meta property=\"og:image:type\" content=\"image\/png\" \/>\n<meta name=\"twitter:card\" content=\"summary_large_image\" \/>\n<meta name=\"twitter:label1\" content=\"Tiempo de lectura\" \/>\n\t<meta name=\"twitter:data1\" content=\"3 minutos\" \/>\n<script type=\"application\/ld+json\" class=\"yoast-schema-graph\">{\"@context\":\"https:\\\/\\\/schema.org\",\"@graph\":[{\"@type\":\"WebPage\",\"@id\":\"https:\\\/\\\/abix.com.br\\\/produto\\\/radio-portatil-tetra-mxp7000\\\/\",\"url\":\"https:\\\/\\\/abix.com.br\\\/produto\\\/radio-portatil-tetra-mxp7000\\\/\",\"name\":\"RADIO PORT\u00c1TIL TETRA - MXP7000 - Abix Tecnolog\u00eda\",\"isPartOf\":{\"@id\":\"https:\\\/\\\/abix.com.br\\\/#website\"},\"primaryImageOfPage\":{\"@id\":\"https:\\\/\\\/abix.com.br\\\/produto\\\/radio-portatil-tetra-mxp7000\\\/#primaryimage\"},\"image\":{\"@id\":\"https:\\\/\\\/abix.com.br\\\/produto\\\/radio-portatil-tetra-mxp7000\\\/#primaryimage\"},\"thumbnailUrl\":\"https:\\\/\\\/abix.com.br\\\/wp-content\\\/uploads\\\/2023\\\/02\\\/mxp7000_front_angle.png\",\"datePublished\":\"2023-02-06T20:05:06+00:00\",\"dateModified\":\"2023-10-19T17:54:53+00:00\",\"description\":\"El Motorola MXP7000 es un dispositivo de comunicaci\u00f3n flexible que permite TETRA y 4G LTE en un dispositivo Android seguro y robusto.\",\"breadcrumb\":{\"@id\":\"https:\\\/\\\/abix.com.br\\\/produto\\\/radio-portatil-tetra-mxp7000\\\/#breadcrumb\"},\"inLanguage\":\"es\",\"potentialAction\":[{\"@type\":\"ReadAction\",\"target\":[\"https:\\\/\\\/abix.com.br\\\/produto\\\/radio-portatil-tetra-mxp7000\\\/\"]}]},{\"@type\":\"ImageObject\",\"inLanguage\":\"es\",\"@id\":\"https:\\\/\\\/abix.com.br\\\/produto\\\/radio-portatil-tetra-mxp7000\\\/#primaryimage\",\"url\":\"https:\\\/\\\/abix.com.br\\\/wp-content\\\/uploads\\\/2023\\\/02\\\/mxp7000_front_angle.png\",\"contentUrl\":\"https:\\\/\\\/abix.com.br\\\/wp-content\\\/uploads\\\/2023\\\/02\\\/mxp7000_front_angle.png\",\"width\":540,\"height\":540},{\"@type\":\"BreadcrumbList\",\"@id\":\"https:\\\/\\\/abix.com.br\\\/produto\\\/radio-portatil-tetra-mxp7000\\\/#breadcrumb\",\"itemListElement\":[{\"@type\":\"ListItem\",\"position\":1,\"name\":\"In\u00edcio\",\"item\":\"https:\\\/\\\/abix.com.br\\\/es\\\/\"},{\"@type\":\"ListItem\",\"position\":2,\"name\":\"Tienda\",\"item\":\"https:\\\/\\\/abix.com.br\\\/loja\\\/\"},{\"@type\":\"ListItem\",\"position\":3,\"name\":\"RADIO PORT\u00c1TIL TETRA &#8211; MXP7000\"}]},{\"@type\":\"WebSite\",\"@id\":\"https:\\\/\\\/abix.com.br\\\/#website\",\"url\":\"https:\\\/\\\/abix.com.br\\\/\",\"name\":\"Abix\",\"description\":\"\",\"potentialAction\":[{\"@type\":\"SearchAction\",\"target\":{\"@type\":\"EntryPoint\",\"urlTemplate\":\"https:\\\/\\\/abix.com.br\\\/?s={search_term_string}\"},\"query-input\":{\"@type\":\"PropertyValueSpecification\",\"valueRequired\":true,\"valueName\":\"search_term_string\"}}],\"inLanguage\":\"es\"}]}<\/script>\n<!-- \/ Yoast SEO plugin. -->","yoast_head_json":{"title":"RADIO PORT\u00c1TIL TETRA - MXP7000 - Abix Tecnolog\u00eda","description":"El Motorola MXP7000 es un dispositivo de comunicaci\u00f3n flexible que permite TETRA y 4G LTE en un dispositivo Android seguro y robusto.","robots":{"index":"index","follow":"follow","max-snippet":"max-snippet:-1","max-image-preview":"max-image-preview:large","max-video-preview":"max-video-preview:-1"},"canonical":"https:\/\/abix.com.br\/produto\/radio-portatil-tetra-mxp7000\/","og_locale":"es_ES","og_type":"article","og_title":"RADIO PORT\u00c1TIL TETRA - MXP7000 - Abix Tecnolog\u00eda","og_description":"El Motorola MXP7000 es un dispositivo de comunicaci\u00f3n flexible que permite TETRA y 4G LTE en un dispositivo Android seguro y robusto.","og_url":"https:\/\/abix.com.br\/produto\/radio-portatil-tetra-mxp7000\/","og_site_name":"Abix","article_modified_time":"2023-10-19T17:54:53+00:00","og_image":[{"width":540,"height":540,"url":"https:\/\/abix.com.br\/wp-content\/uploads\/2023\/02\/mxp7000_front_angle.png","type":"image\/png"}],"twitter_card":"summary_large_image","twitter_misc":{"Tiempo de lectura":"3 minutos"},"schema":{"@context":"https:\/\/schema.org","@graph":[{"@type":"WebPage","@id":"https:\/\/abix.com.br\/produto\/radio-portatil-tetra-mxp7000\/","url":"https:\/\/abix.com.br\/produto\/radio-portatil-tetra-mxp7000\/","name":"RADIO PORT\u00c1TIL TETRA - MXP7000 - Abix Tecnolog\u00eda","isPartOf":{"@id":"https:\/\/abix.com.br\/#website"},"primaryImageOfPage":{"@id":"https:\/\/abix.com.br\/produto\/radio-portatil-tetra-mxp7000\/#primaryimage"},"image":{"@id":"https:\/\/abix.com.br\/produto\/radio-portatil-tetra-mxp7000\/#primaryimage"},"thumbnailUrl":"https:\/\/abix.com.br\/wp-content\/uploads\/2023\/02\/mxp7000_front_angle.png","datePublished":"2023-02-06T20:05:06+00:00","dateModified":"2023-10-19T17:54:53+00:00","description":"El Motorola MXP7000 es un dispositivo de comunicaci\u00f3n flexible que permite TETRA y 4G LTE en un dispositivo Android seguro y robusto.","breadcrumb":{"@id":"https:\/\/abix.com.br\/produto\/radio-portatil-tetra-mxp7000\/#breadcrumb"},"inLanguage":"es","potentialAction":[{"@type":"ReadAction","target":["https:\/\/abix.com.br\/produto\/radio-portatil-tetra-mxp7000\/"]}]},{"@type":"ImageObject","inLanguage":"es","@id":"https:\/\/abix.com.br\/produto\/radio-portatil-tetra-mxp7000\/#primaryimage","url":"https:\/\/abix.com.br\/wp-content\/uploads\/2023\/02\/mxp7000_front_angle.png","contentUrl":"https:\/\/abix.com.br\/wp-content\/uploads\/2023\/02\/mxp7000_front_angle.png","width":540,"height":540},{"@type":"BreadcrumbList","@id":"https:\/\/abix.com.br\/produto\/radio-portatil-tetra-mxp7000\/#breadcrumb","itemListElement":[{"@type":"ListItem","position":1,"name":"In\u00edcio","item":"https:\/\/abix.com.br\/es\/"},{"@type":"ListItem","position":2,"name":"Tienda","item":"https:\/\/abix.com.br\/loja\/"},{"@type":"ListItem","position":3,"name":"RADIO PORT\u00c1TIL TETRA &#8211; MXP7000"}]},{"@type":"WebSite","@id":"https:\/\/abix.com.br\/#website","url":"https:\/\/abix.com.br\/","name":"Abix","description":"","potentialAction":[{"@type":"SearchAction","target":{"@type":"EntryPoint","urlTemplate":"https:\/\/abix.com.br\/?s={search_term_string}"},"query-input":{"@type":"PropertyValueSpecification","valueRequired":true,"valueName":"search_term_string"}}],"inLanguage":"es"}]}},"_links":{"self":[{"href":"https:\/\/abix.com.br\/es\/wp-json\/wp\/v2\/product\/19298","targetHints":{"allow":["GET"]}}],"collection":[{"href":"https:\/\/abix.com.br\/es\/wp-json\/wp\/v2\/product"}],"about":[{"href":"https:\/\/abix.com.br\/es\/wp-json\/wp\/v2\/types\/product"}],"replies":[{"embeddable":true,"href":"https:\/\/abix.com.br\/es\/wp-json\/wp\/v2\/comments?post=19298"}],"wp:featuredmedia":[{"embeddable":true,"href":"https:\/\/abix.com.br\/es\/wp-json\/wp\/v2\/media\/14868"}],"wp:attachment":[{"href":"https:\/\/abix.com.br\/es\/wp-json\/wp\/v2\/media?parent=19298"}],"wp:term":[{"taxonomy":"product_brand","embeddable":true,"href":"https:\/\/abix.com.br\/es\/wp-json\/wp\/v2\/product_brand?post=19298"},{"taxonomy":"product_cat","embeddable":true,"href":"https:\/\/abix.com.br\/es\/wp-json\/wp\/v2\/product_cat?post=19298"},{"taxonomy":"product_tag","embeddable":true,"href":"https:\/\/abix.com.br\/es\/wp-json\/wp\/v2\/product_tag?post=19298"}],"curies":[{"name":"wp","href":"https:\/\/api.w.org\/{rel}","templated":true}]}}