{"id":19299,"date":"2023-02-06T15:41:20","date_gmt":"2023-02-06T18:41:20","guid":{"rendered":"https:\/\/abix.com.br\/produto\/radio-portatil-tetra-st7000\/"},"modified":"2023-10-19T14:55:35","modified_gmt":"2023-10-19T17:55:35","slug":"radio-portatil-tetra-st7000","status":"publish","type":"product","link":"https:\/\/abix.com.br\/es\/produto\/radio-portatil-tetra-st7000\/","title":{"rendered":"RADIO PORT\u00c1TIL TETRA &#8211; ST7000"},"content":{"rendered":"\n\t<section class=\"section\" id=\"section_1886039708\">\n\t\t<div class=\"section-bg fill\" >\n\t\t\t\t\t\t\t\t\t\n\t\t\t\n\n\t\t<\/div>\n\n\t\t\n\n\t\t<div class=\"section-content relative\">\n\t\t\t\n<div class=\"row\"  id=\"row-2048806113\">\n\n\t<div id=\"col-1256131495\" class=\"col small-12 large-12\"  >\n\t\t\t\t<div class=\"col-inner\"  >\n\t\t\t\n\t\t\t\n<div class=\"row\"  id=\"row-1437617599\">\n\n\t<div id=\"col-465933155\" class=\"col small-12 large-12\"  >\n\t\t\t\t<div class=\"col-inner\"  >\n\t\t\t\n\t\t\t\n\n\t\t<div class=\"tabbed-content locacao-tabs\">\n\t\t\t\n\t\t\t<ul class=\"nav nav-tabs nav-normal nav-size-xlarge nav-left active-on-hover\" role=\"tablist\"><li id=\"tab-informaci\u00d3n\" class=\"tab active has-icon\" role=\"presentation\"><a href=\"#tab_informaci\u00d3n\" role=\"tab\" aria-selected=\"true\" aria-controls=\"tab_informaci\u00d3n\"><span>INFORMACI\u00d3N<\/span><\/a><\/li>\n<li id=\"tab-accesorios\" class=\"tab has-icon\" role=\"presentation\"><a href=\"#tab_accesorios\" tabindex=\"-1\" role=\"tab\" aria-selected=\"false\" aria-controls=\"tab_accesorios\"><span>ACCESORIOS<\/span><\/a><\/li>\n<li id=\"tab-descargas\" class=\"tab has-icon\" role=\"presentation\"><a href=\"#tab_descargas\" tabindex=\"-1\" role=\"tab\" aria-selected=\"false\" aria-controls=\"tab_descargas\"><span>DESCARGAS<\/span><\/a><\/li>\n<li id=\"tab-especificaciones\" class=\"tab has-icon\" role=\"presentation\"><a href=\"#tab_especificaciones\" tabindex=\"-1\" role=\"tab\" aria-selected=\"false\" aria-controls=\"tab_especificaciones\"><span>ESPECIFICACIONES<\/span><\/a><\/li><\/ul><div class=\"tab-panels\"><div id=\"tab_informaci\u00d3n\" class=\"panel active entry-content\" role=\"tabpanel\" aria-labelledby=\"tab-informaci\u00d3n\">\n<div class=\"row\"  id=\"row-1654372695\">\n\n\t<div id=\"col-1164569344\" class=\"col medium-6 small-12 large-6\"  >\n\t\t\t\t<div class=\"col-inner\"  >\n\t\t\t\n\t\t\t\n<p><strong>Estilo discreto<\/strong><br \/>El personal de cara al cliente puede ahora beneficiarse de comunicaciones de voz cristalinas y eficientes en un formato tan sofisticado como la ropa profesional que llevan. La peque\u00f1a radio TETRA ST7000 ofrece una cobertura perfecta con un sistema h\u00edbrido de antena interna y externa en un dise\u00f1o compacto, elegante y discreto. Tan peque\u00f1o que cabe en el bolsillo, el ST7000 es pr\u00e1cticamente invisible cuando se lleva puesto.<\/p>\n<p><strong>Calidad de audio insuperable<\/strong><br \/>Aunque tiene un formato peque\u00f1o y elegante, el dispositivo ST7000 ofrece una calidad de audio y una cobertura insuperables con baja distorsi\u00f3n, alto volumen de audio y una potencia de transmisi\u00f3n de 1,8 W. Un puerto de altavoz abierto y el control autom\u00e1tico de ganancia proporcionan un audio cristalino incluso cuando el ruido de fondo es muy intenso.<\/p>\n<p><strong>M\u00e1xima compatibilidad con los accesorios<\/strong><br \/>Un conector de audio de 3,5 mm y un conector USB-C reversible para la carga ofrecen la m\u00e1xima flexibilidad para escuchar y cargar la radio. Elija los accesorios de Motorola Solutions para un rendimiento garantizado y Push-to-Talk remoto o sus propios accesorios de audio estandarizados para disponer de una amplia gama de opciones. Cargar en movimiento es pr\u00e1ctico con el nuevo conector USB-C reversible y robusto. La tecnolog\u00eda inal\u00e1mbrica Bluetooth\u00ae 4.1 integrada pone a su disposici\u00f3n una amplia gama de accesorios inal\u00e1mbricos, como auriculares, botones Push-to-Talk, dispositivos inteligentes y mucho m\u00e1s, lo que le proporciona una mayor flexibilidad y control de la ST7000.<\/p>\n\t\t<\/div>\n\t\t\t\t\t<\/div>\n\n\t\n\n\t<div id=\"col-1809347285\" class=\"col medium-6 small-12 large-6\"  >\n\t\t\t\t<div class=\"col-inner text-left\"  >\n\t\t\t\n\t\t\t\n<p><strong>Facilidad de uso<\/strong><br \/>El ST7000 est\u00e1 dise\u00f1ado para facilitar su uso, combinando lo mejor de la funcionalidad de radio con la facilidad de uso de un smartphone. Dispone de teclas t\u00e1ctiles para pulsar para hablar, volumen, grupo de usuarios y control de encendido; una interfaz de usuario t\u00e1ctil controla el resto de las funciones de la radio. Una simple pulsaci\u00f3n del bot\u00f3n de encendido\/apagado revela una pantalla OLED y zonas t\u00e1ctiles en la parte frontal de la radio. Los iconos se iluminan al seleccionarlos y hay retroalimentaci\u00f3n h\u00e1ptica, que simula la sensaci\u00f3n y la reactividad de un teclado f\u00edsico.<\/p>\n<p><strong>Dise\u00f1o duradero<\/strong><br \/>Dise\u00f1ada para durar El dise\u00f1o duradero y la larga duraci\u00f3n de la bater\u00eda de la ST7000 facilitan la superaci\u00f3n de los retos del trabajo diario. Est\u00e1 certificado para resistir polvo, lluvia, golpes y ca\u00eddas, con una clasificaci\u00f3n IP54 y MIL-STD 810 F\/G. Y con una autonom\u00eda de hasta 19 horas, podr\u00e1 concentrarse en su trabajo, no en su reloj.<\/p>\n\t\t<\/div>\n\t\t\t\t\t<\/div>\n\n\t\n<\/div>\n<\/div>\n<div id=\"tab_accesorios\" class=\"panel entry-content\" role=\"tabpanel\" aria-labelledby=\"tab-accesorios\">\n<div class=\"row align-middle\"  id=\"row-1296444681\">\n\n\t<div id=\"col-1195667369\" class=\"col medium-10 small-12 large-10\"  >\n\t\t\t\t<div class=\"col-inner\"  >\n\t\t\t\n\t\t\t\n\t\t<\/div>\n\t\t\t\t\t<\/div>\n\n\t\n\n\t<div id=\"col-862181768\" class=\"col medium-2 small-12 large-2\"  >\n\t\t\t\t<div class=\"col-inner\"  >\n\t\t\t\n\t\t\t\n\t\t<\/div>\n\t\t\t\t\t<\/div>\n\n\t\n<\/div>\n<\/div>\n<div id=\"tab_descargas\" class=\"panel entry-content\" role=\"tabpanel\" aria-labelledby=\"tab-descargas\">\n<div class=\"row\"  id=\"row-1748806802\">\n\n\t<div id=\"col-1048910269\" class=\"col medium-10 small-12 large-10\"  >\n\t\t\t\t<div class=\"col-inner\"  >\n\t\t\t\n\t\t\t\n<p><a href=\"https:\/\/abix.com.br\/wp-content\/uploads\/2023\/02\/st7000_datasheet_pt.pdf\">[DATASHEET]  ST7000<\/a><\/p>\n\t\t<\/div>\n\t\t\t\t\t<\/div>\n\n\t\n<\/div>\n<\/div>\n<div id=\"tab_especificaciones\" class=\"panel entry-content\" role=\"tabpanel\" aria-labelledby=\"tab-especificaciones\">\n<div class=\"row\"  id=\"row-1642766563\">\n\n\t<div id=\"col-2130769748\" class=\"col medium-9 small-12 large-9\"  >\n\t\t\t\t<div class=\"col-inner\"  >\n\t\t\t\n\t\t\t\n<p><a href=\"https:\/\/abix.com.br\/wp-content\/uploads\/2023\/02\/st7000_datasheet_pt.pdf\">[DATASHEET]  ST7000<\/a><\/p>\n\t\t<\/div>\n\t\t\t\t\t<\/div>\n\n\t\n<\/div>\n<\/div><\/div><\/div>\n\t\t<\/div>\n\t\t\t\t\t<\/div>\n\n\t\n<\/div>\n\t\t<\/div>\n\t\t\t\t\t<\/div>\n\n\t\n<\/div>\n\t\t<\/div>\n\n\t\t\n<style>\n#section_1886039708 {\n  padding-top: 0px;\n  padding-bottom: 0px;\n}\n<\/style>\n\t<\/section>\n\t\n","protected":false},"excerpt":{"rendered":"<p style=\"text-align: justify;\">Las necesidades de comunicaci\u00f3n del equipo de atenci\u00f3n al cliente, los ejecutivos y los altos cargos se ven estimuladas por el estilo, pero tambi\u00e9n por la funcionalidad. Para mantener el m\u00e1ximo nivel de atenci\u00f3n al cliente, estos profesionales necesitan una radio digital intuitiva que ofrezca audio de alta calidad, se integre perfectamente con su imagen y cuya finalidad sea aumentar la productividad, no proporcionar entretenimiento. La peque\u00f1a radio TETRA ST7000 combina un formato compacto y elegante, una interfaz de usuario sencilla y un audio cristalino. La tecnolog\u00eda inal\u00e1mbrica Bluetooth\u00ae 4.1 integrada, un conector USB-C reversible para la carga y una toma de audio de 3,5 mm ayudan a transformar la ST7000 en una herramienta de comunicaci\u00f3n flexible y moderna que permite a los usuarios centrarse en lo m\u00e1s importante: el cliente o la situaci\u00f3n, no el dispositivo.<\/p>\n<div id=\"acfifjfajpekbmhmjppnmmjgmhjkildl\" class=\"acfifjfajpekbmhmjppnmmjgmhjkildl\"><\/div>\n<div id=\"acfifjfajpekbmhmjppnmmjgmhjkildl\" class=\"acfifjfajpekbmhmjppnmmjgmhjkildl\"><\/div>\n","protected":false},"featured_media":14859,"comment_status":"closed","ping_status":"closed","template":"","meta":[],"product_brand":[],"product_cat":[155,157,164,156,158],"product_tag":[],"class_list":{"0":"post-19299","1":"product","2":"type-product","3":"status-publish","4":"has-post-thumbnail","6":"product_cat-linea-profesional","7":"product_cat-motorola-es","8":"product_cat-radio-tetra-es","9":"product_cat-radios-digitales","10":"product_cat-radios-portatiles","12":"first","13":"instock","14":"shipping-taxable","15":"product-type-simple"},"yoast_head":"<!-- This site is optimized with the Yoast SEO plugin v27.4 - https:\/\/yoast.com\/product\/yoast-seo-wordpress\/ -->\n<title>RADIO PORT\u00c1TIL TETRA - ST7000 - Abix Tecnolog\u00eda<\/title>\n<meta name=\"description\" content=\"La peque\u00f1a radio TETRA ST7000 combina un formato compacto y elegante, una interfaz de usuario sencilla y un audio cristalino.\" \/>\n<meta name=\"robots\" content=\"index, follow, max-snippet:-1, max-image-preview:large, max-video-preview:-1\" \/>\n<link rel=\"canonical\" href=\"https:\/\/abix.com.br\/produto\/radio-portatil-tetra-st7000\/\" \/>\n<meta property=\"og:locale\" content=\"es_ES\" \/>\n<meta property=\"og:type\" content=\"article\" \/>\n<meta property=\"og:title\" content=\"RADIO PORT\u00c1TIL TETRA - ST7000 - Abix Tecnolog\u00eda\" \/>\n<meta property=\"og:description\" content=\"La peque\u00f1a radio TETRA ST7000 combina un formato compacto y elegante, una interfaz de usuario sencilla y un audio cristalino.\" \/>\n<meta property=\"og:url\" content=\"https:\/\/abix.com.br\/produto\/radio-portatil-tetra-st7000\/\" \/>\n<meta property=\"og:site_name\" content=\"Abix\" \/>\n<meta property=\"article:modified_time\" content=\"2023-10-19T17:55:35+00:00\" \/>\n<meta property=\"og:image\" content=\"https:\/\/abix.com.br\/wp-content\/uploads\/2023\/02\/st7000_front_324x324.jpg\" \/>\n\t<meta property=\"og:image:width\" content=\"700\" \/>\n\t<meta property=\"og:image:height\" content=\"700\" \/>\n\t<meta property=\"og:image:type\" content=\"image\/jpeg\" \/>\n<meta name=\"twitter:card\" content=\"summary_large_image\" \/>\n<meta name=\"twitter:label1\" content=\"Tiempo de lectura\" \/>\n\t<meta name=\"twitter:data1\" content=\"3 minutos\" \/>\n<script type=\"application\/ld+json\" class=\"yoast-schema-graph\">{\"@context\":\"https:\\\/\\\/schema.org\",\"@graph\":[{\"@type\":\"WebPage\",\"@id\":\"https:\\\/\\\/abix.com.br\\\/produto\\\/radio-portatil-tetra-st7000\\\/\",\"url\":\"https:\\\/\\\/abix.com.br\\\/produto\\\/radio-portatil-tetra-st7000\\\/\",\"name\":\"RADIO PORT\u00c1TIL TETRA - ST7000 - Abix Tecnolog\u00eda\",\"isPartOf\":{\"@id\":\"https:\\\/\\\/abix.com.br\\\/#website\"},\"primaryImageOfPage\":{\"@id\":\"https:\\\/\\\/abix.com.br\\\/produto\\\/radio-portatil-tetra-st7000\\\/#primaryimage\"},\"image\":{\"@id\":\"https:\\\/\\\/abix.com.br\\\/produto\\\/radio-portatil-tetra-st7000\\\/#primaryimage\"},\"thumbnailUrl\":\"https:\\\/\\\/abix.com.br\\\/wp-content\\\/uploads\\\/2023\\\/02\\\/st7000_front_324x324.jpg\",\"datePublished\":\"2023-02-06T18:41:20+00:00\",\"dateModified\":\"2023-10-19T17:55:35+00:00\",\"description\":\"La peque\u00f1a radio TETRA ST7000 combina un formato compacto y elegante, una interfaz de usuario sencilla y un audio cristalino.\",\"breadcrumb\":{\"@id\":\"https:\\\/\\\/abix.com.br\\\/produto\\\/radio-portatil-tetra-st7000\\\/#breadcrumb\"},\"inLanguage\":\"es\",\"potentialAction\":[{\"@type\":\"ReadAction\",\"target\":[\"https:\\\/\\\/abix.com.br\\\/produto\\\/radio-portatil-tetra-st7000\\\/\"]}]},{\"@type\":\"ImageObject\",\"inLanguage\":\"es\",\"@id\":\"https:\\\/\\\/abix.com.br\\\/produto\\\/radio-portatil-tetra-st7000\\\/#primaryimage\",\"url\":\"https:\\\/\\\/abix.com.br\\\/wp-content\\\/uploads\\\/2023\\\/02\\\/st7000_front_324x324.jpg\",\"contentUrl\":\"https:\\\/\\\/abix.com.br\\\/wp-content\\\/uploads\\\/2023\\\/02\\\/st7000_front_324x324.jpg\",\"width\":700,\"height\":700},{\"@type\":\"BreadcrumbList\",\"@id\":\"https:\\\/\\\/abix.com.br\\\/produto\\\/radio-portatil-tetra-st7000\\\/#breadcrumb\",\"itemListElement\":[{\"@type\":\"ListItem\",\"position\":1,\"name\":\"In\u00edcio\",\"item\":\"https:\\\/\\\/abix.com.br\\\/es\\\/\"},{\"@type\":\"ListItem\",\"position\":2,\"name\":\"Tienda\",\"item\":\"https:\\\/\\\/abix.com.br\\\/loja\\\/\"},{\"@type\":\"ListItem\",\"position\":3,\"name\":\"RADIO PORT\u00c1TIL TETRA &#8211; ST7000\"}]},{\"@type\":\"WebSite\",\"@id\":\"https:\\\/\\\/abix.com.br\\\/#website\",\"url\":\"https:\\\/\\\/abix.com.br\\\/\",\"name\":\"Abix\",\"description\":\"\",\"potentialAction\":[{\"@type\":\"SearchAction\",\"target\":{\"@type\":\"EntryPoint\",\"urlTemplate\":\"https:\\\/\\\/abix.com.br\\\/?s={search_term_string}\"},\"query-input\":{\"@type\":\"PropertyValueSpecification\",\"valueRequired\":true,\"valueName\":\"search_term_string\"}}],\"inLanguage\":\"es\"}]}<\/script>\n<!-- \/ Yoast SEO plugin. -->","yoast_head_json":{"title":"RADIO PORT\u00c1TIL TETRA - ST7000 - Abix Tecnolog\u00eda","description":"La peque\u00f1a radio TETRA ST7000 combina un formato compacto y elegante, una interfaz de usuario sencilla y un audio cristalino.","robots":{"index":"index","follow":"follow","max-snippet":"max-snippet:-1","max-image-preview":"max-image-preview:large","max-video-preview":"max-video-preview:-1"},"canonical":"https:\/\/abix.com.br\/produto\/radio-portatil-tetra-st7000\/","og_locale":"es_ES","og_type":"article","og_title":"RADIO PORT\u00c1TIL TETRA - ST7000 - Abix Tecnolog\u00eda","og_description":"La peque\u00f1a radio TETRA ST7000 combina un formato compacto y elegante, una interfaz de usuario sencilla y un audio cristalino.","og_url":"https:\/\/abix.com.br\/produto\/radio-portatil-tetra-st7000\/","og_site_name":"Abix","article_modified_time":"2023-10-19T17:55:35+00:00","og_image":[{"width":700,"height":700,"url":"https:\/\/abix.com.br\/wp-content\/uploads\/2023\/02\/st7000_front_324x324.jpg","type":"image\/jpeg"}],"twitter_card":"summary_large_image","twitter_misc":{"Tiempo de lectura":"3 minutos"},"schema":{"@context":"https:\/\/schema.org","@graph":[{"@type":"WebPage","@id":"https:\/\/abix.com.br\/produto\/radio-portatil-tetra-st7000\/","url":"https:\/\/abix.com.br\/produto\/radio-portatil-tetra-st7000\/","name":"RADIO PORT\u00c1TIL TETRA - ST7000 - Abix Tecnolog\u00eda","isPartOf":{"@id":"https:\/\/abix.com.br\/#website"},"primaryImageOfPage":{"@id":"https:\/\/abix.com.br\/produto\/radio-portatil-tetra-st7000\/#primaryimage"},"image":{"@id":"https:\/\/abix.com.br\/produto\/radio-portatil-tetra-st7000\/#primaryimage"},"thumbnailUrl":"https:\/\/abix.com.br\/wp-content\/uploads\/2023\/02\/st7000_front_324x324.jpg","datePublished":"2023-02-06T18:41:20+00:00","dateModified":"2023-10-19T17:55:35+00:00","description":"La peque\u00f1a radio TETRA ST7000 combina un formato compacto y elegante, una interfaz de usuario sencilla y un audio cristalino.","breadcrumb":{"@id":"https:\/\/abix.com.br\/produto\/radio-portatil-tetra-st7000\/#breadcrumb"},"inLanguage":"es","potentialAction":[{"@type":"ReadAction","target":["https:\/\/abix.com.br\/produto\/radio-portatil-tetra-st7000\/"]}]},{"@type":"ImageObject","inLanguage":"es","@id":"https:\/\/abix.com.br\/produto\/radio-portatil-tetra-st7000\/#primaryimage","url":"https:\/\/abix.com.br\/wp-content\/uploads\/2023\/02\/st7000_front_324x324.jpg","contentUrl":"https:\/\/abix.com.br\/wp-content\/uploads\/2023\/02\/st7000_front_324x324.jpg","width":700,"height":700},{"@type":"BreadcrumbList","@id":"https:\/\/abix.com.br\/produto\/radio-portatil-tetra-st7000\/#breadcrumb","itemListElement":[{"@type":"ListItem","position":1,"name":"In\u00edcio","item":"https:\/\/abix.com.br\/es\/"},{"@type":"ListItem","position":2,"name":"Tienda","item":"https:\/\/abix.com.br\/loja\/"},{"@type":"ListItem","position":3,"name":"RADIO PORT\u00c1TIL TETRA &#8211; ST7000"}]},{"@type":"WebSite","@id":"https:\/\/abix.com.br\/#website","url":"https:\/\/abix.com.br\/","name":"Abix","description":"","potentialAction":[{"@type":"SearchAction","target":{"@type":"EntryPoint","urlTemplate":"https:\/\/abix.com.br\/?s={search_term_string}"},"query-input":{"@type":"PropertyValueSpecification","valueRequired":true,"valueName":"search_term_string"}}],"inLanguage":"es"}]}},"_links":{"self":[{"href":"https:\/\/abix.com.br\/es\/wp-json\/wp\/v2\/product\/19299","targetHints":{"allow":["GET"]}}],"collection":[{"href":"https:\/\/abix.com.br\/es\/wp-json\/wp\/v2\/product"}],"about":[{"href":"https:\/\/abix.com.br\/es\/wp-json\/wp\/v2\/types\/product"}],"replies":[{"embeddable":true,"href":"https:\/\/abix.com.br\/es\/wp-json\/wp\/v2\/comments?post=19299"}],"wp:featuredmedia":[{"embeddable":true,"href":"https:\/\/abix.com.br\/es\/wp-json\/wp\/v2\/media\/14859"}],"wp:attachment":[{"href":"https:\/\/abix.com.br\/es\/wp-json\/wp\/v2\/media?parent=19299"}],"wp:term":[{"taxonomy":"product_brand","embeddable":true,"href":"https:\/\/abix.com.br\/es\/wp-json\/wp\/v2\/product_brand?post=19299"},{"taxonomy":"product_cat","embeddable":true,"href":"https:\/\/abix.com.br\/es\/wp-json\/wp\/v2\/product_cat?post=19299"},{"taxonomy":"product_tag","embeddable":true,"href":"https:\/\/abix.com.br\/es\/wp-json\/wp\/v2\/product_tag?post=19299"}],"curies":[{"name":"wp","href":"https:\/\/api.w.org\/{rel}","templated":true}]}}