{"id":19300,"date":"2023-02-06T11:32:18","date_gmt":"2023-02-06T14:32:18","guid":{"rendered":"https:\/\/abix.com.br\/produto\/radio-portatil-tetra-mxp600\/"},"modified":"2023-10-19T14:56:04","modified_gmt":"2023-10-19T17:56:04","slug":"radio-portatil-tetra-mxp600","status":"publish","type":"product","link":"https:\/\/abix.com.br\/es\/produto\/radio-portatil-tetra-mxp600\/","title":{"rendered":"RADIO PORT\u00c1TIL TETRA &#8211; MXP600"},"content":{"rendered":"\n\t<section class=\"section\" id=\"section_217941859\">\n\t\t<div class=\"section-bg fill\" >\n\t\t\t\t\t\t\t\t\t\n\t\t\t\n\n\t\t<\/div>\n\n\t\t\n\n\t\t<div class=\"section-content relative\">\n\t\t\t\n<div class=\"row\"  id=\"row-657418923\">\n\n\t<div id=\"col-1375372208\" class=\"col small-12 large-12\"  >\n\t\t\t\t<div class=\"col-inner\"  >\n\t\t\t\n\t\t\t\n<div class=\"row\"  id=\"row-171227852\">\n\n\t<div id=\"col-365793715\" class=\"col small-12 large-12\"  >\n\t\t\t\t<div class=\"col-inner\"  >\n\t\t\t\n\t\t\t\n\n\t\t<div class=\"tabbed-content locacao-tabs\">\n\t\t\t\n\t\t\t<ul class=\"nav nav-tabs nav-normal nav-size-xlarge nav-left active-on-hover\" role=\"tablist\"><li id=\"tab-informaci\u00d3n\" class=\"tab active has-icon\" role=\"presentation\"><a href=\"#tab_informaci\u00d3n\" role=\"tab\" aria-selected=\"true\" aria-controls=\"tab_informaci\u00d3n\"><span>INFORMACI\u00d3N<\/span><\/a><\/li>\n<li id=\"tab-accesorios\" class=\"tab has-icon\" role=\"presentation\"><a href=\"#tab_accesorios\" tabindex=\"-1\" role=\"tab\" aria-selected=\"false\" aria-controls=\"tab_accesorios\"><span>ACCESORIOS<\/span><\/a><\/li>\n<li id=\"tab-descargas\" class=\"tab has-icon\" role=\"presentation\"><a href=\"#tab_descargas\" tabindex=\"-1\" role=\"tab\" aria-selected=\"false\" aria-controls=\"tab_descargas\"><span>DESCARGAS<\/span><\/a><\/li>\n<li id=\"tab-especificaciones\" class=\"tab has-icon\" role=\"presentation\"><a href=\"#tab_especificaciones\" tabindex=\"-1\" role=\"tab\" aria-selected=\"false\" aria-controls=\"tab_especificaciones\"><span>ESPECIFICACIONES<\/span><\/a><\/li><\/ul><div class=\"tab-panels\"><div id=\"tab_informaci\u00d3n\" class=\"panel active entry-content\" role=\"tabpanel\" aria-labelledby=\"tab-informaci\u00d3n\">\n<div class=\"row\"  id=\"row-1861175637\">\n\n\t<div id=\"col-770374691\" class=\"col medium-6 small-12 large-6\"  >\n\t\t\t\t<div class=\"col-inner\"  >\n\t\t\t\n\t\t\t\n<p><strong>M\u00e1xima seguridad, hoy y ma\u00f1ana, con la radio port\u00e1til TETRA MXP600 para misiones cr\u00edticas<\/strong><br \/>\nDise\u00f1ada para el personal de primera l\u00ednea, la MXP600 es una radio TETRA port\u00e1til robusta, ligera y perfectamente adaptable, f\u00e1cil de transportar y utilizar. Cuenta con una innovadora tecnolog\u00eda de audio para o\u00edr y ser o\u00eddo, la mejor cobertura de su clase, potencia de transmisi\u00f3n de clase 3 y bater\u00eda de larga duraci\u00f3n. Bluetooth 5.0 y NFC permiten el trabajo colaborativo de extremo a extremo, ofreciendo hoy una experiencia de usuario de vanguardia, adem\u00e1s de todas las funciones para las comunicaciones cr\u00edticas del ma\u00f1ana.<\/p>\n<p><strong>Radio TETRA de misi\u00f3n cr\u00edtica<\/strong><br \/>\nEl MXP600 est\u00e1 preparado para afrontar cualquier reto en primera l\u00ednea, garantizando la seguridad de su equipo mientras trabaja por la seguridad de los dem\u00e1s. Cuenta con una innovadora tecnolog\u00eda de audio para o\u00edr y hacerse o\u00edr incluso en los entornos m\u00e1s ruidosos. Ofrece la mejor cobertura de su clase para que los mensajes m\u00e1s cr\u00edticos puedan transmitirse sin problemas. Su robusto dise\u00f1o ha sido concebido especialmente para resistir entornos extremos y viene con una bater\u00eda lo suficientemente potente como para durar m\u00e1s de un turno. El MXP600 ayuda a equipar a su personal de primera l\u00ednea de forma eficiente y eficaz para llevar a cabo sus tareas.<\/p>\n\t\t<\/div>\n\t\t\t\t\t<\/div>\n\n\t\n\n\t<div id=\"col-2056802919\" class=\"col medium-6 small-12 large-6\"  >\n\t\t\t\t<div class=\"col-inner text-left\"  >\n\t\t\t\n\t\t\t\n<p><strong>Compacto y f\u00e1cil de usar<\/strong><br \/>\nLa MXP600, la radio TETRA de clase 3 m\u00e1s peque\u00f1a que hemos fabricado, mantiene un teclado completo, una gran pantalla de 2,4&#8243; y una interfaz intuitiva y f\u00e1cil de usar que pone la informaci\u00f3n al alcance de sus usuarios. . Tres botones laterales programables proporcionan acceso a las funciones m\u00e1s utilizadas; viene con un gran bot\u00f3n de emergencia f\u00e1cil de activar, pero al mismo tiempo muy bien protegido contra la activaci\u00f3n involuntaria y un Push-to-Talk (PTT) t\u00e1ctil que facilita la comunicaci\u00f3n mientras se trabaja, incluso dise\u00f1ado para llevar guantes.<\/p>\n<p><strong>Capacidad de colaboraci\u00f3n optimizada para una soluci\u00f3n preparada para el futuro<\/strong><br \/>\nEl hecho de que cada vez m\u00e1s usuarios profesionales lleven un smartphone y una radio nos llev\u00f3 a trabajar con nuestros clientes para desarrollar soluciones en torno al MXP600 que se adaptaran a los estilos de trabajo modernos. Hemos dise\u00f1ado la radio port\u00e1til bidireccional MXP600 que integra funciones y caracter\u00edsticas que se pueden aprovechar hoy, como Bluetooth 5.0 y Near Field Communications (NFC), que favorecen el trabajo colaborativo seguro, y otras pensadas para lo que est\u00e1 por venir, como el hardware de voz de alta definici\u00f3n (HD).<\/p>\n<p><strong>Dise\u00f1ado para reducir la inversi\u00f3n<\/strong><br \/>\nEl MXP600 ayuda a reducir su inversi\u00f3n simplificando y haciendo mucho m\u00e1s rentables las tareas de gesti\u00f3n de radio mediante la programaci\u00f3n remota (OTAP). Con una apariencia intuitiva y familiar, los usuarios pueden empezar a trabajar r\u00e1pida y f\u00e1cilmente con una formaci\u00f3n m\u00ednima. Adem\u00e1s, la radio MXP600 protege su inversi\u00f3n actual al permitirle reutilizar muchos de los cargadores y accesorios para radios port\u00e1tiles TETRA existentes de Motorola Solutions.<\/p>\n\t\t<\/div>\n\t\t\t\t\t<\/div>\n\n\t\n<\/div>\n<\/div>\n<div id=\"tab_accesorios\" class=\"panel entry-content\" role=\"tabpanel\" aria-labelledby=\"tab-accesorios\">\n<div class=\"row align-middle\"  id=\"row-1261880910\">\n\n\t<div id=\"col-2005553378\" class=\"col medium-10 small-12 large-10\"  >\n\t\t\t\t<div class=\"col-inner\"  >\n\t\t\t\n\t\t\t\n\t\t<\/div>\n\t\t\t\t\t<\/div>\n\n\t\n\n\t<div id=\"col-1828169693\" class=\"col medium-2 small-12 large-2\"  >\n\t\t\t\t<div class=\"col-inner\"  >\n\t\t\t\n\t\t\t\n\t\t<\/div>\n\t\t\t\t\t<\/div>\n\n\t\n<\/div>\n<\/div>\n<div id=\"tab_descargas\" class=\"panel entry-content\" role=\"tabpanel\" aria-labelledby=\"tab-descargas\">\n<div class=\"row\"  id=\"row-1293840223\">\n\n\t<div id=\"col-1715238419\" class=\"col medium-10 small-12 large-10\"  >\n\t\t\t\t<div class=\"col-inner\"  >\n\t\t\t\n\t\t\t\n<p><a href=\"https:\/\/abix.com.br\/wp-content\/uploads\/2023\/02\/mxp600-folheto.pdf\">[APRESENTA\u00c7\u00c3O]  MXP600<\/a><\/p>\n<p><a href=\"https:\/\/abix.com.br\/wp-content\/uploads\/2023\/02\/mxp600-datasheet.pdf\">[DATASHEET]  MXP600<\/a><\/p>\n<p><a href=\"https:\/\/abix.com.br\/wp-content\/uploads\/2023\/02\/mxp600-acessorios.pdf\">[ACESS\u00d3RIOS]  MXP600<\/a><\/p>\n\t\t<\/div>\n\t\t\t\t\t<\/div>\n\n\t\n<\/div>\n<\/div>\n<div id=\"tab_especificaciones\" class=\"panel entry-content\" role=\"tabpanel\" aria-labelledby=\"tab-especificaciones\">\n<div class=\"row\"  id=\"row-874996999\">\n\n\t<div id=\"col-1927970319\" class=\"col medium-9 small-12 large-9\"  >\n\t\t\t\t<div class=\"col-inner\"  >\n\t\t\t\n\t\t\t\n<p> <a href=\"https:\/\/abix.com.br\/wp-content\/uploads\/2023\/02\/mxp600-datasheet.pdf\">[ESPECIFICA\u00c7\u00d5ES] MXP6009<\/a><\/p>\n\t\t<\/div>\n\t\t\t\t\t<\/div>\n\n\t\n<\/div>\n<\/div><\/div><\/div>\n\t\t<\/div>\n\t\t\t\t\t<\/div>\n\n\t\n<\/div>\n\t\t<\/div>\n\t\t\t\t\t<\/div>\n\n\t\n<\/div>\n\t\t<\/div>\n\n\t\t\n<style>\n#section_217941859 {\n  padding-top: 0px;\n  padding-bottom: 0px;\n}\n<\/style>\n\t<\/section>\n\t\n","protected":false},"excerpt":{"rendered":"<p style=\"text-align: justify;\">El MXP600 aprovecha la innovadora tecnolog\u00eda de audio, la programaci\u00f3n inal\u00e1mbrica Wi-Fi y LMR, el hardware habilitado para voz HD y Bluetooth\u00ae 5.0 para ofrecer una experiencia de usuario de vanguardia hoy y para las comunicaciones de misi\u00f3n cr\u00edtica ma\u00f1ana.<\/p>\n","protected":false},"featured_media":14848,"comment_status":"closed","ping_status":"closed","template":"","meta":[],"product_brand":[],"product_cat":[155,157,164,156,158],"product_tag":[],"class_list":{"0":"post-19300","1":"product","2":"type-product","3":"status-publish","4":"has-post-thumbnail","6":"product_cat-linea-profesional","7":"product_cat-motorola-es","8":"product_cat-radio-tetra-es","9":"product_cat-radios-digitales","10":"product_cat-radios-portatiles","12":"first","13":"instock","14":"shipping-taxable","15":"product-type-simple"},"yoast_head":"<!-- This site is optimized with the Yoast SEO plugin v27.5 - https:\/\/yoast.com\/product\/yoast-seo-wordpress\/ -->\n<title>RADIO PORT\u00c1TIL TETRA - MXP600 - Abix Tecnolog\u00eda<\/title>\n<meta name=\"description\" content=\"Dise\u00f1ada para el personal de primera l\u00ednea, la MXP600 es una radio TETRA port\u00e1til robusta, ligera y perfectamente adaptable, f\u00e1cil de transportar y utilizar.\" \/>\n<meta name=\"robots\" content=\"index, follow, max-snippet:-1, max-image-preview:large, max-video-preview:-1\" \/>\n<link rel=\"canonical\" href=\"https:\/\/abix.com.br\/produto\/radio-portatil-tetra-mxp600\/\" \/>\n<meta property=\"og:locale\" content=\"es_ES\" \/>\n<meta property=\"og:type\" content=\"article\" \/>\n<meta property=\"og:title\" content=\"RADIO PORT\u00c1TIL TETRA - MXP600 - Abix Tecnolog\u00eda\" \/>\n<meta property=\"og:description\" content=\"Dise\u00f1ada para el personal de primera l\u00ednea, la MXP600 es una radio TETRA port\u00e1til robusta, ligera y perfectamente adaptable, f\u00e1cil de transportar y utilizar.\" \/>\n<meta property=\"og:url\" content=\"https:\/\/abix.com.br\/produto\/radio-portatil-tetra-mxp600\/\" \/>\n<meta property=\"og:site_name\" content=\"Abix\" \/>\n<meta property=\"article:modified_time\" content=\"2023-10-19T17:56:04+00:00\" \/>\n<meta property=\"og:image\" content=\"https:\/\/abix.com.br\/wp-content\/uploads\/2023\/02\/mxp600_1.png\" \/>\n\t<meta property=\"og:image:width\" content=\"500\" \/>\n\t<meta property=\"og:image:height\" content=\"500\" \/>\n\t<meta property=\"og:image:type\" content=\"image\/png\" \/>\n<meta name=\"twitter:card\" content=\"summary_large_image\" \/>\n<meta name=\"twitter:label1\" content=\"Tiempo de lectura\" \/>\n\t<meta name=\"twitter:data1\" content=\"3 minutos\" \/>\n<script type=\"application\/ld+json\" class=\"yoast-schema-graph\">{\"@context\":\"https:\\\/\\\/schema.org\",\"@graph\":[{\"@type\":\"WebPage\",\"@id\":\"https:\\\/\\\/abix.com.br\\\/produto\\\/radio-portatil-tetra-mxp600\\\/\",\"url\":\"https:\\\/\\\/abix.com.br\\\/produto\\\/radio-portatil-tetra-mxp600\\\/\",\"name\":\"RADIO PORT\u00c1TIL TETRA - MXP600 - Abix Tecnolog\u00eda\",\"isPartOf\":{\"@id\":\"https:\\\/\\\/abix.com.br\\\/#website\"},\"primaryImageOfPage\":{\"@id\":\"https:\\\/\\\/abix.com.br\\\/produto\\\/radio-portatil-tetra-mxp600\\\/#primaryimage\"},\"image\":{\"@id\":\"https:\\\/\\\/abix.com.br\\\/produto\\\/radio-portatil-tetra-mxp600\\\/#primaryimage\"},\"thumbnailUrl\":\"https:\\\/\\\/abix.com.br\\\/wp-content\\\/uploads\\\/2023\\\/02\\\/mxp600_1.png\",\"datePublished\":\"2023-02-06T14:32:18+00:00\",\"dateModified\":\"2023-10-19T17:56:04+00:00\",\"description\":\"Dise\u00f1ada para el personal de primera l\u00ednea, la MXP600 es una radio TETRA port\u00e1til robusta, ligera y perfectamente adaptable, f\u00e1cil de transportar y utilizar.\",\"breadcrumb\":{\"@id\":\"https:\\\/\\\/abix.com.br\\\/produto\\\/radio-portatil-tetra-mxp600\\\/#breadcrumb\"},\"inLanguage\":\"es\",\"potentialAction\":[{\"@type\":\"ReadAction\",\"target\":[\"https:\\\/\\\/abix.com.br\\\/produto\\\/radio-portatil-tetra-mxp600\\\/\"]}]},{\"@type\":\"ImageObject\",\"inLanguage\":\"es\",\"@id\":\"https:\\\/\\\/abix.com.br\\\/produto\\\/radio-portatil-tetra-mxp600\\\/#primaryimage\",\"url\":\"https:\\\/\\\/abix.com.br\\\/wp-content\\\/uploads\\\/2023\\\/02\\\/mxp600_1.png\",\"contentUrl\":\"https:\\\/\\\/abix.com.br\\\/wp-content\\\/uploads\\\/2023\\\/02\\\/mxp600_1.png\",\"width\":500,\"height\":500},{\"@type\":\"BreadcrumbList\",\"@id\":\"https:\\\/\\\/abix.com.br\\\/produto\\\/radio-portatil-tetra-mxp600\\\/#breadcrumb\",\"itemListElement\":[{\"@type\":\"ListItem\",\"position\":1,\"name\":\"In\u00edcio\",\"item\":\"https:\\\/\\\/abix.com.br\\\/es\\\/\"},{\"@type\":\"ListItem\",\"position\":2,\"name\":\"Tienda\",\"item\":\"https:\\\/\\\/abix.com.br\\\/loja\\\/\"},{\"@type\":\"ListItem\",\"position\":3,\"name\":\"RADIO PORT\u00c1TIL TETRA &#8211; MXP600\"}]},{\"@type\":\"WebSite\",\"@id\":\"https:\\\/\\\/abix.com.br\\\/#website\",\"url\":\"https:\\\/\\\/abix.com.br\\\/\",\"name\":\"Abix\",\"description\":\"\",\"potentialAction\":[{\"@type\":\"SearchAction\",\"target\":{\"@type\":\"EntryPoint\",\"urlTemplate\":\"https:\\\/\\\/abix.com.br\\\/?s={search_term_string}\"},\"query-input\":{\"@type\":\"PropertyValueSpecification\",\"valueRequired\":true,\"valueName\":\"search_term_string\"}}],\"inLanguage\":\"es\"}]}<\/script>\n<!-- \/ Yoast SEO plugin. -->","yoast_head_json":{"title":"RADIO PORT\u00c1TIL TETRA - MXP600 - Abix Tecnolog\u00eda","description":"Dise\u00f1ada para el personal de primera l\u00ednea, la MXP600 es una radio TETRA port\u00e1til robusta, ligera y perfectamente adaptable, f\u00e1cil de transportar y utilizar.","robots":{"index":"index","follow":"follow","max-snippet":"max-snippet:-1","max-image-preview":"max-image-preview:large","max-video-preview":"max-video-preview:-1"},"canonical":"https:\/\/abix.com.br\/produto\/radio-portatil-tetra-mxp600\/","og_locale":"es_ES","og_type":"article","og_title":"RADIO PORT\u00c1TIL TETRA - MXP600 - Abix Tecnolog\u00eda","og_description":"Dise\u00f1ada para el personal de primera l\u00ednea, la MXP600 es una radio TETRA port\u00e1til robusta, ligera y perfectamente adaptable, f\u00e1cil de transportar y utilizar.","og_url":"https:\/\/abix.com.br\/produto\/radio-portatil-tetra-mxp600\/","og_site_name":"Abix","article_modified_time":"2023-10-19T17:56:04+00:00","og_image":[{"width":500,"height":500,"url":"https:\/\/abix.com.br\/wp-content\/uploads\/2023\/02\/mxp600_1.png","type":"image\/png"}],"twitter_card":"summary_large_image","twitter_misc":{"Tiempo de lectura":"3 minutos"},"schema":{"@context":"https:\/\/schema.org","@graph":[{"@type":"WebPage","@id":"https:\/\/abix.com.br\/produto\/radio-portatil-tetra-mxp600\/","url":"https:\/\/abix.com.br\/produto\/radio-portatil-tetra-mxp600\/","name":"RADIO PORT\u00c1TIL TETRA - MXP600 - Abix Tecnolog\u00eda","isPartOf":{"@id":"https:\/\/abix.com.br\/#website"},"primaryImageOfPage":{"@id":"https:\/\/abix.com.br\/produto\/radio-portatil-tetra-mxp600\/#primaryimage"},"image":{"@id":"https:\/\/abix.com.br\/produto\/radio-portatil-tetra-mxp600\/#primaryimage"},"thumbnailUrl":"https:\/\/abix.com.br\/wp-content\/uploads\/2023\/02\/mxp600_1.png","datePublished":"2023-02-06T14:32:18+00:00","dateModified":"2023-10-19T17:56:04+00:00","description":"Dise\u00f1ada para el personal de primera l\u00ednea, la MXP600 es una radio TETRA port\u00e1til robusta, ligera y perfectamente adaptable, f\u00e1cil de transportar y utilizar.","breadcrumb":{"@id":"https:\/\/abix.com.br\/produto\/radio-portatil-tetra-mxp600\/#breadcrumb"},"inLanguage":"es","potentialAction":[{"@type":"ReadAction","target":["https:\/\/abix.com.br\/produto\/radio-portatil-tetra-mxp600\/"]}]},{"@type":"ImageObject","inLanguage":"es","@id":"https:\/\/abix.com.br\/produto\/radio-portatil-tetra-mxp600\/#primaryimage","url":"https:\/\/abix.com.br\/wp-content\/uploads\/2023\/02\/mxp600_1.png","contentUrl":"https:\/\/abix.com.br\/wp-content\/uploads\/2023\/02\/mxp600_1.png","width":500,"height":500},{"@type":"BreadcrumbList","@id":"https:\/\/abix.com.br\/produto\/radio-portatil-tetra-mxp600\/#breadcrumb","itemListElement":[{"@type":"ListItem","position":1,"name":"In\u00edcio","item":"https:\/\/abix.com.br\/es\/"},{"@type":"ListItem","position":2,"name":"Tienda","item":"https:\/\/abix.com.br\/loja\/"},{"@type":"ListItem","position":3,"name":"RADIO PORT\u00c1TIL TETRA &#8211; MXP600"}]},{"@type":"WebSite","@id":"https:\/\/abix.com.br\/#website","url":"https:\/\/abix.com.br\/","name":"Abix","description":"","potentialAction":[{"@type":"SearchAction","target":{"@type":"EntryPoint","urlTemplate":"https:\/\/abix.com.br\/?s={search_term_string}"},"query-input":{"@type":"PropertyValueSpecification","valueRequired":true,"valueName":"search_term_string"}}],"inLanguage":"es"}]}},"_links":{"self":[{"href":"https:\/\/abix.com.br\/es\/wp-json\/wp\/v2\/product\/19300","targetHints":{"allow":["GET"]}}],"collection":[{"href":"https:\/\/abix.com.br\/es\/wp-json\/wp\/v2\/product"}],"about":[{"href":"https:\/\/abix.com.br\/es\/wp-json\/wp\/v2\/types\/product"}],"replies":[{"embeddable":true,"href":"https:\/\/abix.com.br\/es\/wp-json\/wp\/v2\/comments?post=19300"}],"wp:featuredmedia":[{"embeddable":true,"href":"https:\/\/abix.com.br\/es\/wp-json\/wp\/v2\/media\/14848"}],"wp:attachment":[{"href":"https:\/\/abix.com.br\/es\/wp-json\/wp\/v2\/media?parent=19300"}],"wp:term":[{"taxonomy":"product_brand","embeddable":true,"href":"https:\/\/abix.com.br\/es\/wp-json\/wp\/v2\/product_brand?post=19300"},{"taxonomy":"product_cat","embeddable":true,"href":"https:\/\/abix.com.br\/es\/wp-json\/wp\/v2\/product_cat?post=19300"},{"taxonomy":"product_tag","embeddable":true,"href":"https:\/\/abix.com.br\/es\/wp-json\/wp\/v2\/product_tag?post=19300"}],"curies":[{"name":"wp","href":"https:\/\/api.w.org\/{rel}","templated":true}]}}