{"id":19301,"date":"2022-08-17T14:38:39","date_gmt":"2022-08-17T17:38:39","guid":{"rendered":"https:\/\/abix.com.br\/produto\/sm1p-ex\/"},"modified":"2023-10-19T14:56:33","modified_gmt":"2023-10-19T17:56:33","slug":"sm1p-ex","status":"publish","type":"product","link":"https:\/\/abix.com.br\/es\/produto\/sm1p-ex\/","title":{"rendered":"SM1P-Ex"},"content":{"rendered":"\n\t<section class=\"section\" id=\"section_1355621632\">\n\t\t<div class=\"section-bg fill\" >\n\t\t\t\t\t\t\t\t\t\n\t\t\t\n\n\t\t<\/div>\n\n\t\t\n\n\t\t<div class=\"section-content relative\">\n\t\t\t\n<div class=\"row\"  id=\"row-579731554\">\n\n\t<div id=\"col-550672372\" class=\"col small-12 large-12\"  >\n\t\t\t\t<div class=\"col-inner\"  >\n\t\t\t\n\t\t\t\n<div class=\"row\"  id=\"row-1538304247\">\n\n\t<div id=\"col-1001043088\" class=\"col small-12 large-12\"  >\n\t\t\t\t<div class=\"col-inner\"  >\n\t\t\t\n\t\t\t\n\n\t\t<div class=\"tabbed-content locacao-tabs\">\n\t\t\t\n\t\t\t<ul class=\"nav nav-tabs nav-normal nav-size-xlarge nav-left active-on-hover\" role=\"tablist\"><li id=\"tab-informaci\u00d3n\" class=\"tab active has-icon\" role=\"presentation\"><a href=\"#tab_informaci\u00d3n\" role=\"tab\" aria-selected=\"true\" aria-controls=\"tab_informaci\u00d3n\"><span>INFORMACI\u00d3N<\/span><\/a><\/li>\n<li id=\"tab-accesorios\" class=\"tab has-icon\" role=\"presentation\"><a href=\"#tab_accesorios\" tabindex=\"-1\" role=\"tab\" aria-selected=\"false\" aria-controls=\"tab_accesorios\"><span>ACCESORIOS<\/span><\/a><\/li>\n<li id=\"tab-descargas\" class=\"tab has-icon\" role=\"presentation\"><a href=\"#tab_descargas\" tabindex=\"-1\" role=\"tab\" aria-selected=\"false\" aria-controls=\"tab_descargas\"><span>DESCARGAS<\/span><\/a><\/li>\n<li id=\"tab-especificaciones\" class=\"tab has-icon\" role=\"presentation\"><a href=\"#tab_especificaciones\" tabindex=\"-1\" role=\"tab\" aria-selected=\"false\" aria-controls=\"tab_especificaciones\"><span>ESPECIFICACIONES<\/span><\/a><\/li><\/ul><div class=\"tab-panels\"><div id=\"tab_informaci\u00d3n\" class=\"panel active entry-content\" role=\"tabpanel\" aria-labelledby=\"tab-informaci\u00d3n\">\n<div class=\"row\"  id=\"row-601184315\">\n\n\t<div id=\"col-1809004346\" class=\"col medium-6 small-12 large-6\"  >\n\t\t\t\t<div class=\"col-inner\"  >\n\t\t\t\n\t\t\t\n<ul>\n<li>Con\u00e9ctese a radios bidireccionales intr\u00ednsecamente seguras mediante Bluetooth\u00ae o una conexi\u00f3n por cable extra\u00edble;<\/li>\n<li>Con\u00e9ctate a dispositivos m\u00f3viles intr\u00ednsecamente seguros (perfiles HFP, HSP y A2DP) mediante Bluetooth\u00ae;<\/li>\n<li>Homologado ATEX e IECEx;<\/li>\n<li>Comunicaci\u00f3n de auricular a auricular (alcance aprox. 50 m \/ 150 pies) mediante corto alcance;<\/li>\n<li>Habla \u00abcara a cara\u00bb;<\/li>\n<li>Disponible con cinta para la cabeza, para colocar detr\u00e1s del cuello o en el casco<br \/>\nTecnolog\u00eda SENS\u00ae;<\/li>\n<li>Mejora el habla a la vez que suprime el ruido de fondo hasta un nivel seguro;<\/li>\n<li>Limitador de volumen programable ajustado de f\u00e1brica a 82 dB(A);<\/li>\n<li>S\u00e9 consciente de los ruidos y peligros que te rodean;<\/li>\n<li>Compatible con VOX;<\/li>\n<li>Bater\u00eda recargable incorporada (pol\u00edmero de iones de litio, tiempo de carga de 4 horas);<\/li>\n<li>Dise\u00f1o robusto y ligero;<\/li>\n<li>Rango de 23-27dB NRR (\u00edndice de reducci\u00f3n de ruido);<\/li>\n<li>Micr\u00f3fono de brazo con supresi\u00f3n de ruido;<\/li>\n<li>Una nueva conexi\u00f3n por cable en los auriculares le permite utilizarlos como auriculares con cable o como auriculares completamente inal\u00e1mbricos mediante Bluetooth\u00ae de corto alcance;<\/li>\n<\/ul>\n\t\t<\/div>\n\t\t\t\t\t<\/div>\n\n\t\n\n\t<div id=\"col-34839286\" class=\"col medium-6 small-12 large-6\"  >\n\t\t\t\t<div class=\"col-inner text-left\"  >\n\t\t\t\n\t\t\t\n<p><strong>APROBACIONES<\/strong><\/p>\n<div class=\"csc-textpic csc-textpic-left csc-textpic-below csc-textpic-equalheight\">\n<div class=\"csc-textpic-text\">\n<ul>\n<li><strong>ATEX e IECEx<\/strong><br \/>\nII 2G Ex ib IIC T4 Gb<br \/>\nII 2D Ex ib IIIC T155\u00baC Db<br \/>\nI M2 Ex ib I Mb<\/li>\n<\/ul>\n<\/div>\n<\/div>\n\t\t<\/div>\n\t\t\t\t\t<\/div>\n\n\t\n<\/div>\n<\/div>\n<div id=\"tab_accesorios\" class=\"panel entry-content\" role=\"tabpanel\" aria-labelledby=\"tab-accesorios\">\n<div class=\"row align-middle\"  id=\"row-1271943554\">\n\n\t<div id=\"col-881263037\" class=\"col medium-10 small-12 large-10\"  >\n\t\t\t\t<div class=\"col-inner\"  >\n\t\t\t\n\t\t\t\n\t\t<\/div>\n\t\t\t\t\t<\/div>\n\n\t\n\n\t<div id=\"col-1466610655\" class=\"col medium-2 small-12 large-2\"  >\n\t\t\t\t<div class=\"col-inner\"  >\n\t\t\t\n\t\t\t\n\t\t<\/div>\n\t\t\t\t\t<\/div>\n\n\t\n<\/div>\n<\/div>\n<div id=\"tab_descargas\" class=\"panel entry-content\" role=\"tabpanel\" aria-labelledby=\"tab-descargas\">\n<div class=\"row\"  id=\"row-1389569719\">\n\n\t<div id=\"col-1050333669\" class=\"col medium-10 small-12 large-10\"  >\n\t\t\t\t<div class=\"col-inner\"  >\n\t\t\t\n\t\t\t\n<p><a href=\"https:\/\/abix.com.br\/wp-content\/uploads\/2022\/08\/SM1P-Ex-Datasheet-2022.pdf\">Ficha t\u00e9cnica del SM1P-Ex (2022) ES<\/a><\/p>\n\t\t<\/div>\n\t\t\t\t\t<\/div>\n\n\t\n<\/div>\n<\/div>\n<div id=\"tab_especificaciones\" class=\"panel entry-content\" role=\"tabpanel\" aria-labelledby=\"tab-especificaciones\">\n<div class=\"row\"  id=\"row-392255556\">\n\n\t<div id=\"col-520324818\" class=\"col medium-9 small-12 large-9\"  >\n\t\t\t\t<div class=\"col-inner\"  >\n\t\t\t\n\t\t\t\n<h3>ESPECIFICACIONES T\u00c9CNICAS<\/h3>\n<ul>\n<li>Grado de protecci\u00f3n IP54;<\/li>\n<li>Bater\u00eda: bater\u00eda de pol\u00edmero de iones de litio de 2250 mAh, 24 horas (conexi\u00f3n por cable) \/ 18 horas (inal\u00e1mbrica con Bluetooth\u00ae\/corto alcance activado), tiempo de carga de 4 horas;<\/li>\n<li>Protecci\u00f3n auditiva: Limitador de volumen 82 dB(A) [program\u00e1vel] &#8211; s\u00f3lo aplicable cuando el auricular est\u00e1 encendido;<\/li>\n<li>Comunicaci\u00f3n: SENS\u00ae 360\u00ba Situational Awareness: 95 dB(A);<\/li>\n<li>Transmisi\u00f3n de voz: Micr\u00f3fono de brazo con cancelaci\u00f3n de ruido, compatible con VOX;<\/li>\n<li>Cara a cara: modo SENS\u00ae (&lt; 95dB);<\/li>\n<li>Radio bidireccional: Bluetooth\u00ae o cable de radio con m\u00f3dulo PTT;<\/li>\n<li>Corto alcance: comunicaciones semid\u00faplex, hasta 8 canales FM programables, hasta 50 metros;<\/li>\n<li>Bluetooth\u00ae: Bluetooth\u00ae 3.0, 15 metros (49 pies)<\/li>\n<\/ul>\n\t\t<\/div>\n\t\t\t\t\t<\/div>\n\n\t\n<\/div>\n<\/div><\/div><\/div>\n\t\t<\/div>\n\t\t\t\t\t<\/div>\n\n\t\n<\/div>\n\t\t<\/div>\n\t\t\t\t\t<\/div>\n\n\t\n<\/div>\n\t\t<\/div>\n\n\t\t\n<style>\n#section_1355621632 {\n  padding-top: 0px;\n  padding-bottom: 0px;\n}\n<\/style>\n\t<\/section>\n\t\n","protected":false},"excerpt":{"rendered":"<p>Comun\u00edquese con seguridad por radio bidireccional y Bluetooth\u00ae en entornos explosivos.<br \/>\nLos auriculares Ex de Sensear permiten la radio bidireccional de alto nivel de ruido, Bluetooth\u00ae, la comunicaci\u00f3n de auricular a auricular y la comunicaci\u00f3n cara a cara en entornos explosivos que requieren certificaci\u00f3n ATEX e IECEx.<\/p>\n<p>Los usuarios de los auriculares SM1P-Ex se benefician de una comunicaci\u00f3n clara utilizando sus funciones con o sin cable, as\u00ed como de la comunicaci\u00f3n cara a cara, al tiempo que protegen su audici\u00f3n y permanecen atentos al entorno de trabajo que les rodea. Es la soluci\u00f3n perfecta para sus entornos peligrosos, como productos qu\u00edmicos explosivos y combustibles, as\u00ed como polvos combustibles.<\/p>\n<p>La serie SM1P-Ex es la nueva generaci\u00f3n de auriculares para ubicaciones peligrosas. La atenci\u00f3n al cliente en entornos peligrosos est\u00e1 en la vanguardia de este robusto dise\u00f1o de auriculares para mejorar la seguridad y las comunicaciones para una mayor eficiencia en entornos de trabajo ruidosos y peligrosos. \u00c9stas son s\u00f3lo algunas de las muchas caracter\u00edsticas y ventajas que ofrecen los productos IS de Sensear.<\/p>\n","protected":false},"featured_media":14799,"comment_status":"closed","ping_status":"closed","template":"","meta":[],"product_brand":[],"product_cat":[165],"product_tag":[],"class_list":{"0":"post-19301","1":"product","2":"type-product","3":"status-publish","4":"has-post-thumbnail","6":"product_cat-equipos-atex-ex","8":"first","9":"instock","10":"shipping-taxable","11":"product-type-simple"},"yoast_head":"<!-- This site is optimized with the Yoast SEO plugin v27.4 - https:\/\/yoast.com\/product\/yoast-seo-wordpress\/ -->\n<title>- Abix Tecnologia<\/title>\n<meta name=\"description\" content=\"Comun\u00edquese con seguridad por radio bidireccional y Bluetooth\u00ae en entornos explosivos.\" \/>\n<meta name=\"robots\" content=\"index, follow, max-snippet:-1, max-image-preview:large, max-video-preview:-1\" \/>\n<link rel=\"canonical\" href=\"https:\/\/abix.com.br\/produto\/sm1p-ex\/\" \/>\n<meta property=\"og:locale\" content=\"es_ES\" \/>\n<meta property=\"og:type\" content=\"article\" \/>\n<meta property=\"og:title\" content=\"- Abix Tecnologia\" \/>\n<meta property=\"og:description\" content=\"Comun\u00edquese con seguridad por radio bidireccional y Bluetooth\u00ae en entornos explosivos.\" \/>\n<meta property=\"og:url\" content=\"https:\/\/abix.com.br\/produto\/sm1p-ex\/\" \/>\n<meta property=\"og:site_name\" content=\"Abix\" \/>\n<meta property=\"article:modified_time\" content=\"2023-10-19T17:56:33+00:00\" \/>\n<meta property=\"og:image\" content=\"https:\/\/abix.com.br\/wp-content\/uploads\/2022\/08\/SM1PBEX02.webp\" \/>\n\t<meta property=\"og:image:width\" content=\"733\" \/>\n\t<meta property=\"og:image:height\" content=\"550\" \/>\n\t<meta property=\"og:image:type\" content=\"image\/webp\" \/>\n<meta name=\"twitter:card\" content=\"summary_large_image\" \/>\n<meta name=\"twitter:label1\" content=\"Tiempo de lectura\" \/>\n\t<meta name=\"twitter:data1\" content=\"2 minutos\" \/>\n<script type=\"application\/ld+json\" class=\"yoast-schema-graph\">{\"@context\":\"https:\\\/\\\/schema.org\",\"@graph\":[{\"@type\":\"WebPage\",\"@id\":\"https:\\\/\\\/abix.com.br\\\/produto\\\/sm1p-ex\\\/\",\"url\":\"https:\\\/\\\/abix.com.br\\\/produto\\\/sm1p-ex\\\/\",\"name\":\"- Abix Tecnologia\",\"isPartOf\":{\"@id\":\"https:\\\/\\\/abix.com.br\\\/#website\"},\"primaryImageOfPage\":{\"@id\":\"https:\\\/\\\/abix.com.br\\\/produto\\\/sm1p-ex\\\/#primaryimage\"},\"image\":{\"@id\":\"https:\\\/\\\/abix.com.br\\\/produto\\\/sm1p-ex\\\/#primaryimage\"},\"thumbnailUrl\":\"https:\\\/\\\/abix.com.br\\\/wp-content\\\/uploads\\\/2022\\\/08\\\/SM1PBEX02.webp\",\"datePublished\":\"2022-08-17T17:38:39+00:00\",\"dateModified\":\"2023-10-19T17:56:33+00:00\",\"description\":\"Comun\u00edquese con seguridad por radio bidireccional y Bluetooth\u00ae en entornos explosivos.\",\"breadcrumb\":{\"@id\":\"https:\\\/\\\/abix.com.br\\\/produto\\\/sm1p-ex\\\/#breadcrumb\"},\"inLanguage\":\"es\",\"potentialAction\":[{\"@type\":\"ReadAction\",\"target\":[\"https:\\\/\\\/abix.com.br\\\/produto\\\/sm1p-ex\\\/\"]}]},{\"@type\":\"ImageObject\",\"inLanguage\":\"es\",\"@id\":\"https:\\\/\\\/abix.com.br\\\/produto\\\/sm1p-ex\\\/#primaryimage\",\"url\":\"https:\\\/\\\/abix.com.br\\\/wp-content\\\/uploads\\\/2022\\\/08\\\/SM1PBEX02.webp\",\"contentUrl\":\"https:\\\/\\\/abix.com.br\\\/wp-content\\\/uploads\\\/2022\\\/08\\\/SM1PBEX02.webp\",\"width\":733,\"height\":550},{\"@type\":\"BreadcrumbList\",\"@id\":\"https:\\\/\\\/abix.com.br\\\/produto\\\/sm1p-ex\\\/#breadcrumb\",\"itemListElement\":[{\"@type\":\"ListItem\",\"position\":1,\"name\":\"In\u00edcio\",\"item\":\"https:\\\/\\\/abix.com.br\\\/es\\\/\"},{\"@type\":\"ListItem\",\"position\":2,\"name\":\"Tienda\",\"item\":\"https:\\\/\\\/abix.com.br\\\/loja\\\/\"},{\"@type\":\"ListItem\",\"position\":3,\"name\":\"SM1P-Ex\"}]},{\"@type\":\"WebSite\",\"@id\":\"https:\\\/\\\/abix.com.br\\\/#website\",\"url\":\"https:\\\/\\\/abix.com.br\\\/\",\"name\":\"Abix\",\"description\":\"\",\"potentialAction\":[{\"@type\":\"SearchAction\",\"target\":{\"@type\":\"EntryPoint\",\"urlTemplate\":\"https:\\\/\\\/abix.com.br\\\/?s={search_term_string}\"},\"query-input\":{\"@type\":\"PropertyValueSpecification\",\"valueRequired\":true,\"valueName\":\"search_term_string\"}}],\"inLanguage\":\"es\"}]}<\/script>\n<!-- \/ Yoast SEO plugin. -->","yoast_head_json":{"title":"- Abix Tecnologia","description":"Comun\u00edquese con seguridad por radio bidireccional y Bluetooth\u00ae en entornos explosivos.","robots":{"index":"index","follow":"follow","max-snippet":"max-snippet:-1","max-image-preview":"max-image-preview:large","max-video-preview":"max-video-preview:-1"},"canonical":"https:\/\/abix.com.br\/produto\/sm1p-ex\/","og_locale":"es_ES","og_type":"article","og_title":"- Abix Tecnologia","og_description":"Comun\u00edquese con seguridad por radio bidireccional y Bluetooth\u00ae en entornos explosivos.","og_url":"https:\/\/abix.com.br\/produto\/sm1p-ex\/","og_site_name":"Abix","article_modified_time":"2023-10-19T17:56:33+00:00","og_image":[{"width":733,"height":550,"url":"https:\/\/abix.com.br\/wp-content\/uploads\/2022\/08\/SM1PBEX02.webp","type":"image\/webp"}],"twitter_card":"summary_large_image","twitter_misc":{"Tiempo de lectura":"2 minutos"},"schema":{"@context":"https:\/\/schema.org","@graph":[{"@type":"WebPage","@id":"https:\/\/abix.com.br\/produto\/sm1p-ex\/","url":"https:\/\/abix.com.br\/produto\/sm1p-ex\/","name":"- Abix Tecnologia","isPartOf":{"@id":"https:\/\/abix.com.br\/#website"},"primaryImageOfPage":{"@id":"https:\/\/abix.com.br\/produto\/sm1p-ex\/#primaryimage"},"image":{"@id":"https:\/\/abix.com.br\/produto\/sm1p-ex\/#primaryimage"},"thumbnailUrl":"https:\/\/abix.com.br\/wp-content\/uploads\/2022\/08\/SM1PBEX02.webp","datePublished":"2022-08-17T17:38:39+00:00","dateModified":"2023-10-19T17:56:33+00:00","description":"Comun\u00edquese con seguridad por radio bidireccional y Bluetooth\u00ae en entornos explosivos.","breadcrumb":{"@id":"https:\/\/abix.com.br\/produto\/sm1p-ex\/#breadcrumb"},"inLanguage":"es","potentialAction":[{"@type":"ReadAction","target":["https:\/\/abix.com.br\/produto\/sm1p-ex\/"]}]},{"@type":"ImageObject","inLanguage":"es","@id":"https:\/\/abix.com.br\/produto\/sm1p-ex\/#primaryimage","url":"https:\/\/abix.com.br\/wp-content\/uploads\/2022\/08\/SM1PBEX02.webp","contentUrl":"https:\/\/abix.com.br\/wp-content\/uploads\/2022\/08\/SM1PBEX02.webp","width":733,"height":550},{"@type":"BreadcrumbList","@id":"https:\/\/abix.com.br\/produto\/sm1p-ex\/#breadcrumb","itemListElement":[{"@type":"ListItem","position":1,"name":"In\u00edcio","item":"https:\/\/abix.com.br\/es\/"},{"@type":"ListItem","position":2,"name":"Tienda","item":"https:\/\/abix.com.br\/loja\/"},{"@type":"ListItem","position":3,"name":"SM1P-Ex"}]},{"@type":"WebSite","@id":"https:\/\/abix.com.br\/#website","url":"https:\/\/abix.com.br\/","name":"Abix","description":"","potentialAction":[{"@type":"SearchAction","target":{"@type":"EntryPoint","urlTemplate":"https:\/\/abix.com.br\/?s={search_term_string}"},"query-input":{"@type":"PropertyValueSpecification","valueRequired":true,"valueName":"search_term_string"}}],"inLanguage":"es"}]}},"_links":{"self":[{"href":"https:\/\/abix.com.br\/es\/wp-json\/wp\/v2\/product\/19301","targetHints":{"allow":["GET"]}}],"collection":[{"href":"https:\/\/abix.com.br\/es\/wp-json\/wp\/v2\/product"}],"about":[{"href":"https:\/\/abix.com.br\/es\/wp-json\/wp\/v2\/types\/product"}],"replies":[{"embeddable":true,"href":"https:\/\/abix.com.br\/es\/wp-json\/wp\/v2\/comments?post=19301"}],"wp:featuredmedia":[{"embeddable":true,"href":"https:\/\/abix.com.br\/es\/wp-json\/wp\/v2\/media\/14799"}],"wp:attachment":[{"href":"https:\/\/abix.com.br\/es\/wp-json\/wp\/v2\/media?parent=19301"}],"wp:term":[{"taxonomy":"product_brand","embeddable":true,"href":"https:\/\/abix.com.br\/es\/wp-json\/wp\/v2\/product_brand?post=19301"},{"taxonomy":"product_cat","embeddable":true,"href":"https:\/\/abix.com.br\/es\/wp-json\/wp\/v2\/product_cat?post=19301"},{"taxonomy":"product_tag","embeddable":true,"href":"https:\/\/abix.com.br\/es\/wp-json\/wp\/v2\/product_tag?post=19301"}],"curies":[{"name":"wp","href":"https:\/\/api.w.org\/{rel}","templated":true}]}}