{"id":19302,"date":"2022-08-16T16:08:58","date_gmt":"2022-08-16T19:08:58","guid":{"rendered":"https:\/\/abix.com.br\/produto\/is-tc1a-1\/"},"modified":"2023-10-19T14:57:01","modified_gmt":"2023-10-19T17:57:01","slug":"is-tc1a-1","status":"publish","type":"product","link":"https:\/\/abix.com.br\/es\/produto\/is-tc1a-1\/","title":{"rendered":"IS-TC1A.1"},"content":{"rendered":"\n\t<section class=\"section\" id=\"section_1795844730\">\n\t\t<div class=\"section-bg fill\" >\n\t\t\t\t\t\t\t\t\t\n\t\t\t\n\n\t\t<\/div>\n\n\t\t\n\n\t\t<div class=\"section-content relative\">\n\t\t\t\n<div class=\"row\"  id=\"row-173626077\">\n\n\t<div id=\"col-48030579\" class=\"col small-12 large-12\"  >\n\t\t\t\t<div class=\"col-inner\"  >\n\t\t\t\n\t\t\t\n<div class=\"row\"  id=\"row-1839473319\">\n\n\t<div id=\"col-222515716\" class=\"col small-12 large-12\"  >\n\t\t\t\t<div class=\"col-inner\"  >\n\t\t\t\n\t\t\t\n\n\t\t<div class=\"tabbed-content locacao-tabs\">\n\t\t\t\n\t\t\t<ul class=\"nav nav-tabs nav-normal nav-size-xlarge nav-left active-on-hover\" role=\"tablist\"><li id=\"tab-informaci\u00d3n\" class=\"tab active has-icon\" role=\"presentation\"><a href=\"#tab_informaci\u00d3n\" role=\"tab\" aria-selected=\"true\" aria-controls=\"tab_informaci\u00d3n\"><span>INFORMACI\u00d3N<\/span><\/a><\/li>\n<li id=\"tab-accesorios\" class=\"tab has-icon\" role=\"presentation\"><a href=\"#tab_accesorios\" tabindex=\"-1\" role=\"tab\" aria-selected=\"false\" aria-controls=\"tab_accesorios\"><span>ACCESORIOS<\/span><\/a><\/li>\n<li id=\"tab-descargas\" class=\"tab has-icon\" role=\"presentation\"><a href=\"#tab_descargas\" tabindex=\"-1\" role=\"tab\" aria-selected=\"false\" aria-controls=\"tab_descargas\"><span>DESCARGAS<\/span><\/a><\/li>\n<li id=\"tab-especificaciones\" class=\"tab has-icon\" role=\"presentation\"><a href=\"#tab_especificaciones\" tabindex=\"-1\" role=\"tab\" aria-selected=\"false\" aria-controls=\"tab_especificaciones\"><span>ESPECIFICACIONES<\/span><\/a><\/li><\/ul><div class=\"tab-panels\"><div id=\"tab_informaci\u00d3n\" class=\"panel active entry-content\" role=\"tabpanel\" aria-labelledby=\"tab-informaci\u00d3n\">\n<div class=\"row\"  id=\"row-1740831394\">\n\n\t<div id=\"col-2121587443\" class=\"col medium-6 small-12 large-6\"  >\n\t\t\t\t<div class=\"col-inner\"  >\n\t\t\t\n\t\t\t\n<ul>\n<li>Capture, analice y documente im\u00e1genes t\u00e9rmicas;<\/li>\n<li>Transferencia directa de datos a trav\u00e9s de la interfaz multifunci\u00f3n (ISM);<\/li>\n<li>Conexi\u00f3n de interfaz directa con el dispositivo, sin necesidad de Bluetooth\u00ae;<\/li>\n<li>Alimentaci\u00f3n a trav\u00e9s del dispositivo conectado, por lo que no necesita bater\u00eda;<\/li>\n<\/ul>\n\t\t<\/div>\n\t\t\t\t\t<\/div>\n\n\t\n\n\t<div id=\"col-1765375685\" class=\"col medium-6 small-12 large-6\"  >\n\t\t\t\t<div class=\"col-inner text-left\"  >\n\t\t\t\n\t\t\t\n<p><strong>APROBACIONES<\/strong><\/p>\n<div class=\"csc-textpic csc-textpic-left csc-textpic-below csc-textpic-equalheight\">\n<div class=\"csc-textpic-text\">\n<ul>\n<li><strong>ATEX Zona 1\/21<\/strong><br \/>II 2G Ex ib IIC T4 Gb<br \/>II 2D Ex ib op es IIICT135\u00baC Db<\/li>\n<\/ul>\n<ul>\n<li><strong>IECEx zona 1\/21<\/strong><br \/>Ex ib IIC T4 Gb<br \/>Ex ib op es IIIC T135\u00baC Db<\/li>\n<\/ul>\n<\/div>\n<\/div>\n\t\t<\/div>\n\t\t\t\t\t<\/div>\n\n\t\n<\/div>\n<\/div>\n<div id=\"tab_accesorios\" class=\"panel entry-content\" role=\"tabpanel\" aria-labelledby=\"tab-accesorios\">\n<div class=\"row align-middle\"  id=\"row-1584656323\">\n\n\t<div id=\"col-587845675\" class=\"col medium-10 small-12 large-10\"  >\n\t\t\t\t<div class=\"col-inner\"  >\n\t\t\t\n\t\t\t\n\t\t<\/div>\n\t\t\t\t\t<\/div>\n\n\t\n\n\t<div id=\"col-2083444331\" class=\"col medium-2 small-12 large-2\"  >\n\t\t\t\t<div class=\"col-inner\"  >\n\t\t\t\n\t\t\t\n\t\t<\/div>\n\t\t\t\t\t<\/div>\n\n\t\n<\/div>\n<\/div>\n<div id=\"tab_descargas\" class=\"panel entry-content\" role=\"tabpanel\" aria-labelledby=\"tab-descargas\">\n<div class=\"row\"  id=\"row-683960912\">\n\n\t<div id=\"col-1630082535\" class=\"col medium-10 small-12 large-10\"  >\n\t\t\t\t<div class=\"col-inner\"  >\n\t\t\t\n\t\t\t\n<p><a href=\"https:\/\/abix.com.br\/wp-content\/uploads\/IS-TC1A.1-datasheet_EN.pdf\">IS-TC1A.1-ficha_ES<\/a><\/p>\n<p><a href=\"https:\/\/abix.com.br\/wp-content\/uploads\/IS-TC1A.1-manual_EN.pdf\">IS-TC1A.1-manual_ES<\/a><\/p>\n\t\t<\/div>\n\t\t\t\t\t<\/div>\n\n\t\n<\/div>\n<\/div>\n<div id=\"tab_especificaciones\" class=\"panel entry-content\" role=\"tabpanel\" aria-labelledby=\"tab-especificaciones\">\n<div class=\"row\"  id=\"row-1717631052\">\n\n\t<div id=\"col-1376296748\" class=\"col medium-9 small-12 large-9\"  >\n\t\t\t\t<div class=\"col-inner\"  >\n\t\t\t\n\t\t\t\n<h3>ESPECIFICACIONES T\u00c9CNICAS<\/h3>\n<ul>\n<li>Resoluci\u00f3n del sensor 200 (h) x 150 (v) | 30.000 p\u00edxeles | FixFocus | Zoom digital en la app;<\/li>\n<li>Sensibilidad del sensor 65 mK (t\u00edpica);<\/li>\n<li>Frecuencia de imagen &lt;9 Hz a 32 Hz;<\/li>\n<li>Rango din\u00e1mico de escena -40 \u00b0C a 330 \u00b0C;<\/li>\n<li>Precisi\u00f3n de temperatura \u00b1 7 \u00b0C y 7 % (de 5 \u00b0C a 140 \u00b0C) | \u00b1 10 \u00b0C y 10 % (de 140 \u00b0C a 330 \u00b0C);<\/li>\n<li>Alcance de detecci\u00f3n de hasta 300 metros;<\/li>\n<li>Alcance de reconocimiento de hasta 75 metros;<\/li>\n<li>Alcance de identificaci\u00f3n de hasta 25 metros;<\/li>\n<li>Campo de visi\u00f3n 35\u00b0 (HFOV) | 26\u00b0 (VFOV);<\/li>\n<li>Dimensiones: 112 x 82 x 50 mm | peso: 190 g;<\/li>\n<li>Alimentaci\u00f3n del dispositivo m\u00f3vil conectado;<\/li>\n<li>Comunicaci\u00f3n a trav\u00e9s de la interfaz ISM multifunci\u00f3n del IS530.1;<\/li>\n<li>Tipos de protecci\u00f3n IP67 | MIL-STD 810H | utilizable de -10 \u00b0C a + 60 \u00b0C;<\/li>\n<\/ul>\n\t\t<\/div>\n\t\t\t\t\t<\/div>\n\n\t\n<\/div>\n<\/div><\/div><\/div>\n\t\t<\/div>\n\t\t\t\t\t<\/div>\n\n\t\n<\/div>\n\t\t<\/div>\n\t\t\t\t\t<\/div>\n\n\t\n<\/div>\n\t\t<\/div>\n\n\t\t\n<style>\n#section_1795844730 {\n  padding-top: 0px;\n  padding-bottom: 0px;\n}\n<\/style>\n\t<\/section>\n\t\n","protected":false},"excerpt":{"rendered":"<p>La c\u00e1mara t\u00e9rmica IS-TC1A.1, en combinaci\u00f3n con el smartphone industrial IS530.1, detecta temperaturas en la zona de riesgo Ex de -40 \u00b0C a 330 \u00b0C en cuesti\u00f3n de segundos a trav\u00e9s de la app Seek Thermal (descarga gratuita en Google Play Store). Las im\u00e1genes t\u00e9rmicas y los v\u00eddeos se procesan y documentan directamente a trav\u00e9s de la interfaz ISM del smartphone IS530.1.<\/p>\n","protected":false},"featured_media":14785,"comment_status":"closed","ping_status":"closed","template":"","meta":[],"product_brand":[],"product_cat":[165],"product_tag":[],"class_list":{"0":"post-19302","1":"product","2":"type-product","3":"status-publish","4":"has-post-thumbnail","6":"product_cat-equipos-atex-ex","8":"first","9":"instock","10":"shipping-taxable","11":"product-type-simple"},"yoast_head":"<!-- This site is optimized with the Yoast SEO plugin v27.4 - https:\/\/yoast.com\/product\/yoast-seo-wordpress\/ -->\n<title>- Abix Tecnologia<\/title>\n<meta name=\"description\" content=\"Capture, analice y documente im\u00e1genes t\u00e9rmicas con la c\u00e1mara t\u00e9rmica IS-TC1A.1 en combinaci\u00f3n con el smartphone industrial IS530.1.\" \/>\n<meta name=\"robots\" content=\"index, follow, max-snippet:-1, max-image-preview:large, max-video-preview:-1\" \/>\n<link rel=\"canonical\" href=\"https:\/\/abix.com.br\/produto\/is-tc1a-1\/\" \/>\n<meta property=\"og:locale\" content=\"es_ES\" \/>\n<meta property=\"og:type\" content=\"article\" \/>\n<meta property=\"og:title\" content=\"- Abix Tecnologia\" \/>\n<meta property=\"og:description\" content=\"Capture, analice y documente im\u00e1genes t\u00e9rmicas con la c\u00e1mara t\u00e9rmica IS-TC1A.1 en combinaci\u00f3n con el smartphone industrial IS530.1.\" \/>\n<meta property=\"og:url\" content=\"https:\/\/abix.com.br\/produto\/is-tc1a-1\/\" \/>\n<meta property=\"og:site_name\" content=\"Abix\" \/>\n<meta property=\"article:modified_time\" content=\"2023-10-19T17:57:01+00:00\" \/>\n<meta property=\"og:image\" content=\"https:\/\/abix.com.br\/wp-content\/uploads\/2022\/08\/csm_PHO_PRO_BAC_IS-TC1A-1_back_with_IS530-1__SALL__AIN__V2_4295d1cfaa.webp\" \/>\n\t<meta property=\"og:image:width\" content=\"680\" \/>\n\t<meta property=\"og:image:height\" content=\"800\" \/>\n\t<meta property=\"og:image:type\" content=\"image\/webp\" \/>\n<meta name=\"twitter:card\" content=\"summary_large_image\" \/>\n<meta name=\"twitter:label1\" content=\"Tiempo de lectura\" \/>\n\t<meta name=\"twitter:data1\" content=\"2 minutos\" \/>\n<script type=\"application\/ld+json\" class=\"yoast-schema-graph\">{\"@context\":\"https:\\\/\\\/schema.org\",\"@graph\":[{\"@type\":\"WebPage\",\"@id\":\"https:\\\/\\\/abix.com.br\\\/produto\\\/is-tc1a-1\\\/\",\"url\":\"https:\\\/\\\/abix.com.br\\\/produto\\\/is-tc1a-1\\\/\",\"name\":\"- Abix Tecnologia\",\"isPartOf\":{\"@id\":\"https:\\\/\\\/abix.com.br\\\/#website\"},\"primaryImageOfPage\":{\"@id\":\"https:\\\/\\\/abix.com.br\\\/produto\\\/is-tc1a-1\\\/#primaryimage\"},\"image\":{\"@id\":\"https:\\\/\\\/abix.com.br\\\/produto\\\/is-tc1a-1\\\/#primaryimage\"},\"thumbnailUrl\":\"https:\\\/\\\/abix.com.br\\\/wp-content\\\/uploads\\\/2022\\\/08\\\/csm_PHO_PRO_BAC_IS-TC1A-1_back_with_IS530-1__SALL__AIN__V2_4295d1cfaa.webp\",\"datePublished\":\"2022-08-16T19:08:58+00:00\",\"dateModified\":\"2023-10-19T17:57:01+00:00\",\"description\":\"Capture, analice y documente im\u00e1genes t\u00e9rmicas con la c\u00e1mara t\u00e9rmica IS-TC1A.1 en combinaci\u00f3n con el smartphone industrial IS530.1.\",\"breadcrumb\":{\"@id\":\"https:\\\/\\\/abix.com.br\\\/produto\\\/is-tc1a-1\\\/#breadcrumb\"},\"inLanguage\":\"es\",\"potentialAction\":[{\"@type\":\"ReadAction\",\"target\":[\"https:\\\/\\\/abix.com.br\\\/produto\\\/is-tc1a-1\\\/\"]}]},{\"@type\":\"ImageObject\",\"inLanguage\":\"es\",\"@id\":\"https:\\\/\\\/abix.com.br\\\/produto\\\/is-tc1a-1\\\/#primaryimage\",\"url\":\"https:\\\/\\\/abix.com.br\\\/wp-content\\\/uploads\\\/2022\\\/08\\\/csm_PHO_PRO_BAC_IS-TC1A-1_back_with_IS530-1__SALL__AIN__V2_4295d1cfaa.webp\",\"contentUrl\":\"https:\\\/\\\/abix.com.br\\\/wp-content\\\/uploads\\\/2022\\\/08\\\/csm_PHO_PRO_BAC_IS-TC1A-1_back_with_IS530-1__SALL__AIN__V2_4295d1cfaa.webp\",\"width\":680,\"height\":800},{\"@type\":\"BreadcrumbList\",\"@id\":\"https:\\\/\\\/abix.com.br\\\/produto\\\/is-tc1a-1\\\/#breadcrumb\",\"itemListElement\":[{\"@type\":\"ListItem\",\"position\":1,\"name\":\"In\u00edcio\",\"item\":\"https:\\\/\\\/abix.com.br\\\/es\\\/\"},{\"@type\":\"ListItem\",\"position\":2,\"name\":\"Tienda\",\"item\":\"https:\\\/\\\/abix.com.br\\\/loja\\\/\"},{\"@type\":\"ListItem\",\"position\":3,\"name\":\"IS-TC1A.1\"}]},{\"@type\":\"WebSite\",\"@id\":\"https:\\\/\\\/abix.com.br\\\/#website\",\"url\":\"https:\\\/\\\/abix.com.br\\\/\",\"name\":\"Abix\",\"description\":\"\",\"potentialAction\":[{\"@type\":\"SearchAction\",\"target\":{\"@type\":\"EntryPoint\",\"urlTemplate\":\"https:\\\/\\\/abix.com.br\\\/?s={search_term_string}\"},\"query-input\":{\"@type\":\"PropertyValueSpecification\",\"valueRequired\":true,\"valueName\":\"search_term_string\"}}],\"inLanguage\":\"es\"}]}<\/script>\n<!-- \/ Yoast SEO plugin. -->","yoast_head_json":{"title":"- Abix Tecnologia","description":"Capture, analice y documente im\u00e1genes t\u00e9rmicas con la c\u00e1mara t\u00e9rmica IS-TC1A.1 en combinaci\u00f3n con el smartphone industrial IS530.1.","robots":{"index":"index","follow":"follow","max-snippet":"max-snippet:-1","max-image-preview":"max-image-preview:large","max-video-preview":"max-video-preview:-1"},"canonical":"https:\/\/abix.com.br\/produto\/is-tc1a-1\/","og_locale":"es_ES","og_type":"article","og_title":"- Abix Tecnologia","og_description":"Capture, analice y documente im\u00e1genes t\u00e9rmicas con la c\u00e1mara t\u00e9rmica IS-TC1A.1 en combinaci\u00f3n con el smartphone industrial IS530.1.","og_url":"https:\/\/abix.com.br\/produto\/is-tc1a-1\/","og_site_name":"Abix","article_modified_time":"2023-10-19T17:57:01+00:00","og_image":[{"width":680,"height":800,"url":"https:\/\/abix.com.br\/wp-content\/uploads\/2022\/08\/csm_PHO_PRO_BAC_IS-TC1A-1_back_with_IS530-1__SALL__AIN__V2_4295d1cfaa.webp","type":"image\/webp"}],"twitter_card":"summary_large_image","twitter_misc":{"Tiempo de lectura":"2 minutos"},"schema":{"@context":"https:\/\/schema.org","@graph":[{"@type":"WebPage","@id":"https:\/\/abix.com.br\/produto\/is-tc1a-1\/","url":"https:\/\/abix.com.br\/produto\/is-tc1a-1\/","name":"- Abix Tecnologia","isPartOf":{"@id":"https:\/\/abix.com.br\/#website"},"primaryImageOfPage":{"@id":"https:\/\/abix.com.br\/produto\/is-tc1a-1\/#primaryimage"},"image":{"@id":"https:\/\/abix.com.br\/produto\/is-tc1a-1\/#primaryimage"},"thumbnailUrl":"https:\/\/abix.com.br\/wp-content\/uploads\/2022\/08\/csm_PHO_PRO_BAC_IS-TC1A-1_back_with_IS530-1__SALL__AIN__V2_4295d1cfaa.webp","datePublished":"2022-08-16T19:08:58+00:00","dateModified":"2023-10-19T17:57:01+00:00","description":"Capture, analice y documente im\u00e1genes t\u00e9rmicas con la c\u00e1mara t\u00e9rmica IS-TC1A.1 en combinaci\u00f3n con el smartphone industrial IS530.1.","breadcrumb":{"@id":"https:\/\/abix.com.br\/produto\/is-tc1a-1\/#breadcrumb"},"inLanguage":"es","potentialAction":[{"@type":"ReadAction","target":["https:\/\/abix.com.br\/produto\/is-tc1a-1\/"]}]},{"@type":"ImageObject","inLanguage":"es","@id":"https:\/\/abix.com.br\/produto\/is-tc1a-1\/#primaryimage","url":"https:\/\/abix.com.br\/wp-content\/uploads\/2022\/08\/csm_PHO_PRO_BAC_IS-TC1A-1_back_with_IS530-1__SALL__AIN__V2_4295d1cfaa.webp","contentUrl":"https:\/\/abix.com.br\/wp-content\/uploads\/2022\/08\/csm_PHO_PRO_BAC_IS-TC1A-1_back_with_IS530-1__SALL__AIN__V2_4295d1cfaa.webp","width":680,"height":800},{"@type":"BreadcrumbList","@id":"https:\/\/abix.com.br\/produto\/is-tc1a-1\/#breadcrumb","itemListElement":[{"@type":"ListItem","position":1,"name":"In\u00edcio","item":"https:\/\/abix.com.br\/es\/"},{"@type":"ListItem","position":2,"name":"Tienda","item":"https:\/\/abix.com.br\/loja\/"},{"@type":"ListItem","position":3,"name":"IS-TC1A.1"}]},{"@type":"WebSite","@id":"https:\/\/abix.com.br\/#website","url":"https:\/\/abix.com.br\/","name":"Abix","description":"","potentialAction":[{"@type":"SearchAction","target":{"@type":"EntryPoint","urlTemplate":"https:\/\/abix.com.br\/?s={search_term_string}"},"query-input":{"@type":"PropertyValueSpecification","valueRequired":true,"valueName":"search_term_string"}}],"inLanguage":"es"}]}},"_links":{"self":[{"href":"https:\/\/abix.com.br\/es\/wp-json\/wp\/v2\/product\/19302","targetHints":{"allow":["GET"]}}],"collection":[{"href":"https:\/\/abix.com.br\/es\/wp-json\/wp\/v2\/product"}],"about":[{"href":"https:\/\/abix.com.br\/es\/wp-json\/wp\/v2\/types\/product"}],"replies":[{"embeddable":true,"href":"https:\/\/abix.com.br\/es\/wp-json\/wp\/v2\/comments?post=19302"}],"wp:featuredmedia":[{"embeddable":true,"href":"https:\/\/abix.com.br\/es\/wp-json\/wp\/v2\/media\/14785"}],"wp:attachment":[{"href":"https:\/\/abix.com.br\/es\/wp-json\/wp\/v2\/media?parent=19302"}],"wp:term":[{"taxonomy":"product_brand","embeddable":true,"href":"https:\/\/abix.com.br\/es\/wp-json\/wp\/v2\/product_brand?post=19302"},{"taxonomy":"product_cat","embeddable":true,"href":"https:\/\/abix.com.br\/es\/wp-json\/wp\/v2\/product_cat?post=19302"},{"taxonomy":"product_tag","embeddable":true,"href":"https:\/\/abix.com.br\/es\/wp-json\/wp\/v2\/product_tag?post=19302"}],"curies":[{"name":"wp","href":"https:\/\/api.w.org\/{rel}","templated":true}]}}