{"id":19303,"date":"2021-10-18T14:26:29","date_gmt":"2021-10-18T17:26:29","guid":{"rendered":"https:\/\/abix.com.br\/produto\/is-th1\/"},"modified":"2023-10-19T14:57:42","modified_gmt":"2023-10-19T17:57:42","slug":"is-th1","status":"publish","type":"product","link":"https:\/\/abix.com.br\/es\/produto\/is-th1\/","title":{"rendered":"IS-TH1"},"content":{"rendered":"\n\t<section class=\"section\" id=\"section_283243186\">\n\t\t<div class=\"section-bg fill\" >\n\t\t\t\t\t\t\t\t\t\n\t\t\t\n\n\t\t<\/div>\n\n\t\t\n\n\t\t<div class=\"section-content relative\">\n\t\t\t\n<div class=\"row\"  id=\"row-2046958129\">\n\n\t<div id=\"col-1656488953\" class=\"col small-12 large-12\"  >\n\t\t\t\t<div class=\"col-inner\"  >\n\t\t\t\n\t\t\t\n<div class=\"row\"  id=\"row-540691230\">\n\n\t<div id=\"col-777568001\" class=\"col small-12 large-12\"  >\n\t\t\t\t<div class=\"col-inner\"  >\n\t\t\t\n\t\t\t\n\n\t\t<div class=\"tabbed-content locacao-tabs\">\n\t\t\t\n\t\t\t<ul class=\"nav nav-tabs nav-normal nav-size-xlarge nav-left active-on-hover\" role=\"tablist\"><li id=\"tab-informaci\u00d3n\" class=\"tab active has-icon\" role=\"presentation\"><a href=\"#tab_informaci\u00d3n\" role=\"tab\" aria-selected=\"true\" aria-controls=\"tab_informaci\u00d3n\"><span>INFORMACI\u00d3N<\/span><\/a><\/li>\n<li id=\"tab-accesorios\" class=\"tab has-icon\" role=\"presentation\"><a href=\"#tab_accesorios\" tabindex=\"-1\" role=\"tab\" aria-selected=\"false\" aria-controls=\"tab_accesorios\"><span>ACCESORIOS<\/span><\/a><\/li>\n<li id=\"tab-descargas\" class=\"tab has-icon\" role=\"presentation\"><a href=\"#tab_descargas\" tabindex=\"-1\" role=\"tab\" aria-selected=\"false\" aria-controls=\"tab_descargas\"><span>DESCARGAS<\/span><\/a><\/li>\n<li id=\"tab-especificaciones\" class=\"tab has-icon\" role=\"presentation\"><a href=\"#tab_especificaciones\" tabindex=\"-1\" role=\"tab\" aria-selected=\"false\" aria-controls=\"tab_especificaciones\"><span>ESPECIFICACIONES<\/span><\/a><\/li><\/ul><div class=\"tab-panels\"><div id=\"tab_informaci\u00d3n\" class=\"panel active entry-content\" role=\"tabpanel\" aria-labelledby=\"tab-informaci\u00d3n\">\n<div class=\"row\"  id=\"row-1779183971\">\n\n\t<div id=\"col-105314150\" class=\"col medium-6 small-12 large-6\"  >\n\t\t\t\t<div class=\"col-inner\"  >\n\t\t\t\n\t\t\t\n<p>El conjunto multifuncional m\u00f3vil compuesto por un Trigger Handle (esc\u00e1ner port\u00e1til de c\u00f3digos de barras) y un smartphone industrial IS530.x es una combinaci\u00f3n flexible para la adquisici\u00f3n fiable de datos en zonas Ex. El esc\u00e1ner HID de alto rendimiento, activo y listo para usar, captura cualquier c\u00f3digo de barras 1D o 2D a una distancia corta de hasta 6 metros o a distancias de m\u00e1s de 15 metros mediante los fiables motores de lectura de im\u00e1genes OEM de Zebra. A continuaci\u00f3n, los datos se procesan directamente a trav\u00e9s del smartphone IS530.x conectado mediante la interfaz ISM.<\/p>\n\t\t<\/div>\n\t\t\t\t\t<\/div>\n\n\t\n\n\t<div id=\"col-1993033923\" class=\"col medium-6 small-12 large-6\"  >\n\t\t\t\t<div class=\"col-inner text-left\"  >\n\t\t\t\n\t\t\t\n<ul>\n<li><strong>ATEX Zona 1\/21<\/strong><br \/>\nII 2G Ex ib IIC T4 Gb<br \/>\nII 2D Ex ib op es IIICT135\u00baC Db<\/li>\n<\/ul>\n<ul>\n<li><strong>IECEx zona 1\/21<\/strong><br \/>\nEx ib IIC T4 Gb<br \/>\nEx ib op es IIICT135\u00baC Db<\/li>\n<\/ul>\n\t\t<\/div>\n\t\t\t\t\t<\/div>\n\n\t\n<\/div>\n<\/div>\n<div id=\"tab_accesorios\" class=\"panel entry-content\" role=\"tabpanel\" aria-labelledby=\"tab-accesorios\">\n<div class=\"row align-middle\"  id=\"row-937285483\">\n\n\t<div id=\"col-1214658924\" class=\"col medium-10 small-12 large-10\"  >\n\t\t\t\t<div class=\"col-inner\"  >\n\t\t\t\n\t\t\t\n<p><strong>IS-DCTH1.1 CARGADOR DE SOBREMESA<\/strong><\/p>\n<p>Cargador de mesa para cargar el IS530.1 utilizado en el mango de accionamiento. Esto permite una carga c\u00f3moda sin necesidad de retirar el IS530.1 del asa de accionamiento. El cargador de sobremesa tiene un indicador de carga. Dimensiones: 140 x 105 x 50 mm (L x A x A).<\/p>\n<p><strong>Adaptador de programaci\u00f3n IS-PATH1.1<\/strong><\/p>\n<p>Para conectar el IS-TH1xx.1 a un PC sin utilizar un IS530.1. Por ejemplo, para programar el identificador de disparo con la aplicaci\u00f3n de escaneado Zebra 123. Dimensiones: 80 x 40 x 16 mm (largo x ancho x alto).<\/p>\n<p><strong>FUNDA DE CUERO<\/strong><\/p>\n<p>La robusta bolsa est\u00e1 fabricada con tejido antiest\u00e1tico y cuenta con una resistente funda de cuero a ambos lados. De este modo, tanto los diestros como los zurdos pueden llevar la empu\u00f1adura de accionamiento. Se fija f\u00e1cil y r\u00e1pidamente al cintur\u00f3n mediante botones de presi\u00f3n. Dimensiones: 12 x 8 x 17 cm (LxAxA).<\/p>\n\t\t<\/div>\n\t\t\t\t\t<\/div>\n\n\t\n\n\t<div id=\"col-2075938209\" class=\"col medium-2 small-12 large-2\"  >\n\t\t\t\t<div class=\"col-inner\"  >\n\t\t\t\n\t\t\t\n\t\t<\/div>\n\t\t\t\t\t<\/div>\n\n\t\n<\/div>\n<\/div>\n<div id=\"tab_descargas\" class=\"panel entry-content\" role=\"tabpanel\" aria-labelledby=\"tab-descargas\">\n<div class=\"row\"  id=\"row-187514167\">\n\n\t<div id=\"col-926008357\" class=\"col medium-10 small-12 large-10\"  >\n\t\t\t\t<div class=\"col-inner\"  >\n\t\t\t\n\t\t\t\n<p><strong>FICHA T\u00c9CNICA<\/strong><\/p>\n<ul>\n<li><a href=\"https:\/\/www.abix.com.br\/wp-content\/uploads\/IS-TH1_datasheet_EN.pdf\">IS-TH1_datasheet_ES<\/a><\/li>\n<\/ul>\n<p>Redes: 3G\/4G, Wi-Fi<br \/>\nCapacidad de canales: 96 canales<br \/>\nLista de contactos: 300 contactos<br \/>\nDimensiones: (Al x An x Pr)<br \/>\nSin antena: 131 x 59 x 22 mm<br \/>\nCon antena: 169 x 59 x 22 mm<br \/>\nPeso con bater\u00eda: 170 g (6,0 oz)<br \/>\nCapacidad de la bater\u00eda 3,7 V (nominal) 2300 mAh<br \/>\nBater\u00eda (2500mAh Li-Ion Battery)<br \/>\nC\u00f3dec de voz OPUS<br \/>\nVersi\u00f3n de Bluetooth: V4.2 EDR + BLE<br \/>\nGPS GNSS \/ A-GNSS (GPS, GLONASS, Galileo, BeiDou)<br \/>\nWi-Fi 802.11 a\/b\/g\/n 2,4\/5,0 GHz<br \/>\nTARJETA SIM<br \/>\nAplicaciones compatibles: WAVE PTX<br \/>\nCriptograf\u00eda: AES-256<br \/>\nClasificaci\u00f3n: IP54 IEC60529<\/p>\n\t\t<\/div>\n\t\t\t\t\t<\/div>\n\n\t\n<\/div>\n<\/div>\n<div id=\"tab_especificaciones\" class=\"panel entry-content\" role=\"tabpanel\" aria-labelledby=\"tab-especificaciones\">\n<div class=\"row\"  id=\"row-865807601\">\n\n\t<div id=\"col-1501593214\" class=\"col medium-9 small-12 large-9\"  >\n\t\t\t\t<div class=\"col-inner\"  >\n\t\t\t\n\t\t\t\n<h3>ESPECIFICACIONES T\u00c9CNICAS<\/h3>\n<ul>\n<li>Peso: MR = 380 g | ER = 400 g (sin IS530);<\/li>\n<li>Tama\u00f1o: 200 x 125 x 82 mm;<\/li>\n<li>Funci\u00f3n de indicaci\u00f3n Altavoz | Vibraci\u00f3n | Pantalla LED;<\/li>\n<li>Fuente de alimentaci\u00f3n en IS530 | se puede llevar en el asa;<\/li>\n<li>Comunicaci\u00f3n a trav\u00e9s de la interfaz ISM multifunci\u00f3n del IS530.<\/li>\n<li>MIL-STD 810G | Protecci\u00f3n IP68;<\/li>\n<\/ul>\n<h3>TIPOS DE ESCANEADO<\/h3>\n<ul>\n<li>IS-TH1MR.1 (alcance medio) con Zebra SE4750 MR | hasta 6 m;<\/li>\n<li>IS-TH1ER.1 (alcance ampliado) con Zebra SE4850 ER | m\u00e1s de 15 m;<\/li>\n<\/ul>\n\t\t<\/div>\n\t\t\t\t\t<\/div>\n\n\t\n<\/div>\n<\/div><\/div><\/div>\n\t\t<\/div>\n\t\t\t\t\t<\/div>\n\n\t\n<\/div>\n\t\t<\/div>\n\t\t\t\t\t<\/div>\n\n\t\n<\/div>\n\t\t<\/div>\n\n\t\t\n<style>\n#section_283243186 {\n  padding-top: 0px;\n  padding-bottom: 0px;\n}\n<\/style>\n\t<\/section>\n\t\n","protected":false},"excerpt":{"rendered":"<ul>\n<li style=\"text-align: justify;\">Combinaci\u00f3n flexible de empu\u00f1adura de disparo y smartphone multifunci\u00f3n para un registro de datos fiable;<\/li>\n<li style=\"text-align: justify;\">El set multifunci\u00f3n m\u00f3vil combina una amplia gama de funciones y posibilidades para utilizar varios dispositivos en uno;<\/li>\n<li style=\"text-align: justify;\">La IS-TH1 permite digitalizar de forma r\u00e1pida y sencilla cualquier imagen 1D o 2D;<\/li>\n<li style=\"text-align: justify;\">C\u00f3digos de barras a corta distancia o a distancias superiores a 15 metros;<\/li>\n<li>Equipo similar al lector de c\u00f3digo de barras fabricado por BARTEC modelo BCS3600;<\/li>\n<\/ul>\n","protected":false},"featured_media":14645,"comment_status":"closed","ping_status":"closed","template":"","meta":[],"product_brand":[],"product_cat":[165],"product_tag":[],"class_list":{"0":"post-19303","1":"product","2":"type-product","3":"status-publish","4":"has-post-thumbnail","6":"product_cat-equipos-atex-ex","8":"first","9":"instock","10":"shipping-taxable","11":"product-type-simple"},"yoast_head":"<!-- This site is optimized with the Yoast SEO plugin v27.4 - https:\/\/yoast.com\/product\/yoast-seo-wordpress\/ -->\n<title>- Abix Tecnologia<\/title>\n<meta name=\"description\" content=\"Conjunto multifunci\u00f3n m\u00f3vil que combina un Trigger Handle (lector de c\u00f3digos de barras port\u00e1til) y un smartphone industrial IS530.x.\" \/>\n<meta name=\"robots\" content=\"index, follow, max-snippet:-1, max-image-preview:large, max-video-preview:-1\" \/>\n<link rel=\"canonical\" href=\"https:\/\/abix.com.br\/produto\/is-th1\/\" \/>\n<meta property=\"og:locale\" content=\"es_ES\" \/>\n<meta property=\"og:type\" content=\"article\" \/>\n<meta property=\"og:title\" content=\"- Abix Tecnologia\" \/>\n<meta property=\"og:description\" content=\"Conjunto multifunci\u00f3n m\u00f3vil que combina un Trigger Handle (lector de c\u00f3digos de barras port\u00e1til) y un smartphone industrial IS530.x.\" \/>\n<meta property=\"og:url\" content=\"https:\/\/abix.com.br\/produto\/is-th1\/\" \/>\n<meta property=\"og:site_name\" content=\"Abix\" \/>\n<meta property=\"article:modified_time\" content=\"2023-10-19T17:57:42+00:00\" \/>\n<meta property=\"og:image\" content=\"https:\/\/abix.com.br\/wp-content\/uploads\/2021\/10\/IS-TH1xx-1-Font-white.webp\" \/>\n\t<meta property=\"og:image:width\" content=\"445\" \/>\n\t<meta property=\"og:image:height\" content=\"533\" \/>\n\t<meta property=\"og:image:type\" content=\"image\/webp\" \/>\n<meta name=\"twitter:card\" content=\"summary_large_image\" \/>\n<meta name=\"twitter:label1\" content=\"Tiempo de lectura\" \/>\n\t<meta name=\"twitter:data1\" content=\"3 minutos\" \/>\n<script type=\"application\/ld+json\" class=\"yoast-schema-graph\">{\"@context\":\"https:\\\/\\\/schema.org\",\"@graph\":[{\"@type\":\"WebPage\",\"@id\":\"https:\\\/\\\/abix.com.br\\\/produto\\\/is-th1\\\/\",\"url\":\"https:\\\/\\\/abix.com.br\\\/produto\\\/is-th1\\\/\",\"name\":\"- Abix Tecnologia\",\"isPartOf\":{\"@id\":\"https:\\\/\\\/abix.com.br\\\/#website\"},\"primaryImageOfPage\":{\"@id\":\"https:\\\/\\\/abix.com.br\\\/produto\\\/is-th1\\\/#primaryimage\"},\"image\":{\"@id\":\"https:\\\/\\\/abix.com.br\\\/produto\\\/is-th1\\\/#primaryimage\"},\"thumbnailUrl\":\"https:\\\/\\\/abix.com.br\\\/wp-content\\\/uploads\\\/2021\\\/10\\\/IS-TH1xx-1-Font-white.webp\",\"datePublished\":\"2021-10-18T17:26:29+00:00\",\"dateModified\":\"2023-10-19T17:57:42+00:00\",\"description\":\"Conjunto multifunci\u00f3n m\u00f3vil que combina un Trigger Handle (lector de c\u00f3digos de barras port\u00e1til) y un smartphone industrial IS530.x.\",\"breadcrumb\":{\"@id\":\"https:\\\/\\\/abix.com.br\\\/produto\\\/is-th1\\\/#breadcrumb\"},\"inLanguage\":\"es\",\"potentialAction\":[{\"@type\":\"ReadAction\",\"target\":[\"https:\\\/\\\/abix.com.br\\\/produto\\\/is-th1\\\/\"]}]},{\"@type\":\"ImageObject\",\"inLanguage\":\"es\",\"@id\":\"https:\\\/\\\/abix.com.br\\\/produto\\\/is-th1\\\/#primaryimage\",\"url\":\"https:\\\/\\\/abix.com.br\\\/wp-content\\\/uploads\\\/2021\\\/10\\\/IS-TH1xx-1-Font-white.webp\",\"contentUrl\":\"https:\\\/\\\/abix.com.br\\\/wp-content\\\/uploads\\\/2021\\\/10\\\/IS-TH1xx-1-Font-white.webp\",\"width\":445,\"height\":533},{\"@type\":\"BreadcrumbList\",\"@id\":\"https:\\\/\\\/abix.com.br\\\/produto\\\/is-th1\\\/#breadcrumb\",\"itemListElement\":[{\"@type\":\"ListItem\",\"position\":1,\"name\":\"In\u00edcio\",\"item\":\"https:\\\/\\\/abix.com.br\\\/es\\\/\"},{\"@type\":\"ListItem\",\"position\":2,\"name\":\"Tienda\",\"item\":\"https:\\\/\\\/abix.com.br\\\/loja\\\/\"},{\"@type\":\"ListItem\",\"position\":3,\"name\":\"IS-TH1\"}]},{\"@type\":\"WebSite\",\"@id\":\"https:\\\/\\\/abix.com.br\\\/#website\",\"url\":\"https:\\\/\\\/abix.com.br\\\/\",\"name\":\"Abix\",\"description\":\"\",\"potentialAction\":[{\"@type\":\"SearchAction\",\"target\":{\"@type\":\"EntryPoint\",\"urlTemplate\":\"https:\\\/\\\/abix.com.br\\\/?s={search_term_string}\"},\"query-input\":{\"@type\":\"PropertyValueSpecification\",\"valueRequired\":true,\"valueName\":\"search_term_string\"}}],\"inLanguage\":\"es\"}]}<\/script>\n<!-- \/ Yoast SEO plugin. -->","yoast_head_json":{"title":"- Abix Tecnologia","description":"Conjunto multifunci\u00f3n m\u00f3vil que combina un Trigger Handle (lector de c\u00f3digos de barras port\u00e1til) y un smartphone industrial IS530.x.","robots":{"index":"index","follow":"follow","max-snippet":"max-snippet:-1","max-image-preview":"max-image-preview:large","max-video-preview":"max-video-preview:-1"},"canonical":"https:\/\/abix.com.br\/produto\/is-th1\/","og_locale":"es_ES","og_type":"article","og_title":"- Abix Tecnologia","og_description":"Conjunto multifunci\u00f3n m\u00f3vil que combina un Trigger Handle (lector de c\u00f3digos de barras port\u00e1til) y un smartphone industrial IS530.x.","og_url":"https:\/\/abix.com.br\/produto\/is-th1\/","og_site_name":"Abix","article_modified_time":"2023-10-19T17:57:42+00:00","og_image":[{"width":445,"height":533,"url":"https:\/\/abix.com.br\/wp-content\/uploads\/2021\/10\/IS-TH1xx-1-Font-white.webp","type":"image\/webp"}],"twitter_card":"summary_large_image","twitter_misc":{"Tiempo de lectura":"3 minutos"},"schema":{"@context":"https:\/\/schema.org","@graph":[{"@type":"WebPage","@id":"https:\/\/abix.com.br\/produto\/is-th1\/","url":"https:\/\/abix.com.br\/produto\/is-th1\/","name":"- Abix Tecnologia","isPartOf":{"@id":"https:\/\/abix.com.br\/#website"},"primaryImageOfPage":{"@id":"https:\/\/abix.com.br\/produto\/is-th1\/#primaryimage"},"image":{"@id":"https:\/\/abix.com.br\/produto\/is-th1\/#primaryimage"},"thumbnailUrl":"https:\/\/abix.com.br\/wp-content\/uploads\/2021\/10\/IS-TH1xx-1-Font-white.webp","datePublished":"2021-10-18T17:26:29+00:00","dateModified":"2023-10-19T17:57:42+00:00","description":"Conjunto multifunci\u00f3n m\u00f3vil que combina un Trigger Handle (lector de c\u00f3digos de barras port\u00e1til) y un smartphone industrial IS530.x.","breadcrumb":{"@id":"https:\/\/abix.com.br\/produto\/is-th1\/#breadcrumb"},"inLanguage":"es","potentialAction":[{"@type":"ReadAction","target":["https:\/\/abix.com.br\/produto\/is-th1\/"]}]},{"@type":"ImageObject","inLanguage":"es","@id":"https:\/\/abix.com.br\/produto\/is-th1\/#primaryimage","url":"https:\/\/abix.com.br\/wp-content\/uploads\/2021\/10\/IS-TH1xx-1-Font-white.webp","contentUrl":"https:\/\/abix.com.br\/wp-content\/uploads\/2021\/10\/IS-TH1xx-1-Font-white.webp","width":445,"height":533},{"@type":"BreadcrumbList","@id":"https:\/\/abix.com.br\/produto\/is-th1\/#breadcrumb","itemListElement":[{"@type":"ListItem","position":1,"name":"In\u00edcio","item":"https:\/\/abix.com.br\/es\/"},{"@type":"ListItem","position":2,"name":"Tienda","item":"https:\/\/abix.com.br\/loja\/"},{"@type":"ListItem","position":3,"name":"IS-TH1"}]},{"@type":"WebSite","@id":"https:\/\/abix.com.br\/#website","url":"https:\/\/abix.com.br\/","name":"Abix","description":"","potentialAction":[{"@type":"SearchAction","target":{"@type":"EntryPoint","urlTemplate":"https:\/\/abix.com.br\/?s={search_term_string}"},"query-input":{"@type":"PropertyValueSpecification","valueRequired":true,"valueName":"search_term_string"}}],"inLanguage":"es"}]}},"_links":{"self":[{"href":"https:\/\/abix.com.br\/es\/wp-json\/wp\/v2\/product\/19303","targetHints":{"allow":["GET"]}}],"collection":[{"href":"https:\/\/abix.com.br\/es\/wp-json\/wp\/v2\/product"}],"about":[{"href":"https:\/\/abix.com.br\/es\/wp-json\/wp\/v2\/types\/product"}],"replies":[{"embeddable":true,"href":"https:\/\/abix.com.br\/es\/wp-json\/wp\/v2\/comments?post=19303"}],"wp:featuredmedia":[{"embeddable":true,"href":"https:\/\/abix.com.br\/es\/wp-json\/wp\/v2\/media\/14645"}],"wp:attachment":[{"href":"https:\/\/abix.com.br\/es\/wp-json\/wp\/v2\/media?parent=19303"}],"wp:term":[{"taxonomy":"product_brand","embeddable":true,"href":"https:\/\/abix.com.br\/es\/wp-json\/wp\/v2\/product_brand?post=19303"},{"taxonomy":"product_cat","embeddable":true,"href":"https:\/\/abix.com.br\/es\/wp-json\/wp\/v2\/product_cat?post=19303"},{"taxonomy":"product_tag","embeddable":true,"href":"https:\/\/abix.com.br\/es\/wp-json\/wp\/v2\/product_tag?post=19303"}],"curies":[{"name":"wp","href":"https:\/\/api.w.org\/{rel}","templated":true}]}}