{"id":19304,"date":"2021-04-16T16:09:16","date_gmt":"2021-04-16T19:09:16","guid":{"rendered":"https:\/\/abix.com.br\/produto\/smartphone-reforzado-rg725\/"},"modified":"2023-10-19T14:58:36","modified_gmt":"2023-10-19T17:58:36","slug":"smartphone-reforzado-rg725","status":"publish","type":"product","link":"https:\/\/abix.com.br\/es\/produto\/smartphone-reforzado-rg725\/","title":{"rendered":"SMARTPHONE REFORZADO RG725"},"content":{"rendered":"\n\t<section class=\"section\" id=\"section_2005212762\">\n\t\t<div class=\"section-bg fill\" >\n\t\t\t\t\t\t\t\t\t\n\t\t\t\n\n\t\t<\/div>\n\n\t\t\n\n\t\t<div class=\"section-content relative\">\n\t\t\t\n<div class=\"row\"  id=\"row-3807092\">\n\n\t<div id=\"col-532706887\" class=\"col small-12 large-12\"  >\n\t\t\t\t<div class=\"col-inner\"  >\n\t\t\t\n\t\t\t\n<div class=\"row\"  id=\"row-632938755\">\n\n\t<div id=\"col-1889319492\" class=\"col small-12 large-12\"  >\n\t\t\t\t<div class=\"col-inner\"  >\n\t\t\t\n\t\t\t\n\n\t\t<div class=\"tabbed-content locacao-tabs\">\n\t\t\t\n\t\t\t<ul class=\"nav nav-tabs nav-normal nav-size-xlarge nav-left active-on-hover\" role=\"tablist\"><li id=\"tab-informaci\u00d3n\" class=\"tab active has-icon\" role=\"presentation\"><a href=\"#tab_informaci\u00d3n\" role=\"tab\" aria-selected=\"true\" aria-controls=\"tab_informaci\u00d3n\"><span>INFORMACI\u00d3N<\/span><\/a><\/li>\n<li id=\"tab-accesorios\" class=\"tab has-icon\" role=\"presentation\"><a href=\"#tab_accesorios\" tabindex=\"-1\" role=\"tab\" aria-selected=\"false\" aria-controls=\"tab_accesorios\"><span>ACCESORIOS<\/span><\/a><\/li>\n<li id=\"tab-descargas\" class=\"tab has-icon\" role=\"presentation\"><a href=\"#tab_descargas\" tabindex=\"-1\" role=\"tab\" aria-selected=\"false\" aria-controls=\"tab_descargas\"><span>DESCARGAS<\/span><\/a><\/li>\n<li id=\"tab-especificaciones\" class=\"tab has-icon\" role=\"presentation\"><a href=\"#tab_especificaciones\" tabindex=\"-1\" role=\"tab\" aria-selected=\"false\" aria-controls=\"tab_especificaciones\"><span>ESPECIFICACIONES<\/span><\/a><\/li><\/ul><div class=\"tab-panels\"><div id=\"tab_informaci\u00d3n\" class=\"panel active entry-content\" role=\"tabpanel\" aria-labelledby=\"tab-informaci\u00d3n\">\n<div class=\"row\"  id=\"row-1778467101\">\n\n\t<div id=\"col-1502192820\" class=\"col medium-6 small-12 large-6\"  >\n\t\t\t\t<div class=\"col-inner\"  >\n\t\t\t\n\t\t\t\n<p><strong>P<\/strong><strong>ROYECTADO PARA PTT<\/strong><\/p>\n<p>El RG725 se dise\u00f1\u00f3 pensando en la PTT a trav\u00e9s de tel\u00e9fonos m\u00f3viles. Construido para uso corporativo, el RG725 est\u00e1 precalificado para las principales soluciones de software m\u00f3vil.<\/p>\n<p><strong>SISTEMA OPERATIVO ANDROID<\/strong><\/p>\n<p>AndroidTM 10, totalmente compatible con los requisitos para dispositivos robustos Recomendado para Android Enterprise. Actualizaciones de seguridad trimestrales durante al menos cinco a\u00f1os desde el lanzamiento.<\/p>\n<p><strong>IMPERMEABLE<\/strong><\/p>\n<p>El smartphone puede sumergirse en el agua durante 60 minutos, incluso a 2 metros de profundidad. Es un m\u00f3vil para cualquier lugar h\u00famedo, ideal para lugares de trabajo donde es necesaria la desinfecci\u00f3n<\/p>\n\t\t<\/div>\n\t\t\t\t\t<\/div>\n\n\t\n\n\t<div id=\"col-613657904\" class=\"col medium-6 small-12 large-6\"  >\n\t\t\t\t<div class=\"col-inner text-left\"  >\n\t\t\t\n\t\t\t\n<p><strong>BATER\u00cdA<\/strong><\/p>\n<p>La potente bater\u00eda de 5000 mAh ofrece una excelente autonom\u00eda. La bater\u00eda tambi\u00e9n se puede sustituir f\u00e1cilmente, para un uso a\u00fan m\u00e1s prolongado.<\/p>\n<p><strong>AUDIO<\/strong><\/p>\n<p>Tecnolog\u00eda de audio inteligente avanzada, dise\u00f1o de altavoz frontal con volumen optimizado de hasta 105 dB, que permite escuchar en entornos ruidosos.<\/p>\n<p><strong>BOT\u00d3N PTT<\/strong><\/p>\n<p>Con un gran bot\u00f3n PTT y un marcador para cambiar r\u00e1pidamente el canal de despliegue, comun\u00edquese al instante con s\u00f3lo pulsar un bot\u00f3n, a uno o a varios.<\/p>\n\t\t<\/div>\n\t\t\t\t\t<\/div>\n\n\t\n<\/div>\n<\/div>\n<div id=\"tab_accesorios\" class=\"panel entry-content\" role=\"tabpanel\" aria-labelledby=\"tab-accesorios\">\n<div class=\"row align-middle\"  id=\"row-1163982845\">\n\n\t<div id=\"col-867994105\" class=\"col medium-10 small-12 large-10\"  >\n\t\t\t\t<div class=\"col-inner\"  >\n\t\t\t\n\t\t\t\n<p><strong>PTT RSM<\/strong><\/p>\n<p>RG725 PTT RSM Bluetooth<\/p>\n<p><strong>MULTICHARGER<\/strong><\/p>\n<p>Cargador para 6 smartphones<\/p>\n<p><strong>PTT RSM<\/strong><\/p>\n<p>El micr\u00f3fono ligero con altavoz remoto se ha dise\u00f1ado especialmente para aplicaciones PTT.<\/p>\n\t\t<\/div>\n\t\t\t\t\t<\/div>\n\n\t\n\n\t<div id=\"col-1406958246\" class=\"col medium-2 small-12 large-2\"  >\n\t\t\t\t<div class=\"col-inner\"  >\n\t\t\t\n\t\t\t\n\t\t<\/div>\n\t\t\t\t\t<\/div>\n\n\t\n<\/div>\n<\/div>\n<div id=\"tab_descargas\" class=\"panel entry-content\" role=\"tabpanel\" aria-labelledby=\"tab-descargas\">\n<div class=\"row\"  id=\"row-1051862499\">\n\n\t<div id=\"col-1148344977\" class=\"col medium-10 small-12 large-10\"  >\n\t\t\t\t<div class=\"col-inner\"  >\n\t\t\t\n\t\t\t\n<p><strong>FICHA T\u00c9CNICA<\/strong><\/p>\n<ul>\n<li><a href=\"https:\/\/www.abix.com.br\/wp-content\/uploads\/RG725_Brochure__Android_8.1__20201012_2.pdf\">RG725_Folleto<\/a><\/li>\n<\/ul>\n<p><strong>MANUAL DEL USUARIO<\/strong><\/p>\n<ul>\n<li><a href=\"https:\/\/www.abix.com.br\/wp-content\/uploads\/RG725_manual_20201208.pdf\">RG725_manual<\/a><\/li>\n<\/ul>\n\t\t<\/div>\n\t\t\t\t\t<\/div>\n\n\t\n<\/div>\n<\/div>\n<div id=\"tab_especificaciones\" class=\"panel entry-content\" role=\"tabpanel\" aria-labelledby=\"tab-especificaciones\">\n<div class=\"row\"  id=\"row-478721481\">\n\n\t<div id=\"col-260464754\" class=\"col medium-6 small-12 large-6\"  >\n\t\t\t\t<div class=\"col-inner\"  >\n\t\t\t\n\t\t\t\n<h3>CARACTER\u00cdSTICAS DE RENDIMIENTO<\/h3>\n<ul>\n<li><strong>Bater\u00eda &#8211; est\u00e1ndar=bater\u00eda<\/strong>de <strong>5000<\/strong>mAh (reemplazable)<\/li>\n<\/ul>\n<ul>\n<li><strong>Bandas de frecuencia<\/strong><\/li>\n<\/ul>\n<p>GSM 850\/900\/1800\/1900 MHz<br \/>\nWCDMA UMTS B1 \/ B2 \/ B4 \/ B5 \/ B8<br \/>\nLTE-TDD B38 \/ B39 \/ B40 \/ B41<br \/>\nLTE-FDD B1 \/ B2 \/ B3 \/ B4 \/ B5 \/ B7 \/ B8 \/ B12 con MFBI B13 \/ B14 \/ B17 \/ B20 \/ B25 \/ B26 \/ B28A \/ B28B \/ B30 \/ B66<\/p>\n<ul>\n<li><strong>WI-FI<\/strong><\/li>\n<\/ul>\n<p>2,4 GHz + 5 GHz<br \/>\nIEEE 802.11 a \/ b \/ g \/ n \/ ac \/ e \/ k \/ r \/ h con punto de acceso para max. 8 conexiones<\/p>\n<ul>\n<li><strong>Conectividad:<\/strong><\/li>\n<\/ul>\n<p>Conector USB-C \/ 13 pines para auriculares (conexi\u00f3n directa a la radio)<\/p>\n<ul>\n<li><strong>Grado de protecci\u00f3n<\/strong><\/li>\n<\/ul>\n<p>IP68<\/p>\n<ul>\n<li><strong>Especificaciones militares<\/strong><\/li>\n<\/ul>\n<p>810 D, 810 E, 810 F, 810 G<\/p>\n<ul>\n<li><strong>Temperatura de funcionamiento<\/strong><\/li>\n<\/ul>\n<p>-30 a +60 \u00b0C<\/p>\n<ul>\n<li><strong>Sumergible<\/strong><\/li>\n<\/ul>\n<p>S\u00ed<\/p>\n<ul>\n<li><strong>Tarjeta SIM<\/strong><\/li>\n<\/ul>\n<p>Doble nano-SIM<\/p>\n\t\t<\/div>\n\t\t\t\t\t<\/div>\n\n\t\n\n\t<div id=\"col-502764857\" class=\"col medium-6 small-12 large-6\"  >\n\t\t\t\t<div class=\"col-inner\"  >\n\t\t\t\n\t\t\t\n<h3>DETALLES T\u00c9CNICOS<\/h3>\n<ul>\n<li><b>Tama\u00f1o y peso<\/b><\/li>\n<\/ul>\n<p>136,5 x 66,5 x 24,5 mm, 284 g<\/p>\n<ul>\n<li><strong>Procesador<\/strong><\/li>\n<\/ul>\n<p>MT6739WW, 4x 1,5 GHz<\/p>\n<ul>\n<li><strong>Memoria<\/strong><\/li>\n<\/ul>\n<p>2 GB de RAM (o 3 GB)<\/p>\n<ul>\n<li><strong>Compatible con GPS<\/strong><\/li>\n<\/ul>\n<p>GPS, Beidou, Glonass<\/p>\n<ul>\n<li><strong>Micro SD<\/strong><\/li>\n<\/ul>\n<p>ampliable a 128 GB<\/p>\n<ul>\n<li><strong>Plataforma<\/strong><\/li>\n<\/ul>\n<p>AndroidTM 10.0<\/p>\n<ul>\n<li><strong>Reproducci\u00f3n<\/strong><\/li>\n<\/ul>\n<p>Audio (MP3, AMR, AAC) \/ V\u00eddeo (AVI, MP4, 3GPP)<\/p>\n<ul>\n<li><strong>Sensores<\/strong><\/li>\n<\/ul>\n<p>Sensor G, sensor de luz, sensor de alcance, sensor magn\u00e9tico<\/p>\n<ul>\n<li><b>Aplicaciones incluidas<\/b><\/li>\n<\/ul>\n<p>Aplicaciones Google \/ Asistente RugGear<\/p>\n<ul>\n<li><b>Conectividad<\/b><\/li>\n<\/ul>\n<p>Conector USB-C \/ 13 pines para auriculares (conexi\u00f3n directa a la radio)<\/p>\n\t\t<\/div>\n\t\t\t\t\t<\/div>\n\n\t\n<\/div>\n<\/div><\/div><\/div>\n\t\t<\/div>\n\t\t\t\t\t<\/div>\n\n\t\n<\/div>\n\t\t<\/div>\n\t\t\t\t\t<\/div>\n\n\t\n<\/div>\n\t\t<\/div>\n\n\t\t\n<style>\n#section_2005212762 {\n  padding-top: 0px;\n  padding-bottom: 0px;\n}\n<\/style>\n\t<\/section>\n\t\n<p><strong>P<\/strong><strong>ROYECTADO PARA PTT<\/strong><\/p>\n<p>El RG725 se dise\u00f1\u00f3 pensando en la PTT a trav\u00e9s de tel\u00e9fonos m\u00f3viles. Construido para uso corporativo, el RG725 est\u00e1 precalificado para las principales soluciones de software m\u00f3vil.<\/p>\n<p style=\"text-align: justify;\"><strong>SISTEMA OPERATIVO ANDROID<\/strong><\/p>\n<p style=\"text-align: justify;\"><span style=\"font-weight: 400;\">AndroidTM 10, totalmente compatible con los requisitos para dispositivos robustos Recomendado para Android Enterprise. Actualizaciones de seguridad trimestrales durante al menos cinco a\u00f1os desde el lanzamiento.<\/span><\/p>\n<p style=\"text-align: justify;\"><strong>IMPERMEABLE  <\/strong><\/p>\n<p style=\"text-align: justify;\">El smartphone puede sumergirse en el agua durante 60 minutos, incluso a 2 metros de profundidad. Es un m\u00f3vil para cualquier lugar h\u00famedo, ideal para lugares de trabajo donde es necesaria la desinfecci\u00f3n<\/p>\n<p style=\"text-align: justify;\"><strong>BATER\u00cdA  <\/strong><\/p>\n<p style=\"text-align: justify;\">La potente bater\u00eda de 5000 mAh ofrece una excelente autonom\u00eda. La bater\u00eda tambi\u00e9n se puede sustituir f\u00e1cilmente, para un uso a\u00fan m\u00e1s prolongado.<\/p>\n<p style=\"text-align: justify;\"><strong>AUDIO<\/strong><\/p>\n<p style=\"text-align: justify;\">Tecnolog\u00eda de audio inteligente avanzada, dise\u00f1o de altavoz frontal con volumen optimizado de hasta 105 dB, que permite escuchar en entornos ruidosos.<\/p>\n<p style=\"text-align: justify;\"><strong>BOT\u00d3N PTT<\/strong><\/p>\n<p style=\"text-align: justify;\">Con un gran bot\u00f3n PTT y un marcador para cambiar r\u00e1pidamente el canal de despliegue, comun\u00edquese al instante con s\u00f3lo pulsar un bot\u00f3n, a uno o a varios.<\/p>\n<p>&nbsp;<\/p>\n<h2><strong>ACCESORIOS<\/strong><\/h2>\n<p><span style=\"color: #0000ff;\"><strong>PTT RSM<\/strong><\/span><\/p>\n<p>RG725 PTT RSM Bluetooth<\/p>\n<div id=\"c14877\" class=\"csc-default\">\n<div id=\"c14913\" class=\"csc-default\">\n<div class=\"three-col relative clear\">\n<div class=\"col\">\n<div id=\"c14911\" class=\"csc-default\">\n<div class=\"csc-textpic csc-textpic-center csc-textpic-above csc-textpic-equalheight\">\n<div class=\"csc-textpic-imagewrap\" data-csc-images=\"1\" data-csc-cols=\"2\">\n<div class=\"csc-textpic-center-outer\">\n<div class=\"csc-textpic-center-inner\"><\/div>\n<\/div>\n<\/div>\n<\/div>\n<\/div>\n<\/div>\n<\/div>\n<\/div>\n<\/div>\n<p><span style=\"color: #0000ff;\"><strong>MULTICHARGER<\/strong><\/span><\/p>\n<p>Cargador para 6 smartphones<\/p>\n<div id=\"c14877\" class=\"csc-default\">\n<div id=\"c14913\" class=\"csc-default\">\n<div class=\"three-col relative clear\">\n<div class=\"col\">\n<div id=\"c14911\" class=\"csc-default\">\n<div class=\"csc-textpic csc-textpic-center csc-textpic-above csc-textpic-equalheight\">\n<div class=\"csc-textpic-imagewrap\" data-csc-images=\"1\" data-csc-cols=\"2\">\n<div class=\"csc-textpic-center-outer\">\n<div class=\"csc-textpic-center-inner\"><\/div>\n<\/div>\n<\/div>\n<\/div>\n<\/div>\n<\/div>\n<\/div>\n<\/div>\n<\/div>\n<p><span style=\"color: #0000ff;\"><strong>PTT RSM<\/strong><\/span><\/p>\n<p style=\"text-align: justify;\">El micr\u00f3fono ligero con altavoz remoto se ha dise\u00f1ado especialmente para aplicaciones PTT.<\/p>\n<div id=\"c14877\" class=\"csc-default\">\n<div id=\"c14913\" class=\"csc-default\">\n<div class=\"three-col relative clear\">\n<div class=\"col\">\n<div id=\"c14911\" class=\"csc-default\">\n<div class=\"csc-textpic csc-textpic-center csc-textpic-above csc-textpic-equalheight\">\n<div class=\"csc-textpic-imagewrap\" data-csc-images=\"1\" data-csc-cols=\"2\">\n<div class=\"csc-textpic-center-outer\">\n<div class=\"csc-textpic-center-inner\"><\/div>\n<\/div>\n<\/div>\n<\/div>\n<\/div>\n<\/div>\n<\/div>\n<\/div>\n<\/div>\n<h2><strong>DESCARGAS<\/strong><\/h2>\n<p><strong>FICHA T\u00c9CNICA<\/strong><\/p>\n<ul>\n<li><a href=\"https:\/\/www.abix.com.br\/wp-content\/uploads\/RG725_Brochure__Android_8.1__20201012_2.pdf\">RG725_Folleto<\/a><\/li>\n<\/ul>\n<p>&nbsp;<\/p>\n<p><strong>MANUAL DEL USUARIO<\/strong><\/p>\n<ul>\n<li><a href=\"https:\/\/www.abix.com.br\/wp-content\/uploads\/RG725_manual_20201208.pdf\">RG725_manual<\/a><\/li>\n<\/ul>\n<h2><strong>ESPECIFICACIONES<\/strong><\/h2>\n<h3>CARACTER\u00cdSTICAS DE RENDIMIENTO<\/h3>\n<ul>\n<li><strong>Bater\u00eda &#8211; est\u00e1ndar=bater\u00eda<\/strong>de <strong>5000<\/strong>mAh (reemplazable)<\/li>\n<\/ul>\n<ul>\n<li><strong>Bandas de frecuencia<\/strong><\/li>\n<\/ul>\n<p style=\"padding-left: 40px;\">GSM 850\/900\/1800\/1900 MHz<br \/>\nWCDMA UMTS B1 \/ B2 \/ B4 \/ B5 \/ B8<br \/>\nLTE-TDD B38 \/ B39 \/ B40 \/ B41<br \/>\nLTE-FDD B1 \/ B2 \/ B3 \/ B4 \/ B5 \/ B7 \/ B8 \/ B12 con MFBI B13 \/ B14 \/ B17 \/ B20 \/ B25 \/ B26 \/ B28A \/ B28B \/ B30 \/ B66<\/p>\n<ul>\n<li><strong>WI-FI<\/strong><\/li>\n<\/ul>\n<p style=\"padding-left: 40px;\">2,4 GHz + 5 GHz<br \/>\nIEEE 802.11 a \/ b \/ g \/ n \/ ac \/ e \/ k \/ r \/ h con punto de acceso para m\u00e1x. 8 conexiones<\/p>\n<ul>\n<li><strong>Conectividad:  <\/strong><\/li>\n<\/ul>\n<p style=\"padding-left: 40px;\">Conector USB-C \/ 13 pines para auriculares (conexi\u00f3n directa a la radio)<\/p>\n<ul>\n<li><strong>Grado de protecci\u00f3n<\/strong><\/li>\n<\/ul>\n<p style=\"padding-left: 40px;\">IP68<\/p>\n<ul>\n<li><strong>Especificaciones militares<\/strong><\/li>\n<\/ul>\n<p style=\"padding-left: 40px;\">810 D, 810 E, 810 F, 810 G<\/p>\n<ul>\n<li><strong>Temperatura de funcionamiento<\/strong><\/li>\n<\/ul>\n<p style=\"padding-left: 40px;\">-30 a +60 \u00b0C<\/p>\n<ul>\n<li><strong>Sumergible<\/strong><\/li>\n<\/ul>\n<p style=\"padding-left: 40px;\">S\u00ed<\/p>\n<ul>\n<li><strong>Tarjeta SIM<\/strong><\/li>\n<\/ul>\n<p style=\"padding-left: 40px;\">Doble nano-SIM<\/p>\n<h3>DETALLES T\u00c9CNICOS<\/h3>\n<ul>\n<li><b>Tama\u00f1o y peso<\/b><\/li>\n<\/ul>\n<p style=\"padding-left: 40px;\">136,5 x 66,5 x 24,5 mm, 284 g<\/p>\n<ul>\n<li><strong>Procesador<\/strong><\/li>\n<\/ul>\n<p style=\"padding-left: 40px;\">MT6739WW, 4x 1,5 GHz<\/p>\n<ul>\n<li><strong>Memoria<\/strong><\/li>\n<\/ul>\n<p style=\"padding-left: 40px;\">2 GB de RAM (o 3 GB)<\/p>\n<ul>\n<li><strong>Compatible con GPS<\/strong><\/li>\n<\/ul>\n<p style=\"padding-left: 40px;\">GPS, Beidou, Glonass<\/p>\n<ul>\n<li><strong>Micro SD<\/strong><\/li>\n<\/ul>\n<p style=\"padding-left: 40px;\">ampliable a 128 GB<\/p>\n<ul>\n<li><strong>Plataforma  <\/strong><\/li>\n<\/ul>\n<p style=\"padding-left: 40px;\">AndroidTM 10.0<\/p>\n<ul>\n<li><strong>Reproducci\u00f3n<\/strong><\/li>\n<\/ul>\n<p style=\"padding-left: 40px;\">Audio (MP3, AMR, AAC) \/ V\u00eddeo (AVI, MP4, 3GPP)<\/p>\n<ul>\n<li><strong>Sensores<\/strong><\/li>\n<\/ul>\n<p style=\"padding-left: 40px;\">Sensor G, sensor de luz, sensor de alcance, sensor magn\u00e9tico<\/p>\n<ul>\n<li><b>Aplicaciones incluidas  <\/b><\/li>\n<\/ul>\n<p style=\"padding-left: 40px;\">Aplicaciones Google \/ Asistente RugGear<\/p>\n<ul>\n<li><b>Conectividad  <\/b><\/li>\n<\/ul>\n<p style=\"padding-left: 40px;\">Conector USB-C \/ 13 pines para auriculares (conexi\u00f3n directa a la radio)<\/p>\n<p>&nbsp;<\/p>\n[\/spb_text_block] [\/spb_tab] [\/spb_tabs] [\/spb_row]\n","protected":false},"excerpt":{"rendered":"<p>El RugGear RG725 funciona con Android OS v10. Viene con una bater\u00eda Li-Po de 5000 mAh. El smartphone tiene una pantalla de 4 pulgadas con una resoluci\u00f3n de 640 x 1136 px. La tecnolog\u00eda IPS es una de las tecnolog\u00edas LCD m\u00e1s avanzadas del mundo.<\/p>\n<p>La c\u00e1mara del RugGear RG725 est\u00e1 equipada con autoenfoque. El enfoque autom\u00e1tico es una funci\u00f3n de la c\u00e1mara que ajusta con precisi\u00f3n el enfoque de la c\u00e1mara, es una buena caracter\u00edstica de este smartphone.<\/p>\n<p>El aceler\u00f3metro del tel\u00e9fono es un componente electr\u00f3nico integrado que mide la inclinaci\u00f3n y el movimiento. El sensor de proximidad detecta cuando el usuario se acerca el tel\u00e9fono a la cara durante una llamada y apaga la pantalla para evitar pulsaciones del teclado y el consumo de bater\u00eda de la pantalla. El RG725 tiene capacidad Dual SIM, lo que significa que puedes insertar dos tarjetas SIM diferentes.<\/p>\n","protected":false},"featured_media":14246,"comment_status":"closed","ping_status":"closed","template":"","meta":[],"product_brand":[],"product_cat":[155,166],"product_tag":[],"class_list":{"0":"post-19304","1":"product","2":"type-product","3":"status-publish","4":"has-post-thumbnail","6":"product_cat-linea-profesional","7":"product_cat-smartphone-reforzado","9":"first","10":"instock","11":"shipping-taxable","12":"product-type-simple"},"yoast_head":"<!-- This site is optimized with the Yoast SEO plugin v27.4 - https:\/\/yoast.com\/product\/yoast-seo-wordpress\/ -->\n<title>- Ruggedised - Abix<\/title>\n<meta name=\"description\" content=\"Los smartphones reforzados son la base de una comunicaci\u00f3n eficaz, segura y estable, y ofrecen funciones Push-to-Talk (PTT) y Push-To-Talk (MCPTT) para misiones cr\u00edticas.\" \/>\n<meta name=\"robots\" content=\"index, follow, max-snippet:-1, max-image-preview:large, max-video-preview:-1\" \/>\n<link rel=\"canonical\" href=\"https:\/\/abix.com.br\/produto\/smartphone-rg725\/\" \/>\n<meta property=\"og:locale\" content=\"es_ES\" \/>\n<meta property=\"og:type\" content=\"article\" \/>\n<meta property=\"og:title\" content=\"- Ruggedised - Abix\" \/>\n<meta property=\"og:description\" content=\"Los smartphones reforzados son la base de una comunicaci\u00f3n eficaz, segura y estable, y ofrecen funciones Push-to-Talk (PTT) y Push-To-Talk (MCPTT) para misiones cr\u00edticas.\" \/>\n<meta property=\"og:url\" content=\"https:\/\/abix.com.br\/produto\/smartphone-rg725\/\" \/>\n<meta property=\"og:site_name\" content=\"Abix\" \/>\n<meta property=\"article:modified_time\" content=\"2023-10-19T17:58:36+00:00\" \/>\n<meta property=\"og:image\" content=\"https:\/\/abix.com.br\/wp-content\/uploads\/2021\/04\/csm_rg725_34_web_4afc1d404f.png\" \/>\n\t<meta property=\"og:image:width\" content=\"880\" \/>\n\t<meta property=\"og:image:height\" content=\"880\" \/>\n\t<meta property=\"og:image:type\" content=\"image\/png\" \/>\n<meta name=\"twitter:card\" content=\"summary_large_image\" \/>\n<meta name=\"twitter:label1\" content=\"Tiempo de lectura\" \/>\n\t<meta name=\"twitter:data1\" content=\"5 minutos\" \/>\n<script type=\"application\/ld+json\" class=\"yoast-schema-graph\">{\"@context\":\"https:\\\/\\\/schema.org\",\"@graph\":[{\"@type\":\"WebPage\",\"@id\":\"https:\\\/\\\/abix.com.br\\\/produto\\\/smartphone-rg725\\\/\",\"url\":\"https:\\\/\\\/abix.com.br\\\/produto\\\/smartphone-rg725\\\/\",\"name\":\"- Ruggedised - Abix\",\"isPartOf\":{\"@id\":\"https:\\\/\\\/abix.com.br\\\/#website\"},\"primaryImageOfPage\":{\"@id\":\"https:\\\/\\\/abix.com.br\\\/produto\\\/smartphone-rg725\\\/#primaryimage\"},\"image\":{\"@id\":\"https:\\\/\\\/abix.com.br\\\/produto\\\/smartphone-rg725\\\/#primaryimage\"},\"thumbnailUrl\":\"https:\\\/\\\/abix.com.br\\\/wp-content\\\/uploads\\\/2021\\\/04\\\/csm_rg725_34_web_4afc1d404f.png\",\"datePublished\":\"2021-04-16T19:09:16+00:00\",\"dateModified\":\"2023-10-19T17:58:36+00:00\",\"description\":\"Los smartphones reforzados son la base de una comunicaci\u00f3n eficaz, segura y estable, y ofrecen funciones Push-to-Talk (PTT) y Push-To-Talk (MCPTT) para misiones cr\u00edticas.\",\"breadcrumb\":{\"@id\":\"https:\\\/\\\/abix.com.br\\\/produto\\\/smartphone-rg725\\\/#breadcrumb\"},\"inLanguage\":\"es\",\"potentialAction\":[{\"@type\":\"ReadAction\",\"target\":[\"https:\\\/\\\/abix.com.br\\\/produto\\\/smartphone-rg725\\\/\"]}]},{\"@type\":\"ImageObject\",\"inLanguage\":\"es\",\"@id\":\"https:\\\/\\\/abix.com.br\\\/produto\\\/smartphone-rg725\\\/#primaryimage\",\"url\":\"https:\\\/\\\/abix.com.br\\\/wp-content\\\/uploads\\\/2021\\\/04\\\/csm_rg725_34_web_4afc1d404f.png\",\"contentUrl\":\"https:\\\/\\\/abix.com.br\\\/wp-content\\\/uploads\\\/2021\\\/04\\\/csm_rg725_34_web_4afc1d404f.png\",\"width\":880,\"height\":880},{\"@type\":\"BreadcrumbList\",\"@id\":\"https:\\\/\\\/abix.com.br\\\/produto\\\/smartphone-rg725\\\/#breadcrumb\",\"itemListElement\":[{\"@type\":\"ListItem\",\"position\":1,\"name\":\"In\u00edcio\",\"item\":\"https:\\\/\\\/abix.com.br\\\/es\\\/\"},{\"@type\":\"ListItem\",\"position\":2,\"name\":\"Tienda\",\"item\":\"https:\\\/\\\/abix.com.br\\\/loja\\\/\"},{\"@type\":\"ListItem\",\"position\":3,\"name\":\"SMARTPHONE REFORZADO RG725\"}]},{\"@type\":\"WebSite\",\"@id\":\"https:\\\/\\\/abix.com.br\\\/#website\",\"url\":\"https:\\\/\\\/abix.com.br\\\/\",\"name\":\"Abix\",\"description\":\"\",\"potentialAction\":[{\"@type\":\"SearchAction\",\"target\":{\"@type\":\"EntryPoint\",\"urlTemplate\":\"https:\\\/\\\/abix.com.br\\\/?s={search_term_string}\"},\"query-input\":{\"@type\":\"PropertyValueSpecification\",\"valueRequired\":true,\"valueName\":\"search_term_string\"}}],\"inLanguage\":\"es\"}]}<\/script>\n<!-- \/ Yoast SEO plugin. -->","yoast_head_json":{"title":"- Ruggedised - Abix","description":"Los smartphones reforzados son la base de una comunicaci\u00f3n eficaz, segura y estable, y ofrecen funciones Push-to-Talk (PTT) y Push-To-Talk (MCPTT) para misiones cr\u00edticas.","robots":{"index":"index","follow":"follow","max-snippet":"max-snippet:-1","max-image-preview":"max-image-preview:large","max-video-preview":"max-video-preview:-1"},"canonical":"https:\/\/abix.com.br\/produto\/smartphone-rg725\/","og_locale":"es_ES","og_type":"article","og_title":"- Ruggedised - Abix","og_description":"Los smartphones reforzados son la base de una comunicaci\u00f3n eficaz, segura y estable, y ofrecen funciones Push-to-Talk (PTT) y Push-To-Talk (MCPTT) para misiones cr\u00edticas.","og_url":"https:\/\/abix.com.br\/produto\/smartphone-rg725\/","og_site_name":"Abix","article_modified_time":"2023-10-19T17:58:36+00:00","og_image":[{"width":880,"height":880,"url":"https:\/\/abix.com.br\/wp-content\/uploads\/2021\/04\/csm_rg725_34_web_4afc1d404f.png","type":"image\/png"}],"twitter_card":"summary_large_image","twitter_misc":{"Tiempo de lectura":"5 minutos"},"schema":{"@context":"https:\/\/schema.org","@graph":[{"@type":"WebPage","@id":"https:\/\/abix.com.br\/produto\/smartphone-rg725\/","url":"https:\/\/abix.com.br\/produto\/smartphone-rg725\/","name":"- Ruggedised - Abix","isPartOf":{"@id":"https:\/\/abix.com.br\/#website"},"primaryImageOfPage":{"@id":"https:\/\/abix.com.br\/produto\/smartphone-rg725\/#primaryimage"},"image":{"@id":"https:\/\/abix.com.br\/produto\/smartphone-rg725\/#primaryimage"},"thumbnailUrl":"https:\/\/abix.com.br\/wp-content\/uploads\/2021\/04\/csm_rg725_34_web_4afc1d404f.png","datePublished":"2021-04-16T19:09:16+00:00","dateModified":"2023-10-19T17:58:36+00:00","description":"Los smartphones reforzados son la base de una comunicaci\u00f3n eficaz, segura y estable, y ofrecen funciones Push-to-Talk (PTT) y Push-To-Talk (MCPTT) para misiones cr\u00edticas.","breadcrumb":{"@id":"https:\/\/abix.com.br\/produto\/smartphone-rg725\/#breadcrumb"},"inLanguage":"es","potentialAction":[{"@type":"ReadAction","target":["https:\/\/abix.com.br\/produto\/smartphone-rg725\/"]}]},{"@type":"ImageObject","inLanguage":"es","@id":"https:\/\/abix.com.br\/produto\/smartphone-rg725\/#primaryimage","url":"https:\/\/abix.com.br\/wp-content\/uploads\/2021\/04\/csm_rg725_34_web_4afc1d404f.png","contentUrl":"https:\/\/abix.com.br\/wp-content\/uploads\/2021\/04\/csm_rg725_34_web_4afc1d404f.png","width":880,"height":880},{"@type":"BreadcrumbList","@id":"https:\/\/abix.com.br\/produto\/smartphone-rg725\/#breadcrumb","itemListElement":[{"@type":"ListItem","position":1,"name":"In\u00edcio","item":"https:\/\/abix.com.br\/es\/"},{"@type":"ListItem","position":2,"name":"Tienda","item":"https:\/\/abix.com.br\/loja\/"},{"@type":"ListItem","position":3,"name":"SMARTPHONE REFORZADO RG725"}]},{"@type":"WebSite","@id":"https:\/\/abix.com.br\/#website","url":"https:\/\/abix.com.br\/","name":"Abix","description":"","potentialAction":[{"@type":"SearchAction","target":{"@type":"EntryPoint","urlTemplate":"https:\/\/abix.com.br\/?s={search_term_string}"},"query-input":{"@type":"PropertyValueSpecification","valueRequired":true,"valueName":"search_term_string"}}],"inLanguage":"es"}]}},"_links":{"self":[{"href":"https:\/\/abix.com.br\/es\/wp-json\/wp\/v2\/product\/19304","targetHints":{"allow":["GET"]}}],"collection":[{"href":"https:\/\/abix.com.br\/es\/wp-json\/wp\/v2\/product"}],"about":[{"href":"https:\/\/abix.com.br\/es\/wp-json\/wp\/v2\/types\/product"}],"replies":[{"embeddable":true,"href":"https:\/\/abix.com.br\/es\/wp-json\/wp\/v2\/comments?post=19304"}],"wp:featuredmedia":[{"embeddable":true,"href":"https:\/\/abix.com.br\/es\/wp-json\/wp\/v2\/media\/14246"}],"wp:attachment":[{"href":"https:\/\/abix.com.br\/es\/wp-json\/wp\/v2\/media?parent=19304"}],"wp:term":[{"taxonomy":"product_brand","embeddable":true,"href":"https:\/\/abix.com.br\/es\/wp-json\/wp\/v2\/product_brand?post=19304"},{"taxonomy":"product_cat","embeddable":true,"href":"https:\/\/abix.com.br\/es\/wp-json\/wp\/v2\/product_cat?post=19304"},{"taxonomy":"product_tag","embeddable":true,"href":"https:\/\/abix.com.br\/es\/wp-json\/wp\/v2\/product_tag?post=19304"}],"curies":[{"name":"wp","href":"https:\/\/api.w.org\/{rel}","templated":true}]}}