{"id":19305,"date":"2020-11-18T14:32:54","date_gmt":"2020-11-18T17:32:54","guid":{"rendered":"https:\/\/abix.com.br\/produto\/estacion-base-motorola-tetra-mts1\/"},"modified":"2023-10-19T14:58:56","modified_gmt":"2023-10-19T17:58:56","slug":"estacion-base-motorola-tetra-mts1","status":"publish","type":"product","link":"https:\/\/abix.com.br\/es\/produto\/estacion-base-motorola-tetra-mts1\/","title":{"rendered":"ESTACI\u00d3N BASE MOTOROLA TETRA MTS1"},"content":{"rendered":"\n\t<section class=\"section\" id=\"section_941879054\">\n\t\t<div class=\"section-bg fill\" >\n\t\t\t\t\t\t\t\t\t\n\t\t\t\n\n\t\t<\/div>\n\n\t\t\n\n\t\t<div class=\"section-content relative\">\n\t\t\t\n<div class=\"row\"  id=\"row-906120399\">\n\n\t<div id=\"col-435201716\" class=\"col small-12 large-12\"  >\n\t\t\t\t<div class=\"col-inner\"  >\n\t\t\t\n\t\t\t\n<div class=\"row\"  id=\"row-482371368\">\n\n\t<div id=\"col-1894708080\" class=\"col small-12 large-12\"  >\n\t\t\t\t<div class=\"col-inner\"  >\n\t\t\t\n\t\t\t\n\n\t\t<div class=\"tabbed-content locacao-tabs\">\n\t\t\t\n\t\t\t<ul class=\"nav nav-tabs nav-normal nav-size-xlarge nav-left active-on-hover\" role=\"tablist\"><li id=\"tab-informaci\u00d3n\" class=\"tab active has-icon\" role=\"presentation\"><a href=\"#tab_informaci\u00d3n\" role=\"tab\" aria-selected=\"true\" aria-controls=\"tab_informaci\u00d3n\"><span>INFORMACI\u00d3N<\/span><\/a><\/li>\n<li id=\"tab-accesorios\" class=\"tab has-icon\" role=\"presentation\"><a href=\"#tab_accesorios\" tabindex=\"-1\" role=\"tab\" aria-selected=\"false\" aria-controls=\"tab_accesorios\"><span>ACCESORIOS<\/span><\/a><\/li>\n<li id=\"tab-descargas\" class=\"tab has-icon\" role=\"presentation\"><a href=\"#tab_descargas\" tabindex=\"-1\" role=\"tab\" aria-selected=\"false\" aria-controls=\"tab_descargas\"><span>DESCARGAS<\/span><\/a><\/li>\n<li id=\"tab-especificaciones\" class=\"tab has-icon\" role=\"presentation\"><a href=\"#tab_especificaciones\" tabindex=\"-1\" role=\"tab\" aria-selected=\"false\" aria-controls=\"tab_especificaciones\"><span>ESPECIFICACIONES<\/span><\/a><\/li><\/ul><div class=\"tab-panels\"><div id=\"tab_informaci\u00d3n\" class=\"panel active entry-content\" role=\"tabpanel\" aria-labelledby=\"tab-informaci\u00d3n\">\n<div class=\"row\"  id=\"row-1361531715\">\n\n\t<div id=\"col-740350049\" class=\"col medium-6 small-12 large-6\"  >\n\t\t\t\t<div class=\"col-inner\"  >\n\t\t\t\n\t\t\t\n<p>DIMETRA Express, un sistema TETRA flexible. Al integrar el conmutador y la base de radio en un \u00fanico armario o sistema modular, ahora es f\u00e1cil configurar, desplegar y gestionar sus comunicaciones. Simplifique sus operaciones diarias, al tiempo que reduce los costes y el nivel de complejidad a largo plazo.<\/p>\n<p>Integre r\u00e1pidamente DIMETRA Express en su red, proporcione m\u00faltiples abonados y complete f\u00e1cilmente la instalaci\u00f3n mediante aplicaciones y herramientas basadas en navegador web. Una vez en funcionamiento, DIMETRA Express es f\u00e1cil de gestionar y manejar a trav\u00e9s de aplicaciones web de despacho y gesti\u00f3n de red.<\/p>\n\t\t<\/div>\n\t\t\t\t\t<\/div>\n\n\t\n\n\t<div id=\"col-991917011\" class=\"col medium-6 small-12 large-6\"  >\n\t\t\t\t<div class=\"col-inner text-left\"  >\n\t\t\t\n\t\t\t\n<p style=\"text-align: left;\">DIMETRA Express ofrece los servicios de voz, datos cortos y telefon\u00eda que necesitan sus equipos. Y lo que es m\u00e1s, puede ampliarse a m\u00faltiples ubicaciones y crecer junto con su negocio.<\/p>\n\t\t<\/div>\n\t\t\t\t\t<\/div>\n\n\t\n<\/div>\n<\/div>\n<div id=\"tab_accesorios\" class=\"panel entry-content\" role=\"tabpanel\" aria-labelledby=\"tab-accesorios\">\n<div class=\"row align-middle\"  id=\"row-1960890576\">\n\n\t<div id=\"col-1833749498\" class=\"col medium-10 small-12 large-10\"  >\n\t\t\t\t<div class=\"col-inner\"  >\n\t\t\t\n\t\t\t\n<p>FICHA T\u00c9CNICA<\/p>\n<ul>\n<li><a href=\"https:\/\/www.abix.com.br\/wp-content\/uploads\/dimetra_express_spec_sheet_pt.pdf\">dimetra_express_spec_sheet_es<\/a><\/li>\n<li><a href=\"https:\/\/www.abix.com.br\/wp-content\/uploads\/dimetra_express_specification_sheet_PT_0919.pdf\">dimetra_express_specification_sheet_ES_0919<\/a><\/li>\n<\/ul>\n\t\t<\/div>\n\t\t\t\t\t<\/div>\n\n\t\n\n\t<div id=\"col-599944742\" class=\"col medium-2 small-12 large-2\"  >\n\t\t\t\t<div class=\"col-inner\"  >\n\t\t\t\n\t\t\t\n\t\t<\/div>\n\t\t\t\t\t<\/div>\n\n\t\n<\/div>\n<\/div>\n<div id=\"tab_descargas\" class=\"panel entry-content\" role=\"tabpanel\" aria-labelledby=\"tab-descargas\">\n<div class=\"row\"  id=\"row-908675965\">\n\n\t<div id=\"col-324233744\" class=\"col medium-10 small-12 large-10\"  >\n\t\t\t\t<div class=\"col-inner\"  >\n\t\t\t\n\t\t\t\n<p><a href=\"https:\/\/abix.com.br\/wp-content\/uploads\/FOLHRETO-PTBR-TLK-100.pdf\">[FOLHETO \u2013 PTBR]  TLK 100<\/a><\/p>\n<p><a href=\"https:\/\/abix.com.br\/wp-content\/uploads\/DATASHEET-EN-TLK-100.pdf\">[DATASHEET \u2013 EN]  TLK 100<\/a><\/p>\n\t\t<\/div>\n\t\t\t\t\t<\/div>\n\n\t\n<\/div>\n<\/div>\n<div id=\"tab_especificaciones\" class=\"panel entry-content\" role=\"tabpanel\" aria-labelledby=\"tab-especificaciones\">\n<div class=\"row\"  id=\"row-1476794507\">\n\n\t<div id=\"col-1302308725\" class=\"col medium-9 small-12 large-9\"  >\n\t\t\t\t<div class=\"col-inner\"  >\n\t\t\t\n\t\t\t\n<p><b>Mejores niveles de resistencia y solidez<\/b><\/p>\n<p>El potente MTS1 es compatible con toda la funcionalidad de una estaci\u00f3n base TETRA, por lo que el servicio no depende de c\u00e9lulas de \u00e1rea extensa. Puede conectar dos estaciones base MTS1 para crear una configuraci\u00f3n de dos portadoras muy robusta que le permita habilitar soluciones de alta disponibilidad con facilidad.<\/p>\n<p><b>Gesti\u00f3n de la congesti\u00f3n<\/b><\/p>\n<ul>\n<li>Movilidad controlada entre c\u00e9lulas de \u00e1rea extensa y microc\u00e9lulas<\/li>\n<li>Los mecanismos de clase de abonado y sitios v\u00e1lidos ya est\u00e1n disponibles<\/li>\n<\/ul>\n<p><b>Capacidad adicional<\/b><\/p>\n<ul>\n<li>La potencia de RF es lo suficientemente baja como para instalarse en el interior de edificios y cerca de ellos, lo que permite reutilizar las frecuencias.<\/li>\n<li>Las microc\u00e9lulas pueden liberar la carga de la c\u00e9lula de \u00e1rea amplia:<\/li>\n<li>* Movilidad, seguridad y SDS<br \/>* Telefon\u00eda, llamada individual y paquete de datos<\/li>\n<\/ul>\n<p><b>Dise\u00f1ado para ofrecer fiabilidad y bajo mantenimiento<\/b><\/p>\n<ul>\n<li>Gesti\u00f3n completa de alarmas de red y dispositivos<\/li>\n<li>Detecci\u00f3n y correcci\u00f3n autom\u00e1tica de interferencias<\/li>\n<li>Resiste temperaturas ambientales extremas, de -40\u00b0C a 55\u00b0C<\/li>\n<li>Permite cambios de ruta en caso de fallo de un enlace<\/li>\n<li>La capacidad requerida de la bater\u00eda y la disipaci\u00f3n de calor son bajas gracias a la excelente eficiencia energ\u00e9tica y, con el potente cargador de bater\u00eda integrado, los costes de suministro de energ\u00eda se mantienen en un m\u00ednimo absoluto.<\/li>\n<\/ul>\n<p><b>Reducci\u00f3n del coste total de propiedad<\/b><\/p>\n<ul>\n<li>Compatibilidad con tecnolog\u00edas de transmisi\u00f3n IP sobre Ethernet<\/li>\n<li>Incluye soporte nativo para MPLS, as\u00ed como conectividad E1 tradicional<\/li>\n<li>La red troncal IP existente puede utilizarse para reducir significativamente los costes de explotaci\u00f3n.<\/li>\n<li>La entrada directa de corriente alterna ha eliminado la necesidad de costosos rectificadores y ha simplificado la instalaci\u00f3n y el despliegue.<\/li>\n<li>La capacidad de montaje en torre requiere cables m\u00e1s cortos y reduce los costes de energ\u00eda<\/li>\n<\/ul>\n\t\t<\/div>\n\t\t\t\t\t<\/div>\n\n\t\n<\/div>\n<\/div><\/div><\/div>\n\t\t<\/div>\n\t\t\t\t\t<\/div>\n\n\t\n<\/div>\n\t\t<\/div>\n\t\t\t\t\t<\/div>\n\n\t\n<\/div>\n\t\t<\/div>\n\n\t\t\n<style>\n#section_941879054 {\n  padding-top: 0px;\n  padding-bottom: 0px;\n}\n<\/style>\n\t<\/section>\n\t\n","protected":false},"excerpt":{"rendered":"<p style=\"text-align: justify;\">Esta estaci\u00f3n base TETRA MTS1, peque\u00f1a, flexible pero extremadamente potente, ofrece a los operadores de redes una soluci\u00f3n de cobertura completa que puede instalarse r\u00e1pidamente para comenzar a funcionar.<\/p>\n<p>Su formato peque\u00f1o, robusto y ergon\u00f3mico, con carcasa resistente a la intemperie con certificaci\u00f3n IP66, ofrece una gran variedad de opciones de despliegue. El MTS1 ofrece una flexibilidad total, tanto para instalaciones en pared como en poste. Tambi\u00e9n permite una seguridad completa de extremo a extremo compatible con interfaces de cifrado a\u00e9reo est\u00e1ticas, din\u00e1micas y basadas en grupos, autenticaci\u00f3n y cifrado completo. Este nivel de seguridad se mantiene estable incluso cuando falla un enlace local, lo que hace que la estaci\u00f3n base tenga que funcionar en modo troncal en el sitio local.<\/p>\n","protected":false},"featured_media":14280,"comment_status":"closed","ping_status":"closed","template":"","meta":[],"product_brand":[],"product_cat":[167,168],"product_tag":[],"class_list":{"0":"post-19305","1":"product","2":"type-product","3":"status-publish","4":"has-post-thumbnail","6":"product_cat-dimetra-es","7":"product_cat-repetidores","9":"first","10":"instock","11":"shipping-taxable","12":"product-type-simple"},"yoast_head":"<!-- This site is optimized with the Yoast SEO plugin v27.3 - https:\/\/yoast.com\/product\/yoast-seo-wordpress\/ -->\n<title>ESTACI\u00d3N BASE MOTOROLA TETRA MTS1 - Abix<\/title>\n<meta name=\"description\" content=\"Tableta intr\u00ednsecamente segura IS930. Alquiler y venta para su uso en refiner\u00edas, plantas qu\u00edmicas y otras \u00e1reas clasificadas.\" \/>\n<meta name=\"robots\" content=\"index, follow, max-snippet:-1, max-image-preview:large, max-video-preview:-1\" \/>\n<link rel=\"canonical\" href=\"https:\/\/abix.com.br\/produto\/mts1\/\" \/>\n<meta property=\"og:locale\" content=\"es_ES\" \/>\n<meta property=\"og:type\" content=\"article\" \/>\n<meta property=\"og:title\" content=\"ESTACI\u00d3N BASE MOTOROLA TETRA MTS1 - Abix\" \/>\n<meta property=\"og:description\" content=\"Tableta intr\u00ednsecamente segura IS930. Alquiler y venta para su uso en refiner\u00edas, plantas qu\u00edmicas y otras \u00e1reas clasificadas.\" \/>\n<meta property=\"og:url\" content=\"https:\/\/abix.com.br\/produto\/mts1\/\" \/>\n<meta property=\"og:site_name\" content=\"Abix\" \/>\n<meta property=\"article:modified_time\" content=\"2023-10-19T17:58:56+00:00\" \/>\n<meta property=\"og:image\" content=\"https:\/\/abix.com.br\/wp-content\/uploads\/2021\/04\/motorola-mts1-1.jpg\" \/>\n\t<meta property=\"og:image:width\" content=\"610\" \/>\n\t<meta property=\"og:image:height\" content=\"558\" \/>\n\t<meta property=\"og:image:type\" content=\"image\/jpeg\" \/>\n<meta name=\"twitter:card\" content=\"summary_large_image\" \/>\n<meta name=\"twitter:label1\" content=\"Tiempo de lectura\" \/>\n\t<meta name=\"twitter:data1\" content=\"3 minutos\" \/>\n<script type=\"application\/ld+json\" class=\"yoast-schema-graph\">{\"@context\":\"https:\\\/\\\/schema.org\",\"@graph\":[{\"@type\":\"WebPage\",\"@id\":\"https:\\\/\\\/abix.com.br\\\/produto\\\/mts1\\\/\",\"url\":\"https:\\\/\\\/abix.com.br\\\/produto\\\/mts1\\\/\",\"name\":\"ESTACI\u00d3N BASE MOTOROLA TETRA MTS1 - Abix\",\"isPartOf\":{\"@id\":\"https:\\\/\\\/abix.com.br\\\/#website\"},\"primaryImageOfPage\":{\"@id\":\"https:\\\/\\\/abix.com.br\\\/produto\\\/mts1\\\/#primaryimage\"},\"image\":{\"@id\":\"https:\\\/\\\/abix.com.br\\\/produto\\\/mts1\\\/#primaryimage\"},\"thumbnailUrl\":\"https:\\\/\\\/abix.com.br\\\/wp-content\\\/uploads\\\/2021\\\/04\\\/motorola-mts1-1.jpg\",\"datePublished\":\"2020-11-18T17:32:54+00:00\",\"dateModified\":\"2023-10-19T17:58:56+00:00\",\"description\":\"Tableta intr\u00ednsecamente segura IS930. Alquiler y venta para su uso en refiner\u00edas, plantas qu\u00edmicas y otras \u00e1reas clasificadas.\",\"breadcrumb\":{\"@id\":\"https:\\\/\\\/abix.com.br\\\/produto\\\/mts1\\\/#breadcrumb\"},\"inLanguage\":\"es\",\"potentialAction\":[{\"@type\":\"ReadAction\",\"target\":[\"https:\\\/\\\/abix.com.br\\\/produto\\\/mts1\\\/\"]}]},{\"@type\":\"ImageObject\",\"inLanguage\":\"es\",\"@id\":\"https:\\\/\\\/abix.com.br\\\/produto\\\/mts1\\\/#primaryimage\",\"url\":\"https:\\\/\\\/abix.com.br\\\/wp-content\\\/uploads\\\/2021\\\/04\\\/motorola-mts1-1.jpg\",\"contentUrl\":\"https:\\\/\\\/abix.com.br\\\/wp-content\\\/uploads\\\/2021\\\/04\\\/motorola-mts1-1.jpg\",\"width\":610,\"height\":558},{\"@type\":\"BreadcrumbList\",\"@id\":\"https:\\\/\\\/abix.com.br\\\/produto\\\/mts1\\\/#breadcrumb\",\"itemListElement\":[{\"@type\":\"ListItem\",\"position\":1,\"name\":\"In\u00edcio\",\"item\":\"https:\\\/\\\/abix.com.br\\\/es\\\/\"},{\"@type\":\"ListItem\",\"position\":2,\"name\":\"Tienda\",\"item\":\"https:\\\/\\\/abix.com.br\\\/loja\\\/\"},{\"@type\":\"ListItem\",\"position\":3,\"name\":\"ESTACI\u00d3N BASE MOTOROLA TETRA MTS1\"}]},{\"@type\":\"WebSite\",\"@id\":\"https:\\\/\\\/abix.com.br\\\/#website\",\"url\":\"https:\\\/\\\/abix.com.br\\\/\",\"name\":\"Abix\",\"description\":\"\",\"potentialAction\":[{\"@type\":\"SearchAction\",\"target\":{\"@type\":\"EntryPoint\",\"urlTemplate\":\"https:\\\/\\\/abix.com.br\\\/?s={search_term_string}\"},\"query-input\":{\"@type\":\"PropertyValueSpecification\",\"valueRequired\":true,\"valueName\":\"search_term_string\"}}],\"inLanguage\":\"es\"}]}<\/script>\n<!-- \/ Yoast SEO plugin. -->","yoast_head_json":{"title":"ESTACI\u00d3N BASE MOTOROLA TETRA MTS1 - Abix","description":"Tableta intr\u00ednsecamente segura IS930. Alquiler y venta para su uso en refiner\u00edas, plantas qu\u00edmicas y otras \u00e1reas clasificadas.","robots":{"index":"index","follow":"follow","max-snippet":"max-snippet:-1","max-image-preview":"max-image-preview:large","max-video-preview":"max-video-preview:-1"},"canonical":"https:\/\/abix.com.br\/produto\/mts1\/","og_locale":"es_ES","og_type":"article","og_title":"ESTACI\u00d3N BASE MOTOROLA TETRA MTS1 - Abix","og_description":"Tableta intr\u00ednsecamente segura IS930. Alquiler y venta para su uso en refiner\u00edas, plantas qu\u00edmicas y otras \u00e1reas clasificadas.","og_url":"https:\/\/abix.com.br\/produto\/mts1\/","og_site_name":"Abix","article_modified_time":"2023-10-19T17:58:56+00:00","og_image":[{"width":610,"height":558,"url":"https:\/\/abix.com.br\/wp-content\/uploads\/2021\/04\/motorola-mts1-1.jpg","type":"image\/jpeg"}],"twitter_card":"summary_large_image","twitter_misc":{"Tiempo de lectura":"3 minutos"},"schema":{"@context":"https:\/\/schema.org","@graph":[{"@type":"WebPage","@id":"https:\/\/abix.com.br\/produto\/mts1\/","url":"https:\/\/abix.com.br\/produto\/mts1\/","name":"ESTACI\u00d3N BASE MOTOROLA TETRA MTS1 - Abix","isPartOf":{"@id":"https:\/\/abix.com.br\/#website"},"primaryImageOfPage":{"@id":"https:\/\/abix.com.br\/produto\/mts1\/#primaryimage"},"image":{"@id":"https:\/\/abix.com.br\/produto\/mts1\/#primaryimage"},"thumbnailUrl":"https:\/\/abix.com.br\/wp-content\/uploads\/2021\/04\/motorola-mts1-1.jpg","datePublished":"2020-11-18T17:32:54+00:00","dateModified":"2023-10-19T17:58:56+00:00","description":"Tableta intr\u00ednsecamente segura IS930. Alquiler y venta para su uso en refiner\u00edas, plantas qu\u00edmicas y otras \u00e1reas clasificadas.","breadcrumb":{"@id":"https:\/\/abix.com.br\/produto\/mts1\/#breadcrumb"},"inLanguage":"es","potentialAction":[{"@type":"ReadAction","target":["https:\/\/abix.com.br\/produto\/mts1\/"]}]},{"@type":"ImageObject","inLanguage":"es","@id":"https:\/\/abix.com.br\/produto\/mts1\/#primaryimage","url":"https:\/\/abix.com.br\/wp-content\/uploads\/2021\/04\/motorola-mts1-1.jpg","contentUrl":"https:\/\/abix.com.br\/wp-content\/uploads\/2021\/04\/motorola-mts1-1.jpg","width":610,"height":558},{"@type":"BreadcrumbList","@id":"https:\/\/abix.com.br\/produto\/mts1\/#breadcrumb","itemListElement":[{"@type":"ListItem","position":1,"name":"In\u00edcio","item":"https:\/\/abix.com.br\/es\/"},{"@type":"ListItem","position":2,"name":"Tienda","item":"https:\/\/abix.com.br\/loja\/"},{"@type":"ListItem","position":3,"name":"ESTACI\u00d3N BASE MOTOROLA TETRA MTS1"}]},{"@type":"WebSite","@id":"https:\/\/abix.com.br\/#website","url":"https:\/\/abix.com.br\/","name":"Abix","description":"","potentialAction":[{"@type":"SearchAction","target":{"@type":"EntryPoint","urlTemplate":"https:\/\/abix.com.br\/?s={search_term_string}"},"query-input":{"@type":"PropertyValueSpecification","valueRequired":true,"valueName":"search_term_string"}}],"inLanguage":"es"}]}},"_links":{"self":[{"href":"https:\/\/abix.com.br\/es\/wp-json\/wp\/v2\/product\/19305","targetHints":{"allow":["GET"]}}],"collection":[{"href":"https:\/\/abix.com.br\/es\/wp-json\/wp\/v2\/product"}],"about":[{"href":"https:\/\/abix.com.br\/es\/wp-json\/wp\/v2\/types\/product"}],"replies":[{"embeddable":true,"href":"https:\/\/abix.com.br\/es\/wp-json\/wp\/v2\/comments?post=19305"}],"wp:featuredmedia":[{"embeddable":true,"href":"https:\/\/abix.com.br\/es\/wp-json\/wp\/v2\/media\/14280"}],"wp:attachment":[{"href":"https:\/\/abix.com.br\/es\/wp-json\/wp\/v2\/media?parent=19305"}],"wp:term":[{"taxonomy":"product_brand","embeddable":true,"href":"https:\/\/abix.com.br\/es\/wp-json\/wp\/v2\/product_brand?post=19305"},{"taxonomy":"product_cat","embeddable":true,"href":"https:\/\/abix.com.br\/es\/wp-json\/wp\/v2\/product_cat?post=19305"},{"taxonomy":"product_tag","embeddable":true,"href":"https:\/\/abix.com.br\/es\/wp-json\/wp\/v2\/product_tag?post=19305"}],"curies":[{"name":"wp","href":"https:\/\/api.w.org\/{rel}","templated":true}]}}