{"id":19306,"date":"2020-11-18T14:22:24","date_gmt":"2020-11-18T17:22:24","guid":{"rendered":"https:\/\/abix.com.br\/produto\/estacion-base-motorola-tetra-mts4\/"},"modified":"2023-10-19T14:59:09","modified_gmt":"2023-10-19T17:59:09","slug":"estacion-base-motorola-tetra-mts4","status":"publish","type":"product","link":"https:\/\/abix.com.br\/es\/produto\/estacion-base-motorola-tetra-mts4\/","title":{"rendered":"ESTACI\u00d3N BASE MOTOROLA TETRA MTS4"},"content":{"rendered":"\n\t<section class=\"section\" id=\"section_365279553\">\n\t\t<div class=\"section-bg fill\" >\n\t\t\t\t\t\t\t\t\t\n\t\t\t\n\n\t\t<\/div>\n\n\t\t\n\n\t\t<div class=\"section-content relative\">\n\t\t\t\n<div class=\"row\"  id=\"row-1340781593\">\n\n\t<div id=\"col-1131696657\" class=\"col small-12 large-12\"  >\n\t\t\t\t<div class=\"col-inner\"  >\n\t\t\t\n\t\t\t\n<div class=\"row\"  id=\"row-723978777\">\n\n\t<div id=\"col-1273996690\" class=\"col small-12 large-12\"  >\n\t\t\t\t<div class=\"col-inner\"  >\n\t\t\t\n\t\t\t\n\n\t\t<div class=\"tabbed-content locacao-tabs\">\n\t\t\t\n\t\t\t<ul class=\"nav nav-tabs nav-normal nav-size-xlarge nav-left active-on-hover\" role=\"tablist\"><li id=\"tab-informaci\u00d3n\" class=\"tab active has-icon\" role=\"presentation\"><a href=\"#tab_informaci\u00d3n\" role=\"tab\" aria-selected=\"true\" aria-controls=\"tab_informaci\u00d3n\"><span>INFORMACI\u00d3N<\/span><\/a><\/li>\n<li id=\"tab-accesorios\" class=\"tab has-icon\" role=\"presentation\"><a href=\"#tab_accesorios\" tabindex=\"-1\" role=\"tab\" aria-selected=\"false\" aria-controls=\"tab_accesorios\"><span>ACCESORIOS<\/span><\/a><\/li>\n<li id=\"tab-descargas\" class=\"tab has-icon\" role=\"presentation\"><a href=\"#tab_descargas\" tabindex=\"-1\" role=\"tab\" aria-selected=\"false\" aria-controls=\"tab_descargas\"><span>DESCARGAS<\/span><\/a><\/li>\n<li id=\"tab-especificaciones\" class=\"tab has-icon\" role=\"presentation\"><a href=\"#tab_especificaciones\" tabindex=\"-1\" role=\"tab\" aria-selected=\"false\" aria-controls=\"tab_especificaciones\"><span>ESPECIFICACIONES<\/span><\/a><\/li><\/ul><div class=\"tab-panels\"><div id=\"tab_informaci\u00d3n\" class=\"panel active entry-content\" role=\"tabpanel\" aria-labelledby=\"tab-informaci\u00d3n\">\n<div class=\"row\"  id=\"row-1041537816\">\n\n\t<div id=\"col-552185168\" class=\"col medium-6 small-12 large-6\"  >\n\t\t\t\t<div class=\"col-inner\"  >\n\t\t\t\n\t\t\t\n<p>La compacta MTS4 establece nuevos est\u00e1ndares para estaciones base de alta capacidad y redundancia, al tiempo que garantiza el aprovisionamiento in situ y los costes de instalaci\u00f3n m\u00e1s bajos posibles.<br \/>\n&#8211; Reducci\u00f3n de los costes de adquisici\u00f3n in situ gracias a los menores requisitos de emplazamiento de la antena.<br \/>\n&#8211; Reducci\u00f3n de los costes de instalaci\u00f3n gracias a un dise\u00f1o m\u00e1s compacto y flexible.<br \/>\n&#8211; Reducci\u00f3n de los costes de explotaci\u00f3n in situ gracias a un menor n\u00famero de visitas y un menor nivel de mantenimiento.<br \/>\n&#8211; El MTS4 cumple plenamente la nueva directiva ROHS.<\/p>\n\t\t<\/div>\n\t\t\t\t\t<\/div>\n\n\t\n\n\t<div id=\"col-494437966\" class=\"col medium-6 small-12 large-6\"  >\n\t\t\t\t<div class=\"col-inner text-left\"  >\n\t\t\t\n\t\t\t\n<p>DIMETRA Express, un sistema TETRA flexible. Al integrar el conmutador y la base de radio en un \u00fanico armario o sistema modular, ahora es f\u00e1cil configurar, desplegar y gestionar sus comunicaciones. Simplifique sus operaciones diarias, al tiempo que reduce los costes y el nivel de complejidad a largo plazo.<\/p>\n<p>Integre r\u00e1pidamente DIMETRA Express en su red, proporcione m\u00faltiples abonados y complete f\u00e1cilmente la instalaci\u00f3n mediante aplicaciones y herramientas basadas en navegador web. Una vez en funcionamiento, DIMETRA Express es f\u00e1cil de gestionar y manejar a trav\u00e9s de aplicaciones web de despacho y gesti\u00f3n de red.<\/p>\n<p>DIMETRA Express ofrece los servicios de voz, datos cortos y telefon\u00eda que necesitan sus equipos. Y lo que es m\u00e1s, puede ampliarse a m\u00faltiples ubicaciones y crecer junto con su negocio.<\/p>\n\t\t<\/div>\n\t\t\t\t\t<\/div>\n\n\t\n<\/div>\n<\/div>\n<div id=\"tab_accesorios\" class=\"panel entry-content\" role=\"tabpanel\" aria-labelledby=\"tab-accesorios\">\n<div class=\"row align-middle\"  id=\"row-153109338\">\n\n\t<div id=\"col-695155661\" class=\"col medium-10 small-12 large-10\"  >\n\t\t\t\t<div class=\"col-inner\"  >\n\t\t\t\n\t\t\t\n<p>FICHA T\u00c9CNICA<\/p>\n<ul>\n<li><a href=\"https:\/\/www.abix.com.br\/wp-content\/uploads\/dimetra_express_spec_sheet_pt.pdf\">dimetra_express_spec_sheet_es<\/a><\/li>\n<li><a href=\"https:\/\/www.abix.com.br\/wp-content\/uploads\/dimetra_express_specification_sheet_PT_0919.pdf\">dimetra_express_specification_sheet_ES_0919<\/a><\/li>\n<\/ul>\n\t\t<\/div>\n\t\t\t\t\t<\/div>\n\n\t\n\n\t<div id=\"col-759760383\" class=\"col medium-2 small-12 large-2\"  >\n\t\t\t\t<div class=\"col-inner\"  >\n\t\t\t\n\t\t\t\n\t\t<\/div>\n\t\t\t\t\t<\/div>\n\n\t\n<\/div>\n<\/div>\n<div id=\"tab_descargas\" class=\"panel entry-content\" role=\"tabpanel\" aria-labelledby=\"tab-descargas\">\n<div class=\"row\"  id=\"row-2073385666\">\n\n\t<div id=\"col-901898363\" class=\"col medium-10 small-12 large-10\"  >\n\t\t\t\t<div class=\"col-inner\"  >\n\t\t\t\n\t\t\t\n<p><a href=\"https:\/\/abix.com.br\/wp-content\/uploads\/FOLHRETO-PTBR-TLK-100.pdf\">[FOLHETO \u2013 PTBR]  TLK 100<\/a><\/p>\n<p><a href=\"https:\/\/abix.com.br\/wp-content\/uploads\/DATASHEET-EN-TLK-100.pdf\">[DATASHEET \u2013 EN]  TLK 100<\/a><\/p>\n\t\t<\/div>\n\t\t\t\t\t<\/div>\n\n\t\n<\/div>\n<\/div>\n<div id=\"tab_especificaciones\" class=\"panel entry-content\" role=\"tabpanel\" aria-labelledby=\"tab-especificaciones\">\n<div class=\"row\"  id=\"row-1843801621\">\n\n\t<div id=\"col-207796928\" class=\"col medium-9 small-12 large-9\"  >\n\t\t\t\t<div class=\"col-inner\"  >\n\t\t\t\n\t\t\t\n<p>Redes: 3G\/4G, Wi-Fi<br \/>\nCapacidad de canales: 96 canales<br \/>\nLista de contactos: 300 contactos<br \/>\nDimensiones: (Al x An x Pr)<br \/>\nSin antena: 131 x 59 x 22 mm<br \/>\nCon antena: 169 x 59 x 22 mm<br \/>\nPeso con bater\u00eda: 170 g (6,0 oz)<br \/>\nCapacidad de la bater\u00eda 3,7 V (nominal) 2300 mAh<br \/>\nBater\u00eda (2500mAh Li-Ion Battery)<br \/>\nC\u00f3dec de voz OPUS<br \/>\nVersi\u00f3n de Bluetooth: V4.2 EDR + BLE<br \/>\nGPS GNSS \/ A-GNSS (GPS, GLONASS, Galileo, BeiDou)<br \/>\nWi-Fi 802.11 a\/b\/g\/n 2,4\/5,0 GHz<br \/>\nTARJETA SIM<br \/>\nAplicaciones compatibles: WAVE PTX<br \/>\nCriptograf\u00eda: AES-256<br \/>\nClasificaci\u00f3n: IP54 IEC60529<\/p>\n\t\t<\/div>\n\t\t\t\t\t<\/div>\n\n\t\n<\/div>\n<\/div><\/div><\/div>\n\t\t<\/div>\n\t\t\t\t\t<\/div>\n\n\t\n<\/div>\n\t\t<\/div>\n\t\t\t\t\t<\/div>\n\n\t\n<\/div>\n\t\t<\/div>\n\n\t\t\n<style>\n#section_365279553 {\n  padding-top: 0px;\n  padding-bottom: 0px;\n}\n<\/style>\n\t<\/section>\n\t\n","protected":false},"excerpt":{"rendered":"<p>La MTS4 es una estaci\u00f3n base de alto rendimiento con mayor eficiencia energ\u00e9tica y menores costes de funcionamiento.<\/p>\n<p>La compacta MTS4 establece nuevos est\u00e1ndares para estaciones base redundantes de alta capacidad, garantizando que los costes de adquisici\u00f3n e instalaci\u00f3n del emplazamiento sean lo m\u00e1s bajos posible.<\/p>\n<p>&#8211; Reducci\u00f3n de los costes de adquisici\u00f3n de emplazamientos gracias al menor n\u00famero de antenas necesarias<\/p>\n<p>&#8211; Reducci\u00f3n de los costes de instalaci\u00f3n gracias a un dise\u00f1o m\u00e1s compacto y flexible<\/p>\n<p>&#8211; Reducci\u00f3n de los costes de explotaci\u00f3n de las instalaciones gracias a un menor n\u00famero de visitas y de mantenimiento<\/p>\n<p>&#8211; MTS4 cumple plenamente la nueva directiva ROHS<\/p>\n","protected":false},"featured_media":13772,"comment_status":"closed","ping_status":"closed","template":"","meta":[],"product_brand":[],"product_cat":[167,168],"product_tag":[],"class_list":{"0":"post-19306","1":"product","2":"type-product","3":"status-publish","4":"has-post-thumbnail","6":"product_cat-dimetra-es","7":"product_cat-repetidores","9":"first","10":"instock","11":"shipping-taxable","12":"product-type-simple"},"yoast_head":"<!-- This site is optimized with the Yoast SEO plugin v27.4 - https:\/\/yoast.com\/product\/yoast-seo-wordpress\/ -->\n<title>ESTACI\u00d3N BASE MOTOROLA TETRA MTS4 - Abix<\/title>\n<meta name=\"description\" content=\"Tableta intr\u00ednsecamente segura IS930. Alquiler y venta para su uso en refiner\u00edas, plantas qu\u00edmicas y otras \u00e1reas clasificadas.\" \/>\n<meta name=\"robots\" content=\"index, follow, max-snippet:-1, max-image-preview:large, max-video-preview:-1\" \/>\n<link rel=\"canonical\" href=\"https:\/\/abix.com.br\/produto\/mts4\/\" \/>\n<meta property=\"og:locale\" content=\"es_ES\" \/>\n<meta property=\"og:type\" content=\"article\" \/>\n<meta property=\"og:title\" content=\"ESTACI\u00d3N BASE MOTOROLA TETRA MTS4 - Abix\" \/>\n<meta property=\"og:description\" content=\"Tableta intr\u00ednsecamente segura IS930. Alquiler y venta para su uso en refiner\u00edas, plantas qu\u00edmicas y otras \u00e1reas clasificadas.\" \/>\n<meta property=\"og:url\" content=\"https:\/\/abix.com.br\/produto\/mts4\/\" \/>\n<meta property=\"og:site_name\" content=\"Abix\" \/>\n<meta property=\"article:modified_time\" content=\"2023-10-19T17:59:09+00:00\" \/>\n<meta property=\"og:image\" content=\"https:\/\/abix.com.br\/wp-content\/uploads\/2020\/11\/mts4.png\" \/>\n\t<meta property=\"og:image:width\" content=\"400\" \/>\n\t<meta property=\"og:image:height\" content=\"400\" \/>\n\t<meta property=\"og:image:type\" content=\"image\/png\" \/>\n<meta name=\"twitter:card\" content=\"summary_large_image\" \/>\n<meta name=\"twitter:label1\" content=\"Tiempo de lectura\" \/>\n\t<meta name=\"twitter:data1\" content=\"2 minutos\" \/>\n<script type=\"application\/ld+json\" class=\"yoast-schema-graph\">{\"@context\":\"https:\\\/\\\/schema.org\",\"@graph\":[{\"@type\":\"WebPage\",\"@id\":\"https:\\\/\\\/abix.com.br\\\/produto\\\/mts4\\\/\",\"url\":\"https:\\\/\\\/abix.com.br\\\/produto\\\/mts4\\\/\",\"name\":\"ESTACI\u00d3N BASE MOTOROLA TETRA MTS4 - Abix\",\"isPartOf\":{\"@id\":\"https:\\\/\\\/abix.com.br\\\/#website\"},\"primaryImageOfPage\":{\"@id\":\"https:\\\/\\\/abix.com.br\\\/produto\\\/mts4\\\/#primaryimage\"},\"image\":{\"@id\":\"https:\\\/\\\/abix.com.br\\\/produto\\\/mts4\\\/#primaryimage\"},\"thumbnailUrl\":\"https:\\\/\\\/abix.com.br\\\/wp-content\\\/uploads\\\/2020\\\/11\\\/mts4.png\",\"datePublished\":\"2020-11-18T17:22:24+00:00\",\"dateModified\":\"2023-10-19T17:59:09+00:00\",\"description\":\"Tableta intr\u00ednsecamente segura IS930. Alquiler y venta para su uso en refiner\u00edas, plantas qu\u00edmicas y otras \u00e1reas clasificadas.\",\"breadcrumb\":{\"@id\":\"https:\\\/\\\/abix.com.br\\\/produto\\\/mts4\\\/#breadcrumb\"},\"inLanguage\":\"es\",\"potentialAction\":[{\"@type\":\"ReadAction\",\"target\":[\"https:\\\/\\\/abix.com.br\\\/produto\\\/mts4\\\/\"]}]},{\"@type\":\"ImageObject\",\"inLanguage\":\"es\",\"@id\":\"https:\\\/\\\/abix.com.br\\\/produto\\\/mts4\\\/#primaryimage\",\"url\":\"https:\\\/\\\/abix.com.br\\\/wp-content\\\/uploads\\\/2020\\\/11\\\/mts4.png\",\"contentUrl\":\"https:\\\/\\\/abix.com.br\\\/wp-content\\\/uploads\\\/2020\\\/11\\\/mts4.png\",\"width\":400,\"height\":400},{\"@type\":\"BreadcrumbList\",\"@id\":\"https:\\\/\\\/abix.com.br\\\/produto\\\/mts4\\\/#breadcrumb\",\"itemListElement\":[{\"@type\":\"ListItem\",\"position\":1,\"name\":\"In\u00edcio\",\"item\":\"https:\\\/\\\/abix.com.br\\\/es\\\/\"},{\"@type\":\"ListItem\",\"position\":2,\"name\":\"Tienda\",\"item\":\"https:\\\/\\\/abix.com.br\\\/loja\\\/\"},{\"@type\":\"ListItem\",\"position\":3,\"name\":\"ESTACI\u00d3N BASE MOTOROLA TETRA MTS4\"}]},{\"@type\":\"WebSite\",\"@id\":\"https:\\\/\\\/abix.com.br\\\/#website\",\"url\":\"https:\\\/\\\/abix.com.br\\\/\",\"name\":\"Abix\",\"description\":\"\",\"potentialAction\":[{\"@type\":\"SearchAction\",\"target\":{\"@type\":\"EntryPoint\",\"urlTemplate\":\"https:\\\/\\\/abix.com.br\\\/?s={search_term_string}\"},\"query-input\":{\"@type\":\"PropertyValueSpecification\",\"valueRequired\":true,\"valueName\":\"search_term_string\"}}],\"inLanguage\":\"es\"}]}<\/script>\n<!-- \/ Yoast SEO plugin. -->","yoast_head_json":{"title":"ESTACI\u00d3N BASE MOTOROLA TETRA MTS4 - Abix","description":"Tableta intr\u00ednsecamente segura IS930. Alquiler y venta para su uso en refiner\u00edas, plantas qu\u00edmicas y otras \u00e1reas clasificadas.","robots":{"index":"index","follow":"follow","max-snippet":"max-snippet:-1","max-image-preview":"max-image-preview:large","max-video-preview":"max-video-preview:-1"},"canonical":"https:\/\/abix.com.br\/produto\/mts4\/","og_locale":"es_ES","og_type":"article","og_title":"ESTACI\u00d3N BASE MOTOROLA TETRA MTS4 - Abix","og_description":"Tableta intr\u00ednsecamente segura IS930. Alquiler y venta para su uso en refiner\u00edas, plantas qu\u00edmicas y otras \u00e1reas clasificadas.","og_url":"https:\/\/abix.com.br\/produto\/mts4\/","og_site_name":"Abix","article_modified_time":"2023-10-19T17:59:09+00:00","og_image":[{"width":400,"height":400,"url":"https:\/\/abix.com.br\/wp-content\/uploads\/2020\/11\/mts4.png","type":"image\/png"}],"twitter_card":"summary_large_image","twitter_misc":{"Tiempo de lectura":"2 minutos"},"schema":{"@context":"https:\/\/schema.org","@graph":[{"@type":"WebPage","@id":"https:\/\/abix.com.br\/produto\/mts4\/","url":"https:\/\/abix.com.br\/produto\/mts4\/","name":"ESTACI\u00d3N BASE MOTOROLA TETRA MTS4 - Abix","isPartOf":{"@id":"https:\/\/abix.com.br\/#website"},"primaryImageOfPage":{"@id":"https:\/\/abix.com.br\/produto\/mts4\/#primaryimage"},"image":{"@id":"https:\/\/abix.com.br\/produto\/mts4\/#primaryimage"},"thumbnailUrl":"https:\/\/abix.com.br\/wp-content\/uploads\/2020\/11\/mts4.png","datePublished":"2020-11-18T17:22:24+00:00","dateModified":"2023-10-19T17:59:09+00:00","description":"Tableta intr\u00ednsecamente segura IS930. Alquiler y venta para su uso en refiner\u00edas, plantas qu\u00edmicas y otras \u00e1reas clasificadas.","breadcrumb":{"@id":"https:\/\/abix.com.br\/produto\/mts4\/#breadcrumb"},"inLanguage":"es","potentialAction":[{"@type":"ReadAction","target":["https:\/\/abix.com.br\/produto\/mts4\/"]}]},{"@type":"ImageObject","inLanguage":"es","@id":"https:\/\/abix.com.br\/produto\/mts4\/#primaryimage","url":"https:\/\/abix.com.br\/wp-content\/uploads\/2020\/11\/mts4.png","contentUrl":"https:\/\/abix.com.br\/wp-content\/uploads\/2020\/11\/mts4.png","width":400,"height":400},{"@type":"BreadcrumbList","@id":"https:\/\/abix.com.br\/produto\/mts4\/#breadcrumb","itemListElement":[{"@type":"ListItem","position":1,"name":"In\u00edcio","item":"https:\/\/abix.com.br\/es\/"},{"@type":"ListItem","position":2,"name":"Tienda","item":"https:\/\/abix.com.br\/loja\/"},{"@type":"ListItem","position":3,"name":"ESTACI\u00d3N BASE MOTOROLA TETRA MTS4"}]},{"@type":"WebSite","@id":"https:\/\/abix.com.br\/#website","url":"https:\/\/abix.com.br\/","name":"Abix","description":"","potentialAction":[{"@type":"SearchAction","target":{"@type":"EntryPoint","urlTemplate":"https:\/\/abix.com.br\/?s={search_term_string}"},"query-input":{"@type":"PropertyValueSpecification","valueRequired":true,"valueName":"search_term_string"}}],"inLanguage":"es"}]}},"_links":{"self":[{"href":"https:\/\/abix.com.br\/es\/wp-json\/wp\/v2\/product\/19306","targetHints":{"allow":["GET"]}}],"collection":[{"href":"https:\/\/abix.com.br\/es\/wp-json\/wp\/v2\/product"}],"about":[{"href":"https:\/\/abix.com.br\/es\/wp-json\/wp\/v2\/types\/product"}],"replies":[{"embeddable":true,"href":"https:\/\/abix.com.br\/es\/wp-json\/wp\/v2\/comments?post=19306"}],"wp:featuredmedia":[{"embeddable":true,"href":"https:\/\/abix.com.br\/es\/wp-json\/wp\/v2\/media\/13772"}],"wp:attachment":[{"href":"https:\/\/abix.com.br\/es\/wp-json\/wp\/v2\/media?parent=19306"}],"wp:term":[{"taxonomy":"product_brand","embeddable":true,"href":"https:\/\/abix.com.br\/es\/wp-json\/wp\/v2\/product_brand?post=19306"},{"taxonomy":"product_cat","embeddable":true,"href":"https:\/\/abix.com.br\/es\/wp-json\/wp\/v2\/product_cat?post=19306"},{"taxonomy":"product_tag","embeddable":true,"href":"https:\/\/abix.com.br\/es\/wp-json\/wp\/v2\/product_tag?post=19306"}],"curies":[{"name":"wp","href":"https:\/\/api.w.org\/{rel}","templated":true}]}}