{"id":19307,"date":"2020-11-18T13:52:19","date_gmt":"2020-11-18T16:52:19","guid":{"rendered":"https:\/\/abix.com.br\/produto\/estacion-base-motorola-tetra-mts2\/"},"modified":"2023-10-19T14:59:24","modified_gmt":"2023-10-19T17:59:24","slug":"estacion-base-motorola-tetra-mts2","status":"publish","type":"product","link":"https:\/\/abix.com.br\/es\/produto\/estacion-base-motorola-tetra-mts2\/","title":{"rendered":"ESTACI\u00d3N BASE MOTOROLA TETRA MTS2"},"content":{"rendered":"\n\t<section class=\"section\" id=\"section_759193486\">\n\t\t<div class=\"section-bg fill\" >\n\t\t\t\t\t\t\t\t\t\n\t\t\t\n\n\t\t<\/div>\n\n\t\t\n\n\t\t<div class=\"section-content relative\">\n\t\t\t\n<div class=\"row\"  id=\"row-315262593\">\n\n\t<div id=\"col-867291872\" class=\"col small-12 large-12\"  >\n\t\t\t\t<div class=\"col-inner\"  >\n\t\t\t\n\t\t\t\n<div class=\"row\"  id=\"row-1092579585\">\n\n\t<div id=\"col-1228184987\" class=\"col small-12 large-12\"  >\n\t\t\t\t<div class=\"col-inner\"  >\n\t\t\t\n\t\t\t\n\n\t\t<div class=\"tabbed-content locacao-tabs\">\n\t\t\t\n\t\t\t<ul class=\"nav nav-tabs nav-normal nav-size-xlarge nav-left active-on-hover\" role=\"tablist\"><li id=\"tab-informaci\u00d3n\" class=\"tab active has-icon\" role=\"presentation\"><a href=\"#tab_informaci\u00d3n\" role=\"tab\" aria-selected=\"true\" aria-controls=\"tab_informaci\u00d3n\"><span>INFORMACI\u00d3N<\/span><\/a><\/li>\n<li id=\"tab-accesorios\" class=\"tab has-icon\" role=\"presentation\"><a href=\"#tab_accesorios\" tabindex=\"-1\" role=\"tab\" aria-selected=\"false\" aria-controls=\"tab_accesorios\"><span>ACCESORIOS<\/span><\/a><\/li>\n<li id=\"tab-descargas\" class=\"tab has-icon\" role=\"presentation\"><a href=\"#tab_descargas\" tabindex=\"-1\" role=\"tab\" aria-selected=\"false\" aria-controls=\"tab_descargas\"><span>DESCARGAS<\/span><\/a><\/li>\n<li id=\"tab-especificaciones\" class=\"tab has-icon\" role=\"presentation\"><a href=\"#tab_especificaciones\" tabindex=\"-1\" role=\"tab\" aria-selected=\"false\" aria-controls=\"tab_especificaciones\"><span>ESPECIFICACIONES<\/span><\/a><\/li><\/ul><div class=\"tab-panels\"><div id=\"tab_informaci\u00d3n\" class=\"panel active entry-content\" role=\"tabpanel\" aria-labelledby=\"tab-informaci\u00d3n\">\n<div class=\"row\"  id=\"row-1016764729\">\n\n\t<div id=\"col-1853959719\" class=\"col medium-6 small-12 large-6\"  >\n\t\t\t\t<div class=\"col-inner\"  >\n\t\t\t\n\t\t\t\n<p>La ultraflexible MTS2 responde a la creciente demanda de estaciones base peque\u00f1as y desplegables, capaces de garantizar la adquisici\u00f3n e instalaci\u00f3n de emplazamientos de la forma m\u00e1s sencilla y rentable posible. Reducci\u00f3n de los costes de adquisici\u00f3n in situ gracias a los menores requisitos de emplazamiento, el menor nivel de mantenimiento debido al menor n\u00famero de visitas al emplazamiento y la posibilidad de reutilizar el MTS2 en diferentes configuraciones. Reducci\u00f3n de los costes de instalaci\u00f3n gracias a la capacidad de transporte sin esfuerzo.<\/p>\n<p>Con su dise\u00f1o modular peque\u00f1o y flexible, el MTS2 reduce dr\u00e1sticamente los costes de instalaci\u00f3n y facilita m\u00e1s que nunca el aprovisionamiento in situ. El excelente acceso frontal y la refrigeraci\u00f3n sin ventilador reducen los costes de mantenimiento y hacen que la MTS2 sea ideal para zonas rurales o lugares inaccesibles.<\/p>\n\t\t<\/div>\n\t\t\t\t\t<\/div>\n\n\t\n\n\t<div id=\"col-923949095\" class=\"col medium-6 small-12 large-6\"  >\n\t\t\t\t<div class=\"col-inner text-left\"  >\n\t\t\t\n\t\t\t\n<p>DIMETRA Express, un sistema TETRA flexible. Al integrar el conmutador y la base de radio en un \u00fanico armario o sistema modular, ahora es f\u00e1cil configurar, desplegar y gestionar sus comunicaciones. Simplifique sus operaciones diarias, al tiempo que reduce los costes y el nivel de complejidad a largo plazo.<\/p>\n<p>Integre r\u00e1pidamente DIMETRA Express en su red, proporcione m\u00faltiples abonados y complete f\u00e1cilmente la instalaci\u00f3n mediante aplicaciones y herramientas basadas en navegador web. Una vez en funcionamiento, DIMETRA Express es f\u00e1cil de gestionar y manejar a trav\u00e9s de aplicaciones web de despacho y gesti\u00f3n de red.<\/p>\n<p>DIMETRA Express ofrece los servicios de voz, datos cortos y telefon\u00eda que necesitan sus equipos. Y lo que es m\u00e1s, puede ampliarse a m\u00faltiples ubicaciones y crecer junto con su negocio.<\/p>\n\t\t<\/div>\n\t\t\t\t\t<\/div>\n\n\t\n<\/div>\n<\/div>\n<div id=\"tab_accesorios\" class=\"panel entry-content\" role=\"tabpanel\" aria-labelledby=\"tab-accesorios\">\n<div class=\"row align-middle\"  id=\"row-313459923\">\n\n\t<div id=\"col-59640858\" class=\"col medium-10 small-12 large-10\"  >\n\t\t\t\t<div class=\"col-inner\"  >\n\t\t\t\n\t\t\t\n\t\t<\/div>\n\t\t\t\t\t<\/div>\n\n\t\n\n\t<div id=\"col-1157923195\" class=\"col medium-2 small-12 large-2\"  >\n\t\t\t\t<div class=\"col-inner\"  >\n\t\t\t\n\t\t\t\n\t\t<\/div>\n\t\t\t\t\t<\/div>\n\n\t\n<\/div>\n<\/div>\n<div id=\"tab_descargas\" class=\"panel entry-content\" role=\"tabpanel\" aria-labelledby=\"tab-descargas\">\n<div class=\"row\"  id=\"row-1046769972\">\n\n\t<div id=\"col-1235528981\" class=\"col medium-10 small-12 large-10\"  >\n\t\t\t\t<div class=\"col-inner\"  >\n\t\t\t\n\t\t\t\n<p>FICHA T\u00c9CNICA<\/p>\n<ul>\n<li><a href=\"https:\/\/www.abix.com.br\/wp-content\/uploads\/dimetra_express_spec_sheet_pt.pdf\">dimetra_express_spec_sheet_es<\/a><\/li>\n<li><a href=\"https:\/\/www.abix.com.br\/wp-content\/uploads\/dimetra_express_specification_sheet_PT_0919.pdf\">dimetra_express_specification_sheet_ES_0919<\/a><\/li>\n<\/ul>\n\t\t<\/div>\n\t\t\t\t\t<\/div>\n\n\t\n<\/div>\n<\/div>\n<div id=\"tab_especificaciones\" class=\"panel entry-content\" role=\"tabpanel\" aria-labelledby=\"tab-especificaciones\">\n<div class=\"row\"  id=\"row-1687184288\">\n\n\t<div id=\"col-945392766\" class=\"col medium-9 small-12 large-9\"  >\n\t\t\t\t<div class=\"col-inner\"  >\n\t\t\t\n\t\t\t\n<p>Redes: 3G\/4G, Wi-Fi<br \/>\nCapacidad de canales: 96 canales<br \/>\nLista de contactos: 300 contactos<br \/>\nDimensiones: (Al x An x Pr)<br \/>\nSin antena: 131 x 59 x 22 mm<br \/>\nCon antena: 169 x 59 x 22 mm<br \/>\nPeso con bater\u00eda: 170 g (6,0 oz)<br \/>\nCapacidad de la bater\u00eda 3,7 V (nominal) 2300 mAh<br \/>\nBater\u00eda (2500mAh Li-Ion Battery)<br \/>\nC\u00f3dec de voz OPUS<br \/>\nVersi\u00f3n de Bluetooth: V4.2 EDR + BLE<br \/>\nGPS GNSS \/ A-GNSS (GPS, GLONASS, Galileo, BeiDou)<br \/>\nWi-Fi 802.11 a\/b\/g\/n 2,4\/5,0 GHz<br \/>\nTARJETA SIM<br \/>\nAplicaciones compatibles: WAVE PTX<br \/>\nCriptograf\u00eda: AES-256<br \/>\nClasificaci\u00f3n: IP54 IEC60529<\/p>\n\t\t<\/div>\n\t\t\t\t\t<\/div>\n\n\t\n<\/div>\n<\/div><\/div><\/div>\n\t\t<\/div>\n\t\t\t\t\t<\/div>\n\n\t\n<\/div>\n\t\t<\/div>\n\t\t\t\t\t<\/div>\n\n\t\n<\/div>\n\t\t<\/div>\n\n\t\t\n<style>\n#section_759193486 {\n  padding-top: 0px;\n  padding-bottom: 0px;\n}\n<\/style>\n\t<\/section>\n\t\n","protected":false},"excerpt":{"rendered":"<p style=\"text-align: justify;\">La ultraflexible MTS2 responde a la creciente demanda de estaciones base peque\u00f1as y desplegables que garanticen que la adquisici\u00f3n e instalaci\u00f3n del emplazamiento sea lo m\u00e1s sencilla y rentable posible. Reducci\u00f3n de los costes de adquisici\u00f3n de emplazamientos gracias a menores requisitos de emplazamiento, menor mantenimiento gracias a menos visitas al emplazamiento y la posibilidad de reutilizar el MTS2 en diferentes configuraciones. Reducci\u00f3n de los costes de instalaci\u00f3n gracias a la facilidad de transporte. Con su dise\u00f1o modular peque\u00f1o y flexible, el MTS2 reduce dr\u00e1sticamente los costes de instalaci\u00f3n y facilita m\u00e1s que nunca la adquisici\u00f3n de emplazamientos. El excelente acceso frontal y la capacidad de refrigeraci\u00f3n sin ventilador se traducen en bajos costes de mantenimiento y hacen que el MTS2 sea ideal para ubicaciones rurales o inaccesibles.<\/p>\n","protected":false},"featured_media":13764,"comment_status":"closed","ping_status":"closed","template":"","meta":[],"product_brand":[],"product_cat":[167,168],"product_tag":[],"class_list":{"0":"post-19307","1":"product","2":"type-product","3":"status-publish","4":"has-post-thumbnail","6":"product_cat-dimetra-es","7":"product_cat-repetidores","9":"first","10":"instock","11":"shipping-taxable","12":"product-type-simple"},"yoast_head":"<!-- This site is optimized with the Yoast SEO plugin v27.3 - https:\/\/yoast.com\/product\/yoast-seo-wordpress\/ -->\n<title>ESTACI\u00d3N BASE MOTOROLA TETRA MTS2 - Abix<\/title>\n<meta name=\"description\" content=\"Tableta intr\u00ednsecamente segura IS930. Alquiler y venta para su uso en refiner\u00edas, plantas qu\u00edmicas y otras \u00e1reas clasificadas.\" \/>\n<meta name=\"robots\" content=\"index, follow, max-snippet:-1, max-image-preview:large, max-video-preview:-1\" \/>\n<link rel=\"canonical\" href=\"https:\/\/abix.com.br\/produto\/mts2\/\" \/>\n<meta property=\"og:locale\" content=\"es_ES\" \/>\n<meta property=\"og:type\" content=\"article\" \/>\n<meta property=\"og:title\" content=\"ESTACI\u00d3N BASE MOTOROLA TETRA MTS2 - Abix\" \/>\n<meta property=\"og:description\" content=\"Tableta intr\u00ednsecamente segura IS930. Alquiler y venta para su uso en refiner\u00edas, plantas qu\u00edmicas y otras \u00e1reas clasificadas.\" \/>\n<meta property=\"og:url\" content=\"https:\/\/abix.com.br\/produto\/mts2\/\" \/>\n<meta property=\"og:site_name\" content=\"Abix\" \/>\n<meta property=\"article:modified_time\" content=\"2023-10-19T17:59:24+00:00\" \/>\n<meta property=\"og:image\" content=\"https:\/\/abix.com.br\/wp-content\/uploads\/2020\/11\/motorola-mts2.jpg\" \/>\n\t<meta property=\"og:image:width\" content=\"700\" \/>\n\t<meta property=\"og:image:height\" content=\"700\" \/>\n\t<meta property=\"og:image:type\" content=\"image\/jpeg\" \/>\n<meta name=\"twitter:card\" content=\"summary_large_image\" \/>\n<meta name=\"twitter:label1\" content=\"Tiempo de lectura\" \/>\n\t<meta name=\"twitter:data1\" content=\"2 minutos\" \/>\n<script type=\"application\/ld+json\" class=\"yoast-schema-graph\">{\"@context\":\"https:\\\/\\\/schema.org\",\"@graph\":[{\"@type\":\"WebPage\",\"@id\":\"https:\\\/\\\/abix.com.br\\\/produto\\\/mts2\\\/\",\"url\":\"https:\\\/\\\/abix.com.br\\\/produto\\\/mts2\\\/\",\"name\":\"ESTACI\u00d3N BASE MOTOROLA TETRA MTS2 - Abix\",\"isPartOf\":{\"@id\":\"https:\\\/\\\/abix.com.br\\\/#website\"},\"primaryImageOfPage\":{\"@id\":\"https:\\\/\\\/abix.com.br\\\/produto\\\/mts2\\\/#primaryimage\"},\"image\":{\"@id\":\"https:\\\/\\\/abix.com.br\\\/produto\\\/mts2\\\/#primaryimage\"},\"thumbnailUrl\":\"https:\\\/\\\/abix.com.br\\\/wp-content\\\/uploads\\\/2020\\\/11\\\/motorola-mts2.jpg\",\"datePublished\":\"2020-11-18T16:52:19+00:00\",\"dateModified\":\"2023-10-19T17:59:24+00:00\",\"description\":\"Tableta intr\u00ednsecamente segura IS930. Alquiler y venta para su uso en refiner\u00edas, plantas qu\u00edmicas y otras \u00e1reas clasificadas.\",\"breadcrumb\":{\"@id\":\"https:\\\/\\\/abix.com.br\\\/produto\\\/mts2\\\/#breadcrumb\"},\"inLanguage\":\"es\",\"potentialAction\":[{\"@type\":\"ReadAction\",\"target\":[\"https:\\\/\\\/abix.com.br\\\/produto\\\/mts2\\\/\"]}]},{\"@type\":\"ImageObject\",\"inLanguage\":\"es\",\"@id\":\"https:\\\/\\\/abix.com.br\\\/produto\\\/mts2\\\/#primaryimage\",\"url\":\"https:\\\/\\\/abix.com.br\\\/wp-content\\\/uploads\\\/2020\\\/11\\\/motorola-mts2.jpg\",\"contentUrl\":\"https:\\\/\\\/abix.com.br\\\/wp-content\\\/uploads\\\/2020\\\/11\\\/motorola-mts2.jpg\",\"width\":700,\"height\":700},{\"@type\":\"BreadcrumbList\",\"@id\":\"https:\\\/\\\/abix.com.br\\\/produto\\\/mts2\\\/#breadcrumb\",\"itemListElement\":[{\"@type\":\"ListItem\",\"position\":1,\"name\":\"In\u00edcio\",\"item\":\"https:\\\/\\\/abix.com.br\\\/es\\\/\"},{\"@type\":\"ListItem\",\"position\":2,\"name\":\"Tienda\",\"item\":\"https:\\\/\\\/abix.com.br\\\/loja\\\/\"},{\"@type\":\"ListItem\",\"position\":3,\"name\":\"ESTACI\u00d3N BASE MOTOROLA TETRA MTS2\"}]},{\"@type\":\"WebSite\",\"@id\":\"https:\\\/\\\/abix.com.br\\\/#website\",\"url\":\"https:\\\/\\\/abix.com.br\\\/\",\"name\":\"Abix\",\"description\":\"\",\"potentialAction\":[{\"@type\":\"SearchAction\",\"target\":{\"@type\":\"EntryPoint\",\"urlTemplate\":\"https:\\\/\\\/abix.com.br\\\/?s={search_term_string}\"},\"query-input\":{\"@type\":\"PropertyValueSpecification\",\"valueRequired\":true,\"valueName\":\"search_term_string\"}}],\"inLanguage\":\"es\"}]}<\/script>\n<!-- \/ Yoast SEO plugin. -->","yoast_head_json":{"title":"ESTACI\u00d3N BASE MOTOROLA TETRA MTS2 - Abix","description":"Tableta intr\u00ednsecamente segura IS930. Alquiler y venta para su uso en refiner\u00edas, plantas qu\u00edmicas y otras \u00e1reas clasificadas.","robots":{"index":"index","follow":"follow","max-snippet":"max-snippet:-1","max-image-preview":"max-image-preview:large","max-video-preview":"max-video-preview:-1"},"canonical":"https:\/\/abix.com.br\/produto\/mts2\/","og_locale":"es_ES","og_type":"article","og_title":"ESTACI\u00d3N BASE MOTOROLA TETRA MTS2 - Abix","og_description":"Tableta intr\u00ednsecamente segura IS930. Alquiler y venta para su uso en refiner\u00edas, plantas qu\u00edmicas y otras \u00e1reas clasificadas.","og_url":"https:\/\/abix.com.br\/produto\/mts2\/","og_site_name":"Abix","article_modified_time":"2023-10-19T17:59:24+00:00","og_image":[{"width":700,"height":700,"url":"https:\/\/abix.com.br\/wp-content\/uploads\/2020\/11\/motorola-mts2.jpg","type":"image\/jpeg"}],"twitter_card":"summary_large_image","twitter_misc":{"Tiempo de lectura":"2 minutos"},"schema":{"@context":"https:\/\/schema.org","@graph":[{"@type":"WebPage","@id":"https:\/\/abix.com.br\/produto\/mts2\/","url":"https:\/\/abix.com.br\/produto\/mts2\/","name":"ESTACI\u00d3N BASE MOTOROLA TETRA MTS2 - Abix","isPartOf":{"@id":"https:\/\/abix.com.br\/#website"},"primaryImageOfPage":{"@id":"https:\/\/abix.com.br\/produto\/mts2\/#primaryimage"},"image":{"@id":"https:\/\/abix.com.br\/produto\/mts2\/#primaryimage"},"thumbnailUrl":"https:\/\/abix.com.br\/wp-content\/uploads\/2020\/11\/motorola-mts2.jpg","datePublished":"2020-11-18T16:52:19+00:00","dateModified":"2023-10-19T17:59:24+00:00","description":"Tableta intr\u00ednsecamente segura IS930. Alquiler y venta para su uso en refiner\u00edas, plantas qu\u00edmicas y otras \u00e1reas clasificadas.","breadcrumb":{"@id":"https:\/\/abix.com.br\/produto\/mts2\/#breadcrumb"},"inLanguage":"es","potentialAction":[{"@type":"ReadAction","target":["https:\/\/abix.com.br\/produto\/mts2\/"]}]},{"@type":"ImageObject","inLanguage":"es","@id":"https:\/\/abix.com.br\/produto\/mts2\/#primaryimage","url":"https:\/\/abix.com.br\/wp-content\/uploads\/2020\/11\/motorola-mts2.jpg","contentUrl":"https:\/\/abix.com.br\/wp-content\/uploads\/2020\/11\/motorola-mts2.jpg","width":700,"height":700},{"@type":"BreadcrumbList","@id":"https:\/\/abix.com.br\/produto\/mts2\/#breadcrumb","itemListElement":[{"@type":"ListItem","position":1,"name":"In\u00edcio","item":"https:\/\/abix.com.br\/es\/"},{"@type":"ListItem","position":2,"name":"Tienda","item":"https:\/\/abix.com.br\/loja\/"},{"@type":"ListItem","position":3,"name":"ESTACI\u00d3N BASE MOTOROLA TETRA MTS2"}]},{"@type":"WebSite","@id":"https:\/\/abix.com.br\/#website","url":"https:\/\/abix.com.br\/","name":"Abix","description":"","potentialAction":[{"@type":"SearchAction","target":{"@type":"EntryPoint","urlTemplate":"https:\/\/abix.com.br\/?s={search_term_string}"},"query-input":{"@type":"PropertyValueSpecification","valueRequired":true,"valueName":"search_term_string"}}],"inLanguage":"es"}]}},"_links":{"self":[{"href":"https:\/\/abix.com.br\/es\/wp-json\/wp\/v2\/product\/19307","targetHints":{"allow":["GET"]}}],"collection":[{"href":"https:\/\/abix.com.br\/es\/wp-json\/wp\/v2\/product"}],"about":[{"href":"https:\/\/abix.com.br\/es\/wp-json\/wp\/v2\/types\/product"}],"replies":[{"embeddable":true,"href":"https:\/\/abix.com.br\/es\/wp-json\/wp\/v2\/comments?post=19307"}],"wp:featuredmedia":[{"embeddable":true,"href":"https:\/\/abix.com.br\/es\/wp-json\/wp\/v2\/media\/13764"}],"wp:attachment":[{"href":"https:\/\/abix.com.br\/es\/wp-json\/wp\/v2\/media?parent=19307"}],"wp:term":[{"taxonomy":"product_brand","embeddable":true,"href":"https:\/\/abix.com.br\/es\/wp-json\/wp\/v2\/product_brand?post=19307"},{"taxonomy":"product_cat","embeddable":true,"href":"https:\/\/abix.com.br\/es\/wp-json\/wp\/v2\/product_cat?post=19307"},{"taxonomy":"product_tag","embeddable":true,"href":"https:\/\/abix.com.br\/es\/wp-json\/wp\/v2\/product_tag?post=19307"}],"curies":[{"name":"wp","href":"https:\/\/api.w.org\/{rel}","templated":true}]}}