{"id":19308,"date":"2020-10-14T14:06:44","date_gmt":"2020-10-14T17:06:44","guid":{"rendered":"https:\/\/abix.com.br\/produto\/hmt-1z1-tableta-montada-en-la-cabeza-hmt\/"},"modified":"2023-10-19T14:59:40","modified_gmt":"2023-10-19T17:59:40","slug":"hmt-1z1-tableta-montada-en-la-cabeza-hmt","status":"publish","type":"product","link":"https:\/\/abix.com.br\/es\/produto\/hmt-1z1-tableta-montada-en-la-cabeza-hmt\/","title":{"rendered":"HMT-1Z1 &#8211; Tableta montada en la cabeza (HMT)"},"content":{"rendered":"\n\t<section class=\"section\" id=\"section_752535278\">\n\t\t<div class=\"section-bg fill\" >\n\t\t\t\t\t\t\t\t\t\n\t\t\t\n\n\t\t<\/div>\n\n\t\t\n\n\t\t<div class=\"section-content relative\">\n\t\t\t\n<div class=\"row\"  id=\"row-1635895055\">\n\n\t<div id=\"col-1523028224\" class=\"col small-12 large-12\"  >\n\t\t\t\t<div class=\"col-inner\"  >\n\t\t\t\n\t\t\t\n<div class=\"row\"  id=\"row-1299387531\">\n\n\t<div id=\"col-1511511785\" class=\"col small-12 large-12\"  >\n\t\t\t\t<div class=\"col-inner\"  >\n\t\t\t\n\t\t\t\n\n\t\t<div class=\"tabbed-content locacao-tabs\">\n\t\t\t\n\t\t\t<ul class=\"nav nav-tabs nav-normal nav-size-xlarge nav-left active-on-hover\" role=\"tablist\"><li id=\"tab-informaci\u00d3n\" class=\"tab active has-icon\" role=\"presentation\"><a href=\"#tab_informaci\u00d3n\" role=\"tab\" aria-selected=\"true\" aria-controls=\"tab_informaci\u00d3n\"><span>INFORMACI\u00d3N<\/span><\/a><\/li>\n<li id=\"tab-accesorios\" class=\"tab has-icon\" role=\"presentation\"><a href=\"#tab_accesorios\" tabindex=\"-1\" role=\"tab\" aria-selected=\"false\" aria-controls=\"tab_accesorios\"><span>ACCESORIOS<\/span><\/a><\/li>\n<li id=\"tab-descargas\" class=\"tab has-icon\" role=\"presentation\"><a href=\"#tab_descargas\" tabindex=\"-1\" role=\"tab\" aria-selected=\"false\" aria-controls=\"tab_descargas\"><span>DESCARGAS<\/span><\/a><\/li>\n<li id=\"tab-especificaciones\" class=\"tab has-icon\" role=\"presentation\"><a href=\"#tab_especificaciones\" tabindex=\"-1\" role=\"tab\" aria-selected=\"false\" aria-controls=\"tab_especificaciones\"><span>ESPECIFICACIONES<\/span><\/a><\/li><\/ul><div class=\"tab-panels\"><div id=\"tab_informaci\u00d3n\" class=\"panel active entry-content\" role=\"tabpanel\" aria-labelledby=\"tab-informaci\u00d3n\">\n<div class=\"row\"  id=\"row-63343544\">\n\n\t<div id=\"col-519617966\" class=\"col medium-6 small-12 large-6\"  >\n\t\t\t\t<div class=\"col-inner\"  >\n\t\t\t\n\t\t\t\n<p><strong>SISTEMA OPERATIVO ANDROID<\/strong><\/p>\n<p>AndroidTM 8.1, actualizaciones trimestrales de seguridad durante al menos cinco a\u00f1os desde su lanzamiento.<\/p>\n<p><strong>VENTAJAS<\/strong><\/p>\n<ul>\n<li>Android <sup>TM<\/sup> 8.1.0 + interfaz manos libres WearHF <sup>TM<\/sup><\/li>\n<li>Bluetooth 4.1 LE<\/li>\n<li>Wi-Fi 802.11 a \/ b \/ g \/ n \/ ac<\/li>\n<li>C\u00e1mara de 16 MP con 4 im\u00e1genes estabilizadas, PDAF<\/li>\n<li>C\u00e1mara con lector de c\u00f3digos de barras (por aplicaci\u00f3n)<\/li>\n<li>Manos libres<\/li>\n<li>Altavoz interno de 91 dB<\/li>\n<li>4 micr\u00f3fonos digitales con cancelaci\u00f3n activa del ruido<\/li>\n<li>Pantalla WVGA con 20\u00b0 de campo de visi\u00f3n<\/li>\n<li>Compatible con EPI<\/li>\n<\/ul>\n<p><strong>APROBACIONES<\/strong><\/p>\n<div class=\"csc-textpic csc-textpic-left csc-textpic-below csc-textpic-equalheight\">\n<div class=\"csc-textpic-text\">\n<ul>\n<li><strong>ATEX Zona 1\/21<\/strong><br \/>II 2G Ex ib IIC T4 Gb<br \/>II 2D Ex ib IIIC T135 \u00b0 C Db IP6X<\/li>\n<li><strong>IECEx zona 1\/21<\/strong><br \/>Ex ib IIC T4 Gb<br \/>Ex ib IIIC T135 \u00b0 C Db IP6X<\/li>\n<li><strong>CSA<\/strong><br \/>(aprobado para Norteam\u00e9rica)<br \/>Clase I, Divisi\u00f3n 1, Grupos A, B, C, D, T4<br \/>Clase II, Divisi\u00f3n 1, Grupos E, F, G,<br \/>Clase III, Divisi\u00f3n 1<\/li>\n<li><strong>INMETRO<\/strong><br \/>(aprobado para Brasil)<br \/>Ex ib IIC T4 Gb<br \/>Ex ib IIIC T135 \u00b0 C Db IP6X<\/li>\n<\/ul>\n<\/div>\n<\/div>\n\t\t<\/div>\n\t\t\t\t\t<\/div>\n\n\t\n\n\t<div id=\"col-1681727646\" class=\"col medium-6 small-12 large-6\"  >\n\t\t\t\t<div class=\"col-inner text-left\"  >\n\t\t\t\n\t\t\t\n\t\t<\/div>\n\t\t\t\t\t<\/div>\n\n\t\n<\/div>\n<\/div>\n<div id=\"tab_accesorios\" class=\"panel entry-content\" role=\"tabpanel\" aria-labelledby=\"tab-accesorios\">\n<div class=\"row align-middle\"  id=\"row-1290245965\">\n\n\t<div id=\"col-541987676\" class=\"col medium-10 small-12 large-10\"  >\n\t\t\t\t<div class=\"col-inner\"  >\n\t\t\t\n\t\t\t\n<p><strong>Pinzas para casco con solapa frontal MSA (paquete de 3)<\/strong><\/p>\n<p><strong>Casco de montura frontal MSA V-Gard<\/strong><\/p>\n<p><strong>Cable USB i.safe PROTECTOR 1.0<\/strong><\/p>\n<p><strong>Malet\u00edn de transporte semirr\u00edgido<\/strong><\/p>\n\t\t<\/div>\n\t\t\t\t\t<\/div>\n\n\t\n\n\t<div id=\"col-1029560219\" class=\"col medium-2 small-12 large-2\"  >\n\t\t\t\t<div class=\"col-inner\"  >\n\t\t\t\n\t\t\t\n\t\t<\/div>\n\t\t\t\t\t<\/div>\n\n\t\n<\/div>\n<\/div>\n<div id=\"tab_descargas\" class=\"panel entry-content\" role=\"tabpanel\" aria-labelledby=\"tab-descargas\">\n<div class=\"row\"  id=\"row-1238177923\">\n\n\t<div id=\"col-270879100\" class=\"col medium-10 small-12 large-10\"  >\n\t\t\t\t<div class=\"col-inner\"  >\n\t\t\t\n\t\t\t\n<p><strong>FICHA T\u00c9CNICA<\/strong><\/p>\n<ul>\n<li><a href=\"https:\/\/www.abix.com.br\/wp-content\/uploads\/ISM_HMT1Z1_A5_datasheet_EN.pdf\">ISM_HMT1Z1_A5_datasheet_ES<\/a><\/li>\n<\/ul>\n<p><strong>CERTIFICADOS<\/strong><\/p>\n<ul>\n<li><a href=\"https:\/\/www.abix.com.br\/wp-content\/uploads\/BRA-19-GE-HMT-1Z1_REV01.pdf\">INMETRO HMT_1Z1<\/a><\/li>\n<\/ul>\n\t\t<\/div>\n\t\t\t\t\t<\/div>\n\n\t\n<\/div>\n<\/div>\n<div id=\"tab_especificaciones\" class=\"panel entry-content\" role=\"tabpanel\" aria-labelledby=\"tab-especificaciones\">\n<div class=\"row\"  id=\"row-1621609485\">\n\n\t<div id=\"col-79915160\" class=\"col medium-9 small-12 large-9\"  >\n\t\t\t\t<div class=\"col-inner\"  >\n\t\t\t\n\t\t\t\n<h3>CARACTER\u00cdSTICAS DE RENDIMIENTO<\/h3>\n<ul>\n<li><strong>Bater\u00eda &#8211; est\u00e1ndar=3400<\/strong>mAh<\/li>\n<\/ul>\n<ul>\n<li><strong>WI-FI<\/strong><\/li>\n<\/ul>\n<p>2,4 GHz + 5 GHz<br \/>IEEE 802.11 a \/ b \/ g \/ n \/ ac \/ e \/ k \/ r \/ h<\/p>\n<ul>\n<li><strong>Bluetooth 4.1 LE<\/strong><\/li>\n<\/ul>\n<ul>\n<li><strong>Sistema operativo<\/strong><\/li>\n<\/ul>\n<p>Android\u2122 8.1.0<\/p>\n<ul>\n<li><strong>Procesador<\/strong><\/li>\n<\/ul>\n<p>Qualcomm Snapdragon 625 a 2,0 GHz con Adreno<br \/>506 GPU &#8211; OpenGL ES3.1<br \/>y OpenCL 2.0,<br \/>2 GB de RAM, 16 GB internos<br \/>memoria<\/p>\n<ul>\n<li><b>C\u00e1mara<\/b><\/li>\n<\/ul>\n<p>16 MP con estabilizaci\u00f3n de 4 im\u00e1genes,<br \/>PDAF con linterna LED<\/p>\n<\/p>\n<div class=\"csc-header csc-header-n6\">\n<h2>ADMISI\u00d3N<\/h2>\n<\/div>\n<div class=\"csc-textpic csc-textpic-left csc-textpic-below csc-textpic-equalheight\">\n<div class=\"csc-textpic-text\">\n<ul>\n<li><strong>ATEX Zona 1\/21<\/strong><\/li>\n<\/ul>\n<p>II 2G Ex ib IIC T4 Gb<br \/>II 2D Ex ib IIIC T135 \u00b0 C Db IP6X<\/p>\n<\/p>\n<\/div>\n<\/div>\n<ul>\n<li><strong>Grado de protecci\u00f3n<\/strong><\/li>\n<\/ul>\n<p>IP66<\/p>\n<ul>\n<li><strong>Especificaciones militares<\/strong><\/li>\n<\/ul>\n<p>810 D, 810 E, 810 F, 810 G<\/p>\n<h3>DETALLES T\u00c9CNICOS<\/h3>\n<ul>\n<li><strong>Compatible con GPS<\/strong><\/li>\n<\/ul>\n<p>GPS, Beidou, Glonass<\/p>\n<ul>\n<li><strong>Micro SD<\/strong><\/li>\n<\/ul>\n<p>memoria externatarjeta micro SD<\/p>\n<ul>\n<li><strong>C\u00e1mara<\/strong><\/li>\n<\/ul>\n<p>16 MP con estabilizaci\u00f3n de 4 im\u00e1genes, PDAF con linterna LED<\/p>\n\t\t<\/div>\n\t\t\t\t\t<\/div>\n\n\t\n<\/div>\n<\/div><\/div><\/div>\n\t\t<\/div>\n\t\t\t\t\t<\/div>\n\n\t\n<\/div>\n\t\t<\/div>\n\t\t\t\t\t<\/div>\n\n\t\n<\/div>\n\t\t<\/div>\n\n\t\t\n<style>\n#section_752535278 {\n  padding-top: 0px;\n  padding-bottom: 0px;\n}\n<\/style>\n\t<\/section>\n\t\n","protected":false},"excerpt":{"rendered":"<p style=\"text-align: justify;\">La HMT-1Z1 es la primera tableta montada en la cabeza (HMT) intuitiva y totalmente manos libres para trabajar en zonas peligrosas 1\/21 o CSA Clase I, II, III Divisi\u00f3n 1.<\/p>\n","protected":false},"featured_media":13743,"comment_status":"closed","ping_status":"closed","template":"","meta":[],"product_brand":[],"product_cat":[165,169],"product_tag":[],"class_list":{"0":"post-19308","1":"product","2":"type-product","3":"status-publish","4":"has-post-thumbnail","6":"product_cat-equipos-atex-ex","7":"product_cat-tableta-is","9":"first","10":"instock","11":"shipping-taxable","12":"product-type-simple"},"yoast_head":"<!-- This site is optimized with the Yoast SEO plugin v27.4 - https:\/\/yoast.com\/product\/yoast-seo-wordpress\/ -->\n<title>- Abix Tecnologia<\/title>\n<meta name=\"description\" content=\"La HMT-1Z1 es la primera tableta montada en la cabeza (HMT) intuitiva y totalmente manos libres para trabajar en zonas peligrosas. Visite nuestro sitio web\" \/>\n<meta name=\"robots\" content=\"index, follow, max-snippet:-1, max-image-preview:large, max-video-preview:-1\" \/>\n<link rel=\"canonical\" href=\"https:\/\/abix.com.br\/produto\/hmt-1z1\/\" \/>\n<meta property=\"og:locale\" content=\"es_ES\" \/>\n<meta property=\"og:type\" content=\"article\" \/>\n<meta property=\"og:title\" content=\"- Abix Tecnologia\" \/>\n<meta property=\"og:description\" content=\"La HMT-1Z1 es la primera tableta montada en la cabeza (HMT) intuitiva y totalmente manos libres para trabajar en zonas peligrosas. Visite nuestro sitio web\" \/>\n<meta property=\"og:url\" content=\"https:\/\/abix.com.br\/produto\/hmt-1z1\/\" \/>\n<meta property=\"og:site_name\" content=\"Abix\" \/>\n<meta property=\"article:modified_time\" content=\"2023-10-19T17:59:40+00:00\" \/>\n<meta property=\"og:image\" content=\"https:\/\/abix.com.br\/wp-content\/uploads\/2020\/11\/HMT-1Z1-a.webp\" \/>\n\t<meta property=\"og:image:width\" content=\"1024\" \/>\n\t<meta property=\"og:image:height\" content=\"1024\" \/>\n\t<meta property=\"og:image:type\" content=\"image\/webp\" \/>\n<meta name=\"twitter:card\" content=\"summary_large_image\" \/>\n<meta name=\"twitter:label1\" content=\"Tiempo de lectura\" \/>\n\t<meta name=\"twitter:data1\" content=\"2 minutos\" \/>\n<script type=\"application\/ld+json\" class=\"yoast-schema-graph\">{\"@context\":\"https:\\\/\\\/schema.org\",\"@graph\":[{\"@type\":\"WebPage\",\"@id\":\"https:\\\/\\\/abix.com.br\\\/produto\\\/hmt-1z1\\\/\",\"url\":\"https:\\\/\\\/abix.com.br\\\/produto\\\/hmt-1z1\\\/\",\"name\":\"- Abix Tecnologia\",\"isPartOf\":{\"@id\":\"https:\\\/\\\/abix.com.br\\\/#website\"},\"primaryImageOfPage\":{\"@id\":\"https:\\\/\\\/abix.com.br\\\/produto\\\/hmt-1z1\\\/#primaryimage\"},\"image\":{\"@id\":\"https:\\\/\\\/abix.com.br\\\/produto\\\/hmt-1z1\\\/#primaryimage\"},\"thumbnailUrl\":\"https:\\\/\\\/abix.com.br\\\/wp-content\\\/uploads\\\/2020\\\/11\\\/HMT-1Z1-a.webp\",\"datePublished\":\"2020-10-14T17:06:44+00:00\",\"dateModified\":\"2023-10-19T17:59:40+00:00\",\"description\":\"La HMT-1Z1 es la primera tableta montada en la cabeza (HMT) intuitiva y totalmente manos libres para trabajar en zonas peligrosas. Visite nuestro sitio web\",\"breadcrumb\":{\"@id\":\"https:\\\/\\\/abix.com.br\\\/produto\\\/hmt-1z1\\\/#breadcrumb\"},\"inLanguage\":\"es\",\"potentialAction\":[{\"@type\":\"ReadAction\",\"target\":[\"https:\\\/\\\/abix.com.br\\\/produto\\\/hmt-1z1\\\/\"]}]},{\"@type\":\"ImageObject\",\"inLanguage\":\"es\",\"@id\":\"https:\\\/\\\/abix.com.br\\\/produto\\\/hmt-1z1\\\/#primaryimage\",\"url\":\"https:\\\/\\\/abix.com.br\\\/wp-content\\\/uploads\\\/2020\\\/11\\\/HMT-1Z1-a.webp\",\"contentUrl\":\"https:\\\/\\\/abix.com.br\\\/wp-content\\\/uploads\\\/2020\\\/11\\\/HMT-1Z1-a.webp\",\"width\":1024,\"height\":1024,\"caption\":\"HMT-1Z1\"},{\"@type\":\"BreadcrumbList\",\"@id\":\"https:\\\/\\\/abix.com.br\\\/produto\\\/hmt-1z1\\\/#breadcrumb\",\"itemListElement\":[{\"@type\":\"ListItem\",\"position\":1,\"name\":\"In\u00edcio\",\"item\":\"https:\\\/\\\/abix.com.br\\\/es\\\/\"},{\"@type\":\"ListItem\",\"position\":2,\"name\":\"Tienda\",\"item\":\"https:\\\/\\\/abix.com.br\\\/loja\\\/\"},{\"@type\":\"ListItem\",\"position\":3,\"name\":\"HMT-1Z1 &#8211; Tableta montada en la cabeza (HMT)\"}]},{\"@type\":\"WebSite\",\"@id\":\"https:\\\/\\\/abix.com.br\\\/#website\",\"url\":\"https:\\\/\\\/abix.com.br\\\/\",\"name\":\"Abix\",\"description\":\"\",\"potentialAction\":[{\"@type\":\"SearchAction\",\"target\":{\"@type\":\"EntryPoint\",\"urlTemplate\":\"https:\\\/\\\/abix.com.br\\\/?s={search_term_string}\"},\"query-input\":{\"@type\":\"PropertyValueSpecification\",\"valueRequired\":true,\"valueName\":\"search_term_string\"}}],\"inLanguage\":\"es\"}]}<\/script>\n<!-- \/ Yoast SEO plugin. -->","yoast_head_json":{"title":"- Abix Tecnologia","description":"La HMT-1Z1 es la primera tableta montada en la cabeza (HMT) intuitiva y totalmente manos libres para trabajar en zonas peligrosas. Visite nuestro sitio web","robots":{"index":"index","follow":"follow","max-snippet":"max-snippet:-1","max-image-preview":"max-image-preview:large","max-video-preview":"max-video-preview:-1"},"canonical":"https:\/\/abix.com.br\/produto\/hmt-1z1\/","og_locale":"es_ES","og_type":"article","og_title":"- Abix Tecnologia","og_description":"La HMT-1Z1 es la primera tableta montada en la cabeza (HMT) intuitiva y totalmente manos libres para trabajar en zonas peligrosas. Visite nuestro sitio web","og_url":"https:\/\/abix.com.br\/produto\/hmt-1z1\/","og_site_name":"Abix","article_modified_time":"2023-10-19T17:59:40+00:00","og_image":[{"width":1024,"height":1024,"url":"https:\/\/abix.com.br\/wp-content\/uploads\/2020\/11\/HMT-1Z1-a.webp","type":"image\/webp"}],"twitter_card":"summary_large_image","twitter_misc":{"Tiempo de lectura":"2 minutos"},"schema":{"@context":"https:\/\/schema.org","@graph":[{"@type":"WebPage","@id":"https:\/\/abix.com.br\/produto\/hmt-1z1\/","url":"https:\/\/abix.com.br\/produto\/hmt-1z1\/","name":"- Abix Tecnologia","isPartOf":{"@id":"https:\/\/abix.com.br\/#website"},"primaryImageOfPage":{"@id":"https:\/\/abix.com.br\/produto\/hmt-1z1\/#primaryimage"},"image":{"@id":"https:\/\/abix.com.br\/produto\/hmt-1z1\/#primaryimage"},"thumbnailUrl":"https:\/\/abix.com.br\/wp-content\/uploads\/2020\/11\/HMT-1Z1-a.webp","datePublished":"2020-10-14T17:06:44+00:00","dateModified":"2023-10-19T17:59:40+00:00","description":"La HMT-1Z1 es la primera tableta montada en la cabeza (HMT) intuitiva y totalmente manos libres para trabajar en zonas peligrosas. Visite nuestro sitio web","breadcrumb":{"@id":"https:\/\/abix.com.br\/produto\/hmt-1z1\/#breadcrumb"},"inLanguage":"es","potentialAction":[{"@type":"ReadAction","target":["https:\/\/abix.com.br\/produto\/hmt-1z1\/"]}]},{"@type":"ImageObject","inLanguage":"es","@id":"https:\/\/abix.com.br\/produto\/hmt-1z1\/#primaryimage","url":"https:\/\/abix.com.br\/wp-content\/uploads\/2020\/11\/HMT-1Z1-a.webp","contentUrl":"https:\/\/abix.com.br\/wp-content\/uploads\/2020\/11\/HMT-1Z1-a.webp","width":1024,"height":1024,"caption":"HMT-1Z1"},{"@type":"BreadcrumbList","@id":"https:\/\/abix.com.br\/produto\/hmt-1z1\/#breadcrumb","itemListElement":[{"@type":"ListItem","position":1,"name":"In\u00edcio","item":"https:\/\/abix.com.br\/es\/"},{"@type":"ListItem","position":2,"name":"Tienda","item":"https:\/\/abix.com.br\/loja\/"},{"@type":"ListItem","position":3,"name":"HMT-1Z1 &#8211; Tableta montada en la cabeza (HMT)"}]},{"@type":"WebSite","@id":"https:\/\/abix.com.br\/#website","url":"https:\/\/abix.com.br\/","name":"Abix","description":"","potentialAction":[{"@type":"SearchAction","target":{"@type":"EntryPoint","urlTemplate":"https:\/\/abix.com.br\/?s={search_term_string}"},"query-input":{"@type":"PropertyValueSpecification","valueRequired":true,"valueName":"search_term_string"}}],"inLanguage":"es"}]}},"_links":{"self":[{"href":"https:\/\/abix.com.br\/es\/wp-json\/wp\/v2\/product\/19308","targetHints":{"allow":["GET"]}}],"collection":[{"href":"https:\/\/abix.com.br\/es\/wp-json\/wp\/v2\/product"}],"about":[{"href":"https:\/\/abix.com.br\/es\/wp-json\/wp\/v2\/types\/product"}],"replies":[{"embeddable":true,"href":"https:\/\/abix.com.br\/es\/wp-json\/wp\/v2\/comments?post=19308"}],"wp:featuredmedia":[{"embeddable":true,"href":"https:\/\/abix.com.br\/es\/wp-json\/wp\/v2\/media\/13743"}],"wp:attachment":[{"href":"https:\/\/abix.com.br\/es\/wp-json\/wp\/v2\/media?parent=19308"}],"wp:term":[{"taxonomy":"product_brand","embeddable":true,"href":"https:\/\/abix.com.br\/es\/wp-json\/wp\/v2\/product_brand?post=19308"},{"taxonomy":"product_cat","embeddable":true,"href":"https:\/\/abix.com.br\/es\/wp-json\/wp\/v2\/product_cat?post=19308"},{"taxonomy":"product_tag","embeddable":true,"href":"https:\/\/abix.com.br\/es\/wp-json\/wp\/v2\/product_tag?post=19308"}],"curies":[{"name":"wp","href":"https:\/\/api.w.org\/{rel}","templated":true}]}}