{"id":19309,"date":"2020-10-08T13:08:05","date_gmt":"2020-10-08T16:08:05","guid":{"rendered":"https:\/\/abix.com.br\/produto\/tablet-ex-is930-1\/"},"modified":"2023-10-19T15:00:01","modified_gmt":"2023-10-19T18:00:01","slug":"tablet-ex-is930-1","status":"publish","type":"product","link":"https:\/\/abix.com.br\/es\/produto\/tablet-ex-is930-1\/","title":{"rendered":"TABLET EX IS930.1"},"content":{"rendered":"\n\t<section class=\"section\" id=\"section_679627489\">\n\t\t<div class=\"section-bg fill\" >\n\t\t\t\t\t\t\t\t\t\n\t\t\t\n\n\t\t<\/div>\n\n\t\t\n\n\t\t<div class=\"section-content relative\">\n\t\t\t\n<div class=\"row\"  id=\"row-1575545392\">\n\n\t<div id=\"col-1780576766\" class=\"col small-12 large-12\"  >\n\t\t\t\t<div class=\"col-inner\"  >\n\t\t\t\n\t\t\t\n<div class=\"row\"  id=\"row-450772207\">\n\n\t<div id=\"col-834748253\" class=\"col small-12 large-12\"  >\n\t\t\t\t<div class=\"col-inner\"  >\n\t\t\t\n\t\t\t\n\n\t\t<div class=\"tabbed-content locacao-tabs\">\n\t\t\t\n\t\t\t<ul class=\"nav nav-tabs nav-normal nav-size-xlarge nav-left active-on-hover\" role=\"tablist\"><li id=\"tab-informaci\u00d3n\" class=\"tab active has-icon\" role=\"presentation\"><a href=\"#tab_informaci\u00d3n\" role=\"tab\" aria-selected=\"true\" aria-controls=\"tab_informaci\u00d3n\"><span>INFORMACI\u00d3N<\/span><\/a><\/li>\n<li id=\"tab-accesorios\" class=\"tab has-icon\" role=\"presentation\"><a href=\"#tab_accesorios\" tabindex=\"-1\" role=\"tab\" aria-selected=\"false\" aria-controls=\"tab_accesorios\"><span>ACCESORIOS<\/span><\/a><\/li>\n<li id=\"tab-descargas\" class=\"tab has-icon\" role=\"presentation\"><a href=\"#tab_descargas\" tabindex=\"-1\" role=\"tab\" aria-selected=\"false\" aria-controls=\"tab_descargas\"><span>DESCARGAS<\/span><\/a><\/li>\n<li id=\"tab-especificaciones\" class=\"tab has-icon\" role=\"presentation\"><a href=\"#tab_especificaciones\" tabindex=\"-1\" role=\"tab\" aria-selected=\"false\" aria-controls=\"tab_especificaciones\"><span>ESPECIFICACIONES<\/span><\/a><\/li><\/ul><div class=\"tab-panels\"><div id=\"tab_informaci\u00d3n\" class=\"panel active entry-content\" role=\"tabpanel\" aria-labelledby=\"tab-informaci\u00d3n\">\n<div class=\"row\"  id=\"row-385946267\">\n\n\t<div id=\"col-544585144\" class=\"col medium-6 small-12 large-6\"  >\n\t\t\t\t<div class=\"col-inner\"  >\n\t\t\t\n\t\t\t\n<p>La <strong>Tablet Ex IS930.<\/strong> 1 est\u00e1 certificada por INMETRO para su uso en \u00e1reas clasificadas como zona 1\/21, por lo que puede utilizarse en lugares donde ocasionalmente haya <strong>vapores de l\u00edquidos combustibles y tambi\u00e9n polvo inflamable<\/strong>.<\/p>\n<p>La tableta IS930.1 es muy resistente y puede utilizarse en entornos dif\u00edciles con temperaturas extremas (altas o bajas) y presencia de humedad y polvo, por lo que resulta ideal para silos, plataformas petrol\u00edferas, industrias qu\u00edmicas y refiner\u00edas.<\/p>\n<p><strong>IMPERMEABLE<\/strong><\/p>\n<p>Gracias a su alto grado de protecci\u00f3n <strong>IP68<\/strong>, puede <strong>sumergirse hasta 2 metros de profundidad en el agua durante un m\u00e1ximo de 60 minutos <\/strong>, por lo que es adecuado para lugares donde se requiera desinfecci\u00f3n.<\/p>\n<p><strong>SISTEMA OPERATIVO<\/strong><\/p>\n<p>Esta tableta intr\u00ednsecamente segura viene con <strong>Android 9.<\/strong> 0 preinstalado y cumple todos los requisitos de los <strong>dispositivos robustos<\/strong> para Android Enterprise.<\/p>\n<p>iSafe Mobile GmbH garantiza actualizaciones de seguridad durante un m\u00ednimo de cinco a\u00f1os a partir de la fecha de lanzamiento, por lo que puede estar seguro de un funcionamiento fiable durante toda su vida \u00fatil.<\/p>\n<p>La tecnolog\u00eda inal\u00e1mbrica Bluetooth segura est\u00e1 integrada en el IS930.1, lo que garantiza que una serie de accesorios inal\u00e1mbricos y dispositivos de colaboraci\u00f3n puedan emparejarse de forma segura y fiable.<\/p>\n<\/p>\n<p><strong>DISPONIBLE PARA ALQUILER<\/strong><\/p>\n<p>ABIX alquila esta tableta EX a industrias qu\u00edmicas y petroqu\u00edmicas, cabinas de pintura, silos de grano y otros entornos que requieren equipos con seguridad intr\u00ednseca certificada.<\/p>\n<\/p>\n<p>M\u00e1s informaci\u00f3n en: <a href=\"https:\/\/www.isafe-mobile.com\/en\/products\/products-zone-121\/is9301.html\">IS930.1<\/a><\/p>\n\t\t<\/div>\n\t\t\t\t\t<\/div>\n\n\t\n\n\t<div id=\"col-903562830\" class=\"col medium-6 small-12 large-6\"  >\n\t\t\t\t<div class=\"col-inner text-left\"  >\n\t\t\t\n\t\t\t\n\t\t<\/div>\n\t\t\t\t\t<\/div>\n\n\t\n<\/div>\n<\/div>\n<div id=\"tab_accesorios\" class=\"panel entry-content\" role=\"tabpanel\" aria-labelledby=\"tab-accesorios\">\n<div class=\"row align-middle\"  id=\"row-430203904\">\n\n\t<div id=\"col-67727546\" class=\"col medium-10 small-12 large-10\"  >\n\t\t\t\t<div class=\"col-inner\"  >\n\t\t\t\n\t\t\t\n<p><strong>MULTI CARGADOR<\/strong><br \/>Para cargar 6 tabletas simult\u00e1neamente<\/p>\n<p><strong>PORTACOCHES<\/strong><br \/>Soporte de tablet para veh\u00edculos<\/p>\n<p><strong>FUNDA DE PIEL<\/strong><br \/>Funda de piel en colores NEGRO y AMARILLO<\/p>\n\t\t<\/div>\n\t\t\t\t\t<\/div>\n\n\t\n\n\t<div id=\"col-752615960\" class=\"col medium-2 small-12 large-2\"  >\n\t\t\t\t<div class=\"col-inner\"  >\n\t\t\t\n\t\t\t\n\t\t<\/div>\n\t\t\t\t\t<\/div>\n\n\t\n<\/div>\n<\/div>\n<div id=\"tab_descargas\" class=\"panel entry-content\" role=\"tabpanel\" aria-labelledby=\"tab-descargas\">\n<div class=\"row\"  id=\"row-815873464\">\n\n\t<div id=\"col-2012273135\" class=\"col medium-10 small-12 large-10\"  >\n\t\t\t\t<div class=\"col-inner\"  >\n\t\t\t\n\t\t\t\n<p>FICHA T\u00c9CNICA<\/p>\n<ul>\n<li><a href=\"https:\/\/www.abix.com.br\/wp-content\/uploads\/i.safe_MOBILE_IS930.1_datasheet_EN.pdf\">[DATASHEET]  i.safe IS930.1<\/a><\/li>\n<\/ul>\n<p>CERTIFICADOS<\/p>\n<ul>\n<li><a href=\"https:\/\/www.abix.com.br\/wp-content\/uploads\/BRA-20-GE-IS930.1.pdf\">INMETRO IS930.1<\/a><\/li>\n<\/ul>\n\t\t<\/div>\n\t\t\t\t\t<\/div>\n\n\t\n<\/div>\n<\/div>\n<div id=\"tab_especificaciones\" class=\"panel entry-content\" role=\"tabpanel\" aria-labelledby=\"tab-especificaciones\">\n<div class=\"row\"  id=\"row-443105466\">\n\n\t<div id=\"col-1926711748\" class=\"col medium-9 small-12 large-9\"  >\n\t\t\t\t<div class=\"col-inner\"  >\n\t\t\t\n\t\t\t\n<ul>\n<li>Android <sup>TM<\/sup> 9<\/li>\n<li>4G (LTE)<\/li>\n<li>NGC (Comunicaci\u00f3n de Campo Cercano)<\/li>\n<li>Pantalla t\u00e1ctil capacitiva de 8&#8243; (1200 x 1920 px)<\/li>\n<li>Vidrio RugDisplay<\/li>\n<li>Resistente al polvo y al agua (IP68)<\/li>\n<li>2 c\u00e1maras: 13 MP (trasera) y 5 MP (delantera)<\/li>\n<li>Wi-Fi IEEE 802.11 a \/ b \/ g \/ n \/ ac \/ e \/ k \/ r \/ h<\/li>\n<li>Ranura para tarjetas micro SD de hasta 128 GB<\/li>\n<li>Bater\u00eda de larga duraci\u00f3n (8400 mAh)<\/li>\n<\/ul>\n<h3>CARACTER\u00cdSTICAS DE RENDIMIENTO<\/h3>\n<ul>\n<li><strong>Bandas de frecuencia<\/strong>\n<ul>\n<li>GSM 850\/900\/1800\/1900 MHz<\/li>\n<li>WCDMA UMTS B1 \/ B2 \/ B4 \/ B5 \/ B8<\/li>\n<li>LTE-TDD B38 \/ B39 \/ B40 \/ B41<\/li>\n<li>LTE-FDD B1 \/ B2 \/ B3 \/ B4 \/ B5 \/ B7 \/ B8 \/ B12<\/li>\n<li>LTE-FDD con MFBI B13 \/ B14 \/ B17 \/ B20 \/ B25 \/ B26 \/ B28A \/ B28B \/ B30 \/ B66<\/li>\n<\/ul>\n<\/li>\n<\/ul>\n<ul>\n<li><strong>WI-FI<\/strong>\n<ul>\n<li>2,4 GHz + 5 GHz<\/li>\n<li>IEEE 802.11 a \/ b \/ g \/ n \/ ac \/ e \/ k \/ r \/ h con punto de acceso para hasta 8 conexiones<\/li>\n<\/ul>\n<\/li>\n<\/ul>\n<ul>\n<li><strong>Exposici\u00f3n<\/strong>\n<ul>\n<li>4,5 \u00ab(11,43 cm) Gorilla Glass\u00ae de 3\u00aa generaci\u00f3n, se puede manejar con guantes<\/li>\n<\/ul>\n<\/li>\n<\/ul>\n<div class=\"csc-header csc-header-n6\">\n<h3>CERTIFICACIONES<\/h3>\n<\/div>\n<div class=\"csc-textpic csc-textpic-left csc-textpic-below csc-textpic-equalheight\">\n<div class=\"csc-textpic-text\">\n<ul>\n<li><strong>INMETRO<\/strong>\n<ul>\n<li>Ex ib IIC T4 Gb<\/li>\n<li>Ex ib IIIC T135 \u00b0 C Db IP6X<\/li>\n<\/ul>\n<\/li>\n<li><strong>ATEX Zona 1\/21<\/strong>\n<ul>\n<li>II 2G Ex ib IIC T4 Gb<\/li>\n<li>II 2D Ex ib IIIC T135 \u00b0 C Db IP6X<\/li>\n<\/ul>\n<\/li>\n<\/ul>\n<ul>\n<li><strong>IECEx zona 1\/21<\/strong>\n<ul>\n<li>Ex ib IIC T4 Gb<\/li>\n<li>Ex ib IIIC T135 \u00b0 C Db IP6X<\/li>\n<\/ul>\n<\/li>\n<li><strong>Adem\u00e1s de las certificaciones anteriores, el i930.1 tambi\u00e9n est\u00e1 certificado:<\/strong>\n<ul>\n<li><strong>CSA <\/strong>(Am\u00e9rica del Norte)\n<ul>\n<li>Clase I, Divisi\u00f3n 1, Grupos A, B, C, D, T4<\/li>\n<li>Clase II, Divisi\u00f3n 1, Grupos E, F, G, T135\u02daC<\/li>\n<li>Clase III, Divisi\u00f3n 1<\/li>\n<\/ul>\n<\/li>\n<li><strong>KCs <\/strong>(Corea del Sur)\n<ul>\n<li>Ex ib IIC T4<\/li>\n<li>Ex ib IIIC T135 \u00b0 C<\/li>\n<\/ul>\n<\/li>\n<li><strong>JNIOSH <\/strong>(Jap\u00f3n)\n<ul>\n<li>Ex ib IIC T4 Gb<\/li>\n<li>Ex ib IIIC T135 \u00b0 C Db IP6X<\/li>\n<\/ul>\n<\/li>\n<li><strong>SANS <\/strong>(Sud\u00e1frica)\n<ul>\n<li>Ex ib IIC T4 Gb<\/li>\n<li>Ex ib IIIC T135 \u00b0 C Db IP6X<\/li>\n<\/ul>\n<\/li>\n<\/ul>\n<\/li>\n<\/ul>\n<\/div>\n<\/div>\n<ul>\n<li><b>NFC<\/b>\n<ul>\n<li>S\u00ed<\/li>\n<\/ul>\n<\/li>\n<li><strong>Procesador<\/strong>\n<ul>\n<li>Qualcomm Snapdragon SDM660 Octa-Core<\/li>\n<\/ul>\n<\/li>\n<\/ul>\n<ul>\n<li><strong>Memoria<\/strong>\n<ul>\n<li>64 GB de memoria interna, de los que 54 GB est\u00e1n disponibles, 4 GB de RAM<\/li>\n<\/ul>\n<\/li>\n<\/ul>\n<ul>\n<li><strong>Compatible con GPS<\/strong>\n<ul>\n<li>GPS, Beidou, Glonass<\/li>\n<\/ul>\n<\/li>\n<\/ul>\n<ul>\n<li><strong>Micro SD<\/strong>\n<ul>\n<li>ampliable HASTA 128 GB<\/li>\n<\/ul>\n<\/li>\n<\/ul>\n<ul>\n<li><strong>C\u00e1mara<\/strong>\n<ul>\n<li>2 c\u00e1maras: 13 MP AF (trasera) y 5 MP (delantera)<\/li>\n<\/ul>\n<\/li>\n<\/ul>\n<ul>\n<li><strong>Plataforma<\/strong>\n<ul>\n<li>AndroidTM 9.0<\/li>\n<\/ul>\n<\/li>\n<\/ul>\n<ul>\n<li><strong>Grado de protecci\u00f3n<\/strong>\n<ul>\n<li>IP68<\/li>\n<\/ul>\n<\/li>\n<\/ul>\n<ul>\n<li><strong>Especificaciones militares<\/strong>\n<ul>\n<li>810 D, 810 E, 810 F, 810 G<\/li>\n<\/ul>\n<\/li>\n<\/ul>\n<ul>\n<li><strong>Temperatura de funcionamiento<\/strong>\n<ul>\n<li>-30 a +60 \u00b0C<\/li>\n<\/ul>\n<\/li>\n<\/ul>\n<ul>\n<li><strong>Sumergible<\/strong>\n<ul>\n<li>S\u00ed<\/li>\n<\/ul>\n<\/li>\n<\/ul>\n<p>Para m\u00e1s informaci\u00f3n, visite: <a href=\"https:\/\/www.isafe-mobile.com\/en\/products\/products-zone-121\/is9301.html\">www.isafe-mobile.com\/is9301.html<\/a><\/p>\n\t\t<\/div>\n\t\t\t\t\t<\/div>\n\n\t\n<\/div>\n<\/div><\/div><\/div>\n\t\t<\/div>\n\t\t\t\t\t<\/div>\n\n\t\n<\/div>\n\t\t<\/div>\n\t\t\t\t\t<\/div>\n\n\t\n<\/div>\n\t\t<\/div>\n\n\t\t\n<style>\n#section_679627489 {\n  padding-top: 0px;\n  padding-bottom: 0px;\n}\n<\/style>\n\t<\/section>\n\t\n","protected":false},"excerpt":{"rendered":"<p style=\"text-align: justify;\"><span style=\"font-weight: 400;\">O <\/span><b>Tablet Ex IS930.1 es intr\u00ednsecamente seguro y est\u00e1 certificado por INMETRO<\/b><span style=\"font-weight: 400;\"> para la Zona 1\/21 y, por lo tanto, es adecuada para lugares con <\/span><b>presencia de vapores y polvos inflamables<\/b><span style=\"font-weight: 400;\">.<\/span><\/p>\n<p style=\"text-align: justify;\"><span style=\"font-weight: 400;\">Cuenta con 1 c\u00e1mara trasera de 13 MP y 1 frontal de 5MP, sistema operativo Android con actualizaciones de seguridad trimestrales, Bluetooth 5.0 y una c\u00f3moda pantalla t\u00e1ctil multi-capacitiva de 8&#8243; (1200 x 1920 p\u00edxeles) y bater\u00eda de 8.400 mAh, por lo que se puede utilizar en una gran variedad de aplicaciones.<\/span><\/p>\n<p style=\"text-align: justify;\"><span style=\"font-weight: 400;\">Adem\u00e1s <\/span><b>Tablet Ex IS930.1 es Ruggedised<\/b><span style=\"font-weight: 400;\"> (reforzado) para uso industrial, por lo que es ideal para su uso en <\/span><b>silos de grano, plataformas petrol\u00edferas y refiner\u00edas, industrias qu\u00edmicas y c\u00e1maras de pintura<\/b><span style=\"font-weight: 400;\">.<\/span><\/p>\n","protected":false},"featured_media":13686,"comment_status":"closed","ping_status":"closed","template":"","meta":[],"product_brand":[],"product_cat":[170,165,169],"product_tag":[],"class_list":{"0":"post-19309","1":"product","2":"type-product","3":"status-publish","4":"has-post-thumbnail","6":"product_cat-comprimido-ex-atex-inmetro","7":"product_cat-equipos-atex-ex","8":"product_cat-tableta-is","10":"first","11":"instock","12":"shipping-taxable","13":"product-type-simple"},"yoast_head":"<!-- This site is optimized with the Yoast SEO plugin v27.4 - https:\/\/yoast.com\/product\/yoast-seo-wordpress\/ -->\n<title>TABLET EX IS930.1 - Abix<\/title>\n<meta name=\"description\" content=\"Tableta intr\u00ednsecamente segura IS930. Alquiler y venta para su uso en refiner\u00edas, plantas qu\u00edmicas y otras \u00e1reas clasificadas.\" \/>\n<meta name=\"robots\" content=\"index, follow, max-snippet:-1, max-image-preview:large, max-video-preview:-1\" \/>\n<link rel=\"canonical\" href=\"https:\/\/abix.com.br\/produto\/tablet-is930-1-atex-intrinseco-ex\/\" \/>\n<meta property=\"og:locale\" content=\"es_ES\" \/>\n<meta property=\"og:type\" content=\"article\" \/>\n<meta property=\"og:title\" content=\"TABLET EX IS930.1 - Abix\" \/>\n<meta property=\"og:description\" content=\"Tableta intr\u00ednsecamente segura IS930. Alquiler y venta para su uso en refiner\u00edas, plantas qu\u00edmicas y otras \u00e1reas clasificadas.\" \/>\n<meta property=\"og:url\" content=\"https:\/\/abix.com.br\/produto\/tablet-is930-1-atex-intrinseco-ex\/\" \/>\n<meta property=\"og:site_name\" content=\"Abix\" \/>\n<meta property=\"article:modified_time\" content=\"2023-10-19T18:00:01+00:00\" \/>\n<meta property=\"og:image\" content=\"https:\/\/abix.com.br\/wp-content\/uploads\/2020\/11\/is930.1-front-g.webp\" \/>\n\t<meta property=\"og:image:width\" content=\"1024\" \/>\n\t<meta property=\"og:image:height\" content=\"1024\" \/>\n\t<meta property=\"og:image:type\" content=\"image\/webp\" \/>\n<meta name=\"twitter:card\" content=\"summary_large_image\" \/>\n<meta name=\"twitter:label1\" content=\"Tiempo de lectura\" \/>\n\t<meta name=\"twitter:data1\" content=\"4 minutos\" \/>\n<script type=\"application\/ld+json\" class=\"yoast-schema-graph\">{\"@context\":\"https:\\\/\\\/schema.org\",\"@graph\":[{\"@type\":\"WebPage\",\"@id\":\"https:\\\/\\\/abix.com.br\\\/produto\\\/tablet-is930-1-atex-intrinseco-ex\\\/\",\"url\":\"https:\\\/\\\/abix.com.br\\\/produto\\\/tablet-is930-1-atex-intrinseco-ex\\\/\",\"name\":\"TABLET EX IS930.1 - Abix\",\"isPartOf\":{\"@id\":\"https:\\\/\\\/abix.com.br\\\/#website\"},\"primaryImageOfPage\":{\"@id\":\"https:\\\/\\\/abix.com.br\\\/produto\\\/tablet-is930-1-atex-intrinseco-ex\\\/#primaryimage\"},\"image\":{\"@id\":\"https:\\\/\\\/abix.com.br\\\/produto\\\/tablet-is930-1-atex-intrinseco-ex\\\/#primaryimage\"},\"thumbnailUrl\":\"https:\\\/\\\/abix.com.br\\\/wp-content\\\/uploads\\\/2020\\\/11\\\/is930.1-front-g.webp\",\"datePublished\":\"2020-10-08T16:08:05+00:00\",\"dateModified\":\"2023-10-19T18:00:01+00:00\",\"description\":\"Tableta intr\u00ednsecamente segura IS930. Alquiler y venta para su uso en refiner\u00edas, plantas qu\u00edmicas y otras \u00e1reas clasificadas.\",\"breadcrumb\":{\"@id\":\"https:\\\/\\\/abix.com.br\\\/produto\\\/tablet-is930-1-atex-intrinseco-ex\\\/#breadcrumb\"},\"inLanguage\":\"es\",\"potentialAction\":[{\"@type\":\"ReadAction\",\"target\":[\"https:\\\/\\\/abix.com.br\\\/produto\\\/tablet-is930-1-atex-intrinseco-ex\\\/\"]}]},{\"@type\":\"ImageObject\",\"inLanguage\":\"es\",\"@id\":\"https:\\\/\\\/abix.com.br\\\/produto\\\/tablet-is930-1-atex-intrinseco-ex\\\/#primaryimage\",\"url\":\"https:\\\/\\\/abix.com.br\\\/wp-content\\\/uploads\\\/2020\\\/11\\\/is930.1-front-g.webp\",\"contentUrl\":\"https:\\\/\\\/abix.com.br\\\/wp-content\\\/uploads\\\/2020\\\/11\\\/is930.1-front-g.webp\",\"width\":1024,\"height\":1024},{\"@type\":\"BreadcrumbList\",\"@id\":\"https:\\\/\\\/abix.com.br\\\/produto\\\/tablet-is930-1-atex-intrinseco-ex\\\/#breadcrumb\",\"itemListElement\":[{\"@type\":\"ListItem\",\"position\":1,\"name\":\"In\u00edcio\",\"item\":\"https:\\\/\\\/abix.com.br\\\/es\\\/\"},{\"@type\":\"ListItem\",\"position\":2,\"name\":\"Tienda\",\"item\":\"https:\\\/\\\/abix.com.br\\\/loja\\\/\"},{\"@type\":\"ListItem\",\"position\":3,\"name\":\"TABLET EX IS930.1\"}]},{\"@type\":\"WebSite\",\"@id\":\"https:\\\/\\\/abix.com.br\\\/#website\",\"url\":\"https:\\\/\\\/abix.com.br\\\/\",\"name\":\"Abix\",\"description\":\"\",\"potentialAction\":[{\"@type\":\"SearchAction\",\"target\":{\"@type\":\"EntryPoint\",\"urlTemplate\":\"https:\\\/\\\/abix.com.br\\\/?s={search_term_string}\"},\"query-input\":{\"@type\":\"PropertyValueSpecification\",\"valueRequired\":true,\"valueName\":\"search_term_string\"}}],\"inLanguage\":\"es\"}]}<\/script>\n<!-- \/ Yoast SEO plugin. -->","yoast_head_json":{"title":"TABLET EX IS930.1 - Abix","description":"Tableta intr\u00ednsecamente segura IS930. Alquiler y venta para su uso en refiner\u00edas, plantas qu\u00edmicas y otras \u00e1reas clasificadas.","robots":{"index":"index","follow":"follow","max-snippet":"max-snippet:-1","max-image-preview":"max-image-preview:large","max-video-preview":"max-video-preview:-1"},"canonical":"https:\/\/abix.com.br\/produto\/tablet-is930-1-atex-intrinseco-ex\/","og_locale":"es_ES","og_type":"article","og_title":"TABLET EX IS930.1 - Abix","og_description":"Tableta intr\u00ednsecamente segura IS930. Alquiler y venta para su uso en refiner\u00edas, plantas qu\u00edmicas y otras \u00e1reas clasificadas.","og_url":"https:\/\/abix.com.br\/produto\/tablet-is930-1-atex-intrinseco-ex\/","og_site_name":"Abix","article_modified_time":"2023-10-19T18:00:01+00:00","og_image":[{"width":1024,"height":1024,"url":"https:\/\/abix.com.br\/wp-content\/uploads\/2020\/11\/is930.1-front-g.webp","type":"image\/webp"}],"twitter_card":"summary_large_image","twitter_misc":{"Tiempo de lectura":"4 minutos"},"schema":{"@context":"https:\/\/schema.org","@graph":[{"@type":"WebPage","@id":"https:\/\/abix.com.br\/produto\/tablet-is930-1-atex-intrinseco-ex\/","url":"https:\/\/abix.com.br\/produto\/tablet-is930-1-atex-intrinseco-ex\/","name":"TABLET EX IS930.1 - Abix","isPartOf":{"@id":"https:\/\/abix.com.br\/#website"},"primaryImageOfPage":{"@id":"https:\/\/abix.com.br\/produto\/tablet-is930-1-atex-intrinseco-ex\/#primaryimage"},"image":{"@id":"https:\/\/abix.com.br\/produto\/tablet-is930-1-atex-intrinseco-ex\/#primaryimage"},"thumbnailUrl":"https:\/\/abix.com.br\/wp-content\/uploads\/2020\/11\/is930.1-front-g.webp","datePublished":"2020-10-08T16:08:05+00:00","dateModified":"2023-10-19T18:00:01+00:00","description":"Tableta intr\u00ednsecamente segura IS930. Alquiler y venta para su uso en refiner\u00edas, plantas qu\u00edmicas y otras \u00e1reas clasificadas.","breadcrumb":{"@id":"https:\/\/abix.com.br\/produto\/tablet-is930-1-atex-intrinseco-ex\/#breadcrumb"},"inLanguage":"es","potentialAction":[{"@type":"ReadAction","target":["https:\/\/abix.com.br\/produto\/tablet-is930-1-atex-intrinseco-ex\/"]}]},{"@type":"ImageObject","inLanguage":"es","@id":"https:\/\/abix.com.br\/produto\/tablet-is930-1-atex-intrinseco-ex\/#primaryimage","url":"https:\/\/abix.com.br\/wp-content\/uploads\/2020\/11\/is930.1-front-g.webp","contentUrl":"https:\/\/abix.com.br\/wp-content\/uploads\/2020\/11\/is930.1-front-g.webp","width":1024,"height":1024},{"@type":"BreadcrumbList","@id":"https:\/\/abix.com.br\/produto\/tablet-is930-1-atex-intrinseco-ex\/#breadcrumb","itemListElement":[{"@type":"ListItem","position":1,"name":"In\u00edcio","item":"https:\/\/abix.com.br\/es\/"},{"@type":"ListItem","position":2,"name":"Tienda","item":"https:\/\/abix.com.br\/loja\/"},{"@type":"ListItem","position":3,"name":"TABLET EX IS930.1"}]},{"@type":"WebSite","@id":"https:\/\/abix.com.br\/#website","url":"https:\/\/abix.com.br\/","name":"Abix","description":"","potentialAction":[{"@type":"SearchAction","target":{"@type":"EntryPoint","urlTemplate":"https:\/\/abix.com.br\/?s={search_term_string}"},"query-input":{"@type":"PropertyValueSpecification","valueRequired":true,"valueName":"search_term_string"}}],"inLanguage":"es"}]}},"_links":{"self":[{"href":"https:\/\/abix.com.br\/es\/wp-json\/wp\/v2\/product\/19309","targetHints":{"allow":["GET"]}}],"collection":[{"href":"https:\/\/abix.com.br\/es\/wp-json\/wp\/v2\/product"}],"about":[{"href":"https:\/\/abix.com.br\/es\/wp-json\/wp\/v2\/types\/product"}],"replies":[{"embeddable":true,"href":"https:\/\/abix.com.br\/es\/wp-json\/wp\/v2\/comments?post=19309"}],"wp:featuredmedia":[{"embeddable":true,"href":"https:\/\/abix.com.br\/es\/wp-json\/wp\/v2\/media\/13686"}],"wp:attachment":[{"href":"https:\/\/abix.com.br\/es\/wp-json\/wp\/v2\/media?parent=19309"}],"wp:term":[{"taxonomy":"product_brand","embeddable":true,"href":"https:\/\/abix.com.br\/es\/wp-json\/wp\/v2\/product_brand?post=19309"},{"taxonomy":"product_cat","embeddable":true,"href":"https:\/\/abix.com.br\/es\/wp-json\/wp\/v2\/product_cat?post=19309"},{"taxonomy":"product_tag","embeddable":true,"href":"https:\/\/abix.com.br\/es\/wp-json\/wp\/v2\/product_tag?post=19309"}],"curies":[{"name":"wp","href":"https:\/\/api.w.org\/{rel}","templated":true}]}}