{"id":19310,"date":"2020-10-08T11:22:25","date_gmt":"2020-10-08T14:22:25","guid":{"rendered":"https:\/\/abix.com.br\/produto\/smartphone-is530-1\/"},"modified":"2023-10-19T15:00:24","modified_gmt":"2023-10-19T18:00:24","slug":"smartphone-is530-1","status":"publish","type":"product","link":"https:\/\/abix.com.br\/es\/produto\/smartphone-is530-1\/","title":{"rendered":"SMARTPHONE IS530.1"},"content":{"rendered":"\n\t<section class=\"section\" id=\"section_606783423\">\n\t\t<div class=\"section-bg fill\" >\n\t\t\t\t\t\t\t\t\t\n\t\t\t\n\n\t\t<\/div>\n\n\t\t\n\n\t\t<div class=\"section-content relative\">\n\t\t\t\n<div class=\"row\"  id=\"row-1430511792\">\n\n\t<div id=\"col-907486114\" class=\"col small-12 large-12\"  >\n\t\t\t\t<div class=\"col-inner\"  >\n\t\t\t\n\t\t\t\n<div class=\"row\"  id=\"row-617309843\">\n\n\t<div id=\"col-1400757326\" class=\"col small-12 large-12\"  >\n\t\t\t\t<div class=\"col-inner\"  >\n\t\t\t\n\t\t\t\n\n\t\t<div class=\"tabbed-content locacao-tabs\">\n\t\t\t\n\t\t\t<ul class=\"nav nav-tabs nav-normal nav-size-xlarge nav-left active-on-hover\" role=\"tablist\"><li id=\"tab-informaci\u00d3n\" class=\"tab active has-icon\" role=\"presentation\"><a href=\"#tab_informaci\u00d3n\" role=\"tab\" aria-selected=\"true\" aria-controls=\"tab_informaci\u00d3n\"><span>INFORMACI\u00d3N<\/span><\/a><\/li>\n<li id=\"tab-accesorios\" class=\"tab has-icon\" role=\"presentation\"><a href=\"#tab_accesorios\" tabindex=\"-1\" role=\"tab\" aria-selected=\"false\" aria-controls=\"tab_accesorios\"><span>ACCESORIOS<\/span><\/a><\/li>\n<li id=\"tab-descargas\" class=\"tab has-icon\" role=\"presentation\"><a href=\"#tab_descargas\" tabindex=\"-1\" role=\"tab\" aria-selected=\"false\" aria-controls=\"tab_descargas\"><span>DESCARGAS<\/span><\/a><\/li>\n<li id=\"tab-especificaciones\" class=\"tab has-icon\" role=\"presentation\"><a href=\"#tab_especificaciones\" tabindex=\"-1\" role=\"tab\" aria-selected=\"false\" aria-controls=\"tab_especificaciones\"><span>ESPECIFICACIONES<\/span><\/a><\/li><\/ul><div class=\"tab-panels\"><div id=\"tab_informaci\u00d3n\" class=\"panel active entry-content\" role=\"tabpanel\" aria-labelledby=\"tab-informaci\u00d3n\">\n<div class=\"row\"  id=\"row-400138693\">\n\n\t<div id=\"col-1824354235\" class=\"col medium-6 small-12 large-6\"  >\n\t\t\t\t<div class=\"col-inner\"  >\n\t\t\t\n\t\t\t\n<p><strong>CONSTRUCCI\u00d3N REFORZADA<\/strong><\/p>\n<p>Los smatphones IS530 est\u00e1n dise\u00f1ados para trabajar en los entornos m\u00e1s duros y peligrosos, ya sea con fr\u00edo y humedad o con polvo y calor, con clasificaci\u00f3n IP68.<\/p>\n<p><strong>SISTEMA OPERATIVO ANDROID<\/strong><\/p>\n<p>AndroidTM 9.0, totalmente compatible con los requisitos para dispositivos robustos recomendados para Android Enterprise. Actualizaciones de seguridad trimestrales durante al menos cinco a\u00f1os desde el lanzamiento.<\/p>\n<p><strong>IMPERMEABLE<\/strong><\/p>\n<p>El smartphone ATEX puede sumergirse en el agua durante 60 minutos, incluso a 2 metros de profundidad. Es un tel\u00e9fono m\u00f3vil ATEX para cualquier lugar h\u00famedo, ideal para lugares de trabajo en los que se requiera desinfecci\u00f3n.<\/p>\n<p><strong>BLUETOOTH\u00ae INTEGRADO<\/strong><\/p>\n<p>La tecnolog\u00eda inal\u00e1mbrica Bluetooth segura est\u00e1 integrada en los Smartphones IS530, lo que garantiza que una serie de accesorios inal\u00e1mbricos y dispositivos de colaboraci\u00f3n puedan emparejarse con las radios de forma segura y fiable.<\/p>\n<p><strong>OTRAS PRESTACIONES<\/strong><\/p>\n<ul>\n<li>Android TM 10<\/li>\n<li>4G (LTE)<\/li>\n<li>Bluetooth \u00ae 5.0<\/li>\n<li>4,5&#8243;(11,43 cm) Gorilla Glass\u00ae de 3\u00aa generaci\u00f3n<\/li>\n<li>Cargador r\u00e1pido con puerto de carga magn\u00e9tica USB<\/li>\n<li>Interfaz ISM lateral universal<\/li>\n<li>La pantalla puede manejarse con guantes<\/li>\n<\/ul>\n\t\t<\/div>\n\t\t\t\t\t<\/div>\n\n\t\n\n\t<div id=\"col-966272876\" class=\"col medium-6 small-12 large-6\"  >\n\t\t\t\t<div class=\"col-inner text-left\"  >\n\t\t\t\n\t\t\t\n\t\t<\/div>\n\t\t\t\t\t<\/div>\n\n\t\n<\/div>\n<\/div>\n<div id=\"tab_accesorios\" class=\"panel entry-content\" role=\"tabpanel\" aria-labelledby=\"tab-accesorios\">\n<div class=\"row align-middle\"  id=\"row-715853115\">\n\n\t<div id=\"col-1834649801\" class=\"col medium-10 small-12 large-10\"  >\n\t\t\t\t<div class=\"col-inner\"  >\n\t\t\t\n\t\t\t\n<p><strong>AURICULARES<\/strong><\/p>\n<p>Auriculares IS-HS1.1<\/p>\n<div id=\"c14877\" class=\"csc-default\">\n<div id=\"c14913\" class=\"csc-default\">\n<div class=\"three-col relative clear\">\n<div class=\"col\">\n<div id=\"c14911\" class=\"csc-default\">\n<div class=\"csc-textpic csc-textpic-center csc-textpic-above csc-textpic-equalheight\">\n<div class=\"csc-textpic-imagewrap\" data-csc-images=\"1\" data-csc-cols=\"2\">\n<div class=\"csc-textpic-center-outer\"> <\/div>\n<\/div>\n<\/div>\n<\/div>\n<\/div>\n<\/div>\n<\/div>\n<\/div>\n<p><strong>MULTICHARGER<\/strong><\/p>\n<p>Cargador para 6 smartphones<\/p>\n<div id=\"c14877\" class=\"csc-default\">\n<div id=\"c14913\" class=\"csc-default\">\n<div class=\"three-col relative clear\">\n<div class=\"col\">\n<div id=\"c14911\" class=\"csc-default\">\n<div class=\"csc-textpic csc-textpic-center csc-textpic-above csc-textpic-equalheight\">\n<div class=\"csc-textpic-imagewrap\" data-csc-images=\"1\" data-csc-cols=\"2\">\n<div class=\"csc-textpic-center-outer\"> <\/div>\n<\/div>\n<\/div>\n<\/div>\n<\/div>\n<\/div>\n<\/div>\n<\/div>\n<p><strong>IS-RSM2.1<\/strong><\/p>\n<p>El ligero micr\u00f3fono con altavoz remoto IS-RSM2.1 est\u00e1 especialmente dise\u00f1ado para aplicaciones PTT.<\/p>\n\t\t<\/div>\n\t\t\t\t\t<\/div>\n\n\t\n\n\t<div id=\"col-923425239\" class=\"col medium-2 small-12 large-2\"  >\n\t\t\t\t<div class=\"col-inner\"  >\n\t\t\t\n\t\t\t\n\t\t<\/div>\n\t\t\t\t\t<\/div>\n\n\t\n<\/div>\n<\/div>\n<div id=\"tab_descargas\" class=\"panel entry-content\" role=\"tabpanel\" aria-labelledby=\"tab-descargas\">\n<div class=\"row\"  id=\"row-237634227\">\n\n\t<div id=\"col-569609920\" class=\"col medium-10 small-12 large-10\"  >\n\t\t\t\t<div class=\"col-inner\"  >\n\t\t\t\n\t\t\t\n<p><strong>FICHA T\u00c9CNICA<\/strong><\/p>\n<ul>\n<li><a href=\"https:\/\/www.abix.com.br\/wp-content\/uploads\/i.safe_MOBILE_IS530.1_A5_datasheet_DE_1029MD01REV07.pdf\">i.safe_MOBILE_IS530.1_A5_datasheet<\/a><\/li>\n<\/ul>\n<p><strong>CERTIFICADOS<\/strong><\/p>\n<ul>\n<li><a href=\"https:\/\/www.abix.com.br\/wp-content\/uploads\/INMETRO.pdf\">INMETRO IS530<\/a><\/li>\n<\/ul>\n\t\t<\/div>\n\t\t\t\t\t<\/div>\n\n\t\n<\/div>\n<\/div>\n<div id=\"tab_especificaciones\" class=\"panel entry-content\" role=\"tabpanel\" aria-labelledby=\"tab-especificaciones\">\n<div class=\"row\"  id=\"row-1527487859\">\n\n\t<div id=\"col-50646746\" class=\"col medium-9 small-12 large-9\"  >\n\t\t\t\t<div class=\"col-inner\"  >\n\t\t\t\n\t\t\t\n<h3>CARACTER\u00cdSTICAS DE RENDIMIENTO<\/h3>\n<ul>\n<li><strong>Bater\u00eda &#8211; est\u00e1ndar=3600<\/strong>mAh (reemplazable)<\/li>\n<\/ul>\n<ul>\n<li><strong>Bandas de frecuencia<\/strong><\/li>\n<\/ul>\n<p>GSM 850\/900\/1800\/1900 MHz<br \/>WCDMA UMTS B1 \/ B2 \/ B4 \/ B5 \/ B8<br \/>LTE-TDD B38 \/ B39 \/ B40 \/ B41<br \/>LTE-FDD B1 \/ B2 \/ B3 \/ B4 \/ B5 \/ B7 \/ B8 \/ B12 con MFBI B13 \/ B14 \/ B17 \/ B20 \/ B25 \/ B26 \/ B28A \/ B28B \/ B30 \/ B66<\/p>\n<ul>\n<li><strong>WI-FI<\/strong><\/li>\n<\/ul>\n<p>2,4 GHz + 5 GHz<br \/>IEEE 802.11 a \/ b \/ g \/ n \/ ac \/ e \/ k \/ r \/ h con punto de acceso para max. 8 conexiones<\/p>\n<ul>\n<li><strong>Exposici\u00f3n<\/strong><\/li>\n<\/ul>\n<p>4,5 \u00ab(11,43 cm) Gorilla Glass\u00ae de 3\u00aa generaci\u00f3n, se puede manejar con guantes<\/p>\n<\/p>\n<div class=\"csc-header csc-header-n6\">\n<h2>ADMISI\u00d3N<\/h2>\n<\/div>\n<div class=\"csc-textpic csc-textpic-left csc-textpic-below csc-textpic-equalheight\">\n<div class=\"csc-textpic-text\">\n<ul>\n<li><strong>ATEX Zona 1\/21<\/strong><br \/>II 2G Ex ib IIC T4 Gb<br \/>II 2D Ex ib IIIC T135 \u00b0 C Db IP6X<\/li>\n<\/ul>\n<ul>\n<li><strong>IECEx zona 1\/21<\/strong><br \/>Ex ib IIC T4 Gb<br \/>Ex ib IIIC T135 \u00b0 C Db IP6X<\/li>\n<li><strong>CSA<\/strong><br \/>(aprobado en Norteam\u00e9rica)<br \/>Clase I, Divisi\u00f3n 1, Grupos A, B, C, D, T4<br \/>Clase II, Divisi\u00f3n 1, Grupos E, F, G, T135\u02daC<br \/>Clase III, Divisi\u00f3n 1<\/li>\n<li><strong>INMETRO<\/strong><br \/>(Aprobado en Brasil)<br \/>Ex ib IIC T4 Gb<br \/>Ex ib IIIC T135 \u00b0 C Db IP6X<\/li>\n<li><strong>KCs<\/strong><br \/>(aprobado en Corea)<br \/>Ex ib IIC T4<br \/>Ex ib IIIC T135 \u00b0 C<\/li>\n<li><strong>JNIOSH<\/strong><br \/>(aprobado en Jap\u00f3n)<br \/>Ex ib IIC T4 Gb<br \/>Ex ib IIIC T135 \u00b0 C Db IP6X<\/li>\n<li><strong>SANS<\/strong><br \/>(aprobado en Sud\u00e1frica)<br \/>Ex ib IIC T4 Gb<br \/>Ex ib IIIC T135 \u00b0 C Db IP6X<\/li>\n<\/ul>\n<\/div>\n<\/div>\n<ul>\n<li><strong>Grado de protecci\u00f3n<\/strong><\/li>\n<\/ul>\n<p>IP68<\/p>\n<ul>\n<li><strong>Especificaciones militares<\/strong><\/li>\n<\/ul>\n<p>810 D, 810 E, 810 F, 810 G<\/p>\n<ul>\n<li><strong>Temperatura de funcionamiento<\/strong><\/li>\n<\/ul>\n<p>-30 a +60 \u00b0C<\/p>\n<ul>\n<li><strong>Sumergible<\/strong><\/li>\n<\/ul>\n<p>S\u00ed<\/p>\n<\/p>\n<h3>DETALLES T\u00c9CNICOS<\/h3>\n<ul>\n<li><b>NFC<\/b><\/li>\n<\/ul>\n<p>S\u00ed<\/p>\n<ul>\n<li><strong>Procesador<\/strong><\/li>\n<\/ul>\n<p>Qualcomm Snapdragon SDM660 Octa-Core<\/p>\n<ul>\n<li><strong>Memoria<\/strong><\/li>\n<\/ul>\n<p>64 GB de memoria interna, de los que 54 GB est\u00e1n disponibles, 4 GB de RAM<\/p>\n<ul>\n<li><strong>Compatible con GPS<\/strong><\/li>\n<\/ul>\n<p>GPS, Beidou, Glonass<\/p>\n<ul>\n<li><strong>Micro SD<\/strong><\/li>\n<\/ul>\n<p>ampliable a 128 GB<\/p>\n<ul>\n<li><strong>C\u00e1mara<\/strong><\/li>\n<\/ul>\n<p>2 c\u00e1maras, 13 MP AF (trasera) y 5 MP (delantera)<\/p>\n<ul>\n<li><strong>Plataforma<\/strong><\/li>\n<\/ul>\n<p>AndroidTM 10<\/p>\n\t\t<\/div>\n\t\t\t\t\t<\/div>\n\n\t\n<\/div>\n<\/div><\/div><\/div>\n\t\t<\/div>\n\t\t\t\t\t<\/div>\n\n\t\n<\/div>\n\t\t<\/div>\n\t\t\t\t\t<\/div>\n\n\t\n<\/div>\n\t\t<\/div>\n\n\t\t\n<style>\n#section_606783423 {\n  padding-top: 0px;\n  padding-bottom: 0px;\n}\n<\/style>\n\t<\/section>\n\t\n","protected":false},"excerpt":{"rendered":"<p>&nbsp;<\/p>\n<p style=\"text-align: justify;\"><span style=\"font-weight: 400;\">O <\/span><b>SMARTPHONE Ex IS530.1 es intr\u00ednsecamente seguro y est\u00e1 certificado por INMETRO<\/b><span style=\"font-weight: 400;\"> para la Zona 1\/21 y por lo tanto es adecuado para lugares con <\/span><b>presencia de vapores y polvos inflamables<\/b><span style=\"font-weight: 400;\">.<\/span><\/p>\n<p style=\"text-align: justify;\"><span style=\"font-weight: 400;\">Cuenta con una interfaz ISM lateral universal, doble ranura micro SIM, bot\u00f3n SOS, sistema operativo Android con actualizaciones de seguridad trimestrales, Bluetooth 5.0 y una c\u00f3moda pantalla Gorilla Glass de 4,5\u2032 para que pueda utilizarse en una gran variedad de aplicaciones.<\/span><\/p>\n<p style=\"text-align: justify;\"><span style=\"font-weight: 400;\">Adem\u00e1s <\/span><b>SMARTPHONE Ex IS530.1 es Ruggedised<\/b><span style=\"font-weight: 400;\"> (reforzado) para uso industrial y, por tanto, es ideal para su uso en <\/span><b>silos de grano, plataformas petrol\u00edferas y refiner\u00edas, industrias qu\u00edmicas y c\u00e1maras de pintura<\/b><span style=\"font-weight: 400;\">.<\/span><\/p>\n","protected":false},"featured_media":13678,"comment_status":"closed","ping_status":"closed","template":"","meta":[],"product_brand":[],"product_cat":[165,171,172],"product_tag":[],"class_list":{"0":"post-19310","1":"product","2":"type-product","3":"status-publish","4":"has-post-thumbnail","6":"product_cat-equipos-atex-ex","7":"product_cat-smartphone-ex-atex-inmetro-es","8":"product_cat-smartphone-is","10":"first","11":"instock","12":"shipping-taxable","13":"product-type-simple"},"yoast_head":"<!-- This site is optimized with the Yoast SEO plugin v27.3 - https:\/\/yoast.com\/product\/yoast-seo-wordpress\/ -->\n<title>- intr\u00ednsecamente seguro - Abix<\/title>\n<meta name=\"description\" content=\"El SMARTPHONE Ex IS530.1 es intr\u00ednsecamente seguro y est\u00e1 certificado por INMETRO para la Zona 1\/21, por lo que es adecuado para lugares con presencia de vapores.\" \/>\n<meta name=\"robots\" content=\"index, follow, max-snippet:-1, max-image-preview:large, max-video-preview:-1\" \/>\n<link rel=\"canonical\" href=\"https:\/\/abix.com.br\/produto\/is530\/\" \/>\n<meta property=\"og:locale\" content=\"es_ES\" \/>\n<meta property=\"og:type\" content=\"article\" \/>\n<meta property=\"og:title\" content=\"- intr\u00ednsecamente seguro - Abix\" \/>\n<meta property=\"og:description\" content=\"El SMARTPHONE Ex IS530.1 es intr\u00ednsecamente seguro y est\u00e1 certificado por INMETRO para la Zona 1\/21, por lo que es adecuado para lugares con presencia de vapores.\" \/>\n<meta property=\"og:url\" content=\"https:\/\/abix.com.br\/produto\/is530\/\" \/>\n<meta property=\"og:site_name\" content=\"Abix\" \/>\n<meta property=\"article:modified_time\" content=\"2023-10-19T18:00:24+00:00\" \/>\n<meta property=\"og:image\" content=\"https:\/\/abix.com.br\/wp-content\/uploads\/2020\/11\/IS530.1_front-e.webp\" \/>\n\t<meta property=\"og:image:width\" content=\"1024\" \/>\n\t<meta property=\"og:image:height\" content=\"1024\" \/>\n\t<meta property=\"og:image:type\" content=\"image\/webp\" \/>\n<meta name=\"twitter:card\" content=\"summary_large_image\" \/>\n<meta name=\"twitter:label1\" content=\"Tiempo de lectura\" \/>\n\t<meta name=\"twitter:data1\" content=\"3 minutos\" \/>\n<script type=\"application\/ld+json\" class=\"yoast-schema-graph\">{\"@context\":\"https:\\\/\\\/schema.org\",\"@graph\":[{\"@type\":\"WebPage\",\"@id\":\"https:\\\/\\\/abix.com.br\\\/produto\\\/is530\\\/\",\"url\":\"https:\\\/\\\/abix.com.br\\\/produto\\\/is530\\\/\",\"name\":\"- intr\u00ednsecamente seguro - Abix\",\"isPartOf\":{\"@id\":\"https:\\\/\\\/abix.com.br\\\/#website\"},\"primaryImageOfPage\":{\"@id\":\"https:\\\/\\\/abix.com.br\\\/produto\\\/is530\\\/#primaryimage\"},\"image\":{\"@id\":\"https:\\\/\\\/abix.com.br\\\/produto\\\/is530\\\/#primaryimage\"},\"thumbnailUrl\":\"https:\\\/\\\/abix.com.br\\\/wp-content\\\/uploads\\\/2020\\\/11\\\/IS530.1_front-e.webp\",\"datePublished\":\"2020-10-08T14:22:25+00:00\",\"dateModified\":\"2023-10-19T18:00:24+00:00\",\"description\":\"El SMARTPHONE Ex IS530.1 es intr\u00ednsecamente seguro y est\u00e1 certificado por INMETRO para la Zona 1\\\/21, por lo que es adecuado para lugares con presencia de vapores.\",\"breadcrumb\":{\"@id\":\"https:\\\/\\\/abix.com.br\\\/produto\\\/is530\\\/#breadcrumb\"},\"inLanguage\":\"es\",\"potentialAction\":[{\"@type\":\"ReadAction\",\"target\":[\"https:\\\/\\\/abix.com.br\\\/produto\\\/is530\\\/\"]}]},{\"@type\":\"ImageObject\",\"inLanguage\":\"es\",\"@id\":\"https:\\\/\\\/abix.com.br\\\/produto\\\/is530\\\/#primaryimage\",\"url\":\"https:\\\/\\\/abix.com.br\\\/wp-content\\\/uploads\\\/2020\\\/11\\\/IS530.1_front-e.webp\",\"contentUrl\":\"https:\\\/\\\/abix.com.br\\\/wp-content\\\/uploads\\\/2020\\\/11\\\/IS530.1_front-e.webp\",\"width\":1024,\"height\":1024,\"caption\":\"SMARTPHONE Ex IS530.1\"},{\"@type\":\"BreadcrumbList\",\"@id\":\"https:\\\/\\\/abix.com.br\\\/produto\\\/is530\\\/#breadcrumb\",\"itemListElement\":[{\"@type\":\"ListItem\",\"position\":1,\"name\":\"In\u00edcio\",\"item\":\"https:\\\/\\\/abix.com.br\\\/es\\\/\"},{\"@type\":\"ListItem\",\"position\":2,\"name\":\"Tienda\",\"item\":\"https:\\\/\\\/abix.com.br\\\/loja\\\/\"},{\"@type\":\"ListItem\",\"position\":3,\"name\":\"SMARTPHONE IS530.1\"}]},{\"@type\":\"WebSite\",\"@id\":\"https:\\\/\\\/abix.com.br\\\/#website\",\"url\":\"https:\\\/\\\/abix.com.br\\\/\",\"name\":\"Abix\",\"description\":\"\",\"potentialAction\":[{\"@type\":\"SearchAction\",\"target\":{\"@type\":\"EntryPoint\",\"urlTemplate\":\"https:\\\/\\\/abix.com.br\\\/?s={search_term_string}\"},\"query-input\":{\"@type\":\"PropertyValueSpecification\",\"valueRequired\":true,\"valueName\":\"search_term_string\"}}],\"inLanguage\":\"es\"}]}<\/script>\n<!-- \/ Yoast SEO plugin. -->","yoast_head_json":{"title":"- intr\u00ednsecamente seguro - Abix","description":"El SMARTPHONE Ex IS530.1 es intr\u00ednsecamente seguro y est\u00e1 certificado por INMETRO para la Zona 1\/21, por lo que es adecuado para lugares con presencia de vapores.","robots":{"index":"index","follow":"follow","max-snippet":"max-snippet:-1","max-image-preview":"max-image-preview:large","max-video-preview":"max-video-preview:-1"},"canonical":"https:\/\/abix.com.br\/produto\/is530\/","og_locale":"es_ES","og_type":"article","og_title":"- intr\u00ednsecamente seguro - Abix","og_description":"El SMARTPHONE Ex IS530.1 es intr\u00ednsecamente seguro y est\u00e1 certificado por INMETRO para la Zona 1\/21, por lo que es adecuado para lugares con presencia de vapores.","og_url":"https:\/\/abix.com.br\/produto\/is530\/","og_site_name":"Abix","article_modified_time":"2023-10-19T18:00:24+00:00","og_image":[{"width":1024,"height":1024,"url":"https:\/\/abix.com.br\/wp-content\/uploads\/2020\/11\/IS530.1_front-e.webp","type":"image\/webp"}],"twitter_card":"summary_large_image","twitter_misc":{"Tiempo de lectura":"3 minutos"},"schema":{"@context":"https:\/\/schema.org","@graph":[{"@type":"WebPage","@id":"https:\/\/abix.com.br\/produto\/is530\/","url":"https:\/\/abix.com.br\/produto\/is530\/","name":"- intr\u00ednsecamente seguro - Abix","isPartOf":{"@id":"https:\/\/abix.com.br\/#website"},"primaryImageOfPage":{"@id":"https:\/\/abix.com.br\/produto\/is530\/#primaryimage"},"image":{"@id":"https:\/\/abix.com.br\/produto\/is530\/#primaryimage"},"thumbnailUrl":"https:\/\/abix.com.br\/wp-content\/uploads\/2020\/11\/IS530.1_front-e.webp","datePublished":"2020-10-08T14:22:25+00:00","dateModified":"2023-10-19T18:00:24+00:00","description":"El SMARTPHONE Ex IS530.1 es intr\u00ednsecamente seguro y est\u00e1 certificado por INMETRO para la Zona 1\/21, por lo que es adecuado para lugares con presencia de vapores.","breadcrumb":{"@id":"https:\/\/abix.com.br\/produto\/is530\/#breadcrumb"},"inLanguage":"es","potentialAction":[{"@type":"ReadAction","target":["https:\/\/abix.com.br\/produto\/is530\/"]}]},{"@type":"ImageObject","inLanguage":"es","@id":"https:\/\/abix.com.br\/produto\/is530\/#primaryimage","url":"https:\/\/abix.com.br\/wp-content\/uploads\/2020\/11\/IS530.1_front-e.webp","contentUrl":"https:\/\/abix.com.br\/wp-content\/uploads\/2020\/11\/IS530.1_front-e.webp","width":1024,"height":1024,"caption":"SMARTPHONE Ex IS530.1"},{"@type":"BreadcrumbList","@id":"https:\/\/abix.com.br\/produto\/is530\/#breadcrumb","itemListElement":[{"@type":"ListItem","position":1,"name":"In\u00edcio","item":"https:\/\/abix.com.br\/es\/"},{"@type":"ListItem","position":2,"name":"Tienda","item":"https:\/\/abix.com.br\/loja\/"},{"@type":"ListItem","position":3,"name":"SMARTPHONE IS530.1"}]},{"@type":"WebSite","@id":"https:\/\/abix.com.br\/#website","url":"https:\/\/abix.com.br\/","name":"Abix","description":"","potentialAction":[{"@type":"SearchAction","target":{"@type":"EntryPoint","urlTemplate":"https:\/\/abix.com.br\/?s={search_term_string}"},"query-input":{"@type":"PropertyValueSpecification","valueRequired":true,"valueName":"search_term_string"}}],"inLanguage":"es"}]}},"_links":{"self":[{"href":"https:\/\/abix.com.br\/es\/wp-json\/wp\/v2\/product\/19310","targetHints":{"allow":["GET"]}}],"collection":[{"href":"https:\/\/abix.com.br\/es\/wp-json\/wp\/v2\/product"}],"about":[{"href":"https:\/\/abix.com.br\/es\/wp-json\/wp\/v2\/types\/product"}],"replies":[{"embeddable":true,"href":"https:\/\/abix.com.br\/es\/wp-json\/wp\/v2\/comments?post=19310"}],"wp:featuredmedia":[{"embeddable":true,"href":"https:\/\/abix.com.br\/es\/wp-json\/wp\/v2\/media\/13678"}],"wp:attachment":[{"href":"https:\/\/abix.com.br\/es\/wp-json\/wp\/v2\/media?parent=19310"}],"wp:term":[{"taxonomy":"product_brand","embeddable":true,"href":"https:\/\/abix.com.br\/es\/wp-json\/wp\/v2\/product_brand?post=19310"},{"taxonomy":"product_cat","embeddable":true,"href":"https:\/\/abix.com.br\/es\/wp-json\/wp\/v2\/product_cat?post=19310"},{"taxonomy":"product_tag","embeddable":true,"href":"https:\/\/abix.com.br\/es\/wp-json\/wp\/v2\/product_tag?post=19310"}],"curies":[{"name":"wp","href":"https:\/\/api.w.org\/{rel}","templated":true}]}}