{"id":19316,"date":"2020-07-24T18:03:16","date_gmt":"2020-07-24T21:03:16","guid":{"rendered":"https:\/\/abix.com.br\/produto\/cambium-ptp550-550e\/"},"modified":"2023-10-19T15:03:51","modified_gmt":"2023-10-19T18:03:51","slug":"cambium-ptp550-550e","status":"publish","type":"product","link":"https:\/\/abix.com.br\/es\/produto\/cambium-ptp550-550e\/","title":{"rendered":"CAMBIUM PTP550\/550e"},"content":{"rendered":"\n\t<section class=\"section\" id=\"section_929809533\">\n\t\t<div class=\"section-bg fill\" >\n\t\t\t\t\t\t\t\t\t\n\t\t\t\n\n\t\t<\/div>\n\n\t\t\n\n\t\t<div class=\"section-content relative\">\n\t\t\t\n<div class=\"row\"  id=\"row-642580213\">\n\n\t<div id=\"col-969258490\" class=\"col small-12 large-12\"  >\n\t\t\t\t<div class=\"col-inner\"  >\n\t\t\t\n\t\t\t\n<div class=\"row\"  id=\"row-789548947\">\n\n\t<div id=\"col-293516045\" class=\"col small-12 large-12\"  >\n\t\t\t\t<div class=\"col-inner\"  >\n\t\t\t\n\t\t\t\n\n\t\t<div class=\"tabbed-content locacao-tabs\">\n\t\t\t\n\t\t\t<ul class=\"nav nav-tabs nav-normal nav-size-xlarge nav-left active-on-hover\" role=\"tablist\"><li id=\"tab-informaci\u00d3n\" class=\"tab active has-icon\" role=\"presentation\"><a href=\"#tab_informaci\u00d3n\" role=\"tab\" aria-selected=\"true\" aria-controls=\"tab_informaci\u00d3n\"><span>INFORMACI\u00d3N<\/span><\/a><\/li>\n<li id=\"tab-accesorios\" class=\"tab has-icon\" role=\"presentation\"><a href=\"#tab_accesorios\" tabindex=\"-1\" role=\"tab\" aria-selected=\"false\" aria-controls=\"tab_accesorios\"><span>ACCESORIOS<\/span><\/a><\/li>\n<li id=\"tab-descargas\" class=\"tab has-icon\" role=\"presentation\"><a href=\"#tab_descargas\" tabindex=\"-1\" role=\"tab\" aria-selected=\"false\" aria-controls=\"tab_descargas\"><span>DESCARGAS<\/span><\/a><\/li>\n<li id=\"tab-especificaciones\" class=\"tab has-icon\" role=\"presentation\"><a href=\"#tab_especificaciones\" tabindex=\"-1\" role=\"tab\" aria-selected=\"false\" aria-controls=\"tab_especificaciones\"><span>ESPECIFICACIONES<\/span><\/a><\/li><\/ul><div class=\"tab-panels\"><div id=\"tab_informaci\u00d3n\" class=\"panel active entry-content\" role=\"tabpanel\" aria-labelledby=\"tab-informaci\u00d3n\">\n<div class=\"row\"  id=\"row-260814859\">\n\n\t<div id=\"col-1069804949\" class=\"col medium-6 small-12 large-6\"  >\n\t\t\t\t<div class=\"col-inner\"  >\n\t\t\t\n\t\t\t\n<p><strong>Soluci\u00f3n de ancho de banda sin licencia<\/strong><\/p>\n<p>PTP 550 de Cambium es una soluci\u00f3n de rendimiento Gigabit punto a punto basada en 802.11ac Wave2 que opera en el espacio inal\u00e1mbrico de 5GHz.<br \/>\nSatisface la necesidad de capacidad gigabit de soluciones backhaul de alta velocidad para aplicaciones de medio y largo alcance de hasta 122 millas.<br \/>\nEl PTP 550 se suministra con la carcasa met\u00e1lica IP66 \/ 67, que protege la radio contra condiciones extremas y la radiaci\u00f3n solar.   El PTP 550 proporciona una forma precisa y fiable de instalar la radio utilizando la GUI de alineaci\u00f3n electr\u00f3nica de la radio.<\/p>\n<p>Gracias a la eficiente vinculaci\u00f3n de canales, cada canal puede tener un ancho de banda independiente, lo que proporciona flexibilidad en la selecci\u00f3n de canales, la selecci\u00f3n de bandas y los requisitos de velocidad de transferencia de direcciones. Utilizando dos canales de 80 MHz, el PTP 550 alcanza 1,36 Gbps.<\/p>\n<p>La optimizaci\u00f3n din\u00e1mica del espectro (DSO) permite buscar continuamente canales de baja interferencia en la banda. Con DSO, los sistemas PTP 550 de Cambium optimizan constantemente el canal operativo para maximizar la fiabilidad y el rendimiento del enlace. En funci\u00f3n del entorno, el PTP 550 puede configurarse para moverse o buscar un espectro mejor. Como resultado, los clientes pueden conseguir un mayor rendimiento con un espectro limitado, incluso en los entornos m\u00e1s dif\u00edciles.<\/p>\n<p>iOFDM (multiplexaci\u00f3n inteligente por divisi\u00f3n ortogonal de frecuencias) transmite m\u00e1s de 256 subportadoras y resulta muy resistente a las interferencias multitrayecto.<\/p>\n\t\t<\/div>\n\t\t\t\t\t<\/div>\n\n\t\n\n\t<div id=\"col-1477509917\" class=\"col medium-6 small-12 large-6\"  >\n\t\t\t\t<div class=\"col-inner text-left\"  >\n\t\t\t\n\t\t\t\n\t\t<\/div>\n\t\t\t\t\t<\/div>\n\n\t\n<\/div>\n<\/div>\n<div id=\"tab_accesorios\" class=\"panel entry-content\" role=\"tabpanel\" aria-labelledby=\"tab-accesorios\">\n<div class=\"row align-middle\"  id=\"row-850248745\">\n\n\t<div id=\"col-231051389\" class=\"col medium-10 small-12 large-10\"  >\n\t\t\t\t<div class=\"col-inner\"  >\n\t\t\t\n\t\t\t\n<p>CONTENIDO<\/p>\n\t\t<\/div>\n\t\t\t\t\t<\/div>\n\n\t\n\n\t<div id=\"col-260189157\" class=\"col medium-2 small-12 large-2\"  >\n\t\t\t\t<div class=\"col-inner\"  >\n\t\t\t\n\t\t\t\n\t\t<\/div>\n\t\t\t\t\t<\/div>\n\n\t\n<\/div>\n<\/div>\n<div id=\"tab_descargas\" class=\"panel entry-content\" role=\"tabpanel\" aria-labelledby=\"tab-descargas\">\n<div class=\"row\"  id=\"row-1508808155\">\n\n\t<div id=\"col-1056237434\" class=\"col medium-10 small-12 large-10\"  >\n\t\t\t\t<div class=\"col-inner\"  >\n\t\t\t\n\t\t\t\n\t\t<\/div>\n\t\t\t\t\t<\/div>\n\n\t\n<\/div>\n<\/div>\n<div id=\"tab_especificaciones\" class=\"panel entry-content\" role=\"tabpanel\" aria-labelledby=\"tab-especificaciones\">\n<div class=\"row\"  id=\"row-34705510\">\n\n\t<div id=\"col-1841139715\" class=\"col medium-9 small-12 large-9\"  >\n\t\t\t\t<div class=\"col-inner\"  >\n\t\t\t\n\t\t\t\n<h3>CARACTER\u00cdSTICAS DE RENDIMIENTO<\/h3>\n<ul>\n<li><strong>Gama de frecuencias<\/strong><\/li>\n<\/ul>\n<p>VHF, 350 MHz, UHF-1, 800 MHz<\/p>\n<ul>\n<li><strong>Gama de frecuencias<\/strong><\/li>\n<\/ul>\n<p>VHF: 136-174 MHz<br \/>350: 350-400 MHz<br \/>Banda UHF 1: 403-527 MHz<br \/>800: 806-825\/851-870 MHz<\/p>\n<ul>\n<li><strong>Energ\u00eda<\/strong><\/li>\n<\/ul>\n<p>Alta potencia de salida:<br \/>VHF: 5 W<br \/>350: 4 W<br \/>Banda UHF 1: 4 W<br \/>800: 2,5 W<\/p>\n<p>Baja potencia de salida:<br \/>VHF: 1 W<br \/>350: 1 W<br \/>Banda UHF 1: 1 W<br \/>800: 1 W<\/p>\n<ul>\n<li><strong>4, 5 vatios<\/strong><\/li>\n<\/ul>\n<p>S\u00ed<\/p>\n<ul>\n<li><strong>Apto para repetidores<\/strong><\/li>\n<\/ul>\n<p>S\u00ed<\/p>\n<ul>\n<li><strong>Tipo de bater\u00eda est\u00e1ndar<\/strong><\/li>\n<\/ul>\n<p>Litio ionizado<\/p>\n<\/p>\n<h3>TECNOLOG\u00cdA<\/h3>\n<ul>\n<li><strong>Tipo de sistema<\/strong><\/li>\n<\/ul>\n<p>IP Site Connect, Capacity Plus, Capacity Max, Trunking Connect Plus<\/p>\n<ul>\n<li><strong>Tecnolog\u00eda digital<\/strong><\/li>\n<\/ul>\n<p>S\u00ed<\/p>\n<\/p>\n<h3>ENTORNO DE USUARIO<\/h3>\n<ul>\n<li><strong>Sumergible<\/strong><\/li>\n<\/ul>\n<p>S\u00ed<\/p>\n<ul>\n<li><strong>Especificaciones militares<\/strong><\/li>\n<\/ul>\n<p>810 C, 810 D, 810 E, 810 F, 810 G<\/p>\n<ul>\n<li><strong>Software de reducci\u00f3n de ruido<\/strong><\/li>\n<\/ul>\n<p>S\u00ed<\/p>\n<ul>\n<li><strong>Normas IP<\/strong><\/li>\n<\/ul>\n<p>IP68<\/p>\n<h3>CARACTER\u00cdSTICAS F\u00cdSICAS<\/h3>\n<ul>\n<li><strong>Tabla de opciones disponibles<\/strong><\/li>\n<\/ul>\n<p>S\u00ed<\/p>\n<ul>\n<li><strong>Bot\u00f3n de emergencia<\/strong><\/li>\n<\/ul>\n<p>S\u00ed<\/p>\n<ul>\n<li><strong>Mostrar<\/strong><\/li>\n<\/ul>\n<p>Modo color, monocromo, d\u00eda y noche<\/p>\n<ul>\n<li><strong>Peso (con bater\u00eda est\u00e1ndar)<\/strong><\/li>\n<\/ul>\n<p>DGP\u21228550e y DGP\u21225550e: 315 g (11 oz)<br \/>DGP\u21228050e y DGP\u21225050e: 290 g (10 oz)<br \/>Dimensiones Al x An x Pr (con bater\u00eda est\u00e1ndar)<br \/>DGP\u21228550e y DGP\u21225550e: 130 x 55 x 36 mm (5,1 x 2,2 x 1,4\u2033)<br \/>DGP\u21228050e y DGP\u21225050e: 130 x 55 x 34 mm (5,1\u2033 x 2,2\u2033 x 1,3\u2033)<\/p>\n<h3>RECURSOS RADIOF\u00d3NICOS<\/h3>\n<ul>\n<li><strong>Mayor privacidad<\/strong><\/li>\n<\/ul>\n<p>s\u00ed<\/p>\n<ul>\n<li><strong>Interrupci\u00f3n de la transmisi\u00f3n<\/strong><\/li>\n<\/ul>\n<p>s\u00ed<\/p>\n<ul>\n<li><strong>L\u00ednea privada digital<\/strong><\/li>\n<\/ul>\n<p>S\u00ed<\/p>\n<ul>\n<li><strong>L\u00ednea privada<\/strong><\/li>\n<\/ul>\n<p>S\u00ed<\/p>\n<ul>\n<li><strong>Monitor permanente<\/strong><\/li>\n<\/ul>\n<p>S\u00ed<\/p>\n<ul>\n<li><strong>Trabajador solitario<\/strong><\/li>\n<\/ul>\n<p>S\u00ed<\/p>\n<ul>\n<li><strong>Anuncio de voz<\/strong><\/li>\n<\/ul>\n<p>S\u00ed<\/p>\n<ul>\n<li><strong>Se\u00f1alizaci\u00f3n<\/strong><\/li>\n<\/ul>\n<p>MDC (codificaci\u00f3n\/descodificaci\u00f3n), Quik-Call II (codificaci\u00f3n\/descodificaci\u00f3n)<\/p>\n<ul>\n<li><strong>Audio inteligente<\/strong><\/li>\n<\/ul>\n<p>S\u00ed<\/p>\n<ul>\n<li><strong>Bluetooth<\/strong><\/li>\n<\/ul>\n<p>Audio Bluetooth integrado, Datos Bluetooth integrados<\/p>\n<ul>\n<li><strong>Botones programables<\/strong><\/li>\n<\/ul>\n<p>S\u00ed<\/p>\n<ul>\n<li><strong>Transmisi\u00f3n con portadora interrumpida (VOX)<\/strong><\/li>\n<\/ul>\n<p>S\u00ed<\/p>\n<ul>\n<li><strong>Temporizador<\/strong><\/li>\n<\/ul>\n<p>S\u00ed<\/p>\n<ul>\n<li><strong>Comunicaci\u00f3n directa<\/strong><\/li>\n<\/ul>\n<p>S\u00ed<\/p>\n<ul>\n<li><strong>Adecuado para mensajes de texto<\/strong><\/li>\n<\/ul>\n<p>S\u00ed<\/p>\n<ul>\n<li><strong>Tipos de lectura<\/strong><\/li>\n<\/ul>\n<p>Normal, Prioridad, Doble prioridad, Exclusi\u00f3n de canales no deseados, Conversaci\u00f3n en grupo, Todo el grupo, Sistema, Volver al estado inicial<\/p>\n<ul>\n<li><strong>Agenda telef\u00f3nica<\/strong><\/li>\n<\/ul>\n<p>S\u00ed<\/p>\n<ul>\n<li><strong>Llamada de grupo<\/strong><\/li>\n<\/ul>\n<p>S\u00ed<\/p>\n<ul>\n<li><strong>Llamada individual<\/strong><\/li>\n<\/ul>\n<p>S\u00ed<\/p>\n<ul>\n<li><strong>Alertas de llamadas perdidas<\/strong><\/li>\n<\/ul>\n<p>S\u00ed<\/p>\n<ul>\n<li><strong>Software de programaci\u00f3n de clientes (CPS)<\/strong><\/li>\n<\/ul>\n<p>S\u00ed<\/p>\n<ul>\n<li><strong>Separaci\u00f3n entre canales<\/strong><\/li>\n<\/ul>\n<p>12,5 kHz, 20 kHz, 25 kHz<\/p>\n<ul>\n<li><strong>N\u00famero de canales<\/strong><\/li>\n<\/ul>\n<p>DGP\u21228550e y DGP\u21225550e &#8211; 1.000 canales<br \/>DGP\u21228050e y DGP\u21225050e &#8211; 32 canales<\/p>\n<ul>\n<li><strong>B\u00fasqueda de canales<\/strong><\/li>\n<\/ul>\n<p>S\u00ed<\/p>\n<ul>\n<li><strong>Identificador de llamadas<\/strong><\/li>\n<\/ul>\n<p>S\u00ed<\/p>\n<ul>\n<li><strong>Desv\u00edo de llamadas<\/strong><\/li>\n<\/ul>\n<p>S\u00ed<\/p>\n<ul>\n<li><strong>Desv\u00edo de llamadas<\/strong><\/li>\n<\/ul>\n<p>S\u00ed<\/p>\n<ul>\n<li><strong>Bloqueo de canal ocupado<\/strong><\/li>\n<\/ul>\n<p>S\u00ed<\/p>\n<ul>\n<li><strong>Voz y datos integrados<\/strong><\/li>\n<\/ul>\n<p>S\u00ed<\/p>\n\t\t<\/div>\n\t\t\t\t\t<\/div>\n\n\t\n<\/div>\n<\/div><\/div><\/div>\n\t\t<\/div>\n\t\t\t\t\t<\/div>\n\n\t\n<\/div>\n\t\t<\/div>\n\t\t\t\t\t<\/div>\n\n\t\n<\/div>\n\t\t<\/div>\n\n\t\t\n<style>\n#section_929809533 {\n  padding-top: 0px;\n  padding-bottom: 0px;\n}\n<\/style>\n\t<\/section>\n\t\n","protected":false},"excerpt":{"rendered":"<p>PTP 550 de Cambium es una soluci\u00f3n de rendimiento Gigabit punto a punto basada en 802.11ac Wave2 que opera en el espacio inal\u00e1mbrico de 5GHz.<br \/>\nSatisface la necesidad de capacidad gigabit de soluciones backhaul de alta velocidad para aplicaciones de medio y largo alcance de hasta 122 millas.<br \/>\nEl PTP 550 se suministra con la carcasa met\u00e1lica IP66 \/ 67, que protege la radio contra condiciones extremas y la radiaci\u00f3n solar.   El PTP 550 proporciona una forma precisa y fiable de instalar la radio utilizando la GUI de alineaci\u00f3n electr\u00f3nica de la radio.<\/p>\n","protected":false},"featured_media":12210,"comment_status":"closed","ping_status":"closed","template":"","meta":[],"product_brand":[],"product_cat":[173,174,175],"product_tag":[],"class_list":{"0":"post-19316","1":"product","2":"type-product","3":"status-publish","4":"has-post-thumbnail","6":"product_cat-backhaul-ptp-es","7":"product_cat-cambium-es","8":"product_cat-enlace-radio","10":"first","11":"instock","12":"shipping-taxable","13":"product-type-simple"},"yoast_head":"<!-- This site is optimized with the Yoast SEO plugin v27.4 - https:\/\/yoast.com\/product\/yoast-seo-wordpress\/ -->\n<title>CAMBIUM PTP550\/550e - Abix<\/title>\n<meta name=\"description\" content=\"PTP 550 de Cambium es una soluci\u00f3n de rendimiento Gigabit punto a punto basada en 802.11ac Wave2 que opera en el espacio inal\u00e1mbrico de 5 GHz.\" \/>\n<meta name=\"robots\" content=\"index, follow, max-snippet:-1, max-image-preview:large, max-video-preview:-1\" \/>\n<link rel=\"canonical\" href=\"https:\/\/abix.com.br\/produto\/ptp550\/\" \/>\n<meta property=\"og:locale\" content=\"es_ES\" \/>\n<meta property=\"og:type\" content=\"article\" \/>\n<meta property=\"og:title\" content=\"CAMBIUM PTP550\/550e - Abix\" \/>\n<meta property=\"og:description\" content=\"PTP 550 de Cambium es una soluci\u00f3n de rendimiento Gigabit punto a punto basada en 802.11ac Wave2 que opera en el espacio inal\u00e1mbrico de 5 GHz.\" \/>\n<meta property=\"og:url\" content=\"https:\/\/abix.com.br\/produto\/ptp550\/\" \/>\n<meta property=\"og:site_name\" content=\"Abix\" \/>\n<meta property=\"article:modified_time\" content=\"2023-10-19T18:03:51+00:00\" \/>\n<meta property=\"og:image\" content=\"https:\/\/abix.com.br\/wp-content\/uploads\/2020\/07\/PTP_550_3_QUARTER_500x500-1.png\" \/>\n\t<meta property=\"og:image:width\" content=\"500\" \/>\n\t<meta property=\"og:image:height\" content=\"500\" \/>\n\t<meta property=\"og:image:type\" content=\"image\/png\" \/>\n<meta name=\"twitter:card\" content=\"summary_large_image\" \/>\n<meta name=\"twitter:label1\" content=\"Tiempo de lectura\" \/>\n\t<meta name=\"twitter:data1\" content=\"4 minutos\" \/>\n<script type=\"application\/ld+json\" class=\"yoast-schema-graph\">{\"@context\":\"https:\\\/\\\/schema.org\",\"@graph\":[{\"@type\":\"WebPage\",\"@id\":\"https:\\\/\\\/abix.com.br\\\/produto\\\/ptp550\\\/\",\"url\":\"https:\\\/\\\/abix.com.br\\\/produto\\\/ptp550\\\/\",\"name\":\"CAMBIUM PTP550\\\/550e - Abix\",\"isPartOf\":{\"@id\":\"https:\\\/\\\/abix.com.br\\\/#website\"},\"primaryImageOfPage\":{\"@id\":\"https:\\\/\\\/abix.com.br\\\/produto\\\/ptp550\\\/#primaryimage\"},\"image\":{\"@id\":\"https:\\\/\\\/abix.com.br\\\/produto\\\/ptp550\\\/#primaryimage\"},\"thumbnailUrl\":\"https:\\\/\\\/abix.com.br\\\/wp-content\\\/uploads\\\/2020\\\/07\\\/PTP_550_3_QUARTER_500x500-1.png\",\"datePublished\":\"2020-07-24T21:03:16+00:00\",\"dateModified\":\"2023-10-19T18:03:51+00:00\",\"description\":\"PTP 550 de Cambium es una soluci\u00f3n de rendimiento Gigabit punto a punto basada en 802.11ac Wave2 que opera en el espacio inal\u00e1mbrico de 5 GHz.\",\"breadcrumb\":{\"@id\":\"https:\\\/\\\/abix.com.br\\\/produto\\\/ptp550\\\/#breadcrumb\"},\"inLanguage\":\"es\",\"potentialAction\":[{\"@type\":\"ReadAction\",\"target\":[\"https:\\\/\\\/abix.com.br\\\/produto\\\/ptp550\\\/\"]}]},{\"@type\":\"ImageObject\",\"inLanguage\":\"es\",\"@id\":\"https:\\\/\\\/abix.com.br\\\/produto\\\/ptp550\\\/#primaryimage\",\"url\":\"https:\\\/\\\/abix.com.br\\\/wp-content\\\/uploads\\\/2020\\\/07\\\/PTP_550_3_QUARTER_500x500-1.png\",\"contentUrl\":\"https:\\\/\\\/abix.com.br\\\/wp-content\\\/uploads\\\/2020\\\/07\\\/PTP_550_3_QUARTER_500x500-1.png\",\"width\":500,\"height\":500},{\"@type\":\"BreadcrumbList\",\"@id\":\"https:\\\/\\\/abix.com.br\\\/produto\\\/ptp550\\\/#breadcrumb\",\"itemListElement\":[{\"@type\":\"ListItem\",\"position\":1,\"name\":\"In\u00edcio\",\"item\":\"https:\\\/\\\/abix.com.br\\\/es\\\/\"},{\"@type\":\"ListItem\",\"position\":2,\"name\":\"Tienda\",\"item\":\"https:\\\/\\\/abix.com.br\\\/loja\\\/\"},{\"@type\":\"ListItem\",\"position\":3,\"name\":\"CAMBIUM PTP550\\\/550e\"}]},{\"@type\":\"WebSite\",\"@id\":\"https:\\\/\\\/abix.com.br\\\/#website\",\"url\":\"https:\\\/\\\/abix.com.br\\\/\",\"name\":\"Abix\",\"description\":\"\",\"potentialAction\":[{\"@type\":\"SearchAction\",\"target\":{\"@type\":\"EntryPoint\",\"urlTemplate\":\"https:\\\/\\\/abix.com.br\\\/?s={search_term_string}\"},\"query-input\":{\"@type\":\"PropertyValueSpecification\",\"valueRequired\":true,\"valueName\":\"search_term_string\"}}],\"inLanguage\":\"es\"}]}<\/script>\n<!-- \/ Yoast SEO plugin. -->","yoast_head_json":{"title":"CAMBIUM PTP550\/550e - Abix","description":"PTP 550 de Cambium es una soluci\u00f3n de rendimiento Gigabit punto a punto basada en 802.11ac Wave2 que opera en el espacio inal\u00e1mbrico de 5 GHz.","robots":{"index":"index","follow":"follow","max-snippet":"max-snippet:-1","max-image-preview":"max-image-preview:large","max-video-preview":"max-video-preview:-1"},"canonical":"https:\/\/abix.com.br\/produto\/ptp550\/","og_locale":"es_ES","og_type":"article","og_title":"CAMBIUM PTP550\/550e - Abix","og_description":"PTP 550 de Cambium es una soluci\u00f3n de rendimiento Gigabit punto a punto basada en 802.11ac Wave2 que opera en el espacio inal\u00e1mbrico de 5 GHz.","og_url":"https:\/\/abix.com.br\/produto\/ptp550\/","og_site_name":"Abix","article_modified_time":"2023-10-19T18:03:51+00:00","og_image":[{"width":500,"height":500,"url":"https:\/\/abix.com.br\/wp-content\/uploads\/2020\/07\/PTP_550_3_QUARTER_500x500-1.png","type":"image\/png"}],"twitter_card":"summary_large_image","twitter_misc":{"Tiempo de lectura":"4 minutos"},"schema":{"@context":"https:\/\/schema.org","@graph":[{"@type":"WebPage","@id":"https:\/\/abix.com.br\/produto\/ptp550\/","url":"https:\/\/abix.com.br\/produto\/ptp550\/","name":"CAMBIUM PTP550\/550e - Abix","isPartOf":{"@id":"https:\/\/abix.com.br\/#website"},"primaryImageOfPage":{"@id":"https:\/\/abix.com.br\/produto\/ptp550\/#primaryimage"},"image":{"@id":"https:\/\/abix.com.br\/produto\/ptp550\/#primaryimage"},"thumbnailUrl":"https:\/\/abix.com.br\/wp-content\/uploads\/2020\/07\/PTP_550_3_QUARTER_500x500-1.png","datePublished":"2020-07-24T21:03:16+00:00","dateModified":"2023-10-19T18:03:51+00:00","description":"PTP 550 de Cambium es una soluci\u00f3n de rendimiento Gigabit punto a punto basada en 802.11ac Wave2 que opera en el espacio inal\u00e1mbrico de 5 GHz.","breadcrumb":{"@id":"https:\/\/abix.com.br\/produto\/ptp550\/#breadcrumb"},"inLanguage":"es","potentialAction":[{"@type":"ReadAction","target":["https:\/\/abix.com.br\/produto\/ptp550\/"]}]},{"@type":"ImageObject","inLanguage":"es","@id":"https:\/\/abix.com.br\/produto\/ptp550\/#primaryimage","url":"https:\/\/abix.com.br\/wp-content\/uploads\/2020\/07\/PTP_550_3_QUARTER_500x500-1.png","contentUrl":"https:\/\/abix.com.br\/wp-content\/uploads\/2020\/07\/PTP_550_3_QUARTER_500x500-1.png","width":500,"height":500},{"@type":"BreadcrumbList","@id":"https:\/\/abix.com.br\/produto\/ptp550\/#breadcrumb","itemListElement":[{"@type":"ListItem","position":1,"name":"In\u00edcio","item":"https:\/\/abix.com.br\/es\/"},{"@type":"ListItem","position":2,"name":"Tienda","item":"https:\/\/abix.com.br\/loja\/"},{"@type":"ListItem","position":3,"name":"CAMBIUM PTP550\/550e"}]},{"@type":"WebSite","@id":"https:\/\/abix.com.br\/#website","url":"https:\/\/abix.com.br\/","name":"Abix","description":"","potentialAction":[{"@type":"SearchAction","target":{"@type":"EntryPoint","urlTemplate":"https:\/\/abix.com.br\/?s={search_term_string}"},"query-input":{"@type":"PropertyValueSpecification","valueRequired":true,"valueName":"search_term_string"}}],"inLanguage":"es"}]}},"_links":{"self":[{"href":"https:\/\/abix.com.br\/es\/wp-json\/wp\/v2\/product\/19316","targetHints":{"allow":["GET"]}}],"collection":[{"href":"https:\/\/abix.com.br\/es\/wp-json\/wp\/v2\/product"}],"about":[{"href":"https:\/\/abix.com.br\/es\/wp-json\/wp\/v2\/types\/product"}],"replies":[{"embeddable":true,"href":"https:\/\/abix.com.br\/es\/wp-json\/wp\/v2\/comments?post=19316"}],"wp:featuredmedia":[{"embeddable":true,"href":"https:\/\/abix.com.br\/es\/wp-json\/wp\/v2\/media\/12210"}],"wp:attachment":[{"href":"https:\/\/abix.com.br\/es\/wp-json\/wp\/v2\/media?parent=19316"}],"wp:term":[{"taxonomy":"product_brand","embeddable":true,"href":"https:\/\/abix.com.br\/es\/wp-json\/wp\/v2\/product_brand?post=19316"},{"taxonomy":"product_cat","embeddable":true,"href":"https:\/\/abix.com.br\/es\/wp-json\/wp\/v2\/product_cat?post=19316"},{"taxonomy":"product_tag","embeddable":true,"href":"https:\/\/abix.com.br\/es\/wp-json\/wp\/v2\/product_tag?post=19316"}],"curies":[{"name":"wp","href":"https:\/\/api.w.org\/{rel}","templated":true}]}}