{"id":19321,"date":"2020-07-23T12:30:21","date_gmt":"2020-07-23T15:30:21","guid":{"rendered":"https:\/\/abix.com.br\/produto\/radio-movil-mototrbo-dgm8000e\/"},"modified":"2023-10-19T15:06:29","modified_gmt":"2023-10-19T18:06:29","slug":"radio-movil-mototrbo-dgm8000e","status":"publish","type":"product","link":"https:\/\/abix.com.br\/es\/produto\/radio-movil-mototrbo-dgm8000e\/","title":{"rendered":"RADIO M\u00d3VIL MOTOTRBO &#8211; DGM8000e"},"content":{"rendered":"\n\t<section class=\"section\" id=\"section_1834492112\">\n\t\t<div class=\"section-bg fill\" >\n\t\t\t\t\t\t\t\t\t\n\t\t\t\n\n\t\t<\/div>\n\n\t\t\n\n\t\t<div class=\"section-content relative\">\n\t\t\t\n<div class=\"row\"  id=\"row-1290316696\">\n\n\t<div id=\"col-1308165002\" class=\"col small-12 large-12\"  >\n\t\t\t\t<div class=\"col-inner\"  >\n\t\t\t\n\t\t\t\n<div class=\"row\"  id=\"row-704677186\">\n\n\t<div id=\"col-2095896431\" class=\"col small-12 large-12\"  >\n\t\t\t\t<div class=\"col-inner\"  >\n\t\t\t\n\t\t\t\n\n\t\t<div class=\"tabbed-content locacao-tabs\">\n\t\t\t\n\t\t\t<ul class=\"nav nav-tabs nav-normal nav-size-xlarge nav-left active-on-hover\" role=\"tablist\"><li id=\"tab-informaci\u00d3n\" class=\"tab active has-icon\" role=\"presentation\"><a href=\"#tab_informaci\u00d3n\" role=\"tab\" aria-selected=\"true\" aria-controls=\"tab_informaci\u00d3n\"><span>INFORMACI\u00d3N<\/span><\/a><\/li>\n<li id=\"tab-accesorios\" class=\"tab has-icon\" role=\"presentation\"><a href=\"#tab_accesorios\" tabindex=\"-1\" role=\"tab\" aria-selected=\"false\" aria-controls=\"tab_accesorios\"><span>ACCESORIOS<\/span><\/a><\/li>\n<li id=\"tab-descargas\" class=\"tab has-icon\" role=\"presentation\"><a href=\"#tab_descargas\" tabindex=\"-1\" role=\"tab\" aria-selected=\"false\" aria-controls=\"tab_descargas\"><span>DESCARGAS<\/span><\/a><\/li>\n<li id=\"tab-especificaciones\" class=\"tab has-icon\" role=\"presentation\"><a href=\"#tab_especificaciones\" tabindex=\"-1\" role=\"tab\" aria-selected=\"false\" aria-controls=\"tab_especificaciones\"><span>ESPECIFICACIONES<\/span><\/a><\/li><\/ul><div class=\"tab-panels\"><div id=\"tab_informaci\u00d3n\" class=\"panel active entry-content\" role=\"tabpanel\" aria-labelledby=\"tab-informaci\u00d3n\">\n<div class=\"row\"  id=\"row-709340441\">\n\n\t<div id=\"col-1501976266\" class=\"col medium-6 small-12 large-6\"  >\n\t\t\t\t<div class=\"col-inner\"  >\n\t\t\t\n\t\t\t\n<p><strong>CONECTIVIDAD<\/strong><\/p>\n<p>La serie DGM\u21228000e\/DGM\u21225000e es una familia de radios digitales con est\u00e1ndar DMR que ofrecen comunicaciones de voz y datos de misi\u00f3n cr\u00edtica. La funci\u00f3n de audio Bluetooth\u00ae le permite hablar de forma inal\u00e1mbrica, la funci\u00f3n Wi-Fi integrada permite actualizar el software a distancia y las funciones de localizaci\u00f3n y seguimiento para interiores y exteriores proporcionan un nivel de visibilidad inigualable de sus recursos. Su compatibilidad con soluciones troncales avanzadas y con la tecnolog\u00eda anal\u00f3gica existente le permite mantener su organizaci\u00f3n conectada a medida que crece.<\/p>\n<p><b>PRODUCTIVIDAD<\/b><\/p>\n<p>La mensajer\u00eda de texto y la gesti\u00f3n de \u00f3rdenes de trabajo simplifican las comunicaciones m\u00e1s complejas, y las funciones de datos permiten aplicaciones avanzadas. Con un amplificador de audio de alta potencia, estas radios ofrecen una voz fuerte y clara, con cancelaci\u00f3n del ruido de fondo que mejora la inteligibilidad. Las radios de la serie DGM\u21228000e\/DGM\u21225000e son ideales como soluci\u00f3n de despacho, con micr\u00f3fonos de sobremesa y un dise\u00f1o resistente y duradero para el uso diario.<\/p>\n<div class=\"richtexteditor parbase\">\n<p><b>SEGURIDAD<\/b><\/p>\n<p>Proteja a su personal con la tecnolog\u00eda PTT (Push To Talk). Los botones de acceso r\u00e1pido de las radios de la serie DGM\u21228000e\/DGM\u21225000e le permiten pedir ayuda con solo pulsar un bot\u00f3n y utilizar la transmisi\u00f3n de interrupci\u00f3n para borrar un canal si es necesario. Una gama de accesorios de conducci\u00f3n segura permite a sus trabajadores comunicarse en modo manos libres, y la tecnolog\u00eda de texto a voz ayuda a sus conductores a mantener la concentraci\u00f3n en la carretera.<\/p>\n<\/div>\n\t\t<\/div>\n\t\t\t\t\t<\/div>\n\n\t\n\n\t<div id=\"col-444790988\" class=\"col medium-6 small-12 large-6\"  >\n\t\t\t\t<div class=\"col-inner text-left\"  >\n\t\t\t\n\t\t\t\n\t\t<\/div>\n\t\t\t\t\t<\/div>\n\n\t\n<\/div>\n<\/div>\n<div id=\"tab_accesorios\" class=\"panel entry-content\" role=\"tabpanel\" aria-labelledby=\"tab-accesorios\">\n<div class=\"row align-middle\"  id=\"row-1000919425\">\n\n\t<div id=\"col-1140293503\" class=\"col medium-10 small-12 large-10\"  >\n\t\t\t\t<div class=\"col-inner\"  >\n\t\t\t\n\t\t\t\n<p>CONTENIDO<\/p>\n\t\t<\/div>\n\t\t\t\t\t<\/div>\n\n\t\n\n\t<div id=\"col-741523641\" class=\"col medium-2 small-12 large-2\"  >\n\t\t\t\t<div class=\"col-inner\"  >\n\t\t\t\n\t\t\t\n\t\t<\/div>\n\t\t\t\t\t<\/div>\n\n\t\n<\/div>\n<\/div>\n<div id=\"tab_descargas\" class=\"panel entry-content\" role=\"tabpanel\" aria-labelledby=\"tab-descargas\">\n<div class=\"row\"  id=\"row-1962663623\">\n\n\t<div id=\"col-1225761568\" class=\"col medium-10 small-12 large-10\"  >\n\t\t\t\t<div class=\"col-inner\"  >\n\t\t\t\n\t\t\t\n<p><a href=\"https:\/\/www.abix.com.br\/wp-content\/uploads\/Ficha-DGM5500.pdf\">Hoja de datos DGM8000<\/a><\/p>\n\t\t<\/div>\n\t\t\t\t\t<\/div>\n\n\t\n<\/div>\n<\/div>\n<div id=\"tab_especificaciones\" class=\"panel entry-content\" role=\"tabpanel\" aria-labelledby=\"tab-especificaciones\">\n<div class=\"row\"  id=\"row-545400429\">\n\n\t<div id=\"col-1450053655\" class=\"col medium-9 small-12 large-9\"  >\n\t\t\t\t<div class=\"col-inner\"  >\n\t\t\t\n\t\t\t\n<h3>CARACTER\u00cdSTICAS DE RENDIMIENTO<\/h3>\n<ul>\n<li><strong>Banda de frecuencias<\/strong><\/li>\n<\/ul>\n<p>VHF, 350 MHz, UHF-1, UHF-2, 800 MHz, 900 MHz<\/p>\n<ul>\n<li><strong>Gama de frecuencias<\/strong><\/li>\n<\/ul>\n<p>VHF: 136-174 MHz<br \/>350: 1-25 W<br \/>Banda UHF 1: 403-470 MHz<br \/>Banda UHF 2: 450-512 MHz<br \/>800\/900: 806-825 MHz; 851-870 MHz; 896-902 MHz; 935-941 MHz<\/p>\n<ul>\n<li><strong>Niveles de potencia<\/strong><\/li>\n<\/ul>\n<p>VHF: 25-45 W<br \/>350:1-25 W<br \/>Banda UHF 1: 25-40 W<br \/>Banda UHF 2: 1-40 W<br \/>800: 10-35 W<br \/>900: 10-30 W<\/p>\n<h3>CARACTER\u00cdSTICAS F\u00cdSICAS<\/h3>\n<ul>\n<li><strong>Teclado<\/strong><\/li>\n<\/ul>\n<p>No<\/p>\n<ul>\n<li><strong>Bot\u00f3n de emergencia<\/strong><\/li>\n<\/ul>\n<p>Opcional<\/p>\n<ul>\n<li><strong>Mostrar<\/strong><\/li>\n<\/ul>\n<p>Num\u00e9rico, indicadores LED, monocromo, alfanum\u00e9rico, color, modo d\u00eda y noche<\/p>\n<ul>\n<li><strong>Cabezal de control con montaje remoto<\/strong><\/li>\n<\/ul>\n<p>S\u00ed<\/p>\n<ul>\n<li><strong>Dimensiones Al x An x Pr<\/strong><\/li>\n<\/ul>\n<p>53 mm x 175 mm x 206 mm (2,1\u2033 x 6,9\u2033 x 8,1\u2033)<\/p>\n<ul>\n<li><strong>Ajustes<\/strong><\/li>\n<\/ul>\n<p>Montaje r\u00e1pido, Montaje a distancia<\/p>\n<ul>\n<li><strong>Tabla de opciones disponibles<\/strong><\/li>\n<\/ul>\n<p>S\u00ed<\/p>\n<ul>\n<li><strong>Peso<\/strong><\/li>\n<\/ul>\n<p>1,8 kg (3,9 lb)<\/p>\n<h3>TECNOLOG\u00cdA<\/h3>\n<ul>\n<li><strong>Tipo de sistema<\/strong><\/li>\n<\/ul>\n<p>IP Site Connect, Capacity Plus, Capacity Max, Trunking Connect Plus<\/p>\n<ul>\n<li><strong>Tecnolog\u00eda digital<\/strong><\/li>\n<\/ul>\n<p>S\u00ed<\/p>\n<h3>ENTORNO DE USUARIO<\/h3>\n<ul>\n<li><strong>Especificaciones militares<\/strong><\/li>\n<\/ul>\n<p>810 C, 810 D, 810 E, 810 F, 810 G<\/p>\n<ul>\n<li><strong>Normas IP<\/strong><\/li>\n<\/ul>\n<p>IP54<\/p>\n<h3>RECURSOS RADIOF\u00d3NICOS<\/h3>\n<ul>\n<li><strong>Bluetooth<\/strong><\/li>\n<\/ul>\n<p>Audio Bluetooth integrado, Datos Bluetooth integrados<\/p>\n<ul>\n<li><strong>Anuncio de voz<\/strong><\/li>\n<\/ul>\n<p>S\u00ed<\/p>\n<ul>\n<li><strong>Interrupci\u00f3n de la transmisi\u00f3n<\/strong><\/li>\n<\/ul>\n<p>S\u00ed<\/p>\n<ul>\n<li><strong>Audio inteligente<\/strong><\/li>\n<\/ul>\n<p>S\u00ed<\/p>\n<ul>\n<li><strong>Separaci\u00f3n entre canales<\/strong><\/li>\n<\/ul>\n<p>12,5 kHz, 20 kHz, 25 kHz<\/p>\n<ul>\n<li><strong>Se\u00f1alizaci\u00f3n de emergencia<\/strong><\/li>\n<\/ul>\n<p>S\u00ed<\/p>\n<ul>\n<li><strong>Compatible con GPS<\/strong><\/li>\n<\/ul>\n<p>S\u00ed<\/p>\n<ul>\n<li><strong>Voz y datos integrados<\/strong><\/li>\n<\/ul>\n<p>S\u00ed<\/p>\n<ul>\n<li><strong>Trabajador solitario<\/strong><\/li>\n<\/ul>\n<p>S\u00ed<\/p>\n<ul>\n<li><strong>Canal de memoria<\/strong><\/li>\n<\/ul>\n<p>S\u00ed<\/p>\n<ul>\n<li><strong>Llamada individual<\/strong><\/li>\n<\/ul>\n<p>S\u00ed<\/p>\n<ul>\n<li><strong>Programable desde PC<\/strong><\/li>\n<\/ul>\n<p>S\u00ed<\/p>\n<ul>\n<li><strong>Modo megafon\u00eda<\/strong><\/li>\n<\/ul>\n<p>S\u00ed<\/p>\n<ul>\n<li><strong>Lectura<\/strong><\/li>\n<\/ul>\n<p>Prioridad, Eliminaci\u00f3n de canales no deseados, Chat en grupo<\/p>\n<ul>\n<li><strong>Inhibici\u00f3n selectiva del radio<\/strong><\/li>\n<\/ul>\n<p>S\u00ed<\/p>\n<ul>\n<li><strong>Botones programables<\/strong><\/li>\n<\/ul>\n<p>S\u00ed<\/p>\n<ul>\n<li><strong>Indicador de intensidad de la se\u00f1al<\/strong><\/li>\n<\/ul>\n<p>S\u00ed<\/p>\n<ul>\n<li><strong>Se\u00f1alizaci\u00f3n<\/strong><\/li>\n<\/ul>\n<p>MDC, Quik-Call II<\/p>\n<ul>\n<li><strong>Talkaround<\/strong><\/li>\n<\/ul>\n<p>S\u00ed<\/p>\n<ul>\n<li><strong>Activado para mensajes de texto<\/strong><\/li>\n<\/ul>\n<p>S\u00ed<\/p>\n<ul>\n<li><strong>Compresi\u00f3n de voz y expansi\u00f3n X-pand de nivel inferior<\/strong><\/li>\n<\/ul>\n<p>S\u00ed<\/p>\n<ul>\n<li><strong>Temporizador de inactividad<\/strong><\/li>\n<\/ul>\n<p>S\u00ed<\/p>\n\t\t<\/div>\n\t\t\t\t\t<\/div>\n\n\t\n<\/div>\n<\/div><\/div><\/div>\n\t\t<\/div>\n\t\t\t\t\t<\/div>\n\n\t\n<\/div>\n\t\t<\/div>\n\t\t\t\t\t<\/div>\n\n\t\n<\/div>\n\t\t<\/div>\n\n\t\t\n<style>\n#section_1834492112 {\n  padding-top: 0px;\n  padding-bottom: 0px;\n}\n<\/style>\n\t<\/section>\n\t\n","protected":false},"excerpt":{"rendered":"<p>Esta din\u00e1mica evoluci\u00f3n de las radios bidireccionales digitales MOTOTRBO le ayuda a mejorar su conectividad, seguridad y productividad. La serie DGM\u21228000e\/DGM\u21225000e est\u00e1 dise\u00f1ada para el profesional cualificado que se niega a rendirse. Con voz y datos integrados de alto rendimiento y funciones avanzadas para un funcionamiento eficaz, estas radios de \u00faltima generaci\u00f3n ofrecen los m\u00e1ximos niveles de conectividad para su organizaci\u00f3n.<\/p>\n<p>Esta es la novedad de estas radios de \u00faltima generaci\u00f3n:<\/p>\n<ul>\n<li>Wi-Fi integrado<\/li>\n<li>Actualizaciones de software v\u00eda WiFi<\/li>\n<li>Bluetooth\u00ae 4.0<\/li>\n<\/ul>\n<p>Las radios de la serie DGM\u21228000e\/DGM\u21225000e incluyen:<br \/>\nDGM\u21228500e (alfanum\u00e9rico)<br \/>\nDGM\u21225500e (alfanum\u00e9rico)<br \/>\nDGM\u21228000e (num\u00e9rico)<br \/>\nDGM\u21225000e (num\u00e9rico)<\/p>\n","protected":false},"featured_media":10097,"comment_status":"closed","ping_status":"closed","template":"","meta":[],"product_brand":[],"product_cat":[155,157,161,162,163,156,177,176],"product_tag":[],"class_list":{"0":"post-19321","1":"product","2":"type-product","3":"status-publish","4":"has-post-thumbnail","6":"product_cat-linea-profesional","7":"product_cat-motorola-es","8":"product_cat-mototrbo-es","9":"product_cat-radio-dmr-es","10":"product_cat-radios-analogicas","11":"product_cat-radios-digitales","12":"product_cat-radios-fijas","13":"product_cat-radios-moviles","15":"first","16":"instock","17":"shipping-taxable","18":"product-type-simple"},"yoast_head":"<!-- This site is optimized with the Yoast SEO plugin v27.4 - https:\/\/yoast.com\/product\/yoast-seo-wordpress\/ -->\n<title>- Abix Tecnologia<\/title>\n<meta name=\"description\" content=\"RADIO M\u00d3VIL MOTOTRBO - DGM8000e - La serie DGM\u21228000e\/DGM\u21225000e est\u00e1 dise\u00f1ada para el profesional cualificado que se niega a rendirse.\" \/>\n<meta name=\"robots\" content=\"index, follow, max-snippet:-1, max-image-preview:large, max-video-preview:-1\" \/>\n<link rel=\"canonical\" href=\"https:\/\/abix.com.br\/produto\/dgm800e\/\" \/>\n<meta property=\"og:locale\" content=\"es_ES\" \/>\n<meta property=\"og:type\" content=\"article\" \/>\n<meta property=\"og:title\" content=\"- Abix Tecnologia\" \/>\n<meta property=\"og:description\" content=\"RADIO M\u00d3VIL MOTOTRBO - DGM8000e - La serie DGM\u21228000e\/DGM\u21225000e est\u00e1 dise\u00f1ada para el profesional cualificado que se niega a rendirse.\" \/>\n<meta property=\"og:url\" content=\"https:\/\/abix.com.br\/produto\/dgm800e\/\" \/>\n<meta property=\"og:site_name\" content=\"Abix\" \/>\n<meta property=\"article:modified_time\" content=\"2023-10-19T18:06:29+00:00\" \/>\n<meta property=\"og:image\" content=\"https:\/\/abix.com.br\/wp-content\/uploads\/2020\/05\/DGM5000-1.jpg\" \/>\n\t<meta property=\"og:image:width\" content=\"512\" \/>\n\t<meta property=\"og:image:height\" content=\"512\" \/>\n\t<meta property=\"og:image:type\" content=\"image\/jpeg\" \/>\n<meta name=\"twitter:card\" content=\"summary_large_image\" \/>\n<meta name=\"twitter:label1\" content=\"Tiempo de lectura\" \/>\n\t<meta name=\"twitter:data1\" content=\"3 minutos\" \/>\n<script type=\"application\/ld+json\" class=\"yoast-schema-graph\">{\"@context\":\"https:\\\/\\\/schema.org\",\"@graph\":[{\"@type\":\"WebPage\",\"@id\":\"https:\\\/\\\/abix.com.br\\\/produto\\\/dgm800e\\\/\",\"url\":\"https:\\\/\\\/abix.com.br\\\/produto\\\/dgm800e\\\/\",\"name\":\"- Abix Tecnologia\",\"isPartOf\":{\"@id\":\"https:\\\/\\\/abix.com.br\\\/#website\"},\"primaryImageOfPage\":{\"@id\":\"https:\\\/\\\/abix.com.br\\\/produto\\\/dgm800e\\\/#primaryimage\"},\"image\":{\"@id\":\"https:\\\/\\\/abix.com.br\\\/produto\\\/dgm800e\\\/#primaryimage\"},\"thumbnailUrl\":\"https:\\\/\\\/abix.com.br\\\/wp-content\\\/uploads\\\/2020\\\/05\\\/DGM5000-1.jpg\",\"datePublished\":\"2020-07-23T15:30:21+00:00\",\"dateModified\":\"2023-10-19T18:06:29+00:00\",\"description\":\"RADIO M\u00d3VIL MOTOTRBO - DGM8000e - La serie DGM\u21228000e\\\/DGM\u21225000e est\u00e1 dise\u00f1ada para el profesional cualificado que se niega a rendirse.\",\"breadcrumb\":{\"@id\":\"https:\\\/\\\/abix.com.br\\\/produto\\\/dgm800e\\\/#breadcrumb\"},\"inLanguage\":\"es\",\"potentialAction\":[{\"@type\":\"ReadAction\",\"target\":[\"https:\\\/\\\/abix.com.br\\\/produto\\\/dgm800e\\\/\"]}]},{\"@type\":\"ImageObject\",\"inLanguage\":\"es\",\"@id\":\"https:\\\/\\\/abix.com.br\\\/produto\\\/dgm800e\\\/#primaryimage\",\"url\":\"https:\\\/\\\/abix.com.br\\\/wp-content\\\/uploads\\\/2020\\\/05\\\/DGM5000-1.jpg\",\"contentUrl\":\"https:\\\/\\\/abix.com.br\\\/wp-content\\\/uploads\\\/2020\\\/05\\\/DGM5000-1.jpg\",\"width\":512,\"height\":512,\"caption\":\"R\u00c1DIO M\u00d3VEL MOTOTRBO DGM5000e\"},{\"@type\":\"BreadcrumbList\",\"@id\":\"https:\\\/\\\/abix.com.br\\\/produto\\\/dgm800e\\\/#breadcrumb\",\"itemListElement\":[{\"@type\":\"ListItem\",\"position\":1,\"name\":\"In\u00edcio\",\"item\":\"https:\\\/\\\/abix.com.br\\\/es\\\/\"},{\"@type\":\"ListItem\",\"position\":2,\"name\":\"Tienda\",\"item\":\"https:\\\/\\\/abix.com.br\\\/loja\\\/\"},{\"@type\":\"ListItem\",\"position\":3,\"name\":\"RADIO M\u00d3VIL MOTOTRBO &#8211; DGM8000e\"}]},{\"@type\":\"WebSite\",\"@id\":\"https:\\\/\\\/abix.com.br\\\/#website\",\"url\":\"https:\\\/\\\/abix.com.br\\\/\",\"name\":\"Abix\",\"description\":\"\",\"potentialAction\":[{\"@type\":\"SearchAction\",\"target\":{\"@type\":\"EntryPoint\",\"urlTemplate\":\"https:\\\/\\\/abix.com.br\\\/?s={search_term_string}\"},\"query-input\":{\"@type\":\"PropertyValueSpecification\",\"valueRequired\":true,\"valueName\":\"search_term_string\"}}],\"inLanguage\":\"es\"}]}<\/script>\n<!-- \/ Yoast SEO plugin. -->","yoast_head_json":{"title":"- Abix Tecnologia","description":"RADIO M\u00d3VIL MOTOTRBO - DGM8000e - La serie DGM\u21228000e\/DGM\u21225000e est\u00e1 dise\u00f1ada para el profesional cualificado que se niega a rendirse.","robots":{"index":"index","follow":"follow","max-snippet":"max-snippet:-1","max-image-preview":"max-image-preview:large","max-video-preview":"max-video-preview:-1"},"canonical":"https:\/\/abix.com.br\/produto\/dgm800e\/","og_locale":"es_ES","og_type":"article","og_title":"- Abix Tecnologia","og_description":"RADIO M\u00d3VIL MOTOTRBO - DGM8000e - La serie DGM\u21228000e\/DGM\u21225000e est\u00e1 dise\u00f1ada para el profesional cualificado que se niega a rendirse.","og_url":"https:\/\/abix.com.br\/produto\/dgm800e\/","og_site_name":"Abix","article_modified_time":"2023-10-19T18:06:29+00:00","og_image":[{"width":512,"height":512,"url":"https:\/\/abix.com.br\/wp-content\/uploads\/2020\/05\/DGM5000-1.jpg","type":"image\/jpeg"}],"twitter_card":"summary_large_image","twitter_misc":{"Tiempo de lectura":"3 minutos"},"schema":{"@context":"https:\/\/schema.org","@graph":[{"@type":"WebPage","@id":"https:\/\/abix.com.br\/produto\/dgm800e\/","url":"https:\/\/abix.com.br\/produto\/dgm800e\/","name":"- Abix Tecnologia","isPartOf":{"@id":"https:\/\/abix.com.br\/#website"},"primaryImageOfPage":{"@id":"https:\/\/abix.com.br\/produto\/dgm800e\/#primaryimage"},"image":{"@id":"https:\/\/abix.com.br\/produto\/dgm800e\/#primaryimage"},"thumbnailUrl":"https:\/\/abix.com.br\/wp-content\/uploads\/2020\/05\/DGM5000-1.jpg","datePublished":"2020-07-23T15:30:21+00:00","dateModified":"2023-10-19T18:06:29+00:00","description":"RADIO M\u00d3VIL MOTOTRBO - DGM8000e - La serie DGM\u21228000e\/DGM\u21225000e est\u00e1 dise\u00f1ada para el profesional cualificado que se niega a rendirse.","breadcrumb":{"@id":"https:\/\/abix.com.br\/produto\/dgm800e\/#breadcrumb"},"inLanguage":"es","potentialAction":[{"@type":"ReadAction","target":["https:\/\/abix.com.br\/produto\/dgm800e\/"]}]},{"@type":"ImageObject","inLanguage":"es","@id":"https:\/\/abix.com.br\/produto\/dgm800e\/#primaryimage","url":"https:\/\/abix.com.br\/wp-content\/uploads\/2020\/05\/DGM5000-1.jpg","contentUrl":"https:\/\/abix.com.br\/wp-content\/uploads\/2020\/05\/DGM5000-1.jpg","width":512,"height":512,"caption":"R\u00c1DIO M\u00d3VEL MOTOTRBO DGM5000e"},{"@type":"BreadcrumbList","@id":"https:\/\/abix.com.br\/produto\/dgm800e\/#breadcrumb","itemListElement":[{"@type":"ListItem","position":1,"name":"In\u00edcio","item":"https:\/\/abix.com.br\/es\/"},{"@type":"ListItem","position":2,"name":"Tienda","item":"https:\/\/abix.com.br\/loja\/"},{"@type":"ListItem","position":3,"name":"RADIO M\u00d3VIL MOTOTRBO &#8211; DGM8000e"}]},{"@type":"WebSite","@id":"https:\/\/abix.com.br\/#website","url":"https:\/\/abix.com.br\/","name":"Abix","description":"","potentialAction":[{"@type":"SearchAction","target":{"@type":"EntryPoint","urlTemplate":"https:\/\/abix.com.br\/?s={search_term_string}"},"query-input":{"@type":"PropertyValueSpecification","valueRequired":true,"valueName":"search_term_string"}}],"inLanguage":"es"}]}},"_links":{"self":[{"href":"https:\/\/abix.com.br\/es\/wp-json\/wp\/v2\/product\/19321","targetHints":{"allow":["GET"]}}],"collection":[{"href":"https:\/\/abix.com.br\/es\/wp-json\/wp\/v2\/product"}],"about":[{"href":"https:\/\/abix.com.br\/es\/wp-json\/wp\/v2\/types\/product"}],"replies":[{"embeddable":true,"href":"https:\/\/abix.com.br\/es\/wp-json\/wp\/v2\/comments?post=19321"}],"wp:featuredmedia":[{"embeddable":true,"href":"https:\/\/abix.com.br\/es\/wp-json\/wp\/v2\/media\/10097"}],"wp:attachment":[{"href":"https:\/\/abix.com.br\/es\/wp-json\/wp\/v2\/media?parent=19321"}],"wp:term":[{"taxonomy":"product_brand","embeddable":true,"href":"https:\/\/abix.com.br\/es\/wp-json\/wp\/v2\/product_brand?post=19321"},{"taxonomy":"product_cat","embeddable":true,"href":"https:\/\/abix.com.br\/es\/wp-json\/wp\/v2\/product_cat?post=19321"},{"taxonomy":"product_tag","embeddable":true,"href":"https:\/\/abix.com.br\/es\/wp-json\/wp\/v2\/product_tag?post=19321"}],"curies":[{"name":"wp","href":"https:\/\/api.w.org\/{rel}","templated":true}]}}