{"id":19322,"date":"2020-06-18T18:17:08","date_gmt":"2020-06-18T21:17:08","guid":{"rendered":"https:\/\/abix.com.br\/produto\/lente-dia-noche-pelco-serie-13vdir\/"},"modified":"2025-12-12T14:28:15","modified_gmt":"2025-12-12T17:28:15","slug":"lente-dia-noche-pelco-serie-13vdir","status":"publish","type":"product","link":"https:\/\/abix.com.br\/es\/produto\/lente-dia-noche-pelco-serie-13vdir\/","title":{"rendered":"LENTE D\u00cdA\/NOCHE PELCO SERIE 13VDIR"},"content":{"rendered":"\n\t<section class=\"section\" id=\"section_92354190\">\n\t\t<div class=\"section-bg fill\" >\n\t\t\t\t\t\t\t\t\t\n\t\t\t\n\n\t\t<\/div>\n\n\t\t\n\n\t\t<div class=\"section-content relative\">\n\t\t\t\n<div class=\"row\"  id=\"row-1695222592\">\n\n\t<div id=\"col-2020588673\" class=\"col small-12 large-12\"  >\n\t\t\t\t<div class=\"col-inner\"  >\n\t\t\t\n\t\t\t\n<div class=\"row\"  id=\"row-2043827822\">\n\n\t<div id=\"col-1753554748\" class=\"col small-12 large-12\"  >\n\t\t\t\t<div class=\"col-inner\"  >\n\t\t\t\n\t\t\t\n\n\t\t<div class=\"tabbed-content locacao-tabs\">\n\t\t\t\n\t\t\t<ul class=\"nav nav-tabs nav-normal nav-size-xlarge nav-left active-on-hover\" role=\"tablist\"><li id=\"tab-informaci\u00d3n\" class=\"tab active has-icon\" role=\"presentation\"><a href=\"#tab_informaci\u00d3n\" role=\"tab\" aria-selected=\"true\" aria-controls=\"tab_informaci\u00d3n\"><span>INFORMACI\u00d3N<\/span><\/a><\/li>\n<li id=\"tab-accesorios\" class=\"tab has-icon\" role=\"presentation\"><a href=\"#tab_accesorios\" tabindex=\"-1\" role=\"tab\" aria-selected=\"false\" aria-controls=\"tab_accesorios\"><span>ACCESORIOS<\/span><\/a><\/li>\n<li id=\"tab-descargas\" class=\"tab has-icon\" role=\"presentation\"><a href=\"#tab_descargas\" tabindex=\"-1\" role=\"tab\" aria-selected=\"false\" aria-controls=\"tab_descargas\"><span>DESCARGAS<\/span><\/a><\/li>\n<li id=\"tab-especificaciones\" class=\"tab has-icon\" role=\"presentation\"><a href=\"#tab_especificaciones\" tabindex=\"-1\" role=\"tab\" aria-selected=\"false\" aria-controls=\"tab_especificaciones\"><span>ESPECIFICACIONES<\/span><\/a><\/li><\/ul><div class=\"tab-panels\"><div id=\"tab_informaci\u00d3n\" class=\"panel active entry-content\" role=\"tabpanel\" aria-labelledby=\"tab-informaci\u00d3n\">\n<div class=\"row\"  id=\"row-983387977\">\n\n\t<div id=\"col-760938468\" class=\"col medium-6 small-12 large-6\"  >\n\t\t\t\t<div class=\"col-inner\"  >\n\t\t\t\n\t\t\t\n<p>Las lentes con correcci\u00f3n IR son especialmente beneficiosas para las c\u00e1maras d\u00eda\/noche de Pelco, que \u00abven\u00bb tanto la luz visible como la IR. Los objetivos con correcci\u00f3n de IR permiten que el generador de im\u00e1genes de la c\u00e1mara capte la iluminaci\u00f3n visible e IR en condiciones \u00abnocturnas\u00bb (cuando no se utiliza el filtro de corte IR), al tiempo que eliminan el problema del desplazamiento del enfoque IR.<\/p>\n<p>Adecuados para situaciones de iluminaci\u00f3n en interiores y exteriores, los objetivos de la serie 13VDIR se adaptan a todas las c\u00e1maras con soporte CS de 1\/3&#8243;. que requieren lentes de iris autom\u00e1tico de tipo CC. Las lentes de la serie 13VDIR vienen con un conector est\u00e1ndar de 4 patillas instalado para facilitar su instalaci\u00f3n y comodidad.<\/p>\n<p>Los objetivos de esta serie est\u00e1n disponibles en zoom 2,8X y 6,7X con varias distancias focales. Las aperturas m\u00e1ximas de no menos de F1,3 a una apertura m\u00ednima de F360 son t\u00edpicas de todos estos objetivos. Esto permite un excelente rendimiento de las funciones en una amplia gama de condiciones de iluminaci\u00f3n. Estos objetivos tienen elementos esf\u00e9ricos que proporcionan im\u00e1genes optimizadas m\u00e1s n\u00edtidas en todas las distancias focales.<\/p>\n\t\t<\/div>\n\t\t\t\t\t<\/div>\n\n\t\n\n\t<div id=\"col-301425465\" class=\"col medium-6 small-12 large-6\"  >\n\t\t\t\t<div class=\"col-inner text-left\"  >\n\t\t\t\n\t\t\t\n\t\t<\/div>\n\t\t\t\t\t<\/div>\n\n\t\n<\/div>\n<\/div>\n<div id=\"tab_accesorios\" class=\"panel entry-content\" role=\"tabpanel\" aria-labelledby=\"tab-accesorios\">\n<div class=\"row align-middle\"  id=\"row-180766118\">\n\n\t<div id=\"col-1051025969\" class=\"col medium-10 small-12 large-10\"  >\n\t\t\t\t<div class=\"col-inner\"  >\n\t\t\t\n\t\t\t\n<p>CONTENIDO<\/p>\n\t\t<\/div>\n\t\t\t\t\t<\/div>\n\n\t\n\n\t<div id=\"col-464675161\" class=\"col medium-2 small-12 large-2\"  >\n\t\t\t\t<div class=\"col-inner\"  >\n\t\t\t\n\t\t\t\n\t\t<\/div>\n\t\t\t\t\t<\/div>\n\n\t\n<\/div>\n<\/div>\n<div id=\"tab_descargas\" class=\"panel entry-content\" role=\"tabpanel\" aria-labelledby=\"tab-descargas\">\n<div class=\"row\"  id=\"row-2126392654\">\n\n\t<div id=\"col-1350865373\" class=\"col medium-10 small-12 large-10\"  >\n\t\t\t\t<div class=\"col-inner\"  >\n\t\t\t\n\t\t\t\n<p><a href=\"https:\/\/www.abix.com.br\/wp-content\/uploads\/Ficha-serie-13VDIR.pdf\">Enchufe serie 13VDIR<\/a><\/p>\n\t\t<\/div>\n\t\t\t\t\t<\/div>\n\n\t\n<\/div>\n<\/div>\n<div id=\"tab_especificaciones\" class=\"panel entry-content\" role=\"tabpanel\" aria-labelledby=\"tab-especificaciones\">\n<div class=\"row\"  id=\"row-439627206\">\n\n\t<div id=\"col-1167205567\" class=\"col medium-9 small-12 large-9\"  >\n\t\t\t\t<div class=\"col-inner\"  >\n\t\t\t\n\t\t\t\n<h2><strong>ESPECIFICACIONES<\/strong><\/h2>\n<table dir=\"ltr\" border=\"1\" cellspacing=\"0\" cellpadding=\"0\">\n<colgroup>\n<col width=\"167\" \/>\n<col width=\"187\" \/>\n<col width=\"187\" \/><\/colgroup>\n<tbody>\n<tr>\n<td><\/td>\n<td data-sheets-value=\"{\">13VDIR3-8.8<\/td>\n<td data-sheets-value=\"{\">13VDIR7.5-50<\/td>\n<\/tr>\n<tr>\n<td data-sheets-value=\"{\">Tipo<\/td>\n<td data-sheets-value=\"{\">Infrarrojos varifocal<\/td>\n<td data-sheets-value=\"{\">Infrarrojos varifocal<\/td>\n<\/tr>\n<tr>\n<td data-sheets-value=\"{\">Tama\u00f1o del formato<\/td>\n<td data-sheets-value=\"{\">1\/3 pulg.<\/td>\n<td data-sheets-value=\"{\">1\/3 pulg.<\/td>\n<\/tr>\n<tr>\n<td data-sheets-value=\"{\">Tipo de soporte<\/td>\n<td data-sheets-value=\"{\">CS<\/td>\n<td data-sheets-value=\"{\">CS<\/td>\n<\/tr>\n<tr>\n<td data-sheets-value=\"{\">Distancia focal<\/td>\n<td data-sheets-value=\"{\">3~8,5 mm<\/td>\n<td data-sheets-value=\"{\">7,5~50 mm<\/td>\n<\/tr>\n<tr>\n<td data-sheets-value=\"{\">Alcance del zoom<\/td>\n<td data-sheets-value=\"{\">2,8X<\/td>\n<td data-sheets-value=\"{\">6,7X<\/td>\n<\/tr>\n<tr>\n<td data-sheets-value=\"{\">Apertura relativa (F)<\/td>\n<td data-sheets-value=\"{\">1~360<\/td>\n<td data-sheets-value=\"{\">1,3~360<\/td>\n<\/tr>\n<tr>\n<td data-sheets-value=\"{\">Operaci\u00f3n iris<\/td>\n<td data-sheets-value=\"{\">Autom\u00e1tico (accionamiento continuo)<\/td>\n<td data-sheets-value=\"{\">Autom\u00e1tico (accionamiento continuo)<\/td>\n<\/tr>\n<tr>\n<td data-sheets-value=\"{\">Operaci\u00f3n Focus<\/td>\n<td data-sheets-value=\"{\">Manual<\/td>\n<td data-sheets-value=\"{\">Manual<\/td>\n<\/tr>\n<tr>\n<td data-sheets-value=\"{\">Funcionamiento del zoom<\/td>\n<td data-sheets-value=\"{\">Manual<\/td>\n<td data-sheets-value=\"{\">Manual<\/td>\n<\/tr>\n<tr>\n<td data-sheets-value=\"{\">\u00c1ngulo de visi\u00f3n diagonal<\/td>\n<td data-sheets-value=\"{\">41,9\u00b0~114,1\u00b0<\/td>\n<td data-sheets-value=\"{\">7,00\u00b0~46,2\u00b0<\/td>\n<\/tr>\n<tr>\n<td data-sheets-value=\"{\">\u00c1ngulo de visi\u00f3n horizontal<\/td>\n<td data-sheets-value=\"{\">33,6\u00b0~90,5\u00b0<\/td>\n<td data-sheets-value=\"{\">5,64\u00b0~36,6\u00b0<\/td>\n<\/tr>\n<tr>\n<td data-sheets-value=\"{\">\u00c1ngulo de visi\u00f3n vertical<\/td>\n<td data-sheets-value=\"{\">25,2\u00b0~67,2\u00b0<\/td>\n<td data-sheets-value=\"{\">4,26\u00b0~27,4\u00b0<\/td>\n<\/tr>\n<tr>\n<td data-sheets-value=\"{\">Distancia m\u00ednima del objeto<\/td>\n<td data-sheets-value=\"{\">0,2 m<\/td>\n<td data-sheets-value=\"{\">0,4 m<\/td>\n<\/tr>\n<tr>\n<td data-sheets-value=\"{\">Distancia focal trasera<\/td>\n<td data-sheets-value=\"{\">7,94~13,96 mm<\/td>\n<td data-sheets-value=\"{\">9,61~11,96 mm<\/td>\n<\/tr>\n<tr>\n<td data-sheets-value=\"{\">Tama\u00f1o del filtro (mm)<\/td>\n<td data-sheets-value=\"{\">14 \u00b0F a 122 \u00b0F (-10 \u00b0C a 50 \u00b0C)<\/td>\n<td data-sheets-value=\"{\">14 \u00b0F a 122 \u00b0F (-10 \u00b0C a 50 \u00b0C)<\/td>\n<\/tr>\n<tr>\n<td data-sheets-value=\"{\">Peso unitario<\/td>\n<td data-sheets-value=\"{\">0,05 kg (0,12 lb)<\/td>\n<td data-sheets-value=\"{\">0,07 kg (0,15 lb)<\/td>\n<\/tr>\n<tr>\n<td data-sheets-value=\"{\">Peso con embalaje<\/td>\n<td data-sheets-value=\"{\">0,45 kg (1 lb)<\/td>\n<td data-sheets-value=\"{\">0,45 kg (1 lb)<\/td>\n<\/tr>\n<\/tbody>\n<\/table>\n<h3>CERTIFICACIONES<\/h3>\n<p>CE, Clase B (todos los modelos)<\/p>\n\t\t<\/div>\n\t\t\t\t\t<\/div>\n\n\t\n<\/div>\n<\/div><\/div><\/div>\n\t\t<\/div>\n\t\t\t\t\t<\/div>\n\n\t\n<\/div>\n\t\t<\/div>\n\t\t\t\t\t<\/div>\n\n\t\n<\/div>\n\t\t<\/div>\n\n\t\t\n<style>\n#section_92354190 {\n  padding-top: 0px;\n  padding-bottom: 0px;\n}\n<\/style>\n\t<\/section>\n\t\n","protected":false},"excerpt":{"rendered":"<p style=\"text-align: justify;\">El objetivo de la serie 13VDIR de Pelco es compensar el desplazamiento del enfoque que resulta de las diferentes longitudes de onda de la luz visible e infrarroja. Las lentes con correcci\u00f3n IR concentran la energ\u00eda luminosa en el mismo plano. El resultado es un mejor enfoque, un contraste m\u00e1s n\u00edtido y una mejor calidad de imagen en general.<\/p>\n","protected":false},"featured_media":11050,"comment_status":"closed","ping_status":"closed","template":"","meta":[],"product_brand":[],"product_cat":[242,178,179],"product_tag":[],"class_list":{"0":"post-19322","1":"product","2":"type-product","3":"status-publish","4":"has-post-thumbnail","6":"product_cat-acessorios-cftv","7":"product_cat-cctv","8":"product_cat-pelco-es","10":"first","11":"instock","12":"shipping-taxable","13":"product-type-simple"},"yoast_head":"<!-- This site is optimized with the Yoast SEO plugin v27.4 - https:\/\/yoast.com\/product\/yoast-seo-wordpress\/ -->\n<title>LENTE D\u00cdA\/NOCHE PELCO SERIE 13VDIR - Abix<\/title>\n<meta name=\"description\" content=\"LENTE D\u00cdA\/NOCHE PELCO SERIE 13VDIR. Las lentes con correcci\u00f3n IR concentran la energ\u00eda luminosa en el mismo plano. Ver m\u00e1s\" \/>\n<meta name=\"robots\" content=\"index, follow, max-snippet:-1, max-image-preview:large, max-video-preview:-1\" \/>\n<link rel=\"canonical\" href=\"https:\/\/abix.com.br\/es\/produto\/lente-dia-noche-pelco-serie-13vdir\/\" \/>\n<meta property=\"og:locale\" content=\"es_ES\" \/>\n<meta property=\"og:type\" content=\"article\" \/>\n<meta property=\"og:title\" content=\"LENTE D\u00cdA\/NOCHE PELCO SERIE 13VDIR - Abix\" \/>\n<meta property=\"og:description\" content=\"LENTE D\u00cdA\/NOCHE PELCO SERIE 13VDIR. Las lentes con correcci\u00f3n IR concentran la energ\u00eda luminosa en el mismo plano. Ver m\u00e1s\" \/>\n<meta property=\"og:url\" content=\"https:\/\/abix.com.br\/es\/produto\/lente-dia-noche-pelco-serie-13vdir\/\" \/>\n<meta property=\"og:site_name\" content=\"Abix\" \/>\n<meta property=\"article:modified_time\" content=\"2025-12-12T17:28:15+00:00\" \/>\n<meta name=\"twitter:card\" content=\"summary_large_image\" \/>\n<meta name=\"twitter:label1\" content=\"Tiempo de lectura\" \/>\n\t<meta name=\"twitter:data1\" content=\"3 minutos\" \/>\n<script type=\"application\/ld+json\" class=\"yoast-schema-graph\">{\"@context\":\"https:\\\/\\\/schema.org\",\"@graph\":[{\"@type\":\"WebPage\",\"@id\":\"https:\\\/\\\/abix.com.br\\\/es\\\/produto\\\/lente-dia-noche-pelco-serie-13vdir\\\/\",\"url\":\"https:\\\/\\\/abix.com.br\\\/es\\\/produto\\\/lente-dia-noche-pelco-serie-13vdir\\\/\",\"name\":\"LENTE D\u00cdA\\\/NOCHE PELCO SERIE 13VDIR - Abix\",\"isPartOf\":{\"@id\":\"https:\\\/\\\/abix.com.br\\\/#website\"},\"primaryImageOfPage\":{\"@id\":\"https:\\\/\\\/abix.com.br\\\/es\\\/produto\\\/lente-dia-noche-pelco-serie-13vdir\\\/#primaryimage\"},\"image\":{\"@id\":\"https:\\\/\\\/abix.com.br\\\/es\\\/produto\\\/lente-dia-noche-pelco-serie-13vdir\\\/#primaryimage\"},\"thumbnailUrl\":\"https:\\\/\\\/abix.com.br\\\/wp-content\\\/uploads\\\/2020\\\/06\\\/13VDIR3-8.5.jpg\",\"datePublished\":\"2020-06-18T21:17:08+00:00\",\"dateModified\":\"2025-12-12T17:28:15+00:00\",\"description\":\"LENTE D\u00cdA\\\/NOCHE PELCO SERIE 13VDIR. Las lentes con correcci\u00f3n IR concentran la energ\u00eda luminosa en el mismo plano. Ver m\u00e1s\",\"breadcrumb\":{\"@id\":\"https:\\\/\\\/abix.com.br\\\/es\\\/produto\\\/lente-dia-noche-pelco-serie-13vdir\\\/#breadcrumb\"},\"inLanguage\":\"es\",\"potentialAction\":[{\"@type\":\"ReadAction\",\"target\":[\"https:\\\/\\\/abix.com.br\\\/es\\\/produto\\\/lente-dia-noche-pelco-serie-13vdir\\\/\"]}]},{\"@type\":\"ImageObject\",\"inLanguage\":\"es\",\"@id\":\"https:\\\/\\\/abix.com.br\\\/es\\\/produto\\\/lente-dia-noche-pelco-serie-13vdir\\\/#primaryimage\",\"url\":\"https:\\\/\\\/abix.com.br\\\/wp-content\\\/uploads\\\/2020\\\/06\\\/13VDIR3-8.5.jpg\",\"contentUrl\":\"https:\\\/\\\/abix.com.br\\\/wp-content\\\/uploads\\\/2020\\\/06\\\/13VDIR3-8.5.jpg\",\"width\":500,\"height\":500,\"caption\":\"LENTE DIURNA\\\/NOTURNA PELCO\"},{\"@type\":\"BreadcrumbList\",\"@id\":\"https:\\\/\\\/abix.com.br\\\/es\\\/produto\\\/lente-dia-noche-pelco-serie-13vdir\\\/#breadcrumb\",\"itemListElement\":[{\"@type\":\"ListItem\",\"position\":1,\"name\":\"In\u00edcio\",\"item\":\"https:\\\/\\\/abix.com.br\\\/es\\\/\"},{\"@type\":\"ListItem\",\"position\":2,\"name\":\"Tienda\",\"item\":\"https:\\\/\\\/abix.com.br\\\/loja\\\/\"},{\"@type\":\"ListItem\",\"position\":3,\"name\":\"LENTE D\u00cdA\\\/NOCHE PELCO SERIE 13VDIR\"}]},{\"@type\":\"WebSite\",\"@id\":\"https:\\\/\\\/abix.com.br\\\/#website\",\"url\":\"https:\\\/\\\/abix.com.br\\\/\",\"name\":\"Abix\",\"description\":\"\",\"potentialAction\":[{\"@type\":\"SearchAction\",\"target\":{\"@type\":\"EntryPoint\",\"urlTemplate\":\"https:\\\/\\\/abix.com.br\\\/?s={search_term_string}\"},\"query-input\":{\"@type\":\"PropertyValueSpecification\",\"valueRequired\":true,\"valueName\":\"search_term_string\"}}],\"inLanguage\":\"es\"}]}<\/script>\n<!-- \/ Yoast SEO plugin. -->","yoast_head_json":{"title":"LENTE D\u00cdA\/NOCHE PELCO SERIE 13VDIR - Abix","description":"LENTE D\u00cdA\/NOCHE PELCO SERIE 13VDIR. Las lentes con correcci\u00f3n IR concentran la energ\u00eda luminosa en el mismo plano. Ver m\u00e1s","robots":{"index":"index","follow":"follow","max-snippet":"max-snippet:-1","max-image-preview":"max-image-preview:large","max-video-preview":"max-video-preview:-1"},"canonical":"https:\/\/abix.com.br\/es\/produto\/lente-dia-noche-pelco-serie-13vdir\/","og_locale":"es_ES","og_type":"article","og_title":"LENTE D\u00cdA\/NOCHE PELCO SERIE 13VDIR - Abix","og_description":"LENTE D\u00cdA\/NOCHE PELCO SERIE 13VDIR. Las lentes con correcci\u00f3n IR concentran la energ\u00eda luminosa en el mismo plano. Ver m\u00e1s","og_url":"https:\/\/abix.com.br\/es\/produto\/lente-dia-noche-pelco-serie-13vdir\/","og_site_name":"Abix","article_modified_time":"2025-12-12T17:28:15+00:00","twitter_card":"summary_large_image","twitter_misc":{"Tiempo de lectura":"3 minutos"},"schema":{"@context":"https:\/\/schema.org","@graph":[{"@type":"WebPage","@id":"https:\/\/abix.com.br\/es\/produto\/lente-dia-noche-pelco-serie-13vdir\/","url":"https:\/\/abix.com.br\/es\/produto\/lente-dia-noche-pelco-serie-13vdir\/","name":"LENTE D\u00cdA\/NOCHE PELCO SERIE 13VDIR - Abix","isPartOf":{"@id":"https:\/\/abix.com.br\/#website"},"primaryImageOfPage":{"@id":"https:\/\/abix.com.br\/es\/produto\/lente-dia-noche-pelco-serie-13vdir\/#primaryimage"},"image":{"@id":"https:\/\/abix.com.br\/es\/produto\/lente-dia-noche-pelco-serie-13vdir\/#primaryimage"},"thumbnailUrl":"https:\/\/abix.com.br\/wp-content\/uploads\/2020\/06\/13VDIR3-8.5.jpg","datePublished":"2020-06-18T21:17:08+00:00","dateModified":"2025-12-12T17:28:15+00:00","description":"LENTE D\u00cdA\/NOCHE PELCO SERIE 13VDIR. Las lentes con correcci\u00f3n IR concentran la energ\u00eda luminosa en el mismo plano. Ver m\u00e1s","breadcrumb":{"@id":"https:\/\/abix.com.br\/es\/produto\/lente-dia-noche-pelco-serie-13vdir\/#breadcrumb"},"inLanguage":"es","potentialAction":[{"@type":"ReadAction","target":["https:\/\/abix.com.br\/es\/produto\/lente-dia-noche-pelco-serie-13vdir\/"]}]},{"@type":"ImageObject","inLanguage":"es","@id":"https:\/\/abix.com.br\/es\/produto\/lente-dia-noche-pelco-serie-13vdir\/#primaryimage","url":"https:\/\/abix.com.br\/wp-content\/uploads\/2020\/06\/13VDIR3-8.5.jpg","contentUrl":"https:\/\/abix.com.br\/wp-content\/uploads\/2020\/06\/13VDIR3-8.5.jpg","width":500,"height":500,"caption":"LENTE DIURNA\/NOTURNA PELCO"},{"@type":"BreadcrumbList","@id":"https:\/\/abix.com.br\/es\/produto\/lente-dia-noche-pelco-serie-13vdir\/#breadcrumb","itemListElement":[{"@type":"ListItem","position":1,"name":"In\u00edcio","item":"https:\/\/abix.com.br\/es\/"},{"@type":"ListItem","position":2,"name":"Tienda","item":"https:\/\/abix.com.br\/loja\/"},{"@type":"ListItem","position":3,"name":"LENTE D\u00cdA\/NOCHE PELCO SERIE 13VDIR"}]},{"@type":"WebSite","@id":"https:\/\/abix.com.br\/#website","url":"https:\/\/abix.com.br\/","name":"Abix","description":"","potentialAction":[{"@type":"SearchAction","target":{"@type":"EntryPoint","urlTemplate":"https:\/\/abix.com.br\/?s={search_term_string}"},"query-input":{"@type":"PropertyValueSpecification","valueRequired":true,"valueName":"search_term_string"}}],"inLanguage":"es"}]}},"_links":{"self":[{"href":"https:\/\/abix.com.br\/es\/wp-json\/wp\/v2\/product\/19322","targetHints":{"allow":["GET"]}}],"collection":[{"href":"https:\/\/abix.com.br\/es\/wp-json\/wp\/v2\/product"}],"about":[{"href":"https:\/\/abix.com.br\/es\/wp-json\/wp\/v2\/types\/product"}],"replies":[{"embeddable":true,"href":"https:\/\/abix.com.br\/es\/wp-json\/wp\/v2\/comments?post=19322"}],"wp:featuredmedia":[{"embeddable":true,"href":"https:\/\/abix.com.br\/es\/wp-json\/wp\/v2\/media\/11050"}],"wp:attachment":[{"href":"https:\/\/abix.com.br\/es\/wp-json\/wp\/v2\/media?parent=19322"}],"wp:term":[{"taxonomy":"product_brand","embeddable":true,"href":"https:\/\/abix.com.br\/es\/wp-json\/wp\/v2\/product_brand?post=19322"},{"taxonomy":"product_cat","embeddable":true,"href":"https:\/\/abix.com.br\/es\/wp-json\/wp\/v2\/product_cat?post=19322"},{"taxonomy":"product_tag","embeddable":true,"href":"https:\/\/abix.com.br\/es\/wp-json\/wp\/v2\/product_tag?post=19322"}],"curies":[{"name":"wp","href":"https:\/\/api.w.org\/{rel}","templated":true}]}}