{"id":19323,"date":"2020-06-17T09:20:24","date_gmt":"2020-06-17T12:20:24","guid":{"rendered":"https:\/\/abix.com.br\/produto\/monitor-de-pantalla-plana-lcd-tft-pelco-serie-400\/"},"modified":"2023-10-19T15:07:07","modified_gmt":"2023-10-19T18:07:07","slug":"monitor-de-pantalla-plana-lcd-tft-pelco-serie-400","status":"publish","type":"product","link":"https:\/\/abix.com.br\/es\/produto\/monitor-de-pantalla-plana-lcd-tft-pelco-serie-400\/","title":{"rendered":"MONITOR DE PANTALLA PLANA LCD TFT PELCO SERIE 400"},"content":{"rendered":"\n\t<section class=\"section\" id=\"section_295645830\">\n\t\t<div class=\"section-bg fill\" >\n\t\t\t\t\t\t\t\t\t\n\t\t\t\n\n\t\t<\/div>\n\n\t\t\n\n\t\t<div class=\"section-content relative\">\n\t\t\t\n<div class=\"row\"  id=\"row-1851634885\">\n\n\t<div id=\"col-1116858624\" class=\"col small-12 large-12\"  >\n\t\t\t\t<div class=\"col-inner\"  >\n\t\t\t\n\t\t\t\n<div class=\"row\"  id=\"row-83249541\">\n\n\t<div id=\"col-2136566675\" class=\"col small-12 large-12\"  >\n\t\t\t\t<div class=\"col-inner\"  >\n\t\t\t\n\t\t\t\n\n\t\t<div class=\"tabbed-content locacao-tabs\">\n\t\t\t\n\t\t\t<ul class=\"nav nav-tabs nav-normal nav-size-xlarge nav-left active-on-hover\" role=\"tablist\"><li id=\"tab-informaci\u00d3n\" class=\"tab active has-icon\" role=\"presentation\"><a href=\"#tab_informaci\u00d3n\" role=\"tab\" aria-selected=\"true\" aria-controls=\"tab_informaci\u00d3n\"><span>INFORMACI\u00d3N<\/span><\/a><\/li>\n<li id=\"tab-accesorios\" class=\"tab has-icon\" role=\"presentation\"><a href=\"#tab_accesorios\" tabindex=\"-1\" role=\"tab\" aria-selected=\"false\" aria-controls=\"tab_accesorios\"><span>ACCESORIOS<\/span><\/a><\/li>\n<li id=\"tab-descargas\" class=\"tab has-icon\" role=\"presentation\"><a href=\"#tab_descargas\" tabindex=\"-1\" role=\"tab\" aria-selected=\"false\" aria-controls=\"tab_descargas\"><span>DESCARGAS<\/span><\/a><\/li>\n<li id=\"tab-especificaciones\" class=\"tab has-icon\" role=\"presentation\"><a href=\"#tab_especificaciones\" tabindex=\"-1\" role=\"tab\" aria-selected=\"false\" aria-controls=\"tab_especificaciones\"><span>ESPECIFICACIONES<\/span><\/a><\/li><\/ul><div class=\"tab-panels\"><div id=\"tab_informaci\u00d3n\" class=\"panel active entry-content\" role=\"tabpanel\" aria-labelledby=\"tab-informaci\u00d3n\">\n<div class=\"row\"  id=\"row-1127335575\">\n\n\t<div id=\"col-105659503\" class=\"col medium-6 small-12 large-6\"  >\n\t\t\t\t<div class=\"col-inner\"  >\n\t\t\t\n\t\t\t\n<ul>\n<li>\n<p>La serie 400 se distingue por una serie de caracter\u00edsticas que mejoran el rendimiento, como un filtro de color digital 3D, entrada DVI (interfaz visual digital), imagen en imagen (PIP) y concentrador USB. El filtro digital 3D para se\u00f1ales en color con desentrelazado permite procesar las se\u00f1ales de v\u00eddeo compuesto con mayor precisi\u00f3n, lo que hace que la imagen sea m\u00e1s n\u00edtida y clara. DVI garantiza que las se\u00f1ales digitales permanezcan sin comprimir (en su verdadero formato digital) sin la distorsi\u00f3n que puede producirse al convertir de anal\u00f3gico a digital. La funci\u00f3n PIP permite ver simult\u00e1neamente im\u00e1genes de c\u00e1maras de vigilancia y pantallas de PC. Un concentrador USB ofrece una \u00fanica entrada con tres salidas, lo que aumenta la flexibilidad general de la serie 400 de alto rendimiento.<\/p>\n<p>La serie 400 dispone de dos entradas de v\u00eddeo compuesto (BNC) en circuito y una entrada de S-V\u00eddeo. Adem\u00e1s, estos modelos disponen de una entrada VGA anal\u00f3gica para permitir el uso de DVR (grabadores de v\u00eddeo digital) y aplicaciones de PC. Esta funci\u00f3n m\u00faltiple -combinada con caracter\u00edsticas de alto rendimiento, un tiempo de respuesta del panel reducido para reducir las im\u00e1genes fantasma en movimiento, un dise\u00f1o ergon\u00f3mico, una fuente de alimentaci\u00f3n interna con selecci\u00f3n autom\u00e1tica de voltaje y un bajo consumo de energ\u00eda- convierte a la serie 400 en el sustituto ideal de los monitores CRT convencionales.<\/p>\n<p>La serie 400 cuenta con un soporte de mesa plegable de tipo vertical, kits opcionales de instalaci\u00f3n en bastidor y orificios de fijaci\u00f3n compatibles con VESA\u00ae para facilitar su adaptaci\u00f3n a diferentes instalaciones en paredes y techos.<\/p>\n<p>Estos monitores detectan y muestran autom\u00e1ticamente el formato de v\u00eddeo correcto (NTSC o PAL) y se alimentan mediante una fuente interna con detecci\u00f3n autom\u00e1tica de tensi\u00f3n.<\/p>\n<p>La serie 400 utiliza retroiluminaci\u00f3n CCFT (tubo fluorescente de c\u00e1todo fr\u00edo) de larga duraci\u00f3n para mantener el nivel de brillo en todo momento, eliminando la degradaci\u00f3n de brillo habitual en los monitores CRT a medida que envejecen.<\/p>\n<p>Los ajustes de los par\u00e1metros de visualizaci\u00f3n est\u00e1ndar del monitor se realizan mediante men\u00fas en pantalla de f\u00e1cil manejo y controles del panel frontal.<\/p>\n<\/li>\n<\/ul>\n\t\t<\/div>\n\t\t\t\t\t<\/div>\n\n\t\n\n\t<div id=\"col-1163426617\" class=\"col medium-6 small-12 large-6\"  >\n\t\t\t\t<div class=\"col-inner text-left\"  >\n\t\t\t\n\t\t\t\n\t\t<\/div>\n\t\t\t\t\t<\/div>\n\n\t\n<\/div>\n<\/div>\n<div id=\"tab_accesorios\" class=\"panel entry-content\" role=\"tabpanel\" aria-labelledby=\"tab-accesorios\">\n<div class=\"row align-middle\"  id=\"row-818080901\">\n\n\t<div id=\"col-733588864\" class=\"col medium-10 small-12 large-10\"  >\n\t\t\t\t<div class=\"col-inner\"  >\n\t\t\t\n\t\t\t\n<p>CONTENIDO<\/p>\n\t\t<\/div>\n\t\t\t\t\t<\/div>\n\n\t\n\n\t<div id=\"col-1838652310\" class=\"col medium-2 small-12 large-2\"  >\n\t\t\t\t<div class=\"col-inner\"  >\n\t\t\t\n\t\t\t\n\t\t<\/div>\n\t\t\t\t\t<\/div>\n\n\t\n<\/div>\n<\/div>\n<div id=\"tab_descargas\" class=\"panel entry-content\" role=\"tabpanel\" aria-labelledby=\"tab-descargas\">\n<div class=\"row\"  id=\"row-561846472\">\n\n\t<div id=\"col-616341968\" class=\"col medium-10 small-12 large-10\"  >\n\t\t\t\t<div class=\"col-inner\"  >\n\t\t\t\n\t\t\t\n<p><a href=\"https:\/\/www.abix.com.br\/wp-content\/uploads\/Ficha-TST-S400.pdf\">Ficha t\u00e9cnica de TST S400<\/a><\/p>\n\t\t<\/div>\n\t\t\t\t\t<\/div>\n\n\t\n<\/div>\n<\/div>\n<div id=\"tab_especificaciones\" class=\"panel entry-content\" role=\"tabpanel\" aria-labelledby=\"tab-especificaciones\">\n<div class=\"row\"  id=\"row-2044768725\">\n\n\t<div id=\"col-793526517\" class=\"col medium-9 small-12 large-9\"  >\n\t\t\t\t<div class=\"col-inner\"  >\n\t\t\t\n\t\t\t\n<h3>ESPECIFICACIONES GENERALES<\/h3>\n<ul>\n<li><strong>Matriz de p\u00edxeles del panel LCD<\/strong><\/li>\n<\/ul>\n<p>PMCL415 &#8211; 1024 x 768, 75 Hz<\/p>\n<p>PMCL417, PMCL419 &#8211; 1280 x 1024, 75 Hz (la resoluci\u00f3n m\u00e1xima de VGA y DVI es 1024 X 768)<\/p>\n<ul>\n<li><strong>Relaci\u00f3n de aspecto del panel<\/strong><\/li>\n<\/ul>\n<p>PMCL415 &#8211; 4:3<\/p>\n<p>PMCL417, PMCL419 &#8211; 4:3 compuesto, 5:4 VGA<\/p>\n<ul>\n<li><strong>\u00c1rea de visualizaci\u00f3n<\/strong><\/li>\n<\/ul>\n<p>PMCL415 304 x 228 mm<\/p>\n<p>PMCL417 338 x 270 mm<\/p>\n<p>PMCL419 376 x 301 mm<\/p>\n<ul>\n<li><strong>Tama\u00f1o de p\u00edxel<\/strong><\/li>\n<\/ul>\n<p>PMCL415 0,297 x 0,297 mm<\/p>\n<p>PMCL417 0,264 x 0,264 mm<\/p>\n<p>PMCL419 0,294 x 0,294 mm<\/p>\n<ul>\n<li><strong>Brille<\/strong><\/li>\n<\/ul>\n<p>PMCL415 350 cd\/m2<\/p>\n<p>PMCL417 430 cd\/m2<\/p>\n<p>PMCL419 450 cd\/m<\/p>\n<ul>\n<li><strong>Relaci\u00f3n de contraste<\/strong><\/li>\n<\/ul>\n<p>500:1<\/p>\n<ul>\n<li><strong>Tipo de iluminaci\u00f3n trasera<\/strong><\/li>\n<\/ul>\n<p>4 CCFL<\/p>\n<ul>\n<li><strong>Vida \u00fatil de la l\u00e1mpara del panel<\/strong><\/li>\n<\/ul>\n<p>40 mil horas<\/p>\n<ul>\n<li><strong>\u00c1ngulo de visi\u00f3n (H\/V)<\/strong><\/li>\n<\/ul>\n<p>PMCL415 140\u00b0\/125<\/p>\n<p>PMCL417 140\u00b0\/130<\/p>\n<p>PMCL419 150\u00b0\/130<\/p>\n<ul>\n<li><strong>Inclinaci\u00f3n<\/strong><\/li>\n<\/ul>\n<p>&lt;10\u00b0 a &gt;45\u00b0<\/p>\n<ul>\n<li><strong>Colores de la pantalla<\/strong><\/li>\n<\/ul>\n<p>PMCL415, PMCL417 &#8211; 16,2 millones<\/p>\n<p>PMCL419 &#8211; 16,7 millones<\/p>\n<ul>\n<li><strong>Tiempo de respuesta<\/strong><\/li>\n<\/ul>\n<p>PMCL415 16 ms<\/p>\n<p>PMCL417 8 ms<\/p>\n<p>PMCL419 8 ms<\/p>\n<ul>\n<li><strong>Altavoces<\/strong><\/li>\n<\/ul>\n<p>Integrado, 2 x 1,0 W<\/p>\n<ul>\n<li><strong>Controles del panel frontal<\/strong><\/li>\n<\/ul>\n<p>Entrada de v\u00eddeo, men\u00fa (arriba, abajo, izquierda, derecha), encendido, bloqueo del panel frontal<\/p>\n<ul>\n<li><strong>Indicadores<\/strong><\/li>\n<\/ul>\n<p>LED (encendido, en espera, en hibernaci\u00f3n), pantalla (\u00absin se\u00f1al\u00bb)<\/p>\n<h3>MODELOS<\/h3>\n<ul>\n<li><strong>PMCL415<\/strong><\/li>\n<\/ul>\n<p>Monitor LCD de 15 pulgadas (381 mm) con TFT activo, m\u00faltiples funciones<\/p>\n<ul>\n<li><strong>PMCL417<\/strong><\/li>\n<\/ul>\n<p>Monitor LCD de 17 pulgadas (432 mm) con TFT activo, m\u00faltiples funciones<\/p>\n<ul>\n<li><strong>PMCL419<\/strong><\/li>\n<\/ul>\n<p>Monitor LCD de 19 pulgadas (483 mm) con TFT activo, m\u00faltiples funciones<\/p>\n<h3>ESPECIFICACIONES EL\u00c9CTRICAS<\/h3>\n<ul>\n<li><strong>Tensi\u00f3n de entrada<\/strong><\/li>\n<\/ul>\n<p>Alimentaci\u00f3n interna de 100 a 240 V CA, 50\/60 Hz o externa de 12 V CC (no incluida)<\/p>\n<ul>\n<li><strong>Consumo de energ\u00eda<\/strong><\/li>\n<\/ul>\n<p>PMCL415 &lt;50 W (encendido)<\/p>\n<p>PMCL417, PMCL419 &lt;60 W (encendido)<\/p>\n<ul>\n<li><strong>Interfaces de entrada de v\u00eddeo<\/strong><\/li>\n<\/ul>\n<p>2, BNC, en circuito; 1, S-Video, en circuito, 1 VGA; 1, DVI; 1, PIP<\/p>\n<ul>\n<li><strong>Interfaces de entrada de audio<\/strong><\/li>\n<\/ul>\n<p>1 (E\/D), RCA, circuito<\/p>\n<ul>\n<li><strong>Frecuencia horizontal<\/strong><\/li>\n<\/ul>\n<p>30 kHz a 60 kHz<\/p>\n<ul>\n<li><strong>Frecuencia vertical<\/strong><\/li>\n<\/ul>\n<p>56 Hz a 75 Hz<\/p>\n<ul>\n<li><strong>Formato de sincronizaci\u00f3n<\/strong><\/li>\n<\/ul>\n<p>NTSC\/PAL, con detecci\u00f3n autom\u00e1tica<\/p>\n<h3>ESPECIFICACIONES F\u00cdSICAS<\/h3>\n<ul>\n<li><strong>Dimensiones<\/strong><\/li>\n<\/ul>\n<p>PMCL415 13,7\u2033 ancho x 11,7\u2033 alto x 3,0\u2033 fondo (34,7 x 29,8 x 7,5 cm)<\/p>\n<p>PMCL417 15,0\u2033 ancho x 13,4\u2033 alto x 3,2\u2033 fondo (38,1 x 34,1 x 8,0 cm)<\/p>\n<p>PMCL419 3,3\u2033 P x 16,6\u2033 An x 14,7\u2033 Al (8,3 x 42,1 x 37,4 cm)<\/p>\n<ul>\n<li><strong>Peso unitario<\/strong><\/li>\n<\/ul>\n<p>PMCL415 4,6 kg (10,1 lb)<\/p>\n<p>PMCL417 5,9 kg (13,1 lb)<\/p>\n<p>PMCL419 6,9 kg (15,1 lb)<\/p>\n<h3>ESPECIFICACIONES MEDIOAMBIENTALES<\/h3>\n<ul>\n<li><strong>Temperatura de funcionamiento<\/strong><\/li>\n<\/ul>\n<p>0 a 40\u00b0C (32 a 104\u00b0F)<\/p>\n<ul>\n<li><strong>Temperatura de almacenamiento<\/strong><\/li>\n<\/ul>\n<p>-4 a 140\u00b0F (-20 a 60\u00b0C)<\/p>\n<ul>\n<li><strong>Humedad de funcionamiento<\/strong><\/li>\n<\/ul>\n<p>20 a 85%, sin condensaci\u00f3n<\/p>\n<ul>\n<li><strong>Humedad de almacenamiento<\/strong><\/li>\n<\/ul>\n<p>5 a 90%, sin condensaci\u00f3n<\/p>\n<h3>CERTIFICACIONES<\/h3>\n<ul>\n<li>CE, Clase B<\/li>\n<li>Certificaci\u00f3n UL<\/li>\n<li>Certificaci\u00f3n UL conforme a las normas de seguridad canadienses<\/li>\n<li>FCC, Clase B<\/li>\n<\/ul>\n\t\t<\/div>\n\t\t\t\t\t<\/div>\n\n\t\n<\/div>\n<\/div><\/div><\/div>\n\t\t<\/div>\n\t\t\t\t\t<\/div>\n\n\t\n<\/div>\n\t\t<\/div>\n\t\t\t\t\t<\/div>\n\n\t\n<\/div>\n\t\t<\/div>\n\n\t\t\n<style>\n#section_295645830 {\n  padding-top: 0px;\n  padding-bottom: 0px;\n}\n<\/style>\n\t<\/section>\n\t\n","protected":false},"excerpt":{"rendered":"<p style=\"text-align: justify;\">Los monitores LCD de alto rendimiento de la serie 400, dise\u00f1ados espec\u00edficamente para el sector de la seguridad, muestran se\u00f1ales de v\u00eddeo o de ordenador con gran calidad mediante el uso de m\u00faltiples entradas. Estos monitores de 17 y 19 pulgadas tienen un panel LCD en color con una matriz TFT (transferencia de pel\u00edcula fina) activa. Los monitores se adaptan autom\u00e1ticamente a la resoluci\u00f3n de entrada adecuada (hasta 1280 x 1024).<\/p>\n","protected":false},"featured_media":10883,"comment_status":"closed","ping_status":"closed","template":"","meta":[],"product_brand":[],"product_cat":[178,243,179],"product_tag":[],"class_list":{"0":"post-19323","1":"product","2":"type-product","3":"status-publish","4":"has-post-thumbnail","6":"product_cat-cctv","7":"product_cat-outros-produtos-cftv","8":"product_cat-pelco-es","10":"first","11":"instock","12":"shipping-taxable","13":"product-type-simple"},"yoast_head":"<!-- This site is optimized with the Yoast SEO plugin v27.3 - https:\/\/yoast.com\/product\/yoast-seo-wordpress\/ -->\n<title>MONITOR DE PANTALLA PLANA LCD TFT PELCO SERIE 400 - Abix<\/title>\n<meta name=\"description\" content=\"MONITOR LCD TFT: dise\u00f1ado espec\u00edficamente para el sector de la seguridad, muestra se\u00f1ales de v\u00eddeo o de ordenador de alta calidad.\" \/>\n<meta name=\"robots\" content=\"index, follow, max-snippet:-1, max-image-preview:large, max-video-preview:-1\" \/>\n<link rel=\"canonical\" href=\"https:\/\/abix.com.br\/es\/produto\/monitor-de-pantalla-plana-lcd-tft-pelco-serie-400\/\" \/>\n<meta property=\"og:locale\" content=\"es_ES\" \/>\n<meta property=\"og:type\" content=\"article\" \/>\n<meta property=\"og:title\" content=\"MONITOR DE PANTALLA PLANA LCD TFT PELCO SERIE 400 - Abix\" \/>\n<meta property=\"og:description\" content=\"MONITOR LCD TFT: dise\u00f1ado espec\u00edficamente para el sector de la seguridad, muestra se\u00f1ales de v\u00eddeo o de ordenador de alta calidad.\" \/>\n<meta property=\"og:url\" content=\"https:\/\/abix.com.br\/es\/produto\/monitor-de-pantalla-plana-lcd-tft-pelco-serie-400\/\" \/>\n<meta property=\"og:site_name\" content=\"Abix\" \/>\n<meta property=\"article:modified_time\" content=\"2023-10-19T18:07:07+00:00\" \/>\n<meta name=\"twitter:card\" content=\"summary_large_image\" \/>\n<meta name=\"twitter:label1\" content=\"Tiempo de lectura\" \/>\n\t<meta name=\"twitter:data1\" content=\"4 minutos\" \/>\n<script type=\"application\/ld+json\" class=\"yoast-schema-graph\">{\"@context\":\"https:\\\/\\\/schema.org\",\"@graph\":[{\"@type\":\"WebPage\",\"@id\":\"https:\\\/\\\/abix.com.br\\\/es\\\/produto\\\/monitor-de-pantalla-plana-lcd-tft-pelco-serie-400\\\/\",\"url\":\"https:\\\/\\\/abix.com.br\\\/es\\\/produto\\\/monitor-de-pantalla-plana-lcd-tft-pelco-serie-400\\\/\",\"name\":\"MONITOR DE PANTALLA PLANA LCD TFT PELCO SERIE 400 - Abix\",\"isPartOf\":{\"@id\":\"https:\\\/\\\/abix.com.br\\\/#website\"},\"primaryImageOfPage\":{\"@id\":\"https:\\\/\\\/abix.com.br\\\/es\\\/produto\\\/monitor-de-pantalla-plana-lcd-tft-pelco-serie-400\\\/#primaryimage\"},\"image\":{\"@id\":\"https:\\\/\\\/abix.com.br\\\/es\\\/produto\\\/monitor-de-pantalla-plana-lcd-tft-pelco-serie-400\\\/#primaryimage\"},\"thumbnailUrl\":\"https:\\\/\\\/abix.com.br\\\/wp-content\\\/uploads\\\/2020\\\/06\\\/TFT-PELCO-SERIE-400.png\",\"datePublished\":\"2020-06-17T12:20:24+00:00\",\"dateModified\":\"2023-10-19T18:07:07+00:00\",\"description\":\"MONITOR LCD TFT: dise\u00f1ado espec\u00edficamente para el sector de la seguridad, muestra se\u00f1ales de v\u00eddeo o de ordenador de alta calidad.\",\"breadcrumb\":{\"@id\":\"https:\\\/\\\/abix.com.br\\\/es\\\/produto\\\/monitor-de-pantalla-plana-lcd-tft-pelco-serie-400\\\/#breadcrumb\"},\"inLanguage\":\"es\",\"potentialAction\":[{\"@type\":\"ReadAction\",\"target\":[\"https:\\\/\\\/abix.com.br\\\/es\\\/produto\\\/monitor-de-pantalla-plana-lcd-tft-pelco-serie-400\\\/\"]}]},{\"@type\":\"ImageObject\",\"inLanguage\":\"es\",\"@id\":\"https:\\\/\\\/abix.com.br\\\/es\\\/produto\\\/monitor-de-pantalla-plana-lcd-tft-pelco-serie-400\\\/#primaryimage\",\"url\":\"https:\\\/\\\/abix.com.br\\\/wp-content\\\/uploads\\\/2020\\\/06\\\/TFT-PELCO-SERIE-400.png\",\"contentUrl\":\"https:\\\/\\\/abix.com.br\\\/wp-content\\\/uploads\\\/2020\\\/06\\\/TFT-PELCO-SERIE-400.png\",\"width\":959,\"height\":774,\"caption\":\"MONITOR DE LCD TFT\"},{\"@type\":\"BreadcrumbList\",\"@id\":\"https:\\\/\\\/abix.com.br\\\/es\\\/produto\\\/monitor-de-pantalla-plana-lcd-tft-pelco-serie-400\\\/#breadcrumb\",\"itemListElement\":[{\"@type\":\"ListItem\",\"position\":1,\"name\":\"In\u00edcio\",\"item\":\"https:\\\/\\\/abix.com.br\\\/es\\\/\"},{\"@type\":\"ListItem\",\"position\":2,\"name\":\"Tienda\",\"item\":\"https:\\\/\\\/abix.com.br\\\/loja\\\/\"},{\"@type\":\"ListItem\",\"position\":3,\"name\":\"MONITOR DE PANTALLA PLANA LCD TFT PELCO SERIE 400\"}]},{\"@type\":\"WebSite\",\"@id\":\"https:\\\/\\\/abix.com.br\\\/#website\",\"url\":\"https:\\\/\\\/abix.com.br\\\/\",\"name\":\"Abix\",\"description\":\"\",\"potentialAction\":[{\"@type\":\"SearchAction\",\"target\":{\"@type\":\"EntryPoint\",\"urlTemplate\":\"https:\\\/\\\/abix.com.br\\\/?s={search_term_string}\"},\"query-input\":{\"@type\":\"PropertyValueSpecification\",\"valueRequired\":true,\"valueName\":\"search_term_string\"}}],\"inLanguage\":\"es\"}]}<\/script>\n<!-- \/ Yoast SEO plugin. -->","yoast_head_json":{"title":"MONITOR DE PANTALLA PLANA LCD TFT PELCO SERIE 400 - Abix","description":"MONITOR LCD TFT: dise\u00f1ado espec\u00edficamente para el sector de la seguridad, muestra se\u00f1ales de v\u00eddeo o de ordenador de alta calidad.","robots":{"index":"index","follow":"follow","max-snippet":"max-snippet:-1","max-image-preview":"max-image-preview:large","max-video-preview":"max-video-preview:-1"},"canonical":"https:\/\/abix.com.br\/es\/produto\/monitor-de-pantalla-plana-lcd-tft-pelco-serie-400\/","og_locale":"es_ES","og_type":"article","og_title":"MONITOR DE PANTALLA PLANA LCD TFT PELCO SERIE 400 - Abix","og_description":"MONITOR LCD TFT: dise\u00f1ado espec\u00edficamente para el sector de la seguridad, muestra se\u00f1ales de v\u00eddeo o de ordenador de alta calidad.","og_url":"https:\/\/abix.com.br\/es\/produto\/monitor-de-pantalla-plana-lcd-tft-pelco-serie-400\/","og_site_name":"Abix","article_modified_time":"2023-10-19T18:07:07+00:00","twitter_card":"summary_large_image","twitter_misc":{"Tiempo de lectura":"4 minutos"},"schema":{"@context":"https:\/\/schema.org","@graph":[{"@type":"WebPage","@id":"https:\/\/abix.com.br\/es\/produto\/monitor-de-pantalla-plana-lcd-tft-pelco-serie-400\/","url":"https:\/\/abix.com.br\/es\/produto\/monitor-de-pantalla-plana-lcd-tft-pelco-serie-400\/","name":"MONITOR DE PANTALLA PLANA LCD TFT PELCO SERIE 400 - Abix","isPartOf":{"@id":"https:\/\/abix.com.br\/#website"},"primaryImageOfPage":{"@id":"https:\/\/abix.com.br\/es\/produto\/monitor-de-pantalla-plana-lcd-tft-pelco-serie-400\/#primaryimage"},"image":{"@id":"https:\/\/abix.com.br\/es\/produto\/monitor-de-pantalla-plana-lcd-tft-pelco-serie-400\/#primaryimage"},"thumbnailUrl":"https:\/\/abix.com.br\/wp-content\/uploads\/2020\/06\/TFT-PELCO-SERIE-400.png","datePublished":"2020-06-17T12:20:24+00:00","dateModified":"2023-10-19T18:07:07+00:00","description":"MONITOR LCD TFT: dise\u00f1ado espec\u00edficamente para el sector de la seguridad, muestra se\u00f1ales de v\u00eddeo o de ordenador de alta calidad.","breadcrumb":{"@id":"https:\/\/abix.com.br\/es\/produto\/monitor-de-pantalla-plana-lcd-tft-pelco-serie-400\/#breadcrumb"},"inLanguage":"es","potentialAction":[{"@type":"ReadAction","target":["https:\/\/abix.com.br\/es\/produto\/monitor-de-pantalla-plana-lcd-tft-pelco-serie-400\/"]}]},{"@type":"ImageObject","inLanguage":"es","@id":"https:\/\/abix.com.br\/es\/produto\/monitor-de-pantalla-plana-lcd-tft-pelco-serie-400\/#primaryimage","url":"https:\/\/abix.com.br\/wp-content\/uploads\/2020\/06\/TFT-PELCO-SERIE-400.png","contentUrl":"https:\/\/abix.com.br\/wp-content\/uploads\/2020\/06\/TFT-PELCO-SERIE-400.png","width":959,"height":774,"caption":"MONITOR DE LCD TFT"},{"@type":"BreadcrumbList","@id":"https:\/\/abix.com.br\/es\/produto\/monitor-de-pantalla-plana-lcd-tft-pelco-serie-400\/#breadcrumb","itemListElement":[{"@type":"ListItem","position":1,"name":"In\u00edcio","item":"https:\/\/abix.com.br\/es\/"},{"@type":"ListItem","position":2,"name":"Tienda","item":"https:\/\/abix.com.br\/loja\/"},{"@type":"ListItem","position":3,"name":"MONITOR DE PANTALLA PLANA LCD TFT PELCO SERIE 400"}]},{"@type":"WebSite","@id":"https:\/\/abix.com.br\/#website","url":"https:\/\/abix.com.br\/","name":"Abix","description":"","potentialAction":[{"@type":"SearchAction","target":{"@type":"EntryPoint","urlTemplate":"https:\/\/abix.com.br\/?s={search_term_string}"},"query-input":{"@type":"PropertyValueSpecification","valueRequired":true,"valueName":"search_term_string"}}],"inLanguage":"es"}]}},"_links":{"self":[{"href":"https:\/\/abix.com.br\/es\/wp-json\/wp\/v2\/product\/19323","targetHints":{"allow":["GET"]}}],"collection":[{"href":"https:\/\/abix.com.br\/es\/wp-json\/wp\/v2\/product"}],"about":[{"href":"https:\/\/abix.com.br\/es\/wp-json\/wp\/v2\/types\/product"}],"replies":[{"embeddable":true,"href":"https:\/\/abix.com.br\/es\/wp-json\/wp\/v2\/comments?post=19323"}],"wp:featuredmedia":[{"embeddable":true,"href":"https:\/\/abix.com.br\/es\/wp-json\/wp\/v2\/media\/10883"}],"wp:attachment":[{"href":"https:\/\/abix.com.br\/es\/wp-json\/wp\/v2\/media?parent=19323"}],"wp:term":[{"taxonomy":"product_brand","embeddable":true,"href":"https:\/\/abix.com.br\/es\/wp-json\/wp\/v2\/product_brand?post=19323"},{"taxonomy":"product_cat","embeddable":true,"href":"https:\/\/abix.com.br\/es\/wp-json\/wp\/v2\/product_cat?post=19323"},{"taxonomy":"product_tag","embeddable":true,"href":"https:\/\/abix.com.br\/es\/wp-json\/wp\/v2\/product_tag?post=19323"}],"curies":[{"name":"wp","href":"https:\/\/api.w.org\/{rel}","templated":true}]}}