{"id":19324,"date":"2020-06-17T08:27:51","date_gmt":"2020-06-17T11:27:51","guid":{"rendered":"https:\/\/abix.com.br\/produto\/monitor-de-pantalla-plana-lcd-tft-pelco-serie-300\/"},"modified":"2025-12-12T15:13:07","modified_gmt":"2025-12-12T18:13:07","slug":"monitor-de-pantalla-plana-lcd-tft-pelco-serie-300","status":"publish","type":"product","link":"https:\/\/abix.com.br\/es\/produto\/monitor-de-pantalla-plana-lcd-tft-pelco-serie-300\/","title":{"rendered":"MONITOR DE PANTALLA PLANA LCD TFT PELCO SERIE 300"},"content":{"rendered":"\n\t<section class=\"section\" id=\"section_809106720\">\n\t\t<div class=\"section-bg fill\" >\n\t\t\t\t\t\t\t\t\t\n\t\t\t\n\n\t\t<\/div>\n\n\t\t\n\n\t\t<div class=\"section-content relative\">\n\t\t\t\n<div class=\"row\"  id=\"row-427483930\">\n\n\t<div id=\"col-1201274190\" class=\"col small-12 large-12\"  >\n\t\t\t\t<div class=\"col-inner\"  >\n\t\t\t\n\t\t\t\n<div class=\"row\"  id=\"row-1888860990\">\n\n\t<div id=\"col-956022543\" class=\"col small-12 large-12\"  >\n\t\t\t\t<div class=\"col-inner\"  >\n\t\t\t\n\t\t\t\n\n\t\t<div class=\"tabbed-content locacao-tabs\">\n\t\t\t\n\t\t\t<ul class=\"nav nav-tabs nav-normal nav-size-xlarge nav-left active-on-hover\" role=\"tablist\"><li id=\"tab-informaci\u00d3n\" class=\"tab active has-icon\" role=\"presentation\"><a href=\"#tab_informaci\u00d3n\" role=\"tab\" aria-selected=\"true\" aria-controls=\"tab_informaci\u00d3n\"><span>INFORMACI\u00d3N<\/span><\/a><\/li>\n<li id=\"tab-accesorios\" class=\"tab has-icon\" role=\"presentation\"><a href=\"#tab_accesorios\" tabindex=\"-1\" role=\"tab\" aria-selected=\"false\" aria-controls=\"tab_accesorios\"><span>ACCESORIOS<\/span><\/a><\/li>\n<li id=\"tab-descargas\" class=\"tab has-icon\" role=\"presentation\"><a href=\"#tab_descargas\" tabindex=\"-1\" role=\"tab\" aria-selected=\"false\" aria-controls=\"tab_descargas\"><span>DESCARGAS<\/span><\/a><\/li>\n<li id=\"tab-especificaciones\" class=\"tab has-icon\" role=\"presentation\"><a href=\"#tab_especificaciones\" tabindex=\"-1\" role=\"tab\" aria-selected=\"false\" aria-controls=\"tab_especificaciones\"><span>ESPECIFICACIONES<\/span><\/a><\/li><\/ul><div class=\"tab-panels\"><div id=\"tab_informaci\u00d3n\" class=\"panel active entry-content\" role=\"tabpanel\" aria-labelledby=\"tab-informaci\u00d3n\">\n<div class=\"row\"  id=\"row-1673427988\">\n\n\t<div id=\"col-1010307276\" class=\"col medium-6 small-12 large-6\"  >\n\t\t\t\t<div class=\"col-inner\"  >\n\t\t\t\n\t\t\t\n<p>La serie 300 dispone de entradas de v\u00eddeo compuesto (BNC) y S-V\u00eddeo en circuito. Adem\u00e1s, estos modelos disponen de una entrada VGA para permitir el uso de DVR (grabadores de v\u00eddeo digital) y aplicaciones de PC. Esta funci\u00f3n m\u00faltiple, combinada con un menor tiempo de respuesta del panel para reducir las im\u00e1genes fantasma en movimiento, un dise\u00f1o ergon\u00f3mico, una fuente de alimentaci\u00f3n interna con selecci\u00f3n autom\u00e1tica de voltaje y un bajo consumo de energ\u00eda, hacen que la serie 300 sea ideal para aplicaciones que requieren un monitor VGA con funciones de v\u00eddeo compuesto.<\/p>\n<p>La serie 300 cuenta con un soporte de mesa plegable de tipo vertical, kits opcionales de instalaci\u00f3n en bastidor y orificios de fijaci\u00f3n compatibles con VESA\u00ae para facilitar su adaptaci\u00f3n a diferentes instalaciones en paredes y techos.<\/p>\n<p>Estos monitores detectan y muestran autom\u00e1ticamente el formato de v\u00eddeo correcto (NTSC o PAL) y se alimentan mediante una fuente interna con detecci\u00f3n autom\u00e1tica de tensi\u00f3n. La serie 300 utiliza retroiluminaci\u00f3n CCFT (tubo fluorescente de c\u00e1todo fr\u00edo) de larga duraci\u00f3n para mantener el nivel de brillo en todo momento, eliminando la degradaci\u00f3n de brillo habitual en los monitores CRT a medida que envejecen.<\/p>\n<p>Los ajustes de los par\u00e1metros de visualizaci\u00f3n est\u00e1ndar del monitor se realizan mediante men\u00fas en pantalla de f\u00e1cil manejo y controles del panel frontal.<\/p>\n\t\t<\/div>\n\t\t\t\t\t<\/div>\n\n\t\n\n\t<div id=\"col-1250487315\" class=\"col medium-6 small-12 large-6\"  >\n\t\t\t\t<div class=\"col-inner text-left\"  >\n\t\t\t\n\t\t\t\n<p style=\"text-align: left;\"><strong>CARACTER\u00cdSTICAS<\/strong><\/p>\n<ul>\n<li style=\"text-align: left;\">Dispositivo robusto (IP68)<\/li>\n<li style=\"text-align: left;\">Botones PTT y de emergencia dedicados<\/li>\n<li style=\"text-align: left;\">Pantalla t\u00e1ctil de 5&#8243; resistente a l\u00edquidos y manejable con guantes<\/li>\n<li style=\"text-align: left;\">Bater\u00eda reemplazable y de larga duraci\u00f3n<\/li>\n<li style=\"text-align: left;\">Plataforma Android con ecosistema de aplicaciones abierto<\/li>\n<li style=\"text-align: left;\">Audio superior con 97 dB<\/li>\n<li style=\"text-align: left;\">Micr\u00f3fono con supresi\u00f3n de ruido y cancelaci\u00f3n de eco<\/li>\n<li style=\"text-align: left;\">Compa\u00f1ero ideal de WAVE PTX<\/li>\n<\/ul>\n\t\t<\/div>\n\t\t\t\t\t<\/div>\n\n\t\n<\/div>\n<\/div>\n<div id=\"tab_accesorios\" class=\"panel entry-content\" role=\"tabpanel\" aria-labelledby=\"tab-accesorios\">\n<div class=\"row align-middle\"  id=\"row-1157667651\">\n\n\t<div id=\"col-1335461484\" class=\"col medium-10 small-12 large-10\"  >\n\t\t\t\t<div class=\"col-inner\"  >\n\t\t\t\n\t\t\t\n<p>CONTENIDO<\/p>\n\t\t<\/div>\n\t\t\t\t\t<\/div>\n\n\t\n\n\t<div id=\"col-363487381\" class=\"col medium-2 small-12 large-2\"  >\n\t\t\t\t<div class=\"col-inner\"  >\n\t\t\t\n\t\t\t\n\t\t<\/div>\n\t\t\t\t\t<\/div>\n\n\t\n<\/div>\n<\/div>\n<div id=\"tab_descargas\" class=\"panel entry-content\" role=\"tabpanel\" aria-labelledby=\"tab-descargas\">\n<div class=\"row\"  id=\"row-513984467\">\n\n\t<div id=\"col-1848572663\" class=\"col medium-10 small-12 large-10\"  >\n\t\t\t\t<div class=\"col-inner\"  >\n\t\t\t\n\t\t\t\n<p><a href=\"https:\/\/www.abix.com.br\/wp-content\/uploads\/Ficha-TST-S300.pdf\">Ficha t\u00e9cnica del TST S300<\/a><\/p>\n\t\t<\/div>\n\t\t\t\t\t<\/div>\n\n\t\n<\/div>\n<\/div>\n<div id=\"tab_especificaciones\" class=\"panel entry-content\" role=\"tabpanel\" aria-labelledby=\"tab-especificaciones\">\n<div class=\"row\"  id=\"row-66431541\">\n\n\t<div id=\"col-1788425754\" class=\"col medium-9 small-12 large-9\"  >\n\t\t\t\t<div class=\"col-inner\"  >\n\t\t\t\n\t\t\t\n<ul>\n<li><strong>Matriz de p\u00edxeles del panel LCD<\/strong><\/li>\n<\/ul>\n<p>PMCL315 &#8211; 1024 x 768, 75 Hz<\/p>\n<p>PMCL317, PMCL319 &#8211; 1280 x 1024, 75 Hz<\/p>\n<ul>\n<li><strong>Relaci\u00f3n de aspecto del panel<\/strong><\/li>\n<\/ul>\n<p>PMCL315 &#8211; 4:3<\/p>\n<p>PMCL317, PMCL319 &#8211; 4:3 compuesto, 5:4 VGA<\/p>\n<ul>\n<li><strong>\u00c1rea de visualizaci\u00f3n<\/strong><\/li>\n<\/ul>\n<p>PMCL315 &#8211; 304 x 228 mm<\/p>\n<p>PMCL317 &#8211; 338 x 270 mm<\/p>\n<p>PMCL319 &#8211; 376 x 301 mm<\/p>\n<ul>\n<li><strong>Tama\u00f1o de p\u00edxel<\/strong><\/li>\n<\/ul>\n<p>PMCL315 0,297 x 0,297 mm<\/p>\n<p>PMCL317 0,264 x 0,264 mm<\/p>\n<p>PMCL319 0,294 x 0,294 mm<\/p>\n<ul>\n<li><strong>Brille<\/strong><\/li>\n<\/ul>\n<p>PMCL315 350 cd\/m2<\/p>\n<p>PMCL317 400 cd\/m2<\/p>\n<p>PMCL319 380 cd\/m2<\/p>\n<ul>\n<li><strong>Relaci\u00f3n de contraste<\/strong><\/li>\n<\/ul>\n<p>500:1<\/p>\n<ul>\n<li><strong>Tipo de iluminaci\u00f3n trasera<\/strong><\/li>\n<\/ul>\n<p>4 CCFL<\/p>\n<ul>\n<li><strong>Vida \u00fatil de la l\u00e1mpara del panel<\/strong><\/li>\n<\/ul>\n<p>40 mil horas<\/p>\n<ul>\n<li><strong>\u00c1ngulo de visi\u00f3n (H\/V)<\/strong><\/li>\n<\/ul>\n<p>PMCL315 140\u00b0\/125<\/p>\n<p>MCL317 140\u00b0\/130<\/p>\n<p>PMCL319 150\u00b0\/130<\/p>\n<ul>\n<li><strong>Inclinaci\u00f3n<\/strong><\/li>\n<\/ul>\n<p>&lt;10\u00b0 a &gt;45\u00b0<\/p>\n<ul>\n<li><strong>Colores de la pantalla<\/strong><\/li>\n<\/ul>\n<p>PMCL315, PMCL317 &#8211; 16,2 millones<\/p>\n<p>PMCL319 &#8211; 16,7 millones<\/p>\n<ul>\n<li><strong>Tiempo de respuesta<\/strong><\/li>\n<\/ul>\n<p>PMCL315 &#8211; 16 ms<\/p>\n<p>PMCL317, PMCL319 &#8211; 8 ms<\/p>\n<ul>\n<li><strong>Altavoces<\/strong><\/li>\n<\/ul>\n<p>Integrado, 2 x 1,0 W<\/p>\n<ul>\n<li><strong>Controles del panel frontal<\/strong><\/li>\n<\/ul>\n<p>Entrada de v\u00eddeo, men\u00fa (arriba, abajo, izquierda, derecha), encendido, bloqueo del panel frontal<\/p>\n<ul>\n<li><strong>Indicadores<\/strong><\/li>\n<\/ul>\n<p>LED (encendido, en espera, en hibernaci\u00f3n), pantalla (\u00absin se\u00f1al\u00bb)<\/p>\n<h3>MODELOS<\/h3>\n<ul>\n<li><strong>PMCL315<\/strong><\/li>\n<\/ul>\n<p>Monitor LCD de 15 pulgadas (381 mm) con TFT activo, m\u00faltiples funciones<\/p>\n<ul>\n<li><strong>PMCL317<\/strong><\/li>\n<\/ul>\n<p>Monitor LCD de 17 pulgadas (432 mm) con TFT activo, m\u00faltiples funciones<\/p>\n<ul>\n<li><strong>PMCL319<\/strong><\/li>\n<\/ul>\n<p>Monitor LCD de 19 pulgadas (483 mm) con TFT activo, m\u00faltiples funciones<\/p>\n<h3>ESPECIFICACIONES EL\u00c9CTRICAS<\/h3>\n<ul>\n<li><strong>Tensi\u00f3n de entrada<\/strong><\/li>\n<\/ul>\n<p>Fuente de alimentaci\u00f3n interna de 100 a 240 VCA, 50\/60 Hz<\/p>\n<ul>\n<li><strong>Consumo de energ\u00eda<\/strong><\/li>\n<\/ul>\n<p>&lt;50 W (encendido), &lt;5 W (en espera)<\/p>\n<ul>\n<li><strong>Interfaces de entrada de v\u00eddeo<\/strong><\/li>\n<\/ul>\n<p>1, BNC, en circuito; 1, S-Video, en circuito, VGA<\/p>\n<ul>\n<li><strong>Interfaces de entrada<\/strong><\/li>\n<\/ul>\n<p>1 (E\/D), RCA, circuito<\/p>\n<ul>\n<li><strong>Frecuencia horizontal<\/strong><\/li>\n<\/ul>\n<p>PMCL315 30 kHz a 60 kHz<\/p>\n<p>PMCL317, PMCL319 30 kHz a 80 kHz<\/p>\n<ul>\n<li><strong>Frecuencia vertical<\/strong><\/li>\n<\/ul>\n<p>56 Hz a 75 Hz<\/p>\n<ul>\n<li><strong>Formato de sincronizaci\u00f3n<\/strong><\/li>\n<\/ul>\n<p>NTSC\/PAL, con detecci\u00f3n autom\u00e1tica<\/p>\n<h3>ESPECIFICACIONES F\u00cdSICAS<\/h3>\n<ul>\n<li><strong>Dimensiones<\/strong><\/li>\n<\/ul>\n<p>PMCL315 2,9\u2033 de profundidad x 13,7\u2033 de ancho x 11,8\u2033 de altura (7,4 x 34,7 x 29,9 cm)<\/p>\n<p>PMCL317 3,2\u2033 de profundidad x 15,0\u2033 de ancho x 13,4\u2033 de altura (8,0 x 38,1 x 34,1 cm)<\/p>\n<p>PMCL319 3,3\u2033 P x 16,6\u2033 An x 14,7\u2033 Al (8,3 x 42,1 x 37,4 cm)<\/p>\n<ul>\n<li><strong>Peso unitario<\/strong><\/li>\n<\/ul>\n<p>PMCL315 4,4 kg (9,6 lb)<\/p>\n<p>PMCL317 5,6 kg (12,4 lb)<\/p>\n<p>PMCL319 6,6 kg (14,5 lb)<\/p>\n<h3>ESPECIFICACIONES MEDIOAMBIENTALES<\/h3>\n<ul>\n<li><strong>Temperatura de funcionamiento<\/strong><\/li>\n<\/ul>\n<p>0 a 40\u00b0C (32 a 104\u00b0F)<\/p>\n<ul>\n<li><strong>Temperatura de almacenamiento<\/strong><\/li>\n<\/ul>\n<p>-4 a 140\u00b0F (-20 a 60\u00b0C)<\/p>\n<ul>\n<li><strong>Humedad de funcionamiento<\/strong><\/li>\n<\/ul>\n<p>20 a 85%, sin condensaci\u00f3n<\/p>\n<ul>\n<li><strong>Humedad de almacenamiento<\/strong><\/li>\n<\/ul>\n<p>5 a 90%, sin condensaci\u00f3n<\/p>\n<h3>CERTIFICACIONES<\/h3>\n<ul>\n<li>CE, Clase B<\/li>\n<li>Certificaci\u00f3n UL<\/li>\n<li>Certificaci\u00f3n UL conforme a las normas de seguridad canadienses<\/li>\n<li>FCC, Clase B<\/li>\n<\/ul>\n\t\t<\/div>\n\t\t\t\t\t<\/div>\n\n\t\n<\/div>\n<\/div><\/div><\/div>\n\t\t<\/div>\n\t\t\t\t\t<\/div>\n\n\t\n<\/div>\n\t\t<\/div>\n\t\t\t\t\t<\/div>\n\n\t\n<\/div>\n\t\t<\/div>\n\n\t\t\n<style>\n#section_809106720 {\n  padding-top: 0px;\n  padding-bottom: 0px;\n}\n<\/style>\n\t<\/section>\n\t\n","protected":false},"excerpt":{"rendered":"<p style=\"text-align: justify;\">Los monitores LCD de la serie 300, dise\u00f1ados espec\u00edficamente para el sector de la seguridad, muestran se\u00f1ales de ordenador y\/o v\u00eddeo compuesto en alta resoluci\u00f3n. Estos monitores de 17 y 19 pulgadas tienen un panel LCD en color con una matriz TFT (transferencia de pel\u00edcula fina) activa. Los monitores se adaptan autom\u00e1ticamente a la resoluci\u00f3n de entrada adecuada (hasta 1280 x 1024).<\/p>\n","protected":false},"featured_media":10870,"comment_status":"closed","ping_status":"closed","template":"","meta":[],"product_brand":[],"product_cat":[178,243,179],"product_tag":[],"class_list":{"0":"post-19324","1":"product","2":"type-product","3":"status-publish","4":"has-post-thumbnail","6":"product_cat-cctv","7":"product_cat-outros-produtos-cftv","8":"product_cat-pelco-es","10":"first","11":"instock","12":"shipping-taxable","13":"product-type-simple"},"yoast_head":"<!-- This site is optimized with the Yoast SEO plugin v27.4 - https:\/\/yoast.com\/product\/yoast-seo-wordpress\/ -->\n<title>MONITOR DE PANTALLA PLANA LCD TFT PELCO SERIE 300 - Abix<\/title>\n<meta name=\"description\" content=\"Los monitores LCD se adaptan autom\u00e1ticamente a la resoluci\u00f3n de entrada adecuada (hasta 1280 x 1024). Visite nuestro sitio web y obtenga m\u00e1s informaci\u00f3n.\" \/>\n<meta name=\"robots\" content=\"index, follow, max-snippet:-1, max-image-preview:large, max-video-preview:-1\" \/>\n<link rel=\"canonical\" href=\"https:\/\/abix.com.br\/es\/produto\/monitor-de-pantalla-plana-lcd-tft-pelco-serie-300\/\" \/>\n<meta property=\"og:locale\" content=\"es_ES\" \/>\n<meta property=\"og:type\" content=\"article\" \/>\n<meta property=\"og:title\" content=\"MONITOR DE PANTALLA PLANA LCD TFT PELCO SERIE 300 - Abix\" \/>\n<meta property=\"og:description\" content=\"Los monitores LCD se adaptan autom\u00e1ticamente a la resoluci\u00f3n de entrada adecuada (hasta 1280 x 1024). Visite nuestro sitio web y obtenga m\u00e1s informaci\u00f3n.\" \/>\n<meta property=\"og:url\" content=\"https:\/\/abix.com.br\/es\/produto\/monitor-de-pantalla-plana-lcd-tft-pelco-serie-300\/\" \/>\n<meta property=\"og:site_name\" content=\"Abix\" \/>\n<meta property=\"article:modified_time\" content=\"2025-12-12T18:13:07+00:00\" \/>\n<meta name=\"twitter:card\" content=\"summary_large_image\" \/>\n<meta name=\"twitter:label1\" content=\"Tiempo de lectura\" \/>\n\t<meta name=\"twitter:data1\" content=\"5 minutos\" \/>\n<script type=\"application\/ld+json\" class=\"yoast-schema-graph\">{\"@context\":\"https:\\\/\\\/schema.org\",\"@graph\":[{\"@type\":\"WebPage\",\"@id\":\"https:\\\/\\\/abix.com.br\\\/es\\\/produto\\\/monitor-de-pantalla-plana-lcd-tft-pelco-serie-300\\\/\",\"url\":\"https:\\\/\\\/abix.com.br\\\/es\\\/produto\\\/monitor-de-pantalla-plana-lcd-tft-pelco-serie-300\\\/\",\"name\":\"MONITOR DE PANTALLA PLANA LCD TFT PELCO SERIE 300 - Abix\",\"isPartOf\":{\"@id\":\"https:\\\/\\\/abix.com.br\\\/#website\"},\"primaryImageOfPage\":{\"@id\":\"https:\\\/\\\/abix.com.br\\\/es\\\/produto\\\/monitor-de-pantalla-plana-lcd-tft-pelco-serie-300\\\/#primaryimage\"},\"image\":{\"@id\":\"https:\\\/\\\/abix.com.br\\\/es\\\/produto\\\/monitor-de-pantalla-plana-lcd-tft-pelco-serie-300\\\/#primaryimage\"},\"thumbnailUrl\":\"https:\\\/\\\/abix.com.br\\\/wp-content\\\/uploads\\\/2020\\\/06\\\/TFT-PELCO-SERIE-3000.png\",\"datePublished\":\"2020-06-17T11:27:51+00:00\",\"dateModified\":\"2025-12-12T18:13:07+00:00\",\"description\":\"Los monitores LCD se adaptan autom\u00e1ticamente a la resoluci\u00f3n de entrada adecuada (hasta 1280 x 1024). Visite nuestro sitio web y obtenga m\u00e1s informaci\u00f3n.\",\"breadcrumb\":{\"@id\":\"https:\\\/\\\/abix.com.br\\\/es\\\/produto\\\/monitor-de-pantalla-plana-lcd-tft-pelco-serie-300\\\/#breadcrumb\"},\"inLanguage\":\"es\",\"potentialAction\":[{\"@type\":\"ReadAction\",\"target\":[\"https:\\\/\\\/abix.com.br\\\/es\\\/produto\\\/monitor-de-pantalla-plana-lcd-tft-pelco-serie-300\\\/\"]}]},{\"@type\":\"ImageObject\",\"inLanguage\":\"es\",\"@id\":\"https:\\\/\\\/abix.com.br\\\/es\\\/produto\\\/monitor-de-pantalla-plana-lcd-tft-pelco-serie-300\\\/#primaryimage\",\"url\":\"https:\\\/\\\/abix.com.br\\\/wp-content\\\/uploads\\\/2020\\\/06\\\/TFT-PELCO-SERIE-3000.png\",\"contentUrl\":\"https:\\\/\\\/abix.com.br\\\/wp-content\\\/uploads\\\/2020\\\/06\\\/TFT-PELCO-SERIE-3000.png\",\"width\":869,\"height\":740,\"caption\":\"MONITOR DE LCD\"},{\"@type\":\"BreadcrumbList\",\"@id\":\"https:\\\/\\\/abix.com.br\\\/es\\\/produto\\\/monitor-de-pantalla-plana-lcd-tft-pelco-serie-300\\\/#breadcrumb\",\"itemListElement\":[{\"@type\":\"ListItem\",\"position\":1,\"name\":\"In\u00edcio\",\"item\":\"https:\\\/\\\/abix.com.br\\\/es\\\/\"},{\"@type\":\"ListItem\",\"position\":2,\"name\":\"Tienda\",\"item\":\"https:\\\/\\\/abix.com.br\\\/loja\\\/\"},{\"@type\":\"ListItem\",\"position\":3,\"name\":\"MONITOR DE PANTALLA PLANA LCD TFT PELCO SERIE 300\"}]},{\"@type\":\"WebSite\",\"@id\":\"https:\\\/\\\/abix.com.br\\\/#website\",\"url\":\"https:\\\/\\\/abix.com.br\\\/\",\"name\":\"Abix\",\"description\":\"\",\"potentialAction\":[{\"@type\":\"SearchAction\",\"target\":{\"@type\":\"EntryPoint\",\"urlTemplate\":\"https:\\\/\\\/abix.com.br\\\/?s={search_term_string}\"},\"query-input\":{\"@type\":\"PropertyValueSpecification\",\"valueRequired\":true,\"valueName\":\"search_term_string\"}}],\"inLanguage\":\"es\"}]}<\/script>\n<!-- \/ Yoast SEO plugin. -->","yoast_head_json":{"title":"MONITOR DE PANTALLA PLANA LCD TFT PELCO SERIE 300 - Abix","description":"Los monitores LCD se adaptan autom\u00e1ticamente a la resoluci\u00f3n de entrada adecuada (hasta 1280 x 1024). Visite nuestro sitio web y obtenga m\u00e1s informaci\u00f3n.","robots":{"index":"index","follow":"follow","max-snippet":"max-snippet:-1","max-image-preview":"max-image-preview:large","max-video-preview":"max-video-preview:-1"},"canonical":"https:\/\/abix.com.br\/es\/produto\/monitor-de-pantalla-plana-lcd-tft-pelco-serie-300\/","og_locale":"es_ES","og_type":"article","og_title":"MONITOR DE PANTALLA PLANA LCD TFT PELCO SERIE 300 - Abix","og_description":"Los monitores LCD se adaptan autom\u00e1ticamente a la resoluci\u00f3n de entrada adecuada (hasta 1280 x 1024). Visite nuestro sitio web y obtenga m\u00e1s informaci\u00f3n.","og_url":"https:\/\/abix.com.br\/es\/produto\/monitor-de-pantalla-plana-lcd-tft-pelco-serie-300\/","og_site_name":"Abix","article_modified_time":"2025-12-12T18:13:07+00:00","twitter_card":"summary_large_image","twitter_misc":{"Tiempo de lectura":"5 minutos"},"schema":{"@context":"https:\/\/schema.org","@graph":[{"@type":"WebPage","@id":"https:\/\/abix.com.br\/es\/produto\/monitor-de-pantalla-plana-lcd-tft-pelco-serie-300\/","url":"https:\/\/abix.com.br\/es\/produto\/monitor-de-pantalla-plana-lcd-tft-pelco-serie-300\/","name":"MONITOR DE PANTALLA PLANA LCD TFT PELCO SERIE 300 - Abix","isPartOf":{"@id":"https:\/\/abix.com.br\/#website"},"primaryImageOfPage":{"@id":"https:\/\/abix.com.br\/es\/produto\/monitor-de-pantalla-plana-lcd-tft-pelco-serie-300\/#primaryimage"},"image":{"@id":"https:\/\/abix.com.br\/es\/produto\/monitor-de-pantalla-plana-lcd-tft-pelco-serie-300\/#primaryimage"},"thumbnailUrl":"https:\/\/abix.com.br\/wp-content\/uploads\/2020\/06\/TFT-PELCO-SERIE-3000.png","datePublished":"2020-06-17T11:27:51+00:00","dateModified":"2025-12-12T18:13:07+00:00","description":"Los monitores LCD se adaptan autom\u00e1ticamente a la resoluci\u00f3n de entrada adecuada (hasta 1280 x 1024). Visite nuestro sitio web y obtenga m\u00e1s informaci\u00f3n.","breadcrumb":{"@id":"https:\/\/abix.com.br\/es\/produto\/monitor-de-pantalla-plana-lcd-tft-pelco-serie-300\/#breadcrumb"},"inLanguage":"es","potentialAction":[{"@type":"ReadAction","target":["https:\/\/abix.com.br\/es\/produto\/monitor-de-pantalla-plana-lcd-tft-pelco-serie-300\/"]}]},{"@type":"ImageObject","inLanguage":"es","@id":"https:\/\/abix.com.br\/es\/produto\/monitor-de-pantalla-plana-lcd-tft-pelco-serie-300\/#primaryimage","url":"https:\/\/abix.com.br\/wp-content\/uploads\/2020\/06\/TFT-PELCO-SERIE-3000.png","contentUrl":"https:\/\/abix.com.br\/wp-content\/uploads\/2020\/06\/TFT-PELCO-SERIE-3000.png","width":869,"height":740,"caption":"MONITOR DE LCD"},{"@type":"BreadcrumbList","@id":"https:\/\/abix.com.br\/es\/produto\/monitor-de-pantalla-plana-lcd-tft-pelco-serie-300\/#breadcrumb","itemListElement":[{"@type":"ListItem","position":1,"name":"In\u00edcio","item":"https:\/\/abix.com.br\/es\/"},{"@type":"ListItem","position":2,"name":"Tienda","item":"https:\/\/abix.com.br\/loja\/"},{"@type":"ListItem","position":3,"name":"MONITOR DE PANTALLA PLANA LCD TFT PELCO SERIE 300"}]},{"@type":"WebSite","@id":"https:\/\/abix.com.br\/#website","url":"https:\/\/abix.com.br\/","name":"Abix","description":"","potentialAction":[{"@type":"SearchAction","target":{"@type":"EntryPoint","urlTemplate":"https:\/\/abix.com.br\/?s={search_term_string}"},"query-input":{"@type":"PropertyValueSpecification","valueRequired":true,"valueName":"search_term_string"}}],"inLanguage":"es"}]}},"_links":{"self":[{"href":"https:\/\/abix.com.br\/es\/wp-json\/wp\/v2\/product\/19324","targetHints":{"allow":["GET"]}}],"collection":[{"href":"https:\/\/abix.com.br\/es\/wp-json\/wp\/v2\/product"}],"about":[{"href":"https:\/\/abix.com.br\/es\/wp-json\/wp\/v2\/types\/product"}],"replies":[{"embeddable":true,"href":"https:\/\/abix.com.br\/es\/wp-json\/wp\/v2\/comments?post=19324"}],"wp:featuredmedia":[{"embeddable":true,"href":"https:\/\/abix.com.br\/es\/wp-json\/wp\/v2\/media\/10870"}],"wp:attachment":[{"href":"https:\/\/abix.com.br\/es\/wp-json\/wp\/v2\/media?parent=19324"}],"wp:term":[{"taxonomy":"product_brand","embeddable":true,"href":"https:\/\/abix.com.br\/es\/wp-json\/wp\/v2\/product_brand?post=19324"},{"taxonomy":"product_cat","embeddable":true,"href":"https:\/\/abix.com.br\/es\/wp-json\/wp\/v2\/product_cat?post=19324"},{"taxonomy":"product_tag","embeddable":true,"href":"https:\/\/abix.com.br\/es\/wp-json\/wp\/v2\/product_tag?post=19324"}],"curies":[{"name":"wp","href":"https:\/\/api.w.org\/{rel}","templated":true}]}}