{"id":19325,"date":"2020-06-17T08:10:46","date_gmt":"2020-06-17T11:10:46","guid":{"rendered":"https:\/\/abix.com.br\/produto\/lente-varifocal-pelco-serie-13vd\/"},"modified":"2025-12-12T15:00:49","modified_gmt":"2025-12-12T18:00:49","slug":"lente-varifocal-pelco-serie-13vd","status":"publish","type":"product","link":"https:\/\/abix.com.br\/es\/produto\/lente-varifocal-pelco-serie-13vd\/","title":{"rendered":"LENTE VARIFOCAL PELCO SERIE 13VD"},"content":{"rendered":"\n\t\t<div class=\"tabbed-content locacao-tabs\">\n\t\t\t\n\t\t\t<ul class=\"nav nav-tabs nav-normal nav-size-xlarge nav-left active-on-hover\" role=\"tablist\"><li id=\"tab-informaci\u00d3n\" class=\"tab active has-icon\" role=\"presentation\"><a href=\"#tab_informaci\u00d3n\" role=\"tab\" aria-selected=\"true\" aria-controls=\"tab_informaci\u00d3n\"><span>INFORMACI\u00d3N<\/span><\/a><\/li>\n<li id=\"tab-accesorios\" class=\"tab has-icon\" role=\"presentation\"><a href=\"#tab_accesorios\" tabindex=\"-1\" role=\"tab\" aria-selected=\"false\" aria-controls=\"tab_accesorios\"><span>ACCESORIOS<\/span><\/a><\/li>\n<li id=\"tab-descargas\" class=\"tab has-icon\" role=\"presentation\"><a href=\"#tab_descargas\" tabindex=\"-1\" role=\"tab\" aria-selected=\"false\" aria-controls=\"tab_descargas\"><span>DESCARGAS<\/span><\/a><\/li>\n<li id=\"tab-especificaciones\" class=\"tab has-icon\" role=\"presentation\"><a href=\"#tab_especificaciones\" tabindex=\"-1\" role=\"tab\" aria-selected=\"false\" aria-controls=\"tab_especificaciones\"><span>ESPECIFICACIONES<\/span><\/a><\/li><\/ul><div class=\"tab-panels\"><div id=\"tab_informaci\u00d3n\" class=\"panel active entry-content\" role=\"tabpanel\" aria-labelledby=\"tab-informaci\u00d3n\">\n<div class=\"row\"  id=\"row-2014256938\">\n\n\t<div id=\"col-1824184199\" class=\"col medium-6 small-12 large-6\"  >\n\t\t\t\t<div class=\"col-inner\"  >\n\t\t\t\n\t\t\t\n<p>Adecuados para situaciones de iluminaci\u00f3n en interiores y exteriores, los objetivos de la serie 13VD se adaptan a todas las c\u00e1maras con soporte CS de 1\/3&#8243;. que requieren lentes de iris autom\u00e1tico de tipo CC. Adem\u00e1s, todos los objetivos con iris autom\u00e1tico incluyen un filtro puntual. Las lentes de la serie 13VD se suministran con un conector est\u00e1ndar de 4 patillas acoplado para facilitar su instalaci\u00f3n y comodidad.<\/p>\n<p>Los objetivos de esta serie est\u00e1n disponibles en zooms de 2,1X, 2,4X, 2,7X, 4,3X, 8X, 10X y 15X con varias distancias focales.<\/p>\n<p>Las lentes de la serie VD de Pelco son lentes intra-punto que optimizan el rango din\u00e1mico del iris. Las aperturas m\u00e1ximas de no menos de F1,8 hasta una apertura m\u00ednima de F360 son t\u00edpicas de todos estos objetivos. Esto permite un excelente rendimiento de las funciones en una amplia gama de condiciones de iluminaci\u00f3n.<\/p>\n<p>Seleccione el modelo de lente que mejor se adapte a sus necesidades en la secci\u00f3n Especificaciones t\u00e9cnicas de esta hoja de especificaciones del producto.<\/p>\n\t\t<\/div>\n\t\t\t\t\t<\/div>\n\n\t\n\n\t<div id=\"col-1824068106\" class=\"col medium-6 small-12 large-6\"  >\n\t\t\t\t<div class=\"col-inner text-left\"  >\n\t\t\t\n\t\t\t\n\t\t<\/div>\n\t\t\t\t\t<\/div>\n\n\t\n<\/div>\n<\/div>\n<div id=\"tab_accesorios\" class=\"panel entry-content\" role=\"tabpanel\" aria-labelledby=\"tab-accesorios\">\n<div class=\"row align-middle\"  id=\"row-462370829\">\n\n\t<div id=\"col-1777373561\" class=\"col medium-10 small-12 large-10\"  >\n\t\t\t\t<div class=\"col-inner\"  >\n\t\t\t\n\t\t\t\n<p>CONTENIDO<\/p>\n\t\t<\/div>\n\t\t\t\t\t<\/div>\n\n\t\n\n\t<div id=\"col-586559699\" class=\"col medium-2 small-12 large-2\"  >\n\t\t\t\t<div class=\"col-inner\"  >\n\t\t\t\n\t\t\t\n\t\t<\/div>\n\t\t\t\t\t<\/div>\n\n\t\n<\/div>\n<\/div>\n<div id=\"tab_descargas\" class=\"panel entry-content\" role=\"tabpanel\" aria-labelledby=\"tab-descargas\">\n<div class=\"row\"  id=\"row-2023306258\">\n\n\t<div id=\"col-1216504288\" class=\"col medium-10 small-12 large-10\"  >\n\t\t\t\t<div class=\"col-inner\"  >\n\t\t\t\n\t\t\t\n<p><a href=\"https:\/\/www.abix.com.br\/wp-content\/uploads\/Ficha-13VD5.pdf\">Ficha 13VD5<\/a><\/p>\n\t\t<\/div>\n\t\t\t\t\t<\/div>\n\n\t\n<\/div>\n<\/div>\n<div id=\"tab_especificaciones\" class=\"panel entry-content\" role=\"tabpanel\" aria-labelledby=\"tab-especificaciones\">\n<div class=\"row\"  id=\"row-351704222\">\n\n\t<div id=\"col-1574453379\" class=\"col medium-9 small-12 large-9\"  >\n\t\t\t\t<div class=\"col-inner\"  >\n\t\t\t\n\t\t\t\n<table dir=\"ltr\" border=\"1\" cellspacing=\"0\" cellpadding=\"0\">\n<colgroup>\n<col width=\"167\" \/>\n<col width=\"112\" \/>\n<col width=\"112\" \/>\n<col width=\"114\" \/>\n<col width=\"113\" \/>\n<col width=\"112\" \/>\n<col width=\"100\" \/>\n<col width=\"100\" \/><\/colgroup>\n<tbody>\n<tr>\n<td><\/td>\n<td data-sheets-value=\"{\">13VD1-3<\/td>\n<td data-sheets-value=\"{\">13VD2.5-6<\/td>\n<td data-sheets-value=\"{\">13VD2.8-12<\/td>\n<td data-sheets-value=\"{\">13VD3-8<\/td>\n<td data-sheets-value=\"{\">13VD5-40<\/td>\n<td data-sheets-value=\"{\">13VD5-50<\/td>\n<td data-sheets-value=\"{\">13VD5.5-82.5<\/td>\n<\/tr>\n<tr>\n<td data-sheets-value=\"{\">Tipo<\/td>\n<td data-sheets-value=\"{\">Varifocal<\/td>\n<td data-sheets-value=\"{\">Varifocal<\/td>\n<td data-sheets-value=\"{\">Varifocal<\/td>\n<td data-sheets-value=\"{\">Varifocal<\/td>\n<td data-sheets-value=\"{\">Varifocal<\/td>\n<td data-sheets-value=\"{\">Varifocal<\/td>\n<td data-sheets-value=\"{\">Varifocal<\/td>\n<\/tr>\n<tr>\n<td data-sheets-value=\"{\">Tama\u00f1o del formato<\/td>\n<td data-sheets-value=\"{\">1\/3 pulg.<\/td>\n<td data-sheets-value=\"{\">1\/3 pulg.<\/td>\n<td data-sheets-value=\"{\">1\/3 pulg.<\/td>\n<td data-sheets-value=\"{\">1\/3 pulg.<\/td>\n<td data-sheets-value=\"{\">1\/3 pulg.<\/td>\n<td data-sheets-value=\"{\">1\/3 pulg.<\/td>\n<td data-sheets-value=\"{\">1\/3 pulg.<\/td>\n<\/tr>\n<tr>\n<td data-sheets-value=\"{\">Tipo de soporte<\/td>\n<td data-sheets-value=\"{\">CS<\/td>\n<td data-sheets-value=\"{\">CS<\/td>\n<td data-sheets-value=\"{\">CS<\/td>\n<td data-sheets-value=\"{\">CS<\/td>\n<td data-sheets-value=\"{\">CS<\/td>\n<td data-sheets-value=\"{\">CS<\/td>\n<td data-sheets-value=\"{\">CS<\/td>\n<\/tr>\n<tr>\n<td data-sheets-value=\"{\">Distancia focal<\/td>\n<td data-sheets-value=\"{\">1,6~3,4 mm<\/td>\n<td data-sheets-value=\"{\">2,5~6 mm<\/td>\n<td data-sheets-value=\"{\">2,8~12 mm<\/td>\n<td data-sheets-value=\"{\">3~8 mm<\/td>\n<td data-sheets-value=\"{\">5~40 mm<\/td>\n<td data-sheets-value=\"{\">5~50 mm<\/td>\n<td data-sheets-value=\"{\">5,5~82,5 mm<\/td>\n<\/tr>\n<tr>\n<td data-sheets-value=\"{\">Alcance del zoom<\/td>\n<td data-sheets-value=\"{\">2,1X<\/td>\n<td data-sheets-value=\"{\">2,4X<\/td>\n<td data-sheets-value=\"{\">4,3X<\/td>\n<td data-sheets-value=\"{\">2,7X<\/td>\n<td data-sheets-value=\"{\">8X<\/td>\n<td data-sheets-value=\"{\">10X<\/td>\n<td data-sheets-value=\"{\">15X<\/td>\n<\/tr>\n<tr>\n<td data-sheets-value=\"{\">Apertura relativa (F)<\/td>\n<td data-sheets-value=\"{\">1.4~360<\/td>\n<td data-sheets-value=\"{\">1.4~125<\/td>\n<td data-sheets-value=\"{\">1.4~360<\/td>\n<td data-sheets-value=\"{\">1~360<\/td>\n<td data-sheets-value=\"{\">1.6~360<\/td>\n<td data-sheets-value=\"{\">1.4~360<\/td>\n<td data-sheets-value=\"{\">1.8~360<\/td>\n<\/tr>\n<tr>\n<td data-sheets-value=\"{\">Operaci\u00f3n iris<\/td>\n<td data-sheets-value=\"{\">Autom\u00e1tico (accionamiento continuo)<\/td>\n<td data-sheets-value=\"{\">Autom\u00e1tico (accionamiento continuo)<\/td>\n<td data-sheets-value=\"{\">Autom\u00e1tico (accionamiento continuo)<\/td>\n<td data-sheets-value=\"{\">Autom\u00e1tico (accionamiento continuo)<\/td>\n<td data-sheets-value=\"{\">Autom\u00e1tico (accionamiento continuo)<\/td>\n<td data-sheets-value=\"{\">Autom\u00e1tico (accionamiento continuo)<\/td>\n<td data-sheets-value=\"{\">Autom\u00e1tico (accionamiento continuo)<\/td>\n<\/tr>\n<tr>\n<td data-sheets-value=\"{\">Operaci\u00f3n Focus<\/td>\n<td data-sheets-value=\"{\">Manual<\/td>\n<td data-sheets-value=\"{\">Manual<\/td>\n<td data-sheets-value=\"{\">Manual<\/td>\n<td data-sheets-value=\"{\">Manual<\/td>\n<td data-sheets-value=\"{\">Manual<\/td>\n<td data-sheets-value=\"{\">Manual<\/td>\n<td data-sheets-value=\"{\">Manual<\/td>\n<\/tr>\n<tr>\n<td data-sheets-value=\"{\">Funcionamiento del zoom<\/td>\n<td data-sheets-value=\"{\">Manual<\/td>\n<td data-sheets-value=\"{\">Manual<\/td>\n<td data-sheets-value=\"{\">Manual<\/td>\n<td data-sheets-value=\"{\">Manual<\/td>\n<td data-sheets-value=\"{\">Manual<\/td>\n<td data-sheets-value=\"{\">Manual<\/td>\n<td data-sheets-value=\"{\">Manual<\/td>\n<\/tr>\n<tr>\n<td data-sheets-value=\"{\">\u00c1ngulo de visi\u00f3n diagonal<\/td>\n<td data-sheets-value=\"{\">106,1~180\u00b0<\/td>\n<td data-sheets-value=\"{\">56,8~133,3\u00b0<\/td>\n<td data-sheets-value=\"{\">&#8211;<\/td>\n<td data-sheets-value=\"{\">&#8211;<\/td>\n<td data-sheets-value=\"{\">8,8~66,9\u00b0<\/td>\n<td data-sheets-value=\"{\">&#8211;<\/td>\n<td data-sheets-value=\"{\">4,2~64,7\u00b0<\/td>\n<\/tr>\n<tr>\n<td data-sheets-value=\"{\">\u00c1ngulo de visi\u00f3n horizontal<\/td>\n<td data-sheets-value=\"{\">84,3~180\u00b0<\/td>\n<td data-sheets-value=\"{\">45,6~107,6\u00b0<\/td>\n<td data-sheets-value=\"{\">24,1~97,4\u00b0<\/td>\n<td data-sheets-value=\"{\">36\u00b0~91\u00b0<\/td>\n<td data-sheets-value=\"{\">6,5~53,6\u00b0<\/td>\n<td data-sheets-value=\"{\">5,3~53,4\u00b0<\/td>\n<td data-sheets-value=\"{\">3,1~50,7\u00b0<\/td>\n<\/tr>\n<tr>\n<td data-sheets-value=\"{\">\u00c1ngulo de visi\u00f3n vertical<\/td>\n<td data-sheets-value=\"{\">55,8~114,1\u00b0<\/td>\n<td data-sheets-value=\"{\">34,2~80,9\u00b0<\/td>\n<td data-sheets-value=\"{\">18,1~72,5\u00b0<\/td>\n<td data-sheets-value=\"{\">27\u00b0~67\u00b0<\/td>\n<td data-sheets-value=\"{\">4,8~40,2\u00b0<\/td>\n<td data-sheets-value=\"{\">4,1~40,1\u00b0<\/td>\n<td data-sheets-value=\"{\">2,3~37,5\u00b0<\/td>\n<\/tr>\n<tr>\n<td data-sheets-value=\"{\">Distancia m\u00ednima del objeto<\/td>\n<td data-sheets-value=\"{\">0,2 m<\/td>\n<td data-sheets-value=\"{\">0,2 m<\/td>\n<td data-sheets-value=\"{\">0,3 m<\/td>\n<td data-sheets-value=\"{\">0,2 m<\/td>\n<td data-sheets-value=\"{\">Consulte a la f\u00e1brica<\/td>\n<td data-sheets-value=\"{\">0,5 m<\/td>\n<td data-sheets-value=\"{\">0,2 m<\/td>\n<\/tr>\n<tr>\n<td data-sheets-value=\"{\">Distancia focal trasera<\/td>\n<td data-sheets-value=\"{\">7,06~11,54 mm<\/td>\n<td data-sheets-value=\"{\">8,72~14,24 mm<\/td>\n<td data-sheets-value=\"{\">8,6 mm<\/td>\n<td data-sheets-value=\"{\">8,36 mm<\/td>\n<td data-sheets-value=\"{\">10~14,3 mm<\/td>\n<td data-sheets-value=\"{\">10,05 mm<\/td>\n<td data-sheets-value=\"{\">8,65~10,32 mm<\/td>\n<\/tr>\n<tr>\n<td data-sheets-value=\"{\">Tama\u00f1o del filtro (mm)<\/td>\n<td data-sheets-value=\"{\">N\/A<\/td>\n<td data-sheets-value=\"{\">N\/A<\/td>\n<td data-sheets-value=\"{\">N\/A<\/td>\n<td data-sheets-value=\"{\">N\/A<\/td>\n<td data-sheets-value=\"{\">40.5P0.5<\/td>\n<td data-sheets-value=\"{\">N\/A<\/td>\n<td data-sheets-value=\"{\">46P0.75<\/td>\n<\/tr>\n<tr>\n<td data-sheets-value=\"{\">Peso unitario<\/td>\n<td data-sheets-value=\"{\">0,11 kg (0,23 lb)<\/td>\n<td data-sheets-value=\"{\">0,09 kg (0,20 lb)<\/td>\n<td data-sheets-value=\"{\">0,08 kg (0,17 lb)<\/td>\n<td data-sheets-value=\"{\">0,04 kg (0,09 lb)<\/td>\n<td data-sheets-value=\"{\">0,14 kg (0,30 lb)<\/td>\n<td data-sheets-value=\"{\">0,11 kg (0,25 lb)<\/td>\n<td data-sheets-value=\"{\">0,20 kg (0,44 lb)<\/td>\n<\/tr>\n<tr>\n<td data-sheets-value=\"{\">Peso con embalaje<\/td>\n<td data-sheets-value=\"{\">0,45 kg (1 lb)<\/td>\n<td data-sheets-value=\"{\">0,45 kg (1 lb)<\/td>\n<td data-sheets-value=\"{\">0,45 kg (1 lb)<\/td>\n<td data-sheets-value=\"{\">0,45 kg (1 lb)<\/td>\n<td data-sheets-value=\"{\">0,45 kg (1 lb)<\/td>\n<td data-sheets-value=\"{\">0,45 kg (1 lb)<\/td>\n<td data-sheets-value=\"{\">0,45 kg (1 lb)<\/td>\n<\/tr>\n<\/tbody>\n<\/table>\n<h3>CERTIFICACIONES<\/h3>\n<ul>\n<li>CE, Clase B (todos los modelos)<\/li>\n<\/ul>\n\t\t<\/div>\n\t\t\t\t\t<\/div>\n\n\t\n<\/div>\n<\/div><\/div><\/div>\n","protected":false},"excerpt":{"rendered":"<p style=\"text-align: justify;\">Las lentes varifocales de 1\/3&#8243;. La serie 13VD de Pelco ofrece paquetes vers\u00e1tiles y flexibles en un solo objetivo. Cada objetivo con iris autom\u00e1tico de esta serie cubre una gama espec\u00edfica de distancias focales. Ajuste estas lentes para obtener el campo de visi\u00f3n exacto en lugar de casi la visi\u00f3n correcta.<\/p>\n","protected":false},"featured_media":10860,"comment_status":"closed","ping_status":"closed","template":"","meta":[],"product_brand":[],"product_cat":[242,178,179],"product_tag":[],"class_list":{"0":"post-19325","1":"product","2":"type-product","3":"status-publish","4":"has-post-thumbnail","6":"product_cat-acessorios-cftv","7":"product_cat-cctv","8":"product_cat-pelco-es","10":"first","11":"instock","12":"shipping-taxable","13":"product-type-simple"},"yoast_head":"<!-- This site is optimized with the Yoast SEO plugin v27.4 - https:\/\/yoast.com\/product\/yoast-seo-wordpress\/ -->\n<title>- Abix Tecnologia<\/title>\n<meta name=\"description\" content=\"LENTE VARIFOCAL PELCO SERIE 13VD - Las lentes varifocales de 1\/3 pulg. son las mejores del mundo. La serie 13VD de Pelco ofrece paquetes vers\u00e1tiles y flexibles en un solo objetivo.\" \/>\n<meta name=\"robots\" content=\"index, follow, max-snippet:-1, max-image-preview:large, max-video-preview:-1\" \/>\n<link rel=\"canonical\" href=\"https:\/\/abix.com.br\/es\/produto\/lente-varifocal-pelco-serie-13vd\/\" \/>\n<meta property=\"og:locale\" content=\"es_ES\" \/>\n<meta property=\"og:type\" content=\"article\" \/>\n<meta property=\"og:title\" content=\"- Abix Tecnologia\" \/>\n<meta property=\"og:description\" content=\"LENTE VARIFOCAL PELCO SERIE 13VD - Las lentes varifocales de 1\/3 pulg. son las mejores del mundo. La serie 13VD de Pelco ofrece paquetes vers\u00e1tiles y flexibles en un solo objetivo.\" \/>\n<meta property=\"og:url\" content=\"https:\/\/abix.com.br\/es\/produto\/lente-varifocal-pelco-serie-13vd\/\" \/>\n<meta property=\"og:site_name\" content=\"Abix\" \/>\n<meta property=\"article:modified_time\" content=\"2025-12-12T18:00:49+00:00\" \/>\n<meta name=\"twitter:card\" content=\"summary_large_image\" \/>\n<meta name=\"twitter:label1\" content=\"Tiempo de lectura\" \/>\n\t<meta name=\"twitter:data1\" content=\"3 minutos\" \/>\n<script type=\"application\/ld+json\" class=\"yoast-schema-graph\">{\"@context\":\"https:\\\/\\\/schema.org\",\"@graph\":[{\"@type\":\"WebPage\",\"@id\":\"https:\\\/\\\/abix.com.br\\\/es\\\/produto\\\/lente-varifocal-pelco-serie-13vd\\\/\",\"url\":\"https:\\\/\\\/abix.com.br\\\/es\\\/produto\\\/lente-varifocal-pelco-serie-13vd\\\/\",\"name\":\"- Abix Tecnologia\",\"isPartOf\":{\"@id\":\"https:\\\/\\\/abix.com.br\\\/#website\"},\"primaryImageOfPage\":{\"@id\":\"https:\\\/\\\/abix.com.br\\\/es\\\/produto\\\/lente-varifocal-pelco-serie-13vd\\\/#primaryimage\"},\"image\":{\"@id\":\"https:\\\/\\\/abix.com.br\\\/es\\\/produto\\\/lente-varifocal-pelco-serie-13vd\\\/#primaryimage\"},\"thumbnailUrl\":\"https:\\\/\\\/abix.com.br\\\/wp-content\\\/uploads\\\/2020\\\/06\\\/13VD5.jpg\",\"datePublished\":\"2020-06-17T11:10:46+00:00\",\"dateModified\":\"2025-12-12T18:00:49+00:00\",\"description\":\"LENTE VARIFOCAL PELCO SERIE 13VD - Las lentes varifocales de 1\\\/3 pulg. son las mejores del mundo. La serie 13VD de Pelco ofrece paquetes vers\u00e1tiles y flexibles en un solo objetivo.\",\"breadcrumb\":{\"@id\":\"https:\\\/\\\/abix.com.br\\\/es\\\/produto\\\/lente-varifocal-pelco-serie-13vd\\\/#breadcrumb\"},\"inLanguage\":\"es\",\"potentialAction\":[{\"@type\":\"ReadAction\",\"target\":[\"https:\\\/\\\/abix.com.br\\\/es\\\/produto\\\/lente-varifocal-pelco-serie-13vd\\\/\"]}]},{\"@type\":\"ImageObject\",\"inLanguage\":\"es\",\"@id\":\"https:\\\/\\\/abix.com.br\\\/es\\\/produto\\\/lente-varifocal-pelco-serie-13vd\\\/#primaryimage\",\"url\":\"https:\\\/\\\/abix.com.br\\\/wp-content\\\/uploads\\\/2020\\\/06\\\/13VD5.jpg\",\"contentUrl\":\"https:\\\/\\\/abix.com.br\\\/wp-content\\\/uploads\\\/2020\\\/06\\\/13VD5.jpg\",\"width\":701,\"height\":701,\"caption\":\"LENTE VARIFOCAL PELCO\"},{\"@type\":\"BreadcrumbList\",\"@id\":\"https:\\\/\\\/abix.com.br\\\/es\\\/produto\\\/lente-varifocal-pelco-serie-13vd\\\/#breadcrumb\",\"itemListElement\":[{\"@type\":\"ListItem\",\"position\":1,\"name\":\"In\u00edcio\",\"item\":\"https:\\\/\\\/abix.com.br\\\/es\\\/\"},{\"@type\":\"ListItem\",\"position\":2,\"name\":\"Tienda\",\"item\":\"https:\\\/\\\/abix.com.br\\\/loja\\\/\"},{\"@type\":\"ListItem\",\"position\":3,\"name\":\"LENTE VARIFOCAL PELCO SERIE 13VD\"}]},{\"@type\":\"WebSite\",\"@id\":\"https:\\\/\\\/abix.com.br\\\/#website\",\"url\":\"https:\\\/\\\/abix.com.br\\\/\",\"name\":\"Abix\",\"description\":\"\",\"potentialAction\":[{\"@type\":\"SearchAction\",\"target\":{\"@type\":\"EntryPoint\",\"urlTemplate\":\"https:\\\/\\\/abix.com.br\\\/?s={search_term_string}\"},\"query-input\":{\"@type\":\"PropertyValueSpecification\",\"valueRequired\":true,\"valueName\":\"search_term_string\"}}],\"inLanguage\":\"es\"}]}<\/script>\n<!-- \/ Yoast SEO plugin. -->","yoast_head_json":{"title":"- Abix Tecnologia","description":"LENTE VARIFOCAL PELCO SERIE 13VD - Las lentes varifocales de 1\/3 pulg. son las mejores del mundo. La serie 13VD de Pelco ofrece paquetes vers\u00e1tiles y flexibles en un solo objetivo.","robots":{"index":"index","follow":"follow","max-snippet":"max-snippet:-1","max-image-preview":"max-image-preview:large","max-video-preview":"max-video-preview:-1"},"canonical":"https:\/\/abix.com.br\/es\/produto\/lente-varifocal-pelco-serie-13vd\/","og_locale":"es_ES","og_type":"article","og_title":"- Abix Tecnologia","og_description":"LENTE VARIFOCAL PELCO SERIE 13VD - Las lentes varifocales de 1\/3 pulg. son las mejores del mundo. La serie 13VD de Pelco ofrece paquetes vers\u00e1tiles y flexibles en un solo objetivo.","og_url":"https:\/\/abix.com.br\/es\/produto\/lente-varifocal-pelco-serie-13vd\/","og_site_name":"Abix","article_modified_time":"2025-12-12T18:00:49+00:00","twitter_card":"summary_large_image","twitter_misc":{"Tiempo de lectura":"3 minutos"},"schema":{"@context":"https:\/\/schema.org","@graph":[{"@type":"WebPage","@id":"https:\/\/abix.com.br\/es\/produto\/lente-varifocal-pelco-serie-13vd\/","url":"https:\/\/abix.com.br\/es\/produto\/lente-varifocal-pelco-serie-13vd\/","name":"- Abix Tecnologia","isPartOf":{"@id":"https:\/\/abix.com.br\/#website"},"primaryImageOfPage":{"@id":"https:\/\/abix.com.br\/es\/produto\/lente-varifocal-pelco-serie-13vd\/#primaryimage"},"image":{"@id":"https:\/\/abix.com.br\/es\/produto\/lente-varifocal-pelco-serie-13vd\/#primaryimage"},"thumbnailUrl":"https:\/\/abix.com.br\/wp-content\/uploads\/2020\/06\/13VD5.jpg","datePublished":"2020-06-17T11:10:46+00:00","dateModified":"2025-12-12T18:00:49+00:00","description":"LENTE VARIFOCAL PELCO SERIE 13VD - Las lentes varifocales de 1\/3 pulg. son las mejores del mundo. La serie 13VD de Pelco ofrece paquetes vers\u00e1tiles y flexibles en un solo objetivo.","breadcrumb":{"@id":"https:\/\/abix.com.br\/es\/produto\/lente-varifocal-pelco-serie-13vd\/#breadcrumb"},"inLanguage":"es","potentialAction":[{"@type":"ReadAction","target":["https:\/\/abix.com.br\/es\/produto\/lente-varifocal-pelco-serie-13vd\/"]}]},{"@type":"ImageObject","inLanguage":"es","@id":"https:\/\/abix.com.br\/es\/produto\/lente-varifocal-pelco-serie-13vd\/#primaryimage","url":"https:\/\/abix.com.br\/wp-content\/uploads\/2020\/06\/13VD5.jpg","contentUrl":"https:\/\/abix.com.br\/wp-content\/uploads\/2020\/06\/13VD5.jpg","width":701,"height":701,"caption":"LENTE VARIFOCAL PELCO"},{"@type":"BreadcrumbList","@id":"https:\/\/abix.com.br\/es\/produto\/lente-varifocal-pelco-serie-13vd\/#breadcrumb","itemListElement":[{"@type":"ListItem","position":1,"name":"In\u00edcio","item":"https:\/\/abix.com.br\/es\/"},{"@type":"ListItem","position":2,"name":"Tienda","item":"https:\/\/abix.com.br\/loja\/"},{"@type":"ListItem","position":3,"name":"LENTE VARIFOCAL PELCO SERIE 13VD"}]},{"@type":"WebSite","@id":"https:\/\/abix.com.br\/#website","url":"https:\/\/abix.com.br\/","name":"Abix","description":"","potentialAction":[{"@type":"SearchAction","target":{"@type":"EntryPoint","urlTemplate":"https:\/\/abix.com.br\/?s={search_term_string}"},"query-input":{"@type":"PropertyValueSpecification","valueRequired":true,"valueName":"search_term_string"}}],"inLanguage":"es"}]}},"_links":{"self":[{"href":"https:\/\/abix.com.br\/es\/wp-json\/wp\/v2\/product\/19325","targetHints":{"allow":["GET"]}}],"collection":[{"href":"https:\/\/abix.com.br\/es\/wp-json\/wp\/v2\/product"}],"about":[{"href":"https:\/\/abix.com.br\/es\/wp-json\/wp\/v2\/types\/product"}],"replies":[{"embeddable":true,"href":"https:\/\/abix.com.br\/es\/wp-json\/wp\/v2\/comments?post=19325"}],"wp:featuredmedia":[{"embeddable":true,"href":"https:\/\/abix.com.br\/es\/wp-json\/wp\/v2\/media\/10860"}],"wp:attachment":[{"href":"https:\/\/abix.com.br\/es\/wp-json\/wp\/v2\/media?parent=19325"}],"wp:term":[{"taxonomy":"product_brand","embeddable":true,"href":"https:\/\/abix.com.br\/es\/wp-json\/wp\/v2\/product_brand?post=19325"},{"taxonomy":"product_cat","embeddable":true,"href":"https:\/\/abix.com.br\/es\/wp-json\/wp\/v2\/product_cat?post=19325"},{"taxonomy":"product_tag","embeddable":true,"href":"https:\/\/abix.com.br\/es\/wp-json\/wp\/v2\/product_tag?post=19325"}],"curies":[{"name":"wp","href":"https:\/\/api.w.org\/{rel}","templated":true}]}}