{"id":19326,"date":"2020-06-16T09:35:07","date_gmt":"2020-06-16T12:35:07","guid":{"rendered":"https:\/\/abix.com.br\/produto\/pelco-cc3751h-2-camara-digital-en-color-con-poca-luz\/"},"modified":"2023-10-19T15:08:02","modified_gmt":"2023-10-19T18:08:02","slug":"pelco-cc3751h-2-camara-digital-en-color-con-poca-luz","status":"publish","type":"product","link":"https:\/\/abix.com.br\/es\/produto\/pelco-cc3751h-2-camara-digital-en-color-con-poca-luz\/","title":{"rendered":"PELCO CC3751H-2 C\u00c1MARA DIGITAL EN COLOR CON POCA LUZ"},"content":{"rendered":"\n\t<section class=\"section\" id=\"section_644907645\">\n\t\t<div class=\"section-bg fill\" >\n\t\t\t\t\t\t\t\t\t\n\t\t\t\n\n\t\t<\/div>\n\n\t\t\n\n\t\t<div class=\"section-content relative\">\n\t\t\t\n<div class=\"row\"  id=\"row-2142328874\">\n\n\t<div id=\"col-2009567\" class=\"col small-12 large-12\"  >\n\t\t\t\t<div class=\"col-inner\"  >\n\t\t\t\n\t\t\t\n<div class=\"row\"  id=\"row-1184171040\">\n\n\t<div id=\"col-200841352\" class=\"col small-12 large-12\"  >\n\t\t\t\t<div class=\"col-inner\"  >\n\t\t\t\n\t\t\t\n\n\t\t<div class=\"tabbed-content locacao-tabs\">\n\t\t\t\n\t\t\t<ul class=\"nav nav-tabs nav-normal nav-size-xlarge nav-left active-on-hover\" role=\"tablist\"><li id=\"tab-informaci\u00d3n\" class=\"tab active has-icon\" role=\"presentation\"><a href=\"#tab_informaci\u00d3n\" role=\"tab\" aria-selected=\"true\" aria-controls=\"tab_informaci\u00d3n\"><span>INFORMACI\u00d3N<\/span><\/a><\/li>\n<li id=\"tab-accesorios\" class=\"tab has-icon\" role=\"presentation\"><a href=\"#tab_accesorios\" tabindex=\"-1\" role=\"tab\" aria-selected=\"false\" aria-controls=\"tab_accesorios\"><span>ACCESORIOS<\/span><\/a><\/li>\n<li id=\"tab-descargas\" class=\"tab has-icon\" role=\"presentation\"><a href=\"#tab_descargas\" tabindex=\"-1\" role=\"tab\" aria-selected=\"false\" aria-controls=\"tab_descargas\"><span>DESCARGAS<\/span><\/a><\/li>\n<li id=\"tab-especificaciones\" class=\"tab has-icon\" role=\"presentation\"><a href=\"#tab_especificaciones\" tabindex=\"-1\" role=\"tab\" aria-selected=\"false\" aria-controls=\"tab_especificaciones\"><span>ESPECIFICACIONES<\/span><\/a><\/li><\/ul><div class=\"tab-panels\"><div id=\"tab_informaci\u00d3n\" class=\"panel active entry-content\" role=\"tabpanel\" aria-labelledby=\"tab-informaci\u00d3n\">\n<div class=\"row\"  id=\"row-1839623532\">\n\n\t<div id=\"col-408138571\" class=\"col medium-6 small-12 large-6\"  >\n\t\t\t\t<div class=\"col-inner\"  >\n\t\t\t\n\t\t\t\n<p>Las c\u00e1maras tambi\u00e9n disponen de un conector de accionamiento continuo\/iris de objetivo autom\u00e1tico y enfoque posterior ajustable para objetivos C\/CS. El ajuste del enfoque trasero es sencillo mediante el dial giratorio situado en la parte inferior o superior de la c\u00e1mara.<\/p>\n<p>M\u00e1s peque\u00f1as que la mayor\u00eda de las c\u00e1maras CCD completas, las CC3751H-2 y CC3651H-2X son ideales para su uso con una de las carcasas peque\u00f1as de Pelco (EH100, EH3500, EH2500, EH2020 y EH2100). Pelco dispone de una amplia selecci\u00f3n de lentes fijas y varifocales para c\u00e1maras que se adaptan a sus requisitos de instalaci\u00f3n.<\/p>\n<p>Las CC3751H-2 y CC3651H-2X son r\u00e1pidas y f\u00e1ciles de instalar e ideales para su uso en espacios reducidos. Las c\u00e1maras tienen un conector de alimentaci\u00f3n r\u00e1pida, un conector de v\u00eddeo BNC y un soporte adaptador extra\u00edble para montaje superior o inferior.<\/p>\n<p>Entre los accesorios se incluye el PCM100, un soporte de c\u00e1mara Pelco dise\u00f1ado espec\u00edficamente para la CC3751H-2 y la CC3651H-2X. Este soporte ajustable no tiene cables ni accesorios expuestos. Todos los cables est\u00e1n integrados en la unidad, lo que facilita y agiliza la instalaci\u00f3n. El PCM100 se puede instalar directamente en una pared, techo o se puede adaptar a una caja el\u00e9ctrica est\u00e1ndar de 2 x 4\u2033 (5,08 x 10,16 cm).<\/p>\n\t\t<\/div>\n\t\t\t\t\t<\/div>\n\n\t\n\n\t<div id=\"col-1294308953\" class=\"col medium-6 small-12 large-6\"  >\n\t\t\t\t<div class=\"col-inner text-left\"  >\n\t\t\t\n\t\t\t\n\t\t<\/div>\n\t\t\t\t\t<\/div>\n\n\t\n<\/div>\n<\/div>\n<div id=\"tab_accesorios\" class=\"panel entry-content\" role=\"tabpanel\" aria-labelledby=\"tab-accesorios\">\n<div class=\"row align-middle\"  id=\"row-1047736099\">\n\n\t<div id=\"col-940988715\" class=\"col medium-10 small-12 large-10\"  >\n\t\t\t\t<div class=\"col-inner\"  >\n\t\t\t\n\t\t\t\n<p>CONTENIDO<\/p>\n\t\t<\/div>\n\t\t\t\t\t<\/div>\n\n\t\n\n\t<div id=\"col-1864178990\" class=\"col medium-2 small-12 large-2\"  >\n\t\t\t\t<div class=\"col-inner\"  >\n\t\t\t\n\t\t\t\n\t\t<\/div>\n\t\t\t\t\t<\/div>\n\n\t\n<\/div>\n<\/div>\n<div id=\"tab_descargas\" class=\"panel entry-content\" role=\"tabpanel\" aria-labelledby=\"tab-descargas\">\n<div class=\"row\"  id=\"row-1189304414\">\n\n\t<div id=\"col-1461371243\" class=\"col medium-10 small-12 large-10\"  >\n\t\t\t\t<div class=\"col-inner\"  >\n\t\t\t\n\t\t\t\n<p><a href=\"https:\/\/www.abix.com.br\/wp-content\/uploads\/Ficha-CC36751H-2.pdf\">CC36751H-2 ficha t\u00e9cnica<\/a><\/p>\n\t\t<\/div>\n\t\t\t\t\t<\/div>\n\n\t\n<\/div>\n<\/div>\n<div id=\"tab_especificaciones\" class=\"panel entry-content\" role=\"tabpanel\" aria-labelledby=\"tab-especificaciones\">\n<div class=\"row\"  id=\"row-132517921\">\n\n\t<div id=\"col-906167312\" class=\"col medium-9 small-12 large-9\"  >\n\t\t\t\t<div class=\"col-inner\"  >\n\t\t\t\n\t\t\t\n<h3>ESPECIFICACIONES GENERALES<\/h3>\n<ul>\n<li><strong>Dispositivo de imagen<\/strong><\/li>\n<\/ul>\n<p>CCD de transferencia interlineal de 1\/3<\/p>\n<ul>\n<li><strong>Elementos de imagen<\/strong><\/li>\n<\/ul>\n<p>CC3751H-2 768 (Al) x 494 (V)<\/p>\n<p>CC3651H-2X 795 (H) x 696 (V)<\/p>\n<ul>\n<li><strong>\u00c1rea de sensibilidad<\/strong><\/li>\n<\/ul>\n<p>CC3751H-2 6 mm diagonal<\/p>\n<p>CC3651H-2X 6,3 mm (H) x 4,7 mm (V)<\/p>\n<ul>\n<li><strong>Sistema de escaneado<\/strong><\/li>\n<\/ul>\n<p>CC3751H-2 525 l\u00edneas, entrelazado 2:1<\/p>\n<p>CC3651H-2X 625 l\u00edneas, entrelazado 2:1<\/p>\n<ul>\n<li><strong>Sistema de sincronizaci\u00f3n<\/strong><\/li>\n<\/ul>\n<p>Bloqueo de l\u00ednea CA\/interna<\/p>\n<ul>\n<li><strong>Resoluci\u00f3n horizontal<\/strong><\/li>\n<\/ul>\n<p>480 l\u00edneas de TV<\/p>\n<ul>\n<li><strong>Control del iris<\/strong><\/li>\n<\/ul>\n<p>Electr\u00f3nica\/pasiva<\/p>\n<ul>\n<li><strong>Iluminaci\u00f3n m\u00ednima<\/strong><\/li>\n<\/ul>\n<p>0,01 lux, f1,2, 40 IRE, AGC activado, 75% de reflectancia<\/p>\n<ul>\n<li><strong>Relaci\u00f3n se\u00f1al\/ruido<\/strong><\/li>\n<\/ul>\n<p>50 dB<\/p>\n<ul>\n<li><strong>Control de ganancia<\/strong><\/li>\n<\/ul>\n<p>Autom\u00e1tico<\/p>\n<ul>\n<li><strong>Fase vertical<\/strong><\/li>\n<\/ul>\n<p>Ajustable 0\u00b0 \u00b1170<\/p>\n<ul>\n<li><strong>Compensaci\u00f3n de contraluz<\/strong><\/li>\n<\/ul>\n<p>Seleccionable mediante el interruptor DIP<\/p>\n<ul>\n<li><strong>Tratamiento de se\u00f1ales<\/strong><\/li>\n<\/ul>\n<p>DSP<\/p>\n<ul>\n<li><strong>Tipo de lente de iris autom\u00e1tico<\/strong><\/li>\n<\/ul>\n<p>Control de v\u00eddeo\/CC<\/p>\n<ul>\n<li><strong>Salida de v\u00eddeo<\/strong><\/li>\n<\/ul>\n<p>1 Vp-p, 75 ohmios<\/p>\n<ul>\n<li><strong>Obturador electr\u00f3nico<\/strong><\/li>\n<\/ul>\n<p>De 1\/60 a 1\/100.000 segundos<\/p>\n<h3>ESPECIFICACIONES EL\u00c9CTRICAS<\/h3>\n<ul>\n<li><strong>Requisitos de resistencia<\/strong><\/li>\n<\/ul>\n<p>18 a 30 VCA o 10 a 36 VCC<\/p>\n<ul>\n<li><strong>Consumo de energ\u00eda<\/strong><\/li>\n<\/ul>\n<p>Menos de 3,3 W<\/p>\n<ul>\n<li><strong>Conector de alimentaci\u00f3n<\/strong><\/li>\n<\/ul>\n<p>Regleta de bornes met\u00e1lica de 2 polos, tipo pulsador<\/p>\n<ul>\n<li><strong>Conector de v\u00eddeo<\/strong><\/li>\n<\/ul>\n<p>BNC<\/p>\n<ul>\n<li><strong>Conector de la lente<\/strong><\/li>\n<\/ul>\n<p>Conector de 4 clavijas (cuadrado miniatura con cierre de rosca)<\/p>\n<h3>ESPECIFICACIONES MEDIOAMBIENTALES<\/h3>\n<ul>\n<li><strong>Temperatura de funcionamiento<\/strong><\/li>\n<\/ul>\n<p>14 a 122\u00b0F (-10 a 50\u00b0C)<\/p>\n<ul>\n<li><strong>Temperatura de almacenamiento<\/strong><\/li>\n<\/ul>\n<p>14 a 158\u00b0F (-10 a 70\u00b0C)<\/p>\n<h3>ESPECIFICACIONES F\u00cdSICAS<\/h3>\n<ul>\n<li><strong>Peso (sin objetivo)<\/strong><\/li>\n<\/ul>\n<p>0,35 kg (0,77 lb)<\/p>\n<h3>CERTIFICACIONES\/PATENTES<\/h3>\n<ul>\n<li>CE, clase B (CC3751H-2)\/clase A (CC3651H-2X)<\/li>\n<li>Certificaci\u00f3n UL<\/li>\n<li>Certificaci\u00f3n UL conforme a las normas de seguridad canadienses<\/li>\n<li>Cumple los requisitos de Argentina en virtud de la Res. 92\/98<\/li>\n<li>FCC, clase B<\/li>\n<li>Patente estadounidense D460.773<\/li>\n<\/ul>\n\t\t<\/div>\n\t\t\t\t\t<\/div>\n\n\t\n<\/div>\n<\/div><\/div><\/div>\n\t\t<\/div>\n\t\t\t\t\t<\/div>\n\n\t\n<\/div>\n\t\t<\/div>\n\t\t\t\t\t<\/div>\n\n\t\n<\/div>\n\t\t<\/div>\n\n\t\t\n<style>\n#section_644907645 {\n  padding-top: 0px;\n  padding-bottom: 0px;\n}\n<\/style>\n\t<\/section>\n\t\n","protected":false},"excerpt":{"rendered":"<p style=\"text-align: justify;\">Dise\u00f1adas y fabricadas en EE.UU., las c\u00e1maras en color CC3751H-2 y CC3651H-2X disponen de ajustes ampliados de obturador lento digital (DSS) para aumentar el rendimiento de la c\u00e1mara con poca luz. Los ajustes DSS reducen la velocidad de fotogramas de la imagen y aumentan la sensibilidad de la c\u00e1mara en condiciones de poca luz. La sensibilidad a la luz aumenta a medida que aumenta el n\u00famero de campos de integraci\u00f3n. Las c\u00e1maras tienen cuatro ajustes DSS:<\/p>\n<ul>\n<li style=\"text-align: justify;\">Apagado para desactivar el modo DSS<\/li>\n<li style=\"text-align: justify;\">Cuatro campos de integraci\u00f3n m\u00e1xima (frecuencia de refresco<br \/>\nde 1\/15 de segundo)<\/li>\n<li style=\"text-align: justify;\">Quince campos de integraci\u00f3n m\u00e1xima (frecuencia de actualizaci\u00f3n<br \/>\n1\/4 de segundo)<\/li>\n<li style=\"text-align: justify;\">Treinta campos de integraci\u00f3n m\u00e1xima (frecuencia de refresco<br \/>\nde 1\/2 segundo)<\/li>\n<\/ul>\n","protected":false},"featured_media":10853,"comment_status":"closed","ping_status":"closed","template":"","meta":[],"product_brand":[],"product_cat":[178,179],"product_tag":[],"class_list":{"0":"post-19326","1":"product","2":"type-product","3":"status-publish","4":"has-post-thumbnail","6":"product_cat-cctv","7":"product_cat-pelco-es","9":"first","10":"instock","11":"shipping-taxable","12":"product-type-simple"},"yoast_head":"<!-- This site is optimized with the Yoast SEO plugin v27.4 - https:\/\/yoast.com\/product\/yoast-seo-wordpress\/ -->\n<title>PELCO CC3751H-2 C\u00c1MARA DIGITAL EN COLOR CON POCA LUZ - Abix<\/title>\n<meta name=\"description\" content=\"C\u00c1MARA DIGITAL EN COLOR PELCO CC3751H-2 LOW LIGHT - las c\u00e1maras en color CC3751H-2 y CC3651H-2X disponen de ajustes ampliados del obturador digital\" \/>\n<meta name=\"robots\" content=\"index, follow, max-snippet:-1, max-image-preview:large, max-video-preview:-1\" \/>\n<link rel=\"canonical\" href=\"https:\/\/abix.com.br\/produto\/camera-digital-colorida-pelco-cc3770h-day-night\/\" \/>\n<meta property=\"og:locale\" content=\"es_ES\" \/>\n<meta property=\"og:type\" content=\"article\" \/>\n<meta property=\"og:title\" content=\"PELCO CC3751H-2 C\u00c1MARA DIGITAL EN COLOR CON POCA LUZ - Abix\" \/>\n<meta property=\"og:description\" content=\"C\u00c1MARA DIGITAL EN COLOR PELCO CC3751H-2 LOW LIGHT - las c\u00e1maras en color CC3751H-2 y CC3651H-2X disponen de ajustes ampliados del obturador digital\" \/>\n<meta property=\"og:url\" content=\"https:\/\/abix.com.br\/produto\/camera-digital-colorida-pelco-cc3770h-day-night\/\" \/>\n<meta property=\"og:site_name\" content=\"Abix\" \/>\n<meta property=\"article:modified_time\" content=\"2023-10-19T18:08:02+00:00\" \/>\n<meta property=\"og:image\" content=\"https:\/\/abix.com.br\/wp-content\/uploads\/2020\/06\/PELCO-CC3701H2.jpg\" \/>\n\t<meta property=\"og:image:width\" content=\"500\" \/>\n\t<meta property=\"og:image:height\" content=\"500\" \/>\n\t<meta property=\"og:image:type\" content=\"image\/jpeg\" \/>\n<meta name=\"twitter:card\" content=\"summary_large_image\" \/>\n<meta name=\"twitter:label1\" content=\"Tiempo de lectura\" \/>\n\t<meta name=\"twitter:data1\" content=\"3 minutos\" \/>\n<script type=\"application\/ld+json\" class=\"yoast-schema-graph\">{\"@context\":\"https:\\\/\\\/schema.org\",\"@graph\":[{\"@type\":\"WebPage\",\"@id\":\"https:\\\/\\\/abix.com.br\\\/produto\\\/camera-digital-colorida-pelco-cc3770h-day-night\\\/\",\"url\":\"https:\\\/\\\/abix.com.br\\\/produto\\\/camera-digital-colorida-pelco-cc3770h-day-night\\\/\",\"name\":\"PELCO CC3751H-2 C\u00c1MARA DIGITAL EN COLOR CON POCA LUZ - Abix\",\"isPartOf\":{\"@id\":\"https:\\\/\\\/abix.com.br\\\/#website\"},\"primaryImageOfPage\":{\"@id\":\"https:\\\/\\\/abix.com.br\\\/produto\\\/camera-digital-colorida-pelco-cc3770h-day-night\\\/#primaryimage\"},\"image\":{\"@id\":\"https:\\\/\\\/abix.com.br\\\/produto\\\/camera-digital-colorida-pelco-cc3770h-day-night\\\/#primaryimage\"},\"thumbnailUrl\":\"https:\\\/\\\/abix.com.br\\\/wp-content\\\/uploads\\\/2020\\\/06\\\/PELCO-CC3701H2.jpg\",\"datePublished\":\"2020-06-16T12:35:07+00:00\",\"dateModified\":\"2023-10-19T18:08:02+00:00\",\"description\":\"C\u00c1MARA DIGITAL EN COLOR PELCO CC3751H-2 LOW LIGHT - las c\u00e1maras en color CC3751H-2 y CC3651H-2X disponen de ajustes ampliados del obturador digital\",\"breadcrumb\":{\"@id\":\"https:\\\/\\\/abix.com.br\\\/produto\\\/camera-digital-colorida-pelco-cc3770h-day-night\\\/#breadcrumb\"},\"inLanguage\":\"es\",\"potentialAction\":[{\"@type\":\"ReadAction\",\"target\":[\"https:\\\/\\\/abix.com.br\\\/produto\\\/camera-digital-colorida-pelco-cc3770h-day-night\\\/\"]}]},{\"@type\":\"ImageObject\",\"inLanguage\":\"es\",\"@id\":\"https:\\\/\\\/abix.com.br\\\/produto\\\/camera-digital-colorida-pelco-cc3770h-day-night\\\/#primaryimage\",\"url\":\"https:\\\/\\\/abix.com.br\\\/wp-content\\\/uploads\\\/2020\\\/06\\\/PELCO-CC3701H2.jpg\",\"contentUrl\":\"https:\\\/\\\/abix.com.br\\\/wp-content\\\/uploads\\\/2020\\\/06\\\/PELCO-CC3701H2.jpg\",\"width\":500,\"height\":500,\"caption\":\"C\u00c2MERA DIGITAL COLORIDA PELCO\"},{\"@type\":\"BreadcrumbList\",\"@id\":\"https:\\\/\\\/abix.com.br\\\/produto\\\/camera-digital-colorida-pelco-cc3770h-day-night\\\/#breadcrumb\",\"itemListElement\":[{\"@type\":\"ListItem\",\"position\":1,\"name\":\"In\u00edcio\",\"item\":\"https:\\\/\\\/abix.com.br\\\/es\\\/\"},{\"@type\":\"ListItem\",\"position\":2,\"name\":\"Tienda\",\"item\":\"https:\\\/\\\/abix.com.br\\\/loja\\\/\"},{\"@type\":\"ListItem\",\"position\":3,\"name\":\"PELCO CC3751H-2 C\u00c1MARA DIGITAL EN COLOR CON POCA LUZ\"}]},{\"@type\":\"WebSite\",\"@id\":\"https:\\\/\\\/abix.com.br\\\/#website\",\"url\":\"https:\\\/\\\/abix.com.br\\\/\",\"name\":\"Abix\",\"description\":\"\",\"potentialAction\":[{\"@type\":\"SearchAction\",\"target\":{\"@type\":\"EntryPoint\",\"urlTemplate\":\"https:\\\/\\\/abix.com.br\\\/?s={search_term_string}\"},\"query-input\":{\"@type\":\"PropertyValueSpecification\",\"valueRequired\":true,\"valueName\":\"search_term_string\"}}],\"inLanguage\":\"es\"}]}<\/script>\n<!-- \/ Yoast SEO plugin. -->","yoast_head_json":{"title":"PELCO CC3751H-2 C\u00c1MARA DIGITAL EN COLOR CON POCA LUZ - Abix","description":"C\u00c1MARA DIGITAL EN COLOR PELCO CC3751H-2 LOW LIGHT - las c\u00e1maras en color CC3751H-2 y CC3651H-2X disponen de ajustes ampliados del obturador digital","robots":{"index":"index","follow":"follow","max-snippet":"max-snippet:-1","max-image-preview":"max-image-preview:large","max-video-preview":"max-video-preview:-1"},"canonical":"https:\/\/abix.com.br\/produto\/camera-digital-colorida-pelco-cc3770h-day-night\/","og_locale":"es_ES","og_type":"article","og_title":"PELCO CC3751H-2 C\u00c1MARA DIGITAL EN COLOR CON POCA LUZ - Abix","og_description":"C\u00c1MARA DIGITAL EN COLOR PELCO CC3751H-2 LOW LIGHT - las c\u00e1maras en color CC3751H-2 y CC3651H-2X disponen de ajustes ampliados del obturador digital","og_url":"https:\/\/abix.com.br\/produto\/camera-digital-colorida-pelco-cc3770h-day-night\/","og_site_name":"Abix","article_modified_time":"2023-10-19T18:08:02+00:00","og_image":[{"width":500,"height":500,"url":"https:\/\/abix.com.br\/wp-content\/uploads\/2020\/06\/PELCO-CC3701H2.jpg","type":"image\/jpeg"}],"twitter_card":"summary_large_image","twitter_misc":{"Tiempo de lectura":"3 minutos"},"schema":{"@context":"https:\/\/schema.org","@graph":[{"@type":"WebPage","@id":"https:\/\/abix.com.br\/produto\/camera-digital-colorida-pelco-cc3770h-day-night\/","url":"https:\/\/abix.com.br\/produto\/camera-digital-colorida-pelco-cc3770h-day-night\/","name":"PELCO CC3751H-2 C\u00c1MARA DIGITAL EN COLOR CON POCA LUZ - Abix","isPartOf":{"@id":"https:\/\/abix.com.br\/#website"},"primaryImageOfPage":{"@id":"https:\/\/abix.com.br\/produto\/camera-digital-colorida-pelco-cc3770h-day-night\/#primaryimage"},"image":{"@id":"https:\/\/abix.com.br\/produto\/camera-digital-colorida-pelco-cc3770h-day-night\/#primaryimage"},"thumbnailUrl":"https:\/\/abix.com.br\/wp-content\/uploads\/2020\/06\/PELCO-CC3701H2.jpg","datePublished":"2020-06-16T12:35:07+00:00","dateModified":"2023-10-19T18:08:02+00:00","description":"C\u00c1MARA DIGITAL EN COLOR PELCO CC3751H-2 LOW LIGHT - las c\u00e1maras en color CC3751H-2 y CC3651H-2X disponen de ajustes ampliados del obturador digital","breadcrumb":{"@id":"https:\/\/abix.com.br\/produto\/camera-digital-colorida-pelco-cc3770h-day-night\/#breadcrumb"},"inLanguage":"es","potentialAction":[{"@type":"ReadAction","target":["https:\/\/abix.com.br\/produto\/camera-digital-colorida-pelco-cc3770h-day-night\/"]}]},{"@type":"ImageObject","inLanguage":"es","@id":"https:\/\/abix.com.br\/produto\/camera-digital-colorida-pelco-cc3770h-day-night\/#primaryimage","url":"https:\/\/abix.com.br\/wp-content\/uploads\/2020\/06\/PELCO-CC3701H2.jpg","contentUrl":"https:\/\/abix.com.br\/wp-content\/uploads\/2020\/06\/PELCO-CC3701H2.jpg","width":500,"height":500,"caption":"C\u00c2MERA DIGITAL COLORIDA PELCO"},{"@type":"BreadcrumbList","@id":"https:\/\/abix.com.br\/produto\/camera-digital-colorida-pelco-cc3770h-day-night\/#breadcrumb","itemListElement":[{"@type":"ListItem","position":1,"name":"In\u00edcio","item":"https:\/\/abix.com.br\/es\/"},{"@type":"ListItem","position":2,"name":"Tienda","item":"https:\/\/abix.com.br\/loja\/"},{"@type":"ListItem","position":3,"name":"PELCO CC3751H-2 C\u00c1MARA DIGITAL EN COLOR CON POCA LUZ"}]},{"@type":"WebSite","@id":"https:\/\/abix.com.br\/#website","url":"https:\/\/abix.com.br\/","name":"Abix","description":"","potentialAction":[{"@type":"SearchAction","target":{"@type":"EntryPoint","urlTemplate":"https:\/\/abix.com.br\/?s={search_term_string}"},"query-input":{"@type":"PropertyValueSpecification","valueRequired":true,"valueName":"search_term_string"}}],"inLanguage":"es"}]}},"_links":{"self":[{"href":"https:\/\/abix.com.br\/es\/wp-json\/wp\/v2\/product\/19326","targetHints":{"allow":["GET"]}}],"collection":[{"href":"https:\/\/abix.com.br\/es\/wp-json\/wp\/v2\/product"}],"about":[{"href":"https:\/\/abix.com.br\/es\/wp-json\/wp\/v2\/types\/product"}],"replies":[{"embeddable":true,"href":"https:\/\/abix.com.br\/es\/wp-json\/wp\/v2\/comments?post=19326"}],"wp:featuredmedia":[{"embeddable":true,"href":"https:\/\/abix.com.br\/es\/wp-json\/wp\/v2\/media\/10853"}],"wp:attachment":[{"href":"https:\/\/abix.com.br\/es\/wp-json\/wp\/v2\/media?parent=19326"}],"wp:term":[{"taxonomy":"product_brand","embeddable":true,"href":"https:\/\/abix.com.br\/es\/wp-json\/wp\/v2\/product_brand?post=19326"},{"taxonomy":"product_cat","embeddable":true,"href":"https:\/\/abix.com.br\/es\/wp-json\/wp\/v2\/product_cat?post=19326"},{"taxonomy":"product_tag","embeddable":true,"href":"https:\/\/abix.com.br\/es\/wp-json\/wp\/v2\/product_tag?post=19326"}],"curies":[{"name":"wp","href":"https:\/\/api.w.org\/{rel}","templated":true}]}}