{"id":19327,"date":"2020-06-15T18:56:45","date_gmt":"2020-06-15T21:56:45","guid":{"rendered":"https:\/\/abix.com.br\/produto\/camara-digital-en-color-pelco-cc3701h-2\/"},"modified":"2023-10-19T15:08:19","modified_gmt":"2023-10-19T18:08:19","slug":"camara-digital-en-color-pelco-cc3701h-2","status":"publish","type":"product","link":"https:\/\/abix.com.br\/es\/produto\/camara-digital-en-color-pelco-cc3701h-2\/","title":{"rendered":"C\u00c1MARA DIGITAL EN COLOR PELCO CC3701H-2"},"content":{"rendered":"\n\t<section class=\"section\" id=\"section_95340883\">\n\t\t<div class=\"section-bg fill\" >\n\t\t\t\t\t\t\t\t\t\n\t\t\t\n\n\t\t<\/div>\n\n\t\t\n\n\t\t<div class=\"section-content relative\">\n\t\t\t\n<div class=\"row\"  id=\"row-687495667\">\n\n\t<div id=\"col-321512863\" class=\"col small-12 large-12\"  >\n\t\t\t\t<div class=\"col-inner\"  >\n\t\t\t\n\t\t\t\n<div class=\"row\"  id=\"row-209627493\">\n\n\t<div id=\"col-815643803\" class=\"col small-12 large-12\"  >\n\t\t\t\t<div class=\"col-inner\"  >\n\t\t\t\n\t\t\t\n\n\t\t<div class=\"tabbed-content locacao-tabs\">\n\t\t\t\n\t\t\t<ul class=\"nav nav-tabs nav-normal nav-size-xlarge nav-left active-on-hover\" role=\"tablist\"><li id=\"tab-informaci\u00d3n\" class=\"tab active has-icon\" role=\"presentation\"><a href=\"#tab_informaci\u00d3n\" role=\"tab\" aria-selected=\"true\" aria-controls=\"tab_informaci\u00d3n\"><span>INFORMACI\u00d3N<\/span><\/a><\/li>\n<li id=\"tab-accesorios\" class=\"tab has-icon\" role=\"presentation\"><a href=\"#tab_accesorios\" tabindex=\"-1\" role=\"tab\" aria-selected=\"false\" aria-controls=\"tab_accesorios\"><span>ACCESORIOS<\/span><\/a><\/li>\n<li id=\"tab-descargas\" class=\"tab has-icon\" role=\"presentation\"><a href=\"#tab_descargas\" tabindex=\"-1\" role=\"tab\" aria-selected=\"false\" aria-controls=\"tab_descargas\"><span>DESCARGAS<\/span><\/a><\/li>\n<li id=\"tab-especificaciones\" class=\"tab has-icon\" role=\"presentation\"><a href=\"#tab_especificaciones\" tabindex=\"-1\" role=\"tab\" aria-selected=\"false\" aria-controls=\"tab_especificaciones\"><span>ESPECIFICACIONES<\/span><\/a><\/li><\/ul><div class=\"tab-panels\"><div id=\"tab_informaci\u00d3n\" class=\"panel active entry-content\" role=\"tabpanel\" aria-labelledby=\"tab-informaci\u00d3n\">\n<div class=\"row\"  id=\"row-590006232\">\n\n\t<div id=\"col-1420386792\" class=\"col medium-6 small-12 large-6\"  >\n\t\t\t\t<div class=\"col-inner\"  >\n\t\t\t\n\t\t\t\n<p>La c\u00e1mara digital en color CC3701H-2 es m\u00e1s peque\u00f1a que la mayor\u00eda de las c\u00e1maras CCD completas. Para que la c\u00e1mara fuera lo m\u00e1s peque\u00f1a posible, los ingenieros de Pelco dise\u00f1aron los componentes de la c\u00e1mara para que cupieran dentro de las dimensiones externas de la unidad. Como los conectores BNC, de alimentaci\u00f3n y del objetivo est\u00e1n dentro de los l\u00edmites de la carcasa, la c\u00e1mara compacta y el objetivo caben perfectamente dentro de las carcasas de protecci\u00f3n m\u00e1s peque\u00f1as de Pelco (EH100, EH3508, EH2508, EH2020, EH2100 y EH2200). Pelco dispone de una amplia selecci\u00f3n de lentes fijas y varifocales para satisfacer sus requisitos de instalaci\u00f3n.<\/p>\n<p>La c\u00e1mara digital CC3701H-2 es r\u00e1pida y f\u00e1cil de instalar y su dise\u00f1o distintivo es ideal para su uso en espacios reducidos. La c\u00e1mara tiene un conector de alimentaci\u00f3n r\u00e1pida, un conector de v\u00eddeo BNC y un soporte adaptador extra\u00edble para montaje superior o inferior.<\/p>\n<p>La c\u00e1mara digital de la serie CC3701H-2 tambi\u00e9n incluye la \u00faltima generaci\u00f3n de c\u00e1maras CCD de 1\/3 de pulgada de Sony, acepta objetivos de v\u00eddeo y autoiris de tipo DC y tiene un enfoque posterior ajustable para adaptarse a objetivos C o CS. Ajustar el enfoque trasero es f\u00e1cil con el dial giratorio bloqueable accesible desde la parte superior o inferior de la c\u00e1mara.<\/p>\n<p>Entre los accesorios se incluye el PCM100, un soporte de c\u00e1mara Pelco dise\u00f1ado espec\u00edficamente para la serie CC3701H-2. Este soporte ajustable no tiene cables ni accesorios expuestos. Todos los cables est\u00e1n integrados en la unidad, lo que facilita y agiliza la instalaci\u00f3n. El PCM100 se puede instalar directamente en una pared, techo o se puede adaptar a una caja el\u00e9ctrica est\u00e1ndar de 2 x 4\u2033 (5,08 cm x 10,16 cm).<\/p>\n\t\t<\/div>\n\t\t\t\t\t<\/div>\n\n\t\n\n\t<div id=\"col-2104933124\" class=\"col medium-6 small-12 large-6\"  >\n\t\t\t\t<div class=\"col-inner text-left\"  >\n\t\t\t\n\t\t\t\n\t\t<\/div>\n\t\t\t\t\t<\/div>\n\n\t\n<\/div>\n<\/div>\n<div id=\"tab_accesorios\" class=\"panel entry-content\" role=\"tabpanel\" aria-labelledby=\"tab-accesorios\">\n<div class=\"row align-middle\"  id=\"row-309369763\">\n\n\t<div id=\"col-1039716348\" class=\"col medium-10 small-12 large-10\"  >\n\t\t\t\t<div class=\"col-inner\"  >\n\t\t\t\n\t\t\t\n<p>CONTENIDO<\/p>\n\t\t<\/div>\n\t\t\t\t\t<\/div>\n\n\t\n\n\t<div id=\"col-2094857301\" class=\"col medium-2 small-12 large-2\"  >\n\t\t\t\t<div class=\"col-inner\"  >\n\t\t\t\n\t\t\t\n\t\t<\/div>\n\t\t\t\t\t<\/div>\n\n\t\n<\/div>\n<\/div>\n<div id=\"tab_descargas\" class=\"panel entry-content\" role=\"tabpanel\" aria-labelledby=\"tab-descargas\">\n<div class=\"row\"  id=\"row-277797598\">\n\n\t<div id=\"col-1608208795\" class=\"col medium-10 small-12 large-10\"  >\n\t\t\t\t<div class=\"col-inner\"  >\n\t\t\t\n\t\t\t\n<p><a href=\"https:\/\/www.abix.com.br\/wp-content\/uploads\/Ficha-CC3701H2.pdf\">CC3701H2 ficha t\u00e9cnica<\/a><\/p>\n\t\t<\/div>\n\t\t\t\t\t<\/div>\n\n\t\n<\/div>\n<\/div>\n<div id=\"tab_especificaciones\" class=\"panel entry-content\" role=\"tabpanel\" aria-labelledby=\"tab-especificaciones\">\n<div class=\"row\"  id=\"row-442510776\">\n\n\t<div id=\"col-1177589078\" class=\"col medium-9 small-12 large-9\"  >\n\t\t\t\t<div class=\"col-inner\"  >\n\t\t\t\n\t\t\t\n<h3>ESPECIFICACIONES GENERALES<\/h3>\n<ul>\n<li><strong>Dispositivo de imagen<\/strong><\/li>\n<\/ul>\n<p>CCD de transferencia interlineal de 1\/3<\/p>\n<ul>\n<li><strong>Elementos de imagen<\/strong><\/li>\n<\/ul>\n<p>768 (Al) x 494 (V)<\/p>\n<ul>\n<li><strong>Sistema de escaneado<\/strong><\/li>\n<\/ul>\n<p>525 l\u00edneas, entrelazado 2:1<\/p>\n<ul>\n<li><strong>Sistema de sincronizaci\u00f3n<\/strong><\/li>\n<\/ul>\n<p>Bloqueo interno o bloqueo de l\u00ednea<\/p>\n<ul>\n<li><strong>Resoluci\u00f3n horizontal<\/strong><\/li>\n<\/ul>\n<p>480 l\u00edneas de TV<\/p>\n<ul>\n<li><strong>Control del iris<\/strong><\/li>\n<\/ul>\n<p>Electr\u00f3nica\/pasiva<\/p>\n<ul>\n<li><strong>Iluminaci\u00f3n m\u00ednima<\/strong><\/li>\n<\/ul>\n<p>Menos de 0,2 lux, f1.0.30 IRE, AGC activo, 95% de reflectancia<\/p>\n<ul>\n<li><strong>Relaci\u00f3n se\u00f1al\/ruido<\/strong><\/li>\n<\/ul>\n<p>52 dB<\/p>\n<ul>\n<li><strong>Control de ganancia<\/strong><\/li>\n<\/ul>\n<p>Autom\u00e1tico<\/p>\n<ul>\n<li><strong>Fase vertical<\/strong><\/li>\n<\/ul>\n<p>Ajustable 0\u00ba \u00b1 120\u00ba<\/p>\n<ul>\n<li><strong>Control autom\u00e1tico de ganancia<\/strong><\/li>\n<\/ul>\n<p>Seleccionable mediante interruptor DIP<\/p>\n<ul>\n<li><strong>Compensaci\u00f3n de contraluz<\/strong><\/li>\n<\/ul>\n<p>Seleccionable mediante interruptor DIP<\/p>\n<ul>\n<li><strong>Tratamiento de se\u00f1ales<\/strong><\/li>\n<\/ul>\n<p>DSP<\/p>\n<ul>\n<li><strong>Tipo de lente de iris autom\u00e1tico<\/strong><\/li>\n<\/ul>\n<p>Control de v\u00eddeo\/CC<\/p>\n<ul>\n<li><strong>Salida de v\u00eddeo<\/strong><\/li>\n<\/ul>\n<p>1 Vp-p, 75 ohmios<\/p>\n<ul>\n<li><strong>Alcance del control del iris<\/strong><\/li>\n<\/ul>\n<p>De 1\/60 a 1\/100.000 segundos<\/p>\n<h3>ESPECIFICACIONES EL\u00c9CTRICAS<\/h3>\n<ul>\n<li><strong>Requisitos de resistencia<\/strong><\/li>\n<\/ul>\n<p>18 a 30 VCA o 10 a 36 VCC<\/p>\n<ul>\n<li><strong>Consumo de energ\u00eda<\/strong><\/li>\n<\/ul>\n<p>Menos de 4 vatios<\/p>\n<ul>\n<li><strong>Conector de alimentaci\u00f3n<\/strong><\/li>\n<\/ul>\n<p>Regleta de bornes met\u00e1lica de 2 polos, tipo pulsador con cierre de rosca<\/p>\n<ul>\n<li><strong>Conector de v\u00eddeo<\/strong><\/li>\n<\/ul>\n<p>BNC<\/p>\n<ul>\n<li><strong>Conector de la lente<\/strong><\/li>\n<\/ul>\n<p>Conector de 4 clavijas (cuadrado en miniatura)<\/p>\n<h3>ESPECIFICACIONES MEDIOAMBIENTALES<\/h3>\n<ul>\n<li><strong>Temperatura de funcionamiento<\/strong><\/li>\n<\/ul>\n<p>14 a 122\u00b0F (-10 a 50\u00b0C)<\/p>\n<ul>\n<li><strong>Temperatura de almacenamiento<\/strong><\/li>\n<\/ul>\n<p>14 a 158\u00b0F (-10 a 70\u00b0C)<\/p>\n<h3>ESPECIFICACIONES F\u00cdSICAS<\/h3>\n<ul>\n<li><strong>Peso (sin objetivo)<\/strong><\/li>\n<\/ul>\n<p>0,35 kg (0,77 lb)<\/p>\n<h3>CERTIFICACIONES\/PATENTES<\/h3>\n<ul>\n<li>CE, clase B<\/li>\n<li>Certificaci\u00f3n UL<\/li>\n<li>Certificaci\u00f3n UL conforme a las normas de seguridad canadienses<\/li>\n<li>Cumple los requisitos de Argentina en virtud de la Res. 92\/98<\/li>\n<li>FCC, clase B<\/li>\n<li>Patente estadounidense D460.773<\/li>\n<li>CQC (Certificaci\u00f3n de calidad de China)<\/li>\n<\/ul>\n\t\t<\/div>\n\t\t\t\t\t<\/div>\n\n\t\n<\/div>\n<\/div><\/div><\/div>\n\t\t<\/div>\n\t\t\t\t\t<\/div>\n\n\t\n<\/div>\n\t\t<\/div>\n\t\t\t\t\t<\/div>\n\n\t\n<\/div>\n\t\t<\/div>\n\n\t\t\n<style>\n#section_95340883 {\n  padding-top: 0px;\n  padding-bottom: 0px;\n}\n<\/style>\n\t<\/section>\n\t\n","protected":false},"excerpt":{"rendered":"<p style=\"text-align: justify;\">La CC3701H-2 es una c\u00e1mara digital de uso general de alta resoluci\u00f3n y sensibilidad con 480 l\u00edneas de TV. La c\u00e1mara cuenta con dos ajustes de balance de color, control autom\u00e1tico de ganancia, procesamiento digital de se\u00f1ales para la compensaci\u00f3n autom\u00e1tica de contraluces y bloqueo de l\u00edneas. Para ajustar una de las diversas funciones de ajuste fino de la c\u00e1mara, basta con reajustar el interruptor DIP correspondiente en el lado izquierdo de la c\u00e1mara.<\/p>\n<p style=\"text-align: justify;\">Gracias a su innovadora tecnolog\u00eda (pendiente de patente), las c\u00e1maras de la serie CC3701H-2 ofrecen m\u00e1s opciones entre las c\u00e1maras de alta resoluci\u00f3n convencionales, sin comprometer la sensibilidad, el color o la resoluci\u00f3n. El rango din\u00e1mico ampliado (12X) permite a la c\u00e1mara proporcionar im\u00e1genes en una gran variedad de condiciones de iluminaci\u00f3n extremas.<\/p>\n","protected":false},"featured_media":10793,"comment_status":"closed","ping_status":"closed","template":"","meta":[],"product_brand":[],"product_cat":[178,179],"product_tag":[],"class_list":{"0":"post-19327","1":"product","2":"type-product","3":"status-publish","4":"has-post-thumbnail","6":"product_cat-cctv","7":"product_cat-pelco-es","9":"first","10":"instock","11":"shipping-taxable","12":"product-type-simple"},"yoast_head":"<!-- This site is optimized with the Yoast SEO plugin v27.3 - https:\/\/yoast.com\/product\/yoast-seo-wordpress\/ -->\n<title>C\u00c1MARA DIGITAL EN COLOR PELCO CC3701H-2 - Abix<\/title>\n<meta name=\"robots\" content=\"index, follow, max-snippet:-1, max-image-preview:large, max-video-preview:-1\" \/>\n<link rel=\"canonical\" href=\"https:\/\/abix.com.br\/produto\/camera-digital-colorida-pelco-cc3701h-2\/\" \/>\n<meta property=\"og:locale\" content=\"es_ES\" \/>\n<meta property=\"og:type\" content=\"article\" \/>\n<meta property=\"og:title\" content=\"C\u00c1MARA DIGITAL EN COLOR PELCO CC3701H-2 - Abix\" \/>\n<meta property=\"og:description\" content=\"La CC3701H-2 es una c\u00e1mara digital de uso general de alta resoluci\u00f3n y sensibilidad con 480 l\u00edneas de TV. La c\u00e1mara cuenta con dos ajustes de balance de color, control autom\u00e1tico de ganancia, procesamiento digital de se\u00f1ales para la compensaci\u00f3n autom\u00e1tica de contraluces y bloqueo de l\u00edneas. Para ajustar una de las diversas funciones de ajuste fino de la c\u00e1mara, basta con reajustar el interruptor DIP correspondiente en el lado izquierdo de la c\u00e1mara. Gracias a su innovadora tecnolog\u00eda (pendiente de patente), las c\u00e1maras de la serie CC3701H-2 ofrecen m\u00e1s opciones entre las c\u00e1maras de alta resoluci\u00f3n convencionales, sin comprometer la sensibilidad, el color o la resoluci\u00f3n. El rango din\u00e1mico ampliado (12X) permite a la c\u00e1mara proporcionar im\u00e1genes en una gran variedad de condiciones de iluminaci\u00f3n extremas.\" \/>\n<meta property=\"og:url\" content=\"https:\/\/abix.com.br\/produto\/camera-digital-colorida-pelco-cc3701h-2\/\" \/>\n<meta property=\"og:site_name\" content=\"Abix\" \/>\n<meta property=\"article:modified_time\" content=\"2023-10-19T18:08:19+00:00\" \/>\n<meta property=\"og:image\" content=\"https:\/\/abix.com.br\/wp-content\/uploads\/2020\/06\/Pelco-CC3701H2.png\" \/>\n\t<meta property=\"og:image:width\" content=\"456\" \/>\n\t<meta property=\"og:image:height\" content=\"424\" \/>\n\t<meta property=\"og:image:type\" content=\"image\/png\" \/>\n<meta name=\"twitter:card\" content=\"summary_large_image\" \/>\n<meta name=\"twitter:label1\" content=\"Tiempo de lectura\" \/>\n\t<meta name=\"twitter:data1\" content=\"3 minutos\" \/>\n<script type=\"application\/ld+json\" class=\"yoast-schema-graph\">{\"@context\":\"https:\\\/\\\/schema.org\",\"@graph\":[{\"@type\":\"WebPage\",\"@id\":\"https:\\\/\\\/abix.com.br\\\/produto\\\/camera-digital-colorida-pelco-cc3701h-2\\\/\",\"url\":\"https:\\\/\\\/abix.com.br\\\/produto\\\/camera-digital-colorida-pelco-cc3701h-2\\\/\",\"name\":\"C\u00c1MARA DIGITAL EN COLOR PELCO CC3701H-2 - Abix\",\"isPartOf\":{\"@id\":\"https:\\\/\\\/abix.com.br\\\/#website\"},\"primaryImageOfPage\":{\"@id\":\"https:\\\/\\\/abix.com.br\\\/produto\\\/camera-digital-colorida-pelco-cc3701h-2\\\/#primaryimage\"},\"image\":{\"@id\":\"https:\\\/\\\/abix.com.br\\\/produto\\\/camera-digital-colorida-pelco-cc3701h-2\\\/#primaryimage\"},\"thumbnailUrl\":\"https:\\\/\\\/abix.com.br\\\/wp-content\\\/uploads\\\/2020\\\/06\\\/Pelco-CC3701H2.png\",\"datePublished\":\"2020-06-15T21:56:45+00:00\",\"dateModified\":\"2023-10-19T18:08:19+00:00\",\"breadcrumb\":{\"@id\":\"https:\\\/\\\/abix.com.br\\\/produto\\\/camera-digital-colorida-pelco-cc3701h-2\\\/#breadcrumb\"},\"inLanguage\":\"es\",\"potentialAction\":[{\"@type\":\"ReadAction\",\"target\":[\"https:\\\/\\\/abix.com.br\\\/produto\\\/camera-digital-colorida-pelco-cc3701h-2\\\/\"]}]},{\"@type\":\"ImageObject\",\"inLanguage\":\"es\",\"@id\":\"https:\\\/\\\/abix.com.br\\\/produto\\\/camera-digital-colorida-pelco-cc3701h-2\\\/#primaryimage\",\"url\":\"https:\\\/\\\/abix.com.br\\\/wp-content\\\/uploads\\\/2020\\\/06\\\/Pelco-CC3701H2.png\",\"contentUrl\":\"https:\\\/\\\/abix.com.br\\\/wp-content\\\/uploads\\\/2020\\\/06\\\/Pelco-CC3701H2.png\",\"width\":456,\"height\":424,\"caption\":\"C\u00c2MERA DIGITAL COLORIDA PELCO CC3701H-2\"},{\"@type\":\"BreadcrumbList\",\"@id\":\"https:\\\/\\\/abix.com.br\\\/produto\\\/camera-digital-colorida-pelco-cc3701h-2\\\/#breadcrumb\",\"itemListElement\":[{\"@type\":\"ListItem\",\"position\":1,\"name\":\"In\u00edcio\",\"item\":\"https:\\\/\\\/abix.com.br\\\/es\\\/\"},{\"@type\":\"ListItem\",\"position\":2,\"name\":\"Tienda\",\"item\":\"https:\\\/\\\/abix.com.br\\\/loja\\\/\"},{\"@type\":\"ListItem\",\"position\":3,\"name\":\"C\u00c1MARA DIGITAL EN COLOR PELCO CC3701H-2\"}]},{\"@type\":\"WebSite\",\"@id\":\"https:\\\/\\\/abix.com.br\\\/#website\",\"url\":\"https:\\\/\\\/abix.com.br\\\/\",\"name\":\"Abix\",\"description\":\"\",\"potentialAction\":[{\"@type\":\"SearchAction\",\"target\":{\"@type\":\"EntryPoint\",\"urlTemplate\":\"https:\\\/\\\/abix.com.br\\\/?s={search_term_string}\"},\"query-input\":{\"@type\":\"PropertyValueSpecification\",\"valueRequired\":true,\"valueName\":\"search_term_string\"}}],\"inLanguage\":\"es\"}]}<\/script>\n<!-- \/ Yoast SEO plugin. -->","yoast_head_json":{"title":"C\u00c1MARA DIGITAL EN COLOR PELCO CC3701H-2 - Abix","robots":{"index":"index","follow":"follow","max-snippet":"max-snippet:-1","max-image-preview":"max-image-preview:large","max-video-preview":"max-video-preview:-1"},"canonical":"https:\/\/abix.com.br\/produto\/camera-digital-colorida-pelco-cc3701h-2\/","og_locale":"es_ES","og_type":"article","og_title":"C\u00c1MARA DIGITAL EN COLOR PELCO CC3701H-2 - Abix","og_description":"La CC3701H-2 es una c\u00e1mara digital de uso general de alta resoluci\u00f3n y sensibilidad con 480 l\u00edneas de TV. La c\u00e1mara cuenta con dos ajustes de balance de color, control autom\u00e1tico de ganancia, procesamiento digital de se\u00f1ales para la compensaci\u00f3n autom\u00e1tica de contraluces y bloqueo de l\u00edneas. Para ajustar una de las diversas funciones de ajuste fino de la c\u00e1mara, basta con reajustar el interruptor DIP correspondiente en el lado izquierdo de la c\u00e1mara. Gracias a su innovadora tecnolog\u00eda (pendiente de patente), las c\u00e1maras de la serie CC3701H-2 ofrecen m\u00e1s opciones entre las c\u00e1maras de alta resoluci\u00f3n convencionales, sin comprometer la sensibilidad, el color o la resoluci\u00f3n. El rango din\u00e1mico ampliado (12X) permite a la c\u00e1mara proporcionar im\u00e1genes en una gran variedad de condiciones de iluminaci\u00f3n extremas.","og_url":"https:\/\/abix.com.br\/produto\/camera-digital-colorida-pelco-cc3701h-2\/","og_site_name":"Abix","article_modified_time":"2023-10-19T18:08:19+00:00","og_image":[{"width":456,"height":424,"url":"https:\/\/abix.com.br\/wp-content\/uploads\/2020\/06\/Pelco-CC3701H2.png","type":"image\/png"}],"twitter_card":"summary_large_image","twitter_misc":{"Tiempo de lectura":"3 minutos"},"schema":{"@context":"https:\/\/schema.org","@graph":[{"@type":"WebPage","@id":"https:\/\/abix.com.br\/produto\/camera-digital-colorida-pelco-cc3701h-2\/","url":"https:\/\/abix.com.br\/produto\/camera-digital-colorida-pelco-cc3701h-2\/","name":"C\u00c1MARA DIGITAL EN COLOR PELCO CC3701H-2 - Abix","isPartOf":{"@id":"https:\/\/abix.com.br\/#website"},"primaryImageOfPage":{"@id":"https:\/\/abix.com.br\/produto\/camera-digital-colorida-pelco-cc3701h-2\/#primaryimage"},"image":{"@id":"https:\/\/abix.com.br\/produto\/camera-digital-colorida-pelco-cc3701h-2\/#primaryimage"},"thumbnailUrl":"https:\/\/abix.com.br\/wp-content\/uploads\/2020\/06\/Pelco-CC3701H2.png","datePublished":"2020-06-15T21:56:45+00:00","dateModified":"2023-10-19T18:08:19+00:00","breadcrumb":{"@id":"https:\/\/abix.com.br\/produto\/camera-digital-colorida-pelco-cc3701h-2\/#breadcrumb"},"inLanguage":"es","potentialAction":[{"@type":"ReadAction","target":["https:\/\/abix.com.br\/produto\/camera-digital-colorida-pelco-cc3701h-2\/"]}]},{"@type":"ImageObject","inLanguage":"es","@id":"https:\/\/abix.com.br\/produto\/camera-digital-colorida-pelco-cc3701h-2\/#primaryimage","url":"https:\/\/abix.com.br\/wp-content\/uploads\/2020\/06\/Pelco-CC3701H2.png","contentUrl":"https:\/\/abix.com.br\/wp-content\/uploads\/2020\/06\/Pelco-CC3701H2.png","width":456,"height":424,"caption":"C\u00c2MERA DIGITAL COLORIDA PELCO CC3701H-2"},{"@type":"BreadcrumbList","@id":"https:\/\/abix.com.br\/produto\/camera-digital-colorida-pelco-cc3701h-2\/#breadcrumb","itemListElement":[{"@type":"ListItem","position":1,"name":"In\u00edcio","item":"https:\/\/abix.com.br\/es\/"},{"@type":"ListItem","position":2,"name":"Tienda","item":"https:\/\/abix.com.br\/loja\/"},{"@type":"ListItem","position":3,"name":"C\u00c1MARA DIGITAL EN COLOR PELCO CC3701H-2"}]},{"@type":"WebSite","@id":"https:\/\/abix.com.br\/#website","url":"https:\/\/abix.com.br\/","name":"Abix","description":"","potentialAction":[{"@type":"SearchAction","target":{"@type":"EntryPoint","urlTemplate":"https:\/\/abix.com.br\/?s={search_term_string}"},"query-input":{"@type":"PropertyValueSpecification","valueRequired":true,"valueName":"search_term_string"}}],"inLanguage":"es"}]}},"_links":{"self":[{"href":"https:\/\/abix.com.br\/es\/wp-json\/wp\/v2\/product\/19327","targetHints":{"allow":["GET"]}}],"collection":[{"href":"https:\/\/abix.com.br\/es\/wp-json\/wp\/v2\/product"}],"about":[{"href":"https:\/\/abix.com.br\/es\/wp-json\/wp\/v2\/types\/product"}],"replies":[{"embeddable":true,"href":"https:\/\/abix.com.br\/es\/wp-json\/wp\/v2\/comments?post=19327"}],"wp:featuredmedia":[{"embeddable":true,"href":"https:\/\/abix.com.br\/es\/wp-json\/wp\/v2\/media\/10793"}],"wp:attachment":[{"href":"https:\/\/abix.com.br\/es\/wp-json\/wp\/v2\/media?parent=19327"}],"wp:term":[{"taxonomy":"product_brand","embeddable":true,"href":"https:\/\/abix.com.br\/es\/wp-json\/wp\/v2\/product_brand?post=19327"},{"taxonomy":"product_cat","embeddable":true,"href":"https:\/\/abix.com.br\/es\/wp-json\/wp\/v2\/product_cat?post=19327"},{"taxonomy":"product_tag","embeddable":true,"href":"https:\/\/abix.com.br\/es\/wp-json\/wp\/v2\/product_tag?post=19327"}],"curies":[{"name":"wp","href":"https:\/\/api.w.org\/{rel}","templated":true}]}}