{"id":19328,"date":"2020-06-15T18:03:34","date_gmt":"2020-06-15T21:03:34","guid":{"rendered":"https:\/\/abix.com.br\/produto\/videograbador-digital-pelco-dvr5100\/"},"modified":"2023-10-19T15:08:40","modified_gmt":"2023-10-19T18:08:40","slug":"videograbador-digital-pelco-dvr5100","status":"publish","type":"product","link":"https:\/\/abix.com.br\/es\/produto\/videograbador-digital-pelco-dvr5100\/","title":{"rendered":"VIDEOGRABADOR DIGITAL PELCO DVR5100"},"content":{"rendered":"\n\t<section class=\"section\" id=\"section_1249116945\">\n\t\t<div class=\"section-bg fill\" >\n\t\t\t\t\t\t\t\t\t\n\t\t\t\n\n\t\t<\/div>\n\n\t\t\n\n\t\t<div class=\"section-content relative\">\n\t\t\t\n<div class=\"row\"  id=\"row-577205760\">\n\n\t<div id=\"col-619819686\" class=\"col small-12 large-12\"  >\n\t\t\t\t<div class=\"col-inner\"  >\n\t\t\t\n\t\t\t\n<div class=\"row\"  id=\"row-2145039557\">\n\n\t<div id=\"col-930467097\" class=\"col small-12 large-12\"  >\n\t\t\t\t<div class=\"col-inner\"  >\n\t\t\t\n\t\t\t\n\n\t\t<div class=\"tabbed-content locacao-tabs\">\n\t\t\t\n\t\t\t<ul class=\"nav nav-tabs nav-normal nav-size-xlarge nav-left active-on-hover\" role=\"tablist\"><li id=\"tab-informaci\u00d3n\" class=\"tab active has-icon\" role=\"presentation\"><a href=\"#tab_informaci\u00d3n\" role=\"tab\" aria-selected=\"true\" aria-controls=\"tab_informaci\u00d3n\"><span>INFORMACI\u00d3N<\/span><\/a><\/li>\n<li id=\"tab-accesorios\" class=\"tab has-icon\" role=\"presentation\"><a href=\"#tab_accesorios\" tabindex=\"-1\" role=\"tab\" aria-selected=\"false\" aria-controls=\"tab_accesorios\"><span>ACCESORIOS<\/span><\/a><\/li>\n<li id=\"tab-descargas\" class=\"tab has-icon\" role=\"presentation\"><a href=\"#tab_descargas\" tabindex=\"-1\" role=\"tab\" aria-selected=\"false\" aria-controls=\"tab_descargas\"><span>DESCARGAS<\/span><\/a><\/li>\n<li id=\"tab-especificaciones\" class=\"tab has-icon\" role=\"presentation\"><a href=\"#tab_especificaciones\" tabindex=\"-1\" role=\"tab\" aria-selected=\"false\" aria-controls=\"tab_especificaciones\"><span>ESPECIFICACIONES<\/span><\/a><\/li><\/ul><div class=\"tab-panels\"><div id=\"tab_informaci\u00d3n\" class=\"panel active entry-content\" role=\"tabpanel\" aria-labelledby=\"tab-informaci\u00d3n\">\n<div class=\"row\"  id=\"row-1240082439\">\n\n\t<div id=\"col-298887850\" class=\"col medium-6 small-12 large-6\"  >\n\t\t\t\t<div class=\"col-inner\"  >\n\t\t\t\n\t\t\t\n<p>El excepcional rendimiento del DVR5100 se ve reforzado por el uso de la tecnolog\u00eda de optimizaci\u00f3n del espacio de almacenamiento EnduraStor\u2122. EnduraStor permite que las im\u00e1genes grabadas a velocidades de fotogramas m\u00e1s altas se reduzcan autom\u00e1ticamente a 2 ips tras un periodo de tiempo preconfigurado, lo que ahorra un valioso espacio en el disco duro. EnduraStor, combinado con potentes funciones de detecci\u00f3n de movimiento y programaciones de grabaci\u00f3n, permite al usuario aprovechar el rendimiento del DVR5100 al tiempo que optimiza la capacidad de almacenamiento necesaria y los costes.<\/p>\n<p>Se puede conectar un teclado USB (suministrado por el usuario) a un puerto USB del DVR5100 para configurar los par\u00e1metros de forma r\u00e1pida y sencilla. Los c\u00f3modos controles del panel frontal con joystick, jog y shuttle integrados, combinados con una interfaz gr\u00e1fica de usuario (GUI) sencilla e intuitiva, permiten utilizar el DVR sin esfuerzo. Los controles del panel frontal permiten manejar las c\u00e1maras PTZ de Pelco mediante los protocolos Coaxitron\u00ae, Pelco D o Pelco P.<\/p>\n\t\t<\/div>\n\t\t\t\t\t<\/div>\n\n\t\n\n\t<div id=\"col-1079664260\" class=\"col medium-6 small-12 large-6\"  >\n\t\t\t\t<div class=\"col-inner text-left\"  >\n\t\t\t\n\t\t\t\n<p>El DVR5100 utiliza la red IP de Internet para el acceso remoto y el control del DVR. Todas las conexiones se realizan a trav\u00e9s de una sesi\u00f3n VPN protegida y encriptada. Para redes locales, el puerto de red de 1 Gigabit del DVR5100 soporta este impresionante rendimiento.<\/p>\n<p>Las flexibles opciones de visualizaci\u00f3n permiten a los usuarios adaptar el DVR a las necesidades espec\u00edficas de su aplicaci\u00f3n. El v\u00eddeo se puede visualizar en monitores NTSC\/PAL compuesto, S-Video NTSC\/PAL o VGA. El monitor principal puede mostrar 1, 4, 9 \u00f3 16 im\u00e1genes. En la misma pantalla puede visualizarse una combinaci\u00f3n de im\u00e1genes en directo y reproducidas. La visualizaci\u00f3n TruImage\u2122 muestra la c\u00e1mara seleccionada a la velocidad y resoluci\u00f3n de fotogramas utilizadas para la grabaci\u00f3n, por lo que nunca hay dudas sobre la calidad del v\u00eddeo grabado. Ahora, adaptar las im\u00e1genes grabadas es tan sencillo como mirar a la pantalla. Adem\u00e1s, un monitor puntual programable presenta un modo de visualizaci\u00f3n secuenciado en un monitor compuesto para su uso como monitor de llamada o para visualizaci\u00f3n p\u00fablica.<\/p>\n<p>Con una velocidad m\u00e1xima de grabaci\u00f3n de 30 im\u00e1genes (NTSC) o 25 im\u00e1genes (PAL) por c\u00e1mara y segundo, en resoluci\u00f3n 4CIF, el DVR5100 bate r\u00e9cords de velocidad anteriores para DVR aut\u00f3nomos. La combinaci\u00f3n de grandes capacidades de grabaci\u00f3n, gran espacio de almacenamiento interno, capacidad de acceso remoto y la fiabilidad y garant\u00eda de los productos Pelco hacen de este DVR el ideal para aplicaciones de videovigilancia desatendidas que suelen encontrarse en tiendas, bancos, instituciones educativas y hospitales.<\/p>\n\t\t<\/div>\n\t\t\t\t\t<\/div>\n\n\t\n<\/div>\n<\/div>\n<div id=\"tab_accesorios\" class=\"panel entry-content\" role=\"tabpanel\" aria-labelledby=\"tab-accesorios\">\n<div class=\"row align-middle\"  id=\"row-1318306780\">\n\n\t<div id=\"col-422987396\" class=\"col medium-10 small-12 large-10\"  >\n\t\t\t\t<div class=\"col-inner\"  >\n\t\t\t\n\t\t\t\n<p>CONTENIDO<\/p>\n\t\t<\/div>\n\t\t\t\t\t<\/div>\n\n\t\n\n\t<div id=\"col-311083593\" class=\"col medium-2 small-12 large-2\"  >\n\t\t\t\t<div class=\"col-inner\"  >\n\t\t\t\n\t\t\t\n\t\t<\/div>\n\t\t\t\t\t<\/div>\n\n\t\n<\/div>\n<\/div>\n<div id=\"tab_descargas\" class=\"panel entry-content\" role=\"tabpanel\" aria-labelledby=\"tab-descargas\">\n<div class=\"row\"  id=\"row-400891483\">\n\n\t<div id=\"col-1633266004\" class=\"col medium-10 small-12 large-10\"  >\n\t\t\t\t<div class=\"col-inner\"  >\n\t\t\t\n\t\t\t\n<p><a href=\"https:\/\/www.abix.com.br\/wp-content\/uploads\/Ficha-DVR5100-2.pdf\">DVR5100 hoja de datos<\/a><\/p>\n\t\t<\/div>\n\t\t\t\t\t<\/div>\n\n\t\n<\/div>\n<\/div>\n<div id=\"tab_especificaciones\" class=\"panel entry-content\" role=\"tabpanel\" aria-labelledby=\"tab-especificaciones\">\n<div class=\"row\"  id=\"row-2140669216\">\n\n\t<div id=\"col-1576511827\" class=\"col medium-9 small-12 large-9\"  >\n\t\t\t\t<div class=\"col-inner\"  >\n\t\t\t\n\t\t\t\n<h3>SISTEMA<\/h3>\n<ul>\n<li><strong>Sistema operativo<\/strong><\/li>\n<\/ul>\n<p>Linux<\/p>\n<ul>\n<li><strong>Interfaz de usuario<\/strong><\/li>\n<\/ul>\n<p>Superposici\u00f3n semitransparente en la pantalla<\/p>\n<h3>V\u00cdDEO<\/h3>\n<ul>\n<li><strong>Normas de v\u00eddeo<\/strong><\/li>\n<\/ul>\n<p>Entrada &#8211; NTSC\/PAL Composite<\/p>\n<p>Salida &#8211; compuesta S-VIDEO NTSC\/PAL<\/p>\n<p>VGA (1024 x 768)<\/p>\n<ul>\n<li><strong>Codificaci\u00f3n de v\u00eddeo<\/strong><\/li>\n<\/ul>\n<p>MPEG-4<\/p>\n<ul>\n<li><strong>Entradas de v\u00eddeo<\/strong><\/li>\n<\/ul>\n<p>4\/8\/16<\/p>\n<ul>\n<li><strong>Resoluciones de v\u00eddeo<\/strong><\/li>\n<\/ul>\n<p>Formato NTSC PAL<\/p>\n<p>4CIF 704 x 480 407 x 576<\/p>\n<p>2CiF 704 x 240 704 x 288<\/p>\n<p>CIF 352 x 240 352 x 288<\/p>\n<ul>\n<li><strong>Velocidad de grabaci\u00f3n de v\u00eddeo<\/strong><\/li>\n<\/ul>\n<p>6, 10, 15, 30 IPS (5, 8,3, 12,5, 25 IPS en PAL) por c\u00e1mara en CIF\/2CIF\/4CIF<\/p>\n<ul>\n<li><strong>Entradas de v\u00eddeo \/ conectores<\/strong><\/li>\n<\/ul>\n<p>Hi-Z, 75\u03a9, 0,5-1 Vp-p<\/p>\n<ul>\n<li><strong>Velocidad de visualizaci\u00f3n de v\u00eddeo<\/strong><\/li>\n<\/ul>\n<p>Hasta 30 IPS (NTSC) o 25 IPS (PAL) por entrada en pantalla completa e inferior en otras configuraciones de pantalla.<\/p>\n<ul>\n<li><strong>Modos de visualizaci\u00f3n de v\u00eddeo<\/strong><\/li>\n<\/ul>\n<p>Pantalla completa, 2\u00d72, 3\u00d73 y 4\u00d74<\/p>\n<h3>CERTIFICACIONES<\/h3>\n<ul>\n<li>CE, Clase B<\/li>\n<li>Certificaci\u00f3n UL<\/li>\n<li>Certificaci\u00f3n UL conforme a las normas de seguridad canadienses<\/li>\n<li>FCC, Clase B<\/li>\n<li>C-tick<\/li>\n<\/ul>\n<h3>CARACTER\u00cdSTICAS F\u00cdSICAS<\/h3>\n<ul>\n<li><strong>Estructura<\/strong><\/li>\n<\/ul>\n<p>Armario de acero<\/p>\n<ul>\n<li><strong>Acabado<\/strong><\/li>\n<\/ul>\n<p>Panel frontal: gris metalizado con terminales negros<\/p>\n<ul>\n<li><strong>Dimensiones<\/strong><\/li>\n<\/ul>\n<p>17,0 pulg. D x 17,1 pulg. W x 3.5in. A (43,2 x 43,4 x 8,9 cm)<\/p>\n<ul>\n<li><strong>Peso unitario<\/strong><\/li>\n<\/ul>\n<p>28.8lb (13.06kg)<\/p>\n<h3>AUDIO<\/h3>\n<ul>\n<li><strong>Descodificaci\u00f3n de audio<\/strong><\/li>\n<\/ul>\n<p>G.711, c\u00f3dec de voz<\/p>\n<ul>\n<li><strong>Velocidad de bits de audio<\/strong><\/li>\n<\/ul>\n<p>64 Kbps<\/p>\n<ul>\n<li><strong>Niveles de audio<\/strong><\/li>\n<\/ul>\n<p>Entrada &#8211; Entrada de nivel de l\u00ednea<\/p>\n<p>Salida &#8211; Salida de nivel de l\u00ednea<\/p>\n<ul>\n<li><strong>Conectores de audio<\/strong><\/li>\n<\/ul>\n<p>Conectores mono de 3,5, tres para 4 y 8 canales y cinco para 16 canales.<\/p>\n<ul>\n<li><strong>Entradas de audio<\/strong><\/li>\n<\/ul>\n<p>2 para los modelos de 4 y 8 canales;<\/p>\n<p>4 para modelos de 16 canales<\/p>\n<ul>\n<li><strong>Salida de audio<\/strong><\/li>\n<\/ul>\n<p>1<\/p>\n<h3>CONTROL PTZ<\/h3>\n<ul>\n<li><strong>Interfaz PTZ<\/strong><\/li>\n<\/ul>\n<p>Panel frontal del KBD5000, mediante cliente remoto o teclado USB<\/p>\n<ul>\n<li><strong>Protocolo PTZ<\/strong><\/li>\n<\/ul>\n<p>Pelco D, Pelco p y Coaxitron<\/p>\n<h3>ALARMAS\/RELACIONES<\/h3>\n<ul>\n<li><strong>Entradas de alarma<\/strong><\/li>\n<\/ul>\n<p>1 por c\u00e1mara, programable, 5,0 VCC, 10\u03a9, disparado, supervisado \/ no supervisado.<\/p>\n<ul>\n<li><strong>Salidas de rel\u00e9<\/strong>\n<ul>\n<li>4 u 8 canales &#8211; 2 rel\u00e9s, N.A. \/ N.F., REL\u00c9 FORMA-c, 30vdc 1A<\/li>\n<li>16 Camais &#8211; 4 relevos, N.A.\/N.F.. rel\u00e9 de forma, 30VDC, 1A<\/li>\n<\/ul>\n<\/li>\n<\/ul>\n<h3>RED<\/h3>\n<ul>\n<li><strong>Interfaz<\/strong><\/li>\n<\/ul>\n<p>Puerto Ethernet TJ45 (1000 BaseT a 10\/100\/1000 Mbps)<\/p>\n<h3>ALIMENTOS<\/h3>\n<ul>\n<li><strong>Entrada de alimentaci\u00f3n<\/strong><\/li>\n<\/ul>\n<p>100 a 240 VCA, 50\/60 Hz, selecci\u00f3n autom\u00e1tica<\/p>\n<ul>\n<li><strong>Alimentaci\u00f3n<\/strong><\/li>\n<\/ul>\n<p>Interno<\/p>\n<ul>\n<li><strong>Consumo de energ\u00eda<\/strong><\/li>\n<\/ul>\n<p>136 WATTS, 465 btu\/h (m\u00e1ximo)<\/p>\n\t\t<\/div>\n\t\t\t\t\t<\/div>\n\n\t\n<\/div>\n<\/div><\/div><\/div>\n\t\t<\/div>\n\t\t\t\t\t<\/div>\n\n\t\n<\/div>\n\t\t<\/div>\n\t\t\t\t\t<\/div>\n\n\t\n<\/div>\n\t\t<\/div>\n\n\t\t\n<style>\n#section_1249116945 {\n  padding-top: 0px;\n  padding-bottom: 0px;\n}\n<\/style>\n\t<\/section>\n\t\n","protected":false},"excerpt":{"rendered":"<p style=\"text-align: justify;\">El DVR5100 inaugura una nueva era en la grabaci\u00f3n de v\u00eddeo digital, combinando una excelente velocidad de grabaci\u00f3n, calidad de v\u00eddeo e interfaces intuitivas para satisfacer las necesidades de las instalaciones DVR aut\u00f3nomas. Los grabadores de v\u00eddeo digital adaptados a aplicaciones aut\u00f3nomas deben grabar im\u00e1genes de alta resoluci\u00f3n para captar peque\u00f1os detalles y ofrecer la calidad necesaria para las labores de investigaci\u00f3n. El DVR5100 captura im\u00e1genes de hasta 704 x 480 p\u00edxeles (NTSC) o 704 x 576 p\u00edxeles (PAL) a 30 IPS (NTSC) o 25 IPS (PAL) por c\u00e1mara, proporcionando al investigador los detalles esenciales.<\/p>\n","protected":false},"featured_media":10785,"comment_status":"closed","ping_status":"closed","template":"","meta":[],"product_brand":[],"product_cat":[178,179],"product_tag":[],"class_list":{"0":"post-19328","1":"product","2":"type-product","3":"status-publish","4":"has-post-thumbnail","6":"product_cat-cctv","7":"product_cat-pelco-es","9":"first","10":"instock","11":"shipping-taxable","12":"product-type-simple"},"yoast_head":"<!-- This site is optimized with the Yoast SEO plugin v27.3 - https:\/\/yoast.com\/product\/yoast-seo-wordpress\/ -->\n<title>VIDEOGRABADOR DIGITAL PELCO DVR5100 - Abix<\/title>\n<meta name=\"description\" content=\"GRABADORA DE V\u00cdDEO DIGITAL PELCO DVR5100 - La DVR5100 captura im\u00e1genes de hasta 704 x 480 p\u00edxeles (NTSC) o 704 x 576 p\u00edxeles (PAL).\" \/>\n<meta name=\"robots\" content=\"index, follow, max-snippet:-1, max-image-preview:large, max-video-preview:-1\" \/>\n<link rel=\"canonical\" href=\"https:\/\/abix.com.br\/produto\/gravador-de-video-digital-pelco-dvr5100\/\" \/>\n<meta property=\"og:locale\" content=\"es_ES\" \/>\n<meta property=\"og:type\" content=\"article\" \/>\n<meta property=\"og:title\" content=\"VIDEOGRABADOR DIGITAL PELCO DVR5100 - Abix\" \/>\n<meta property=\"og:description\" content=\"GRABADORA DE V\u00cdDEO DIGITAL PELCO DVR5100 - La DVR5100 captura im\u00e1genes de hasta 704 x 480 p\u00edxeles (NTSC) o 704 x 576 p\u00edxeles (PAL).\" \/>\n<meta property=\"og:url\" content=\"https:\/\/abix.com.br\/produto\/gravador-de-video-digital-pelco-dvr5100\/\" \/>\n<meta property=\"og:site_name\" content=\"Abix\" \/>\n<meta property=\"article:modified_time\" content=\"2023-10-19T18:08:40+00:00\" \/>\n<meta property=\"og:image\" content=\"https:\/\/abix.com.br\/wp-content\/uploads\/2020\/06\/DVR5100-PELCO.jpg\" \/>\n\t<meta property=\"og:image:width\" content=\"500\" \/>\n\t<meta property=\"og:image:height\" content=\"500\" \/>\n\t<meta property=\"og:image:type\" content=\"image\/jpeg\" \/>\n<meta name=\"twitter:card\" content=\"summary_large_image\" \/>\n<meta name=\"twitter:label1\" content=\"Tiempo de lectura\" \/>\n\t<meta name=\"twitter:data1\" content=\"5 minutos\" \/>\n<script type=\"application\/ld+json\" class=\"yoast-schema-graph\">{\"@context\":\"https:\\\/\\\/schema.org\",\"@graph\":[{\"@type\":\"WebPage\",\"@id\":\"https:\\\/\\\/abix.com.br\\\/produto\\\/gravador-de-video-digital-pelco-dvr5100\\\/\",\"url\":\"https:\\\/\\\/abix.com.br\\\/produto\\\/gravador-de-video-digital-pelco-dvr5100\\\/\",\"name\":\"VIDEOGRABADOR DIGITAL PELCO DVR5100 - Abix\",\"isPartOf\":{\"@id\":\"https:\\\/\\\/abix.com.br\\\/#website\"},\"primaryImageOfPage\":{\"@id\":\"https:\\\/\\\/abix.com.br\\\/produto\\\/gravador-de-video-digital-pelco-dvr5100\\\/#primaryimage\"},\"image\":{\"@id\":\"https:\\\/\\\/abix.com.br\\\/produto\\\/gravador-de-video-digital-pelco-dvr5100\\\/#primaryimage\"},\"thumbnailUrl\":\"https:\\\/\\\/abix.com.br\\\/wp-content\\\/uploads\\\/2020\\\/06\\\/DVR5100-PELCO.jpg\",\"datePublished\":\"2020-06-15T21:03:34+00:00\",\"dateModified\":\"2023-10-19T18:08:40+00:00\",\"description\":\"GRABADORA DE V\u00cdDEO DIGITAL PELCO DVR5100 - La DVR5100 captura im\u00e1genes de hasta 704 x 480 p\u00edxeles (NTSC) o 704 x 576 p\u00edxeles (PAL).\",\"breadcrumb\":{\"@id\":\"https:\\\/\\\/abix.com.br\\\/produto\\\/gravador-de-video-digital-pelco-dvr5100\\\/#breadcrumb\"},\"inLanguage\":\"es\",\"potentialAction\":[{\"@type\":\"ReadAction\",\"target\":[\"https:\\\/\\\/abix.com.br\\\/produto\\\/gravador-de-video-digital-pelco-dvr5100\\\/\"]}]},{\"@type\":\"ImageObject\",\"inLanguage\":\"es\",\"@id\":\"https:\\\/\\\/abix.com.br\\\/produto\\\/gravador-de-video-digital-pelco-dvr5100\\\/#primaryimage\",\"url\":\"https:\\\/\\\/abix.com.br\\\/wp-content\\\/uploads\\\/2020\\\/06\\\/DVR5100-PELCO.jpg\",\"contentUrl\":\"https:\\\/\\\/abix.com.br\\\/wp-content\\\/uploads\\\/2020\\\/06\\\/DVR5100-PELCO.jpg\",\"width\":500,\"height\":500,\"caption\":\"GRAVADOR DE V\u00cdDEO DIGITAL PELCO DVR5100\"},{\"@type\":\"BreadcrumbList\",\"@id\":\"https:\\\/\\\/abix.com.br\\\/produto\\\/gravador-de-video-digital-pelco-dvr5100\\\/#breadcrumb\",\"itemListElement\":[{\"@type\":\"ListItem\",\"position\":1,\"name\":\"In\u00edcio\",\"item\":\"https:\\\/\\\/abix.com.br\\\/es\\\/\"},{\"@type\":\"ListItem\",\"position\":2,\"name\":\"Tienda\",\"item\":\"https:\\\/\\\/abix.com.br\\\/loja\\\/\"},{\"@type\":\"ListItem\",\"position\":3,\"name\":\"VIDEOGRABADOR DIGITAL PELCO DVR5100\"}]},{\"@type\":\"WebSite\",\"@id\":\"https:\\\/\\\/abix.com.br\\\/#website\",\"url\":\"https:\\\/\\\/abix.com.br\\\/\",\"name\":\"Abix\",\"description\":\"\",\"potentialAction\":[{\"@type\":\"SearchAction\",\"target\":{\"@type\":\"EntryPoint\",\"urlTemplate\":\"https:\\\/\\\/abix.com.br\\\/?s={search_term_string}\"},\"query-input\":{\"@type\":\"PropertyValueSpecification\",\"valueRequired\":true,\"valueName\":\"search_term_string\"}}],\"inLanguage\":\"es\"}]}<\/script>\n<!-- \/ Yoast SEO plugin. -->","yoast_head_json":{"title":"VIDEOGRABADOR DIGITAL PELCO DVR5100 - Abix","description":"GRABADORA DE V\u00cdDEO DIGITAL PELCO DVR5100 - La DVR5100 captura im\u00e1genes de hasta 704 x 480 p\u00edxeles (NTSC) o 704 x 576 p\u00edxeles (PAL).","robots":{"index":"index","follow":"follow","max-snippet":"max-snippet:-1","max-image-preview":"max-image-preview:large","max-video-preview":"max-video-preview:-1"},"canonical":"https:\/\/abix.com.br\/produto\/gravador-de-video-digital-pelco-dvr5100\/","og_locale":"es_ES","og_type":"article","og_title":"VIDEOGRABADOR DIGITAL PELCO DVR5100 - Abix","og_description":"GRABADORA DE V\u00cdDEO DIGITAL PELCO DVR5100 - La DVR5100 captura im\u00e1genes de hasta 704 x 480 p\u00edxeles (NTSC) o 704 x 576 p\u00edxeles (PAL).","og_url":"https:\/\/abix.com.br\/produto\/gravador-de-video-digital-pelco-dvr5100\/","og_site_name":"Abix","article_modified_time":"2023-10-19T18:08:40+00:00","og_image":[{"width":500,"height":500,"url":"https:\/\/abix.com.br\/wp-content\/uploads\/2020\/06\/DVR5100-PELCO.jpg","type":"image\/jpeg"}],"twitter_card":"summary_large_image","twitter_misc":{"Tiempo de lectura":"5 minutos"},"schema":{"@context":"https:\/\/schema.org","@graph":[{"@type":"WebPage","@id":"https:\/\/abix.com.br\/produto\/gravador-de-video-digital-pelco-dvr5100\/","url":"https:\/\/abix.com.br\/produto\/gravador-de-video-digital-pelco-dvr5100\/","name":"VIDEOGRABADOR DIGITAL PELCO DVR5100 - Abix","isPartOf":{"@id":"https:\/\/abix.com.br\/#website"},"primaryImageOfPage":{"@id":"https:\/\/abix.com.br\/produto\/gravador-de-video-digital-pelco-dvr5100\/#primaryimage"},"image":{"@id":"https:\/\/abix.com.br\/produto\/gravador-de-video-digital-pelco-dvr5100\/#primaryimage"},"thumbnailUrl":"https:\/\/abix.com.br\/wp-content\/uploads\/2020\/06\/DVR5100-PELCO.jpg","datePublished":"2020-06-15T21:03:34+00:00","dateModified":"2023-10-19T18:08:40+00:00","description":"GRABADORA DE V\u00cdDEO DIGITAL PELCO DVR5100 - La DVR5100 captura im\u00e1genes de hasta 704 x 480 p\u00edxeles (NTSC) o 704 x 576 p\u00edxeles (PAL).","breadcrumb":{"@id":"https:\/\/abix.com.br\/produto\/gravador-de-video-digital-pelco-dvr5100\/#breadcrumb"},"inLanguage":"es","potentialAction":[{"@type":"ReadAction","target":["https:\/\/abix.com.br\/produto\/gravador-de-video-digital-pelco-dvr5100\/"]}]},{"@type":"ImageObject","inLanguage":"es","@id":"https:\/\/abix.com.br\/produto\/gravador-de-video-digital-pelco-dvr5100\/#primaryimage","url":"https:\/\/abix.com.br\/wp-content\/uploads\/2020\/06\/DVR5100-PELCO.jpg","contentUrl":"https:\/\/abix.com.br\/wp-content\/uploads\/2020\/06\/DVR5100-PELCO.jpg","width":500,"height":500,"caption":"GRAVADOR DE V\u00cdDEO DIGITAL PELCO DVR5100"},{"@type":"BreadcrumbList","@id":"https:\/\/abix.com.br\/produto\/gravador-de-video-digital-pelco-dvr5100\/#breadcrumb","itemListElement":[{"@type":"ListItem","position":1,"name":"In\u00edcio","item":"https:\/\/abix.com.br\/es\/"},{"@type":"ListItem","position":2,"name":"Tienda","item":"https:\/\/abix.com.br\/loja\/"},{"@type":"ListItem","position":3,"name":"VIDEOGRABADOR DIGITAL PELCO DVR5100"}]},{"@type":"WebSite","@id":"https:\/\/abix.com.br\/#website","url":"https:\/\/abix.com.br\/","name":"Abix","description":"","potentialAction":[{"@type":"SearchAction","target":{"@type":"EntryPoint","urlTemplate":"https:\/\/abix.com.br\/?s={search_term_string}"},"query-input":{"@type":"PropertyValueSpecification","valueRequired":true,"valueName":"search_term_string"}}],"inLanguage":"es"}]}},"_links":{"self":[{"href":"https:\/\/abix.com.br\/es\/wp-json\/wp\/v2\/product\/19328","targetHints":{"allow":["GET"]}}],"collection":[{"href":"https:\/\/abix.com.br\/es\/wp-json\/wp\/v2\/product"}],"about":[{"href":"https:\/\/abix.com.br\/es\/wp-json\/wp\/v2\/types\/product"}],"replies":[{"embeddable":true,"href":"https:\/\/abix.com.br\/es\/wp-json\/wp\/v2\/comments?post=19328"}],"wp:featuredmedia":[{"embeddable":true,"href":"https:\/\/abix.com.br\/es\/wp-json\/wp\/v2\/media\/10785"}],"wp:attachment":[{"href":"https:\/\/abix.com.br\/es\/wp-json\/wp\/v2\/media?parent=19328"}],"wp:term":[{"taxonomy":"product_brand","embeddable":true,"href":"https:\/\/abix.com.br\/es\/wp-json\/wp\/v2\/product_brand?post=19328"},{"taxonomy":"product_cat","embeddable":true,"href":"https:\/\/abix.com.br\/es\/wp-json\/wp\/v2\/product_cat?post=19328"},{"taxonomy":"product_tag","embeddable":true,"href":"https:\/\/abix.com.br\/es\/wp-json\/wp\/v2\/product_tag?post=19328"}],"curies":[{"name":"wp","href":"https:\/\/api.w.org\/{rel}","templated":true}]}}