{"id":19329,"date":"2020-06-15T15:26:49","date_gmt":"2020-06-15T18:26:49","guid":{"rendered":"https:\/\/abix.com.br\/produto\/sistema-de-grabacion-de-video-digital-pelco-dx4000\/"},"modified":"2023-10-19T15:09:03","modified_gmt":"2023-10-19T18:09:03","slug":"sistema-de-grabacion-de-video-digital-pelco-dx4000","status":"publish","type":"product","link":"https:\/\/abix.com.br\/es\/produto\/sistema-de-grabacion-de-video-digital-pelco-dx4000\/","title":{"rendered":"SISTEMA DE GRABACI\u00d3N DE V\u00cdDEO DIGITAL PELCO DX4000"},"content":{"rendered":"\n\t<section class=\"section\" id=\"section_331591112\">\n\t\t<div class=\"section-bg fill\" >\n\t\t\t\t\t\t\t\t\t\n\t\t\t\n\n\t\t<\/div>\n\n\t\t\n\n\t\t<div class=\"section-content relative\">\n\t\t\t\n<div class=\"row\"  id=\"row-340877537\">\n\n\t<div id=\"col-309877278\" class=\"col small-12 large-12\"  >\n\t\t\t\t<div class=\"col-inner\"  >\n\t\t\t\n\t\t\t\n<div class=\"row\"  id=\"row-20285758\">\n\n\t<div id=\"col-1234114500\" class=\"col small-12 large-12\"  >\n\t\t\t\t<div class=\"col-inner\"  >\n\t\t\t\n\t\t\t\n\n\t\t<div class=\"tabbed-content locacao-tabs\">\n\t\t\t\n\t\t\t<ul class=\"nav nav-tabs nav-normal nav-size-xlarge nav-left active-on-hover\" role=\"tablist\"><li id=\"tab-informaci\u00d3n\" class=\"tab active has-icon\" role=\"presentation\"><a href=\"#tab_informaci\u00d3n\" role=\"tab\" aria-selected=\"true\" aria-controls=\"tab_informaci\u00d3n\"><span>INFORMACI\u00d3N<\/span><\/a><\/li>\n<li id=\"tab-accesorios\" class=\"tab has-icon\" role=\"presentation\"><a href=\"#tab_accesorios\" tabindex=\"-1\" role=\"tab\" aria-selected=\"false\" aria-controls=\"tab_accesorios\"><span>ACCESORIOS<\/span><\/a><\/li>\n<li id=\"tab-descargas\" class=\"tab has-icon\" role=\"presentation\"><a href=\"#tab_descargas\" tabindex=\"-1\" role=\"tab\" aria-selected=\"false\" aria-controls=\"tab_descargas\"><span>DESCARGAS<\/span><\/a><\/li>\n<li id=\"tab-especificaciones\" class=\"tab has-icon\" role=\"presentation\"><a href=\"#tab_especificaciones\" tabindex=\"-1\" role=\"tab\" aria-selected=\"false\" aria-controls=\"tab_especificaciones\"><span>ESPECIFICACIONES<\/span><\/a><\/li><\/ul><div class=\"tab-panels\"><div id=\"tab_informaci\u00d3n\" class=\"panel active entry-content\" role=\"tabpanel\" aria-labelledby=\"tab-informaci\u00d3n\">\n<div class=\"row\"  id=\"row-1369700996\">\n\n\t<div id=\"col-1070914869\" class=\"col medium-6 small-12 large-6\"  >\n\t\t\t\t<div class=\"col-inner\"  >\n\t\t\t\n\t\t\t\n<p>Con capacidad para grabar en resoluciones de hasta 704 x 480, el DVR de la serie DX4000 captura im\u00e1genes claras, creando escenas eficaces para su uso y recuperaci\u00f3n posteriores. Con capacidad para grabar hasta 120 im\u00e1genes por segundo en resoluci\u00f3n CIF, los usuarios tambi\u00e9n pueden grabar v\u00eddeo a c\u00e1mara completa si lo desean. Es posible realizar ajustes individuales, por entrada, para optimizar el DX4000 y satisfacer los requisitos de retenci\u00f3n de v\u00eddeo de una instalaci\u00f3n espec\u00edfica. Los v\u00eddeos clave para investigaci\u00f3n y archivo pueden exportarse f\u00e1cilmente a una memoria USB o a un CD-RW opcional.<\/p>\n<p>Con la capacidad de manipular y controlar equipos de movimiento horizontal\/vertical\/zoom (PTZ) como domos Spectra\u00ae y sistemas de posicionamiento Esprit\u00ae, la DX4000 se convierte en un punto de control eficaz para los requisitos de seguridad de una instalaci\u00f3n. Adem\u00e1s, con la capacidad de activar grabaciones y alarmas por movimiento o contactos externos, la serie DX4000 tambi\u00e9n se convierte en un mecanismo de supervisi\u00f3n automatizado<\/p>\n\t\t<\/div>\n\t\t\t\t\t<\/div>\n\n\t\n\n\t<div id=\"col-1623073969\" class=\"col medium-6 small-12 large-6\"  >\n\t\t\t\t<div class=\"col-inner text-left\"  >\n\t\t\t\n\t\t\t\n<p>Las salidas de v\u00eddeo del DX4000 ofrecen un control eficaz y una intimidaci\u00f3n efectiva. La posibilidad de elegir entre salida de monitor principal VGA, S-V\u00eddeo o compuesta ofrece flexibilidad al usuario. El monitor principal puede configurarse a pantalla completa o en formato cu\u00e1druple. El monitor puntual DX4000 puede utilizarse para aplicaciones de visualizaci\u00f3n p\u00fablica, proporcionando una intimidaci\u00f3n eficaz a posibles delincuentes.<\/p>\n<p>Por \u00faltimo, la DX4000 est\u00e1 dise\u00f1ada para ofrecer un rendimiento robusto y fiable a los profesionales de la seguridad. Desde la incorporaci\u00f3n de la tecnolog\u00eda de marca de agua para evitar alteraciones en el v\u00eddeo capturado hasta la capacidad de capturar entradas de registro que detallan fallos iniciados por el usuario o cambios en el sistema y la inclusi\u00f3n de la promesa de servicio al cliente de Pelco, conocida en todo el mundo, la DX4000 encarna la grabadora de v\u00eddeo digital de nivel b\u00e1sico para proteger propiedades y personas.<\/p>\n\t\t<\/div>\n\t\t\t\t\t<\/div>\n\n\t\n<\/div>\n<\/div>\n<div id=\"tab_accesorios\" class=\"panel entry-content\" role=\"tabpanel\" aria-labelledby=\"tab-accesorios\">\n<div class=\"row align-middle\"  id=\"row-444720355\">\n\n\t<div id=\"col-269223127\" class=\"col medium-10 small-12 large-10\"  >\n\t\t\t\t<div class=\"col-inner\"  >\n\t\t\t\n\t\t\t\n<p>CONTENIDO<\/p>\n\t\t<\/div>\n\t\t\t\t\t<\/div>\n\n\t\n\n\t<div id=\"col-1576433901\" class=\"col medium-2 small-12 large-2\"  >\n\t\t\t\t<div class=\"col-inner\"  >\n\t\t\t\n\t\t\t\n\t\t<\/div>\n\t\t\t\t\t<\/div>\n\n\t\n<\/div>\n<\/div>\n<div id=\"tab_descargas\" class=\"panel entry-content\" role=\"tabpanel\" aria-labelledby=\"tab-descargas\">\n<div class=\"row\"  id=\"row-1640220034\">\n\n\t<div id=\"col-81435672\" class=\"col medium-10 small-12 large-10\"  >\n\t\t\t\t<div class=\"col-inner\"  >\n\t\t\t\n\t\t\t\n<p><a href=\"https:\/\/www.abix.com.br\/wp-content\/uploads\/Ficha-DX4000.pdf\">Ficha t\u00e9cnica del DX4000<\/a><\/p>\n\t\t<\/div>\n\t\t\t\t\t<\/div>\n\n\t\n<\/div>\n<\/div>\n<div id=\"tab_especificaciones\" class=\"panel entry-content\" role=\"tabpanel\" aria-labelledby=\"tab-especificaciones\">\n<div class=\"row\"  id=\"row-493434375\">\n\n\t<div id=\"col-844001743\" class=\"col medium-9 small-12 large-9\"  >\n\t\t\t\t<div class=\"col-inner\"  >\n\t\t\t\n\t\t\t\n<h3>ESPECIFICACIONES EL\u00c9CTRICAS \/ V\u00cdDEO<\/h3>\n<ul>\n<li><strong>Tensi\u00f3n de entrada<\/strong><\/li>\n<\/ul>\n<p>100-240 VCA, 50\/60 Hz, selecci\u00f3n autom\u00e1tica<\/p>\n<ul>\n<li><strong>Consumo de energ\u00eda<\/strong><\/li>\n<\/ul>\n<p>60W<\/p>\n<ul>\n<li><b>Sistema de se\u00f1ales<\/b><\/li>\n<\/ul>\n<p>NTSC\/PAL conmutable<\/p>\n<ul>\n<li><strong>Resoluciones de grabaci\u00f3n<\/strong><\/li>\n<\/ul>\n<p>NTSC PAL<\/p>\n<p>704 x 480 704 x 576<\/p>\n<p>704 x 240 704 x 288<\/p>\n<p>352 x 240 352 x 288<\/p>\n<ul>\n<li><strong>Salidas de v\u00eddeo<\/strong><\/li>\n<\/ul>\n<p>4, compuesto, bucle con terminaci\u00f3n autom\u00e1tica<\/p>\n<p>2, monitores compuestos, principales y puntuales<\/p>\n<p>1, VGA<\/p>\n<p>1, S-Video<\/p>\n<ul>\n<li><strong>Compresi\u00f3n de v\u00eddeo<\/strong><\/li>\n<\/ul>\n<p>MPEG-4<\/p>\n<ul>\n<li><strong>Conexi\u00f3n remota<\/strong><\/li>\n<\/ul>\n<p>LAN\/WAN<\/p>\n<p>TCP\/IP<\/p>\n<p>10\/100mBPS<\/p>\n<p>Puerto de red<\/p>\n<h3>ESPECIFICACIONES DE AUDIO<\/h3>\n<ul>\n<li><strong>Niveles de audio<\/strong>\n<ul>\n<li>Entrada &#8211; Entrada de nivel de l\u00ednea<\/li>\n<li>Salida &#8211; Salida de nivel de l\u00ednea<\/li>\n<\/ul>\n<\/li>\n<li><strong>Entradas de audio<\/strong><\/li>\n<\/ul>\n<p>4 tomas RCA<\/p>\n<ul>\n<li><strong>Salida de v\u00eddeo<\/strong><\/li>\n<\/ul>\n<p>1 toma RCA<\/p>\n<h3>ESPECIFICACIONES MEC\u00c1NICAS<\/h3>\n<ul>\n<li><strong>Conectores<\/strong>\n<ul>\n<li>Entradas de v\u00eddeo &#8211; 4, BNC<\/li>\n<li>Salidas de v\u00eddeo &#8211; 4, BNC, en bucle<\/li>\n<li>Entrada de alarma &#8211; 4, N.F. O N.A., supervisada o no supervisada.<\/li>\n<li>Salida de rel\u00e9 &#8211; 1, N.F. o N.A., 30 VDC\/1A 125VAC\/0.5A<\/li>\n<li>Puerto TCP\/IP &#8211; RJ-45, 10-100Mbps<\/li>\n<li>COM1 &#8211; RS-485 para control PTZ<\/li>\n<li>Puerto USB &#8211; 1, USB 1.1<\/li>\n<\/ul>\n<\/li>\n<\/ul>\n<h3>ESPECIFICACIONES GENERALES<\/h3>\n<ul>\n<li><strong>Temperatura de funcionamiento<\/strong><\/li>\n<\/ul>\n<p>32 a 95\u00baF (0 a 35\u00baC)<\/p>\n<ul>\n<li><strong>Humedad relativa<\/strong><\/li>\n<\/ul>\n<p>M\u00e1ximo 80%, sin condensaci\u00f3n<\/p>\n<ul>\n<li><strong>Dimensiones de la mesa<\/strong><\/li>\n<\/ul>\n<p>14,17\u2033 fondo x 14,17\u2033 ancho x 2,6\u2033 alto (36 x 36 x 6,6 cm)<\/p>\n<ul>\n<li><strong>Peso unitario<\/strong><\/li>\n<\/ul>\n<p>6 kg (13,22 lb)<\/p>\n<h3>CERTIFICACIONES<\/h3>\n<ul>\n<li>CE, Clase A<\/li>\n<li>Certificaci\u00f3n UL (fuente de alimentaci\u00f3n externa)<\/li>\n<li>FCC, Clase A<\/li>\n<\/ul>\n\t\t<\/div>\n\t\t\t\t\t<\/div>\n\n\t\n<\/div>\n<\/div><\/div><\/div>\n\t\t<\/div>\n\t\t\t\t\t<\/div>\n\n\t\n<\/div>\n\t\t<\/div>\n\t\t\t\t\t<\/div>\n\n\t\n<\/div>\n\t\t<\/div>\n\n\t\t\n<style>\n#section_331591112 {\n  padding-top: 0px;\n  padding-bottom: 0px;\n}\n<\/style>\n\t<\/section>\n\t\n","protected":false},"excerpt":{"rendered":"<p style=\"text-align: justify;\">El grabador de v\u00eddeo digital (DVR) de la serie DX4000 es un grabador digital profesional b\u00e1sico que, adem\u00e1s de sustituir a la combinaci\u00f3n tradicional de VCR y multiplexor, ofrece las ventajas derivadas de lo \u00faltimo en procesamiento de v\u00eddeo digital.<\/p>\n<p style=\"text-align: justify;\">Dise\u00f1ado para funcionar con las redes de banda ancha actuales, el DX4000 utiliza compresi\u00f3n MPEG-4, lo que permite al usuario visualizar y controlar el DVR a trav\u00e9s de una red de \u00e1rea local o amplia. Adem\u00e1s, el menor tama\u00f1o de los archivos producidos por la norma de compresi\u00f3n MPEG-4 permite tiempos de almacenamiento m\u00e1s largos en comparaci\u00f3n con las tecnolog\u00edas DVR tradicionales.<\/p>\n","protected":false},"featured_media":10771,"comment_status":"closed","ping_status":"closed","template":"","meta":[],"product_brand":[],"product_cat":[178,243,179],"product_tag":[],"class_list":{"0":"post-19329","1":"product","2":"type-product","3":"status-publish","4":"has-post-thumbnail","6":"product_cat-cctv","7":"product_cat-outros-produtos-cftv","8":"product_cat-pelco-es","10":"first","11":"instock","12":"shipping-taxable","13":"product-type-simple"},"yoast_head":"<!-- This site is optimized with the Yoast SEO plugin v27.4 - https:\/\/yoast.com\/product\/yoast-seo-wordpress\/ -->\n<title>SISTEMA DE GRABACI\u00d3N DE V\u00cdDEO DIGITAL PELCO DX4000 - Abix<\/title>\n<meta name=\"description\" content=\"SISTEMA DE GRABACI\u00d3N DE V\u00cdDEO DIGITAL PELCO DX4000 - El grabador de v\u00eddeo digital (DVR) de la serie DX4000 es un grabador digital profesional de nivel b\u00e1sico.\" \/>\n<meta name=\"robots\" content=\"index, follow, max-snippet:-1, max-image-preview:large, max-video-preview:-1\" \/>\n<link rel=\"canonical\" href=\"https:\/\/abix.com.br\/es\/produto\/sistema-de-grabacion-de-video-digital-pelco-dx4000\/\" \/>\n<meta property=\"og:locale\" content=\"es_ES\" \/>\n<meta property=\"og:type\" content=\"article\" \/>\n<meta property=\"og:title\" content=\"SISTEMA DE GRABACI\u00d3N DE V\u00cdDEO DIGITAL PELCO DX4000 - Abix\" \/>\n<meta property=\"og:description\" content=\"SISTEMA DE GRABACI\u00d3N DE V\u00cdDEO DIGITAL PELCO DX4000 - El grabador de v\u00eddeo digital (DVR) de la serie DX4000 es un grabador digital profesional de nivel b\u00e1sico.\" \/>\n<meta property=\"og:url\" content=\"https:\/\/abix.com.br\/es\/produto\/sistema-de-grabacion-de-video-digital-pelco-dx4000\/\" \/>\n<meta property=\"og:site_name\" content=\"Abix\" \/>\n<meta property=\"article:modified_time\" content=\"2023-10-19T18:09:03+00:00\" \/>\n<meta name=\"twitter:card\" content=\"summary_large_image\" \/>\n<meta name=\"twitter:label1\" content=\"Tiempo de lectura\" \/>\n\t<meta name=\"twitter:data1\" content=\"3 minutos\" \/>\n<script type=\"application\/ld+json\" class=\"yoast-schema-graph\">{\"@context\":\"https:\\\/\\\/schema.org\",\"@graph\":[{\"@type\":\"WebPage\",\"@id\":\"https:\\\/\\\/abix.com.br\\\/es\\\/produto\\\/sistema-de-grabacion-de-video-digital-pelco-dx4000\\\/\",\"url\":\"https:\\\/\\\/abix.com.br\\\/es\\\/produto\\\/sistema-de-grabacion-de-video-digital-pelco-dx4000\\\/\",\"name\":\"SISTEMA DE GRABACI\u00d3N DE V\u00cdDEO DIGITAL PELCO DX4000 - Abix\",\"isPartOf\":{\"@id\":\"https:\\\/\\\/abix.com.br\\\/#website\"},\"primaryImageOfPage\":{\"@id\":\"https:\\\/\\\/abix.com.br\\\/es\\\/produto\\\/sistema-de-grabacion-de-video-digital-pelco-dx4000\\\/#primaryimage\"},\"image\":{\"@id\":\"https:\\\/\\\/abix.com.br\\\/es\\\/produto\\\/sistema-de-grabacion-de-video-digital-pelco-dx4000\\\/#primaryimage\"},\"thumbnailUrl\":\"https:\\\/\\\/abix.com.br\\\/wp-content\\\/uploads\\\/2020\\\/06\\\/Pelco-DX4000.jpg\",\"datePublished\":\"2020-06-15T18:26:49+00:00\",\"dateModified\":\"2023-10-19T18:09:03+00:00\",\"description\":\"SISTEMA DE GRABACI\u00d3N DE V\u00cdDEO DIGITAL PELCO DX4000 - El grabador de v\u00eddeo digital (DVR) de la serie DX4000 es un grabador digital profesional de nivel b\u00e1sico.\",\"breadcrumb\":{\"@id\":\"https:\\\/\\\/abix.com.br\\\/es\\\/produto\\\/sistema-de-grabacion-de-video-digital-pelco-dx4000\\\/#breadcrumb\"},\"inLanguage\":\"es\",\"potentialAction\":[{\"@type\":\"ReadAction\",\"target\":[\"https:\\\/\\\/abix.com.br\\\/es\\\/produto\\\/sistema-de-grabacion-de-video-digital-pelco-dx4000\\\/\"]}]},{\"@type\":\"ImageObject\",\"inLanguage\":\"es\",\"@id\":\"https:\\\/\\\/abix.com.br\\\/es\\\/produto\\\/sistema-de-grabacion-de-video-digital-pelco-dx4000\\\/#primaryimage\",\"url\":\"https:\\\/\\\/abix.com.br\\\/wp-content\\\/uploads\\\/2020\\\/06\\\/Pelco-DX4000.jpg\",\"contentUrl\":\"https:\\\/\\\/abix.com.br\\\/wp-content\\\/uploads\\\/2020\\\/06\\\/Pelco-DX4000.jpg\",\"width\":1000,\"height\":1000,\"caption\":\"SISTEMA DE GRAVA\u00c7\u00c3O DE V\u00cdDEO DIGITAL PELCO DX4000\"},{\"@type\":\"BreadcrumbList\",\"@id\":\"https:\\\/\\\/abix.com.br\\\/es\\\/produto\\\/sistema-de-grabacion-de-video-digital-pelco-dx4000\\\/#breadcrumb\",\"itemListElement\":[{\"@type\":\"ListItem\",\"position\":1,\"name\":\"In\u00edcio\",\"item\":\"https:\\\/\\\/abix.com.br\\\/es\\\/\"},{\"@type\":\"ListItem\",\"position\":2,\"name\":\"Tienda\",\"item\":\"https:\\\/\\\/abix.com.br\\\/loja\\\/\"},{\"@type\":\"ListItem\",\"position\":3,\"name\":\"SISTEMA DE GRABACI\u00d3N DE V\u00cdDEO DIGITAL PELCO DX4000\"}]},{\"@type\":\"WebSite\",\"@id\":\"https:\\\/\\\/abix.com.br\\\/#website\",\"url\":\"https:\\\/\\\/abix.com.br\\\/\",\"name\":\"Abix\",\"description\":\"\",\"potentialAction\":[{\"@type\":\"SearchAction\",\"target\":{\"@type\":\"EntryPoint\",\"urlTemplate\":\"https:\\\/\\\/abix.com.br\\\/?s={search_term_string}\"},\"query-input\":{\"@type\":\"PropertyValueSpecification\",\"valueRequired\":true,\"valueName\":\"search_term_string\"}}],\"inLanguage\":\"es\"}]}<\/script>\n<!-- \/ Yoast SEO plugin. -->","yoast_head_json":{"title":"SISTEMA DE GRABACI\u00d3N DE V\u00cdDEO DIGITAL PELCO DX4000 - Abix","description":"SISTEMA DE GRABACI\u00d3N DE V\u00cdDEO DIGITAL PELCO DX4000 - El grabador de v\u00eddeo digital (DVR) de la serie DX4000 es un grabador digital profesional de nivel b\u00e1sico.","robots":{"index":"index","follow":"follow","max-snippet":"max-snippet:-1","max-image-preview":"max-image-preview:large","max-video-preview":"max-video-preview:-1"},"canonical":"https:\/\/abix.com.br\/es\/produto\/sistema-de-grabacion-de-video-digital-pelco-dx4000\/","og_locale":"es_ES","og_type":"article","og_title":"SISTEMA DE GRABACI\u00d3N DE V\u00cdDEO DIGITAL PELCO DX4000 - Abix","og_description":"SISTEMA DE GRABACI\u00d3N DE V\u00cdDEO DIGITAL PELCO DX4000 - El grabador de v\u00eddeo digital (DVR) de la serie DX4000 es un grabador digital profesional de nivel b\u00e1sico.","og_url":"https:\/\/abix.com.br\/es\/produto\/sistema-de-grabacion-de-video-digital-pelco-dx4000\/","og_site_name":"Abix","article_modified_time":"2023-10-19T18:09:03+00:00","twitter_card":"summary_large_image","twitter_misc":{"Tiempo de lectura":"3 minutos"},"schema":{"@context":"https:\/\/schema.org","@graph":[{"@type":"WebPage","@id":"https:\/\/abix.com.br\/es\/produto\/sistema-de-grabacion-de-video-digital-pelco-dx4000\/","url":"https:\/\/abix.com.br\/es\/produto\/sistema-de-grabacion-de-video-digital-pelco-dx4000\/","name":"SISTEMA DE GRABACI\u00d3N DE V\u00cdDEO DIGITAL PELCO DX4000 - Abix","isPartOf":{"@id":"https:\/\/abix.com.br\/#website"},"primaryImageOfPage":{"@id":"https:\/\/abix.com.br\/es\/produto\/sistema-de-grabacion-de-video-digital-pelco-dx4000\/#primaryimage"},"image":{"@id":"https:\/\/abix.com.br\/es\/produto\/sistema-de-grabacion-de-video-digital-pelco-dx4000\/#primaryimage"},"thumbnailUrl":"https:\/\/abix.com.br\/wp-content\/uploads\/2020\/06\/Pelco-DX4000.jpg","datePublished":"2020-06-15T18:26:49+00:00","dateModified":"2023-10-19T18:09:03+00:00","description":"SISTEMA DE GRABACI\u00d3N DE V\u00cdDEO DIGITAL PELCO DX4000 - El grabador de v\u00eddeo digital (DVR) de la serie DX4000 es un grabador digital profesional de nivel b\u00e1sico.","breadcrumb":{"@id":"https:\/\/abix.com.br\/es\/produto\/sistema-de-grabacion-de-video-digital-pelco-dx4000\/#breadcrumb"},"inLanguage":"es","potentialAction":[{"@type":"ReadAction","target":["https:\/\/abix.com.br\/es\/produto\/sistema-de-grabacion-de-video-digital-pelco-dx4000\/"]}]},{"@type":"ImageObject","inLanguage":"es","@id":"https:\/\/abix.com.br\/es\/produto\/sistema-de-grabacion-de-video-digital-pelco-dx4000\/#primaryimage","url":"https:\/\/abix.com.br\/wp-content\/uploads\/2020\/06\/Pelco-DX4000.jpg","contentUrl":"https:\/\/abix.com.br\/wp-content\/uploads\/2020\/06\/Pelco-DX4000.jpg","width":1000,"height":1000,"caption":"SISTEMA DE GRAVA\u00c7\u00c3O DE V\u00cdDEO DIGITAL PELCO DX4000"},{"@type":"BreadcrumbList","@id":"https:\/\/abix.com.br\/es\/produto\/sistema-de-grabacion-de-video-digital-pelco-dx4000\/#breadcrumb","itemListElement":[{"@type":"ListItem","position":1,"name":"In\u00edcio","item":"https:\/\/abix.com.br\/es\/"},{"@type":"ListItem","position":2,"name":"Tienda","item":"https:\/\/abix.com.br\/loja\/"},{"@type":"ListItem","position":3,"name":"SISTEMA DE GRABACI\u00d3N DE V\u00cdDEO DIGITAL PELCO DX4000"}]},{"@type":"WebSite","@id":"https:\/\/abix.com.br\/#website","url":"https:\/\/abix.com.br\/","name":"Abix","description":"","potentialAction":[{"@type":"SearchAction","target":{"@type":"EntryPoint","urlTemplate":"https:\/\/abix.com.br\/?s={search_term_string}"},"query-input":{"@type":"PropertyValueSpecification","valueRequired":true,"valueName":"search_term_string"}}],"inLanguage":"es"}]}},"_links":{"self":[{"href":"https:\/\/abix.com.br\/es\/wp-json\/wp\/v2\/product\/19329","targetHints":{"allow":["GET"]}}],"collection":[{"href":"https:\/\/abix.com.br\/es\/wp-json\/wp\/v2\/product"}],"about":[{"href":"https:\/\/abix.com.br\/es\/wp-json\/wp\/v2\/types\/product"}],"replies":[{"embeddable":true,"href":"https:\/\/abix.com.br\/es\/wp-json\/wp\/v2\/comments?post=19329"}],"wp:featuredmedia":[{"embeddable":true,"href":"https:\/\/abix.com.br\/es\/wp-json\/wp\/v2\/media\/10771"}],"wp:attachment":[{"href":"https:\/\/abix.com.br\/es\/wp-json\/wp\/v2\/media?parent=19329"}],"wp:term":[{"taxonomy":"product_brand","embeddable":true,"href":"https:\/\/abix.com.br\/es\/wp-json\/wp\/v2\/product_brand?post=19329"},{"taxonomy":"product_cat","embeddable":true,"href":"https:\/\/abix.com.br\/es\/wp-json\/wp\/v2\/product_cat?post=19329"},{"taxonomy":"product_tag","embeddable":true,"href":"https:\/\/abix.com.br\/es\/wp-json\/wp\/v2\/product_tag?post=19329"}],"curies":[{"name":"wp","href":"https:\/\/api.w.org\/{rel}","templated":true}]}}