{"id":19330,"date":"2020-06-15T13:16:07","date_gmt":"2020-06-15T16:16:07","guid":{"rendered":"https:\/\/abix.com.br\/produto\/grabador-de-video-digital-pelco-dx8100\/"},"modified":"2023-10-19T15:09:24","modified_gmt":"2023-10-19T18:09:24","slug":"grabador-de-video-digital-pelco-dx8100","status":"publish","type":"product","link":"https:\/\/abix.com.br\/es\/produto\/grabador-de-video-digital-pelco-dx8100\/","title":{"rendered":"GRABADOR DE V\u00cdDEO DIGITAL PELCO DX8100"},"content":{"rendered":"\n\t<section class=\"section\" id=\"section_845460020\">\n\t\t<div class=\"section-bg fill\" >\n\t\t\t\t\t\t\t\t\t\n\t\t\t\n\n\t\t<\/div>\n\n\t\t\n\n\t\t<div class=\"section-content relative\">\n\t\t\t\n<div class=\"row\"  id=\"row-398539979\">\n\n\t<div id=\"col-277943945\" class=\"col small-12 large-12\"  >\n\t\t\t\t<div class=\"col-inner\"  >\n\t\t\t\n\t\t\t\n<div class=\"row\"  id=\"row-1445320957\">\n\n\t<div id=\"col-443741217\" class=\"col small-12 large-12\"  >\n\t\t\t\t<div class=\"col-inner\"  >\n\t\t\t\n\t\t\t\n\n\t\t<div class=\"tabbed-content locacao-tabs\">\n\t\t\t\n\t\t\t<ul class=\"nav nav-tabs nav-normal nav-size-xlarge nav-left active-on-hover\" role=\"tablist\"><li id=\"tab-informaci\u00d3n\" class=\"tab active has-icon\" role=\"presentation\"><a href=\"#tab_informaci\u00d3n\" role=\"tab\" aria-selected=\"true\" aria-controls=\"tab_informaci\u00d3n\"><span>INFORMACI\u00d3N<\/span><\/a><\/li>\n<li id=\"tab-accesorios\" class=\"tab has-icon\" role=\"presentation\"><a href=\"#tab_accesorios\" tabindex=\"-1\" role=\"tab\" aria-selected=\"false\" aria-controls=\"tab_accesorios\"><span>ACCESORIOS<\/span><\/a><\/li>\n<li id=\"tab-descargas\" class=\"tab has-icon\" role=\"presentation\"><a href=\"#tab_descargas\" tabindex=\"-1\" role=\"tab\" aria-selected=\"false\" aria-controls=\"tab_descargas\"><span>DESCARGAS<\/span><\/a><\/li>\n<li id=\"tab-especificaciones\" class=\"tab has-icon\" role=\"presentation\"><a href=\"#tab_especificaciones\" tabindex=\"-1\" role=\"tab\" aria-selected=\"false\" aria-controls=\"tab_especificaciones\"><span>ESPECIFICACIONES<\/span><\/a><\/li><\/ul><div class=\"tab-panels\"><div id=\"tab_informaci\u00d3n\" class=\"panel active entry-content\" role=\"tabpanel\" aria-labelledby=\"tab-informaci\u00d3n\">\n<div class=\"row\"  id=\"row-2099726337\">\n\n\t<div id=\"col-1134586659\" class=\"col medium-6 small-12 large-6\"  >\n\t\t\t\t<div class=\"col-inner\"  >\n\t\t\t\n\t\t\t\n<h3>Grabaci\u00f3n de c\u00e1maras anal\u00f3gicas a IP f\u00e1cil y eficaz<\/h3>\n<p>El nuevo medidor de recursos DX8100 supervisa los recursos del sistema en tiempo real y es un indicador \u00fatil para a\u00f1adir c\u00e1maras IP al sistema. Las nuevas herramientas de configuraci\u00f3n permiten configurar f\u00e1cilmente las c\u00e1maras IP. Sin costes de licencia para las c\u00e1maras de red de alta definici\u00f3n est\u00e1ndar de Pelco y AXIS\u00ae, el cambio a la grabaci\u00f3n IP es una transici\u00f3n asequible.<\/p>\n<h3>Almacenamiento flexible<\/h3>\n<p>La DX8100 ofrece diversas opciones para las necesidades de almacenamiento interno y redundancia de datos. Los nuevos modelos de 8 TB ofrecen una mayor retenci\u00f3n de almacenamiento. El nuevo almacenamiento externo USB 2.0 JBOD (un pu\u00f1ado de discos) de hasta 8 TB satisface las demandas m\u00e1s exigentes en cuanto a costes. Combinadas, las nuevas opciones de almacenamiento aumentan la capacidad de grabaci\u00f3n del HVR a 16 TB. Los clientes que necesiten redundancia de archivos pueden elegir entre varias opciones RAID 5 de hasta 24 TB de almacenamiento externo.<\/p>\n<h3>Supervisi\u00f3n de la comprobaci\u00f3n de la integridad del sistema<\/h3>\n<p>El DX8100 proporciona una visi\u00f3n general r\u00e1pida del estado operativo de la unidad cr\u00edtica. Cuando se supera un l\u00edmite operativo, aparece una alerta en el servidor y en los clientes remotos conectados. La supervisi\u00f3n de la comprobaci\u00f3n del estado del sistema ayuda a garantizar el m\u00e1ximo tiempo de actividad del sistema y la disponibilidad de la DX8100.<\/p>\n<h3>Integraci\u00f3n de aplicaciones y sistemas<\/h3>\n<p>La flexibilidad y disponibilidad de la DX8100 se consigue mediante API publicadas y bien documentadas. Para obtener informaci\u00f3n sobre el programa de desarrolladores de Pelco, visite nuestro sitio web en www.pelco.com.<\/p>\n<h3>Mayor flexibilidad e interconectividad<\/h3>\n<p>Con el software DS ControlPoint, la DX8100 puede conectarse a un sistema Digital Sentry\u00ae y a otros HVR \/ DVR de la serie DX. Los operadores de DS ControlPoint pueden ver y reproducir simult\u00e1neamente v\u00eddeo anal\u00f3gico y controlar c\u00e1maras desde cualquier DX4500, DX4600, DX8000 o DX8100. Los operadores tambi\u00e9n pueden ver y reproducir im\u00e1genes anal\u00f3gicas y v\u00eddeo IP, al tiempo que controlan las c\u00e1maras desde cualquier sistema Digital Sentry.<\/p>\n\t\t<\/div>\n\t\t\t\t\t<\/div>\n\n\t\n\n\t<div id=\"col-1959639338\" class=\"col medium-6 small-12 large-6\"  >\n\t\t\t\t<div class=\"col-inner text-left\"  >\n\t\t\t\n\t\t\t\n<h3>Visualizaci\u00f3n adaptativa<\/h3>\n<p>La capacidad de doble pantalla del servidor exclusivo de la DX8100 permite visualizar hasta 72 c\u00e1maras simult\u00e1neamente. Hasta cuatro monitores compuestos ampliados pueden funcionar como monitores de visualizaci\u00f3n p\u00fablica. o La funci\u00f3n de favoritos de la DX8100 permite a los usuarios recuperar r\u00e1pidamente cualquier combinaci\u00f3n de c\u00e1mara y vistas para facilitar la navegaci\u00f3n por la c\u00e1mara. Estas amplias selecciones hacen que la DX8100 sea adaptable para una visualizaci\u00f3n completa de la vigilancia.<\/p>\n<h3>Amplias opciones de red<\/h3>\n<p>Las redes DX8100 pueden crecer a medida que aumentan los requisitos de seguridad. Una unidad puede funcionar como parte de una red de hasta cinco DX8100 y DX8000. De este modo, el operador de HVR puede visualizar y controlar hasta 180 c\u00e1maras. El cliente remoto puede administrar los servidores DX8100, y puede controlar y operar simult\u00e1neamente hasta 36 c\u00e1maras conectadas a cualquiera de los 200 HVR \/ DVR DX8100 y DX8000. La aplicaci\u00f3n de cliente remoto, EmergencyAgent y el visor DX8100 se incluyen sin coste adicional. Estas aplicaciones pueden instalarse en un n\u00famero ilimitado de estaciones de trabajo cliente.<\/p>\n\t\t<\/div>\n\t\t\t\t\t<\/div>\n\n\t\n<\/div>\n<\/div>\n<div id=\"tab_accesorios\" class=\"panel entry-content\" role=\"tabpanel\" aria-labelledby=\"tab-accesorios\">\n<div class=\"row align-middle\"  id=\"row-1310937299\">\n\n\t<div id=\"col-361214069\" class=\"col medium-10 small-12 large-10\"  >\n\t\t\t\t<div class=\"col-inner\"  >\n\t\t\t\n\t\t\t\n<p>CONTENIDO<\/p>\n\t\t<\/div>\n\t\t\t\t\t<\/div>\n\n\t\n\n\t<div id=\"col-919484631\" class=\"col medium-2 small-12 large-2\"  >\n\t\t\t\t<div class=\"col-inner\"  >\n\t\t\t\n\t\t\t\n\t\t<\/div>\n\t\t\t\t\t<\/div>\n\n\t\n<\/div>\n<\/div>\n<div id=\"tab_descargas\" class=\"panel entry-content\" role=\"tabpanel\" aria-labelledby=\"tab-descargas\">\n<div class=\"row\"  id=\"row-528451859\">\n\n\t<div id=\"col-1358211253\" class=\"col medium-10 small-12 large-10\"  >\n\t\t\t\t<div class=\"col-inner\"  >\n\t\t\t\n\t\t\t\n<p><a href=\"https:\/\/www.abix.com.br\/wp-content\/uploads\/Ficha-DX8100.pdf\">Ficha t\u00e9cnica DX8100<\/a><\/p>\n\t\t<\/div>\n\t\t\t\t\t<\/div>\n\n\t\n<\/div>\n<\/div>\n<div id=\"tab_especificaciones\" class=\"panel entry-content\" role=\"tabpanel\" aria-labelledby=\"tab-especificaciones\">\n<div class=\"row\"  id=\"row-1460836724\">\n\n\t<div id=\"col-2079949562\" class=\"col medium-9 small-12 large-9\"  >\n\t\t\t\t<div class=\"col-inner\"  >\n\t\t\t\n\t\t\t\n<h3>ESPECIFICACIONES EL\u00c9CTRICAS \/ V\u00cdDEO<\/h3>\n<ul>\n<li><strong>Tensi\u00f3n de entrada<\/strong><\/li>\n<\/ul>\n<p>100 a 240 VZ=CA \u00b110%, 50\/60 Hz, con selecci\u00f3n autom\u00e1tica<\/p>\n<ul>\n<li><strong>Consumo de energ\u00eda<\/strong><\/li>\n<\/ul>\n<p>M\u00e1ximo 350 W<\/p>\n<ul>\n<li><b>Sistema de se\u00f1ales<\/b><\/li>\n<\/ul>\n<p>NTSC\/PAL<\/p>\n<ul>\n<li><strong>Sistema operativo<\/strong><\/li>\n<\/ul>\n<p>Windows\u00ae 2000 y Service Pack 4<\/p>\n<ul>\n<li><strong>Resoluciones de grabaci\u00f3n<\/strong><\/li>\n<\/ul>\n<p>NTSC PAL<\/p>\n<p>320 x 240 320 x 288<\/p>\n<p>640 x 240 640 x 288<\/p>\n<p>640 x 480 640 x 576<\/p>\n<p>352 x 240 352 x 288<\/p>\n<p>704 x 240 704 x 288<\/p>\n<p>704 x 480 704 x 576<\/p>\n<ul>\n<li><strong>Compresi\u00f3n<\/strong><\/li>\n<\/ul>\n<p>Dise\u00f1ado por Pelco<\/p>\n<ul>\n<li><strong>Entrada de v\u00eddeo<\/strong><\/li>\n<\/ul>\n<p>8\/16\/24\/32 (bucle con terminaci\u00f3n autom\u00e1tica)<\/p>\n<ul>\n<li><strong>Salida VGA<\/strong><\/li>\n<\/ul>\n<p>1<\/p>\n<ul>\n<li><strong>Salidas de v\u00eddeo anal\u00f3gicas<\/strong><\/li>\n<\/ul>\n<p>1 (2 con juego de ampliaci\u00f3n de 16 canales)<\/p>\n<ul>\n<li><strong>Terminales de entrada de alarma<\/strong><\/li>\n<\/ul>\n<p>8\/16\/24\/32 (seleccionable por el usuario, N.A. \/ N.F.)<\/p>\n<ul>\n<li><strong>Terminales de salida de rel\u00e9<\/strong><\/li>\n<\/ul>\n<p>8\/16\/24 (seleccionable por el usuario, N.A.\/N.F.)<\/p>\n<ul>\n<li><strong>Capacidades de los contactos del rel\u00e9** Carga nominal (resistiva)<\/strong><\/li>\n<\/ul>\n<p>0,5 A a 120 V CA o 1 A a 24 V CC<\/p>\n<ul>\n<li><strong>Administraci\u00f3n remota<\/strong><\/li>\n<\/ul>\n<p>Control remoto total a trav\u00e9s de la red TCP\/IP<\/p>\n<h3>ESPECIFICACIONES MEC\u00c1NICAS<\/h3>\n<ul>\n<li><strong>Conectores<\/strong>\n<ul>\n<li>BNC &#8211; Entradas y salidas de v\u00eddeo<\/li>\n<li>Mini-DIN de 6 patillas &#8211; rat\u00f3n y teclado PS\/2<\/li>\n<li>DB9 &#8211; Con 1<\/li>\n<li>DB15 &#8211; Puerto VGA<\/li>\n<li>RJ45 &#8211; puerto 10\/100\/1000 Megabit Ethernet y puertos RS-485\/RS-422<\/li>\n<li>USB &#8211; Seis puertos USB 2.0 de alta velocidad (2 delanteros, 4 traseros)<\/li>\n<li>Conectores de audio: una toma de auriculares en miniatura para la salida de audio.<\/li>\n<\/ul>\n<\/li>\n<\/ul>\n<h3>ESPECIFICACIONES GENERALES<\/h3>\n<ul>\n<li><strong>Temperatura de funcionamiento<\/strong><\/li>\n<\/ul>\n<p>50 a 95\u00baF (10 a 35\u00baC)<\/p>\n<ul>\n<li><strong>Humedad relativa<\/strong><\/li>\n<\/ul>\n<p>M\u00e1ximo 80%, sin condensaci\u00f3n<\/p>\n<ul>\n<li><strong>Dimensiones de la mesa<\/strong><\/li>\n<\/ul>\n<p>7,0 (alto) x 17 (ancho) x 19,9 (fondo) pulgadas (17,78 x 43,18 x 50,55 cm)<\/p>\n<h3>CERTIFICACIONES<\/h3>\n<ul>\n<li>CE, Clase B<\/li>\n<li>Certificaci\u00f3n UL<\/li>\n<li>Certificaci\u00f3n UL conforme a las normas de seguridad canadienses<\/li>\n<li>FCC, Clase B<\/li>\n<\/ul>\n\t\t<\/div>\n\t\t\t\t\t<\/div>\n\n\t\n<\/div>\n<\/div><\/div><\/div>\n\t\t<\/div>\n\t\t\t\t\t<\/div>\n\n\t\n<\/div>\n\t\t<\/div>\n\t\t\t\t\t<\/div>\n\n\t\n<\/div>\n\t\t<\/div>\n\n\t\t\n<style>\n#section_845460020 {\n  padding-top: 0px;\n  padding-bottom: 0px;\n}\n<\/style>\n\t<\/section>\n\t\n","protected":false},"excerpt":{"rendered":"<p style=\"text-align: justify;\">El grabador de v\u00eddeo h\u00edbrido (HVR) de la serie DX8100 lleva mucho tiempo dando servicio al mercado de la seguridad profesional con una amplia gama de herramientas de b\u00fasqueda, la posibilidad de ver hasta 72 c\u00e1maras en el servidor, grabaci\u00f3n de cajeros autom\u00e1ticos y puntos de venta y mucho m\u00e1s. La nueva funci\u00f3n de grabaci\u00f3n h\u00edbrida de la versi\u00f3n 2.0 de DX8100 ofrece una plataforma de grabaci\u00f3n de seguridad a\u00fan m\u00e1s flexible y robusta.<\/p>\n<p style=\"text-align: justify;\">Este modelo cumple las normas del Proceso de Certificaci\u00f3n y Acreditaci\u00f3n de la Seguridad de la Informaci\u00f3n de Defensa (DIACAP). Las instalaciones gubernamentales que disponen de sistemas DX8100 pueden convertirlos en sistemas compatibles con DIACAP sin perder el v\u00eddeo existente.<\/p>\n","protected":false},"featured_media":10760,"comment_status":"closed","ping_status":"closed","template":"","meta":[],"product_brand":[],"product_cat":[178,243,179],"product_tag":[],"class_list":{"0":"post-19330","1":"product","2":"type-product","3":"status-publish","4":"has-post-thumbnail","6":"product_cat-cctv","7":"product_cat-outros-produtos-cftv","8":"product_cat-pelco-es","10":"first","11":"instock","12":"shipping-taxable","13":"product-type-simple"},"yoast_head":"<!-- This site is optimized with the Yoast SEO plugin v27.3 - https:\/\/yoast.com\/product\/yoast-seo-wordpress\/ -->\n<title>GRABADOR DE V\u00cdDEO DIGITAL PELCO DX8100 - Abix<\/title>\n<meta name=\"description\" content=\"El grabador de v\u00eddeo h\u00edbrido (HVR) de la serie DX8100 lleva mucho tiempo al servicio del mercado de la seguridad profesional.\" \/>\n<meta name=\"robots\" content=\"index, follow, max-snippet:-1, max-image-preview:large, max-video-preview:-1\" \/>\n<link rel=\"canonical\" href=\"https:\/\/abix.com.br\/es\/produto\/grabador-de-video-digital-pelco-dx8100\/\" \/>\n<meta property=\"og:locale\" content=\"es_ES\" \/>\n<meta property=\"og:type\" content=\"article\" \/>\n<meta property=\"og:title\" content=\"GRABADOR DE V\u00cdDEO DIGITAL PELCO DX8100 - Abix\" \/>\n<meta property=\"og:description\" content=\"El grabador de v\u00eddeo h\u00edbrido (HVR) de la serie DX8100 lleva mucho tiempo al servicio del mercado de la seguridad profesional.\" \/>\n<meta property=\"og:url\" content=\"https:\/\/abix.com.br\/es\/produto\/grabador-de-video-digital-pelco-dx8100\/\" \/>\n<meta property=\"og:site_name\" content=\"Abix\" \/>\n<meta property=\"article:modified_time\" content=\"2023-10-19T18:09:24+00:00\" \/>\n<meta name=\"twitter:card\" content=\"summary_large_image\" \/>\n<meta name=\"twitter:label1\" content=\"Tiempo de lectura\" \/>\n\t<meta name=\"twitter:data1\" content=\"5 minutos\" \/>\n<script type=\"application\/ld+json\" class=\"yoast-schema-graph\">{\"@context\":\"https:\\\/\\\/schema.org\",\"@graph\":[{\"@type\":\"WebPage\",\"@id\":\"https:\\\/\\\/abix.com.br\\\/es\\\/produto\\\/grabador-de-video-digital-pelco-dx8100\\\/\",\"url\":\"https:\\\/\\\/abix.com.br\\\/es\\\/produto\\\/grabador-de-video-digital-pelco-dx8100\\\/\",\"name\":\"GRABADOR DE V\u00cdDEO DIGITAL PELCO DX8100 - Abix\",\"isPartOf\":{\"@id\":\"https:\\\/\\\/abix.com.br\\\/#website\"},\"primaryImageOfPage\":{\"@id\":\"https:\\\/\\\/abix.com.br\\\/es\\\/produto\\\/grabador-de-video-digital-pelco-dx8100\\\/#primaryimage\"},\"image\":{\"@id\":\"https:\\\/\\\/abix.com.br\\\/es\\\/produto\\\/grabador-de-video-digital-pelco-dx8100\\\/#primaryimage\"},\"thumbnailUrl\":\"https:\\\/\\\/abix.com.br\\\/wp-content\\\/uploads\\\/2020\\\/06\\\/DX8100-SERIES.jpg\",\"datePublished\":\"2020-06-15T16:16:07+00:00\",\"dateModified\":\"2023-10-19T18:09:24+00:00\",\"description\":\"El grabador de v\u00eddeo h\u00edbrido (HVR) de la serie DX8100 lleva mucho tiempo al servicio del mercado de la seguridad profesional.\",\"breadcrumb\":{\"@id\":\"https:\\\/\\\/abix.com.br\\\/es\\\/produto\\\/grabador-de-video-digital-pelco-dx8100\\\/#breadcrumb\"},\"inLanguage\":\"es\",\"potentialAction\":[{\"@type\":\"ReadAction\",\"target\":[\"https:\\\/\\\/abix.com.br\\\/es\\\/produto\\\/grabador-de-video-digital-pelco-dx8100\\\/\"]}]},{\"@type\":\"ImageObject\",\"inLanguage\":\"es\",\"@id\":\"https:\\\/\\\/abix.com.br\\\/es\\\/produto\\\/grabador-de-video-digital-pelco-dx8100\\\/#primaryimage\",\"url\":\"https:\\\/\\\/abix.com.br\\\/wp-content\\\/uploads\\\/2020\\\/06\\\/DX8100-SERIES.jpg\",\"contentUrl\":\"https:\\\/\\\/abix.com.br\\\/wp-content\\\/uploads\\\/2020\\\/06\\\/DX8100-SERIES.jpg\",\"width\":1041,\"height\":523,\"caption\":\"GRAVADOR DE V\u00cdDEO DIGITAL PELCO DX8100\"},{\"@type\":\"BreadcrumbList\",\"@id\":\"https:\\\/\\\/abix.com.br\\\/es\\\/produto\\\/grabador-de-video-digital-pelco-dx8100\\\/#breadcrumb\",\"itemListElement\":[{\"@type\":\"ListItem\",\"position\":1,\"name\":\"In\u00edcio\",\"item\":\"https:\\\/\\\/abix.com.br\\\/es\\\/\"},{\"@type\":\"ListItem\",\"position\":2,\"name\":\"Tienda\",\"item\":\"https:\\\/\\\/abix.com.br\\\/loja\\\/\"},{\"@type\":\"ListItem\",\"position\":3,\"name\":\"GRABADOR DE V\u00cdDEO DIGITAL PELCO DX8100\"}]},{\"@type\":\"WebSite\",\"@id\":\"https:\\\/\\\/abix.com.br\\\/#website\",\"url\":\"https:\\\/\\\/abix.com.br\\\/\",\"name\":\"Abix\",\"description\":\"\",\"potentialAction\":[{\"@type\":\"SearchAction\",\"target\":{\"@type\":\"EntryPoint\",\"urlTemplate\":\"https:\\\/\\\/abix.com.br\\\/?s={search_term_string}\"},\"query-input\":{\"@type\":\"PropertyValueSpecification\",\"valueRequired\":true,\"valueName\":\"search_term_string\"}}],\"inLanguage\":\"es\"}]}<\/script>\n<!-- \/ Yoast SEO plugin. -->","yoast_head_json":{"title":"GRABADOR DE V\u00cdDEO DIGITAL PELCO DX8100 - Abix","description":"El grabador de v\u00eddeo h\u00edbrido (HVR) de la serie DX8100 lleva mucho tiempo al servicio del mercado de la seguridad profesional.","robots":{"index":"index","follow":"follow","max-snippet":"max-snippet:-1","max-image-preview":"max-image-preview:large","max-video-preview":"max-video-preview:-1"},"canonical":"https:\/\/abix.com.br\/es\/produto\/grabador-de-video-digital-pelco-dx8100\/","og_locale":"es_ES","og_type":"article","og_title":"GRABADOR DE V\u00cdDEO DIGITAL PELCO DX8100 - Abix","og_description":"El grabador de v\u00eddeo h\u00edbrido (HVR) de la serie DX8100 lleva mucho tiempo al servicio del mercado de la seguridad profesional.","og_url":"https:\/\/abix.com.br\/es\/produto\/grabador-de-video-digital-pelco-dx8100\/","og_site_name":"Abix","article_modified_time":"2023-10-19T18:09:24+00:00","twitter_card":"summary_large_image","twitter_misc":{"Tiempo de lectura":"5 minutos"},"schema":{"@context":"https:\/\/schema.org","@graph":[{"@type":"WebPage","@id":"https:\/\/abix.com.br\/es\/produto\/grabador-de-video-digital-pelco-dx8100\/","url":"https:\/\/abix.com.br\/es\/produto\/grabador-de-video-digital-pelco-dx8100\/","name":"GRABADOR DE V\u00cdDEO DIGITAL PELCO DX8100 - Abix","isPartOf":{"@id":"https:\/\/abix.com.br\/#website"},"primaryImageOfPage":{"@id":"https:\/\/abix.com.br\/es\/produto\/grabador-de-video-digital-pelco-dx8100\/#primaryimage"},"image":{"@id":"https:\/\/abix.com.br\/es\/produto\/grabador-de-video-digital-pelco-dx8100\/#primaryimage"},"thumbnailUrl":"https:\/\/abix.com.br\/wp-content\/uploads\/2020\/06\/DX8100-SERIES.jpg","datePublished":"2020-06-15T16:16:07+00:00","dateModified":"2023-10-19T18:09:24+00:00","description":"El grabador de v\u00eddeo h\u00edbrido (HVR) de la serie DX8100 lleva mucho tiempo al servicio del mercado de la seguridad profesional.","breadcrumb":{"@id":"https:\/\/abix.com.br\/es\/produto\/grabador-de-video-digital-pelco-dx8100\/#breadcrumb"},"inLanguage":"es","potentialAction":[{"@type":"ReadAction","target":["https:\/\/abix.com.br\/es\/produto\/grabador-de-video-digital-pelco-dx8100\/"]}]},{"@type":"ImageObject","inLanguage":"es","@id":"https:\/\/abix.com.br\/es\/produto\/grabador-de-video-digital-pelco-dx8100\/#primaryimage","url":"https:\/\/abix.com.br\/wp-content\/uploads\/2020\/06\/DX8100-SERIES.jpg","contentUrl":"https:\/\/abix.com.br\/wp-content\/uploads\/2020\/06\/DX8100-SERIES.jpg","width":1041,"height":523,"caption":"GRAVADOR DE V\u00cdDEO DIGITAL PELCO DX8100"},{"@type":"BreadcrumbList","@id":"https:\/\/abix.com.br\/es\/produto\/grabador-de-video-digital-pelco-dx8100\/#breadcrumb","itemListElement":[{"@type":"ListItem","position":1,"name":"In\u00edcio","item":"https:\/\/abix.com.br\/es\/"},{"@type":"ListItem","position":2,"name":"Tienda","item":"https:\/\/abix.com.br\/loja\/"},{"@type":"ListItem","position":3,"name":"GRABADOR DE V\u00cdDEO DIGITAL PELCO DX8100"}]},{"@type":"WebSite","@id":"https:\/\/abix.com.br\/#website","url":"https:\/\/abix.com.br\/","name":"Abix","description":"","potentialAction":[{"@type":"SearchAction","target":{"@type":"EntryPoint","urlTemplate":"https:\/\/abix.com.br\/?s={search_term_string}"},"query-input":{"@type":"PropertyValueSpecification","valueRequired":true,"valueName":"search_term_string"}}],"inLanguage":"es"}]}},"_links":{"self":[{"href":"https:\/\/abix.com.br\/es\/wp-json\/wp\/v2\/product\/19330","targetHints":{"allow":["GET"]}}],"collection":[{"href":"https:\/\/abix.com.br\/es\/wp-json\/wp\/v2\/product"}],"about":[{"href":"https:\/\/abix.com.br\/es\/wp-json\/wp\/v2\/types\/product"}],"replies":[{"embeddable":true,"href":"https:\/\/abix.com.br\/es\/wp-json\/wp\/v2\/comments?post=19330"}],"wp:featuredmedia":[{"embeddable":true,"href":"https:\/\/abix.com.br\/es\/wp-json\/wp\/v2\/media\/10760"}],"wp:attachment":[{"href":"https:\/\/abix.com.br\/es\/wp-json\/wp\/v2\/media?parent=19330"}],"wp:term":[{"taxonomy":"product_brand","embeddable":true,"href":"https:\/\/abix.com.br\/es\/wp-json\/wp\/v2\/product_brand?post=19330"},{"taxonomy":"product_cat","embeddable":true,"href":"https:\/\/abix.com.br\/es\/wp-json\/wp\/v2\/product_cat?post=19330"},{"taxonomy":"product_tag","embeddable":true,"href":"https:\/\/abix.com.br\/es\/wp-json\/wp\/v2\/product_tag?post=19330"}],"curies":[{"name":"wp","href":"https:\/\/api.w.org\/{rel}","templated":true}]}}