{"id":19331,"date":"2020-06-10T17:38:41","date_gmt":"2020-06-10T20:38:41","guid":{"rendered":"https:\/\/abix.com.br\/produto\/camara-pelco-espirit-es30c-es31c\/"},"modified":"2023-10-19T15:09:44","modified_gmt":"2023-10-19T18:09:44","slug":"camara-pelco-espirit-es30c-es31c","status":"publish","type":"product","link":"https:\/\/abix.com.br\/es\/produto\/camara-pelco-espirit-es30c-es31c\/","title":{"rendered":"C\u00c1MARA PELCO ESPIRIT \u00ae ES30C\/ES31C"},"content":{"rendered":"\n\t<section class=\"section\" id=\"section_987571759\">\n\t\t<div class=\"section-bg fill\" >\n\t\t\t\t\t\t\t\t\t\n\t\t\t\n\n\t\t<\/div>\n\n\t\t\n\n\t\t<div class=\"section-content relative\">\n\t\t\t\n<div class=\"row\"  id=\"row-1461108059\">\n\n\t<div id=\"col-1199931323\" class=\"col small-12 large-12\"  >\n\t\t\t\t<div class=\"col-inner\"  >\n\t\t\t\n\t\t\t\n<div class=\"row\"  id=\"row-366272861\">\n\n\t<div id=\"col-97247827\" class=\"col small-12 large-12\"  >\n\t\t\t\t<div class=\"col-inner\"  >\n\t\t\t\n\t\t\t\n\n\t\t<div class=\"tabbed-content locacao-tabs\">\n\t\t\t\n\t\t\t<ul class=\"nav nav-tabs nav-normal nav-size-xlarge nav-left active-on-hover\" role=\"tablist\"><li id=\"tab-informaci\u00d3n\" class=\"tab active has-icon\" role=\"presentation\"><a href=\"#tab_informaci\u00d3n\" role=\"tab\" aria-selected=\"true\" aria-controls=\"tab_informaci\u00d3n\"><span>INFORMACI\u00d3N<\/span><\/a><\/li>\n<li id=\"tab-accesorios\" class=\"tab has-icon\" role=\"presentation\"><a href=\"#tab_accesorios\" tabindex=\"-1\" role=\"tab\" aria-selected=\"false\" aria-controls=\"tab_accesorios\"><span>ACCESORIOS<\/span><\/a><\/li>\n<li id=\"tab-descargas\" class=\"tab has-icon\" role=\"presentation\"><a href=\"#tab_descargas\" tabindex=\"-1\" role=\"tab\" aria-selected=\"false\" aria-controls=\"tab_descargas\"><span>DESCARGAS<\/span><\/a><\/li>\n<li id=\"tab-especificaciones\" class=\"tab has-icon\" role=\"presentation\"><a href=\"#tab_especificaciones\" tabindex=\"-1\" role=\"tab\" aria-selected=\"false\" aria-controls=\"tab_especificaciones\"><span>ESPECIFICACIONES<\/span><\/a><\/li><\/ul><div class=\"tab-panels\"><div id=\"tab_informaci\u00d3n\" class=\"panel active entry-content\" role=\"tabpanel\" aria-labelledby=\"tab-informaci\u00d3n\">\n<div class=\"row\"  id=\"row-596706499\">\n\n\t<div id=\"col-725801541\" class=\"col medium-6 small-12 large-6\"  >\n\t\t\t\t<div class=\"col-inner\"  >\n\t\t\t\n\t\t\t\n<p>La serie ES30TI combina la potencia de una c\u00e1mara termogr\u00e1fica con la precisi\u00f3n de una Esprit pan\/tilt para crear un \u00fanico sistema de posicionamiento t\u00e9rmico totalmente integrado y direccionable. En el centro de la ES30TI hay una c\u00e1mara infrarroja de onda larga (LWIR) no refrigerada y un microbol\u00f3metro de \u00f3xido. Ofrece v\u00eddeo t\u00e9rmico de 320 x 240 con un tama\u00f1o de p\u00edxel de 38 \u00b5m y admite zoom digital 2X.<\/p>\n<p>La serie ES30TI proporciona una excelente sensibilidad por debajo de 40 mK.<br \/>Es capaz de mostrar varios formatos, como blanco c\u00e1lido, negro c\u00e1lido y firmas en color. La ES30TI est\u00e1 disponible con tres configuraciones de objetivo diferentes -distancias focales de 14,25 mm, 35 mm y 50 mm- para un despliegue eficaz en una amplia variedad de aplicaciones.<\/p>\n<p>Su construcci\u00f3n en aluminio con recubrimiento de polvo hace que la serie ES30TI sea ideal para aplicaciones de interior o exterior. El sistema tiene un rango de temperatura de funcionamiento absoluto de -45 a 60 \u00b0C (-50 a 140 \u00b0F). Tras dos horas de calentamiento, la unidad puede descongelarse completamente y funcionar a una temperatura de -25\u00b0C (-13\u00b0F).<\/p>\n<p>La calefacci\u00f3n, el desempa\u00f1ador\/descongelador de ventanas, el parasol y la manta aislante son caracter\u00edsticas de serie incorporadas en la Serie ES30TI. Todas las unidades tienen tambi\u00e9n una salida auxiliar de colector abierto que funciona durante dos segundos antes de apagarse.<\/p>\n<p>Las velocidades variables de giro e inclinaci\u00f3n de la serie ES30TI van de 0,1 a 40 grados por segundo en modo de giro manual y de 0,1 a 20 grados por segundo en modo de inclinaci\u00f3n manual. Las velocidades del turbo y del plato de preposicionamiento son de 100 grados por segundo a velocidades del viento de 80 kil\u00f3metros por hora (50 mph) y de 50 grados por segundo en el perfil de velocidad del viento de 144 kil\u00f3metros por hora (90 mph). La velocidad de preposicionamiento de la inclinaci\u00f3n es de 30 grados por segundo. La ES30TI es capaz de una rotaci\u00f3n panor\u00e1mica continua de 360 grados. El rango de inclinaci\u00f3n permite una visualizaci\u00f3n horizontal de +33 a -83 grados. Dispone de 64 posiciones de preposicionamiento programables con una precisi\u00f3n de \u00bc de grado.<\/p>\n<p>Los sistemas de la serie ES30TI est\u00e1n disponibles con una tensi\u00f3n de entrada de 24 VCA o con una fuente de alimentaci\u00f3n seleccionable de 120\/230 VCA. El ES30TI tambi\u00e9n dispone de un modo de recuperaci\u00f3n de conexi\u00f3n que permite al usuario especificar en qu\u00e9 operaci\u00f3n se reiniciar\u00e1 el sistema cada vez que fluct\u00fae la alimentaci\u00f3n.<\/p>\n\t\t<\/div>\n\t\t\t\t\t<\/div>\n\n\t\n\n\t<div id=\"col-91171082\" class=\"col medium-6 small-12 large-6\"  >\n\t\t\t\t<div class=\"col-inner text-left\"  >\n\t\t\t\n\t\t\t\n\t\t<\/div>\n\t\t\t\t\t<\/div>\n\n\t\n<\/div>\n<\/div>\n<div id=\"tab_accesorios\" class=\"panel entry-content\" role=\"tabpanel\" aria-labelledby=\"tab-accesorios\">\n<div class=\"row align-middle\"  id=\"row-403340137\">\n\n\t<div id=\"col-1286492260\" class=\"col medium-10 small-12 large-10\"  >\n\t\t\t\t<div class=\"col-inner\"  >\n\t\t\t\n\t\t\t\n<p>CONTENIDO<\/p>\n\t\t<\/div>\n\t\t\t\t\t<\/div>\n\n\t\n\n\t<div id=\"col-1386255960\" class=\"col medium-2 small-12 large-2\"  >\n\t\t\t\t<div class=\"col-inner\"  >\n\t\t\t\n\t\t\t\n\t\t<\/div>\n\t\t\t\t\t<\/div>\n\n\t\n<\/div>\n<\/div>\n<div id=\"tab_descargas\" class=\"panel entry-content\" role=\"tabpanel\" aria-labelledby=\"tab-descargas\">\n<div class=\"row\"  id=\"row-343065947\">\n\n\t<div id=\"col-1816677067\" class=\"col medium-10 small-12 large-10\"  >\n\t\t\t\t<div class=\"col-inner\"  >\n\t\t\t\n\t\t\t\n<p><a href=\"https:\/\/www.abix.com.br\/wp-content\/uploads\/Ficha-Pelco-ES30C-ES31C.pdf\">Pelco ES30C-ES31C ficha t\u00e9cnica<\/a><\/p>\n\t\t<\/div>\n\t\t\t\t\t<\/div>\n\n\t\n<\/div>\n<\/div>\n<div id=\"tab_especificaciones\" class=\"panel entry-content\" role=\"tabpanel\" aria-labelledby=\"tab-especificaciones\">\n<div class=\"row\"  id=\"row-1538175303\">\n\n\t<div id=\"col-1094853319\" class=\"col medium-9 small-12 large-9\"  >\n\t\t\t\t<div class=\"col-inner\"  >\n\t\t\t\n\t\t\t\n<h3>ESPECIFICACIONES GENERALES<\/h3>\n<ul>\n<li><strong>Construcci\u00f3n<\/strong><\/li>\n<\/ul>\n<p>Chapa de aluminio fundido y extruido; herrajes de acero inoxidable<\/p>\n<ul>\n<li><strong>Acabado<\/strong><\/li>\n<\/ul>\n<p>Pintura en polvo de poli\u00e9ster gris<\/p>\n<ul>\n<li><strong>Ventana de visualizaci\u00f3n<\/strong><\/li>\n<\/ul>\n<p>0,23\u2033 (5,84 mm) de grosor, resistente a impactos y ara\u00f1azos, \u00f3pticamente transparente recubierto de Lexan\u00ae.<\/p>\n<ul>\n<li><strong>Temperatura de funcionamiento<\/strong><\/li>\n<\/ul>\n<p>-45 a 50\u00b0C (-50 a 122\u00b0F) para un funcionamiento sostenido del sistema o un m\u00e1ximo absoluto de 60\u00b0C (140\u00b0F). Tras dos horas de calentamiento, la unidad puede descongelarse completamente y funcionar a una temperatura de -25\u00b0C (-13\u00b0F).<\/p>\n<ul>\n<li><strong>Entorno operativo<\/strong><\/li>\n<\/ul>\n<p>Permanecer\u00e1 operativo en condiciones de viento de 144 km por hora (90 mph) y resistir\u00e1 vientos de 208 km por hora (130 mph).<\/p>\n<h3>ESPECIFICACIONES EL\u00c9CTRICAS<\/h3>\n<ul>\n<li><strong>Tensi\u00f3n de entrada<\/strong><\/li>\n<\/ul>\n<p>24, 120 \u00f3 230 VCA; 50\/60 Hz; interruptor seleccionable para entradas de 120\/230 VCA<\/p>\n<ul>\n<li><strong>Consumo de energ\u00eda<\/strong><\/li>\n<\/ul>\n<p>M\u00e1ximo 70 VA por sistema<\/p>\n<ul>\n<li><strong>Calefacci\u00f3n y desempa\u00f1ador<\/strong><\/li>\n<\/ul>\n<p>Control termost\u00e1tico<\/p>\n<ul>\n<li><strong>Conexiones el\u00e9ctricas<\/strong><\/li>\n<\/ul>\n<p>Dos conexiones de alimentaci\u00f3n realizadas en la ubicaci\u00f3n de montaje con empalmes de cables y un empalme de cables a tierra; un recept\u00e1culo BNC y cuatro empalmes de cables en la ubicaci\u00f3n de montaje para protocolos RS-422 D y P; dos empalmes de cables para salida auxiliar de colector abierto.<\/p>\n<ul>\n<li><strong>Auxiliar 2<\/strong><\/li>\n<\/ul>\n<p>Salida de colector abierto con activaci\u00f3n de 2 segundos; el rel\u00e9 conectado no debe requerir m\u00e1s de 32 V CC y 40 mA para activar la bobina del rel\u00e9; la longitud del cable entre Esprit y el rel\u00e9 debe ser inferior a 100 pies (30 m).<\/p>\n<h3>ESPECIFICACIONES MEC\u00c1NICAS<\/h3>\n<ul>\n<li><strong>Movimiento panor\u00e1mico<\/strong><\/li>\n<\/ul>\n<p>Rotaci\u00f3n panor\u00e1mica continua de 360<\/p>\n<ul>\n<li><strong>Inclinaci\u00f3n vertical<\/strong><\/li>\n<\/ul>\n<p>Sin obstrucci\u00f3n +33\u00b0 a -83<\/p>\n<ul>\n<li><strong>Velocidades variables de giro e inclinaci\u00f3n<\/strong>\n<ul>\n<li>Panor\u00e1mica\n<ul>\n<li>0,1\u00b0 a 40\u00b0\/seg funcionamiento a velocidad variable, 100\u00b0\/seg Turbo<\/li>\n<\/ul>\n<\/li>\n<li>Inclinaci\u00f3n\n<ul>\n<li>Velocidad variable de 0,1\u00b0 a 20\u00b0\/seg.<\/li>\n<\/ul>\n<\/li>\n<\/ul>\n<\/li>\n<\/ul>\n<ul>\n<li><strong>Velocidades de preposicionamiento<\/strong>\n<ul>\n<li>Pan\n<ul>\n<li>100\u00ba\/s<\/li>\n<\/ul>\n<\/li>\n<li>Inclinaci\u00f3n\n<ul>\n<li>30\u00ba\/s<\/li>\n<\/ul>\n<\/li>\n<\/ul>\n<\/li>\n<li><strong>Montaje de la c\u00e1mara<\/strong><\/li>\n<\/ul>\n<p>Conjunto de soporte de c\u00e1mara integrado.<\/p>\n<ul>\n<li><strong>Cerraduras<\/strong><\/li>\n<\/ul>\n<p>Una cerradura de gancho simple, cerradura de acero inoxidable n\u00ba 3; asegurar con candado (no suministrado)<\/p>\n<h3>CERTIFICACIONES\/CLASIFICACIONES\/PATENTES<\/h3>\n<ul>\n<li>CE, Clase B (todos los modelos)<\/li>\n<li>Certificaci\u00f3n UL (modelos NTSC)<\/li>\n<li>Certificaci\u00f3n UL conforme a las normas de seguridad canadienses (modelos NTSC)<\/li>\n<li>FCC, Clase B (modelos NTSC)<\/li>\n<li>Cumple las normas NEMA Tipo 4 e IP66<\/li>\n<\/ul>\n\t\t<\/div>\n\t\t\t\t\t<\/div>\n\n\t\n<\/div>\n<\/div><\/div><\/div>\n\t\t<\/div>\n\t\t\t\t\t<\/div>\n\n\t\n<\/div>\n\t\t<\/div>\n\t\t\t\t\t<\/div>\n\n\t\n<\/div>\n\t\t<\/div>\n\n\t\t\n<style>\n#section_987571759 {\n  padding-top: 0px;\n  padding-bottom: 0px;\n}\n<\/style>\n\t<\/section>\n\t\n","protected":false},"excerpt":{"rendered":"<p style=\"text-align: justify;\">El sistema de posicionamiento Pelco ES30C con IOP (montaje en pared) consta de un receptor, un movimiento horizontal y vertical, un armario y un paquete \u00f3ptico instalado de f\u00e1brica que incluye una c\u00e1mara diurna\/nocturna con zoom \u00f3ptico 35x y digital 12x. Con el soporte mural EWM, el sistema puede montarse directamente sobre una superficie de carga vertical.<\/p>\n<p style=\"text-align: justify;\">Gracias a su construcci\u00f3n en fundici\u00f3n, aluminio extruido y chapa de acero inoxidable y a sus herrajes de acero inoxidable, el sistema de posicionamiento es apto para aplicaciones interiores y exteriores y, al no necesitar engranajes, requiere un mantenimiento m\u00ednimo. Capaz de funcionar con vientos de 90 km\/h, el sistema de posicionamiento puede resistir vientos de hasta 130 km\/h y funcionar a temperaturas de entre -40 y 60 \u00b0C (-40 y 140 \u00b0F). A las 2 horas de la inicializaci\u00f3n, el sistema puede descongelarse y estar operativo a una temperatura de -25\u00b0C (-13\u00b0F). Con la ayuda del modo de recuperaci\u00f3n de arranque, el usuario puede decidir qu\u00e9 operaci\u00f3n del sistema se reanudar\u00e1 cuando se vuelva a encender. Tambi\u00e9n incluye un desempa\u00f1ador\/desempa\u00f1ador de ventanas con calefacci\u00f3n controlada por termostato y soporte aislante para mantener la temperatura interna de la unidad. Una cubierta solar protege el sistema de los rayos directos del sol.<\/p>\n<p style=\"text-align: justify;\">La c\u00e1mara diurna\/nocturna tiene un sensor de imagen EXview HAD de 1\/4&#8243; y ofrece una alta resoluci\u00f3n de 540TVL. Dispone de un sistema de barrido entrelazado 2:1. Con su amplio rango din\u00e1mico de 128x, la c\u00e1mara ofrece im\u00e1genes de alta calidad, incluso a bajas resoluciones. Dispone de un objetivo varifocal con una distancia focal de 3,4 a 119 mm a f\/1,4 y zoom \u00f3ptico de 35 aumentos.<\/p>\n","protected":false},"featured_media":10754,"comment_status":"closed","ping_status":"closed","template":"","meta":[],"product_brand":[],"product_cat":[178,179],"product_tag":[],"class_list":{"0":"post-19331","1":"product","2":"type-product","3":"status-publish","4":"has-post-thumbnail","6":"product_cat-cctv","7":"product_cat-pelco-es","9":"first","10":"instock","11":"shipping-taxable","12":"product-type-simple"},"yoast_head":"<!-- This site is optimized with the Yoast SEO plugin v27.3 - https:\/\/yoast.com\/product\/yoast-seo-wordpress\/ -->\n<title>C\u00c1MARA PELCO ESPIRIT \u00ae ES30C\/ES31C - Abix<\/title>\n<meta name=\"description\" content=\"C\u00c1MARA PELCO ESPIRIT \u00ae ES30C\/ES31C - El sistema de posicionamiento Pelco ES30C con IOP (montaje en pared) \u00a1Vea m\u00e1s en nuestra p\u00e1gina web!\" \/>\n<meta name=\"robots\" content=\"index, follow, max-snippet:-1, max-image-preview:large, max-video-preview:-1\" \/>\n<link rel=\"canonical\" href=\"https:\/\/abix.com.br\/produto\/camera-pelco-espirit-es30c-es31c\/\" \/>\n<meta property=\"og:locale\" content=\"es_ES\" \/>\n<meta property=\"og:type\" content=\"article\" \/>\n<meta property=\"og:title\" content=\"C\u00c1MARA PELCO ESPIRIT \u00ae ES30C\/ES31C - Abix\" \/>\n<meta property=\"og:description\" content=\"C\u00c1MARA PELCO ESPIRIT \u00ae ES30C\/ES31C - El sistema de posicionamiento Pelco ES30C con IOP (montaje en pared) \u00a1Vea m\u00e1s en nuestra p\u00e1gina web!\" \/>\n<meta property=\"og:url\" content=\"https:\/\/abix.com.br\/produto\/camera-pelco-espirit-es30c-es31c\/\" \/>\n<meta property=\"og:site_name\" content=\"Abix\" \/>\n<meta property=\"article:modified_time\" content=\"2023-10-19T18:09:44+00:00\" \/>\n<meta property=\"og:image\" content=\"https:\/\/abix.com.br\/wp-content\/uploads\/2020\/06\/ES30C.jpg\" \/>\n\t<meta property=\"og:image:width\" content=\"367\" \/>\n\t<meta property=\"og:image:height\" content=\"400\" \/>\n\t<meta property=\"og:image:type\" content=\"image\/jpeg\" \/>\n<meta name=\"twitter:card\" content=\"summary_large_image\" \/>\n<meta name=\"twitter:label1\" content=\"Tiempo de lectura\" \/>\n\t<meta name=\"twitter:data1\" content=\"5 minutos\" \/>\n<script type=\"application\/ld+json\" class=\"yoast-schema-graph\">{\"@context\":\"https:\\\/\\\/schema.org\",\"@graph\":[{\"@type\":\"WebPage\",\"@id\":\"https:\\\/\\\/abix.com.br\\\/produto\\\/camera-pelco-espirit-es30c-es31c\\\/\",\"url\":\"https:\\\/\\\/abix.com.br\\\/produto\\\/camera-pelco-espirit-es30c-es31c\\\/\",\"name\":\"C\u00c1MARA PELCO ESPIRIT \u00ae ES30C\\\/ES31C - Abix\",\"isPartOf\":{\"@id\":\"https:\\\/\\\/abix.com.br\\\/#website\"},\"primaryImageOfPage\":{\"@id\":\"https:\\\/\\\/abix.com.br\\\/produto\\\/camera-pelco-espirit-es30c-es31c\\\/#primaryimage\"},\"image\":{\"@id\":\"https:\\\/\\\/abix.com.br\\\/produto\\\/camera-pelco-espirit-es30c-es31c\\\/#primaryimage\"},\"thumbnailUrl\":\"https:\\\/\\\/abix.com.br\\\/wp-content\\\/uploads\\\/2020\\\/06\\\/ES30C.jpg\",\"datePublished\":\"2020-06-10T20:38:41+00:00\",\"dateModified\":\"2023-10-19T18:09:44+00:00\",\"description\":\"C\u00c1MARA PELCO ESPIRIT \u00ae ES30C\\\/ES31C - El sistema de posicionamiento Pelco ES30C con IOP (montaje en pared) \u00a1Vea m\u00e1s en nuestra p\u00e1gina web!\",\"breadcrumb\":{\"@id\":\"https:\\\/\\\/abix.com.br\\\/produto\\\/camera-pelco-espirit-es30c-es31c\\\/#breadcrumb\"},\"inLanguage\":\"es\",\"potentialAction\":[{\"@type\":\"ReadAction\",\"target\":[\"https:\\\/\\\/abix.com.br\\\/produto\\\/camera-pelco-espirit-es30c-es31c\\\/\"]}]},{\"@type\":\"ImageObject\",\"inLanguage\":\"es\",\"@id\":\"https:\\\/\\\/abix.com.br\\\/produto\\\/camera-pelco-espirit-es30c-es31c\\\/#primaryimage\",\"url\":\"https:\\\/\\\/abix.com.br\\\/wp-content\\\/uploads\\\/2020\\\/06\\\/ES30C.jpg\",\"contentUrl\":\"https:\\\/\\\/abix.com.br\\\/wp-content\\\/uploads\\\/2020\\\/06\\\/ES30C.jpg\",\"width\":367,\"height\":400,\"caption\":\"C\u00c2MERA PELCO ESPIRIT ES30C\"},{\"@type\":\"BreadcrumbList\",\"@id\":\"https:\\\/\\\/abix.com.br\\\/produto\\\/camera-pelco-espirit-es30c-es31c\\\/#breadcrumb\",\"itemListElement\":[{\"@type\":\"ListItem\",\"position\":1,\"name\":\"In\u00edcio\",\"item\":\"https:\\\/\\\/abix.com.br\\\/es\\\/\"},{\"@type\":\"ListItem\",\"position\":2,\"name\":\"Tienda\",\"item\":\"https:\\\/\\\/abix.com.br\\\/loja\\\/\"},{\"@type\":\"ListItem\",\"position\":3,\"name\":\"C\u00c1MARA PELCO ESPIRIT \u00ae ES30C\\\/ES31C\"}]},{\"@type\":\"WebSite\",\"@id\":\"https:\\\/\\\/abix.com.br\\\/#website\",\"url\":\"https:\\\/\\\/abix.com.br\\\/\",\"name\":\"Abix\",\"description\":\"\",\"potentialAction\":[{\"@type\":\"SearchAction\",\"target\":{\"@type\":\"EntryPoint\",\"urlTemplate\":\"https:\\\/\\\/abix.com.br\\\/?s={search_term_string}\"},\"query-input\":{\"@type\":\"PropertyValueSpecification\",\"valueRequired\":true,\"valueName\":\"search_term_string\"}}],\"inLanguage\":\"es\"}]}<\/script>\n<!-- \/ Yoast SEO plugin. -->","yoast_head_json":{"title":"C\u00c1MARA PELCO ESPIRIT \u00ae ES30C\/ES31C - Abix","description":"C\u00c1MARA PELCO ESPIRIT \u00ae ES30C\/ES31C - El sistema de posicionamiento Pelco ES30C con IOP (montaje en pared) \u00a1Vea m\u00e1s en nuestra p\u00e1gina web!","robots":{"index":"index","follow":"follow","max-snippet":"max-snippet:-1","max-image-preview":"max-image-preview:large","max-video-preview":"max-video-preview:-1"},"canonical":"https:\/\/abix.com.br\/produto\/camera-pelco-espirit-es30c-es31c\/","og_locale":"es_ES","og_type":"article","og_title":"C\u00c1MARA PELCO ESPIRIT \u00ae ES30C\/ES31C - Abix","og_description":"C\u00c1MARA PELCO ESPIRIT \u00ae ES30C\/ES31C - El sistema de posicionamiento Pelco ES30C con IOP (montaje en pared) \u00a1Vea m\u00e1s en nuestra p\u00e1gina web!","og_url":"https:\/\/abix.com.br\/produto\/camera-pelco-espirit-es30c-es31c\/","og_site_name":"Abix","article_modified_time":"2023-10-19T18:09:44+00:00","og_image":[{"width":367,"height":400,"url":"https:\/\/abix.com.br\/wp-content\/uploads\/2020\/06\/ES30C.jpg","type":"image\/jpeg"}],"twitter_card":"summary_large_image","twitter_misc":{"Tiempo de lectura":"5 minutos"},"schema":{"@context":"https:\/\/schema.org","@graph":[{"@type":"WebPage","@id":"https:\/\/abix.com.br\/produto\/camera-pelco-espirit-es30c-es31c\/","url":"https:\/\/abix.com.br\/produto\/camera-pelco-espirit-es30c-es31c\/","name":"C\u00c1MARA PELCO ESPIRIT \u00ae ES30C\/ES31C - Abix","isPartOf":{"@id":"https:\/\/abix.com.br\/#website"},"primaryImageOfPage":{"@id":"https:\/\/abix.com.br\/produto\/camera-pelco-espirit-es30c-es31c\/#primaryimage"},"image":{"@id":"https:\/\/abix.com.br\/produto\/camera-pelco-espirit-es30c-es31c\/#primaryimage"},"thumbnailUrl":"https:\/\/abix.com.br\/wp-content\/uploads\/2020\/06\/ES30C.jpg","datePublished":"2020-06-10T20:38:41+00:00","dateModified":"2023-10-19T18:09:44+00:00","description":"C\u00c1MARA PELCO ESPIRIT \u00ae ES30C\/ES31C - El sistema de posicionamiento Pelco ES30C con IOP (montaje en pared) \u00a1Vea m\u00e1s en nuestra p\u00e1gina web!","breadcrumb":{"@id":"https:\/\/abix.com.br\/produto\/camera-pelco-espirit-es30c-es31c\/#breadcrumb"},"inLanguage":"es","potentialAction":[{"@type":"ReadAction","target":["https:\/\/abix.com.br\/produto\/camera-pelco-espirit-es30c-es31c\/"]}]},{"@type":"ImageObject","inLanguage":"es","@id":"https:\/\/abix.com.br\/produto\/camera-pelco-espirit-es30c-es31c\/#primaryimage","url":"https:\/\/abix.com.br\/wp-content\/uploads\/2020\/06\/ES30C.jpg","contentUrl":"https:\/\/abix.com.br\/wp-content\/uploads\/2020\/06\/ES30C.jpg","width":367,"height":400,"caption":"C\u00c2MERA PELCO ESPIRIT ES30C"},{"@type":"BreadcrumbList","@id":"https:\/\/abix.com.br\/produto\/camera-pelco-espirit-es30c-es31c\/#breadcrumb","itemListElement":[{"@type":"ListItem","position":1,"name":"In\u00edcio","item":"https:\/\/abix.com.br\/es\/"},{"@type":"ListItem","position":2,"name":"Tienda","item":"https:\/\/abix.com.br\/loja\/"},{"@type":"ListItem","position":3,"name":"C\u00c1MARA PELCO ESPIRIT \u00ae ES30C\/ES31C"}]},{"@type":"WebSite","@id":"https:\/\/abix.com.br\/#website","url":"https:\/\/abix.com.br\/","name":"Abix","description":"","potentialAction":[{"@type":"SearchAction","target":{"@type":"EntryPoint","urlTemplate":"https:\/\/abix.com.br\/?s={search_term_string}"},"query-input":{"@type":"PropertyValueSpecification","valueRequired":true,"valueName":"search_term_string"}}],"inLanguage":"es"}]}},"_links":{"self":[{"href":"https:\/\/abix.com.br\/es\/wp-json\/wp\/v2\/product\/19331","targetHints":{"allow":["GET"]}}],"collection":[{"href":"https:\/\/abix.com.br\/es\/wp-json\/wp\/v2\/product"}],"about":[{"href":"https:\/\/abix.com.br\/es\/wp-json\/wp\/v2\/types\/product"}],"replies":[{"embeddable":true,"href":"https:\/\/abix.com.br\/es\/wp-json\/wp\/v2\/comments?post=19331"}],"wp:featuredmedia":[{"embeddable":true,"href":"https:\/\/abix.com.br\/es\/wp-json\/wp\/v2\/media\/10754"}],"wp:attachment":[{"href":"https:\/\/abix.com.br\/es\/wp-json\/wp\/v2\/media?parent=19331"}],"wp:term":[{"taxonomy":"product_brand","embeddable":true,"href":"https:\/\/abix.com.br\/es\/wp-json\/wp\/v2\/product_brand?post=19331"},{"taxonomy":"product_cat","embeddable":true,"href":"https:\/\/abix.com.br\/es\/wp-json\/wp\/v2\/product_cat?post=19331"},{"taxonomy":"product_tag","embeddable":true,"href":"https:\/\/abix.com.br\/es\/wp-json\/wp\/v2\/product_tag?post=19331"}],"curies":[{"name":"wp","href":"https:\/\/api.w.org\/{rel}","templated":true}]}}