{"id":19332,"date":"2020-06-10T11:54:10","date_gmt":"2020-06-10T14:54:10","guid":{"rendered":"https:\/\/abix.com.br\/produto\/camara-pelco-espirit-es30ti\/"},"modified":"2023-10-19T15:10:02","modified_gmt":"2023-10-19T18:10:02","slug":"camara-pelco-espirit-es30ti","status":"publish","type":"product","link":"https:\/\/abix.com.br\/es\/produto\/camara-pelco-espirit-es30ti\/","title":{"rendered":"C\u00c1MARA PELCO ESPIRIT \u00ae ES30TI"},"content":{"rendered":"\n\t<section class=\"section\" id=\"section_481188083\">\n\t\t<div class=\"section-bg fill\" >\n\t\t\t\t\t\t\t\t\t\n\t\t\t\n\n\t\t<\/div>\n\n\t\t\n\n\t\t<div class=\"section-content relative\">\n\t\t\t\n<div class=\"row\"  id=\"row-748598226\">\n\n\t<div id=\"col-986348703\" class=\"col small-12 large-12\"  >\n\t\t\t\t<div class=\"col-inner\"  >\n\t\t\t\n\t\t\t\n<div class=\"row\"  id=\"row-372635060\">\n\n\t<div id=\"col-1709342030\" class=\"col small-12 large-12\"  >\n\t\t\t\t<div class=\"col-inner\"  >\n\t\t\t\n\t\t\t\n\n\t\t<div class=\"tabbed-content locacao-tabs\">\n\t\t\t\n\t\t\t<ul class=\"nav nav-tabs nav-normal nav-size-xlarge nav-left active-on-hover\" role=\"tablist\"><li id=\"tab-informaci\u00d3n\" class=\"tab active has-icon\" role=\"presentation\"><a href=\"#tab_informaci\u00d3n\" role=\"tab\" aria-selected=\"true\" aria-controls=\"tab_informaci\u00d3n\"><span>INFORMACI\u00d3N<\/span><\/a><\/li>\n<li id=\"tab-accesorios\" class=\"tab has-icon\" role=\"presentation\"><a href=\"#tab_accesorios\" tabindex=\"-1\" role=\"tab\" aria-selected=\"false\" aria-controls=\"tab_accesorios\"><span>ACCESORIOS<\/span><\/a><\/li>\n<li id=\"tab-descargas\" class=\"tab has-icon\" role=\"presentation\"><a href=\"#tab_descargas\" tabindex=\"-1\" role=\"tab\" aria-selected=\"false\" aria-controls=\"tab_descargas\"><span>DESCARGAS<\/span><\/a><\/li>\n<li id=\"tab-especificaciones\" class=\"tab has-icon\" role=\"presentation\"><a href=\"#tab_especificaciones\" tabindex=\"-1\" role=\"tab\" aria-selected=\"false\" aria-controls=\"tab_especificaciones\"><span>ESPECIFICACIONES<\/span><\/a><\/li><\/ul><div class=\"tab-panels\"><div id=\"tab_informaci\u00d3n\" class=\"panel active entry-content\" role=\"tabpanel\" aria-labelledby=\"tab-informaci\u00d3n\">\n<div class=\"row\"  id=\"row-393340284\">\n\n\t<div id=\"col-93740646\" class=\"col medium-6 small-12 large-6\"  >\n\t\t\t\t<div class=\"col-inner\"  >\n\t\t\t\n\t\t\t\n<p>La serie ES30TI combina la potencia de una c\u00e1mara termogr\u00e1fica con la precisi\u00f3n de una Esprit pan\/tilt para crear un \u00fanico sistema de posicionamiento t\u00e9rmico totalmente integrado y direccionable. En el centro de la ES30TI hay una c\u00e1mara infrarroja de onda larga (LWIR) no refrigerada y un microbol\u00f3metro de \u00f3xido. Ofrece v\u00eddeo t\u00e9rmico de 320 x 240 con un tama\u00f1o de p\u00edxel de 38 \u00b5m y admite zoom digital 2X.<\/p>\n<p>La serie ES30TI proporciona una excelente sensibilidad por debajo de 40 mK.<br \/>Es capaz de mostrar varios formatos, como blanco c\u00e1lido, negro c\u00e1lido y firmas en color. La ES30TI est\u00e1 disponible con tres configuraciones de objetivo diferentes -distancias focales de 14,25 mm, 35 mm y 50 mm- para un despliegue eficaz en una amplia variedad de aplicaciones.<\/p>\n<p>Su construcci\u00f3n en aluminio con recubrimiento de polvo hace que la serie ES30TI sea ideal para aplicaciones de interior o exterior. El sistema tiene un rango de temperatura de funcionamiento absoluto de -45 a 60 \u00b0C (-50 a 140 \u00b0F). Tras dos horas de calentamiento, la unidad puede descongelarse completamente y funcionar a una temperatura de -25\u00b0C (-13\u00b0F).<\/p>\n<p>La calefacci\u00f3n, el desempa\u00f1ador\/descongelador de ventanas, el parasol y la manta aislante son caracter\u00edsticas de serie incorporadas en la Serie ES30TI. Todas las unidades tienen tambi\u00e9n una salida auxiliar de colector abierto que funciona durante dos segundos antes de apagarse.<\/p>\n<p>Las velocidades variables de giro e inclinaci\u00f3n de la serie ES30TI van de 0,1 a 40 grados por segundo en modo de giro manual y de 0,1 a 20 grados por segundo en modo de inclinaci\u00f3n manual. Las velocidades del turbo y del plato de preposicionamiento son de 100 grados por segundo a velocidades del viento de 80 kil\u00f3metros por hora (50 mph) y de 50 grados por segundo en el perfil de velocidad del viento de 144 kil\u00f3metros por hora (90 mph). La velocidad de preposicionamiento de la inclinaci\u00f3n es de 30 grados por segundo. La ES30TI es capaz de una rotaci\u00f3n panor\u00e1mica continua de 360 grados. El rango de inclinaci\u00f3n permite una visualizaci\u00f3n horizontal de +33 a -83 grados. Dispone de 64 posiciones de preposicionamiento programables con una precisi\u00f3n de \u00bc de grado.<\/p>\n<p>Los sistemas de la serie ES30TI est\u00e1n disponibles con una tensi\u00f3n de entrada de 24 VCA o con una fuente de alimentaci\u00f3n seleccionable de 120\/230 VCA. El ES30TI tambi\u00e9n dispone de un modo de recuperaci\u00f3n de conexi\u00f3n que permite al usuario especificar en qu\u00e9 operaci\u00f3n se reiniciar\u00e1 el sistema cada vez que fluct\u00fae la alimentaci\u00f3n.<\/p>\n\t\t<\/div>\n\t\t\t\t\t<\/div>\n\n\t\n\n\t<div id=\"col-1927165412\" class=\"col medium-6 small-12 large-6\"  >\n\t\t\t\t<div class=\"col-inner text-left\"  >\n\t\t\t\n\t\t\t\n\t\t<\/div>\n\t\t\t\t\t<\/div>\n\n\t\n<\/div>\n<\/div>\n<div id=\"tab_accesorios\" class=\"panel entry-content\" role=\"tabpanel\" aria-labelledby=\"tab-accesorios\">\n<div class=\"row align-middle\"  id=\"row-687656423\">\n\n\t<div id=\"col-1947717114\" class=\"col medium-10 small-12 large-10\"  >\n\t\t\t\t<div class=\"col-inner\"  >\n\t\t\t\n\t\t\t\n<p>CONTENIDO<\/p>\n\t\t<\/div>\n\t\t\t\t\t<\/div>\n\n\t\n\n\t<div id=\"col-1876863116\" class=\"col medium-2 small-12 large-2\"  >\n\t\t\t\t<div class=\"col-inner\"  >\n\t\t\t\n\t\t\t\n\t\t<\/div>\n\t\t\t\t\t<\/div>\n\n\t\n<\/div>\n<\/div>\n<div id=\"tab_descargas\" class=\"panel entry-content\" role=\"tabpanel\" aria-labelledby=\"tab-descargas\">\n<div class=\"row\"  id=\"row-856601339\">\n\n\t<div id=\"col-341958298\" class=\"col medium-10 small-12 large-10\"  >\n\t\t\t\t<div class=\"col-inner\"  >\n\t\t\t\n\t\t\t\n<p><a href=\"https:\/\/www.abix.com.br\/wp-content\/uploads\/Ficha-ES30TI.pdf\">ES30TI ficha t\u00e9cnica<\/a><\/p>\n\t\t<\/div>\n\t\t\t\t\t<\/div>\n\n\t\n<\/div>\n<\/div>\n<div id=\"tab_especificaciones\" class=\"panel entry-content\" role=\"tabpanel\" aria-labelledby=\"tab-especificaciones\">\n<div class=\"row\"  id=\"row-1631573126\">\n\n\t<div id=\"col-144767198\" class=\"col medium-9 small-12 large-9\"  >\n\t\t\t\t<div class=\"col-inner\"  >\n\t\t\t\n\t\t\t\n<h3>ESPECIFICACIONES GENERALES<\/h3>\n<ul>\n<li><strong>Construcci\u00f3n<\/strong><\/li>\n<\/ul>\n<p>Chapa de aluminio fundido y estructurado; herrajes de acero inoxidable.<\/p>\n<ul>\n<li><strong>Acabado<\/strong><\/li>\n<\/ul>\n<p>Pintura en polvo de poli\u00e9ster gris<\/p>\n<ul>\n<li><strong>Ventana de visualizaci\u00f3n<\/strong><\/li>\n<\/ul>\n<p>Germanio r\u00edgido recubierto de carbono de 3 mm de grosor<\/p>\n<ul>\n<li><strong>Temperatura de funcionamiento<\/strong><\/li>\n<\/ul>\n<p>-50\u00baF a 122\u00baF (-45\u00baC a 50\u00baC) para un funcionamiento sostenido del sistema o un m\u00e1ximo absoluto de 140\u00baF (60\u00baC). En dos cargas de calefacci\u00f3n, la unidad puede descongelarse completamente y funcionar a una temperatura de -13\u00baF (-25\u00baC).<\/p>\n<ul>\n<li><strong>Entorno operativo<\/strong><\/li>\n<\/ul>\n<p>Permanecer\u00e1 operativo en condiciones de viento de 144 km\/h (90 mph) y puede soportar vientos de 209 km\/h (130 mph).<\/p>\n<h3>ESPECIFICACIONES EL\u00c9CTRICAS<\/h3>\n<ul>\n<li><strong>Tensi\u00f3n de entrada<\/strong><\/li>\n<\/ul>\n<p>24, 120 \u00f3 230 VCA; 50\/60 Hz; interruptor seleccionable para entradas de 120\/230 VCA.<\/p>\n<ul>\n<li><strong>Consumo de energ\u00eda<\/strong><\/li>\n<\/ul>\n<p>M\u00e1ximo 70 VA por sistema.<\/p>\n<ul>\n<li><strong>Calefacci\u00f3n y desempa\u00f1ador<\/strong><\/li>\n<\/ul>\n<p>Controlados por termostatos<\/p>\n<ul>\n<li><strong>Conexiones el\u00e9ctricas<\/strong><\/li>\n<\/ul>\n<p>Dos conexiones de alimentaci\u00f3n, realizadas en la base local con conexiones de cable y un terminal de tierra; un recept\u00e1culo BNC y cuatro terminales de interconexi\u00f3n PCB en la base local para los protocolos Pelco D y Pelco P RS-422; dos empalmes de cable para salida auxiliar de colector abierto.<\/p>\n<ul>\n<li><strong>Auxiliar 2<\/strong><\/li>\n<\/ul>\n<p>Salida de colector abierto con activaci\u00f3n de 2 segundos; el rel\u00e9 conectado no debe requerir m\u00e1s de 32 VCC y 40mA para energizar la bobina del rel\u00e9; la longitud del cable entre Espirit y el rel\u00e9 debe ser inferior a 100 pies (30m).<\/p>\n<h3>CERTIFICACIONES\/CLASIFICACIONES\/PATENTES<\/h3>\n<ul>\n<li>CE, Clase B (todos los modelos)<\/li>\n<li>Certificaci\u00f3n UL (modelos NTSC)<\/li>\n<li>Certificaci\u00f3n UL conforme a las normas de seguridad canadienses (modelo NTSC.<\/li>\n<li>FCC, Clase B (modelos NTSC)<\/li>\n<li>Cumple las normas NEMA tipo 4X e IP66.<\/li>\n<li>Patentes estadounidenses 340.940 y 5.224.675<\/li>\n<\/ul>\n<h3>ESPECIFICACIONES MEC\u00c1NICAS<\/h3>\n<ul>\n<li><strong>Movimiento panor\u00e1mico<\/strong><\/li>\n<\/ul>\n<p>Rotaci\u00f3n panor\u00e1mica continua de 360<\/p>\n<ul>\n<li><strong>Inclinaci\u00f3n vertical<\/strong><\/li>\n<\/ul>\n<p>Sin obstrucci\u00f3n +33\u00ba a -83\u00ba<\/p>\n<ul>\n<li><strong>Velocidades pan\/tilt manuales<\/strong>\n<ul>\n<li>Pan\n<ul>\n<li>Funcionamiento a velocidad variable 0,1\u00ba -40\u00ba\/seg.<\/li>\n<\/ul>\n<\/li>\n<li>Inclinaci\u00f3n\n<ul>\n<li>Funcionamiento a velocidad variable 0,1\u00ba -20\u00ba\/seg.<\/li>\n<\/ul>\n<\/li>\n<\/ul>\n<\/li>\n<\/ul>\n<ul>\n<li><strong>Velocidades de preposicionamiento<\/strong>\n<ul>\n<li>Panor\u00e1mica\n<ul>\n<li>100\u00ba\/s<\/li>\n<\/ul>\n<\/li>\n<li>Inclinaci\u00f3n\n<ul>\n<li>30\u00ba\/s<\/li>\n<\/ul>\n<\/li>\n<\/ul>\n<\/li>\n<li><strong>Montaje de la c\u00e1mara<\/strong><\/li>\n<\/ul>\n<p>Conjunto de soporte de c\u00e1mara integrado.<\/p>\n<ul>\n<li><strong>Cerraduras<\/strong><\/li>\n<\/ul>\n<p>Una cerradura de estribo simple, cerradura de acero inoxidable n\u00ba 3; asegurar con candado (no suministrado)<\/p>\n<h3>C\u00c1MARA\/\u00d3PTICA T\u00c9RMICA<\/h3>\n<ul>\n<li><strong>Detector<\/strong><\/li>\n<\/ul>\n<p>Microbol\u00f3metro sin refrigeraci\u00f3n, \u00f3xido de vanadio (VOx)<\/p>\n<ul>\n<li><strong>Formato del plat\u00f3<\/strong><\/li>\n<\/ul>\n<p>320 x 240<\/p>\n<ul>\n<li><strong>Tama\u00f1o de p\u00edxel<\/strong><\/li>\n<\/ul>\n<p>38\u00b5m<\/p>\n<ul>\n<li><strong>Salida de v\u00eddeo<\/strong><\/li>\n<\/ul>\n<p>NTSC\/PAL<\/p>\n<ul>\n<li><strong>Fuente de normalizaci\u00f3n<\/strong><\/li>\n<\/ul>\n<p>Obturador interno (s\u00f3lo desplazamiento), 0,7 s de congelaci\u00f3n del cristal durante el cierre del obturador.<\/p>\n<ul>\n<li><strong>Tiempo de imagen<\/strong><\/li>\n<\/ul>\n<p>Menos de 2 segundos, sin refrigerador termoel\u00e9ctrico (TEC)<\/p>\n<ul>\n<li><strong>Control de im\u00e1genes<\/strong><\/li>\n<\/ul>\n<p>Zoom digital 2X<\/p>\n<ul>\n<li><strong>Mando en serie<\/strong><\/li>\n<\/ul>\n<p>Compatible con RS-232<\/p>\n<ul>\n<li><strong>Rango de temperatura de escena (depende del objetivo)<\/strong><\/li>\n<\/ul>\n<p>Para 150\u00baC est\u00e1ndar; modo de ganancia opcional.<\/p>\n<ul>\n<li><strong>Opciones de lentes<\/strong>\n<ul>\n<li>Objetivo de 14,25 mm, F1,3<\/li>\n<li>Objetivo de 35 mm, F1.4<\/li>\n<li>Objetivo de 50 mm, F2.0<\/li>\n<\/ul>\n<\/li>\n<\/ul>\n\t\t<\/div>\n\t\t\t\t\t<\/div>\n\n\t\n<\/div>\n<\/div><\/div><\/div>\n\t\t<\/div>\n\t\t\t\t\t<\/div>\n\n\t\n<\/div>\n\t\t<\/div>\n\t\t\t\t\t<\/div>\n\n\t\n<\/div>\n\t\t<\/div>\n\n\t\t\n<style>\n#section_481188083 {\n  padding-top: 0px;\n  padding-bottom: 0px;\n}\n<\/style>\n\t<\/section>\n\t\n","protected":false},"excerpt":{"rendered":"<p style=\"text-align: justify;\">Los sistemas de domo Spectra IV SD4TCPGE0 de Pelco constan de una caja trasera gris claro, una unidad de domo y un domo inferior ahumado. Lo que hace especial al sistema es que es intercambiable con otros sistemas de c\u00fapula Spectra IV. Tambi\u00e9n se ha dise\u00f1ado pensando en la facilidad de instalaci\u00f3n y mantenimiento: simplificando los ajustes de adaptaci\u00f3n y aplicaci\u00f3n.<\/p>\n<p style=\"text-align: justify;\">Los sistemas domo Spectra incorporan numerosas mejoras de software que aumentan el rendimiento y facilitan la programaci\u00f3n. La supresi\u00f3n de ventanas permite al usuario programar un \u00e1rea de privacidad de cuatro lados definida por el usuario.<\/p>\n<p style=\"text-align: justify;\">La unidad tambi\u00e9n incluye la posibilidad de a\u00f1adir capacidad de red IP adquiriendo un m\u00f3dulo TXB-IP opcional.<\/p>\n","protected":false},"featured_media":10740,"comment_status":"closed","ping_status":"closed","template":"","meta":[],"product_brand":[],"product_cat":[178,179],"product_tag":[],"class_list":{"0":"post-19332","1":"product","2":"type-product","3":"status-publish","4":"has-post-thumbnail","6":"product_cat-cctv","7":"product_cat-pelco-es","9":"first","10":"instock","11":"shipping-taxable","12":"product-type-simple"},"yoast_head":"<!-- This site is optimized with the Yoast SEO plugin v27.4 - https:\/\/yoast.com\/product\/yoast-seo-wordpress\/ -->\n<title>- Abix Tecnologia<\/title>\n<meta name=\"description\" content=\"C\u00c1MARA PELCO ESPIRIT \u00ae ES30TI - Los sistemas domo Spectra IV SD4TCPGE0 de Pelco constan de una carcasa trasera de color gris claro. Ver m\u00e1s\" \/>\n<meta name=\"robots\" content=\"index, follow, max-snippet:-1, max-image-preview:large, max-video-preview:-1\" \/>\n<link rel=\"canonical\" href=\"https:\/\/abix.com.br\/produto\/sistema-espirit-pelco-es30ti\/\" \/>\n<meta property=\"og:locale\" content=\"es_ES\" \/>\n<meta property=\"og:type\" content=\"article\" \/>\n<meta property=\"og:title\" content=\"- Abix Tecnologia\" \/>\n<meta property=\"og:description\" content=\"C\u00c1MARA PELCO ESPIRIT \u00ae ES30TI - Los sistemas domo Spectra IV SD4TCPGE0 de Pelco constan de una carcasa trasera de color gris claro. Ver m\u00e1s\" \/>\n<meta property=\"og:url\" content=\"https:\/\/abix.com.br\/produto\/sistema-espirit-pelco-es30ti\/\" \/>\n<meta property=\"og:site_name\" content=\"Abix\" \/>\n<meta property=\"article:modified_time\" content=\"2023-10-19T18:10:02+00:00\" \/>\n<meta property=\"og:image\" content=\"https:\/\/abix.com.br\/wp-content\/uploads\/2020\/06\/ES30TI.jpg\" \/>\n\t<meta property=\"og:image:width\" content=\"500\" \/>\n\t<meta property=\"og:image:height\" content=\"500\" \/>\n\t<meta property=\"og:image:type\" content=\"image\/jpeg\" \/>\n<meta name=\"twitter:card\" content=\"summary_large_image\" \/>\n<meta name=\"twitter:label1\" content=\"Tiempo de lectura\" \/>\n\t<meta name=\"twitter:data1\" content=\"5 minutos\" \/>\n<script type=\"application\/ld+json\" class=\"yoast-schema-graph\">{\"@context\":\"https:\\\/\\\/schema.org\",\"@graph\":[{\"@type\":\"WebPage\",\"@id\":\"https:\\\/\\\/abix.com.br\\\/produto\\\/sistema-espirit-pelco-es30ti\\\/\",\"url\":\"https:\\\/\\\/abix.com.br\\\/produto\\\/sistema-espirit-pelco-es30ti\\\/\",\"name\":\"- Abix Tecnologia\",\"isPartOf\":{\"@id\":\"https:\\\/\\\/abix.com.br\\\/#website\"},\"primaryImageOfPage\":{\"@id\":\"https:\\\/\\\/abix.com.br\\\/produto\\\/sistema-espirit-pelco-es30ti\\\/#primaryimage\"},\"image\":{\"@id\":\"https:\\\/\\\/abix.com.br\\\/produto\\\/sistema-espirit-pelco-es30ti\\\/#primaryimage\"},\"thumbnailUrl\":\"https:\\\/\\\/abix.com.br\\\/wp-content\\\/uploads\\\/2020\\\/06\\\/ES30TI.jpg\",\"datePublished\":\"2020-06-10T14:54:10+00:00\",\"dateModified\":\"2023-10-19T18:10:02+00:00\",\"description\":\"C\u00c1MARA PELCO ESPIRIT \u00ae ES30TI - Los sistemas domo Spectra IV SD4TCPGE0 de Pelco constan de una carcasa trasera de color gris claro. Ver m\u00e1s\",\"breadcrumb\":{\"@id\":\"https:\\\/\\\/abix.com.br\\\/produto\\\/sistema-espirit-pelco-es30ti\\\/#breadcrumb\"},\"inLanguage\":\"es\",\"potentialAction\":[{\"@type\":\"ReadAction\",\"target\":[\"https:\\\/\\\/abix.com.br\\\/produto\\\/sistema-espirit-pelco-es30ti\\\/\"]}]},{\"@type\":\"ImageObject\",\"inLanguage\":\"es\",\"@id\":\"https:\\\/\\\/abix.com.br\\\/produto\\\/sistema-espirit-pelco-es30ti\\\/#primaryimage\",\"url\":\"https:\\\/\\\/abix.com.br\\\/wp-content\\\/uploads\\\/2020\\\/06\\\/ES30TI.jpg\",\"contentUrl\":\"https:\\\/\\\/abix.com.br\\\/wp-content\\\/uploads\\\/2020\\\/06\\\/ES30TI.jpg\",\"width\":500,\"height\":500,\"caption\":\"C\u00c2MERA PELCO ESPIRIT \u00ae ES30TI\"},{\"@type\":\"BreadcrumbList\",\"@id\":\"https:\\\/\\\/abix.com.br\\\/produto\\\/sistema-espirit-pelco-es30ti\\\/#breadcrumb\",\"itemListElement\":[{\"@type\":\"ListItem\",\"position\":1,\"name\":\"In\u00edcio\",\"item\":\"https:\\\/\\\/abix.com.br\\\/es\\\/\"},{\"@type\":\"ListItem\",\"position\":2,\"name\":\"Tienda\",\"item\":\"https:\\\/\\\/abix.com.br\\\/loja\\\/\"},{\"@type\":\"ListItem\",\"position\":3,\"name\":\"C\u00c1MARA PELCO ESPIRIT \u00ae ES30TI\"}]},{\"@type\":\"WebSite\",\"@id\":\"https:\\\/\\\/abix.com.br\\\/#website\",\"url\":\"https:\\\/\\\/abix.com.br\\\/\",\"name\":\"Abix\",\"description\":\"\",\"potentialAction\":[{\"@type\":\"SearchAction\",\"target\":{\"@type\":\"EntryPoint\",\"urlTemplate\":\"https:\\\/\\\/abix.com.br\\\/?s={search_term_string}\"},\"query-input\":{\"@type\":\"PropertyValueSpecification\",\"valueRequired\":true,\"valueName\":\"search_term_string\"}}],\"inLanguage\":\"es\"}]}<\/script>\n<!-- \/ Yoast SEO plugin. -->","yoast_head_json":{"title":"- Abix Tecnologia","description":"C\u00c1MARA PELCO ESPIRIT \u00ae ES30TI - Los sistemas domo Spectra IV SD4TCPGE0 de Pelco constan de una carcasa trasera de color gris claro. Ver m\u00e1s","robots":{"index":"index","follow":"follow","max-snippet":"max-snippet:-1","max-image-preview":"max-image-preview:large","max-video-preview":"max-video-preview:-1"},"canonical":"https:\/\/abix.com.br\/produto\/sistema-espirit-pelco-es30ti\/","og_locale":"es_ES","og_type":"article","og_title":"- Abix Tecnologia","og_description":"C\u00c1MARA PELCO ESPIRIT \u00ae ES30TI - Los sistemas domo Spectra IV SD4TCPGE0 de Pelco constan de una carcasa trasera de color gris claro. Ver m\u00e1s","og_url":"https:\/\/abix.com.br\/produto\/sistema-espirit-pelco-es30ti\/","og_site_name":"Abix","article_modified_time":"2023-10-19T18:10:02+00:00","og_image":[{"width":500,"height":500,"url":"https:\/\/abix.com.br\/wp-content\/uploads\/2020\/06\/ES30TI.jpg","type":"image\/jpeg"}],"twitter_card":"summary_large_image","twitter_misc":{"Tiempo de lectura":"5 minutos"},"schema":{"@context":"https:\/\/schema.org","@graph":[{"@type":"WebPage","@id":"https:\/\/abix.com.br\/produto\/sistema-espirit-pelco-es30ti\/","url":"https:\/\/abix.com.br\/produto\/sistema-espirit-pelco-es30ti\/","name":"- Abix Tecnologia","isPartOf":{"@id":"https:\/\/abix.com.br\/#website"},"primaryImageOfPage":{"@id":"https:\/\/abix.com.br\/produto\/sistema-espirit-pelco-es30ti\/#primaryimage"},"image":{"@id":"https:\/\/abix.com.br\/produto\/sistema-espirit-pelco-es30ti\/#primaryimage"},"thumbnailUrl":"https:\/\/abix.com.br\/wp-content\/uploads\/2020\/06\/ES30TI.jpg","datePublished":"2020-06-10T14:54:10+00:00","dateModified":"2023-10-19T18:10:02+00:00","description":"C\u00c1MARA PELCO ESPIRIT \u00ae ES30TI - Los sistemas domo Spectra IV SD4TCPGE0 de Pelco constan de una carcasa trasera de color gris claro. Ver m\u00e1s","breadcrumb":{"@id":"https:\/\/abix.com.br\/produto\/sistema-espirit-pelco-es30ti\/#breadcrumb"},"inLanguage":"es","potentialAction":[{"@type":"ReadAction","target":["https:\/\/abix.com.br\/produto\/sistema-espirit-pelco-es30ti\/"]}]},{"@type":"ImageObject","inLanguage":"es","@id":"https:\/\/abix.com.br\/produto\/sistema-espirit-pelco-es30ti\/#primaryimage","url":"https:\/\/abix.com.br\/wp-content\/uploads\/2020\/06\/ES30TI.jpg","contentUrl":"https:\/\/abix.com.br\/wp-content\/uploads\/2020\/06\/ES30TI.jpg","width":500,"height":500,"caption":"C\u00c2MERA PELCO ESPIRIT \u00ae ES30TI"},{"@type":"BreadcrumbList","@id":"https:\/\/abix.com.br\/produto\/sistema-espirit-pelco-es30ti\/#breadcrumb","itemListElement":[{"@type":"ListItem","position":1,"name":"In\u00edcio","item":"https:\/\/abix.com.br\/es\/"},{"@type":"ListItem","position":2,"name":"Tienda","item":"https:\/\/abix.com.br\/loja\/"},{"@type":"ListItem","position":3,"name":"C\u00c1MARA PELCO ESPIRIT \u00ae ES30TI"}]},{"@type":"WebSite","@id":"https:\/\/abix.com.br\/#website","url":"https:\/\/abix.com.br\/","name":"Abix","description":"","potentialAction":[{"@type":"SearchAction","target":{"@type":"EntryPoint","urlTemplate":"https:\/\/abix.com.br\/?s={search_term_string}"},"query-input":{"@type":"PropertyValueSpecification","valueRequired":true,"valueName":"search_term_string"}}],"inLanguage":"es"}]}},"_links":{"self":[{"href":"https:\/\/abix.com.br\/es\/wp-json\/wp\/v2\/product\/19332","targetHints":{"allow":["GET"]}}],"collection":[{"href":"https:\/\/abix.com.br\/es\/wp-json\/wp\/v2\/product"}],"about":[{"href":"https:\/\/abix.com.br\/es\/wp-json\/wp\/v2\/types\/product"}],"replies":[{"embeddable":true,"href":"https:\/\/abix.com.br\/es\/wp-json\/wp\/v2\/comments?post=19332"}],"wp:featuredmedia":[{"embeddable":true,"href":"https:\/\/abix.com.br\/es\/wp-json\/wp\/v2\/media\/10740"}],"wp:attachment":[{"href":"https:\/\/abix.com.br\/es\/wp-json\/wp\/v2\/media?parent=19332"}],"wp:term":[{"taxonomy":"product_brand","embeddable":true,"href":"https:\/\/abix.com.br\/es\/wp-json\/wp\/v2\/product_brand?post=19332"},{"taxonomy":"product_cat","embeddable":true,"href":"https:\/\/abix.com.br\/es\/wp-json\/wp\/v2\/product_cat?post=19332"},{"taxonomy":"product_tag","embeddable":true,"href":"https:\/\/abix.com.br\/es\/wp-json\/wp\/v2\/product_tag?post=19332"}],"curies":[{"name":"wp","href":"https:\/\/api.w.org\/{rel}","templated":true}]}}