{"id":19333,"date":"2020-06-10T10:29:43","date_gmt":"2020-06-10T13:29:43","guid":{"rendered":"https:\/\/abix.com.br\/produto\/camara-domo-pelco-pectra-iv-se-dia-y-noche\/"},"modified":"2023-10-19T15:10:21","modified_gmt":"2023-10-19T18:10:21","slug":"camara-domo-pelco-pectra-iv-se-dia-y-noche","status":"publish","type":"product","link":"https:\/\/abix.com.br\/es\/produto\/camara-domo-pelco-pectra-iv-se-dia-y-noche\/","title":{"rendered":"C\u00c1MARA DOMO PELCO PECTRA IV SE D\u00cdA Y NOCHE"},"content":{"rendered":"\n\t<section class=\"section\" id=\"section_2020548290\">\n\t\t<div class=\"section-bg fill\" >\n\t\t\t\t\t\t\t\t\t\n\t\t\t\n\n\t\t<\/div>\n\n\t\t\n\n\t\t<div class=\"section-content relative\">\n\t\t\t\n<div class=\"row\"  id=\"row-77180213\">\n\n\t<div id=\"col-1979490889\" class=\"col small-12 large-12\"  >\n\t\t\t\t<div class=\"col-inner\"  >\n\t\t\t\n\t\t\t\n<div class=\"row\"  id=\"row-2065979596\">\n\n\t<div id=\"col-688495158\" class=\"col small-12 large-12\"  >\n\t\t\t\t<div class=\"col-inner\"  >\n\t\t\t\n\t\t\t\n\n\t\t<div class=\"tabbed-content locacao-tabs\">\n\t\t\t\n\t\t\t<ul class=\"nav nav-tabs nav-normal nav-size-xlarge nav-left active-on-hover\" role=\"tablist\"><li id=\"tab-informaci\u00d3n\" class=\"tab active has-icon\" role=\"presentation\"><a href=\"#tab_informaci\u00d3n\" role=\"tab\" aria-selected=\"true\" aria-controls=\"tab_informaci\u00d3n\"><span>INFORMACI\u00d3N<\/span><\/a><\/li>\n<li id=\"tab-accesorios\" class=\"tab has-icon\" role=\"presentation\"><a href=\"#tab_accesorios\" tabindex=\"-1\" role=\"tab\" aria-selected=\"false\" aria-controls=\"tab_accesorios\"><span>ACCESORIOS<\/span><\/a><\/li>\n<li id=\"tab-descargas\" class=\"tab has-icon\" role=\"presentation\"><a href=\"#tab_descargas\" tabindex=\"-1\" role=\"tab\" aria-selected=\"false\" aria-controls=\"tab_descargas\"><span>DESCARGAS<\/span><\/a><\/li>\n<li id=\"tab-especificaciones\" class=\"tab has-icon\" role=\"presentation\"><a href=\"#tab_especificaciones\" tabindex=\"-1\" role=\"tab\" aria-selected=\"false\" aria-controls=\"tab_especificaciones\"><span>ESPECIFICACIONES<\/span><\/a><\/li><\/ul><div class=\"tab-panels\"><div id=\"tab_informaci\u00d3n\" class=\"panel active entry-content\" role=\"tabpanel\" aria-labelledby=\"tab-informaci\u00d3n\">\n<div class=\"row\"  id=\"row-1804826246\">\n\n\t<div id=\"col-584152226\" class=\"col medium-6 small-12 large-6\"  >\n\t\t\t\t<div class=\"col-inner\"  >\n\t\t\t\n\t\t\t\n<p><strong>UN DISPOSITIVO LTE PORT\u00c1TIL Y RESISTENTE<\/strong><\/p>\n<p>Para aquellos que necesitan un dispositivo de datos de misi\u00f3n y negocio cr\u00edtico que sea realmente adaptable a sus necesidades de red actuales y futuras y que requieren una comunicaci\u00f3n instant\u00e1nea, rica y frecuente, el dispositivo de mano Evolve LTE combina las caracter\u00edsticas de un dispositivo Android con la robustez y fiabilidad de un dispositivo push-to-talk para hablar en 3G, 4G y Wi-Fi con capacidad dual SIM.<\/p>\n<h3>Modularidad<\/h3>\n<p>Spectra\u00ae IV SE se ha dise\u00f1ado para facilitar la instalaci\u00f3n y el mantenimiento. Cada sistema de c\u00fapula consta de tres componentes: una caja trasera, una unidad de c\u00fapula y una c\u00fapula inferior. Estos tres componentes del sistema son intercambiables con otros sistemas de c\u00fapula Spectra IV, lo que simplifica los ajustes de precisi\u00f3n y aplicaci\u00f3n. Adem\u00e1s, las unidades de c\u00fapula y las c\u00fapulas inferiores se pueden desmontar y sustituir, lo que reduce el tiempo de mantenimiento.<\/p>\n<h3>Caja trasera<\/h3>\n<p>Las opciones de caja trasera de Spectra IV incluyen los siguientes modelos: ambiental empotrada en el techo (ideal para accesorios exteriores), interior empotrada, interior con soporte de superficie, colgante est\u00e1ndar y ambiental, de alta resistencia, presurizada y de acero inoxidable. Cada modelo de caja trasera dispone de memoria de caja trasera para almacenar ajustes de c\u00e1mara y domo espec\u00edficos del sitio, incluidas etiquetas, preposicionamientos, patrones y zonas. Un circuito UTP pasivo se encuentra en el conjunto de la puerta para una c\u00f3moda transmisi\u00f3n de v\u00eddeo a trav\u00e9s de un par trenzado de cables. Para aumentar la flexibilidad, los m\u00f3dulos de fibra de Pelco tambi\u00e9n pueden acoplarse al conjunto de puertos para la transmisi\u00f3n por una fibra monomodo o multimodo.<\/p>\n<h3>Accionamiento de la c\u00fapula<\/h3>\n<p>El paquete \u00f3ptico integrado de la unidad domo Spectra IV incorpora muchas funciones avanzadas que permiten al sistema producir v\u00eddeo de alta calidad en los entornos m\u00e1s dif\u00edciles. La c\u00e1mara diurna\/nocturna cuenta con un zoom \u00f3ptico de 18X y un zoom digital de 12X. La c\u00e1mara en color est\u00e1 equipada con un zoom \u00f3ptico de 16X y un zoom digital de 18X. Las dos c\u00e1maras de las unidades domo Spectra IV incorporan la tecnolog\u00eda LowLight\u2122, que permite a las c\u00e1maras compensar las escenas en las que la luz es m\u00ednima. La c\u00e1mara tambi\u00e9n ofrece un posicionamiento previo entre fotograma congelado e inhibici\u00f3n de ventanas.<\/p>\n\t\t<\/div>\n\t\t\t\t\t<\/div>\n\n\t\n\n\t<div id=\"col-2058786040\" class=\"col medium-6 small-12 large-6\"  >\n\t\t\t\t<div class=\"col-inner text-left\"  >\n\t\t\t\n\t\t\t\n<h3>C\u00fapula inferior<\/h3>\n<p>Un componente importante, pero que a menudo se pasa por alto, de un sistema domo de alta velocidad es la relaci\u00f3n entre la c\u00fapula del domo y el objetivo de la c\u00e1mara. Se prest\u00f3 especial atenci\u00f3n al dise\u00f1o de la c\u00fapula inferior del Spectra IV para garantizar una excelente relaci\u00f3n \u00f3ptica entre las lentes y la c\u00fapula, proporcionando v\u00eddeo n\u00edtido a distancias focales largas.<\/p>\n<h3>Sistemas de c\u00fapula<\/h3>\n<p>Los sistemas domo Spectra IV incorporan numerosas mejoras de software que aumentan el rendimiento y facilitan la programaci\u00f3n y el funcionamiento. Un reloj de programaci\u00f3n interno permite programar el posicionamiento previo y las rutinas. La inhibici\u00f3n de ventanas permite programar una zona privada definida por el usuario en cuatro lados. La protecci\u00f3n mediante contrase\u00f1a impide que usuarios no autorizados modifiquen la configuraci\u00f3n del sistema. Una br\u00fajula en pantalla y un dial de inclinaci\u00f3n proporcionan informaci\u00f3n de posicionamiento cuando la necesitas. El intuitivo programa multiling\u00fce en pantalla puede visualizarse en ingl\u00e9s, espa\u00f1ol, portugu\u00e9s, italiano, franc\u00e9s, alem\u00e1n, ruso, polaco, turco y checo.<\/p>\n<p>En Spectra IV, las capacidades de velocidad variable oscilan entre un movimiento panor\u00e1mico suave y r\u00e1pido de 400 grados por segundo y una velocidad \u00absigilosa\u00bb y suave de 0,1 grados por segundo. El sistema es capaz de girar 360 grados de forma continua y cuenta con una funci\u00f3n de \u00abgiro autom\u00e1tico\u00bb que hace que la c\u00fapula gire 180 grados y se reposicione para ofrecer una visi\u00f3n ininterrumpida de cualquier objeto o persona que pase directamente por debajo.<\/p>\n<p>Las herramientas opcionales de diagn\u00f3stico o instalaci\u00f3n (IPS-RMK e IPS-CABLE) permiten al instalador visualizar v\u00eddeo, controlar PTZ y llevar a cabo la configuraci\u00f3n del sistema y las actualizaciones de software en el lugar de instalaci\u00f3n.<\/p>\n\t\t<\/div>\n\t\t\t\t\t<\/div>\n\n\t\n<\/div>\n<\/div>\n<div id=\"tab_accesorios\" class=\"panel entry-content\" role=\"tabpanel\" aria-labelledby=\"tab-accesorios\">\n<div class=\"row align-middle\"  id=\"row-263489800\">\n\n\t<div id=\"col-1755270530\" class=\"col medium-10 small-12 large-10\"  >\n\t\t\t\t<div class=\"col-inner\"  >\n\t\t\t\n\t\t\t\n<p>CONTENIDO<\/p>\n\t\t<\/div>\n\t\t\t\t\t<\/div>\n\n\t\n\n\t<div id=\"col-445091840\" class=\"col medium-2 small-12 large-2\"  >\n\t\t\t\t<div class=\"col-inner\"  >\n\t\t\t\n\t\t\t\n\t\t<\/div>\n\t\t\t\t\t<\/div>\n\n\t\n<\/div>\n<\/div>\n<div id=\"tab_descargas\" class=\"panel entry-content\" role=\"tabpanel\" aria-labelledby=\"tab-descargas\">\n<div class=\"row\"  id=\"row-884172187\">\n\n\t<div id=\"col-173116388\" class=\"col medium-10 small-12 large-10\"  >\n\t\t\t\t<div class=\"col-inner\"  >\n\t\t\t\n\t\t\t\n<p><a href=\"https:\/\/www.abix.com.br\/wp-content\/uploads\/Ficha-Spetra-IV-Pelco.pdf\">Ficha t\u00e9cnica de Spetra IV Pelco<\/a><\/p>\n\t\t<\/div>\n\t\t\t\t\t<\/div>\n\n\t\n<\/div>\n<\/div>\n<div id=\"tab_especificaciones\" class=\"panel entry-content\" role=\"tabpanel\" aria-labelledby=\"tab-especificaciones\">\n<div class=\"row\"  id=\"row-722393306\">\n\n\t<div id=\"col-1595745358\" class=\"col medium-9 small-12 large-9\"  >\n\t\t\t\t<div class=\"col-inner\"  >\n\t\t\t\n\t\t\t\n<h3>ESPECIFICACIONES GENERALES<\/h3>\n<ul>\n<li><strong>Estructura<\/strong>\n<ul>\n<li>Reducido\n<ul>\n<li>Soporte de superficie: Pl\u00e1stico<\/li>\n<li>Techo empotrado: Aluminio<\/li>\n<li>Colgante: Aluminio<\/li>\n<li>Accionamiento de la c\u00fapula: aluminio, termopl\u00e1stico<\/li>\n<li>Globo: acr\u00edlico<\/li>\n<\/ul>\n<\/li>\n<li>Atenuaci\u00f3n de la luz\n<ul>\n<li>Ahumado: 1\/2 F-stop de p\u00e9rdida de luz<\/li>\n<li>Transparente: sin p\u00e9rdida de luz<\/li>\n<li>Cromo: P\u00e9rdida de luz de 2 F-stops\n<ul>\n<li>Oro: P\u00e9rdida de potencia de entrada luz2 F-stops<\/li>\n<\/ul>\n<\/li>\n<\/ul>\n<\/li>\n<li>Entrada de cables (caja trasera)\n<ul>\n<li>Soporte empotrado en techo y superficie: Conexi\u00f3n para conducto de 0,75&#8243;. (1.9cm)<\/li>\n<li>Colgante: Mediante soporte colgante con rosca de 1,5 pulg. (3.8cm) NPT<\/li>\n<\/ul>\n<\/li>\n<li> <\/li>\n<\/ul>\n<\/li>\n<\/ul>\n<h3>ESPECIFICACIONES EL\u00c9CTRICAS<\/h3>\n<ul>\n<li><strong>Tensi\u00f3n de entrada<\/strong><\/li>\n<\/ul>\n<p>18-32 VCA; 24 VCA nominal<\/p>\n<p>22-27 VCC; 24 VCC nominal<\/p>\n<ul>\n<li><strong>Fuerza de entrada<\/strong>\n<ul>\n<li>24 VAC\n<ul>\n<li>23 VA nominales (sin calentador)<\/li>\n<li>73 VA nominales (con calentador)<\/li>\n<\/ul>\n<\/li>\n<li>24VDC\n<ul>\n<li>0,7 A nominal (sin calentador)<\/li>\n<li>3 A nominal (con calentador)<\/li>\n<\/ul>\n<\/li>\n<li>Fusible\n<ul>\n<li>1,25 A<\/li>\n<\/ul>\n<\/li>\n<\/ul>\n<\/li>\n<\/ul>\n<h3>ESPECIFICACIONES MEC\u00c1NICAS<\/h3>\n<ul>\n<li><strong>Movimiento panor\u00e1mico<\/strong><\/li>\n<\/ul>\n<p>Rotaci\u00f3n panor\u00e1mica continua de 360<\/p>\n<ul>\n<li><strong>Inclinaci\u00f3n vertical<\/strong><\/li>\n<\/ul>\n<p>Sin obstrucci\u00f3n +2\u00ba a -92\u00ba<\/p>\n<ul>\n<li><strong>Velocidades pan\/tilt manuales<\/strong>\n<ul>\n<li>Pan\n<ul>\n<li>0,1\u00ba -80\u00ba\/seg funcionamiento manual, 150\u00ba\/seg turbo<\/li>\n<\/ul>\n<\/li>\n<li>Inclinaci\u00f3n\n<ul>\n<li>0,1\u00ba -40\u00ba\/seg funcionamiento manual<\/li>\n<\/ul>\n<\/li>\n<\/ul>\n<\/li>\n<\/ul>\n<ul>\n<li><strong>Velocidades de preposicionamiento<\/strong>\n<ul>\n<li>Pan\n<ul>\n<li>400\u00ba\/s<\/li>\n<\/ul>\n<\/li>\n<li>Inclinaci\u00f3n\n<ul>\n<li>200\u00ba\/s &#8211; Para el funcionamiento a velocidad variable, se requiere un controlador adecuado. (Sin control de velocidad, la velocidad de giro\/inclinaci\u00f3n del Spectra IV es de 20\u00ba\/seg)<\/li>\n<\/ul>\n<\/li>\n<\/ul>\n<\/li>\n<\/ul>\n<h3>CERTIFICACIONES\/CLASIFICACIONES\/PATENTES<\/h3>\n<ul>\n<li>CE, Clase B<\/li>\n<li>Listado por Ul<\/li>\n<li>Certificaci\u00f3n UL conforme a las normas de seguridad canadienses<\/li>\n<li>Cumple los requisitos de Argentina en virtud de la Res. 92\/98<\/li>\n<li>FCC, Clase B<\/li>\n<li>Patentes estadounidenses 5.931.432; 6.793.415 B2; 6.802.656 B2; 6.821.222 B2; 7.161.615 B2<\/li>\n<li>Presta atenci\u00f3n a las normas:\n<ul>\n<li>Nema tipo 4X IP66 cuando se instala correctamente (BB4T-F-E, BB4T-TB, BB4T-PG, y BB4T-SMB, y BB4T-F)<\/li>\n<li>Nema tipo 1, IP40 (BB4T-SMW, BB4T-SMB, E BB4T-F)<\/li>\n<\/ul>\n<\/li>\n<\/ul>\n\t\t<\/div>\n\t\t\t\t\t<\/div>\n\n\t\n<\/div>\n<\/div><\/div><\/div>\n\t\t<\/div>\n\t\t\t\t\t<\/div>\n\n\t\n<\/div>\n\t\t<\/div>\n\t\t\t\t\t<\/div>\n\n\t\n<\/div>\n\t\t<\/div>\n\n\t\t\n<style>\n#section_2020548290 {\n  padding-top: 0px;\n  padding-bottom: 0px;\n}\n<\/style>\n\t<\/section>\n\t\n","protected":false},"excerpt":{"rendered":"<p style=\"text-align: justify;\">Los sistemas de domo Spectra IV SD4TCPGE0 de Pelco constan de una caja trasera gris claro, una unidad de domo y un domo inferior ahumado. Lo que hace especial al sistema es que es intercambiable con otros sistemas de c\u00fapula Spectra IV. Tambi\u00e9n se ha dise\u00f1ado pensando en la facilidad de instalaci\u00f3n y mantenimiento: simplificando los ajustes de adaptaci\u00f3n y aplicaci\u00f3n.<\/p>\n<p style=\"text-align: justify;\">Los sistemas domo Spectra incorporan numerosas mejoras de software que aumentan el rendimiento y facilitan la programaci\u00f3n. La supresi\u00f3n de ventanas permite al usuario programar un \u00e1rea de privacidad de cuatro lados definida por el usuario.<\/p>\n<p style=\"text-align: justify;\">La unidad tambi\u00e9n incluye la posibilidad de a\u00f1adir capacidad de red IP adquiriendo un m\u00f3dulo TXB-IP opcional.<\/p>\n","protected":false},"featured_media":10726,"comment_status":"closed","ping_status":"closed","template":"","meta":[],"product_brand":[],"product_cat":[178,179],"product_tag":[],"class_list":{"0":"post-19333","1":"product","2":"type-product","3":"status-publish","4":"has-post-thumbnail","6":"product_cat-cctv","7":"product_cat-pelco-es","9":"first","10":"instock","11":"shipping-taxable","12":"product-type-simple"},"yoast_head":"<!-- This site is optimized with the Yoast SEO plugin v27.4 - https:\/\/yoast.com\/product\/yoast-seo-wordpress\/ -->\n<title>C\u00c1MARA DOMO PELCO PECTRA IV SE D\u00cdA Y NOCHE - Abix<\/title>\n<meta name=\"description\" content=\"C\u00c1MARA DE D\u00cdA Y NOCHE PELCO DOMO PECTRA IV SE - Pelco consta de una carcasa trasera de color gris claro, una unidad de domo y un domo inferior ahumado. Eche un vistazo.\" \/>\n<meta name=\"robots\" content=\"index, follow, max-snippet:-1, max-image-preview:large, max-video-preview:-1\" \/>\n<link rel=\"canonical\" href=\"https:\/\/abix.com.br\/produto\/camera-pelco-dome-pectra-iv-se-day-night\/\" \/>\n<meta property=\"og:locale\" content=\"es_ES\" \/>\n<meta property=\"og:type\" content=\"article\" \/>\n<meta property=\"og:title\" content=\"C\u00c1MARA DOMO PELCO PECTRA IV SE D\u00cdA Y NOCHE - Abix\" \/>\n<meta property=\"og:description\" content=\"C\u00c1MARA DE D\u00cdA Y NOCHE PELCO DOMO PECTRA IV SE - Pelco consta de una carcasa trasera de color gris claro, una unidad de domo y un domo inferior ahumado. Eche un vistazo.\" \/>\n<meta property=\"og:url\" content=\"https:\/\/abix.com.br\/produto\/camera-pelco-dome-pectra-iv-se-day-night\/\" \/>\n<meta property=\"og:site_name\" content=\"Abix\" \/>\n<meta property=\"article:modified_time\" content=\"2023-10-19T18:10:21+00:00\" \/>\n<meta property=\"og:image\" content=\"https:\/\/abix.com.br\/wp-content\/uploads\/2020\/06\/Pelco-Spectra-IV.jpg\" \/>\n\t<meta property=\"og:image:width\" content=\"500\" \/>\n\t<meta property=\"og:image:height\" content=\"500\" \/>\n\t<meta property=\"og:image:type\" content=\"image\/jpeg\" \/>\n<meta name=\"twitter:card\" content=\"summary_large_image\" \/>\n<meta name=\"twitter:label1\" content=\"Tiempo de lectura\" \/>\n\t<meta name=\"twitter:data1\" content=\"6 minutos\" \/>\n<script type=\"application\/ld+json\" class=\"yoast-schema-graph\">{\"@context\":\"https:\\\/\\\/schema.org\",\"@graph\":[{\"@type\":\"WebPage\",\"@id\":\"https:\\\/\\\/abix.com.br\\\/produto\\\/camera-pelco-dome-pectra-iv-se-day-night\\\/\",\"url\":\"https:\\\/\\\/abix.com.br\\\/produto\\\/camera-pelco-dome-pectra-iv-se-day-night\\\/\",\"name\":\"C\u00c1MARA DOMO PELCO PECTRA IV SE D\u00cdA Y NOCHE - Abix\",\"isPartOf\":{\"@id\":\"https:\\\/\\\/abix.com.br\\\/#website\"},\"primaryImageOfPage\":{\"@id\":\"https:\\\/\\\/abix.com.br\\\/produto\\\/camera-pelco-dome-pectra-iv-se-day-night\\\/#primaryimage\"},\"image\":{\"@id\":\"https:\\\/\\\/abix.com.br\\\/produto\\\/camera-pelco-dome-pectra-iv-se-day-night\\\/#primaryimage\"},\"thumbnailUrl\":\"https:\\\/\\\/abix.com.br\\\/wp-content\\\/uploads\\\/2020\\\/06\\\/Pelco-Spectra-IV.jpg\",\"datePublished\":\"2020-06-10T13:29:43+00:00\",\"dateModified\":\"2023-10-19T18:10:21+00:00\",\"description\":\"C\u00c1MARA DE D\u00cdA Y NOCHE PELCO DOMO PECTRA IV SE - Pelco consta de una carcasa trasera de color gris claro, una unidad de domo y un domo inferior ahumado. Eche un vistazo.\",\"breadcrumb\":{\"@id\":\"https:\\\/\\\/abix.com.br\\\/produto\\\/camera-pelco-dome-pectra-iv-se-day-night\\\/#breadcrumb\"},\"inLanguage\":\"es\",\"potentialAction\":[{\"@type\":\"ReadAction\",\"target\":[\"https:\\\/\\\/abix.com.br\\\/produto\\\/camera-pelco-dome-pectra-iv-se-day-night\\\/\"]}]},{\"@type\":\"ImageObject\",\"inLanguage\":\"es\",\"@id\":\"https:\\\/\\\/abix.com.br\\\/produto\\\/camera-pelco-dome-pectra-iv-se-day-night\\\/#primaryimage\",\"url\":\"https:\\\/\\\/abix.com.br\\\/wp-content\\\/uploads\\\/2020\\\/06\\\/Pelco-Spectra-IV.jpg\",\"contentUrl\":\"https:\\\/\\\/abix.com.br\\\/wp-content\\\/uploads\\\/2020\\\/06\\\/Pelco-Spectra-IV.jpg\",\"width\":500,\"height\":500,\"caption\":\"C\u00c2MERA PELCO DOME PECTRA\"},{\"@type\":\"BreadcrumbList\",\"@id\":\"https:\\\/\\\/abix.com.br\\\/produto\\\/camera-pelco-dome-pectra-iv-se-day-night\\\/#breadcrumb\",\"itemListElement\":[{\"@type\":\"ListItem\",\"position\":1,\"name\":\"In\u00edcio\",\"item\":\"https:\\\/\\\/abix.com.br\\\/es\\\/\"},{\"@type\":\"ListItem\",\"position\":2,\"name\":\"Tienda\",\"item\":\"https:\\\/\\\/abix.com.br\\\/loja\\\/\"},{\"@type\":\"ListItem\",\"position\":3,\"name\":\"C\u00c1MARA DOMO PELCO PECTRA IV SE D\u00cdA Y NOCHE\"}]},{\"@type\":\"WebSite\",\"@id\":\"https:\\\/\\\/abix.com.br\\\/#website\",\"url\":\"https:\\\/\\\/abix.com.br\\\/\",\"name\":\"Abix\",\"description\":\"\",\"potentialAction\":[{\"@type\":\"SearchAction\",\"target\":{\"@type\":\"EntryPoint\",\"urlTemplate\":\"https:\\\/\\\/abix.com.br\\\/?s={search_term_string}\"},\"query-input\":{\"@type\":\"PropertyValueSpecification\",\"valueRequired\":true,\"valueName\":\"search_term_string\"}}],\"inLanguage\":\"es\"}]}<\/script>\n<!-- \/ Yoast SEO plugin. -->","yoast_head_json":{"title":"C\u00c1MARA DOMO PELCO PECTRA IV SE D\u00cdA Y NOCHE - Abix","description":"C\u00c1MARA DE D\u00cdA Y NOCHE PELCO DOMO PECTRA IV SE - Pelco consta de una carcasa trasera de color gris claro, una unidad de domo y un domo inferior ahumado. Eche un vistazo.","robots":{"index":"index","follow":"follow","max-snippet":"max-snippet:-1","max-image-preview":"max-image-preview:large","max-video-preview":"max-video-preview:-1"},"canonical":"https:\/\/abix.com.br\/produto\/camera-pelco-dome-pectra-iv-se-day-night\/","og_locale":"es_ES","og_type":"article","og_title":"C\u00c1MARA DOMO PELCO PECTRA IV SE D\u00cdA Y NOCHE - Abix","og_description":"C\u00c1MARA DE D\u00cdA Y NOCHE PELCO DOMO PECTRA IV SE - Pelco consta de una carcasa trasera de color gris claro, una unidad de domo y un domo inferior ahumado. Eche un vistazo.","og_url":"https:\/\/abix.com.br\/produto\/camera-pelco-dome-pectra-iv-se-day-night\/","og_site_name":"Abix","article_modified_time":"2023-10-19T18:10:21+00:00","og_image":[{"width":500,"height":500,"url":"https:\/\/abix.com.br\/wp-content\/uploads\/2020\/06\/Pelco-Spectra-IV.jpg","type":"image\/jpeg"}],"twitter_card":"summary_large_image","twitter_misc":{"Tiempo de lectura":"6 minutos"},"schema":{"@context":"https:\/\/schema.org","@graph":[{"@type":"WebPage","@id":"https:\/\/abix.com.br\/produto\/camera-pelco-dome-pectra-iv-se-day-night\/","url":"https:\/\/abix.com.br\/produto\/camera-pelco-dome-pectra-iv-se-day-night\/","name":"C\u00c1MARA DOMO PELCO PECTRA IV SE D\u00cdA Y NOCHE - Abix","isPartOf":{"@id":"https:\/\/abix.com.br\/#website"},"primaryImageOfPage":{"@id":"https:\/\/abix.com.br\/produto\/camera-pelco-dome-pectra-iv-se-day-night\/#primaryimage"},"image":{"@id":"https:\/\/abix.com.br\/produto\/camera-pelco-dome-pectra-iv-se-day-night\/#primaryimage"},"thumbnailUrl":"https:\/\/abix.com.br\/wp-content\/uploads\/2020\/06\/Pelco-Spectra-IV.jpg","datePublished":"2020-06-10T13:29:43+00:00","dateModified":"2023-10-19T18:10:21+00:00","description":"C\u00c1MARA DE D\u00cdA Y NOCHE PELCO DOMO PECTRA IV SE - Pelco consta de una carcasa trasera de color gris claro, una unidad de domo y un domo inferior ahumado. Eche un vistazo.","breadcrumb":{"@id":"https:\/\/abix.com.br\/produto\/camera-pelco-dome-pectra-iv-se-day-night\/#breadcrumb"},"inLanguage":"es","potentialAction":[{"@type":"ReadAction","target":["https:\/\/abix.com.br\/produto\/camera-pelco-dome-pectra-iv-se-day-night\/"]}]},{"@type":"ImageObject","inLanguage":"es","@id":"https:\/\/abix.com.br\/produto\/camera-pelco-dome-pectra-iv-se-day-night\/#primaryimage","url":"https:\/\/abix.com.br\/wp-content\/uploads\/2020\/06\/Pelco-Spectra-IV.jpg","contentUrl":"https:\/\/abix.com.br\/wp-content\/uploads\/2020\/06\/Pelco-Spectra-IV.jpg","width":500,"height":500,"caption":"C\u00c2MERA PELCO DOME PECTRA"},{"@type":"BreadcrumbList","@id":"https:\/\/abix.com.br\/produto\/camera-pelco-dome-pectra-iv-se-day-night\/#breadcrumb","itemListElement":[{"@type":"ListItem","position":1,"name":"In\u00edcio","item":"https:\/\/abix.com.br\/es\/"},{"@type":"ListItem","position":2,"name":"Tienda","item":"https:\/\/abix.com.br\/loja\/"},{"@type":"ListItem","position":3,"name":"C\u00c1MARA DOMO PELCO PECTRA IV SE D\u00cdA Y NOCHE"}]},{"@type":"WebSite","@id":"https:\/\/abix.com.br\/#website","url":"https:\/\/abix.com.br\/","name":"Abix","description":"","potentialAction":[{"@type":"SearchAction","target":{"@type":"EntryPoint","urlTemplate":"https:\/\/abix.com.br\/?s={search_term_string}"},"query-input":{"@type":"PropertyValueSpecification","valueRequired":true,"valueName":"search_term_string"}}],"inLanguage":"es"}]}},"_links":{"self":[{"href":"https:\/\/abix.com.br\/es\/wp-json\/wp\/v2\/product\/19333","targetHints":{"allow":["GET"]}}],"collection":[{"href":"https:\/\/abix.com.br\/es\/wp-json\/wp\/v2\/product"}],"about":[{"href":"https:\/\/abix.com.br\/es\/wp-json\/wp\/v2\/types\/product"}],"replies":[{"embeddable":true,"href":"https:\/\/abix.com.br\/es\/wp-json\/wp\/v2\/comments?post=19333"}],"wp:featuredmedia":[{"embeddable":true,"href":"https:\/\/abix.com.br\/es\/wp-json\/wp\/v2\/media\/10726"}],"wp:attachment":[{"href":"https:\/\/abix.com.br\/es\/wp-json\/wp\/v2\/media?parent=19333"}],"wp:term":[{"taxonomy":"product_brand","embeddable":true,"href":"https:\/\/abix.com.br\/es\/wp-json\/wp\/v2\/product_brand?post=19333"},{"taxonomy":"product_cat","embeddable":true,"href":"https:\/\/abix.com.br\/es\/wp-json\/wp\/v2\/product_cat?post=19333"},{"taxonomy":"product_tag","embeddable":true,"href":"https:\/\/abix.com.br\/es\/wp-json\/wp\/v2\/product_tag?post=19333"}],"curies":[{"name":"wp","href":"https:\/\/api.w.org\/{rel}","templated":true}]}}