{"id":19599,"date":"2020-06-10T08:33:58","date_gmt":"2020-06-10T11:33:58","guid":{"rendered":"https:\/\/abix.com.br\/produto\/pelco-comclosure-camara-ip-serie-ip110\/"},"modified":"2023-10-19T17:51:22","modified_gmt":"2023-10-19T20:51:22","slug":"pelco-comclosure-camara-ip-serie-ip110","status":"publish","type":"product","link":"https:\/\/abix.com.br\/es\/produto\/pelco-comclosure-camara-ip-serie-ip110\/","title":{"rendered":"PELCO COMCLOSURE C\u00c1MARA IP SERIE IP110"},"content":{"rendered":"\n\t<section class=\"section\" id=\"section_490734120\">\n\t\t<div class=\"section-bg fill\" >\n\t\t\t\t\t\t\t\t\t\n\t\t\t\n\n\t\t<\/div>\n\n\t\t\n\n\t\t<div class=\"section-content relative\">\n\t\t\t\n<div class=\"row\"  id=\"row-569119420\">\n\n\t<div id=\"col-149411978\" class=\"col small-12 large-12\"  >\n\t\t\t\t<div class=\"col-inner\"  >\n\t\t\t\n\t\t\t\n<div class=\"row\"  id=\"row-866089974\">\n\n\t<div id=\"col-405975259\" class=\"col small-12 large-12\"  >\n\t\t\t\t<div class=\"col-inner\"  >\n\t\t\t\n\t\t\t\n\n\t\t<div class=\"tabbed-content locacao-tabs\">\n\t\t\t\n\t\t\t<ul class=\"nav nav-tabs nav-normal nav-size-xlarge nav-left active-on-hover\" role=\"tablist\"><li id=\"tab-informaci\u00d3n\" class=\"tab active has-icon\" role=\"presentation\"><a href=\"#tab_informaci\u00d3n\" role=\"tab\" aria-selected=\"true\" aria-controls=\"tab_informaci\u00d3n\"><span>INFORMACI\u00d3N<\/span><\/a><\/li>\n<li id=\"tab-accesorios\" class=\"tab has-icon\" role=\"presentation\"><a href=\"#tab_accesorios\" tabindex=\"-1\" role=\"tab\" aria-selected=\"false\" aria-controls=\"tab_accesorios\"><span>ACCESORIOS<\/span><\/a><\/li>\n<li id=\"tab-descargas\" class=\"tab has-icon\" role=\"presentation\"><a href=\"#tab_descargas\" tabindex=\"-1\" role=\"tab\" aria-selected=\"false\" aria-controls=\"tab_descargas\"><span>DESCARGAS<\/span><\/a><\/li>\n<li id=\"tab-especificaciones\" class=\"tab has-icon\" role=\"presentation\"><a href=\"#tab_especificaciones\" tabindex=\"-1\" role=\"tab\" aria-selected=\"false\" aria-controls=\"tab_especificaciones\"><span>ESPECIFICACIONES<\/span><\/a><\/li><\/ul><div class=\"tab-panels\"><div id=\"tab_informaci\u00d3n\" class=\"panel active entry-content\" role=\"tabpanel\" aria-labelledby=\"tab-informaci\u00d3n\">\n<div class=\"row\"  id=\"row-185632912\">\n\n\t<div id=\"col-1091383574\" class=\"col medium-6 small-12 large-6\"  >\n\t\t\t\t<div class=\"col-inner\"  >\n\t\t\t\n\t\t\t\n<h3>Caracter\u00edsticas del producto<\/h3>\n<ul>\n<li>Alimentaci\u00f3n a trav\u00e9s de Ethernet (IEEE802.3af) o entrada de alimentaci\u00f3n de 24 VCA;<\/li>\n<li>Arquitectura abierta;<\/li>\n<li>3 secuencias de v\u00eddeo simult\u00e1neas<\/li>\n<\/ul>\n<p>Doble MPEG-4: 30 im\u00e1genes por segundo (ips)<\/p>\n<p>MJPEG escalable<\/p>\n<ul>\n<li>Protocolos soportados:&gt; TCP\/IUP, UDP\/IP (Unicasr, Multicast IGMP), UPnP, DNS, DHS, RTP, NTP;<\/li>\n<li>Protecci\u00f3n por contrase\u00f1a multinivel;<\/li>\n<li>Globos resistentes a la intemperie y a los pinchazos, equipos a prueba de manipulaciones;<\/li>\n<li>8 opciones de c\u00e1mara y objetivo para mejorar la sensibilidad con poca luz, iluminaci\u00f3n extrema y resoluci\u00f3n ultra alta.<\/li>\n<\/ul>\n<p>Amplio rango din\u00e1mico (WDR) d\u00eda\/noche<\/p>\n<p>Alta resoluci\u00f3n d\u00eda\/noche<\/p>\n<p>Color WDR<\/p>\n<p>Alta resoluci\u00f3n de color<\/p>\n<ul>\n<li>Incluye conector de servicio de v\u00eddeo para configuraci\u00f3n in situ.<\/li>\n<\/ul>\n\t\t<\/div>\n\t\t\t\t\t<\/div>\n\n\t\n\n\t<div id=\"col-1130446238\" class=\"col medium-6 small-12 large-6\"  >\n\t\t\t\t<div class=\"col-inner text-left\"  >\n\t\t\t\n\t\t\t\n<h3>Otras funciones<\/h3>\n<ul>\n<li>Entrada y salida de alarma;<\/li>\n<li>Calefactores con control termost\u00e1tico;<\/li>\n<li>Exploraci\u00f3n progresiva;<\/li>\n<li>Detecci\u00f3n de movimiento;<\/li>\n<li>Hasta 30 ips con una resoluci\u00f3n de 704 x 480 o 704 x 576.<\/li>\n<\/ul>\n\t\t<\/div>\n\t\t\t\t\t<\/div>\n\n\t\n<\/div>\n<\/div>\n<div id=\"tab_accesorios\" class=\"panel entry-content\" role=\"tabpanel\" aria-labelledby=\"tab-accesorios\">\n<div class=\"row align-middle\"  id=\"row-656346923\">\n\n\t<div id=\"col-1094005004\" class=\"col medium-10 small-12 large-10\"  >\n\t\t\t\t<div class=\"col-inner\"  >\n\t\t\t\n\t\t\t\n<p>CONTENIDO<\/p>\n\t\t<\/div>\n\t\t\t\t\t<\/div>\n\n\t\n\n\t<div id=\"col-2021740319\" class=\"col medium-2 small-12 large-2\"  >\n\t\t\t\t<div class=\"col-inner\"  >\n\t\t\t\n\t\t\t\n\t\t<\/div>\n\t\t\t\t\t<\/div>\n\n\t\n<\/div>\n<\/div>\n<div id=\"tab_descargas\" class=\"panel entry-content\" role=\"tabpanel\" aria-labelledby=\"tab-descargas\">\n<div class=\"row\"  id=\"row-1435649603\">\n\n\t<div id=\"col-1414242058\" class=\"col medium-10 small-12 large-10\"  >\n\t\t\t\t<div class=\"col-inner\"  >\n\t\t\t\n\t\t\t\n<p><a href=\"https:\/\/www.abix.com.br\/wp-content\/uploads\/Ficha-Pelco-Camclosure-IP110.pdf\">Ficha t\u00e9cnica de Pelco Camclosure IP110<\/a><\/p>\n\t\t<\/div>\n\t\t\t\t\t<\/div>\n\n\t\n<\/div>\n<\/div>\n<div id=\"tab_especificaciones\" class=\"panel entry-content\" role=\"tabpanel\" aria-labelledby=\"tab-especificaciones\">\n<div class=\"row\"  id=\"row-931751793\">\n\n\t<div id=\"col-1984227086\" class=\"col medium-9 small-12 large-9\"  >\n\t\t\t\t<div class=\"col-inner\"  >\n\t\t\t\n\t\t\t\n<ul>\n<li><strong>Estructura<\/strong><\/li>\n<\/ul>\n<p>Aluminio, con soporte de montaje de la c\u00e1mara de acero sobre c\u00fapula de policarbonato.<\/p>\n<ul>\n<li><strong>Acabado<\/strong><\/li>\n<\/ul>\n<p>Pintura en polvo de poli\u00e9ster gris claro.<\/p>\n<p><strong>Ahumado<\/strong><\/p>\n<p>P\u00e9rdida de luz f\/1,5<\/p>\n<p><strong>Transparente<\/strong><\/p>\n<p>Sin p\u00e9rdida de luz<\/p>\n<ul>\n<li><strong>Peso unitario<\/strong><\/li>\n<\/ul>\n<p>1,00 kg (2,20 lb)<\/p>\n<h3>ESPECIFICACIONES EL\u00c9CTRICAS<\/h3>\n<ul>\n<li><strong>Puertas<\/strong><\/li>\n<\/ul>\n<p>Conector RJ45 para 100Base-TX<\/p>\n<p>MDI\/MDI-X autom\u00e1tico<\/p>\n<p>Configuraci\u00f3n autonegociaci\u00f3n\/manual<\/p>\n<ul>\n<li><strong>Tipo de cableado<\/strong><\/li>\n<\/ul>\n<p>Cat5 o superior para 100Base-TX<\/p>\n<ul>\n<li><strong>Tensi\u00f3n de entrada<\/strong><\/li>\n<\/ul>\n<p>24VAC (18 a 36_ o PoE (IEEE802.3af)<\/p>\n<ul>\n<li><strong>Consumo de energ\u00eda<\/strong>\n<ul>\n<li>PoE<\/li>\n<\/ul>\n<\/li>\n<\/ul>\n<p>&lt;7,5 W, &lt;13 W con calentadores<\/p>\n<ul>\n<li>\n<ul>\n<li>24 VAC<\/li>\n<\/ul>\n<\/li>\n<\/ul>\n<p>&lt;7,5 W, &lt;14 W con calentadores<\/p>\n<ul>\n<li><strong>Entrada de alarma<\/strong><\/li>\n<\/ul>\n<p>m\u00e1ximo 10VDC, m\u00e1ximo 5mA<\/p>\n<ul>\n<li><strong>Salida de alarma<\/strong><\/li>\n<\/ul>\n<p>m\u00e1ximo 0 a 15VDC, m\u00e1ximo 75mA<\/p>\n<ul>\n<li><strong>Conector de servicio<\/strong><\/li>\n<\/ul>\n<p>Interno a un conector jack 3 de 2,5 mm en la carcasa que proporciona salidas de v\u00eddeo NTSC\/PAL<\/p>\n<h3>ESPECIFICACIONES DE V\u00cdDEO<\/h3>\n<ul>\n<li><strong>Compresi\u00f3n<\/strong><\/li>\n<\/ul>\n<p>MPEG-4, MJPEG en modo de visualizaci\u00f3n WEB<\/p>\n<ul>\n<li><strong>Emisiones de v\u00eddeo<\/strong><\/li>\n<\/ul>\n<p>3, simult\u00e1neo<\/p>\n<ul>\n<li><strong>Resoluciones de v\u00eddeo<\/strong>\n<ul>\n<li>4CIF &#8211; NTSC: 704 x 480 &#8211; PAL: 704 x 576<\/li>\n<li>2CIF &#8211; NTSC: 704 x 240 &#8211; PAL: 704 x 288<\/li>\n<li>CIF &#8211; NTSC: 352 x 240 &#8211; PAL: 352 x 288<\/li>\n<li>QCIF- NTSC: 176 x 120 &#8211; PAL: 176 x 144<\/li>\n<\/ul>\n<\/li>\n<\/ul>\n<ul>\n<li><strong>Velocidad binaria configurable<\/strong><\/li>\n<\/ul>\n<p>20kbps a 2Mbps por transmisi\u00f3n, implementa EnduraView<\/p>\n<ul>\n<li><strong>Interfaz de usuario web<\/strong><\/li>\n<\/ul>\n<p>Interfaz de utilidad de dispositivos Pelco para visualizaci\u00f3n HTTP, requiere Java Runtime Environment (JRE\u2122).<\/p>\n<ul>\n<li><strong>Acceso a v\u00eddeo desde un navegador web<\/strong><\/li>\n<\/ul>\n<p>Vista de c\u00e1mara en directo para hasta 10 fuentes de v\u00eddeo<\/p>\n<ul>\n<li><strong>Usuario<\/strong><\/li>\n<\/ul>\n<p>10 usuarios simult\u00e1neos, n\u00famero ilimitado de usuarios multicast<\/p>\n<ul>\n<li><strong>Navegador web<\/strong><\/li>\n<\/ul>\n<p>Microsoft Internet Explorer 5.5 (o superior) o Firefox 1.5 (o superior)<\/p>\n<ul>\n<li><strong>Resoluci\u00f3n de pantalla<\/strong><\/li>\n<\/ul>\n<p>1024 x 768 p\u00edxeles o superior, resoluci\u00f3n de color de 16 o 32 bits<\/p>\n<ul>\n<li><strong>Actualizaci\u00f3n del firmware<\/strong><\/li>\n<\/ul>\n<p>Aplicaci\u00f3n Pelco Device Utilities o Endura<\/p>\n<\/p>\n<h3>CERTIFICACIONES\/CLASIFICACIONES\/PATENTES<\/h3>\n<ul>\n<li>CE, Clase B<\/li>\n<li>FCC, Clase B<\/li>\n<li>Listado por UL\/ cUL<\/li>\n<li>Compatible con IEEE802.3 af<\/li>\n<li>Cumple las normas NEMA Tipo 4X e IP66<\/li>\n<li>Patentes estadounidenses: D476.025; 6.715.939 B2; 6.805.498 B2<\/li>\n<\/ul>\n\t\t<\/div>\n\t\t\t\t\t<\/div>\n\n\t\n<\/div>\n<\/div><\/div><\/div>\n\t\t<\/div>\n\t\t\t\t\t<\/div>\n\n\t\n<\/div>\n\t\t<\/div>\n\t\t\t\t\t<\/div>\n\n\t\n<\/div>\n\t\t<\/div>\n\n\t\t\n<style>\n#section_490734120 {\n  padding-top: 0px;\n  padding-bottom: 0px;\n}\n<\/style>\n\t<\/section>\n\t\n","protected":false},"excerpt":{"rendered":"<p style=\"text-align: justify;\">La serie Camclosure\u00ae IP110 es un sistema minidomo fijo para interior\/exterior con una interfaz de red 100Base-TX integrada para la transmisi\u00f3n en directo a un navegador web est\u00e1ndar (Microsoft\u00ae Internet Explorer\u00ae o Firefox\u00ae). El minidomo de red cuenta con conectividad de arquitectura abierta para soluciones de grabaci\u00f3n de software de terceros y tambi\u00e9n es Endura Enabled\u2122 para grabar, gestionar, configurar y visualizar m\u00faltiples secuencias en directo.<\/p>\n<p style=\"text-align: justify;\">Cuando se conecta a un sistema de seguridad basado en red Endura\u00ae, el minidomo tiene acceso a EnduraStor\u2122 y EnduraView\u2122 para optimizar la calidad de imagen y la eficiencia del ancho de banda. EnduraStor ampl\u00eda notablemente la duraci\u00f3n de la grabaci\u00f3n a una frecuencia de imagen inferior, y EnduraView supervisa constantemente y ajusta autom\u00e1ticamente el sistema para obtener la mejor imagen posible.<\/p>\n<p style=\"text-align: justify;\">La serie Camclosure IP110 es compatible con la interfaz de programaci\u00f3n de aplicaciones (API) de la c\u00e1mara Pelco para ofrecer soluciones de software personalizadas, lo que proporciona a los usuarios la flexibilidad necesaria para utilizar productos de terceros. La serie Camclosure IP110 incorpora alimentaci\u00f3n a trav\u00e9s de Ethernet (IEEE802.3af), que suministra energ\u00eda a la c\u00e1mara utilizando la red, lo que elimina la necesidad de una fuente de alimentaci\u00f3n independiente y reduce el coste de la instalaci\u00f3n. Para ofrecer flexibilidad de instalaci\u00f3n, la unidad tambi\u00e9n est\u00e1 precableada para 24 VCA a nivel local.<\/p>\n<p style=\"text-align: justify;\">La serie Camclosure IP110 es perfecta para una gran variedad de aplicaciones de interior y exterior, y su dise\u00f1o vers\u00e1til permite varias opciones de instalaci\u00f3n. Se puede instalar directamente en el techo o en una pared, o en un racor NPT de 3,81 mm (1,5 pulgadas), con el adaptador opcional para instalaci\u00f3n suspendida (ICS110-PG). La unidad tambi\u00e9n puede fijarse directamente a una caja el\u00e9ctrica 4S utilizando la placa adaptadora opcional (ICS110-AP) o a un anillo de yeso est\u00e1ndar.<\/p>\n","protected":false},"featured_media":10705,"comment_status":"closed","ping_status":"closed","template":"","meta":[],"product_brand":[],"product_cat":[178,179],"product_tag":[],"class_list":{"0":"post-19599","1":"product","2":"type-product","3":"status-publish","4":"has-post-thumbnail","6":"product_cat-cctv","7":"product_cat-pelco-es","9":"first","10":"instock","11":"shipping-taxable","12":"product-type-simple"},"yoast_head":"<!-- This site is optimized with the Yoast SEO plugin v27.4 - https:\/\/yoast.com\/product\/yoast-seo-wordpress\/ -->\n<title>PELCO COMCLOSURE C\u00c1MARA IP SERIE IP110 - Abix<\/title>\n<meta name=\"description\" content=\"C\u00c1MARA PELCO COMCLOSURE IP SERIES IP110 - La serie Camclosure\u00ae IP110 es un sistema mini domo fijo para interior\/exterior con una interfaz de red 100Base-TX integrada.\" \/>\n<meta name=\"robots\" content=\"index, follow, max-snippet:-1, max-image-preview:large, max-video-preview:-1\" \/>\n<link rel=\"canonical\" href=\"https:\/\/abix.com.br\/produto\/camera-pelco-comclosure-ip-serie-ip110\/\" \/>\n<meta property=\"og:locale\" content=\"es_ES\" \/>\n<meta property=\"og:type\" content=\"article\" \/>\n<meta property=\"og:title\" content=\"PELCO COMCLOSURE C\u00c1MARA IP SERIE IP110 - Abix\" \/>\n<meta property=\"og:description\" content=\"C\u00c1MARA PELCO COMCLOSURE IP SERIES IP110 - La serie Camclosure\u00ae IP110 es un sistema mini domo fijo para interior\/exterior con una interfaz de red 100Base-TX integrada.\" \/>\n<meta property=\"og:url\" content=\"https:\/\/abix.com.br\/produto\/camera-pelco-comclosure-ip-serie-ip110\/\" \/>\n<meta property=\"og:site_name\" content=\"Abix\" \/>\n<meta property=\"article:modified_time\" content=\"2023-10-19T20:51:22+00:00\" \/>\n<meta property=\"og:image\" content=\"https:\/\/abix.com.br\/wp-content\/uploads\/2020\/06\/IP110-Pelco.jpg\" \/>\n\t<meta property=\"og:image:width\" content=\"1325\" \/>\n\t<meta property=\"og:image:height\" content=\"1308\" \/>\n\t<meta property=\"og:image:type\" content=\"image\/jpeg\" \/>\n<meta name=\"twitter:card\" content=\"summary_large_image\" \/>\n<meta name=\"twitter:label1\" content=\"Tiempo de lectura\" \/>\n\t<meta name=\"twitter:data1\" content=\"3 minutos\" \/>\n<script type=\"application\/ld+json\" class=\"yoast-schema-graph\">{\"@context\":\"https:\\\/\\\/schema.org\",\"@graph\":[{\"@type\":\"WebPage\",\"@id\":\"https:\\\/\\\/abix.com.br\\\/produto\\\/camera-pelco-comclosure-ip-serie-ip110\\\/\",\"url\":\"https:\\\/\\\/abix.com.br\\\/produto\\\/camera-pelco-comclosure-ip-serie-ip110\\\/\",\"name\":\"PELCO COMCLOSURE C\u00c1MARA IP SERIE IP110 - Abix\",\"isPartOf\":{\"@id\":\"https:\\\/\\\/abix.com.br\\\/#website\"},\"primaryImageOfPage\":{\"@id\":\"https:\\\/\\\/abix.com.br\\\/produto\\\/camera-pelco-comclosure-ip-serie-ip110\\\/#primaryimage\"},\"image\":{\"@id\":\"https:\\\/\\\/abix.com.br\\\/produto\\\/camera-pelco-comclosure-ip-serie-ip110\\\/#primaryimage\"},\"thumbnailUrl\":\"https:\\\/\\\/abix.com.br\\\/wp-content\\\/uploads\\\/2020\\\/06\\\/IP110-Pelco.jpg\",\"datePublished\":\"2020-06-10T11:33:58+00:00\",\"dateModified\":\"2023-10-19T20:51:22+00:00\",\"description\":\"C\u00c1MARA PELCO COMCLOSURE IP SERIES IP110 - La serie Camclosure\u00ae IP110 es un sistema mini domo fijo para interior\\\/exterior con una interfaz de red 100Base-TX integrada.\",\"breadcrumb\":{\"@id\":\"https:\\\/\\\/abix.com.br\\\/produto\\\/camera-pelco-comclosure-ip-serie-ip110\\\/#breadcrumb\"},\"inLanguage\":\"es\",\"potentialAction\":[{\"@type\":\"ReadAction\",\"target\":[\"https:\\\/\\\/abix.com.br\\\/produto\\\/camera-pelco-comclosure-ip-serie-ip110\\\/\"]}]},{\"@type\":\"ImageObject\",\"inLanguage\":\"es\",\"@id\":\"https:\\\/\\\/abix.com.br\\\/produto\\\/camera-pelco-comclosure-ip-serie-ip110\\\/#primaryimage\",\"url\":\"https:\\\/\\\/abix.com.br\\\/wp-content\\\/uploads\\\/2020\\\/06\\\/IP110-Pelco.jpg\",\"contentUrl\":\"https:\\\/\\\/abix.com.br\\\/wp-content\\\/uploads\\\/2020\\\/06\\\/IP110-Pelco.jpg\",\"width\":1325,\"height\":1308,\"caption\":\"C\u00c2MERA PELCO COMCLOSURE IP S\u00c9RIE IP110\"},{\"@type\":\"BreadcrumbList\",\"@id\":\"https:\\\/\\\/abix.com.br\\\/produto\\\/camera-pelco-comclosure-ip-serie-ip110\\\/#breadcrumb\",\"itemListElement\":[{\"@type\":\"ListItem\",\"position\":1,\"name\":\"In\u00edcio\",\"item\":\"https:\\\/\\\/abix.com.br\\\/es\\\/\"},{\"@type\":\"ListItem\",\"position\":2,\"name\":\"Tienda\",\"item\":\"https:\\\/\\\/abix.com.br\\\/loja\\\/\"},{\"@type\":\"ListItem\",\"position\":3,\"name\":\"PELCO COMCLOSURE C\u00c1MARA IP SERIE IP110\"}]},{\"@type\":\"WebSite\",\"@id\":\"https:\\\/\\\/abix.com.br\\\/#website\",\"url\":\"https:\\\/\\\/abix.com.br\\\/\",\"name\":\"Abix\",\"description\":\"\",\"potentialAction\":[{\"@type\":\"SearchAction\",\"target\":{\"@type\":\"EntryPoint\",\"urlTemplate\":\"https:\\\/\\\/abix.com.br\\\/?s={search_term_string}\"},\"query-input\":{\"@type\":\"PropertyValueSpecification\",\"valueRequired\":true,\"valueName\":\"search_term_string\"}}],\"inLanguage\":\"es\"}]}<\/script>\n<!-- \/ Yoast SEO plugin. -->","yoast_head_json":{"title":"PELCO COMCLOSURE C\u00c1MARA IP SERIE IP110 - Abix","description":"C\u00c1MARA PELCO COMCLOSURE IP SERIES IP110 - La serie Camclosure\u00ae IP110 es un sistema mini domo fijo para interior\/exterior con una interfaz de red 100Base-TX integrada.","robots":{"index":"index","follow":"follow","max-snippet":"max-snippet:-1","max-image-preview":"max-image-preview:large","max-video-preview":"max-video-preview:-1"},"canonical":"https:\/\/abix.com.br\/produto\/camera-pelco-comclosure-ip-serie-ip110\/","og_locale":"es_ES","og_type":"article","og_title":"PELCO COMCLOSURE C\u00c1MARA IP SERIE IP110 - Abix","og_description":"C\u00c1MARA PELCO COMCLOSURE IP SERIES IP110 - La serie Camclosure\u00ae IP110 es un sistema mini domo fijo para interior\/exterior con una interfaz de red 100Base-TX integrada.","og_url":"https:\/\/abix.com.br\/produto\/camera-pelco-comclosure-ip-serie-ip110\/","og_site_name":"Abix","article_modified_time":"2023-10-19T20:51:22+00:00","og_image":[{"width":1325,"height":1308,"url":"https:\/\/abix.com.br\/wp-content\/uploads\/2020\/06\/IP110-Pelco.jpg","type":"image\/jpeg"}],"twitter_card":"summary_large_image","twitter_misc":{"Tiempo de lectura":"3 minutos"},"schema":{"@context":"https:\/\/schema.org","@graph":[{"@type":"WebPage","@id":"https:\/\/abix.com.br\/produto\/camera-pelco-comclosure-ip-serie-ip110\/","url":"https:\/\/abix.com.br\/produto\/camera-pelco-comclosure-ip-serie-ip110\/","name":"PELCO COMCLOSURE C\u00c1MARA IP SERIE IP110 - Abix","isPartOf":{"@id":"https:\/\/abix.com.br\/#website"},"primaryImageOfPage":{"@id":"https:\/\/abix.com.br\/produto\/camera-pelco-comclosure-ip-serie-ip110\/#primaryimage"},"image":{"@id":"https:\/\/abix.com.br\/produto\/camera-pelco-comclosure-ip-serie-ip110\/#primaryimage"},"thumbnailUrl":"https:\/\/abix.com.br\/wp-content\/uploads\/2020\/06\/IP110-Pelco.jpg","datePublished":"2020-06-10T11:33:58+00:00","dateModified":"2023-10-19T20:51:22+00:00","description":"C\u00c1MARA PELCO COMCLOSURE IP SERIES IP110 - La serie Camclosure\u00ae IP110 es un sistema mini domo fijo para interior\/exterior con una interfaz de red 100Base-TX integrada.","breadcrumb":{"@id":"https:\/\/abix.com.br\/produto\/camera-pelco-comclosure-ip-serie-ip110\/#breadcrumb"},"inLanguage":"es","potentialAction":[{"@type":"ReadAction","target":["https:\/\/abix.com.br\/produto\/camera-pelco-comclosure-ip-serie-ip110\/"]}]},{"@type":"ImageObject","inLanguage":"es","@id":"https:\/\/abix.com.br\/produto\/camera-pelco-comclosure-ip-serie-ip110\/#primaryimage","url":"https:\/\/abix.com.br\/wp-content\/uploads\/2020\/06\/IP110-Pelco.jpg","contentUrl":"https:\/\/abix.com.br\/wp-content\/uploads\/2020\/06\/IP110-Pelco.jpg","width":1325,"height":1308,"caption":"C\u00c2MERA PELCO COMCLOSURE IP S\u00c9RIE IP110"},{"@type":"BreadcrumbList","@id":"https:\/\/abix.com.br\/produto\/camera-pelco-comclosure-ip-serie-ip110\/#breadcrumb","itemListElement":[{"@type":"ListItem","position":1,"name":"In\u00edcio","item":"https:\/\/abix.com.br\/es\/"},{"@type":"ListItem","position":2,"name":"Tienda","item":"https:\/\/abix.com.br\/loja\/"},{"@type":"ListItem","position":3,"name":"PELCO COMCLOSURE C\u00c1MARA IP SERIE IP110"}]},{"@type":"WebSite","@id":"https:\/\/abix.com.br\/#website","url":"https:\/\/abix.com.br\/","name":"Abix","description":"","potentialAction":[{"@type":"SearchAction","target":{"@type":"EntryPoint","urlTemplate":"https:\/\/abix.com.br\/?s={search_term_string}"},"query-input":{"@type":"PropertyValueSpecification","valueRequired":true,"valueName":"search_term_string"}}],"inLanguage":"es"}]}},"_links":{"self":[{"href":"https:\/\/abix.com.br\/es\/wp-json\/wp\/v2\/product\/19599","targetHints":{"allow":["GET"]}}],"collection":[{"href":"https:\/\/abix.com.br\/es\/wp-json\/wp\/v2\/product"}],"about":[{"href":"https:\/\/abix.com.br\/es\/wp-json\/wp\/v2\/types\/product"}],"replies":[{"embeddable":true,"href":"https:\/\/abix.com.br\/es\/wp-json\/wp\/v2\/comments?post=19599"}],"wp:featuredmedia":[{"embeddable":true,"href":"https:\/\/abix.com.br\/es\/wp-json\/wp\/v2\/media\/10705"}],"wp:attachment":[{"href":"https:\/\/abix.com.br\/es\/wp-json\/wp\/v2\/media?parent=19599"}],"wp:term":[{"taxonomy":"product_brand","embeddable":true,"href":"https:\/\/abix.com.br\/es\/wp-json\/wp\/v2\/product_brand?post=19599"},{"taxonomy":"product_cat","embeddable":true,"href":"https:\/\/abix.com.br\/es\/wp-json\/wp\/v2\/product_cat?post=19599"},{"taxonomy":"product_tag","embeddable":true,"href":"https:\/\/abix.com.br\/es\/wp-json\/wp\/v2\/product_tag?post=19599"}],"curies":[{"name":"wp","href":"https:\/\/api.w.org\/{rel}","templated":true}]}}