{"id":19600,"date":"2020-06-09T16:31:22","date_gmt":"2020-06-09T19:31:22","guid":{"rendered":"https:\/\/abix.com.br\/produto\/alson-8016fxs-dvr-grabador-de-video-digital\/"},"modified":"2023-10-19T17:51:58","modified_gmt":"2023-10-19T20:51:58","slug":"alson-8016fxs-dvr-grabador-de-video-digital","status":"publish","type":"product","link":"https:\/\/abix.com.br\/es\/produto\/alson-8016fxs-dvr-grabador-de-video-digital\/","title":{"rendered":"ALSON 8016FXS DVR GRABADOR DE V\u00cdDEO DIGITAL"},"content":{"rendered":"\n\t<section class=\"section\" id=\"section_2065335523\">\n\t\t<div class=\"section-bg fill\" >\n\t\t\t\t\t\t\t\t\t\n\t\t\t\n\n\t\t<\/div>\n\n\t\t\n\n\t\t<div class=\"section-content relative\">\n\t\t\t\n<div class=\"row\"  id=\"row-2103888852\">\n\n\t<div id=\"col-481758266\" class=\"col small-12 large-12\"  >\n\t\t\t\t<div class=\"col-inner\"  >\n\t\t\t\n\t\t\t\n<div class=\"row\"  id=\"row-824781837\">\n\n\t<div id=\"col-1166453018\" class=\"col small-12 large-12\"  >\n\t\t\t\t<div class=\"col-inner\"  >\n\t\t\t\n\t\t\t\n\n\t\t<div class=\"tabbed-content locacao-tabs\">\n\t\t\t\n\t\t\t<ul class=\"nav nav-tabs nav-normal nav-size-xlarge nav-left active-on-hover\" role=\"tablist\"><li id=\"tab-informaci\u00d3n\" class=\"tab active has-icon\" role=\"presentation\"><a href=\"#tab_informaci\u00d3n\" role=\"tab\" aria-selected=\"true\" aria-controls=\"tab_informaci\u00d3n\"><span>INFORMACI\u00d3N<\/span><\/a><\/li>\n<li id=\"tab-accesorios\" class=\"tab has-icon\" role=\"presentation\"><a href=\"#tab_accesorios\" tabindex=\"-1\" role=\"tab\" aria-selected=\"false\" aria-controls=\"tab_accesorios\"><span>ACCESORIOS<\/span><\/a><\/li>\n<li id=\"tab-descargas\" class=\"tab has-icon\" role=\"presentation\"><a href=\"#tab_descargas\" tabindex=\"-1\" role=\"tab\" aria-selected=\"false\" aria-controls=\"tab_descargas\"><span>DESCARGAS<\/span><\/a><\/li>\n<li id=\"tab-especificaciones\" class=\"tab has-icon\" role=\"presentation\"><a href=\"#tab_especificaciones\" tabindex=\"-1\" role=\"tab\" aria-selected=\"false\" aria-controls=\"tab_especificaciones\"><span>ESPECIFICACIONES<\/span><\/a><\/li><\/ul><div class=\"tab-panels\"><div id=\"tab_informaci\u00d3n\" class=\"panel active entry-content\" role=\"tabpanel\" aria-labelledby=\"tab-informaci\u00d3n\">\n<div class=\"row\"  id=\"row-368618535\">\n\n\t<div id=\"col-969696765\" class=\"col medium-6 small-12 large-6\"  >\n\t\t\t\t<div class=\"col-inner text-left\"  >\n\t\t\t\n\t\t\t\n<h3>Funciones principales<\/h3>\n<ul>\n<li>Sistema operativo Linux integrado;<\/li>\n<li>MCU integrada. Compresi\u00f3n por hardware DSP de alto rendimiento;<\/li>\n<li>Control de acceso por usuario.<\/li>\n<\/ul>\n<h3>Funciones de compresi\u00f3n<\/h3>\n<ul>\n<li>Algoritmo de compresi\u00f3n de v\u00eddeo H.264 en tiempo real para cada canal (30FPS) y detecci\u00f3n de movimiento multizona;<\/li>\n<li>Funci\u00f3n de m\u00e1scara para enmascarar zonas sensibles;<\/li>\n<li>Alarma de movimiento de intrusos y en caso de bloqueo violento de la c\u00e1mara;<\/li>\n<li>Alarma de p\u00e9rdida de se\u00f1al de v\u00eddeo;<\/li>\n<li>Posici\u00f3n OSD (visualizaci\u00f3n del nombre de la c\u00e1mara en pantalla) y logotipo configurables;<\/li>\n<li>Posibilidad de configurar velocidades de bits y fotogramas variables (importante para enviar im\u00e1genes en bandas estrechas).<\/li>\n<\/ul>\n<h3>Funciones de reproducci\u00f3n y previsualizaci\u00f3n<\/h3>\n<ul>\n<li>Soporte para un monitor principal VGA;<\/li>\n<li>Soporte de un monitor puntual para reproducci\u00f3n y previsualizaci\u00f3n;<\/li>\n<li>Reproducci\u00f3n en 1 canal;<\/li>\n<li>Modos de reproducci\u00f3n: r\u00e1pido, lento, pausa, avance r\u00e1pido, rebobinado, fotograma a fotograma, etc;<\/li>\n<li>Soporte de dise\u00f1os predefinidos en la vista previa;<\/li>\n<\/ul>\n\t\t<\/div>\n\t\t\t\t\t<\/div>\n\n\t\n\n\t<div id=\"col-1702883267\" class=\"col medium-6 small-12 large-6\"  >\n\t\t\t\t<div class=\"col-inner\"  >\n\t\t\t\n\t\t\t\n<h3>Otras funciones<\/h3>\n<ul>\n<li>Soporte para control PTZ local y remoto;<\/li>\n<li>Gesti\u00f3n de usuarios a varios niveles;<\/li>\n<li>B\u00fasqueda local y remota de registros;<\/li>\n<li>Alta fiabilidad garantizada por el sistema autom\u00e1tico de recuperaci\u00f3n de excepciones.<\/li>\n<\/ul>\n<h3>Funciones de almacenamiento<\/h3>\n<ul>\n<li>Admite hasta 8 discos duros SATA de 200 GB de capacidad;<\/li>\n<li>Compatible con el modo de reposo;<\/li>\n<li>Compatible con discos duros S.M.A.R.T.<\/li>\n<li>Compatibilidad con el sistema de archivos FAT32;<\/li>\n<li>Admite varios modos de grabaci\u00f3n: ininterrumpida, detecci\u00f3n de movimiento, alarma externa, alarma externa y grabaci\u00f3n manual;<\/li>\n<li>Modos de grabaci\u00f3n c\u00edclicos y no c\u00edclicos;<\/li>\n<li>Compatible con USB flash, USB disco duro y USB CD-R\/W para copias de seguridad.<\/li>\n<\/ul>\n<h3>Funciones de red<\/h3>\n<ul>\n<li>Compatibilidad con TCP, UTP, RTP, Multicast, DHCP, etc;<\/li>\n<li>Compatibilidad con la funci\u00f3n de marcaci\u00f3n ADSL (PPPoE);<\/li>\n<li>Soporte para marcaci\u00f3n de banda estrecha (RTC);<\/li>\n<li>Configuraci\u00f3n remota de par\u00e1metros;<\/li>\n<li>Juego a distancia;<\/li>\n<li>Soporte para la descarga de archivos grabados en el DVR;<\/li>\n<li>Actualizaci\u00f3n remota del firmware;<\/li>\n<li>Control PTZ remoto;<\/li>\n<li>Compatibilidad de Internet Explorer con la vista previa en red;<\/li>\n<li>Acceso remoto a la informaci\u00f3n sobre alarmas.<\/li>\n<\/ul>\n\t\t<\/div>\n\t\t\t\t\t<\/div>\n\n\t\n<\/div>\n<\/div>\n<div id=\"tab_accesorios\" class=\"panel entry-content\" role=\"tabpanel\" aria-labelledby=\"tab-accesorios\">\n<div class=\"row align-middle\"  id=\"row-677784314\">\n\n\t<div id=\"col-600074569\" class=\"col medium-10 small-12 large-10\"  >\n\t\t\t\t<div class=\"col-inner\"  >\n\t\t\t\n\t\t\t\n<p>CONTENIDO<\/p>\n\t\t<\/div>\n\t\t\t\t\t<\/div>\n\n\t\n\n\t<div id=\"col-1121270894\" class=\"col medium-2 small-12 large-2\"  >\n\t\t\t\t<div class=\"col-inner\"  >\n\t\t\t\n\t\t\t\n\t\t<\/div>\n\t\t\t\t\t<\/div>\n\n\t\n<\/div>\n<\/div>\n<div id=\"tab_descargas\" class=\"panel entry-content\" role=\"tabpanel\" aria-labelledby=\"tab-descargas\">\n<div class=\"row\"  id=\"row-1844774509\">\n\n\t<div id=\"col-780146340\" class=\"col medium-10 small-12 large-10\"  >\n\t\t\t\t<div class=\"col-inner\"  >\n\t\t\t\n\t\t\t\n<p><a href=\"https:\/\/www.abix.com.br\/wp-content\/uploads\/Ficha-8016fxs.pdf\">Ficha de datos 8016fxs<\/a><\/p>\n\t\t<\/div>\n\t\t\t\t\t<\/div>\n\n\t\n<\/div>\n<\/div>\n<div id=\"tab_especificaciones\" class=\"panel entry-content\" role=\"tabpanel\" aria-labelledby=\"tab-especificaciones\">\n<div class=\"row\"  id=\"row-1104154138\">\n\n\t<div id=\"col-71038342\" class=\"col medium-9 small-12 large-9\"  >\n\t\t\t\t<div class=\"col-inner\"  >\n\t\t\t\n\t\t\t\n<h3>ESPECIFICACIONES T\u00c9CNICAS<\/h3>\n<ul>\n<li><strong>Compresi\u00f3n de v\u00eddeo<\/strong><\/li>\n<\/ul>\n<p>H. 264<\/p>\n<ul>\n<li><strong>Seguimiento de las resoluciones<\/strong><\/li>\n<\/ul>\n<p>4CIF<\/p>\n<ul>\n<li><strong>Resoluciones de reproducci\u00f3n<\/strong><\/li>\n<\/ul>\n<p>DCIF en tiempo real<\/p>\n<ul>\n<li><strong>Entrada de v\u00eddeo<\/strong><\/li>\n<\/ul>\n<p>16 (BNC 1,0Vp-p, 75\u03a9)<\/p>\n<ul>\n<li><strong>Salida de v\u00eddeo principal<\/strong><\/li>\n<\/ul>\n<p>1 canal (BNC 1,0Vp-p, 75\u03a9)<\/p>\n<ul>\n<li><strong>Salida de v\u00eddeo auxiliar<\/strong><\/li>\n<\/ul>\n<p>1 canal (BNC 1,0Vp-p, 75\u03a9)<\/p>\n<ul>\n<li><b>Total de fotogramas<\/b><\/li>\n<\/ul>\n<p>30 FPS con resoluci\u00f3n DCIF<\/p>\n<ul>\n<li><strong>Tipo de corriente<\/strong><\/li>\n<\/ul>\n<p>S\u00f3lo v\u00eddeo o Audio y v\u00eddeo<\/p>\n<ul>\n<li><strong>Velocidad binaria m\u00ednima<\/strong><\/li>\n<\/ul>\n<p>32 Kbps &#8211; 2 Mbps, autoajustable<\/p>\n<h3>ESPECIFICACIONES T\u00c9CNICAS<\/h3>\n<ul>\n<li><strong>Entrada de audio<\/strong><\/li>\n<\/ul>\n<p>16 (BNC 2,0Vp-p, 1K\u03a9)<\/p>\n<ul>\n<li><strong>Salida de audio principal<\/strong><\/li>\n<\/ul>\n<p>1 canal BNC (nivel el\u00e9ctrico lineal, 600\u03a9)<\/p>\n<ul>\n<li><strong>Salida de audio auxiliar<\/strong><\/li>\n<\/ul>\n<p>1 canal BNC (nivel el\u00e9ctrico lineal, 600\u03a9)<\/p>\n<ul>\n<li><strong>Compresi\u00f3n de audio<\/strong><\/li>\n<\/ul>\n<p>OggVorbis, 16 Kbps<\/p>\n<ul>\n<li><strong>Interfaz de voz<\/strong><\/li>\n<\/ul>\n<p>1 BNC (Lineal, 1K\u03a9)<\/p>\n<ul>\n<li><strong>Interfaces de comunicaci\u00f3n<\/strong><\/li>\n<\/ul>\n<p>1 RJ45 10M\/100M UTP ethernet<\/p>\n<p>1RJ45 RS-232<\/p>\n<p>1RJ45 RS-485<\/p>\n<ul>\n<li><strong>Interfaz de teclado<\/strong><\/li>\n<\/ul>\n<p>2 puertos RJ45 (compatibilidad en cascada)<\/p>\n<p><strong>Interfaz SATA<\/strong><\/p>\n<p>4 interfaces SATA. Admite 4 discos duros de hasta 2000 GB cada uno. Compatibilidad con CD-R\/W IDE.<\/p>\n<ul>\n<li><strong>Interfaz USB<\/strong><\/li>\n<\/ul>\n<p>1 USB, USB 1.1, compatible con USB Flash, USB HDD y USB, CD-R\/W<\/p>\n<ul>\n<li><strong>Interfaz VGA<\/strong><\/li>\n<\/ul>\n<p>1 en 800\u00d7600\/60 Hz, 800\u00d7600\/75 Hz o 1024\u00d7768\/60 Hz<\/p>\n<ul>\n<li><strong>Entradas de alarma externas<\/strong><\/li>\n<\/ul>\n<p>16 entradas<\/p>\n<ul>\n<li><strong>S<\/strong><strong>Salida de alarma externa<\/strong><\/li>\n<\/ul>\n<p>4 salidas<\/p>\n\t\t<\/div>\n\t\t\t\t\t<\/div>\n\n\t\n<\/div>\n<\/div><\/div><\/div>\n\t\t<\/div>\n\t\t\t\t\t<\/div>\n\n\t\n<\/div>\n\t\t<\/div>\n\t\t\t\t\t<\/div>\n\n\t\n<\/div>\n\t\t<\/div>\n\n\t\t\n<style>\n#section_2065335523 {\n  padding-top: 0px;\n  padding-bottom: 0px;\n}\n<\/style>\n\t<\/section>\n\t\n","protected":false},"excerpt":{"rendered":"<p style=\"text-align: justify;\">El DVR Alson 8016FXS tiene funciones de grabador de v\u00eddeo digital (DVR) y servidor de v\u00eddeo digital (DVS) en un solo producto. Puede funcionar individualmente o como parte de un gran sistema con hasta 200 DVR y m\u00e1s de 6.000 c\u00e1maras. Incluye funciones de audio y control para c\u00e1maras domo (ptz) y software de vigilancia con control de acceso de usuarios.<\/p>\n","protected":false},"featured_media":10572,"comment_status":"closed","ping_status":"closed","template":"","meta":[],"product_brand":[],"product_cat":[180,178],"product_tag":[],"class_list":{"0":"post-19600","1":"product","2":"type-product","3":"status-publish","4":"has-post-thumbnail","6":"product_cat-alson-es","7":"product_cat-cctv","9":"first","10":"instock","11":"shipping-taxable","12":"product-type-simple"},"yoast_head":"<!-- This site is optimized with the Yoast SEO plugin v27.4 - https:\/\/yoast.com\/product\/yoast-seo-wordpress\/ -->\n<title>ALSON 8016FXS DVR GRABADOR DE V\u00cdDEO DIGITAL - Abix<\/title>\n<meta name=\"description\" content=\"GRABADOR DE V\u00cdDEO DIGITAL ALSON 8016FXS DVR - dispone de funciones de grabador de v\u00eddeo digital (DVR) y servidor de v\u00eddeo digital (DVS) en un solo producto.\" \/>\n<meta name=\"robots\" content=\"index, follow, max-snippet:-1, max-image-preview:large, max-video-preview:-1\" \/>\n<link rel=\"canonical\" href=\"https:\/\/abix.com.br\/produto\/gravador-de-video-digital-alson-8016fxs-dvr\/\" \/>\n<meta property=\"og:locale\" content=\"es_ES\" \/>\n<meta property=\"og:type\" content=\"article\" \/>\n<meta property=\"og:title\" content=\"ALSON 8016FXS DVR GRABADOR DE V\u00cdDEO DIGITAL - Abix\" \/>\n<meta property=\"og:description\" content=\"GRABADOR DE V\u00cdDEO DIGITAL ALSON 8016FXS DVR - dispone de funciones de grabador de v\u00eddeo digital (DVR) y servidor de v\u00eddeo digital (DVS) en un solo producto.\" \/>\n<meta property=\"og:url\" content=\"https:\/\/abix.com.br\/produto\/gravador-de-video-digital-alson-8016fxs-dvr\/\" \/>\n<meta property=\"og:site_name\" content=\"Abix\" \/>\n<meta property=\"article:modified_time\" content=\"2023-10-19T20:51:58+00:00\" \/>\n<meta property=\"og:image\" content=\"https:\/\/abix.com.br\/wp-content\/uploads\/2020\/06\/DVR-8016CXS.png\" \/>\n\t<meta property=\"og:image:width\" content=\"551\" \/>\n\t<meta property=\"og:image:height\" content=\"230\" \/>\n\t<meta property=\"og:image:type\" content=\"image\/png\" \/>\n<meta name=\"twitter:card\" content=\"summary_large_image\" \/>\n<meta name=\"twitter:label1\" content=\"Tiempo de lectura\" \/>\n\t<meta name=\"twitter:data1\" content=\"3 minutos\" \/>\n<script type=\"application\/ld+json\" class=\"yoast-schema-graph\">{\"@context\":\"https:\\\/\\\/schema.org\",\"@graph\":[{\"@type\":\"WebPage\",\"@id\":\"https:\\\/\\\/abix.com.br\\\/produto\\\/gravador-de-video-digital-alson-8016fxs-dvr\\\/\",\"url\":\"https:\\\/\\\/abix.com.br\\\/produto\\\/gravador-de-video-digital-alson-8016fxs-dvr\\\/\",\"name\":\"ALSON 8016FXS DVR GRABADOR DE V\u00cdDEO DIGITAL - Abix\",\"isPartOf\":{\"@id\":\"https:\\\/\\\/abix.com.br\\\/#website\"},\"primaryImageOfPage\":{\"@id\":\"https:\\\/\\\/abix.com.br\\\/produto\\\/gravador-de-video-digital-alson-8016fxs-dvr\\\/#primaryimage\"},\"image\":{\"@id\":\"https:\\\/\\\/abix.com.br\\\/produto\\\/gravador-de-video-digital-alson-8016fxs-dvr\\\/#primaryimage\"},\"thumbnailUrl\":\"https:\\\/\\\/abix.com.br\\\/wp-content\\\/uploads\\\/2020\\\/06\\\/DVR-8016CXS.png\",\"datePublished\":\"2020-06-09T19:31:22+00:00\",\"dateModified\":\"2023-10-19T20:51:58+00:00\",\"description\":\"GRABADOR DE V\u00cdDEO DIGITAL ALSON 8016FXS DVR - dispone de funciones de grabador de v\u00eddeo digital (DVR) y servidor de v\u00eddeo digital (DVS) en un solo producto.\",\"breadcrumb\":{\"@id\":\"https:\\\/\\\/abix.com.br\\\/produto\\\/gravador-de-video-digital-alson-8016fxs-dvr\\\/#breadcrumb\"},\"inLanguage\":\"es\",\"potentialAction\":[{\"@type\":\"ReadAction\",\"target\":[\"https:\\\/\\\/abix.com.br\\\/produto\\\/gravador-de-video-digital-alson-8016fxs-dvr\\\/\"]}]},{\"@type\":\"ImageObject\",\"inLanguage\":\"es\",\"@id\":\"https:\\\/\\\/abix.com.br\\\/produto\\\/gravador-de-video-digital-alson-8016fxs-dvr\\\/#primaryimage\",\"url\":\"https:\\\/\\\/abix.com.br\\\/wp-content\\\/uploads\\\/2020\\\/06\\\/DVR-8016CXS.png\",\"contentUrl\":\"https:\\\/\\\/abix.com.br\\\/wp-content\\\/uploads\\\/2020\\\/06\\\/DVR-8016CXS.png\",\"width\":551,\"height\":230,\"caption\":\"GRAVADOR DE V\u00cdDEO DIGITAL ALSON 8016FXS DVR\"},{\"@type\":\"BreadcrumbList\",\"@id\":\"https:\\\/\\\/abix.com.br\\\/produto\\\/gravador-de-video-digital-alson-8016fxs-dvr\\\/#breadcrumb\",\"itemListElement\":[{\"@type\":\"ListItem\",\"position\":1,\"name\":\"In\u00edcio\",\"item\":\"https:\\\/\\\/abix.com.br\\\/es\\\/\"},{\"@type\":\"ListItem\",\"position\":2,\"name\":\"Tienda\",\"item\":\"https:\\\/\\\/abix.com.br\\\/loja\\\/\"},{\"@type\":\"ListItem\",\"position\":3,\"name\":\"ALSON 8016FXS DVR GRABADOR DE V\u00cdDEO DIGITAL\"}]},{\"@type\":\"WebSite\",\"@id\":\"https:\\\/\\\/abix.com.br\\\/#website\",\"url\":\"https:\\\/\\\/abix.com.br\\\/\",\"name\":\"Abix\",\"description\":\"\",\"potentialAction\":[{\"@type\":\"SearchAction\",\"target\":{\"@type\":\"EntryPoint\",\"urlTemplate\":\"https:\\\/\\\/abix.com.br\\\/?s={search_term_string}\"},\"query-input\":{\"@type\":\"PropertyValueSpecification\",\"valueRequired\":true,\"valueName\":\"search_term_string\"}}],\"inLanguage\":\"es\"}]}<\/script>\n<!-- \/ Yoast SEO plugin. -->","yoast_head_json":{"title":"ALSON 8016FXS DVR GRABADOR DE V\u00cdDEO DIGITAL - Abix","description":"GRABADOR DE V\u00cdDEO DIGITAL ALSON 8016FXS DVR - dispone de funciones de grabador de v\u00eddeo digital (DVR) y servidor de v\u00eddeo digital (DVS) en un solo producto.","robots":{"index":"index","follow":"follow","max-snippet":"max-snippet:-1","max-image-preview":"max-image-preview:large","max-video-preview":"max-video-preview:-1"},"canonical":"https:\/\/abix.com.br\/produto\/gravador-de-video-digital-alson-8016fxs-dvr\/","og_locale":"es_ES","og_type":"article","og_title":"ALSON 8016FXS DVR GRABADOR DE V\u00cdDEO DIGITAL - Abix","og_description":"GRABADOR DE V\u00cdDEO DIGITAL ALSON 8016FXS DVR - dispone de funciones de grabador de v\u00eddeo digital (DVR) y servidor de v\u00eddeo digital (DVS) en un solo producto.","og_url":"https:\/\/abix.com.br\/produto\/gravador-de-video-digital-alson-8016fxs-dvr\/","og_site_name":"Abix","article_modified_time":"2023-10-19T20:51:58+00:00","og_image":[{"width":551,"height":230,"url":"https:\/\/abix.com.br\/wp-content\/uploads\/2020\/06\/DVR-8016CXS.png","type":"image\/png"}],"twitter_card":"summary_large_image","twitter_misc":{"Tiempo de lectura":"3 minutos"},"schema":{"@context":"https:\/\/schema.org","@graph":[{"@type":"WebPage","@id":"https:\/\/abix.com.br\/produto\/gravador-de-video-digital-alson-8016fxs-dvr\/","url":"https:\/\/abix.com.br\/produto\/gravador-de-video-digital-alson-8016fxs-dvr\/","name":"ALSON 8016FXS DVR GRABADOR DE V\u00cdDEO DIGITAL - Abix","isPartOf":{"@id":"https:\/\/abix.com.br\/#website"},"primaryImageOfPage":{"@id":"https:\/\/abix.com.br\/produto\/gravador-de-video-digital-alson-8016fxs-dvr\/#primaryimage"},"image":{"@id":"https:\/\/abix.com.br\/produto\/gravador-de-video-digital-alson-8016fxs-dvr\/#primaryimage"},"thumbnailUrl":"https:\/\/abix.com.br\/wp-content\/uploads\/2020\/06\/DVR-8016CXS.png","datePublished":"2020-06-09T19:31:22+00:00","dateModified":"2023-10-19T20:51:58+00:00","description":"GRABADOR DE V\u00cdDEO DIGITAL ALSON 8016FXS DVR - dispone de funciones de grabador de v\u00eddeo digital (DVR) y servidor de v\u00eddeo digital (DVS) en un solo producto.","breadcrumb":{"@id":"https:\/\/abix.com.br\/produto\/gravador-de-video-digital-alson-8016fxs-dvr\/#breadcrumb"},"inLanguage":"es","potentialAction":[{"@type":"ReadAction","target":["https:\/\/abix.com.br\/produto\/gravador-de-video-digital-alson-8016fxs-dvr\/"]}]},{"@type":"ImageObject","inLanguage":"es","@id":"https:\/\/abix.com.br\/produto\/gravador-de-video-digital-alson-8016fxs-dvr\/#primaryimage","url":"https:\/\/abix.com.br\/wp-content\/uploads\/2020\/06\/DVR-8016CXS.png","contentUrl":"https:\/\/abix.com.br\/wp-content\/uploads\/2020\/06\/DVR-8016CXS.png","width":551,"height":230,"caption":"GRAVADOR DE V\u00cdDEO DIGITAL ALSON 8016FXS DVR"},{"@type":"BreadcrumbList","@id":"https:\/\/abix.com.br\/produto\/gravador-de-video-digital-alson-8016fxs-dvr\/#breadcrumb","itemListElement":[{"@type":"ListItem","position":1,"name":"In\u00edcio","item":"https:\/\/abix.com.br\/es\/"},{"@type":"ListItem","position":2,"name":"Tienda","item":"https:\/\/abix.com.br\/loja\/"},{"@type":"ListItem","position":3,"name":"ALSON 8016FXS DVR GRABADOR DE V\u00cdDEO DIGITAL"}]},{"@type":"WebSite","@id":"https:\/\/abix.com.br\/#website","url":"https:\/\/abix.com.br\/","name":"Abix","description":"","potentialAction":[{"@type":"SearchAction","target":{"@type":"EntryPoint","urlTemplate":"https:\/\/abix.com.br\/?s={search_term_string}"},"query-input":{"@type":"PropertyValueSpecification","valueRequired":true,"valueName":"search_term_string"}}],"inLanguage":"es"}]}},"_links":{"self":[{"href":"https:\/\/abix.com.br\/es\/wp-json\/wp\/v2\/product\/19600","targetHints":{"allow":["GET"]}}],"collection":[{"href":"https:\/\/abix.com.br\/es\/wp-json\/wp\/v2\/product"}],"about":[{"href":"https:\/\/abix.com.br\/es\/wp-json\/wp\/v2\/types\/product"}],"replies":[{"embeddable":true,"href":"https:\/\/abix.com.br\/es\/wp-json\/wp\/v2\/comments?post=19600"}],"wp:featuredmedia":[{"embeddable":true,"href":"https:\/\/abix.com.br\/es\/wp-json\/wp\/v2\/media\/10572"}],"wp:attachment":[{"href":"https:\/\/abix.com.br\/es\/wp-json\/wp\/v2\/media?parent=19600"}],"wp:term":[{"taxonomy":"product_brand","embeddable":true,"href":"https:\/\/abix.com.br\/es\/wp-json\/wp\/v2\/product_brand?post=19600"},{"taxonomy":"product_cat","embeddable":true,"href":"https:\/\/abix.com.br\/es\/wp-json\/wp\/v2\/product_cat?post=19600"},{"taxonomy":"product_tag","embeddable":true,"href":"https:\/\/abix.com.br\/es\/wp-json\/wp\/v2\/product_tag?post=19600"}],"curies":[{"name":"wp","href":"https:\/\/api.w.org\/{rel}","templated":true}]}}