{"id":19602,"date":"2020-06-09T13:45:54","date_gmt":"2020-06-09T16:45:54","guid":{"rendered":"https:\/\/abix.com.br\/produto\/alson-7016xs-dvr-grabador-de-video-digital\/"},"modified":"2023-10-19T17:52:45","modified_gmt":"2023-10-19T20:52:45","slug":"alson-7016xs-dvr-grabador-de-video-digital","status":"publish","type":"product","link":"https:\/\/abix.com.br\/es\/produto\/alson-7016xs-dvr-grabador-de-video-digital\/","title":{"rendered":"ALSON 7016XS DVR GRABADOR DE V\u00cdDEO DIGITAL"},"content":{"rendered":"\n\t<section class=\"section\" id=\"section_1351294076\">\n\t\t<div class=\"section-bg fill\" >\n\t\t\t\t\t\t\t\t\t\n\t\t\t\n\n\t\t<\/div>\n\n\t\t\n\n\t\t<div class=\"section-content relative\">\n\t\t\t\n<div class=\"row\"  id=\"row-1846693812\">\n\n\t<div id=\"col-1958482948\" class=\"col small-12 large-12\"  >\n\t\t\t\t<div class=\"col-inner\"  >\n\t\t\t\n\t\t\t\n<div class=\"row\"  id=\"row-105290848\">\n\n\t<div id=\"col-534742397\" class=\"col small-12 large-12\"  >\n\t\t\t\t<div class=\"col-inner\"  >\n\t\t\t\n\t\t\t\n\n\t\t<div class=\"tabbed-content locacao-tabs\">\n\t\t\t\n\t\t\t<ul class=\"nav nav-tabs nav-normal nav-size-xlarge nav-left active-on-hover\" role=\"tablist\"><li id=\"tab-informaci\u00d3n\" class=\"tab active has-icon\" role=\"presentation\"><a href=\"#tab_informaci\u00d3n\" role=\"tab\" aria-selected=\"true\" aria-controls=\"tab_informaci\u00d3n\"><span>INFORMACI\u00d3N<\/span><\/a><\/li>\n<li id=\"tab-accesorios\" class=\"tab has-icon\" role=\"presentation\"><a href=\"#tab_accesorios\" tabindex=\"-1\" role=\"tab\" aria-selected=\"false\" aria-controls=\"tab_accesorios\"><span>ACCESORIOS<\/span><\/a><\/li>\n<li id=\"tab-descargas\" class=\"tab has-icon\" role=\"presentation\"><a href=\"#tab_descargas\" tabindex=\"-1\" role=\"tab\" aria-selected=\"false\" aria-controls=\"tab_descargas\"><span>DESCARGAS<\/span><\/a><\/li>\n<li id=\"tab-especificaciones\" class=\"tab has-icon\" role=\"presentation\"><a href=\"#tab_especificaciones\" tabindex=\"-1\" role=\"tab\" aria-selected=\"false\" aria-controls=\"tab_especificaciones\"><span>ESPECIFICACIONES<\/span><\/a><\/li><\/ul><div class=\"tab-panels\"><div id=\"tab_informaci\u00d3n\" class=\"panel active entry-content\" role=\"tabpanel\" aria-labelledby=\"tab-informaci\u00d3n\">\n<div class=\"row\"  id=\"row-2105817900\">\n\n\t<div id=\"col-1007515686\" class=\"col medium-6 small-12 large-6\"  >\n\t\t\t\t<div class=\"col-inner\"  >\n\t\t\t\n\t\t\t\n<h3>CARACTER\u00cdSTICAS<\/h3>\n<ul>\n<li>16 canales de compresi\u00f3n.<\/li>\n<li>Resoluci\u00f3n de grabaci\u00f3n 2CIF\/CIF\/QCIF.<\/li>\n<li>Detecci\u00f3n de movimiento<\/li>\n<li>Admite ajustes de la banda de transmisi\u00f3n de la red y\/o de las tramas transmitidas.<\/li>\n<li>Soporte para TCP, UTP, RTP, Multicast, DHCP, PPPoE y HTTP, etc.<\/li>\n<li>Se pueden utilizar marcas de agua.<\/li>\n<li>Soporte de control PTZ.<\/li>\n<li>Entrada de sensor y activaci\u00f3n de alarma.<\/li>\n<li>Soporte para el env\u00edo de voz a trav\u00e9s de la red.<\/li>\n<li>La salida de v\u00eddeo y la entrada USB no requieren ordenador.<\/li>\n<\/ul>\n\t\t<\/div>\n\t\t\t\t\t<\/div>\n\n\t\n\n\t<div id=\"col-2087707595\" class=\"col medium-6 small-12 large-6\"  >\n\t\t\t\t<div class=\"col-inner text-left\"  >\n\t\t\t\n\t\t\t\n<h3>APLICACIONES<\/h3>\n<ul>\n<li>Proyectos de centros de seguimiento.<\/li>\n<li>Excelente opci\u00f3n con c\u00e1maras ALSON (2AF1-617X\/2C502N-BLX1\/2C502N).<\/li>\n<li>Se puede utilizar una mesa de operaciones y control PTZ.<\/li>\n<\/ul>\n\t\t<\/div>\n\t\t\t\t\t<\/div>\n\n\t\n<\/div>\n<\/div>\n<div id=\"tab_accesorios\" class=\"panel entry-content\" role=\"tabpanel\" aria-labelledby=\"tab-accesorios\">\n<div class=\"row align-middle\"  id=\"row-889256571\">\n\n\t<div id=\"col-2013874751\" class=\"col medium-10 small-12 large-10\"  >\n\t\t\t\t<div class=\"col-inner\"  >\n\t\t\t\n\t\t\t\n<p>CONTENIDO<\/p>\n\t\t<\/div>\n\t\t\t\t\t<\/div>\n\n\t\n\n\t<div id=\"col-1334800772\" class=\"col medium-2 small-12 large-2\"  >\n\t\t\t\t<div class=\"col-inner\"  >\n\t\t\t\n\t\t\t\n\t\t<\/div>\n\t\t\t\t\t<\/div>\n\n\t\n<\/div>\n<\/div>\n<div id=\"tab_descargas\" class=\"panel entry-content\" role=\"tabpanel\" aria-labelledby=\"tab-descargas\">\n<div class=\"row\"  id=\"row-86688282\">\n\n\t<div id=\"col-740469988\" class=\"col medium-10 small-12 large-10\"  >\n\t\t\t\t<div class=\"col-inner\"  >\n\t\t\t\n\t\t\t\n<p><a href=\"https:\/\/www.abix.com.br\/wp-content\/uploads\/Ficha-7016XS.pdf\">Ficha de datos 7016XS<\/a><\/p>\n\t\t<\/div>\n\t\t\t\t\t<\/div>\n\n\t\n<\/div>\n<\/div>\n<div id=\"tab_especificaciones\" class=\"panel entry-content\" role=\"tabpanel\" aria-labelledby=\"tab-especificaciones\">\n<div class=\"row\"  id=\"row-1278889534\">\n\n\t<div id=\"col-207997019\" class=\"col medium-9 small-12 large-9\"  >\n\t\t\t\t<div class=\"col-inner\"  >\n\t\t\t\n\t\t\t\n<h3>ESPECIFICACIONES T\u00c9CNICAS<\/h3>\n<ul>\n<li><strong>Compresi\u00f3n de v\u00eddeo<\/strong><\/li>\n<\/ul>\n<p>H. 264<\/p>\n<ul>\n<li><strong>Resoluciones de grabaci\u00f3n<\/strong><\/li>\n<\/ul>\n<p>2CIF\/CIF\/QCIF<\/p>\n<ul>\n<li><strong>Resoluciones previas<\/strong><\/li>\n<\/ul>\n<p>PAL: 704*576 (4CIF), NTSC 704*480(4CIF)<\/p>\n<ul>\n<li><strong>Entrada de v\u00eddeo<\/strong><\/li>\n<\/ul>\n<p>BNC de 16 canales (1,0Vp-p, 75\u03a9)<\/p>\n<ul>\n<li><strong>Marcos<\/strong><\/li>\n<\/ul>\n<p>480-CIF\/144-2CIF<\/p>\n<ul>\n<li><strong>Entrada de audio<\/strong><\/li>\n<\/ul>\n<p>RCA de 4 canales (600\u03a9)<\/p>\n<ul>\n<li><strong>Salida de audio<\/strong><\/li>\n<\/ul>\n<p>RCA de 1 canal (nivel el\u00e9ctrico lineal, 600\u03a9)<\/p>\n<ul>\n<li><strong>Compresi\u00f3n de audio<\/strong><\/li>\n<\/ul>\n<p>OggVorbis, 16 Kbps<\/p>\n<ul>\n<li><strong>Corriente<\/strong><\/li>\n<\/ul>\n<p>V\u00eddeo o V\u00eddeo y audio<\/p>\n<ul>\n<li><strong>Ancho de banda de la red<\/strong><\/li>\n<\/ul>\n<p>Configurable de 32 Kbps a 2 Mbps<\/p>\n<ul>\n<li><strong>Interfaz de comunicaci\u00f3n<\/strong><\/li>\n<\/ul>\n<p>1 puerto de red RJ45 10M\/100M UTP + 1 RS-232 + 1 RS-485<\/p>\n<ul>\n<li><strong>Control PTZ<\/strong><\/li>\n<\/ul>\n<p>RS-485 nodo seco (T+, T-)<\/p>\n<ul>\n<li><strong>Interfaz IDE<\/strong><\/li>\n<\/ul>\n<p>2 interfaces IDE, compatible con 4 discos duros IDE de hasta 2000 GB o 2 discos duros + CD\/RW\/DVD-RW IDE<\/p>\n<ul>\n<li><strong>Interfaz USB<\/strong><\/li>\n<\/ul>\n<p>1 interfaz USB, USB 1.1, soporte de memoria Flash, USB HDD, USB CD-RW\/DVD-RW).<\/p>\n<ul>\n<li><strong>Interfaz VGA<\/strong><\/li>\n<\/ul>\n<p>1 interfaz VGA, resoluci\u00f3n: 800\u00d7600\/60Hz, 800\u00d7600\/75Hz, 1024\u00d7768\/60Hz<\/p>\n<ul>\n<li><strong>Entrada de alarma<\/strong><\/li>\n<\/ul>\n<p>16 entradas<\/p>\n<ul>\n<li><strong>Salida de alarma<\/strong><\/li>\n<\/ul>\n<p>Rel\u00e9 de 4 salidas<\/p>\n<ul>\n<li><strong>Potencia<\/strong><\/li>\n<\/ul>\n<p>100~240VAC, 6,3A, 50 60Hz<\/p>\n<ul>\n<li><strong>Consumo<\/strong><\/li>\n<\/ul>\n<p>20-42W (sin discos)<\/p>\n<ul>\n<li><strong>Temperatura laboral<\/strong><\/li>\n<\/ul>\n<p>-10\u00baC a +55\u00baC<\/p>\n<ul>\n<li><strong>Humedad de trabajo<\/strong><\/li>\n<\/ul>\n<p>10% a 90%<\/p>\n<ul>\n<li><strong>Dimensiones<\/strong><\/li>\n<\/ul>\n<p>440 mm x 390 mm x 70 mm<\/p>\n\t\t<\/div>\n\t\t\t\t\t<\/div>\n\n\t\n<\/div>\n<\/div><\/div><\/div>\n\t\t<\/div>\n\t\t\t\t\t<\/div>\n\n\t\n<\/div>\n\t\t<\/div>\n\t\t\t\t\t<\/div>\n\n\t\n<\/div>\n\t\t<\/div>\n\n\t\t\n<style>\n#section_1351294076 {\n  padding-top: 0px;\n  padding-bottom: 0px;\n}\n<\/style>\n\t<\/section>\n\t\n","protected":false},"excerpt":{"rendered":"<p style=\"text-align: justify;\">Grabador de v\u00eddeo digital, calidad VCD, ideal para centros de supervisi\u00f3n y aplicaciones con alarmas, control de acceso, detecci\u00f3n de movimiento, fuego, humo y otros sensores. Transmite 16 canales de v\u00eddeo a 480 fps con resoluci\u00f3n CIF (352&#215;240) en tiempo real. Grabaci\u00f3n en resoluciones 2CIF\/CIF\/QCIF. Imagen completa y servidor web. Puede controlar hasta 4 discos IDE de 2 TB, lo que permite almacenar un historial de m\u00e1s de 45 d\u00edas. Cuando est\u00e1 conectado a la red local, se puede acceder al dispositivo directamente a trav\u00e9s del navegador. Dispone de control para c\u00e1maras Speed-dome, 4 entradas de audio y 1 salida para monitor de alta resoluci\u00f3n. Conector para alarmas y pupitre de mando. El bucle de v\u00eddeo permite conectar varios monitores al DVR.<\/p>\n","protected":false},"featured_media":10534,"comment_status":"closed","ping_status":"closed","template":"","meta":[],"product_brand":[],"product_cat":[180,178],"product_tag":[],"class_list":{"0":"post-19602","1":"product","2":"type-product","3":"status-publish","4":"has-post-thumbnail","6":"product_cat-alson-es","7":"product_cat-cctv","9":"first","10":"instock","11":"shipping-taxable","12":"product-type-simple"},"yoast_head":"<!-- This site is optimized with the Yoast SEO plugin v27.4 - https:\/\/yoast.com\/product\/yoast-seo-wordpress\/ -->\n<title>ALSON 7016XS DVR GRABADOR DE V\u00cdDEO DIGITAL - Abix<\/title>\n<meta name=\"description\" content=\"Videograbador digital con calidad VCD, ideal para centros de control y aplicaciones de alarma. GRABADOR DVR ALSON 7016XS\" \/>\n<meta name=\"robots\" content=\"index, follow, max-snippet:-1, max-image-preview:large, max-video-preview:-1\" \/>\n<link rel=\"canonical\" href=\"https:\/\/abix.com.br\/produto\/gravador-de-video-digital-alson-7016xs-dvr\/\" \/>\n<meta property=\"og:locale\" content=\"es_ES\" \/>\n<meta property=\"og:type\" content=\"article\" \/>\n<meta property=\"og:title\" content=\"ALSON 7016XS DVR GRABADOR DE V\u00cdDEO DIGITAL - Abix\" \/>\n<meta property=\"og:description\" content=\"Videograbador digital con calidad VCD, ideal para centros de control y aplicaciones de alarma. GRABADOR DVR ALSON 7016XS\" \/>\n<meta property=\"og:url\" content=\"https:\/\/abix.com.br\/produto\/gravador-de-video-digital-alson-7016xs-dvr\/\" \/>\n<meta property=\"og:site_name\" content=\"Abix\" \/>\n<meta property=\"article:modified_time\" content=\"2023-10-19T20:52:45+00:00\" \/>\n<meta property=\"og:image\" content=\"https:\/\/abix.com.br\/wp-content\/uploads\/2020\/06\/7016XS_pq.jpg\" \/>\n\t<meta property=\"og:image:width\" content=\"280\" \/>\n\t<meta property=\"og:image:height\" content=\"280\" \/>\n\t<meta property=\"og:image:type\" content=\"image\/jpeg\" \/>\n<meta name=\"twitter:card\" content=\"summary_large_image\" \/>\n<meta name=\"twitter:label1\" content=\"Tiempo de lectura\" \/>\n\t<meta name=\"twitter:data1\" content=\"2 minutos\" \/>\n<script type=\"application\/ld+json\" class=\"yoast-schema-graph\">{\"@context\":\"https:\\\/\\\/schema.org\",\"@graph\":[{\"@type\":\"WebPage\",\"@id\":\"https:\\\/\\\/abix.com.br\\\/produto\\\/gravador-de-video-digital-alson-7016xs-dvr\\\/\",\"url\":\"https:\\\/\\\/abix.com.br\\\/produto\\\/gravador-de-video-digital-alson-7016xs-dvr\\\/\",\"name\":\"ALSON 7016XS DVR GRABADOR DE V\u00cdDEO DIGITAL - Abix\",\"isPartOf\":{\"@id\":\"https:\\\/\\\/abix.com.br\\\/#website\"},\"primaryImageOfPage\":{\"@id\":\"https:\\\/\\\/abix.com.br\\\/produto\\\/gravador-de-video-digital-alson-7016xs-dvr\\\/#primaryimage\"},\"image\":{\"@id\":\"https:\\\/\\\/abix.com.br\\\/produto\\\/gravador-de-video-digital-alson-7016xs-dvr\\\/#primaryimage\"},\"thumbnailUrl\":\"https:\\\/\\\/abix.com.br\\\/wp-content\\\/uploads\\\/2020\\\/06\\\/7016XS_pq.jpg\",\"datePublished\":\"2020-06-09T16:45:54+00:00\",\"dateModified\":\"2023-10-19T20:52:45+00:00\",\"description\":\"Videograbador digital con calidad VCD, ideal para centros de control y aplicaciones de alarma. GRABADOR DVR ALSON 7016XS\",\"breadcrumb\":{\"@id\":\"https:\\\/\\\/abix.com.br\\\/produto\\\/gravador-de-video-digital-alson-7016xs-dvr\\\/#breadcrumb\"},\"inLanguage\":\"es\",\"potentialAction\":[{\"@type\":\"ReadAction\",\"target\":[\"https:\\\/\\\/abix.com.br\\\/produto\\\/gravador-de-video-digital-alson-7016xs-dvr\\\/\"]}]},{\"@type\":\"ImageObject\",\"inLanguage\":\"es\",\"@id\":\"https:\\\/\\\/abix.com.br\\\/produto\\\/gravador-de-video-digital-alson-7016xs-dvr\\\/#primaryimage\",\"url\":\"https:\\\/\\\/abix.com.br\\\/wp-content\\\/uploads\\\/2020\\\/06\\\/7016XS_pq.jpg\",\"contentUrl\":\"https:\\\/\\\/abix.com.br\\\/wp-content\\\/uploads\\\/2020\\\/06\\\/7016XS_pq.jpg\",\"width\":280,\"height\":280,\"caption\":\"GRAVADOR DE V\u00cdDEO DIGITAL ALSON 7016XS DVR\"},{\"@type\":\"BreadcrumbList\",\"@id\":\"https:\\\/\\\/abix.com.br\\\/produto\\\/gravador-de-video-digital-alson-7016xs-dvr\\\/#breadcrumb\",\"itemListElement\":[{\"@type\":\"ListItem\",\"position\":1,\"name\":\"In\u00edcio\",\"item\":\"https:\\\/\\\/abix.com.br\\\/es\\\/\"},{\"@type\":\"ListItem\",\"position\":2,\"name\":\"Tienda\",\"item\":\"https:\\\/\\\/abix.com.br\\\/loja\\\/\"},{\"@type\":\"ListItem\",\"position\":3,\"name\":\"ALSON 7016XS DVR GRABADOR DE V\u00cdDEO DIGITAL\"}]},{\"@type\":\"WebSite\",\"@id\":\"https:\\\/\\\/abix.com.br\\\/#website\",\"url\":\"https:\\\/\\\/abix.com.br\\\/\",\"name\":\"Abix\",\"description\":\"\",\"potentialAction\":[{\"@type\":\"SearchAction\",\"target\":{\"@type\":\"EntryPoint\",\"urlTemplate\":\"https:\\\/\\\/abix.com.br\\\/?s={search_term_string}\"},\"query-input\":{\"@type\":\"PropertyValueSpecification\",\"valueRequired\":true,\"valueName\":\"search_term_string\"}}],\"inLanguage\":\"es\"}]}<\/script>\n<!-- \/ Yoast SEO plugin. -->","yoast_head_json":{"title":"ALSON 7016XS DVR GRABADOR DE V\u00cdDEO DIGITAL - Abix","description":"Videograbador digital con calidad VCD, ideal para centros de control y aplicaciones de alarma. GRABADOR DVR ALSON 7016XS","robots":{"index":"index","follow":"follow","max-snippet":"max-snippet:-1","max-image-preview":"max-image-preview:large","max-video-preview":"max-video-preview:-1"},"canonical":"https:\/\/abix.com.br\/produto\/gravador-de-video-digital-alson-7016xs-dvr\/","og_locale":"es_ES","og_type":"article","og_title":"ALSON 7016XS DVR GRABADOR DE V\u00cdDEO DIGITAL - Abix","og_description":"Videograbador digital con calidad VCD, ideal para centros de control y aplicaciones de alarma. GRABADOR DVR ALSON 7016XS","og_url":"https:\/\/abix.com.br\/produto\/gravador-de-video-digital-alson-7016xs-dvr\/","og_site_name":"Abix","article_modified_time":"2023-10-19T20:52:45+00:00","og_image":[{"width":280,"height":280,"url":"https:\/\/abix.com.br\/wp-content\/uploads\/2020\/06\/7016XS_pq.jpg","type":"image\/jpeg"}],"twitter_card":"summary_large_image","twitter_misc":{"Tiempo de lectura":"2 minutos"},"schema":{"@context":"https:\/\/schema.org","@graph":[{"@type":"WebPage","@id":"https:\/\/abix.com.br\/produto\/gravador-de-video-digital-alson-7016xs-dvr\/","url":"https:\/\/abix.com.br\/produto\/gravador-de-video-digital-alson-7016xs-dvr\/","name":"ALSON 7016XS DVR GRABADOR DE V\u00cdDEO DIGITAL - Abix","isPartOf":{"@id":"https:\/\/abix.com.br\/#website"},"primaryImageOfPage":{"@id":"https:\/\/abix.com.br\/produto\/gravador-de-video-digital-alson-7016xs-dvr\/#primaryimage"},"image":{"@id":"https:\/\/abix.com.br\/produto\/gravador-de-video-digital-alson-7016xs-dvr\/#primaryimage"},"thumbnailUrl":"https:\/\/abix.com.br\/wp-content\/uploads\/2020\/06\/7016XS_pq.jpg","datePublished":"2020-06-09T16:45:54+00:00","dateModified":"2023-10-19T20:52:45+00:00","description":"Videograbador digital con calidad VCD, ideal para centros de control y aplicaciones de alarma. GRABADOR DVR ALSON 7016XS","breadcrumb":{"@id":"https:\/\/abix.com.br\/produto\/gravador-de-video-digital-alson-7016xs-dvr\/#breadcrumb"},"inLanguage":"es","potentialAction":[{"@type":"ReadAction","target":["https:\/\/abix.com.br\/produto\/gravador-de-video-digital-alson-7016xs-dvr\/"]}]},{"@type":"ImageObject","inLanguage":"es","@id":"https:\/\/abix.com.br\/produto\/gravador-de-video-digital-alson-7016xs-dvr\/#primaryimage","url":"https:\/\/abix.com.br\/wp-content\/uploads\/2020\/06\/7016XS_pq.jpg","contentUrl":"https:\/\/abix.com.br\/wp-content\/uploads\/2020\/06\/7016XS_pq.jpg","width":280,"height":280,"caption":"GRAVADOR DE V\u00cdDEO DIGITAL ALSON 7016XS DVR"},{"@type":"BreadcrumbList","@id":"https:\/\/abix.com.br\/produto\/gravador-de-video-digital-alson-7016xs-dvr\/#breadcrumb","itemListElement":[{"@type":"ListItem","position":1,"name":"In\u00edcio","item":"https:\/\/abix.com.br\/es\/"},{"@type":"ListItem","position":2,"name":"Tienda","item":"https:\/\/abix.com.br\/loja\/"},{"@type":"ListItem","position":3,"name":"ALSON 7016XS DVR GRABADOR DE V\u00cdDEO DIGITAL"}]},{"@type":"WebSite","@id":"https:\/\/abix.com.br\/#website","url":"https:\/\/abix.com.br\/","name":"Abix","description":"","potentialAction":[{"@type":"SearchAction","target":{"@type":"EntryPoint","urlTemplate":"https:\/\/abix.com.br\/?s={search_term_string}"},"query-input":{"@type":"PropertyValueSpecification","valueRequired":true,"valueName":"search_term_string"}}],"inLanguage":"es"}]}},"_links":{"self":[{"href":"https:\/\/abix.com.br\/es\/wp-json\/wp\/v2\/product\/19602","targetHints":{"allow":["GET"]}}],"collection":[{"href":"https:\/\/abix.com.br\/es\/wp-json\/wp\/v2\/product"}],"about":[{"href":"https:\/\/abix.com.br\/es\/wp-json\/wp\/v2\/types\/product"}],"replies":[{"embeddable":true,"href":"https:\/\/abix.com.br\/es\/wp-json\/wp\/v2\/comments?post=19602"}],"wp:featuredmedia":[{"embeddable":true,"href":"https:\/\/abix.com.br\/es\/wp-json\/wp\/v2\/media\/10534"}],"wp:attachment":[{"href":"https:\/\/abix.com.br\/es\/wp-json\/wp\/v2\/media?parent=19602"}],"wp:term":[{"taxonomy":"product_brand","embeddable":true,"href":"https:\/\/abix.com.br\/es\/wp-json\/wp\/v2\/product_brand?post=19602"},{"taxonomy":"product_cat","embeddable":true,"href":"https:\/\/abix.com.br\/es\/wp-json\/wp\/v2\/product_cat?post=19602"},{"taxonomy":"product_tag","embeddable":true,"href":"https:\/\/abix.com.br\/es\/wp-json\/wp\/v2\/product_tag?post=19602"}],"curies":[{"name":"wp","href":"https:\/\/api.w.org\/{rel}","templated":true}]}}