{"id":19604,"date":"2020-06-09T11:52:35","date_gmt":"2020-06-09T14:52:35","guid":{"rendered":"https:\/\/abix.com.br\/produto\/servidor-de-video-alson-6101fxip-dvs\/"},"modified":"2023-10-19T17:54:05","modified_gmt":"2023-10-19T20:54:05","slug":"servidor-de-video-alson-6101fxip-dvs","status":"publish","type":"product","link":"https:\/\/abix.com.br\/es\/produto\/servidor-de-video-alson-6101fxip-dvs\/","title":{"rendered":"SERVIDOR DE V\u00cdDEO ALSON 6101FXIP DVS"},"content":{"rendered":"\n\t<section class=\"section\" id=\"section_1214530829\">\n\t\t<div class=\"section-bg fill\" >\n\t\t\t\t\t\t\t\t\t\n\t\t\t\n\n\t\t<\/div>\n\n\t\t\n\n\t\t<div class=\"section-content relative\">\n\t\t\t\n<div class=\"row\"  id=\"row-1832896164\">\n\n\t<div id=\"col-1054121252\" class=\"col small-12 large-12\"  >\n\t\t\t\t<div class=\"col-inner\"  >\n\t\t\t\n\t\t\t\n<div class=\"row\"  id=\"row-1539593920\">\n\n\t<div id=\"col-2116918241\" class=\"col small-12 large-12\"  >\n\t\t\t\t<div class=\"col-inner\"  >\n\t\t\t\n\t\t\t\n\n\t\t<div class=\"tabbed-content locacao-tabs\">\n\t\t\t\n\t\t\t<ul class=\"nav nav-tabs nav-normal nav-size-xlarge nav-left active-on-hover\" role=\"tablist\"><li id=\"tab-informaci\u00d3n\" class=\"tab active has-icon\" role=\"presentation\"><a href=\"#tab_informaci\u00d3n\" role=\"tab\" aria-selected=\"true\" aria-controls=\"tab_informaci\u00d3n\"><span>INFORMACI\u00d3N<\/span><\/a><\/li>\n<li id=\"tab-accesorios\" class=\"tab has-icon\" role=\"presentation\"><a href=\"#tab_accesorios\" tabindex=\"-1\" role=\"tab\" aria-selected=\"false\" aria-controls=\"tab_accesorios\"><span>ACCESORIOS<\/span><\/a><\/li>\n<li id=\"tab-descargas\" class=\"tab has-icon\" role=\"presentation\"><a href=\"#tab_descargas\" tabindex=\"-1\" role=\"tab\" aria-selected=\"false\" aria-controls=\"tab_descargas\"><span>DESCARGAS<\/span><\/a><\/li>\n<li id=\"tab-especificaciones\" class=\"tab has-icon\" role=\"presentation\"><a href=\"#tab_especificaciones\" tabindex=\"-1\" role=\"tab\" aria-selected=\"false\" aria-controls=\"tab_especificaciones\"><span>ESPECIFICACIONES<\/span><\/a><\/li><\/ul><div class=\"tab-panels\"><div id=\"tab_informaci\u00d3n\" class=\"panel active entry-content\" role=\"tabpanel\" aria-labelledby=\"tab-informaci\u00d3n\">\n<div class=\"row\"  id=\"row-334755972\">\n\n\t<div id=\"col-1616061333\" class=\"col medium-6 small-12 large-6\"  >\n\t\t\t\t<div class=\"col-inner\"  >\n\t\t\t\n\t\t\t\n<h3>CARACTER\u00cdSTICAS<\/h3>\n<ul>\n<li>Compresi\u00f3n de v\u00eddeo H.264 4CIF en tiempo real de 1 canal.<\/li>\n<li>1 canal de compresi\u00f3n de audio.<\/li>\n<li>Compatible con 4CIF\/DCIF\/2CIF\/CIF\/QCIF en tiempo real.<\/li>\n<li>Compresi\u00f3n de v\u00eddeo y audio.<\/li>\n<li>Soporte de detecci\u00f3n de movimiento.<\/li>\n<li>Admite ajustes de la banda de transmisi\u00f3n de la red y\/o de las tramas transmitidas.<\/li>\n<li>Soporte para TCP, UTP, RTP, Multicast, DHCP, PPPoE y HTTP, etc.<\/li>\n<li>Se pueden utilizar marcas de agua.<\/li>\n<li>Soporte de control PTZ.<\/li>\n<li>Entrada de sensor y activaci\u00f3n de alarma.<\/li>\n<li>Soporte para el env\u00edo de voz a trav\u00e9s de la red.<\/li>\n<\/ul>\n\t\t<\/div>\n\t\t\t\t\t<\/div>\n\n\t\n\n\t<div id=\"col-1971365754\" class=\"col medium-6 small-12 large-6\"  >\n\t\t\t\t<div class=\"col-inner text-left\"  >\n\t\t\t\n\t\t\t\n<ul>\n<li>Proyectos con una sola c\u00e1mara en lugares remotos o distantes.<\/li>\n<li>Excelente opci\u00f3n para utilizar con el speed-dome ALSON (2AF1-617X).<\/li>\n<li>Puede utilizarse en espacios abiertos si se monta en un marco exterior.<\/li>\n<li>Tiene todas las funciones de un DVS.<\/li>\n<li>Compatible con el software Alson Scan Eyes].<\/li>\n<\/ul>\n\t\t<\/div>\n\t\t\t\t\t<\/div>\n\n\t\n<\/div>\n<\/div>\n<div id=\"tab_accesorios\" class=\"panel entry-content\" role=\"tabpanel\" aria-labelledby=\"tab-accesorios\">\n<div class=\"row align-middle\"  id=\"row-1682515223\">\n\n\t<div id=\"col-1502872925\" class=\"col medium-10 small-12 large-10\"  >\n\t\t\t\t<div class=\"col-inner\"  >\n\t\t\t\n\t\t\t\n<p>CONTENIDO<\/p>\n\t\t<\/div>\n\t\t\t\t\t<\/div>\n\n\t\n\n\t<div id=\"col-2045419010\" class=\"col medium-2 small-12 large-2\"  >\n\t\t\t\t<div class=\"col-inner\"  >\n\t\t\t\n\t\t\t\n\t\t<\/div>\n\t\t\t\t\t<\/div>\n\n\t\n<\/div>\n<\/div>\n<div id=\"tab_descargas\" class=\"panel entry-content\" role=\"tabpanel\" aria-labelledby=\"tab-descargas\">\n<div class=\"row\"  id=\"row-1727894760\">\n\n\t<div id=\"col-1989756916\" class=\"col medium-10 small-12 large-10\"  >\n\t\t\t\t<div class=\"col-inner\"  >\n\t\t\t\n\t\t\t\n<p><a href=\"https:\/\/www.abix.com.br\/wp-content\/uploads\/Ficha-DVS-6101.pdf\">Ficha t\u00e9cnica del DVS 6101<\/a><\/p>\n\t\t<\/div>\n\t\t\t\t\t<\/div>\n\n\t\n<\/div>\n<\/div>\n<div id=\"tab_especificaciones\" class=\"panel entry-content\" role=\"tabpanel\" aria-labelledby=\"tab-especificaciones\">\n<div class=\"row\"  id=\"row-736349559\">\n\n\t<div id=\"col-960816199\" class=\"col medium-9 small-12 large-9\"  >\n\t\t\t\t<div class=\"col-inner\"  >\n\t\t\t\n\t\t\t\n<h3>ESPECIFICACIONES T\u00c9CNICAS<\/h3>\n<ul>\n<li><strong>Compresi\u00f3n de v\u00eddeo<\/strong><\/li>\n<\/ul>\n<p>H. 264<\/p>\n<ul>\n<li><strong>Resoluciones<\/strong><\/li>\n<\/ul>\n<p>4CIF\/DCIF\/2CIF\/CIF\/QCIF<\/p>\n<ul>\n<li><strong>Entrada de v\u00eddeo<\/strong><\/li>\n<\/ul>\n<p>4-CH bnc (1,0vP-P, 75 \u03a9<\/p>\n<ul>\n<li><strong>Compresi\u00f3n de audio<\/strong><\/li>\n<\/ul>\n<p>OggVorbis, 16 Kbps<\/p>\n<ul>\n<li><strong>Corriente<\/strong><\/li>\n<\/ul>\n<p>V\u00eddeo o v\u00eddeo y audio<\/p>\n<ul>\n<li><strong>Ancho de banda de la red<\/strong><\/li>\n<\/ul>\n<p>Configurable de 32kbps a 2Mbps<\/p>\n<ul>\n<li><strong>Entrada de voz (micr\u00f3fono)<\/strong><\/li>\n<\/ul>\n<p>RCA de 1 canal (2,0Vp-p 1K \u03a9<\/p>\n<ul>\n<li><strong>Salida de v\u00eddeo<\/strong><\/li>\n<\/ul>\n<p>RCA de 1 canal (Leval el\u00e9ctrico lineal 600\u03a9)<\/p>\n<ul>\n<li><strong>Interfaz de comunicaci\u00f3n<\/strong><\/li>\n<\/ul>\n<p>1 puerto de red RJ45 10M\/100M UTP + 2 RS-232 (RJ45)<\/p>\n<ul>\n<li><strong>Control PTZ<\/strong><\/li>\n<\/ul>\n<p>RS-485 nodo seco (T+, T-)<\/p>\n<ul>\n<li><strong>Entrada de alarma<\/strong><\/li>\n<\/ul>\n<p>1 entrada<\/p>\n<ul>\n<li><strong>Salida de alarma<\/strong><\/li>\n<\/ul>\n<p>1 rel\u00e9 de salida<\/p>\n<ul>\n<li><strong>Potencia<\/strong><\/li>\n<\/ul>\n<p>CC +5 V<\/p>\n<ul>\n<li><strong>Temperatura de trabajo<\/strong><\/li>\n<\/ul>\n<p>-10\u00ba C a +50\u00baC<\/p>\n<ul>\n<li><strong>Dimensiones<\/strong><\/li>\n<\/ul>\n<p>70 mm x 120 mm x 45 mm<\/p>\n\t\t<\/div>\n\t\t\t\t\t<\/div>\n\n\t\n<\/div>\n<\/div><\/div><\/div>\n\t\t<\/div>\n\t\t\t\t\t<\/div>\n\n\t\n<\/div>\n\t\t<\/div>\n\t\t\t\t\t<\/div>\n\n\t\n<\/div>\n\t\t<\/div>\n\n\t\t\n<style>\n#section_1214530829 {\n  padding-top: 0px;\n  padding-bottom: 0px;\n}\n<\/style>\n\t<\/section>\n\t\n","protected":false},"excerpt":{"rendered":"<p style=\"text-align: justify;\">Servidor de v\u00eddeo, ideal para seguridad remota, dise\u00f1ado para funcionar con una c\u00e1mara individual de alta resoluci\u00f3n. Incluye un servidor de im\u00e1genes completo y es totalmente independiente de un ordenador para la transmisi\u00f3n y el procesamiento de im\u00e1genes. Dispone de un canal de v\u00eddeo y otro de audio y admite una comprensi\u00f3n de hasta 4CIF en tiempo real. El equipo est\u00e1 conectado a la red local y se puede acceder a \u00e9l directamente a trav\u00e9s de un navegador, o se puede acceder a las im\u00e1genes a trav\u00e9s de Internet. Dispone de control para c\u00e1maras speed-dome, entrada y salida de audio, alarmas y un pupitre de mando. F\u00e1cil de configurar, conecte la c\u00e1mara y especifique una direcci\u00f3n IP y ya est\u00e1 lista para usar.<\/p>\n","protected":false},"featured_media":10507,"comment_status":"closed","ping_status":"closed","template":"","meta":[],"product_brand":[],"product_cat":[180,178,243],"product_tag":[],"class_list":{"0":"post-19604","1":"product","2":"type-product","3":"status-publish","4":"has-post-thumbnail","6":"product_cat-alson-es","7":"product_cat-cctv","8":"product_cat-outros-produtos-cftv","10":"first","11":"instock","12":"shipping-taxable","13":"product-type-simple"},"yoast_head":"<!-- This site is optimized with the Yoast SEO plugin v27.3 - https:\/\/yoast.com\/product\/yoast-seo-wordpress\/ -->\n<title>SERVIDOR DE V\u00cdDEO ALSON 6101FXIP DVS - Abix<\/title>\n<meta name=\"description\" content=\"SERVIDOR DE V\u00cdDEO ALSON 6101FXIP DVS. Ideal para seguridad remota, dise\u00f1ado para funcionar con una c\u00e1mara individual de alta resoluci\u00f3n.\" \/>\n<meta name=\"robots\" content=\"index, follow, max-snippet:-1, max-image-preview:large, max-video-preview:-1\" \/>\n<link rel=\"canonical\" href=\"https:\/\/abix.com.br\/es\/produto\/servidor-de-video-alson-6101fxip-dvs\/\" \/>\n<meta property=\"og:locale\" content=\"es_ES\" \/>\n<meta property=\"og:type\" content=\"article\" \/>\n<meta property=\"og:title\" content=\"SERVIDOR DE V\u00cdDEO ALSON 6101FXIP DVS - Abix\" \/>\n<meta property=\"og:description\" content=\"SERVIDOR DE V\u00cdDEO ALSON 6101FXIP DVS. Ideal para seguridad remota, dise\u00f1ado para funcionar con una c\u00e1mara individual de alta resoluci\u00f3n.\" \/>\n<meta property=\"og:url\" content=\"https:\/\/abix.com.br\/es\/produto\/servidor-de-video-alson-6101fxip-dvs\/\" \/>\n<meta property=\"og:site_name\" content=\"Abix\" \/>\n<meta property=\"article:modified_time\" content=\"2023-10-19T20:54:05+00:00\" \/>\n<meta name=\"twitter:card\" content=\"summary_large_image\" \/>\n<meta name=\"twitter:label1\" content=\"Tiempo de lectura\" \/>\n\t<meta name=\"twitter:data1\" content=\"2 minutos\" \/>\n<script type=\"application\/ld+json\" class=\"yoast-schema-graph\">{\"@context\":\"https:\\\/\\\/schema.org\",\"@graph\":[{\"@type\":\"WebPage\",\"@id\":\"https:\\\/\\\/abix.com.br\\\/es\\\/produto\\\/servidor-de-video-alson-6101fxip-dvs\\\/\",\"url\":\"https:\\\/\\\/abix.com.br\\\/es\\\/produto\\\/servidor-de-video-alson-6101fxip-dvs\\\/\",\"name\":\"SERVIDOR DE V\u00cdDEO ALSON 6101FXIP DVS - Abix\",\"isPartOf\":{\"@id\":\"https:\\\/\\\/abix.com.br\\\/#website\"},\"primaryImageOfPage\":{\"@id\":\"https:\\\/\\\/abix.com.br\\\/es\\\/produto\\\/servidor-de-video-alson-6101fxip-dvs\\\/#primaryimage\"},\"image\":{\"@id\":\"https:\\\/\\\/abix.com.br\\\/es\\\/produto\\\/servidor-de-video-alson-6101fxip-dvs\\\/#primaryimage\"},\"thumbnailUrl\":\"https:\\\/\\\/abix.com.br\\\/wp-content\\\/uploads\\\/2020\\\/06\\\/177878.png\",\"datePublished\":\"2020-06-09T14:52:35+00:00\",\"dateModified\":\"2023-10-19T20:54:05+00:00\",\"description\":\"SERVIDOR DE V\u00cdDEO ALSON 6101FXIP DVS. Ideal para seguridad remota, dise\u00f1ado para funcionar con una c\u00e1mara individual de alta resoluci\u00f3n.\",\"breadcrumb\":{\"@id\":\"https:\\\/\\\/abix.com.br\\\/es\\\/produto\\\/servidor-de-video-alson-6101fxip-dvs\\\/#breadcrumb\"},\"inLanguage\":\"es\",\"potentialAction\":[{\"@type\":\"ReadAction\",\"target\":[\"https:\\\/\\\/abix.com.br\\\/es\\\/produto\\\/servidor-de-video-alson-6101fxip-dvs\\\/\"]}]},{\"@type\":\"ImageObject\",\"inLanguage\":\"es\",\"@id\":\"https:\\\/\\\/abix.com.br\\\/es\\\/produto\\\/servidor-de-video-alson-6101fxip-dvs\\\/#primaryimage\",\"url\":\"https:\\\/\\\/abix.com.br\\\/wp-content\\\/uploads\\\/2020\\\/06\\\/177878.png\",\"contentUrl\":\"https:\\\/\\\/abix.com.br\\\/wp-content\\\/uploads\\\/2020\\\/06\\\/177878.png\",\"width\":300,\"height\":224,\"caption\":\"SERVIDOR DE V\u00cdDEO ALSON 6101FXIP DVS\"},{\"@type\":\"BreadcrumbList\",\"@id\":\"https:\\\/\\\/abix.com.br\\\/es\\\/produto\\\/servidor-de-video-alson-6101fxip-dvs\\\/#breadcrumb\",\"itemListElement\":[{\"@type\":\"ListItem\",\"position\":1,\"name\":\"In\u00edcio\",\"item\":\"https:\\\/\\\/abix.com.br\\\/es\\\/\"},{\"@type\":\"ListItem\",\"position\":2,\"name\":\"Tienda\",\"item\":\"https:\\\/\\\/abix.com.br\\\/loja\\\/\"},{\"@type\":\"ListItem\",\"position\":3,\"name\":\"SERVIDOR DE V\u00cdDEO ALSON 6101FXIP DVS\"}]},{\"@type\":\"WebSite\",\"@id\":\"https:\\\/\\\/abix.com.br\\\/#website\",\"url\":\"https:\\\/\\\/abix.com.br\\\/\",\"name\":\"Abix\",\"description\":\"\",\"potentialAction\":[{\"@type\":\"SearchAction\",\"target\":{\"@type\":\"EntryPoint\",\"urlTemplate\":\"https:\\\/\\\/abix.com.br\\\/?s={search_term_string}\"},\"query-input\":{\"@type\":\"PropertyValueSpecification\",\"valueRequired\":true,\"valueName\":\"search_term_string\"}}],\"inLanguage\":\"es\"}]}<\/script>\n<!-- \/ Yoast SEO plugin. -->","yoast_head_json":{"title":"SERVIDOR DE V\u00cdDEO ALSON 6101FXIP DVS - Abix","description":"SERVIDOR DE V\u00cdDEO ALSON 6101FXIP DVS. Ideal para seguridad remota, dise\u00f1ado para funcionar con una c\u00e1mara individual de alta resoluci\u00f3n.","robots":{"index":"index","follow":"follow","max-snippet":"max-snippet:-1","max-image-preview":"max-image-preview:large","max-video-preview":"max-video-preview:-1"},"canonical":"https:\/\/abix.com.br\/es\/produto\/servidor-de-video-alson-6101fxip-dvs\/","og_locale":"es_ES","og_type":"article","og_title":"SERVIDOR DE V\u00cdDEO ALSON 6101FXIP DVS - Abix","og_description":"SERVIDOR DE V\u00cdDEO ALSON 6101FXIP DVS. Ideal para seguridad remota, dise\u00f1ado para funcionar con una c\u00e1mara individual de alta resoluci\u00f3n.","og_url":"https:\/\/abix.com.br\/es\/produto\/servidor-de-video-alson-6101fxip-dvs\/","og_site_name":"Abix","article_modified_time":"2023-10-19T20:54:05+00:00","twitter_card":"summary_large_image","twitter_misc":{"Tiempo de lectura":"2 minutos"},"schema":{"@context":"https:\/\/schema.org","@graph":[{"@type":"WebPage","@id":"https:\/\/abix.com.br\/es\/produto\/servidor-de-video-alson-6101fxip-dvs\/","url":"https:\/\/abix.com.br\/es\/produto\/servidor-de-video-alson-6101fxip-dvs\/","name":"SERVIDOR DE V\u00cdDEO ALSON 6101FXIP DVS - Abix","isPartOf":{"@id":"https:\/\/abix.com.br\/#website"},"primaryImageOfPage":{"@id":"https:\/\/abix.com.br\/es\/produto\/servidor-de-video-alson-6101fxip-dvs\/#primaryimage"},"image":{"@id":"https:\/\/abix.com.br\/es\/produto\/servidor-de-video-alson-6101fxip-dvs\/#primaryimage"},"thumbnailUrl":"https:\/\/abix.com.br\/wp-content\/uploads\/2020\/06\/177878.png","datePublished":"2020-06-09T14:52:35+00:00","dateModified":"2023-10-19T20:54:05+00:00","description":"SERVIDOR DE V\u00cdDEO ALSON 6101FXIP DVS. Ideal para seguridad remota, dise\u00f1ado para funcionar con una c\u00e1mara individual de alta resoluci\u00f3n.","breadcrumb":{"@id":"https:\/\/abix.com.br\/es\/produto\/servidor-de-video-alson-6101fxip-dvs\/#breadcrumb"},"inLanguage":"es","potentialAction":[{"@type":"ReadAction","target":["https:\/\/abix.com.br\/es\/produto\/servidor-de-video-alson-6101fxip-dvs\/"]}]},{"@type":"ImageObject","inLanguage":"es","@id":"https:\/\/abix.com.br\/es\/produto\/servidor-de-video-alson-6101fxip-dvs\/#primaryimage","url":"https:\/\/abix.com.br\/wp-content\/uploads\/2020\/06\/177878.png","contentUrl":"https:\/\/abix.com.br\/wp-content\/uploads\/2020\/06\/177878.png","width":300,"height":224,"caption":"SERVIDOR DE V\u00cdDEO ALSON 6101FXIP DVS"},{"@type":"BreadcrumbList","@id":"https:\/\/abix.com.br\/es\/produto\/servidor-de-video-alson-6101fxip-dvs\/#breadcrumb","itemListElement":[{"@type":"ListItem","position":1,"name":"In\u00edcio","item":"https:\/\/abix.com.br\/es\/"},{"@type":"ListItem","position":2,"name":"Tienda","item":"https:\/\/abix.com.br\/loja\/"},{"@type":"ListItem","position":3,"name":"SERVIDOR DE V\u00cdDEO ALSON 6101FXIP DVS"}]},{"@type":"WebSite","@id":"https:\/\/abix.com.br\/#website","url":"https:\/\/abix.com.br\/","name":"Abix","description":"","potentialAction":[{"@type":"SearchAction","target":{"@type":"EntryPoint","urlTemplate":"https:\/\/abix.com.br\/?s={search_term_string}"},"query-input":{"@type":"PropertyValueSpecification","valueRequired":true,"valueName":"search_term_string"}}],"inLanguage":"es"}]}},"_links":{"self":[{"href":"https:\/\/abix.com.br\/es\/wp-json\/wp\/v2\/product\/19604","targetHints":{"allow":["GET"]}}],"collection":[{"href":"https:\/\/abix.com.br\/es\/wp-json\/wp\/v2\/product"}],"about":[{"href":"https:\/\/abix.com.br\/es\/wp-json\/wp\/v2\/types\/product"}],"replies":[{"embeddable":true,"href":"https:\/\/abix.com.br\/es\/wp-json\/wp\/v2\/comments?post=19604"}],"wp:featuredmedia":[{"embeddable":true,"href":"https:\/\/abix.com.br\/es\/wp-json\/wp\/v2\/media\/10507"}],"wp:attachment":[{"href":"https:\/\/abix.com.br\/es\/wp-json\/wp\/v2\/media?parent=19604"}],"wp:term":[{"taxonomy":"product_brand","embeddable":true,"href":"https:\/\/abix.com.br\/es\/wp-json\/wp\/v2\/product_brand?post=19604"},{"taxonomy":"product_cat","embeddable":true,"href":"https:\/\/abix.com.br\/es\/wp-json\/wp\/v2\/product_cat?post=19604"},{"taxonomy":"product_tag","embeddable":true,"href":"https:\/\/abix.com.br\/es\/wp-json\/wp\/v2\/product_tag?post=19604"}],"curies":[{"name":"wp","href":"https:\/\/api.w.org\/{rel}","templated":true}]}}