{"id":19606,"date":"2020-06-09T10:57:45","date_gmt":"2020-06-09T13:57:45","guid":{"rendered":"https:\/\/abix.com.br\/produto\/camara-domo-de-velocidad-alson-dn2612a\/"},"modified":"2023-10-19T17:55:05","modified_gmt":"2023-10-19T20:55:05","slug":"camara-domo-de-velocidad-alson-dn2612a","status":"publish","type":"product","link":"https:\/\/abix.com.br\/es\/produto\/camara-domo-de-velocidad-alson-dn2612a\/","title":{"rendered":"C\u00c1MARA DOMO DE VELOCIDAD ALSON DN2612a"},"content":{"rendered":"\n\t<section class=\"section\" id=\"section_922863960\">\n\t\t<div class=\"section-bg fill\" >\n\t\t\t\t\t\t\t\t\t\n\t\t\t\n\n\t\t<\/div>\n\n\t\t\n\n\t\t<div class=\"section-content relative\">\n\t\t\t\n<div class=\"row\"  id=\"row-1706264802\">\n\n\t<div id=\"col-1815907921\" class=\"col small-12 large-12\"  >\n\t\t\t\t<div class=\"col-inner\"  >\n\t\t\t\n\t\t\t\n<div class=\"row\"  id=\"row-1108618761\">\n\n\t<div id=\"col-130358314\" class=\"col small-12 large-12\"  >\n\t\t\t\t<div class=\"col-inner\"  >\n\t\t\t\n\t\t\t\n\n\t\t<div class=\"tabbed-content locacao-tabs\">\n\t\t\t\n\t\t\t<ul class=\"nav nav-tabs nav-normal nav-size-xlarge nav-left active-on-hover\" role=\"tablist\"><li id=\"tab-informaci\u00d3n\" class=\"tab active has-icon\" role=\"presentation\"><a href=\"#tab_informaci\u00d3n\" role=\"tab\" aria-selected=\"true\" aria-controls=\"tab_informaci\u00d3n\"><span>INFORMACI\u00d3N<\/span><\/a><\/li>\n<li id=\"tab-accesorios\" class=\"tab has-icon\" role=\"presentation\"><a href=\"#tab_accesorios\" tabindex=\"-1\" role=\"tab\" aria-selected=\"false\" aria-controls=\"tab_accesorios\"><span>ACCESORIOS<\/span><\/a><\/li>\n<li id=\"tab-descargas\" class=\"tab has-icon\" role=\"presentation\"><a href=\"#tab_descargas\" tabindex=\"-1\" role=\"tab\" aria-selected=\"false\" aria-controls=\"tab_descargas\"><span>DESCARGAS<\/span><\/a><\/li>\n<li id=\"tab-especificaciones\" class=\"tab has-icon\" role=\"presentation\"><a href=\"#tab_especificaciones\" tabindex=\"-1\" role=\"tab\" aria-selected=\"false\" aria-controls=\"tab_especificaciones\"><span>ESPECIFICACIONES<\/span><\/a><\/li><\/ul><div class=\"tab-panels\"><div id=\"tab_informaci\u00d3n\" class=\"panel active entry-content\" role=\"tabpanel\" aria-labelledby=\"tab-informaci\u00d3n\">\n<div class=\"row\"  id=\"row-1126826176\">\n\n\t<div id=\"col-1775146305\" class=\"col medium-6 small-12 large-6\"  >\n\t\t\t\t<div class=\"col-inner\"  >\n\t\t\t\n\t\t\t\n<h3>CARACTER\u00cdSTICAS<\/h3>\n<p>&#8211; Im\u00e1genes de alta resoluci\u00f3n<br \/>&#8211; Zoom \u00f3ptico de 18x y digital de 12x<br \/>&#8211; Enfoque autom\u00e1tico<br \/>&#8211; Rotaci\u00f3n horizontal completa de 360<br \/>&#8211; Rotaci\u00f3n vertical completa de 190<\/p>\n<div class=\"richtexteditor parbase\">\n<h3>APLICACIONES<\/h3>\n<p>&#8211; Zonas interiores con variaciones de iluminaci\u00f3n (luz indirecta, luz natural, l\u00e1mparas, etc.)<br \/>&#8211; Excelente para entornos luminosos<br \/>&#8211; Zonas exteriores como esquinas de paredes, postes, techos, etc.<\/p>\n<\/div>\n\t\t<\/div>\n\t\t\t\t\t<\/div>\n\n\t\n\n\t<div id=\"col-2064484959\" class=\"col medium-6 small-12 large-6\"  >\n\t\t\t\t<div class=\"col-inner text-left\"  >\n\t\t\t\n\t\t\t\n\t\t<\/div>\n\t\t\t\t\t<\/div>\n\n\t\n<\/div>\n<\/div>\n<div id=\"tab_accesorios\" class=\"panel entry-content\" role=\"tabpanel\" aria-labelledby=\"tab-accesorios\">\n<div class=\"row align-middle\"  id=\"row-222893040\">\n\n\t<div id=\"col-1558611703\" class=\"col medium-10 small-12 large-10\"  >\n\t\t\t\t<div class=\"col-inner\"  >\n\t\t\t\n\t\t\t\n<p>CONTENIDO<\/p>\n\t\t<\/div>\n\t\t\t\t\t<\/div>\n\n\t\n\n\t<div id=\"col-2129309515\" class=\"col medium-2 small-12 large-2\"  >\n\t\t\t\t<div class=\"col-inner\"  >\n\t\t\t\n\t\t\t\n\t\t<\/div>\n\t\t\t\t\t<\/div>\n\n\t\n<\/div>\n<\/div>\n<div id=\"tab_descargas\" class=\"panel entry-content\" role=\"tabpanel\" aria-labelledby=\"tab-descargas\">\n<div class=\"row\"  id=\"row-248478174\">\n\n\t<div id=\"col-1988597803\" class=\"col medium-10 small-12 large-10\"  >\n\t\t\t\t<div class=\"col-inner\"  >\n\t\t\t\n\t\t\t\n<p><a href=\"https:\/\/www.abix.com.br\/wp-content\/uploads\/Ficha-Speed-Dome-DN2612a.pdf\">C\u00fapula de velocidad DN2612a<\/a><\/p>\n\t\t<\/div>\n\t\t\t\t\t<\/div>\n\n\t\n<\/div>\n<\/div>\n<div id=\"tab_especificaciones\" class=\"panel entry-content\" role=\"tabpanel\" aria-labelledby=\"tab-especificaciones\">\n<div class=\"row\"  id=\"row-686294096\">\n\n\t<div id=\"col-1113894552\" class=\"col medium-9 small-12 large-9\"  >\n\t\t\t\t<div class=\"col-inner\"  >\n\t\t\t\n\t\t\t\n<h3>ESPECIFICACIONES T\u00c9CNICAS<\/h3>\n<ul>\n<li><strong>Est\u00e1ndar<\/strong><\/li>\n<\/ul>\n<p>NTSC<\/p>\n<ul>\n<li><strong>Sensor de imagen<\/strong><\/li>\n<\/ul>\n<p>Sony Exview HAD CCD 1\/4 pulgadas<\/p>\n<ul>\n<li><strong>P\u00edxeles efectivos<\/strong><\/li>\n<\/ul>\n<p>Aprox. 380.000 768(H) x 494(V)<\/p>\n<ul>\n<li><strong>Resoluci\u00f3n horizontal<\/strong><\/li>\n<\/ul>\n<p>470TVL<\/p>\n<ul>\n<li><strong>Se\u00f1al de salida de v\u00eddeo compuesto<\/strong><\/li>\n<\/ul>\n<p>1,0 Vpp a 75Ohmios<\/p>\n<ul>\n<li><strong>Relaci\u00f3n se\u00f1al\/ruido<\/strong><\/li>\n<\/ul>\n<p>M\u00e1s de 50 dB<\/p>\n<ul>\n<li><strong>Lentes<\/strong><\/li>\n<\/ul>\n<p>F=4,1 mm ~ 73,8 mm, F1,4 ~3,0<\/p>\n<ul>\n<li><strong>Zoom<\/strong><\/li>\n<\/ul>\n<p>\u00d3ptico: 26x, Digital: 12x, Total 312x<\/p>\n<ul>\n<li><strong>\u00c1ngulo de visi\u00f3n<\/strong><\/li>\n<\/ul>\n<p>3,5\u00ba a 91,0\u00ba<\/p>\n<ul>\n<li><strong>Distancia m\u00e1s corta al objeto<\/strong><\/li>\n<\/ul>\n<p>320mm (3,5]) a 1500mm (91,0\u00bamm)<\/p>\n<ul>\n<li><strong>Velocidad de obturaci\u00f3n electr\u00f3nica<\/strong><\/li>\n<\/ul>\n<p>De 1s a 1\/10.000s<\/p>\n<ul>\n<li><strong>Iluminaci\u00f3n m\u00ednima<\/strong><\/li>\n<\/ul>\n<p>Color: 1 Lux t\u00edpico con IRE =50<\/p>\n<ul>\n<li><strong>Balance de blancos<\/strong><\/li>\n<\/ul>\n<p>Autom\u00e1tico<\/p>\n<ul>\n<li><strong>Compensaci\u00f3n de contraluz<\/strong><\/li>\n<\/ul>\n<p>S\u00ed (encendido\/apagado)<\/p>\n<ul>\n<li><strong>Rango de rotaci\u00f3n horizontal<\/strong><\/li>\n<\/ul>\n<p>360\u00ba infinitos<\/p>\n<ul>\n<li><strong>Rango de rotaci\u00f3n vertical<\/strong><\/li>\n<\/ul>\n<p>190\u00ba (-5\u00ba a 185\u00ba) con giro mec\u00e1nico y autom\u00e1tico de 90\u00ba<\/p>\n<ul>\n<li><strong>Protocolos de comunicaci\u00f3n<\/strong><\/li>\n<\/ul>\n<p>Pelco D\/P, Panasonic, Lilin, Pelco Coaxitron y as\u00ed sucesivamente.<\/p>\n<ul>\n<li><strong>Puerto serie<\/strong><\/li>\n<\/ul>\n<p>RS485<\/p>\n<ul>\n<li><strong>Peso<\/strong><\/li>\n<\/ul>\n<p>6 kg<\/p>\n\t\t<\/div>\n\t\t\t\t\t<\/div>\n\n\t\n<\/div>\n<\/div><\/div><\/div>\n\t\t<\/div>\n\t\t\t\t\t<\/div>\n\n\t\n<\/div>\n\t\t<\/div>\n\t\t\t\t\t<\/div>\n\n\t\n<\/div>\n\t\t<\/div>\n\n\t\t\n<style>\n#section_922863960 {\n  padding-top: 0px;\n  padding-bottom: 0px;\n}\n<\/style>\n\t<\/section>\n\t\n","protected":false},"excerpt":{"rendered":"<p style=\"text-align: justify;\">La c\u00e1mara Speed Dome DN2612a est\u00e1 totalmente sellada y se suministra con diferentes tipos de soporte para una instalaci\u00f3n r\u00e1pida y sencilla en una amplia variedad de aplicaciones de interior y exterior, como paredes, esquinas, postes, techos macizos (losas) e incluso en techos y techos de escayola, ya que s\u00f3lo pesa 6 kg.<\/p>\n<p style=\"text-align: justify;\">Al ser una aut\u00e9ntica c\u00e1mara diurna\/nocturna, permite obtener im\u00e1genes de alta resoluci\u00f3n con 470 l\u00edneas en color durante el d\u00eda (1 Lux) e im\u00e1genes en blanco y negro con una sensibilidad lum\u00ednica extremadamente alta por la noche (s\u00f3lo se necesitan 0,01Lux, el equivalente aproximado a la iluminaci\u00f3n de una noche de luna menguante para obtener una imagen con 600 l\u00edneas).<\/p>\n<p style=\"text-align: justify;\">La DN2612a tiene un zoom \u00f3ptico de 18x y digital de 12x, autoenfoque, patrones de escaneado con hasta 128 puntos (preajustes), incluyendo la definici\u00f3n de zonas de privacidad y rotaci\u00f3n horizontal (360\u00ba) y vertical (190\u00ba) completa y continua, con giro autom\u00e1tico de la imagen de 90\u00ba.<\/p>\n<p style=\"text-align: justify;\">Se suministra de serie una m\u00e1scara negra (extra\u00edble) para una prevenci\u00f3n de eventos m\u00e1s eficaz (con la m\u00e1scara no se ve hacia d\u00f3nde apunta la c\u00e1mara). El DN2612a tambi\u00e9n dispone de 4 entradas para alarmas (infrarrojos, barreras, interruptores de l\u00e1minas) y 2 terminales de salida para accionar l\u00e1mparas, sirenas, etc. (se necesitan rel\u00e9s de alimentaci\u00f3n).<\/p>\n<p style=\"text-align: justify;\">Permite una f\u00e1cil integraci\u00f3n en los sistemas existentes trabajando con m\u00faltiples protocolos (Pelco D\/P, Panasonic, Lilin, Pelco Coaxitron, etc.) y mostrando (o no) el nombre de la c\u00e1mara, la direcci\u00f3n, el zoom y la velocidad en la pantalla.<\/p>\n","protected":false},"featured_media":10337,"comment_status":"closed","ping_status":"closed","template":"","meta":[],"product_brand":[],"product_cat":[180,178],"product_tag":[],"class_list":{"0":"post-19606","1":"product","2":"type-product","3":"status-publish","4":"has-post-thumbnail","6":"product_cat-alson-es","7":"product_cat-cctv","9":"first","10":"instock","11":"shipping-taxable","12":"product-type-simple"},"yoast_head":"<!-- This site is optimized with the Yoast SEO plugin v27.3 - https:\/\/yoast.com\/product\/yoast-seo-wordpress\/ -->\n<title>- Abix Tecnologia<\/title>\n<meta name=\"description\" content=\"La c\u00e1mara Speed Dome DN2612a est\u00e1 totalmente sellada y se suministra con diferentes tipos de soportes para una instalaci\u00f3n r\u00e1pida y sencilla. Ver m\u00e1s\" \/>\n<meta name=\"robots\" content=\"index, follow, max-snippet:-1, max-image-preview:large, max-video-preview:-1\" \/>\n<link rel=\"canonical\" href=\"https:\/\/abix.com.br\/es\/produto\/camara-domo-de-velocidad-alson-dn2612a\/\" \/>\n<meta property=\"og:locale\" content=\"es_ES\" \/>\n<meta property=\"og:type\" content=\"article\" \/>\n<meta property=\"og:title\" content=\"- Abix Tecnologia\" \/>\n<meta property=\"og:description\" content=\"La c\u00e1mara Speed Dome DN2612a est\u00e1 totalmente sellada y se suministra con diferentes tipos de soportes para una instalaci\u00f3n r\u00e1pida y sencilla. Ver m\u00e1s\" \/>\n<meta property=\"og:url\" content=\"https:\/\/abix.com.br\/es\/produto\/camara-domo-de-velocidad-alson-dn2612a\/\" \/>\n<meta property=\"og:site_name\" content=\"Abix\" \/>\n<meta property=\"article:modified_time\" content=\"2023-10-19T20:55:05+00:00\" \/>\n<meta name=\"twitter:card\" content=\"summary_large_image\" \/>\n<meta name=\"twitter:label1\" content=\"Tiempo de lectura\" \/>\n\t<meta name=\"twitter:data1\" content=\"2 minutos\" \/>\n<script type=\"application\/ld+json\" class=\"yoast-schema-graph\">{\"@context\":\"https:\\\/\\\/schema.org\",\"@graph\":[{\"@type\":\"WebPage\",\"@id\":\"https:\\\/\\\/abix.com.br\\\/es\\\/produto\\\/camara-domo-de-velocidad-alson-dn2612a\\\/\",\"url\":\"https:\\\/\\\/abix.com.br\\\/es\\\/produto\\\/camara-domo-de-velocidad-alson-dn2612a\\\/\",\"name\":\"- Abix Tecnologia\",\"isPartOf\":{\"@id\":\"https:\\\/\\\/abix.com.br\\\/#website\"},\"primaryImageOfPage\":{\"@id\":\"https:\\\/\\\/abix.com.br\\\/es\\\/produto\\\/camara-domo-de-velocidad-alson-dn2612a\\\/#primaryimage\"},\"image\":{\"@id\":\"https:\\\/\\\/abix.com.br\\\/es\\\/produto\\\/camara-domo-de-velocidad-alson-dn2612a\\\/#primaryimage\"},\"thumbnailUrl\":\"https:\\\/\\\/abix.com.br\\\/wp-content\\\/uploads\\\/2020\\\/06\\\/Speed-dome-Alson.jpg\",\"datePublished\":\"2020-06-09T13:57:45+00:00\",\"dateModified\":\"2023-10-19T20:55:05+00:00\",\"description\":\"La c\u00e1mara Speed Dome DN2612a est\u00e1 totalmente sellada y se suministra con diferentes tipos de soportes para una instalaci\u00f3n r\u00e1pida y sencilla. Ver m\u00e1s\",\"breadcrumb\":{\"@id\":\"https:\\\/\\\/abix.com.br\\\/es\\\/produto\\\/camara-domo-de-velocidad-alson-dn2612a\\\/#breadcrumb\"},\"inLanguage\":\"es\",\"potentialAction\":[{\"@type\":\"ReadAction\",\"target\":[\"https:\\\/\\\/abix.com.br\\\/es\\\/produto\\\/camara-domo-de-velocidad-alson-dn2612a\\\/\"]}]},{\"@type\":\"ImageObject\",\"inLanguage\":\"es\",\"@id\":\"https:\\\/\\\/abix.com.br\\\/es\\\/produto\\\/camara-domo-de-velocidad-alson-dn2612a\\\/#primaryimage\",\"url\":\"https:\\\/\\\/abix.com.br\\\/wp-content\\\/uploads\\\/2020\\\/06\\\/Speed-dome-Alson.jpg\",\"contentUrl\":\"https:\\\/\\\/abix.com.br\\\/wp-content\\\/uploads\\\/2020\\\/06\\\/Speed-dome-Alson.jpg\",\"width\":262,\"height\":218,\"caption\":\"c\u00e2mera Speed Dome DN2612a\"},{\"@type\":\"BreadcrumbList\",\"@id\":\"https:\\\/\\\/abix.com.br\\\/es\\\/produto\\\/camara-domo-de-velocidad-alson-dn2612a\\\/#breadcrumb\",\"itemListElement\":[{\"@type\":\"ListItem\",\"position\":1,\"name\":\"In\u00edcio\",\"item\":\"https:\\\/\\\/abix.com.br\\\/es\\\/\"},{\"@type\":\"ListItem\",\"position\":2,\"name\":\"Tienda\",\"item\":\"https:\\\/\\\/abix.com.br\\\/loja\\\/\"},{\"@type\":\"ListItem\",\"position\":3,\"name\":\"C\u00c1MARA DOMO DE VELOCIDAD ALSON DN2612a\"}]},{\"@type\":\"WebSite\",\"@id\":\"https:\\\/\\\/abix.com.br\\\/#website\",\"url\":\"https:\\\/\\\/abix.com.br\\\/\",\"name\":\"Abix\",\"description\":\"\",\"potentialAction\":[{\"@type\":\"SearchAction\",\"target\":{\"@type\":\"EntryPoint\",\"urlTemplate\":\"https:\\\/\\\/abix.com.br\\\/?s={search_term_string}\"},\"query-input\":{\"@type\":\"PropertyValueSpecification\",\"valueRequired\":true,\"valueName\":\"search_term_string\"}}],\"inLanguage\":\"es\"}]}<\/script>\n<!-- \/ Yoast SEO plugin. -->","yoast_head_json":{"title":"- Abix Tecnologia","description":"La c\u00e1mara Speed Dome DN2612a est\u00e1 totalmente sellada y se suministra con diferentes tipos de soportes para una instalaci\u00f3n r\u00e1pida y sencilla. Ver m\u00e1s","robots":{"index":"index","follow":"follow","max-snippet":"max-snippet:-1","max-image-preview":"max-image-preview:large","max-video-preview":"max-video-preview:-1"},"canonical":"https:\/\/abix.com.br\/es\/produto\/camara-domo-de-velocidad-alson-dn2612a\/","og_locale":"es_ES","og_type":"article","og_title":"- Abix Tecnologia","og_description":"La c\u00e1mara Speed Dome DN2612a est\u00e1 totalmente sellada y se suministra con diferentes tipos de soportes para una instalaci\u00f3n r\u00e1pida y sencilla. Ver m\u00e1s","og_url":"https:\/\/abix.com.br\/es\/produto\/camara-domo-de-velocidad-alson-dn2612a\/","og_site_name":"Abix","article_modified_time":"2023-10-19T20:55:05+00:00","twitter_card":"summary_large_image","twitter_misc":{"Tiempo de lectura":"2 minutos"},"schema":{"@context":"https:\/\/schema.org","@graph":[{"@type":"WebPage","@id":"https:\/\/abix.com.br\/es\/produto\/camara-domo-de-velocidad-alson-dn2612a\/","url":"https:\/\/abix.com.br\/es\/produto\/camara-domo-de-velocidad-alson-dn2612a\/","name":"- Abix Tecnologia","isPartOf":{"@id":"https:\/\/abix.com.br\/#website"},"primaryImageOfPage":{"@id":"https:\/\/abix.com.br\/es\/produto\/camara-domo-de-velocidad-alson-dn2612a\/#primaryimage"},"image":{"@id":"https:\/\/abix.com.br\/es\/produto\/camara-domo-de-velocidad-alson-dn2612a\/#primaryimage"},"thumbnailUrl":"https:\/\/abix.com.br\/wp-content\/uploads\/2020\/06\/Speed-dome-Alson.jpg","datePublished":"2020-06-09T13:57:45+00:00","dateModified":"2023-10-19T20:55:05+00:00","description":"La c\u00e1mara Speed Dome DN2612a est\u00e1 totalmente sellada y se suministra con diferentes tipos de soportes para una instalaci\u00f3n r\u00e1pida y sencilla. Ver m\u00e1s","breadcrumb":{"@id":"https:\/\/abix.com.br\/es\/produto\/camara-domo-de-velocidad-alson-dn2612a\/#breadcrumb"},"inLanguage":"es","potentialAction":[{"@type":"ReadAction","target":["https:\/\/abix.com.br\/es\/produto\/camara-domo-de-velocidad-alson-dn2612a\/"]}]},{"@type":"ImageObject","inLanguage":"es","@id":"https:\/\/abix.com.br\/es\/produto\/camara-domo-de-velocidad-alson-dn2612a\/#primaryimage","url":"https:\/\/abix.com.br\/wp-content\/uploads\/2020\/06\/Speed-dome-Alson.jpg","contentUrl":"https:\/\/abix.com.br\/wp-content\/uploads\/2020\/06\/Speed-dome-Alson.jpg","width":262,"height":218,"caption":"c\u00e2mera Speed Dome DN2612a"},{"@type":"BreadcrumbList","@id":"https:\/\/abix.com.br\/es\/produto\/camara-domo-de-velocidad-alson-dn2612a\/#breadcrumb","itemListElement":[{"@type":"ListItem","position":1,"name":"In\u00edcio","item":"https:\/\/abix.com.br\/es\/"},{"@type":"ListItem","position":2,"name":"Tienda","item":"https:\/\/abix.com.br\/loja\/"},{"@type":"ListItem","position":3,"name":"C\u00c1MARA DOMO DE VELOCIDAD ALSON DN2612a"}]},{"@type":"WebSite","@id":"https:\/\/abix.com.br\/#website","url":"https:\/\/abix.com.br\/","name":"Abix","description":"","potentialAction":[{"@type":"SearchAction","target":{"@type":"EntryPoint","urlTemplate":"https:\/\/abix.com.br\/?s={search_term_string}"},"query-input":{"@type":"PropertyValueSpecification","valueRequired":true,"valueName":"search_term_string"}}],"inLanguage":"es"}]}},"_links":{"self":[{"href":"https:\/\/abix.com.br\/es\/wp-json\/wp\/v2\/product\/19606","targetHints":{"allow":["GET"]}}],"collection":[{"href":"https:\/\/abix.com.br\/es\/wp-json\/wp\/v2\/product"}],"about":[{"href":"https:\/\/abix.com.br\/es\/wp-json\/wp\/v2\/types\/product"}],"replies":[{"embeddable":true,"href":"https:\/\/abix.com.br\/es\/wp-json\/wp\/v2\/comments?post=19606"}],"wp:featuredmedia":[{"embeddable":true,"href":"https:\/\/abix.com.br\/es\/wp-json\/wp\/v2\/media\/10337"}],"wp:attachment":[{"href":"https:\/\/abix.com.br\/es\/wp-json\/wp\/v2\/media?parent=19606"}],"wp:term":[{"taxonomy":"product_brand","embeddable":true,"href":"https:\/\/abix.com.br\/es\/wp-json\/wp\/v2\/product_brand?post=19606"},{"taxonomy":"product_cat","embeddable":true,"href":"https:\/\/abix.com.br\/es\/wp-json\/wp\/v2\/product_cat?post=19606"},{"taxonomy":"product_tag","embeddable":true,"href":"https:\/\/abix.com.br\/es\/wp-json\/wp\/v2\/product_tag?post=19606"}],"curies":[{"name":"wp","href":"https:\/\/api.w.org\/{rel}","templated":true}]}}