{"id":19609,"date":"2020-06-03T11:48:49","date_gmt":"2020-06-03T14:48:49","guid":{"rendered":"https:\/\/abix.com.br\/produto\/camara-analogica-ntsc-alson-2c112xn\/"},"modified":"2023-10-19T17:56:42","modified_gmt":"2023-10-19T20:56:42","slug":"camara-analogica-ntsc-alson-2c112xn","status":"publish","type":"product","link":"https:\/\/abix.com.br\/es\/produto\/camara-analogica-ntsc-alson-2c112xn\/","title":{"rendered":"C\u00c1MARA ANAL\u00d3GICA NTSC ALSON 2C112XN"},"content":{"rendered":"\n\t<section class=\"section\" id=\"section_1979119934\">\n\t\t<div class=\"section-bg fill\" >\n\t\t\t\t\t\t\t\t\t\n\t\t\t\n\n\t\t<\/div>\n\n\t\t\n\n\t\t<div class=\"section-content relative\">\n\t\t\t\n<div class=\"row\"  id=\"row-972188764\">\n\n\t<div id=\"col-1678540943\" class=\"col small-12 large-12\"  >\n\t\t\t\t<div class=\"col-inner\"  >\n\t\t\t\n\t\t\t\n<div class=\"row\"  id=\"row-1315563540\">\n\n\t<div id=\"col-648458163\" class=\"col small-12 large-12\"  >\n\t\t\t\t<div class=\"col-inner\"  >\n\t\t\t\n\t\t\t\n\n\t\t<div class=\"tabbed-content locacao-tabs\">\n\t\t\t\n\t\t\t<ul class=\"nav nav-tabs nav-normal nav-size-xlarge nav-left active-on-hover\" role=\"tablist\"><li id=\"tab-informaci\u00d3n\" class=\"tab active has-icon\" role=\"presentation\"><a href=\"#tab_informaci\u00d3n\" role=\"tab\" aria-selected=\"true\" aria-controls=\"tab_informaci\u00d3n\"><span>INFORMACI\u00d3N<\/span><\/a><\/li>\n<li id=\"tab-accesorios\" class=\"tab has-icon\" role=\"presentation\"><a href=\"#tab_accesorios\" tabindex=\"-1\" role=\"tab\" aria-selected=\"false\" aria-controls=\"tab_accesorios\"><span>ACCESORIOS<\/span><\/a><\/li>\n<li id=\"tab-descargas\" class=\"tab has-icon\" role=\"presentation\"><a href=\"#tab_descargas\" tabindex=\"-1\" role=\"tab\" aria-selected=\"false\" aria-controls=\"tab_descargas\"><span>DESCARGAS<\/span><\/a><\/li>\n<li id=\"tab-especificaciones\" class=\"tab has-icon\" role=\"presentation\"><a href=\"#tab_especificaciones\" tabindex=\"-1\" role=\"tab\" aria-selected=\"false\" aria-controls=\"tab_especificaciones\"><span>ESPECIFICACIONES<\/span><\/a><\/li><\/ul><div class=\"tab-panels\"><div id=\"tab_informaci\u00d3n\" class=\"panel active entry-content\" role=\"tabpanel\" aria-labelledby=\"tab-informaci\u00d3n\">\n<div class=\"row\"  id=\"row-801742675\">\n\n\t<div id=\"col-842927147\" class=\"col medium-6 small-12 large-6\"  >\n\t\t\t\t<div class=\"col-inner\"  >\n\t\t\t\n\t\t\t\n<h3>CARACTER\u00cdSTICAS<\/h3>\n<p>&#8211; Alto rendimiento de reproducci\u00f3n del color<br \/>&#8211; Funciona con poca luz<br \/>&#8211; Control autom\u00e1tico del obturador<br \/>&#8211; Compensaci\u00f3n de contraluz (BLC)<br \/>&#8211; Alta relaci\u00f3n se\u00f1al\/ruido (S\/N)<br \/>&#8211; Control autom\u00e1tico de se\u00f1ales<\/p>\n<div class=\"richtexteditor parbase\">\n<h3>APLICACIONES<\/h3>\n<p>&#8211; Zonas interiores con variaciones de iluminaci\u00f3n (luz indirecta, luz natural, l\u00e1mparas, etc.)<br \/>&#8211; Excelente opci\u00f3n para utilizar con DVR con resoluci\u00f3n CIF, 2CIF y 4CIF<br \/>&#8211; Per\u00edmetros exteriores si se aloja en una C\u00fapula<\/p>\n<\/div>\n\t\t<\/div>\n\t\t\t\t\t<\/div>\n\n\t\n\n\t<div id=\"col-2083791723\" class=\"col medium-6 small-12 large-6\"  >\n\t\t\t\t<div class=\"col-inner text-left\"  >\n\t\t\t\n\t\t\t\n\t\t<\/div>\n\t\t\t\t\t<\/div>\n\n\t\n<\/div>\n<\/div>\n<div id=\"tab_accesorios\" class=\"panel entry-content\" role=\"tabpanel\" aria-labelledby=\"tab-accesorios\">\n<div class=\"row align-middle\"  id=\"row-2052057384\">\n\n\t<div id=\"col-1835038407\" class=\"col medium-10 small-12 large-10\"  >\n\t\t\t\t<div class=\"col-inner\"  >\n\t\t\t\n\t\t\t\n<p>CONTENIDO<\/p>\n\t\t<\/div>\n\t\t\t\t\t<\/div>\n\n\t\n\n\t<div id=\"col-1831829534\" class=\"col medium-2 small-12 large-2\"  >\n\t\t\t\t<div class=\"col-inner\"  >\n\t\t\t\n\t\t\t\n\t\t<\/div>\n\t\t\t\t\t<\/div>\n\n\t\n<\/div>\n<\/div>\n<div id=\"tab_descargas\" class=\"panel entry-content\" role=\"tabpanel\" aria-labelledby=\"tab-descargas\">\n<div class=\"row\"  id=\"row-1742502260\">\n\n\t<div id=\"col-1942204701\" class=\"col medium-10 small-12 large-10\"  >\n\t\t\t\t<div class=\"col-inner\"  >\n\t\t\t\n\t\t\t\n<p><a href=\"https:\/\/www.abix.com.br\/wp-content\/uploads\/Ficha-Alson-2C112XN.pdf\">Ficha t\u00e9cnica de Alson 2C112XN<\/a><\/p>\n\t\t<\/div>\n\t\t\t\t\t<\/div>\n\n\t\n<\/div>\n<\/div>\n<div id=\"tab_especificaciones\" class=\"panel entry-content\" role=\"tabpanel\" aria-labelledby=\"tab-especificaciones\">\n<div class=\"row\"  id=\"row-2089268686\">\n\n\t<div id=\"col-841346342\" class=\"col medium-9 small-12 large-9\"  >\n\t\t\t\t<div class=\"col-inner\"  >\n\t\t\t\n\t\t\t\n<h3>ESPECIFICACIONES T\u00c9CNICAS<\/h3>\n<ul>\n<li><strong>V\u00eddeo<\/strong><\/li>\n<\/ul>\n<p>NTSC<\/p>\n<ul>\n<li><strong>Sensor<\/strong><\/li>\n<\/ul>\n<p>CCD Sony Super HAD de 1\/3<\/p>\n<ul>\n<li><strong>P\u00edxeles<\/strong><\/li>\n<\/ul>\n<p>468(Al) x 494(V)<\/p>\n<ul>\n<li><strong>Resoluci\u00f3n<\/strong><\/li>\n<\/ul>\n<p>480 l\u00edneas<\/p>\n<ul>\n<li><strong>Iluminaci\u00f3n<\/strong><\/li>\n<\/ul>\n<p>0,1 lux<\/p>\n<ul>\n<li><strong>Relaci\u00f3n S\/N<\/strong><\/li>\n<\/ul>\n<p>48 dB<\/p>\n<ul>\n<li><strong>Obturador electr\u00f3nico<\/strong><\/li>\n<\/ul>\n<p>1\/60 (1\/50) para 1\/100.000 seg.<\/p>\n<ul>\n<li><strong>Gamma<\/strong><\/li>\n<\/ul>\n<p>0.45<\/p>\n<ul>\n<li><strong>Sincronizaci\u00f3n<\/strong><\/li>\n<\/ul>\n<p>Interno<\/p>\n<ul>\n<li><strong>Montaje<\/strong><\/li>\n<\/ul>\n<p>Caja<\/p>\n<ul>\n<li><strong>Control autom\u00e1tico del iris<\/strong><\/li>\n<\/ul>\n<p>DC\/v\u00eddeo<\/p>\n<ul>\n<li><strong>BLC<\/strong><\/li>\n<\/ul>\n<p>Encendido\/apagado<\/p>\n<ul>\n<li><strong>AGC<\/strong><\/li>\n<\/ul>\n<p>En<\/p>\n<ul>\n<li><strong>Salida de v\u00eddeo<\/strong><\/li>\n<\/ul>\n<p>1,0 Vp-p V\u00eddeo compuesto<\/p>\n<ul>\n<li><strong>Potencia<\/strong><\/li>\n<\/ul>\n<p>+12 CC<\/p>\n<ul>\n<li><strong>Consumo<\/strong><\/li>\n<\/ul>\n<p>2,5 W m\u00e1x.<\/p>\n<h3>CARACTER\u00cdSTICAS F\u00cdSICAS<\/h3>\n<ul>\n<li><strong>Dimensiones<\/strong><\/li>\n<\/ul>\n<p>58 mm x 56 mm x 130 mm<\/p>\n\t\t<\/div>\n\t\t\t\t\t<\/div>\n\n\t\n<\/div>\n<\/div><\/div><\/div>\n\t\t<\/div>\n\t\t\t\t\t<\/div>\n\n\t\n<\/div>\n\t\t<\/div>\n\t\t\t\t\t<\/div>\n\n\t\n<\/div>\n\t\t<\/div>\n\n\t\t\n<style>\n#section_1979119934 {\n  padding-top: 0px;\n  padding-bottom: 0px;\n}\n<\/style>\n\t<\/section>\n\t\n","protected":false},"excerpt":{"rendered":"<p style=\"text-align: justify;\">C\u00e1mara anal\u00f3gica en color NTSC, alta resoluci\u00f3n avanzada (480 l\u00edneas), sistema de control autom\u00e1tico de la apertura del iris que mantiene la calidad de la imagen incluso con muy poca luz (0,1 lux). Dispone de la opci\u00f3n de equilibrar los contrastes del fondo, lo que permite utilizarlo en espacios abiertos con sombras o variaciones de iluminaci\u00f3n. Es la c\u00e1mara de alta resoluci\u00f3n m\u00e1s utilizada en soluciones con DVRs ALSON porque tiene todas las funciones<br \/>\nresoluci\u00f3n.<\/p>\n","protected":false},"featured_media":10327,"comment_status":"closed","ping_status":"closed","template":"","meta":[],"product_brand":[],"product_cat":[180,178],"product_tag":[],"class_list":{"0":"post-19609","1":"product","2":"type-product","3":"status-publish","4":"has-post-thumbnail","6":"product_cat-alson-es","7":"product_cat-cctv","9":"first","10":"instock","11":"shipping-taxable","12":"product-type-simple"},"yoast_head":"<!-- This site is optimized with the Yoast SEO plugin v27.4 - https:\/\/yoast.com\/product\/yoast-seo-wordpress\/ -->\n<title>C\u00c1MARA ANAL\u00d3GICA NTSC ALSON 2C112XN - Abix<\/title>\n<meta name=\"description\" content=\"C\u00c1MARA NTSC ANAL\u00d3GICA ALSON 2C112XN - C\u00e1mara NTSC anal\u00f3gica en color, alta resoluci\u00f3n avanzada. Visite nuestro sitio web y compru\u00e9belo.\" \/>\n<meta name=\"robots\" content=\"index, follow, max-snippet:-1, max-image-preview:large, max-video-preview:-1\" \/>\n<link rel=\"canonical\" href=\"https:\/\/abix.com.br\/produto\/camera-analogica-ntsc-alson-2c112xn\/\" \/>\n<meta property=\"og:locale\" content=\"es_ES\" \/>\n<meta property=\"og:type\" content=\"article\" \/>\n<meta property=\"og:title\" content=\"C\u00c1MARA ANAL\u00d3GICA NTSC ALSON 2C112XN - Abix\" \/>\n<meta property=\"og:description\" content=\"C\u00c1MARA NTSC ANAL\u00d3GICA ALSON 2C112XN - C\u00e1mara NTSC anal\u00f3gica en color, alta resoluci\u00f3n avanzada. Visite nuestro sitio web y compru\u00e9belo.\" \/>\n<meta property=\"og:url\" content=\"https:\/\/abix.com.br\/produto\/camera-analogica-ntsc-alson-2c112xn\/\" \/>\n<meta property=\"og:site_name\" content=\"Abix\" \/>\n<meta property=\"article:modified_time\" content=\"2023-10-19T20:56:42+00:00\" \/>\n<meta property=\"og:image\" content=\"https:\/\/abix.com.br\/wp-content\/uploads\/2020\/06\/Alson.jpg\" \/>\n\t<meta property=\"og:image:width\" content=\"250\" \/>\n\t<meta property=\"og:image:height\" content=\"205\" \/>\n\t<meta property=\"og:image:type\" content=\"image\/jpeg\" \/>\n<meta name=\"twitter:card\" content=\"summary_large_image\" \/>\n<meta name=\"twitter:label1\" content=\"Tiempo de lectura\" \/>\n\t<meta name=\"twitter:data1\" content=\"1 minuto\" \/>\n<script type=\"application\/ld+json\" class=\"yoast-schema-graph\">{\"@context\":\"https:\\\/\\\/schema.org\",\"@graph\":[{\"@type\":\"WebPage\",\"@id\":\"https:\\\/\\\/abix.com.br\\\/produto\\\/camera-analogica-ntsc-alson-2c112xn\\\/\",\"url\":\"https:\\\/\\\/abix.com.br\\\/produto\\\/camera-analogica-ntsc-alson-2c112xn\\\/\",\"name\":\"C\u00c1MARA ANAL\u00d3GICA NTSC ALSON 2C112XN - Abix\",\"isPartOf\":{\"@id\":\"https:\\\/\\\/abix.com.br\\\/#website\"},\"primaryImageOfPage\":{\"@id\":\"https:\\\/\\\/abix.com.br\\\/produto\\\/camera-analogica-ntsc-alson-2c112xn\\\/#primaryimage\"},\"image\":{\"@id\":\"https:\\\/\\\/abix.com.br\\\/produto\\\/camera-analogica-ntsc-alson-2c112xn\\\/#primaryimage\"},\"thumbnailUrl\":\"https:\\\/\\\/abix.com.br\\\/wp-content\\\/uploads\\\/2020\\\/06\\\/Alson.jpg\",\"datePublished\":\"2020-06-03T14:48:49+00:00\",\"dateModified\":\"2023-10-19T20:56:42+00:00\",\"description\":\"C\u00c1MARA NTSC ANAL\u00d3GICA ALSON 2C112XN - C\u00e1mara NTSC anal\u00f3gica en color, alta resoluci\u00f3n avanzada. Visite nuestro sitio web y compru\u00e9belo.\",\"breadcrumb\":{\"@id\":\"https:\\\/\\\/abix.com.br\\\/produto\\\/camera-analogica-ntsc-alson-2c112xn\\\/#breadcrumb\"},\"inLanguage\":\"es\",\"potentialAction\":[{\"@type\":\"ReadAction\",\"target\":[\"https:\\\/\\\/abix.com.br\\\/produto\\\/camera-analogica-ntsc-alson-2c112xn\\\/\"]}]},{\"@type\":\"ImageObject\",\"inLanguage\":\"es\",\"@id\":\"https:\\\/\\\/abix.com.br\\\/produto\\\/camera-analogica-ntsc-alson-2c112xn\\\/#primaryimage\",\"url\":\"https:\\\/\\\/abix.com.br\\\/wp-content\\\/uploads\\\/2020\\\/06\\\/Alson.jpg\",\"contentUrl\":\"https:\\\/\\\/abix.com.br\\\/wp-content\\\/uploads\\\/2020\\\/06\\\/Alson.jpg\",\"width\":250,\"height\":205,\"caption\":\"C\u00c2MERA ANAL\u00d3GICA NTSC COLORIDA ALSON 2C192XPA\"},{\"@type\":\"BreadcrumbList\",\"@id\":\"https:\\\/\\\/abix.com.br\\\/produto\\\/camera-analogica-ntsc-alson-2c112xn\\\/#breadcrumb\",\"itemListElement\":[{\"@type\":\"ListItem\",\"position\":1,\"name\":\"In\u00edcio\",\"item\":\"https:\\\/\\\/abix.com.br\\\/es\\\/\"},{\"@type\":\"ListItem\",\"position\":2,\"name\":\"Tienda\",\"item\":\"https:\\\/\\\/abix.com.br\\\/loja\\\/\"},{\"@type\":\"ListItem\",\"position\":3,\"name\":\"C\u00c1MARA ANAL\u00d3GICA NTSC ALSON 2C112XN\"}]},{\"@type\":\"WebSite\",\"@id\":\"https:\\\/\\\/abix.com.br\\\/#website\",\"url\":\"https:\\\/\\\/abix.com.br\\\/\",\"name\":\"Abix\",\"description\":\"\",\"potentialAction\":[{\"@type\":\"SearchAction\",\"target\":{\"@type\":\"EntryPoint\",\"urlTemplate\":\"https:\\\/\\\/abix.com.br\\\/?s={search_term_string}\"},\"query-input\":{\"@type\":\"PropertyValueSpecification\",\"valueRequired\":true,\"valueName\":\"search_term_string\"}}],\"inLanguage\":\"es\"}]}<\/script>\n<!-- \/ Yoast SEO plugin. -->","yoast_head_json":{"title":"C\u00c1MARA ANAL\u00d3GICA NTSC ALSON 2C112XN - Abix","description":"C\u00c1MARA NTSC ANAL\u00d3GICA ALSON 2C112XN - C\u00e1mara NTSC anal\u00f3gica en color, alta resoluci\u00f3n avanzada. Visite nuestro sitio web y compru\u00e9belo.","robots":{"index":"index","follow":"follow","max-snippet":"max-snippet:-1","max-image-preview":"max-image-preview:large","max-video-preview":"max-video-preview:-1"},"canonical":"https:\/\/abix.com.br\/produto\/camera-analogica-ntsc-alson-2c112xn\/","og_locale":"es_ES","og_type":"article","og_title":"C\u00c1MARA ANAL\u00d3GICA NTSC ALSON 2C112XN - Abix","og_description":"C\u00c1MARA NTSC ANAL\u00d3GICA ALSON 2C112XN - C\u00e1mara NTSC anal\u00f3gica en color, alta resoluci\u00f3n avanzada. Visite nuestro sitio web y compru\u00e9belo.","og_url":"https:\/\/abix.com.br\/produto\/camera-analogica-ntsc-alson-2c112xn\/","og_site_name":"Abix","article_modified_time":"2023-10-19T20:56:42+00:00","og_image":[{"width":250,"height":205,"url":"https:\/\/abix.com.br\/wp-content\/uploads\/2020\/06\/Alson.jpg","type":"image\/jpeg"}],"twitter_card":"summary_large_image","twitter_misc":{"Tiempo de lectura":"1 minuto"},"schema":{"@context":"https:\/\/schema.org","@graph":[{"@type":"WebPage","@id":"https:\/\/abix.com.br\/produto\/camera-analogica-ntsc-alson-2c112xn\/","url":"https:\/\/abix.com.br\/produto\/camera-analogica-ntsc-alson-2c112xn\/","name":"C\u00c1MARA ANAL\u00d3GICA NTSC ALSON 2C112XN - Abix","isPartOf":{"@id":"https:\/\/abix.com.br\/#website"},"primaryImageOfPage":{"@id":"https:\/\/abix.com.br\/produto\/camera-analogica-ntsc-alson-2c112xn\/#primaryimage"},"image":{"@id":"https:\/\/abix.com.br\/produto\/camera-analogica-ntsc-alson-2c112xn\/#primaryimage"},"thumbnailUrl":"https:\/\/abix.com.br\/wp-content\/uploads\/2020\/06\/Alson.jpg","datePublished":"2020-06-03T14:48:49+00:00","dateModified":"2023-10-19T20:56:42+00:00","description":"C\u00c1MARA NTSC ANAL\u00d3GICA ALSON 2C112XN - C\u00e1mara NTSC anal\u00f3gica en color, alta resoluci\u00f3n avanzada. Visite nuestro sitio web y compru\u00e9belo.","breadcrumb":{"@id":"https:\/\/abix.com.br\/produto\/camera-analogica-ntsc-alson-2c112xn\/#breadcrumb"},"inLanguage":"es","potentialAction":[{"@type":"ReadAction","target":["https:\/\/abix.com.br\/produto\/camera-analogica-ntsc-alson-2c112xn\/"]}]},{"@type":"ImageObject","inLanguage":"es","@id":"https:\/\/abix.com.br\/produto\/camera-analogica-ntsc-alson-2c112xn\/#primaryimage","url":"https:\/\/abix.com.br\/wp-content\/uploads\/2020\/06\/Alson.jpg","contentUrl":"https:\/\/abix.com.br\/wp-content\/uploads\/2020\/06\/Alson.jpg","width":250,"height":205,"caption":"C\u00c2MERA ANAL\u00d3GICA NTSC COLORIDA ALSON 2C192XPA"},{"@type":"BreadcrumbList","@id":"https:\/\/abix.com.br\/produto\/camera-analogica-ntsc-alson-2c112xn\/#breadcrumb","itemListElement":[{"@type":"ListItem","position":1,"name":"In\u00edcio","item":"https:\/\/abix.com.br\/es\/"},{"@type":"ListItem","position":2,"name":"Tienda","item":"https:\/\/abix.com.br\/loja\/"},{"@type":"ListItem","position":3,"name":"C\u00c1MARA ANAL\u00d3GICA NTSC ALSON 2C112XN"}]},{"@type":"WebSite","@id":"https:\/\/abix.com.br\/#website","url":"https:\/\/abix.com.br\/","name":"Abix","description":"","potentialAction":[{"@type":"SearchAction","target":{"@type":"EntryPoint","urlTemplate":"https:\/\/abix.com.br\/?s={search_term_string}"},"query-input":{"@type":"PropertyValueSpecification","valueRequired":true,"valueName":"search_term_string"}}],"inLanguage":"es"}]}},"_links":{"self":[{"href":"https:\/\/abix.com.br\/es\/wp-json\/wp\/v2\/product\/19609","targetHints":{"allow":["GET"]}}],"collection":[{"href":"https:\/\/abix.com.br\/es\/wp-json\/wp\/v2\/product"}],"about":[{"href":"https:\/\/abix.com.br\/es\/wp-json\/wp\/v2\/types\/product"}],"replies":[{"embeddable":true,"href":"https:\/\/abix.com.br\/es\/wp-json\/wp\/v2\/comments?post=19609"}],"wp:featuredmedia":[{"embeddable":true,"href":"https:\/\/abix.com.br\/es\/wp-json\/wp\/v2\/media\/10327"}],"wp:attachment":[{"href":"https:\/\/abix.com.br\/es\/wp-json\/wp\/v2\/media?parent=19609"}],"wp:term":[{"taxonomy":"product_brand","embeddable":true,"href":"https:\/\/abix.com.br\/es\/wp-json\/wp\/v2\/product_brand?post=19609"},{"taxonomy":"product_cat","embeddable":true,"href":"https:\/\/abix.com.br\/es\/wp-json\/wp\/v2\/product_cat?post=19609"},{"taxonomy":"product_tag","embeddable":true,"href":"https:\/\/abix.com.br\/es\/wp-json\/wp\/v2\/product_tag?post=19609"}],"curies":[{"name":"wp","href":"https:\/\/api.w.org\/{rel}","templated":true}]}}