{"id":19611,"date":"2020-05-29T17:11:10","date_gmt":"2020-05-29T20:11:10","guid":{"rendered":"https:\/\/abix.com.br\/produto\/repetidor-mototrbo-mtr3000\/"},"modified":"2023-10-19T17:57:29","modified_gmt":"2023-10-19T20:57:29","slug":"repetidor-mototrbo-mtr3000","status":"publish","type":"product","link":"https:\/\/abix.com.br\/es\/produto\/repetidor-mototrbo-mtr3000\/","title":{"rendered":"REPETIDOR MOTOTRBO &#8211; MTR3000"},"content":{"rendered":"\n\t<section class=\"section\" id=\"section_724459731\">\n\t\t<div class=\"section-bg fill\" >\n\t\t\t\t\t\t\t\t\t\n\t\t\t\n\n\t\t<\/div>\n\n\t\t\n\n\t\t<div class=\"section-content relative\">\n\t\t\t\n<div class=\"row\"  id=\"row-713562588\">\n\n\t<div id=\"col-44724813\" class=\"col small-12 large-12\"  >\n\t\t\t\t<div class=\"col-inner\"  >\n\t\t\t\n\t\t\t\n<div class=\"row\"  id=\"row-911149270\">\n\n\t<div id=\"col-836958138\" class=\"col small-12 large-12\"  >\n\t\t\t\t<div class=\"col-inner\"  >\n\t\t\t\n\t\t\t\n\n\t\t<div class=\"tabbed-content locacao-tabs\">\n\t\t\t\n\t\t\t<ul class=\"nav nav-tabs nav-normal nav-size-xlarge nav-left active-on-hover\" role=\"tablist\"><li id=\"tab-informaci\u00d3n\" class=\"tab active has-icon\" role=\"presentation\"><a href=\"#tab_informaci\u00d3n\" role=\"tab\" aria-selected=\"true\" aria-controls=\"tab_informaci\u00d3n\"><span>INFORMACI\u00d3N<\/span><\/a><\/li>\n<li id=\"tab-accesorios\" class=\"tab has-icon\" role=\"presentation\"><a href=\"#tab_accesorios\" tabindex=\"-1\" role=\"tab\" aria-selected=\"false\" aria-controls=\"tab_accesorios\"><span>ACCESORIOS<\/span><\/a><\/li>\n<li id=\"tab-descargas\" class=\"tab has-icon\" role=\"presentation\"><a href=\"#tab_descargas\" tabindex=\"-1\" role=\"tab\" aria-selected=\"false\" aria-controls=\"tab_descargas\"><span>DESCARGAS<\/span><\/a><\/li>\n<li id=\"tab-especificaciones\" class=\"tab has-icon\" role=\"presentation\"><a href=\"#tab_especificaciones\" tabindex=\"-1\" role=\"tab\" aria-selected=\"false\" aria-controls=\"tab_especificaciones\"><span>ESPECIFICACIONES<\/span><\/a><\/li><\/ul><div class=\"tab-panels\"><div id=\"tab_informaci\u00d3n\" class=\"panel active entry-content\" role=\"tabpanel\" aria-labelledby=\"tab-informaci\u00d3n\">\n<div class=\"row\"  id=\"row-583560036\">\n\n\t<div id=\"col-68301028\" class=\"col medium-6 small-12 large-6\"  >\n\t\t\t\t<div class=\"col-inner\"  >\n\t\t\t\n\t\t\t\n<p><strong>CARACTER\u00cdSTICAS B\u00c1SICAS DEL MTR3000<\/strong><\/p>\n<p>Funciona tanto en modo anal\u00f3gico como digital <a href=\"https:\/\/www.abix.com.br\/radios-mototrbo\/\">MOTOTRBO<\/a> con indicador LED de modo de funcionamiento.<\/p>\n<p>Funcionamiento fiable de 100 W en el ciclo de trabajo continuo.<\/p>\n<p>Espaciado de canales programable en 12,5 o 25 kHz.<\/p>\n<p>Tanto el modo de funcionamiento anal\u00f3gico como el digital convencional son modos est\u00e1ndar en una estaci\u00f3n base y no requieren costes adicionales de software o hardware.<\/p>\n<p>La fuente de alimentaci\u00f3n admite una amplia gama de tensiones.<\/p>\n<p>Cumple las Restricciones sobre Sustancias Peligrosas (RoHS).<\/p>\n<p>La fuente de alimentaci\u00f3n de CA\/CC y el amplificador de potencia integrado de 100 W ayudan a minimizar el cableado, el espacio de rack, los costes y la complejidad general<\/p>\n<p><strong>CARACTER\u00cdSTICAS DEL MTR3000 PROGRAMADO EN MODO MOTOTRBO<\/strong><\/p>\n<p>Admite hasta dos rutas de voz simult\u00e1neas en TDMA digital de 12,5 kHz.<\/p>\n<p>Cumple con 6.25e.<\/p>\n<p>Divide el canal existente en dos franjas horarias, duplicando la capacidad suministrada con un solo repetidor.<\/p>\n<p>Compatible con <a href=\"https:\/\/www.abix.com.br\/radios-mototrbo\/\">MOTOTRBO<\/a> IP Site Connect para ampliar la cobertura (requiere licencia de software).<\/p>\n<div class=\"richtexteditor parbase\">\n<p><b>F\u00c1CIL MANTENIMIENTO DE LA MTR3000<\/b><\/p>\n<p>El software de diagn\u00f3stico y control del repetidor (RDAC) ofrece supervisi\u00f3n local y remota del emplazamiento.<\/p>\n<p>Componentes f\u00e1ciles de sustituir con unidades sustituibles en campo (FRU) funcionalmente independientes.<\/p>\n<p>Su dise\u00f1o basado en software facilita la actualizaci\u00f3n de sus funciones.<\/p>\n<p>El acceso simplificado a las puertas de la estaci\u00f3n (sin necesidad de retirar el panel frontal) reduce los tiempos de instalaci\u00f3n y mantenimiento.<\/p>\n<p>La estaci\u00f3n requiere una alineaci\u00f3n m\u00ednima, lo que facilita a\u00fan m\u00e1s el proceso de instalaci\u00f3n.<\/p>\n<\/div>\n\t\t<\/div>\n\t\t\t\t\t<\/div>\n\n\t\n\n\t<div id=\"col-1753423958\" class=\"col medium-6 small-12 large-6\"  >\n\t\t\t\t<div class=\"col-inner text-left\"  >\n\t\t\t\n\t\t\t\n\t\t<\/div>\n\t\t\t\t\t<\/div>\n\n\t\n<\/div>\n<\/div>\n<div id=\"tab_accesorios\" class=\"panel entry-content\" role=\"tabpanel\" aria-labelledby=\"tab-accesorios\">\n<div class=\"row align-middle\"  id=\"row-748890488\">\n\n\t<div id=\"col-1873180939\" class=\"col medium-10 small-12 large-10\"  >\n\t\t\t\t<div class=\"col-inner\"  >\n\t\t\t\n\t\t\t\n<p>CONTENIDO<\/p>\n\t\t<\/div>\n\t\t\t\t\t<\/div>\n\n\t\n\n\t<div id=\"col-191136838\" class=\"col medium-2 small-12 large-2\"  >\n\t\t\t\t<div class=\"col-inner\"  >\n\t\t\t\n\t\t\t\n\t\t<\/div>\n\t\t\t\t\t<\/div>\n\n\t\n<\/div>\n<\/div>\n<div id=\"tab_descargas\" class=\"panel entry-content\" role=\"tabpanel\" aria-labelledby=\"tab-descargas\">\n<div class=\"row\"  id=\"row-2019708492\">\n\n\t<div id=\"col-962453651\" class=\"col medium-10 small-12 large-10\"  >\n\t\t\t\t<div class=\"col-inner\"  >\n\t\t\t\n\t\t\t\n<p><a href=\"https:\/\/www.abix.com.br\/wp-content\/uploads\/Ficha-MTR3000.pdf\">Hoja de datos de MTR3000<\/a><\/p>\n\t\t<\/div>\n\t\t\t\t\t<\/div>\n\n\t\n<\/div>\n<\/div>\n<div id=\"tab_especificaciones\" class=\"panel entry-content\" role=\"tabpanel\" aria-labelledby=\"tab-especificaciones\">\n<div class=\"row\"  id=\"row-1670358447\">\n\n\t<div id=\"col-1192597688\" class=\"col medium-9 small-12 large-9\"  >\n\t\t\t\t<div class=\"col-inner\"  >\n\t\t\t\n\t\t\t\n<h3>ESPECIFICACIONES GENERALES<\/h3>\n<ul>\n<li><strong>Gama de frecuencias<\/strong><\/li>\n<\/ul>\n<p><strong>Modelo T300<\/strong><\/p>\n<p>403-470MHz<\/p>\n<p>470-524MHz<\/p>\n<p><strong>Modelo T2003A<\/strong><\/p>\n<p>403-435MHz<\/p>\n<p>435-470 MHz<\/p>\n<ul>\n<li><strong>Generaci\u00f3n de frecuencias <\/strong><b>Frecuencia<\/b><\/li>\n<\/ul>\n<p>Anal\u00f3gico -12,5KHz 25KHz<\/p>\n<p>Digital &#8211; 12,5khZ (cumple 6,25E)<\/p>\n<ul>\n<li><strong>Modo de funcionamiento<\/strong><\/li>\n<\/ul>\n<p>Semid\u00faplex \/ D\u00faplex<\/p>\n<h3>CARACTER\u00cdSTICAS F\u00cdSICAS<\/h3>\n<ul>\n<li><strong>Dimensiones<\/strong><\/li>\n<\/ul>\n<p>133 x 483 x 419 mm<\/p>\n<ul>\n<li><strong>Peso<\/strong><\/li>\n<\/ul>\n<p>19 kg<\/p>\n<h3>RECURSOS RADIOF\u00d3NICOS<\/h3>\n<ul>\n<li><strong>N\u00famero de <\/strong><b>frecuencias<\/b><\/li>\n<\/ul>\n<p>Hasta 16<\/p>\n\t\t<\/div>\n\t\t\t\t\t<\/div>\n\n\t\n<\/div>\n<\/div><\/div><\/div>\n\t\t<\/div>\n\t\t\t\t\t<\/div>\n\n\t\n<\/div>\n\t\t<\/div>\n\t\t\t\t\t<\/div>\n\n\t\n<\/div>\n\t\t<\/div>\n\n\t\t\n<style>\n#section_724459731 {\n  padding-top: 0px;\n  padding-bottom: 0px;\n}\n<\/style>\n\t<\/section>\n\t\n","protected":false},"excerpt":{"rendered":"<p style=\"text-align: justify;\">La MTR3000 es una estaci\u00f3n base\/repetidora de voz y datos MOTOTRBO\u2122 integrada, especialmente desarrollada para satisfacer los requisitos de peque\u00f1as organizaciones profesionales, de servicios p\u00fablicos y de seguridad p\u00fablica.<\/p>\n<p style=\"text-align: justify;\">El MTR3000 funciona en modo digital en sistemas MOTOTRBO\u2122 Conventional e IP Site Connect ofreciendo mayor capacidad, eficiencia del espectro, aplicaciones de datos integradas y comunicaciones de voz mejoradas. La MTR3000 tambi\u00e9n funciona en modo anal\u00f3gico con sistemas convencionales y sistemas troncales anal\u00f3gicos, lo que la convierte en una estaci\u00f3n base\/repetidor flexible y de alta potencia.<\/p>\n<p style=\"text-align: justify;\">Para los sistemas que actualmente utilizan la estaci\u00f3n base \/ repetidor MTR2000 de alta potencia, existe un sencillo kit de actualizaci\u00f3n a la MTR3000 que permite que la estaci\u00f3n sea compatible con los sistemas MOTOTRBO\u2122, lo que permite al usuario aprovechar al m\u00e1ximo su inversi\u00f3n actual.<\/p>\n","protected":false},"featured_media":10305,"comment_status":"closed","ping_status":"closed","template":"","meta":[],"product_brand":[],"product_cat":[155,157,161,162,163,156,168],"product_tag":[],"class_list":{"0":"post-19611","1":"product","2":"type-product","3":"status-publish","4":"has-post-thumbnail","6":"product_cat-linea-profesional","7":"product_cat-motorola-es","8":"product_cat-mototrbo-es","9":"product_cat-radio-dmr-es","10":"product_cat-radios-analogicas","11":"product_cat-radios-digitales","12":"product_cat-repetidores","14":"first","15":"instock","16":"shipping-taxable","17":"product-type-simple"},"yoast_head":"<!-- This site is optimized with the Yoast SEO plugin v27.3 - https:\/\/yoast.com\/product\/yoast-seo-wordpress\/ -->\n<title>MOTOTRBO REPEATER MTR3000 - Abix Tecnologia<\/title>\n<meta name=\"description\" content=\"La MTR3000 es una estaci\u00f3n base\/repetidora de voz y datos MOTOTRBO integrada. Visite nuestro sitio web para obtener m\u00e1s informaci\u00f3n.\" \/>\n<meta name=\"robots\" content=\"index, follow, max-snippet:-1, max-image-preview:large, max-video-preview:-1\" \/>\n<link rel=\"canonical\" href=\"https:\/\/abix.com.br\/produto\/mtr3000\/\" \/>\n<meta property=\"og:locale\" content=\"es_ES\" \/>\n<meta property=\"og:type\" content=\"article\" \/>\n<meta property=\"og:title\" content=\"MOTOTRBO REPEATER MTR3000 - Abix Tecnologia\" \/>\n<meta property=\"og:description\" content=\"La MTR3000 es una estaci\u00f3n base\/repetidora de voz y datos MOTOTRBO integrada. Visite nuestro sitio web para obtener m\u00e1s informaci\u00f3n.\" \/>\n<meta property=\"og:url\" content=\"https:\/\/abix.com.br\/produto\/mtr3000\/\" \/>\n<meta property=\"og:site_name\" content=\"Abix\" \/>\n<meta property=\"article:modified_time\" content=\"2023-10-19T20:57:29+00:00\" \/>\n<meta property=\"og:image\" content=\"https:\/\/abix.com.br\/wp-content\/uploads\/2020\/06\/MTR3000.png\" \/>\n\t<meta property=\"og:image:width\" content=\"512\" \/>\n\t<meta property=\"og:image:height\" content=\"512\" \/>\n\t<meta property=\"og:image:type\" content=\"image\/png\" \/>\n<meta name=\"twitter:card\" content=\"summary_large_image\" \/>\n<meta name=\"twitter:label1\" content=\"Tiempo de lectura\" \/>\n\t<meta name=\"twitter:data1\" content=\"2 minutos\" \/>\n<script type=\"application\/ld+json\" class=\"yoast-schema-graph\">{\"@context\":\"https:\\\/\\\/schema.org\",\"@graph\":[{\"@type\":\"WebPage\",\"@id\":\"https:\\\/\\\/abix.com.br\\\/produto\\\/mtr3000\\\/\",\"url\":\"https:\\\/\\\/abix.com.br\\\/produto\\\/mtr3000\\\/\",\"name\":\"MOTOTRBO REPEATER MTR3000 - Abix Tecnologia\",\"isPartOf\":{\"@id\":\"https:\\\/\\\/abix.com.br\\\/#website\"},\"primaryImageOfPage\":{\"@id\":\"https:\\\/\\\/abix.com.br\\\/produto\\\/mtr3000\\\/#primaryimage\"},\"image\":{\"@id\":\"https:\\\/\\\/abix.com.br\\\/produto\\\/mtr3000\\\/#primaryimage\"},\"thumbnailUrl\":\"https:\\\/\\\/abix.com.br\\\/wp-content\\\/uploads\\\/2020\\\/06\\\/MTR3000.png\",\"datePublished\":\"2020-05-29T20:11:10+00:00\",\"dateModified\":\"2023-10-19T20:57:29+00:00\",\"description\":\"La MTR3000 es una estaci\u00f3n base\\\/repetidora de voz y datos MOTOTRBO integrada. Visite nuestro sitio web para obtener m\u00e1s informaci\u00f3n.\",\"breadcrumb\":{\"@id\":\"https:\\\/\\\/abix.com.br\\\/produto\\\/mtr3000\\\/#breadcrumb\"},\"inLanguage\":\"es\",\"potentialAction\":[{\"@type\":\"ReadAction\",\"target\":[\"https:\\\/\\\/abix.com.br\\\/produto\\\/mtr3000\\\/\"]}]},{\"@type\":\"ImageObject\",\"inLanguage\":\"es\",\"@id\":\"https:\\\/\\\/abix.com.br\\\/produto\\\/mtr3000\\\/#primaryimage\",\"url\":\"https:\\\/\\\/abix.com.br\\\/wp-content\\\/uploads\\\/2020\\\/06\\\/MTR3000.png\",\"contentUrl\":\"https:\\\/\\\/abix.com.br\\\/wp-content\\\/uploads\\\/2020\\\/06\\\/MTR3000.png\",\"width\":512,\"height\":512,\"caption\":\"REPETIDORA MOTOTRBO MTR3000\"},{\"@type\":\"BreadcrumbList\",\"@id\":\"https:\\\/\\\/abix.com.br\\\/produto\\\/mtr3000\\\/#breadcrumb\",\"itemListElement\":[{\"@type\":\"ListItem\",\"position\":1,\"name\":\"In\u00edcio\",\"item\":\"https:\\\/\\\/abix.com.br\\\/es\\\/\"},{\"@type\":\"ListItem\",\"position\":2,\"name\":\"Tienda\",\"item\":\"https:\\\/\\\/abix.com.br\\\/loja\\\/\"},{\"@type\":\"ListItem\",\"position\":3,\"name\":\"REPETIDOR MOTOTRBO &#8211; MTR3000\"}]},{\"@type\":\"WebSite\",\"@id\":\"https:\\\/\\\/abix.com.br\\\/#website\",\"url\":\"https:\\\/\\\/abix.com.br\\\/\",\"name\":\"Abix\",\"description\":\"\",\"potentialAction\":[{\"@type\":\"SearchAction\",\"target\":{\"@type\":\"EntryPoint\",\"urlTemplate\":\"https:\\\/\\\/abix.com.br\\\/?s={search_term_string}\"},\"query-input\":{\"@type\":\"PropertyValueSpecification\",\"valueRequired\":true,\"valueName\":\"search_term_string\"}}],\"inLanguage\":\"es\"}]}<\/script>\n<!-- \/ Yoast SEO plugin. -->","yoast_head_json":{"title":"MOTOTRBO REPEATER MTR3000 - Abix Tecnologia","description":"La MTR3000 es una estaci\u00f3n base\/repetidora de voz y datos MOTOTRBO integrada. Visite nuestro sitio web para obtener m\u00e1s informaci\u00f3n.","robots":{"index":"index","follow":"follow","max-snippet":"max-snippet:-1","max-image-preview":"max-image-preview:large","max-video-preview":"max-video-preview:-1"},"canonical":"https:\/\/abix.com.br\/produto\/mtr3000\/","og_locale":"es_ES","og_type":"article","og_title":"MOTOTRBO REPEATER MTR3000 - Abix Tecnologia","og_description":"La MTR3000 es una estaci\u00f3n base\/repetidora de voz y datos MOTOTRBO integrada. Visite nuestro sitio web para obtener m\u00e1s informaci\u00f3n.","og_url":"https:\/\/abix.com.br\/produto\/mtr3000\/","og_site_name":"Abix","article_modified_time":"2023-10-19T20:57:29+00:00","og_image":[{"width":512,"height":512,"url":"https:\/\/abix.com.br\/wp-content\/uploads\/2020\/06\/MTR3000.png","type":"image\/png"}],"twitter_card":"summary_large_image","twitter_misc":{"Tiempo de lectura":"2 minutos"},"schema":{"@context":"https:\/\/schema.org","@graph":[{"@type":"WebPage","@id":"https:\/\/abix.com.br\/produto\/mtr3000\/","url":"https:\/\/abix.com.br\/produto\/mtr3000\/","name":"MOTOTRBO REPEATER MTR3000 - Abix Tecnologia","isPartOf":{"@id":"https:\/\/abix.com.br\/#website"},"primaryImageOfPage":{"@id":"https:\/\/abix.com.br\/produto\/mtr3000\/#primaryimage"},"image":{"@id":"https:\/\/abix.com.br\/produto\/mtr3000\/#primaryimage"},"thumbnailUrl":"https:\/\/abix.com.br\/wp-content\/uploads\/2020\/06\/MTR3000.png","datePublished":"2020-05-29T20:11:10+00:00","dateModified":"2023-10-19T20:57:29+00:00","description":"La MTR3000 es una estaci\u00f3n base\/repetidora de voz y datos MOTOTRBO integrada. Visite nuestro sitio web para obtener m\u00e1s informaci\u00f3n.","breadcrumb":{"@id":"https:\/\/abix.com.br\/produto\/mtr3000\/#breadcrumb"},"inLanguage":"es","potentialAction":[{"@type":"ReadAction","target":["https:\/\/abix.com.br\/produto\/mtr3000\/"]}]},{"@type":"ImageObject","inLanguage":"es","@id":"https:\/\/abix.com.br\/produto\/mtr3000\/#primaryimage","url":"https:\/\/abix.com.br\/wp-content\/uploads\/2020\/06\/MTR3000.png","contentUrl":"https:\/\/abix.com.br\/wp-content\/uploads\/2020\/06\/MTR3000.png","width":512,"height":512,"caption":"REPETIDORA MOTOTRBO MTR3000"},{"@type":"BreadcrumbList","@id":"https:\/\/abix.com.br\/produto\/mtr3000\/#breadcrumb","itemListElement":[{"@type":"ListItem","position":1,"name":"In\u00edcio","item":"https:\/\/abix.com.br\/es\/"},{"@type":"ListItem","position":2,"name":"Tienda","item":"https:\/\/abix.com.br\/loja\/"},{"@type":"ListItem","position":3,"name":"REPETIDOR MOTOTRBO &#8211; MTR3000"}]},{"@type":"WebSite","@id":"https:\/\/abix.com.br\/#website","url":"https:\/\/abix.com.br\/","name":"Abix","description":"","potentialAction":[{"@type":"SearchAction","target":{"@type":"EntryPoint","urlTemplate":"https:\/\/abix.com.br\/?s={search_term_string}"},"query-input":{"@type":"PropertyValueSpecification","valueRequired":true,"valueName":"search_term_string"}}],"inLanguage":"es"}]}},"_links":{"self":[{"href":"https:\/\/abix.com.br\/es\/wp-json\/wp\/v2\/product\/19611","targetHints":{"allow":["GET"]}}],"collection":[{"href":"https:\/\/abix.com.br\/es\/wp-json\/wp\/v2\/product"}],"about":[{"href":"https:\/\/abix.com.br\/es\/wp-json\/wp\/v2\/types\/product"}],"replies":[{"embeddable":true,"href":"https:\/\/abix.com.br\/es\/wp-json\/wp\/v2\/comments?post=19611"}],"wp:featuredmedia":[{"embeddable":true,"href":"https:\/\/abix.com.br\/es\/wp-json\/wp\/v2\/media\/10305"}],"wp:attachment":[{"href":"https:\/\/abix.com.br\/es\/wp-json\/wp\/v2\/media?parent=19611"}],"wp:term":[{"taxonomy":"product_brand","embeddable":true,"href":"https:\/\/abix.com.br\/es\/wp-json\/wp\/v2\/product_brand?post=19611"},{"taxonomy":"product_cat","embeddable":true,"href":"https:\/\/abix.com.br\/es\/wp-json\/wp\/v2\/product_cat?post=19611"},{"taxonomy":"product_tag","embeddable":true,"href":"https:\/\/abix.com.br\/es\/wp-json\/wp\/v2\/product_tag?post=19611"}],"curies":[{"name":"wp","href":"https:\/\/api.w.org\/{rel}","templated":true}]}}