{"id":19613,"date":"2020-05-29T14:49:32","date_gmt":"2020-05-29T17:49:32","guid":{"rendered":"https:\/\/abix.com.br\/produto\/radio-movil-analogica-em400\/"},"modified":"2023-10-19T17:58:14","modified_gmt":"2023-10-19T20:58:14","slug":"radio-movil-analogica-em400","status":"publish","type":"product","link":"https:\/\/abix.com.br\/es\/produto\/radio-movil-analogica-em400\/","title":{"rendered":"RADIO M\u00d3VIL ANAL\u00d3GICA &#8211; EM400"},"content":{"rendered":"\n\t<section class=\"section\" id=\"section_1780687941\">\n\t\t<div class=\"section-bg fill\" >\n\t\t\t\t\t\t\t\t\t\n\t\t\t\n\n\t\t<\/div>\n\n\t\t\n\n\t\t<div class=\"section-content relative\">\n\t\t\t\n<div class=\"row\"  id=\"row-512768337\">\n\n\t<div id=\"col-761473693\" class=\"col small-12 large-12\"  >\n\t\t\t\t<div class=\"col-inner\"  >\n\t\t\t\n\t\t\t\n<div class=\"row\"  id=\"row-682542026\">\n\n\t<div id=\"col-1568679042\" class=\"col small-12 large-12\"  >\n\t\t\t\t<div class=\"col-inner\"  >\n\t\t\t\n\t\t\t\n\n\t\t<div class=\"tabbed-content locacao-tabs\">\n\t\t\t\n\t\t\t<ul class=\"nav nav-tabs nav-normal nav-size-xlarge nav-left active-on-hover\" role=\"tablist\"><li id=\"tab-informaci\u00d3n\" class=\"tab active has-icon\" role=\"presentation\"><a href=\"#tab_informaci\u00d3n\" role=\"tab\" aria-selected=\"true\" aria-controls=\"tab_informaci\u00d3n\"><span>INFORMACI\u00d3N<\/span><\/a><\/li>\n<li id=\"tab-accesorios\" class=\"tab has-icon\" role=\"presentation\"><a href=\"#tab_accesorios\" tabindex=\"-1\" role=\"tab\" aria-selected=\"false\" aria-controls=\"tab_accesorios\"><span>ACCESORIOS<\/span><\/a><\/li>\n<li id=\"tab-descargas\" class=\"tab has-icon\" role=\"presentation\"><a href=\"#tab_descargas\" tabindex=\"-1\" role=\"tab\" aria-selected=\"false\" aria-controls=\"tab_descargas\"><span>DESCARGAS<\/span><\/a><\/li>\n<li id=\"tab-especificaciones\" class=\"tab has-icon\" role=\"presentation\"><a href=\"#tab_especificaciones\" tabindex=\"-1\" role=\"tab\" aria-selected=\"false\" aria-controls=\"tab_especificaciones\"><span>ESPECIFICACIONES<\/span><\/a><\/li><\/ul><div class=\"tab-panels\"><div id=\"tab_informaci\u00d3n\" class=\"panel active entry-content\" role=\"tabpanel\" aria-labelledby=\"tab-informaci\u00d3n\">\n<div class=\"row\"  id=\"row-1080113833\">\n\n\t<div id=\"col-461002487\" class=\"col medium-6 small-12 large-6\"  >\n\t\t\t\t<div class=\"col-inner\"  >\n\t\t\t\n\t\t\t\n<p><strong>PANTALLA ALFANUM\u00c9RICA DE 8 CARACTERES<\/strong><\/p>\n<p>Con iconos f\u00e1ciles de entender, ofrecen informaci\u00f3n sobre el estado de funciones como la exploraci\u00f3n, la potencia alta\/baja y la intensidad de la se\u00f1al recibida.<\/p>\n<p><strong>EXPLORACI\u00d3N DE DOBLE PRIORIDAD<\/strong><\/p>\n<p>Permite supervisar las comunicaciones en diferentes canales sin tener que cambiar manualmente de canal. Adem\u00e1s, si hay uno o dos canales m\u00e1s importantes que los dem\u00e1s, puedes supervisarlos con m\u00e1s frecuencia.<\/p>\n<p><b>32 CANALES<\/b><\/p>\n<p>Organice sus equipos de trabajo en varios grupos de conversaci\u00f3n individuales. Una herramienta ideal para operaciones complejas en las que la comunicaci\u00f3n entre distintos equipos es esencial.<\/p>\n<p><b>4 BOTONES PROGRAMABLES<\/b><\/p>\n<p>Programe las funciones m\u00e1s utilizadas para acceder a ellas al instante con s\u00f3lo pulsar un bot\u00f3n.<\/p>\n<div class=\"richtexteditor parbase\">\n<p><b>CONVOCATORIA SELECTIVA<\/b><\/p>\n<p>La funci\u00f3n de llamada privada limitada le permite seleccionar el usuario al que desea enviar la informaci\u00f3n. Organizar la informaci\u00f3n de las personas del equipo previamente seleccionadas.<\/p>\n<p><b>MDC LLAMA DE ALERTA<\/b><\/p>\n<p>Una amplia gama de capacidades de se\u00f1alizaci\u00f3n le permite comunicarse con el centro de despacho mediante reconocimiento ac\u00fastico y visual. Estas funciones pueden utilizarse para se\u00f1alar discretamente situaciones de emergencia y supervisar eficazmente grupos de trabajo.<\/p>\n<p><b>TRANSMISI\u00d3N INTEGRADA ACTIVADA POR VOZ (VOX)<\/b><\/p>\n<p>Habla y escucha la conversaci\u00f3n por radio en modo manos libres (con el accesorio de audio adecuado).<\/p>\n<\/div>\n\t\t<\/div>\n\t\t\t\t\t<\/div>\n\n\t\n\n\t<div id=\"col-376607497\" class=\"col medium-6 small-12 large-6\"  >\n\t\t\t\t<div class=\"col-inner text-left\"  >\n\t\t\t\n\t\t\t\n\t\t<\/div>\n\t\t\t\t\t<\/div>\n\n\t\n<\/div>\n<\/div>\n<div id=\"tab_accesorios\" class=\"panel entry-content\" role=\"tabpanel\" aria-labelledby=\"tab-accesorios\">\n<div class=\"row align-middle\"  id=\"row-1446363881\">\n\n\t<div id=\"col-645355169\" class=\"col medium-10 small-12 large-10\"  >\n\t\t\t\t<div class=\"col-inner\"  >\n\t\t\t\n\t\t\t\n<p>CONTENIDO<\/p>\n\t\t<\/div>\n\t\t\t\t\t<\/div>\n\n\t\n\n\t<div id=\"col-191172236\" class=\"col medium-2 small-12 large-2\"  >\n\t\t\t\t<div class=\"col-inner\"  >\n\t\t\t\n\t\t\t\n\t\t<\/div>\n\t\t\t\t\t<\/div>\n\n\t\n<\/div>\n<\/div>\n<div id=\"tab_descargas\" class=\"panel entry-content\" role=\"tabpanel\" aria-labelledby=\"tab-descargas\">\n<div class=\"row\"  id=\"row-1111926608\">\n\n\t<div id=\"col-1304439098\" class=\"col medium-10 small-12 large-10\"  >\n\t\t\t\t<div class=\"col-inner\"  >\n\t\t\t\n\t\t\t\n<p><a href=\"https:\/\/www.abix.com.br\/wp-content\/uploads\/Ficha-EM400.pdf\">Ficha t\u00e9cnica del EM400<\/a><\/p>\n\t\t<\/div>\n\t\t\t\t\t<\/div>\n\n\t\n<\/div>\n<\/div>\n<div id=\"tab_especificaciones\" class=\"panel entry-content\" role=\"tabpanel\" aria-labelledby=\"tab-especificaciones\">\n<div class=\"row\"  id=\"row-1578678217\">\n\n\t<div id=\"col-1050763225\" class=\"col medium-9 small-12 large-9\"  >\n\t\t\t\t<div class=\"col-inner\"  >\n\t\t\t\n\t\t\t\n<h3>INFORMACI\u00d3N T\u00c9CNICA<\/h3>\n<ul>\n<li>32 canales<\/li>\n<li>Pantalla alfanum\u00e9rica de 8 caracteres<\/li>\n<li>Eliminaci\u00f3n de canales ruidosos<\/li>\n<li>Escaneado de doble prioridad<\/li>\n<li>Bloqueo de canales ocupados<\/li>\n<li>Repetidor \/ Comunicaci\u00f3n directa<\/li>\n<li>Compresi\u00f3n de voz (X-Pand \u2122)<\/li>\n<li>Transmisi\u00f3n interna activada por voz (VOX)<\/li>\n<li>Limitador de tiempo de transmisi\u00f3n<\/li>\n<li>CSQ \/ PL \/ DPL \/ inv-DPL<\/li>\n<li>Escalert<\/li>\n<li>Se\u00f1alizaci\u00f3n MDC-1200<\/li>\n<li>PTT-ID (enviar \/ recibir)<\/li>\n<li>Comprobaci\u00f3n de la radio (recepci\u00f3n)<\/li>\n<li>Emergencia (env\u00edo)<\/li>\n<li>Inhibici\u00f3n selectiva de radio (recepci\u00f3n)<\/li>\n<li>Llamada selectiva (enviar \/ recibir)<\/li>\n<li>Alerta de llamada (recepci\u00f3n)<\/li>\n<li>Se\u00f1alizaci\u00f3n Quik-Call II<\/li>\n<li>Alerta de llamada (enviar \/ recibir)<\/li>\n<li>Llamada selectiva (enviar \/ recibir)<\/li>\n<li>Se\u00f1alizaci\u00f3n DTMF<\/li>\n<li>PTT-ID (enviar)<\/li>\n<li>Alerta de llamada (enviar)<\/li>\n<li>Llamada selectiva (env\u00edo)<\/li>\n<li>4 botones programables<\/li>\n<li>Puerta para placas opcionales<\/li>\n<\/ul>\n<h3>CARACTER\u00cdSTICAS F\u00cdSICAS<\/h3>\n<ul>\n<li><strong>Dimensiones<\/strong><\/li>\n<\/ul>\n<p>44 mm x 169 mm x 118 mm<\/p>\n<ul>\n<li><strong>Peso<\/strong><\/li>\n<\/ul>\n<p>1,02 kg<\/p>\n<h3>RECURSOS RADIOF\u00d3NICOS<\/h3>\n<ul>\n<li><strong>Canales<\/strong><\/li>\n<\/ul>\n<p>32 canales convencionales<\/p>\n<h3>ENTORNO DE USUARIO<\/h3>\n<ul>\n<li><strong>Especificaciones militares<\/strong><\/li>\n<\/ul>\n<p>810 C, 810D, 810E,<\/p>\n\t\t<\/div>\n\t\t\t\t\t<\/div>\n\n\t\n<\/div>\n<\/div><\/div><\/div>\n\t\t<\/div>\n\t\t\t\t\t<\/div>\n\n\t\n<\/div>\n\t\t<\/div>\n\t\t\t\t\t<\/div>\n\n\t\n<\/div>\n\t\t<\/div>\n\n\t\t\n<style>\n#section_1780687941 {\n  padding-top: 0px;\n  padding-bottom: 0px;\n}\n<\/style>\n\t<\/section>\n\t\n","protected":false},"excerpt":{"rendered":"<p style=\"text-align: justify;\">El dise\u00f1o compacto e innovador de la radio m\u00f3vil EM400 garantiza su calidad. Todo el dinamismo de la comunicaci\u00f3n para coordinar el trabajo a distancia.<\/p>\n<p style=\"text-align: justify;\">La radio EM400 tiene varias caracter\u00edsticas que destacan sus prestaciones: 32 canales, pantalla alfanum\u00e9rica de 8 caracteres, PTT-ID (env\u00edo\/recepci\u00f3n), inhibici\u00f3n selectiva de radio, escaneo de doble prioridad, VOX integrado, entre otras. Una nueva soluci\u00f3n a su alcance.<\/p>\n","protected":false},"featured_media":10282,"comment_status":"closed","ping_status":"closed","template":"","meta":[],"product_brand":[],"product_cat":[155,157,163],"product_tag":[],"class_list":{"0":"post-19613","1":"product","2":"type-product","3":"status-publish","4":"has-post-thumbnail","6":"product_cat-linea-profesional","7":"product_cat-motorola-es","8":"product_cat-radios-analogicas","10":"first","11":"instock","12":"shipping-taxable","13":"product-type-simple"},"yoast_head":"<!-- This site is optimized with the Yoast SEO plugin v27.4 - https:\/\/yoast.com\/product\/yoast-seo-wordpress\/ -->\n<title>EM400 RADIO M\u00d3VIL ANAL\u00d3GICA - Abix Tecnologia<\/title>\n<meta name=\"description\" content=\"El dise\u00f1o compacto e innovador de la radio m\u00f3vil EM400 garantiza su calidad. Todo el dinamismo de la comunicaci\u00f3n para coordinar el trabajo a distancia.\" \/>\n<meta name=\"robots\" content=\"index, follow, max-snippet:-1, max-image-preview:large, max-video-preview:-1\" \/>\n<link rel=\"canonical\" href=\"https:\/\/abix.com.br\/produto\/em400\/\" \/>\n<meta property=\"og:locale\" content=\"es_ES\" \/>\n<meta property=\"og:type\" content=\"article\" \/>\n<meta property=\"og:title\" content=\"EM400 RADIO M\u00d3VIL ANAL\u00d3GICA - Abix Tecnologia\" \/>\n<meta property=\"og:description\" content=\"El dise\u00f1o compacto e innovador de la radio m\u00f3vil EM400 garantiza su calidad. Todo el dinamismo de la comunicaci\u00f3n para coordinar el trabajo a distancia.\" \/>\n<meta property=\"og:url\" content=\"https:\/\/abix.com.br\/produto\/em400\/\" \/>\n<meta property=\"og:site_name\" content=\"Abix\" \/>\n<meta property=\"article:modified_time\" content=\"2023-10-19T20:58:14+00:00\" \/>\n<meta property=\"og:image\" content=\"https:\/\/abix.com.br\/wp-content\/uploads\/2020\/05\/EM200.jpg\" \/>\n\t<meta property=\"og:image:width\" content=\"657\" \/>\n\t<meta property=\"og:image:height\" content=\"332\" \/>\n\t<meta property=\"og:image:type\" content=\"image\/jpeg\" \/>\n<meta name=\"twitter:card\" content=\"summary_large_image\" \/>\n<meta name=\"twitter:label1\" content=\"Tiempo de lectura\" \/>\n\t<meta name=\"twitter:data1\" content=\"2 minutos\" \/>\n<script type=\"application\/ld+json\" class=\"yoast-schema-graph\">{\"@context\":\"https:\\\/\\\/schema.org\",\"@graph\":[{\"@type\":\"WebPage\",\"@id\":\"https:\\\/\\\/abix.com.br\\\/produto\\\/em400\\\/\",\"url\":\"https:\\\/\\\/abix.com.br\\\/produto\\\/em400\\\/\",\"name\":\"EM400 RADIO M\u00d3VIL ANAL\u00d3GICA - Abix Tecnologia\",\"isPartOf\":{\"@id\":\"https:\\\/\\\/abix.com.br\\\/#website\"},\"primaryImageOfPage\":{\"@id\":\"https:\\\/\\\/abix.com.br\\\/produto\\\/em400\\\/#primaryimage\"},\"image\":{\"@id\":\"https:\\\/\\\/abix.com.br\\\/produto\\\/em400\\\/#primaryimage\"},\"thumbnailUrl\":\"https:\\\/\\\/abix.com.br\\\/wp-content\\\/uploads\\\/2020\\\/05\\\/EM200.jpg\",\"datePublished\":\"2020-05-29T17:49:32+00:00\",\"dateModified\":\"2023-10-19T20:58:14+00:00\",\"description\":\"El dise\u00f1o compacto e innovador de la radio m\u00f3vil EM400 garantiza su calidad. Todo el dinamismo de la comunicaci\u00f3n para coordinar el trabajo a distancia.\",\"breadcrumb\":{\"@id\":\"https:\\\/\\\/abix.com.br\\\/produto\\\/em400\\\/#breadcrumb\"},\"inLanguage\":\"es\",\"potentialAction\":[{\"@type\":\"ReadAction\",\"target\":[\"https:\\\/\\\/abix.com.br\\\/produto\\\/em400\\\/\"]}]},{\"@type\":\"ImageObject\",\"inLanguage\":\"es\",\"@id\":\"https:\\\/\\\/abix.com.br\\\/produto\\\/em400\\\/#primaryimage\",\"url\":\"https:\\\/\\\/abix.com.br\\\/wp-content\\\/uploads\\\/2020\\\/05\\\/EM200.jpg\",\"contentUrl\":\"https:\\\/\\\/abix.com.br\\\/wp-content\\\/uploads\\\/2020\\\/05\\\/EM200.jpg\",\"width\":657,\"height\":332,\"caption\":\"r\u00e1dio m\u00f3vel EM400\"},{\"@type\":\"BreadcrumbList\",\"@id\":\"https:\\\/\\\/abix.com.br\\\/produto\\\/em400\\\/#breadcrumb\",\"itemListElement\":[{\"@type\":\"ListItem\",\"position\":1,\"name\":\"In\u00edcio\",\"item\":\"https:\\\/\\\/abix.com.br\\\/es\\\/\"},{\"@type\":\"ListItem\",\"position\":2,\"name\":\"Tienda\",\"item\":\"https:\\\/\\\/abix.com.br\\\/loja\\\/\"},{\"@type\":\"ListItem\",\"position\":3,\"name\":\"RADIO M\u00d3VIL ANAL\u00d3GICA &#8211; EM400\"}]},{\"@type\":\"WebSite\",\"@id\":\"https:\\\/\\\/abix.com.br\\\/#website\",\"url\":\"https:\\\/\\\/abix.com.br\\\/\",\"name\":\"Abix\",\"description\":\"\",\"potentialAction\":[{\"@type\":\"SearchAction\",\"target\":{\"@type\":\"EntryPoint\",\"urlTemplate\":\"https:\\\/\\\/abix.com.br\\\/?s={search_term_string}\"},\"query-input\":{\"@type\":\"PropertyValueSpecification\",\"valueRequired\":true,\"valueName\":\"search_term_string\"}}],\"inLanguage\":\"es\"}]}<\/script>\n<!-- \/ Yoast SEO plugin. -->","yoast_head_json":{"title":"EM400 RADIO M\u00d3VIL ANAL\u00d3GICA - Abix Tecnologia","description":"El dise\u00f1o compacto e innovador de la radio m\u00f3vil EM400 garantiza su calidad. Todo el dinamismo de la comunicaci\u00f3n para coordinar el trabajo a distancia.","robots":{"index":"index","follow":"follow","max-snippet":"max-snippet:-1","max-image-preview":"max-image-preview:large","max-video-preview":"max-video-preview:-1"},"canonical":"https:\/\/abix.com.br\/produto\/em400\/","og_locale":"es_ES","og_type":"article","og_title":"EM400 RADIO M\u00d3VIL ANAL\u00d3GICA - Abix Tecnologia","og_description":"El dise\u00f1o compacto e innovador de la radio m\u00f3vil EM400 garantiza su calidad. Todo el dinamismo de la comunicaci\u00f3n para coordinar el trabajo a distancia.","og_url":"https:\/\/abix.com.br\/produto\/em400\/","og_site_name":"Abix","article_modified_time":"2023-10-19T20:58:14+00:00","og_image":[{"width":657,"height":332,"url":"https:\/\/abix.com.br\/wp-content\/uploads\/2020\/05\/EM200.jpg","type":"image\/jpeg"}],"twitter_card":"summary_large_image","twitter_misc":{"Tiempo de lectura":"2 minutos"},"schema":{"@context":"https:\/\/schema.org","@graph":[{"@type":"WebPage","@id":"https:\/\/abix.com.br\/produto\/em400\/","url":"https:\/\/abix.com.br\/produto\/em400\/","name":"EM400 RADIO M\u00d3VIL ANAL\u00d3GICA - Abix Tecnologia","isPartOf":{"@id":"https:\/\/abix.com.br\/#website"},"primaryImageOfPage":{"@id":"https:\/\/abix.com.br\/produto\/em400\/#primaryimage"},"image":{"@id":"https:\/\/abix.com.br\/produto\/em400\/#primaryimage"},"thumbnailUrl":"https:\/\/abix.com.br\/wp-content\/uploads\/2020\/05\/EM200.jpg","datePublished":"2020-05-29T17:49:32+00:00","dateModified":"2023-10-19T20:58:14+00:00","description":"El dise\u00f1o compacto e innovador de la radio m\u00f3vil EM400 garantiza su calidad. Todo el dinamismo de la comunicaci\u00f3n para coordinar el trabajo a distancia.","breadcrumb":{"@id":"https:\/\/abix.com.br\/produto\/em400\/#breadcrumb"},"inLanguage":"es","potentialAction":[{"@type":"ReadAction","target":["https:\/\/abix.com.br\/produto\/em400\/"]}]},{"@type":"ImageObject","inLanguage":"es","@id":"https:\/\/abix.com.br\/produto\/em400\/#primaryimage","url":"https:\/\/abix.com.br\/wp-content\/uploads\/2020\/05\/EM200.jpg","contentUrl":"https:\/\/abix.com.br\/wp-content\/uploads\/2020\/05\/EM200.jpg","width":657,"height":332,"caption":"r\u00e1dio m\u00f3vel EM400"},{"@type":"BreadcrumbList","@id":"https:\/\/abix.com.br\/produto\/em400\/#breadcrumb","itemListElement":[{"@type":"ListItem","position":1,"name":"In\u00edcio","item":"https:\/\/abix.com.br\/es\/"},{"@type":"ListItem","position":2,"name":"Tienda","item":"https:\/\/abix.com.br\/loja\/"},{"@type":"ListItem","position":3,"name":"RADIO M\u00d3VIL ANAL\u00d3GICA &#8211; EM400"}]},{"@type":"WebSite","@id":"https:\/\/abix.com.br\/#website","url":"https:\/\/abix.com.br\/","name":"Abix","description":"","potentialAction":[{"@type":"SearchAction","target":{"@type":"EntryPoint","urlTemplate":"https:\/\/abix.com.br\/?s={search_term_string}"},"query-input":{"@type":"PropertyValueSpecification","valueRequired":true,"valueName":"search_term_string"}}],"inLanguage":"es"}]}},"_links":{"self":[{"href":"https:\/\/abix.com.br\/es\/wp-json\/wp\/v2\/product\/19613","targetHints":{"allow":["GET"]}}],"collection":[{"href":"https:\/\/abix.com.br\/es\/wp-json\/wp\/v2\/product"}],"about":[{"href":"https:\/\/abix.com.br\/es\/wp-json\/wp\/v2\/types\/product"}],"replies":[{"embeddable":true,"href":"https:\/\/abix.com.br\/es\/wp-json\/wp\/v2\/comments?post=19613"}],"wp:featuredmedia":[{"embeddable":true,"href":"https:\/\/abix.com.br\/es\/wp-json\/wp\/v2\/media\/10282"}],"wp:attachment":[{"href":"https:\/\/abix.com.br\/es\/wp-json\/wp\/v2\/media?parent=19613"}],"wp:term":[{"taxonomy":"product_brand","embeddable":true,"href":"https:\/\/abix.com.br\/es\/wp-json\/wp\/v2\/product_brand?post=19613"},{"taxonomy":"product_cat","embeddable":true,"href":"https:\/\/abix.com.br\/es\/wp-json\/wp\/v2\/product_cat?post=19613"},{"taxonomy":"product_tag","embeddable":true,"href":"https:\/\/abix.com.br\/es\/wp-json\/wp\/v2\/product_tag?post=19613"}],"curies":[{"name":"wp","href":"https:\/\/api.w.org\/{rel}","templated":true}]}}