{"id":19615,"date":"2020-05-28T19:09:34","date_gmt":"2020-05-28T22:09:34","guid":{"rendered":"https:\/\/abix.com.br\/produto\/radio-movil-analogica-pro5100\/"},"modified":"2023-10-19T17:59:58","modified_gmt":"2023-10-19T20:59:58","slug":"radio-movil-analogica-pro5100","status":"publish","type":"product","link":"https:\/\/abix.com.br\/es\/produto\/radio-movil-analogica-pro5100\/","title":{"rendered":"RADIO M\u00d3VIL ANAL\u00d3GICA &#8211; PRO5100"},"content":{"rendered":"\n\t<section class=\"section\" id=\"section_1314699673\">\n\t\t<div class=\"section-bg fill\" >\n\t\t\t\t\t\t\t\t\t\n\t\t\t\n\n\t\t<\/div>\n\n\t\t\n\n\t\t<div class=\"section-content relative\">\n\t\t\t\n<div class=\"row\"  id=\"row-1270420777\">\n\n\t<div id=\"col-1322181961\" class=\"col small-12 large-12\"  >\n\t\t\t\t<div class=\"col-inner\"  >\n\t\t\t\n\t\t\t\n<div class=\"row\"  id=\"row-1737701417\">\n\n\t<div id=\"col-929381242\" class=\"col small-12 large-12\"  >\n\t\t\t\t<div class=\"col-inner\"  >\n\t\t\t\n\t\t\t\n\n\t\t<div class=\"tabbed-content locacao-tabs\">\n\t\t\t\n\t\t\t<ul class=\"nav nav-tabs nav-normal nav-size-xlarge nav-left active-on-hover\" role=\"tablist\"><li id=\"tab-informaci\u00d3n\" class=\"tab active has-icon\" role=\"presentation\"><a href=\"#tab_informaci\u00d3n\" role=\"tab\" aria-selected=\"true\" aria-controls=\"tab_informaci\u00d3n\"><span>INFORMACI\u00d3N<\/span><\/a><\/li>\n<li id=\"tab-accesorios\" class=\"tab has-icon\" role=\"presentation\"><a href=\"#tab_accesorios\" tabindex=\"-1\" role=\"tab\" aria-selected=\"false\" aria-controls=\"tab_accesorios\"><span>ACCESORIOS<\/span><\/a><\/li>\n<li id=\"tab-descargas\" class=\"tab has-icon\" role=\"presentation\"><a href=\"#tab_descargas\" tabindex=\"-1\" role=\"tab\" aria-selected=\"false\" aria-controls=\"tab_descargas\"><span>DESCARGAS<\/span><\/a><\/li>\n<li id=\"tab-especificaciones\" class=\"tab has-icon\" role=\"presentation\"><a href=\"#tab_especificaciones\" tabindex=\"-1\" role=\"tab\" aria-selected=\"false\" aria-controls=\"tab_especificaciones\"><span>ESPECIFICACIONES<\/span><\/a><\/li><\/ul><div class=\"tab-panels\"><div id=\"tab_informaci\u00d3n\" class=\"panel active entry-content\" role=\"tabpanel\" aria-labelledby=\"tab-informaci\u00d3n\">\n<div class=\"row\"  id=\"row-1588638900\">\n\n\t<div id=\"col-1329965664\" class=\"col medium-6 small-12 large-6\"  >\n\t\t\t\t<div class=\"col-inner\"  >\n\t\t\t\n\t\t\t\n<p><strong>15 ZONAS TRONCALES CON 16 GRUPOS DE CONVERSACI\u00d3N<\/strong><\/p>\n<p>Mejore la eficacia de cualquier sistema LTR con funcionamiento troncalizado.<\/p>\n<p><strong>FUNCIONES DE SE\u00d1ALIZACI\u00d3N MDC<\/strong><\/p>\n<p>Las funciones de se\u00f1alizaci\u00f3n MDC exclusivas de Motorola incluyen llamada selectiva y alerta de llamada. Adem\u00e1s, la radio m\u00f3vil PRO5100 admite verificaci\u00f3n de radio, identificaci\u00f3n de llamada (PTT-ID) e inhibici\u00f3n selectiva de radio, para una comunicaci\u00f3n eficaz entre grupos de trabajo.<\/p>\n<p><strong>PANTALLA ALFANUM\u00c9RICA DE 14 CARACTERES<\/strong><\/p>\n<p>Unos iconos f\u00e1ciles de entender indican el estado de funciones como la exploraci\u00f3n, la potencia alta\/baja y la intensidad de la se\u00f1al recibida.<\/p>\n<p><strong>EXPLORACI\u00d3N DE DOBLE PRIORIDAD<\/strong><\/p>\n<p>Utilice esta funci\u00f3n para situaciones en las que necesite supervisar uno o dos grupos de trabajo con m\u00e1s frecuencia que el resto.<\/p>\n<div class=\"richtexteditor parbase\">\n<p><b>INTENSIDAD DE LA SE\u00d1AL DE RADIO<\/b><\/p>\n<p>Un icono en la pantalla muestra la intensidad de la se\u00f1al recibida por la radio; 5 barras indican la se\u00f1al m\u00e1s alta.<\/p>\n<p><b>ESCALERA<\/b><\/p>\n<p>Cuando est\u00e1s recibiendo una llamada selectiva o una Alerta de llamada, el sonido aumenta gradualmente hasta que respondes a la llamada.<\/p>\n<p><b>ALARMA DE EMERGENCIA<\/b><\/p>\n<p>La radio puede programarse para proporcionarle un acceso r\u00e1pido con s\u00f3lo pulsar un bot\u00f3n para notificar al operador de despacho en una situaci\u00f3n de emergencia.<\/p>\n<p><b>INTERROGACI\u00d3N AUTOM\u00c1TICA POR RADIO<\/b><\/p>\n<p>Permite saber si la radio est\u00e1 encendida y dentro de la cobertura del sistema sin molestar al usuario.<\/p>\n<\/div>\n\t\t<\/div>\n\t\t\t\t\t<\/div>\n\n\t\n\n\t<div id=\"col-1103380012\" class=\"col medium-6 small-12 large-6\"  >\n\t\t\t\t<div class=\"col-inner text-left\"  >\n\t\t\t\n\t\t\t\n\t\t<\/div>\n\t\t\t\t\t<\/div>\n\n\t\n<\/div>\n<\/div>\n<div id=\"tab_accesorios\" class=\"panel entry-content\" role=\"tabpanel\" aria-labelledby=\"tab-accesorios\">\n<div class=\"row align-middle\"  id=\"row-139624881\">\n\n\t<div id=\"col-126869738\" class=\"col medium-10 small-12 large-10\"  >\n\t\t\t\t<div class=\"col-inner\"  >\n\t\t\t\n\t\t\t\n<p>CONTENIDO<\/p>\n\t\t<\/div>\n\t\t\t\t\t<\/div>\n\n\t\n\n\t<div id=\"col-673886967\" class=\"col medium-2 small-12 large-2\"  >\n\t\t\t\t<div class=\"col-inner\"  >\n\t\t\t\n\t\t\t\n\t\t<\/div>\n\t\t\t\t\t<\/div>\n\n\t\n<\/div>\n<\/div>\n<div id=\"tab_descargas\" class=\"panel entry-content\" role=\"tabpanel\" aria-labelledby=\"tab-descargas\">\n<div class=\"row\"  id=\"row-1772364777\">\n\n\t<div id=\"col-616387325\" class=\"col medium-10 small-12 large-10\"  >\n\t\t\t\t<div class=\"col-inner\"  >\n\t\t\t\n\t\t\t\n<p><a href=\"https:\/\/www.abix.com.br\/wp-content\/uploads\/Ficha-PRO5100.pdf\">Hoja de datos PRO5100<\/a><\/p>\n\t\t<\/div>\n\t\t\t\t\t<\/div>\n\n\t\n<\/div>\n<\/div>\n<div id=\"tab_especificaciones\" class=\"panel entry-content\" role=\"tabpanel\" aria-labelledby=\"tab-especificaciones\">\n<div class=\"row\"  id=\"row-16890261\">\n\n\t<div id=\"col-1911459596\" class=\"col medium-9 small-12 large-9\"  >\n\t\t\t\t<div class=\"col-inner\"  >\n\t\t\t\n\t\t\t\n<h3>CARACTER\u00cdSTICA DE RENDIMIENTO<\/h3>\n<ul>\n<li><strong>Gama de frecuencias<\/strong><\/li>\n<\/ul>\n<p>136-174 MHz<\/p>\n<p>403-470 MHz<\/p>\n<p>450-527 MHz<\/p>\n<p>450-520 MHz<\/p>\n<h3>ENTORNO DE USUARIO<\/h3>\n<ul>\n<li><strong>Especificaciones militares<\/strong><\/li>\n<\/ul>\n<p>810 C, 810D, 810E,<\/p>\n<h3>CARACTER\u00cdSTICAS F\u00cdSICAS<\/h3>\n<ul>\n<li><strong>Dimensiones<\/strong><\/li>\n<\/ul>\n<p>186 mm x 179 mm x 59 mm<\/p>\n<ul>\n<li><strong>Peso<\/strong><\/li>\n<\/ul>\n<p>1,43 kg<\/p>\n<h3>RECURSOS RADIOF\u00d3NICOS<\/h3>\n<ul>\n<li><strong>Canales<\/strong><\/li>\n<\/ul>\n<p>64 canales convencionales<\/p>\n<ul>\n<li><strong>Zonas<\/strong><\/li>\n<\/ul>\n<p>16 zonas troncales<\/p>\n\t\t<\/div>\n\t\t\t\t\t<\/div>\n\n\t\n<\/div>\n<\/div><\/div><\/div>\n\t\t<\/div>\n\t\t\t\t\t<\/div>\n\n\t\n<\/div>\n\t\t<\/div>\n\t\t\t\t\t<\/div>\n\n\t\n<\/div>\n\t\t<\/div>\n\n\t\t\n<style>\n#section_1314699673 {\n  padding-top: 0px;\n  padding-bottom: 0px;\n}\n<\/style>\n\t<\/section>\n\t\n","protected":false},"excerpt":{"rendered":"<p style=\"text-align: justify;\">Ideal para organizaciones que necesitan una comunicaci\u00f3n est\u00e1ndar, la radio PRO5100 ofrece una funcionalidad sencilla y de alto rendimiento.<\/p>\n<p style=\"text-align: justify;\">Las funciones de se\u00f1alizaci\u00f3n le permiten realizar llamadas individuales o de grupo, identificar a los interlocutores, avisar a otros de que est\u00e1 intentando ponerse en contacto con ellos aunque est\u00e9n lejos de sus veh\u00edculos o enviar una llamada de socorro en situaciones de emergencia. Eficiente y rentable, el trunking LTR proporciona un campo de llamada m\u00e1s amplio, un acceso m\u00e1s r\u00e1pido a los canales, mayor privacidad y m\u00e1s capacidad para usuarios y grupos de trabajo La pr\u00e1ctica radio PRO5100 ofrece un potente paquete p<\/p>\n","protected":false},"featured_media":10268,"comment_status":"closed","ping_status":"closed","template":"","meta":[],"product_brand":[],"product_cat":[155,157,163],"product_tag":[],"class_list":{"0":"post-19615","1":"product","2":"type-product","3":"status-publish","4":"has-post-thumbnail","6":"product_cat-linea-profesional","7":"product_cat-motorola-es","8":"product_cat-radios-analogicas","10":"first","11":"instock","12":"shipping-taxable","13":"product-type-simple"},"yoast_head":"<!-- This site is optimized with the Yoast SEO plugin v27.3 - https:\/\/yoast.com\/product\/yoast-seo-wordpress\/ -->\n<title>PRO5100 RADIO M\u00d3VIL ANAL\u00d3GICA - Abix Tecnologia<\/title>\n<meta name=\"description\" content=\"Ideal para organizaciones que necesitan una comunicaci\u00f3n est\u00e1ndar, la RADIO M\u00d3VIL ANAL\u00d3GICA PRO5100 ofrece una funcionalidad sencilla. Eche un vistazo.\" \/>\n<meta name=\"robots\" content=\"index, follow, max-snippet:-1, max-image-preview:large, max-video-preview:-1\" \/>\n<link rel=\"canonical\" href=\"https:\/\/abix.com.br\/produto\/pro5100\/\" \/>\n<meta property=\"og:locale\" content=\"es_ES\" \/>\n<meta property=\"og:type\" content=\"article\" \/>\n<meta property=\"og:title\" content=\"PRO5100 RADIO M\u00d3VIL ANAL\u00d3GICA - Abix Tecnologia\" \/>\n<meta property=\"og:description\" content=\"Ideal para organizaciones que necesitan una comunicaci\u00f3n est\u00e1ndar, la RADIO M\u00d3VIL ANAL\u00d3GICA PRO5100 ofrece una funcionalidad sencilla. Eche un vistazo.\" \/>\n<meta property=\"og:url\" content=\"https:\/\/abix.com.br\/produto\/pro5100\/\" \/>\n<meta property=\"og:site_name\" content=\"Abix\" \/>\n<meta property=\"article:modified_time\" content=\"2023-10-19T20:59:58+00:00\" \/>\n<meta property=\"og:image\" content=\"https:\/\/abix.com.br\/wp-content\/uploads\/2020\/05\/PRO5100.jpg\" \/>\n\t<meta property=\"og:image:width\" content=\"625\" \/>\n\t<meta property=\"og:image:height\" content=\"391\" \/>\n\t<meta property=\"og:image:type\" content=\"image\/jpeg\" \/>\n<meta name=\"twitter:card\" content=\"summary_large_image\" \/>\n<meta name=\"twitter:label1\" content=\"Tiempo de lectura\" \/>\n\t<meta name=\"twitter:data1\" content=\"2 minutos\" \/>\n<script type=\"application\/ld+json\" class=\"yoast-schema-graph\">{\"@context\":\"https:\\\/\\\/schema.org\",\"@graph\":[{\"@type\":\"WebPage\",\"@id\":\"https:\\\/\\\/abix.com.br\\\/produto\\\/pro5100\\\/\",\"url\":\"https:\\\/\\\/abix.com.br\\\/produto\\\/pro5100\\\/\",\"name\":\"PRO5100 RADIO M\u00d3VIL ANAL\u00d3GICA - Abix Tecnologia\",\"isPartOf\":{\"@id\":\"https:\\\/\\\/abix.com.br\\\/#website\"},\"primaryImageOfPage\":{\"@id\":\"https:\\\/\\\/abix.com.br\\\/produto\\\/pro5100\\\/#primaryimage\"},\"image\":{\"@id\":\"https:\\\/\\\/abix.com.br\\\/produto\\\/pro5100\\\/#primaryimage\"},\"thumbnailUrl\":\"https:\\\/\\\/abix.com.br\\\/wp-content\\\/uploads\\\/2020\\\/05\\\/PRO5100.jpg\",\"datePublished\":\"2020-05-28T22:09:34+00:00\",\"dateModified\":\"2023-10-19T20:59:58+00:00\",\"description\":\"Ideal para organizaciones que necesitan una comunicaci\u00f3n est\u00e1ndar, la RADIO M\u00d3VIL ANAL\u00d3GICA PRO5100 ofrece una funcionalidad sencilla. Eche un vistazo.\",\"breadcrumb\":{\"@id\":\"https:\\\/\\\/abix.com.br\\\/produto\\\/pro5100\\\/#breadcrumb\"},\"inLanguage\":\"es\",\"potentialAction\":[{\"@type\":\"ReadAction\",\"target\":[\"https:\\\/\\\/abix.com.br\\\/produto\\\/pro5100\\\/\"]}]},{\"@type\":\"ImageObject\",\"inLanguage\":\"es\",\"@id\":\"https:\\\/\\\/abix.com.br\\\/produto\\\/pro5100\\\/#primaryimage\",\"url\":\"https:\\\/\\\/abix.com.br\\\/wp-content\\\/uploads\\\/2020\\\/05\\\/PRO5100.jpg\",\"contentUrl\":\"https:\\\/\\\/abix.com.br\\\/wp-content\\\/uploads\\\/2020\\\/05\\\/PRO5100.jpg\",\"width\":625,\"height\":391,\"caption\":\"R\u00c1DIO M\u00d3VEL ANAL\u00d3GICO PRO5100\"},{\"@type\":\"BreadcrumbList\",\"@id\":\"https:\\\/\\\/abix.com.br\\\/produto\\\/pro5100\\\/#breadcrumb\",\"itemListElement\":[{\"@type\":\"ListItem\",\"position\":1,\"name\":\"In\u00edcio\",\"item\":\"https:\\\/\\\/abix.com.br\\\/es\\\/\"},{\"@type\":\"ListItem\",\"position\":2,\"name\":\"Tienda\",\"item\":\"https:\\\/\\\/abix.com.br\\\/loja\\\/\"},{\"@type\":\"ListItem\",\"position\":3,\"name\":\"RADIO M\u00d3VIL ANAL\u00d3GICA &#8211; PRO5100\"}]},{\"@type\":\"WebSite\",\"@id\":\"https:\\\/\\\/abix.com.br\\\/#website\",\"url\":\"https:\\\/\\\/abix.com.br\\\/\",\"name\":\"Abix\",\"description\":\"\",\"potentialAction\":[{\"@type\":\"SearchAction\",\"target\":{\"@type\":\"EntryPoint\",\"urlTemplate\":\"https:\\\/\\\/abix.com.br\\\/?s={search_term_string}\"},\"query-input\":{\"@type\":\"PropertyValueSpecification\",\"valueRequired\":true,\"valueName\":\"search_term_string\"}}],\"inLanguage\":\"es\"}]}<\/script>\n<!-- \/ Yoast SEO plugin. -->","yoast_head_json":{"title":"PRO5100 RADIO M\u00d3VIL ANAL\u00d3GICA - Abix Tecnologia","description":"Ideal para organizaciones que necesitan una comunicaci\u00f3n est\u00e1ndar, la RADIO M\u00d3VIL ANAL\u00d3GICA PRO5100 ofrece una funcionalidad sencilla. Eche un vistazo.","robots":{"index":"index","follow":"follow","max-snippet":"max-snippet:-1","max-image-preview":"max-image-preview:large","max-video-preview":"max-video-preview:-1"},"canonical":"https:\/\/abix.com.br\/produto\/pro5100\/","og_locale":"es_ES","og_type":"article","og_title":"PRO5100 RADIO M\u00d3VIL ANAL\u00d3GICA - Abix Tecnologia","og_description":"Ideal para organizaciones que necesitan una comunicaci\u00f3n est\u00e1ndar, la RADIO M\u00d3VIL ANAL\u00d3GICA PRO5100 ofrece una funcionalidad sencilla. Eche un vistazo.","og_url":"https:\/\/abix.com.br\/produto\/pro5100\/","og_site_name":"Abix","article_modified_time":"2023-10-19T20:59:58+00:00","og_image":[{"width":625,"height":391,"url":"https:\/\/abix.com.br\/wp-content\/uploads\/2020\/05\/PRO5100.jpg","type":"image\/jpeg"}],"twitter_card":"summary_large_image","twitter_misc":{"Tiempo de lectura":"2 minutos"},"schema":{"@context":"https:\/\/schema.org","@graph":[{"@type":"WebPage","@id":"https:\/\/abix.com.br\/produto\/pro5100\/","url":"https:\/\/abix.com.br\/produto\/pro5100\/","name":"PRO5100 RADIO M\u00d3VIL ANAL\u00d3GICA - Abix Tecnologia","isPartOf":{"@id":"https:\/\/abix.com.br\/#website"},"primaryImageOfPage":{"@id":"https:\/\/abix.com.br\/produto\/pro5100\/#primaryimage"},"image":{"@id":"https:\/\/abix.com.br\/produto\/pro5100\/#primaryimage"},"thumbnailUrl":"https:\/\/abix.com.br\/wp-content\/uploads\/2020\/05\/PRO5100.jpg","datePublished":"2020-05-28T22:09:34+00:00","dateModified":"2023-10-19T20:59:58+00:00","description":"Ideal para organizaciones que necesitan una comunicaci\u00f3n est\u00e1ndar, la RADIO M\u00d3VIL ANAL\u00d3GICA PRO5100 ofrece una funcionalidad sencilla. Eche un vistazo.","breadcrumb":{"@id":"https:\/\/abix.com.br\/produto\/pro5100\/#breadcrumb"},"inLanguage":"es","potentialAction":[{"@type":"ReadAction","target":["https:\/\/abix.com.br\/produto\/pro5100\/"]}]},{"@type":"ImageObject","inLanguage":"es","@id":"https:\/\/abix.com.br\/produto\/pro5100\/#primaryimage","url":"https:\/\/abix.com.br\/wp-content\/uploads\/2020\/05\/PRO5100.jpg","contentUrl":"https:\/\/abix.com.br\/wp-content\/uploads\/2020\/05\/PRO5100.jpg","width":625,"height":391,"caption":"R\u00c1DIO M\u00d3VEL ANAL\u00d3GICO PRO5100"},{"@type":"BreadcrumbList","@id":"https:\/\/abix.com.br\/produto\/pro5100\/#breadcrumb","itemListElement":[{"@type":"ListItem","position":1,"name":"In\u00edcio","item":"https:\/\/abix.com.br\/es\/"},{"@type":"ListItem","position":2,"name":"Tienda","item":"https:\/\/abix.com.br\/loja\/"},{"@type":"ListItem","position":3,"name":"RADIO M\u00d3VIL ANAL\u00d3GICA &#8211; PRO5100"}]},{"@type":"WebSite","@id":"https:\/\/abix.com.br\/#website","url":"https:\/\/abix.com.br\/","name":"Abix","description":"","potentialAction":[{"@type":"SearchAction","target":{"@type":"EntryPoint","urlTemplate":"https:\/\/abix.com.br\/?s={search_term_string}"},"query-input":{"@type":"PropertyValueSpecification","valueRequired":true,"valueName":"search_term_string"}}],"inLanguage":"es"}]}},"_links":{"self":[{"href":"https:\/\/abix.com.br\/es\/wp-json\/wp\/v2\/product\/19615","targetHints":{"allow":["GET"]}}],"collection":[{"href":"https:\/\/abix.com.br\/es\/wp-json\/wp\/v2\/product"}],"about":[{"href":"https:\/\/abix.com.br\/es\/wp-json\/wp\/v2\/types\/product"}],"replies":[{"embeddable":true,"href":"https:\/\/abix.com.br\/es\/wp-json\/wp\/v2\/comments?post=19615"}],"wp:featuredmedia":[{"embeddable":true,"href":"https:\/\/abix.com.br\/es\/wp-json\/wp\/v2\/media\/10268"}],"wp:attachment":[{"href":"https:\/\/abix.com.br\/es\/wp-json\/wp\/v2\/media?parent=19615"}],"wp:term":[{"taxonomy":"product_brand","embeddable":true,"href":"https:\/\/abix.com.br\/es\/wp-json\/wp\/v2\/product_brand?post=19615"},{"taxonomy":"product_cat","embeddable":true,"href":"https:\/\/abix.com.br\/es\/wp-json\/wp\/v2\/product_cat?post=19615"},{"taxonomy":"product_tag","embeddable":true,"href":"https:\/\/abix.com.br\/es\/wp-json\/wp\/v2\/product_tag?post=19615"}],"curies":[{"name":"wp","href":"https:\/\/api.w.org\/{rel}","templated":true}]}}