{"id":19616,"date":"2020-05-28T18:13:42","date_gmt":"2020-05-28T21:13:42","guid":{"rendered":"https:\/\/abix.com.br\/produto\/radio-movil-digital-xtl5000\/"},"modified":"2023-10-19T18:08:23","modified_gmt":"2023-10-19T21:08:23","slug":"radio-movil-digital-xtl5000","status":"publish","type":"product","link":"https:\/\/abix.com.br\/es\/produto\/radio-movil-digital-xtl5000\/","title":{"rendered":"RADIO M\u00d3VIL DIGITAL &#8211; XTL5000"},"content":{"rendered":"\n\t<section class=\"section\" id=\"section_133064630\">\n\t\t<div class=\"section-bg fill\" >\n\t\t\t\t\t\t\t\t\t\n\t\t\t\n\n\t\t<\/div>\n\n\t\t\n\n\t\t<div class=\"section-content relative\">\n\t\t\t\n<div class=\"row\"  id=\"row-438504772\">\n\n\t<div id=\"col-1612527295\" class=\"col small-12 large-12\"  >\n\t\t\t\t<div class=\"col-inner\"  >\n\t\t\t\n\t\t\t\n<div class=\"row\"  id=\"row-1859159596\">\n\n\t<div id=\"col-1454739490\" class=\"col small-12 large-12\"  >\n\t\t\t\t<div class=\"col-inner\"  >\n\t\t\t\n\t\t\t\n\n\t\t<div class=\"tabbed-content locacao-tabs\">\n\t\t\t\n\t\t\t<ul class=\"nav nav-tabs nav-normal nav-size-xlarge nav-left active-on-hover\" role=\"tablist\"><li id=\"tab-informaci\u00d3n\" class=\"tab active has-icon\" role=\"presentation\"><a href=\"#tab_informaci\u00d3n\" role=\"tab\" aria-selected=\"true\" aria-controls=\"tab_informaci\u00d3n\"><span>INFORMACI\u00d3N<\/span><\/a><\/li>\n<li id=\"tab-accesorios\" class=\"tab has-icon\" role=\"presentation\"><a href=\"#tab_accesorios\" tabindex=\"-1\" role=\"tab\" aria-selected=\"false\" aria-controls=\"tab_accesorios\"><span>ACCESORIOS<\/span><\/a><\/li>\n<li id=\"tab-descargas\" class=\"tab has-icon\" role=\"presentation\"><a href=\"#tab_descargas\" tabindex=\"-1\" role=\"tab\" aria-selected=\"false\" aria-controls=\"tab_descargas\"><span>DESCARGAS<\/span><\/a><\/li>\n<li id=\"tab-especificaciones\" class=\"tab has-icon\" role=\"presentation\"><a href=\"#tab_especificaciones\" tabindex=\"-1\" role=\"tab\" aria-selected=\"false\" aria-controls=\"tab_especificaciones\"><span>ESPECIFICACIONES<\/span><\/a><\/li><\/ul><div class=\"tab-panels\"><div id=\"tab_informaci\u00d3n\" class=\"panel active entry-content\" role=\"tabpanel\" aria-labelledby=\"tab-informaci\u00d3n\">\n<div class=\"row\"  id=\"row-1807970658\">\n\n\t<div id=\"col-828084477\" class=\"col medium-6 small-12 large-6\"  >\n\t\t\t\t<div class=\"col-inner\"  >\n\t\t\t\n\t\t\t\n<p><strong>DISE\u00d1O ERGON\u00d3MICO MEJORADO<\/strong><\/p>\n<p>Resiste condiciones meteorol\u00f3gicas adversas y golpes.<\/p>\n<p><b>FUNCIONALIDAD AVANZADA<\/b><\/p>\n<p>Admite 850 canales y varios protocolos anal\u00f3gicos y digitales.<\/p>\n<p><b>INTERFAZ XTL<\/b><\/p>\n<p>Ofrece una interfaz de usuario com\u00fan entre capas para optimizar la formaci\u00f3n.<\/p>\n<p><b>SE\u00d1ALIZACI\u00d3N VOCAL INTEROPERABLE<\/b><\/p>\n<p>Cumple las normas P25.<\/p>\n<div class=\"richtexteditor parbase\">\n<p><b>PANTALLA LCD ALFANUM\u00c9RICA DE 14 D\u00cdGITOS<\/b><\/p>\n<p>Permanece n\u00edtido con cualquier tipo de luz.<\/p>\n<p><b>SOFTWARE DE PROGRAMACI\u00d3N DE CLIENTES<\/b><\/p>\n<p>Permite a los usuarios arrastrar y soltar, clonar y programar recursos IP.<\/p>\n<p><b>ADAPTABILIDAD INIGUALABLE<\/b><\/p>\n<p>Prepara la radio para la pr\u00f3xima generaci\u00f3n de aplicaciones m\u00f3viles basadas en IP.<\/p>\n<\/div>\n\t\t<\/div>\n\t\t\t\t\t<\/div>\n\n\t\n\n\t<div id=\"col-1629922519\" class=\"col medium-6 small-12 large-6\"  >\n\t\t\t\t<div class=\"col-inner text-left\"  >\n\t\t\t\n\t\t\t\n\t\t<\/div>\n\t\t\t\t\t<\/div>\n\n\t\n<\/div>\n<\/div>\n<div id=\"tab_accesorios\" class=\"panel entry-content\" role=\"tabpanel\" aria-labelledby=\"tab-accesorios\">\n<div class=\"row align-middle\"  id=\"row-1089738185\">\n\n\t<div id=\"col-1635622569\" class=\"col medium-10 small-12 large-10\"  >\n\t\t\t\t<div class=\"col-inner\"  >\n\t\t\t\n\t\t\t\n<p>CONTENIDO<\/p>\n\t\t<\/div>\n\t\t\t\t\t<\/div>\n\n\t\n\n\t<div id=\"col-644852035\" class=\"col medium-2 small-12 large-2\"  >\n\t\t\t\t<div class=\"col-inner\"  >\n\t\t\t\n\t\t\t\n\t\t<\/div>\n\t\t\t\t\t<\/div>\n\n\t\n<\/div>\n<\/div>\n<div id=\"tab_descargas\" class=\"panel entry-content\" role=\"tabpanel\" aria-labelledby=\"tab-descargas\">\n<div class=\"row\"  id=\"row-1915942668\">\n\n\t<div id=\"col-579766550\" class=\"col medium-10 small-12 large-10\"  >\n\t\t\t\t<div class=\"col-inner\"  >\n\t\t\t\n\t\t\t\n<p><a href=\"https:\/\/www.abix.com.br\/wp-content\/uploads\/Ficha-XTL5000.pdf\">Hoja de datos de XTL5000<\/a><\/p>\n\t\t<\/div>\n\t\t\t\t\t<\/div>\n\n\t\n<\/div>\n<\/div>\n<div id=\"tab_especificaciones\" class=\"panel entry-content\" role=\"tabpanel\" aria-labelledby=\"tab-especificaciones\">\n<div class=\"row\"  id=\"row-1408818272\">\n\n\t<div id=\"col-97244046\" class=\"col medium-9 small-12 large-9\"  >\n\t\t\t\t<div class=\"col-inner\"  >\n\t\t\t\n\t\t\t\n<h3><strong>CARACTER\u00cdSTICA DE RENDIMIENTO<\/strong><\/h3>\n<ul>\n<li><strong>Gama de frecuencias<\/strong><\/li>\n<\/ul>\n<p>136-174 MHz; 380-470 MHz; 450-520 MHz; 764-870 MHz<\/p>\n<ul>\n<li><strong>Gama de frecuencias<\/strong><\/li>\n<\/ul>\n<p>VHF, UHF, 700 MHz, 800 MHz<\/p>\n<ul>\n<li><strong>Criptograf\u00eda<\/strong><\/li>\n<\/ul>\n<p>S\u00ed<\/p>\n<ul>\n<li><strong>Niveles de potencia<\/strong><\/li>\n<\/ul>\n<p>10-50 vatios (136-174 MHz); 10-40 vatios (380-470 MHz); 10-45 vatios (450-520 MHz); 10-35 vatios (764-870 MHz)<\/p>\n<ul>\n<li><strong>Tipos de algoritmos criptogr\u00e1ficos<\/strong><\/li>\n<\/ul>\n<p>AES, DES, DES-XL, DES-OFB, Privacidad digital avanzada (ADP)<\/p>\n<ul>\n<li><strong>Separaci\u00f3n entre canales<\/strong><\/li>\n<li class=\"specifications section\">\n<h4>Separaci\u00f3n entre canales<\/h4>\n<p>12.5, 25<\/p>\n<\/li>\n<\/ul>\n<h3><strong>ENTORNO DE USUARIO<\/strong><\/h3>\n<ul>\n<li><strong>Especificaciones militares<\/strong><\/li>\n<\/ul>\n<p>810 C, 810D, 810E, 810F<\/p>\n<h3><strong>TECNOLOG\u00cdA<\/strong><\/h3>\n<ul>\n<li><strong>Tipo de sistema<\/strong><\/li>\n<\/ul>\n<p>Convencional, uni\u00f3n SmartZone, uni\u00f3n SMARTNET<\/p>\n<ul>\n<li><strong>Tecnolog\u00eda digital<\/strong><\/li>\n<\/ul>\n<p>S\u00ed<\/p>\n<h3>CARACTER\u00cdSTICAS F\u00cdSICAS<\/h3>\n<ul>\n<li><strong>Mostrar<\/strong><\/li>\n<\/ul>\n<p>Alfanum\u00e9rico<\/p>\n<ul>\n<li><strong>Dimensiones<\/strong><\/li>\n<\/ul>\n<p>56,8 x 183,3 x 231,1 mm<\/p>\n<ul>\n<li><strong>Opci\u00f3n de cabezal de control doble<\/strong><\/li>\n<\/ul>\n<p>S\u00ed<\/p>\n<ul>\n<li><strong>Configuraci\u00f3n<\/strong><\/li>\n<\/ul>\n<p>Soporte para salpicadero, soporte remoto, moto, cabezal de control m\u00faltiple<\/p>\n<ul>\n<li><strong>Teclado<\/strong><\/li>\n<\/ul>\n<p>S\u00ed<\/p>\n<ul>\n<li><strong>Peso<\/strong><\/li>\n<\/ul>\n<p>6,1 libras<\/p>\n<h3><strong>RECURSOS RADIOF\u00d3NICOS<\/strong><\/h3>\n<ul>\n<li><strong>Canales<\/strong><\/li>\n<\/ul>\n<p>1000<\/p>\n<ul>\n<li><strong>Mensajes de texto<\/strong><\/li>\n<\/ul>\n<p>S\u00ed<\/p>\n<ul>\n<li><strong>Voz y datos integrados<\/strong><\/li>\n<\/ul>\n<p>S\u00ed<\/p>\n<ul>\n<li><strong>Funciones avanzadas de software<\/strong><\/li>\n<\/ul>\n<p>S\u00ed<\/p>\n\t\t<\/div>\n\t\t\t\t\t<\/div>\n\n\t\n<\/div>\n<\/div><\/div><\/div>\n\t\t<\/div>\n\t\t\t\t\t<\/div>\n\n\t\n<\/div>\n\t\t<\/div>\n\t\t\t\t\t<\/div>\n\n\t\n<\/div>\n\t\t<\/div>\n\n\t\t\n<style>\n#section_133064630 {\n  padding-top: 0px;\n  padding-bottom: 0px;\n}\n<\/style>\n\t<\/section>\n\t\n","protected":false},"excerpt":{"rendered":"<p style=\"text-align: justify;\">La radio m\u00f3vil digital Astro\u00ae XTLTM 5000 est\u00e1 equipada para satisfacer las necesidades m\u00e1s exigentes de su organizaci\u00f3n. Su avanzada arquitectura y dise\u00f1o ergon\u00f3mico cumplen las normas del Proyecto 25, ofreciendo una se\u00f1al clara incluso en condiciones meteorol\u00f3gicas adversas. La unidad habilitada para IP se actualiza f\u00e1cilmente para que las aplicaciones puedan adaptarse sin problemas a las necesidades tecnol\u00f3gicas del ma\u00f1ana.<\/p>\n<p style=\"text-align: justify;\">Tanto si est\u00e1 de viaje como si se encuentra en un lugar, al otro lado de la calle o al otro lado del estado, esta radio m\u00f3vil garantiza unas comunicaciones claras, continuas y de alta calidad.<\/p>\n","protected":false},"featured_media":10256,"comment_status":"closed","ping_status":"closed","template":"","meta":[],"product_brand":[],"product_cat":[181,155,157,186,163,156,177,176],"product_tag":[],"class_list":{"0":"post-19616","1":"product","2":"type-product","3":"status-publish","4":"has-post-thumbnail","6":"product_cat-astro-25-es","7":"product_cat-linea-profesional","8":"product_cat-motorola-es","9":"product_cat-radio-p25-es","10":"product_cat-radios-analogicas","11":"product_cat-radios-digitales","12":"product_cat-radios-fijas","13":"product_cat-radios-moviles","15":"first","16":"instock","17":"shipping-taxable","18":"product-type-simple"},"yoast_head":"<!-- This site is optimized with the Yoast SEO plugin v27.4 - https:\/\/yoast.com\/product\/yoast-seo-wordpress\/ -->\n<title>RADIO M\u00d3VIL DIGITAL XTL5000 - Abix Tecnologia<\/title>\n<meta name=\"description\" content=\"La radio m\u00f3vil digital Astro\u00ae XTLTM 5000 est\u00e1 equipada para satisfacer las necesidades m\u00e1s exigentes de su organizaci\u00f3n. M\u00e1s informaci\u00f3n\" \/>\n<meta name=\"robots\" content=\"index, follow, max-snippet:-1, max-image-preview:large, max-video-preview:-1\" \/>\n<link rel=\"canonical\" href=\"https:\/\/abix.com.br\/produto\/xtl5000\/\" \/>\n<meta property=\"og:locale\" content=\"es_ES\" \/>\n<meta property=\"og:type\" content=\"article\" \/>\n<meta property=\"og:title\" content=\"RADIO M\u00d3VIL DIGITAL XTL5000 - Abix Tecnologia\" \/>\n<meta property=\"og:description\" content=\"La radio m\u00f3vil digital Astro\u00ae XTLTM 5000 est\u00e1 equipada para satisfacer las necesidades m\u00e1s exigentes de su organizaci\u00f3n. M\u00e1s informaci\u00f3n\" \/>\n<meta property=\"og:url\" content=\"https:\/\/abix.com.br\/produto\/xtl5000\/\" \/>\n<meta property=\"og:site_name\" content=\"Abix\" \/>\n<meta property=\"article:modified_time\" content=\"2023-10-19T21:08:23+00:00\" \/>\n<meta property=\"og:image\" content=\"https:\/\/abix.com.br\/wp-content\/uploads\/2020\/05\/XTL5000-1.jpg\" \/>\n\t<meta property=\"og:image:width\" content=\"400\" \/>\n\t<meta property=\"og:image:height\" content=\"400\" \/>\n\t<meta property=\"og:image:type\" content=\"image\/jpeg\" \/>\n<meta name=\"twitter:card\" content=\"summary_large_image\" \/>\n<meta name=\"twitter:label1\" content=\"Tiempo de lectura\" \/>\n\t<meta name=\"twitter:data1\" content=\"2 minutos\" \/>\n<script type=\"application\/ld+json\" class=\"yoast-schema-graph\">{\"@context\":\"https:\\\/\\\/schema.org\",\"@graph\":[{\"@type\":\"WebPage\",\"@id\":\"https:\\\/\\\/abix.com.br\\\/produto\\\/xtl5000\\\/\",\"url\":\"https:\\\/\\\/abix.com.br\\\/produto\\\/xtl5000\\\/\",\"name\":\"RADIO M\u00d3VIL DIGITAL XTL5000 - Abix Tecnologia\",\"isPartOf\":{\"@id\":\"https:\\\/\\\/abix.com.br\\\/#website\"},\"primaryImageOfPage\":{\"@id\":\"https:\\\/\\\/abix.com.br\\\/produto\\\/xtl5000\\\/#primaryimage\"},\"image\":{\"@id\":\"https:\\\/\\\/abix.com.br\\\/produto\\\/xtl5000\\\/#primaryimage\"},\"thumbnailUrl\":\"https:\\\/\\\/abix.com.br\\\/wp-content\\\/uploads\\\/2020\\\/05\\\/XTL5000-1.jpg\",\"datePublished\":\"2020-05-28T21:13:42+00:00\",\"dateModified\":\"2023-10-19T21:08:23+00:00\",\"description\":\"La radio m\u00f3vil digital Astro\u00ae XTLTM 5000 est\u00e1 equipada para satisfacer las necesidades m\u00e1s exigentes de su organizaci\u00f3n. M\u00e1s informaci\u00f3n\",\"breadcrumb\":{\"@id\":\"https:\\\/\\\/abix.com.br\\\/produto\\\/xtl5000\\\/#breadcrumb\"},\"inLanguage\":\"es\",\"potentialAction\":[{\"@type\":\"ReadAction\",\"target\":[\"https:\\\/\\\/abix.com.br\\\/produto\\\/xtl5000\\\/\"]}]},{\"@type\":\"ImageObject\",\"inLanguage\":\"es\",\"@id\":\"https:\\\/\\\/abix.com.br\\\/produto\\\/xtl5000\\\/#primaryimage\",\"url\":\"https:\\\/\\\/abix.com.br\\\/wp-content\\\/uploads\\\/2020\\\/05\\\/XTL5000-1.jpg\",\"contentUrl\":\"https:\\\/\\\/abix.com.br\\\/wp-content\\\/uploads\\\/2020\\\/05\\\/XTL5000-1.jpg\",\"width\":400,\"height\":400,\"caption\":\"R\u00c1DIO M\u00d3VEL DIGITAL XTL5000\"},{\"@type\":\"BreadcrumbList\",\"@id\":\"https:\\\/\\\/abix.com.br\\\/produto\\\/xtl5000\\\/#breadcrumb\",\"itemListElement\":[{\"@type\":\"ListItem\",\"position\":1,\"name\":\"In\u00edcio\",\"item\":\"https:\\\/\\\/abix.com.br\\\/es\\\/\"},{\"@type\":\"ListItem\",\"position\":2,\"name\":\"Tienda\",\"item\":\"https:\\\/\\\/abix.com.br\\\/loja\\\/\"},{\"@type\":\"ListItem\",\"position\":3,\"name\":\"RADIO M\u00d3VIL DIGITAL &#8211; XTL5000\"}]},{\"@type\":\"WebSite\",\"@id\":\"https:\\\/\\\/abix.com.br\\\/#website\",\"url\":\"https:\\\/\\\/abix.com.br\\\/\",\"name\":\"Abix\",\"description\":\"\",\"potentialAction\":[{\"@type\":\"SearchAction\",\"target\":{\"@type\":\"EntryPoint\",\"urlTemplate\":\"https:\\\/\\\/abix.com.br\\\/?s={search_term_string}\"},\"query-input\":{\"@type\":\"PropertyValueSpecification\",\"valueRequired\":true,\"valueName\":\"search_term_string\"}}],\"inLanguage\":\"es\"}]}<\/script>\n<!-- \/ Yoast SEO plugin. -->","yoast_head_json":{"title":"RADIO M\u00d3VIL DIGITAL XTL5000 - Abix Tecnologia","description":"La radio m\u00f3vil digital Astro\u00ae XTLTM 5000 est\u00e1 equipada para satisfacer las necesidades m\u00e1s exigentes de su organizaci\u00f3n. M\u00e1s informaci\u00f3n","robots":{"index":"index","follow":"follow","max-snippet":"max-snippet:-1","max-image-preview":"max-image-preview:large","max-video-preview":"max-video-preview:-1"},"canonical":"https:\/\/abix.com.br\/produto\/xtl5000\/","og_locale":"es_ES","og_type":"article","og_title":"RADIO M\u00d3VIL DIGITAL XTL5000 - Abix Tecnologia","og_description":"La radio m\u00f3vil digital Astro\u00ae XTLTM 5000 est\u00e1 equipada para satisfacer las necesidades m\u00e1s exigentes de su organizaci\u00f3n. M\u00e1s informaci\u00f3n","og_url":"https:\/\/abix.com.br\/produto\/xtl5000\/","og_site_name":"Abix","article_modified_time":"2023-10-19T21:08:23+00:00","og_image":[{"width":400,"height":400,"url":"https:\/\/abix.com.br\/wp-content\/uploads\/2020\/05\/XTL5000-1.jpg","type":"image\/jpeg"}],"twitter_card":"summary_large_image","twitter_misc":{"Tiempo de lectura":"2 minutos"},"schema":{"@context":"https:\/\/schema.org","@graph":[{"@type":"WebPage","@id":"https:\/\/abix.com.br\/produto\/xtl5000\/","url":"https:\/\/abix.com.br\/produto\/xtl5000\/","name":"RADIO M\u00d3VIL DIGITAL XTL5000 - Abix Tecnologia","isPartOf":{"@id":"https:\/\/abix.com.br\/#website"},"primaryImageOfPage":{"@id":"https:\/\/abix.com.br\/produto\/xtl5000\/#primaryimage"},"image":{"@id":"https:\/\/abix.com.br\/produto\/xtl5000\/#primaryimage"},"thumbnailUrl":"https:\/\/abix.com.br\/wp-content\/uploads\/2020\/05\/XTL5000-1.jpg","datePublished":"2020-05-28T21:13:42+00:00","dateModified":"2023-10-19T21:08:23+00:00","description":"La radio m\u00f3vil digital Astro\u00ae XTLTM 5000 est\u00e1 equipada para satisfacer las necesidades m\u00e1s exigentes de su organizaci\u00f3n. M\u00e1s informaci\u00f3n","breadcrumb":{"@id":"https:\/\/abix.com.br\/produto\/xtl5000\/#breadcrumb"},"inLanguage":"es","potentialAction":[{"@type":"ReadAction","target":["https:\/\/abix.com.br\/produto\/xtl5000\/"]}]},{"@type":"ImageObject","inLanguage":"es","@id":"https:\/\/abix.com.br\/produto\/xtl5000\/#primaryimage","url":"https:\/\/abix.com.br\/wp-content\/uploads\/2020\/05\/XTL5000-1.jpg","contentUrl":"https:\/\/abix.com.br\/wp-content\/uploads\/2020\/05\/XTL5000-1.jpg","width":400,"height":400,"caption":"R\u00c1DIO M\u00d3VEL DIGITAL XTL5000"},{"@type":"BreadcrumbList","@id":"https:\/\/abix.com.br\/produto\/xtl5000\/#breadcrumb","itemListElement":[{"@type":"ListItem","position":1,"name":"In\u00edcio","item":"https:\/\/abix.com.br\/es\/"},{"@type":"ListItem","position":2,"name":"Tienda","item":"https:\/\/abix.com.br\/loja\/"},{"@type":"ListItem","position":3,"name":"RADIO M\u00d3VIL DIGITAL &#8211; XTL5000"}]},{"@type":"WebSite","@id":"https:\/\/abix.com.br\/#website","url":"https:\/\/abix.com.br\/","name":"Abix","description":"","potentialAction":[{"@type":"SearchAction","target":{"@type":"EntryPoint","urlTemplate":"https:\/\/abix.com.br\/?s={search_term_string}"},"query-input":{"@type":"PropertyValueSpecification","valueRequired":true,"valueName":"search_term_string"}}],"inLanguage":"es"}]}},"_links":{"self":[{"href":"https:\/\/abix.com.br\/es\/wp-json\/wp\/v2\/product\/19616","targetHints":{"allow":["GET"]}}],"collection":[{"href":"https:\/\/abix.com.br\/es\/wp-json\/wp\/v2\/product"}],"about":[{"href":"https:\/\/abix.com.br\/es\/wp-json\/wp\/v2\/types\/product"}],"replies":[{"embeddable":true,"href":"https:\/\/abix.com.br\/es\/wp-json\/wp\/v2\/comments?post=19616"}],"wp:featuredmedia":[{"embeddable":true,"href":"https:\/\/abix.com.br\/es\/wp-json\/wp\/v2\/media\/10256"}],"wp:attachment":[{"href":"https:\/\/abix.com.br\/es\/wp-json\/wp\/v2\/media?parent=19616"}],"wp:term":[{"taxonomy":"product_brand","embeddable":true,"href":"https:\/\/abix.com.br\/es\/wp-json\/wp\/v2\/product_brand?post=19616"},{"taxonomy":"product_cat","embeddable":true,"href":"https:\/\/abix.com.br\/es\/wp-json\/wp\/v2\/product_cat?post=19616"},{"taxonomy":"product_tag","embeddable":true,"href":"https:\/\/abix.com.br\/es\/wp-json\/wp\/v2\/product_tag?post=19616"}],"curies":[{"name":"wp","href":"https:\/\/api.w.org\/{rel}","templated":true}]}}