{"id":19617,"date":"2020-05-28T17:17:12","date_gmt":"2020-05-28T20:17:12","guid":{"rendered":"https:\/\/abix.com.br\/produto\/radio-movil-digital-xtl1500\/"},"modified":"2023-10-20T07:36:45","modified_gmt":"2023-10-20T10:36:45","slug":"radio-movil-digital-xtl1500","status":"publish","type":"product","link":"https:\/\/abix.com.br\/es\/produto\/radio-movil-digital-xtl1500\/","title":{"rendered":"RADIO M\u00d3VIL DIGITAL &#8211; XTL1500"},"content":{"rendered":"\n\t<section class=\"section\" id=\"section_719270810\">\n\t\t<div class=\"section-bg fill\" >\n\t\t\t\t\t\t\t\t\t\n\t\t\t\n\n\t\t<\/div>\n\n\t\t\n\n\t\t<div class=\"section-content relative\">\n\t\t\t\n<div class=\"row\"  id=\"row-719734243\">\n\n\t<div id=\"col-61249458\" class=\"col small-12 large-12\"  >\n\t\t\t\t<div class=\"col-inner\"  >\n\t\t\t\n\t\t\t\n<div class=\"row\"  id=\"row-1277970806\">\n\n\t<div id=\"col-530790044\" class=\"col small-12 large-12\"  >\n\t\t\t\t<div class=\"col-inner\"  >\n\t\t\t\n\t\t\t\n\n\t\t<div class=\"tabbed-content locacao-tabs\">\n\t\t\t\n\t\t\t<ul class=\"nav nav-tabs nav-normal nav-size-xlarge nav-left active-on-hover\" role=\"tablist\"><li id=\"tab-informaci\u00d3n\" class=\"tab active has-icon\" role=\"presentation\"><a href=\"#tab_informaci\u00d3n\" role=\"tab\" aria-selected=\"true\" aria-controls=\"tab_informaci\u00d3n\"><span>INFORMACI\u00d3N<\/span><\/a><\/li>\n<li id=\"tab-accesorios\" class=\"tab has-icon\" role=\"presentation\"><a href=\"#tab_accesorios\" tabindex=\"-1\" role=\"tab\" aria-selected=\"false\" aria-controls=\"tab_accesorios\"><span>ACCESORIOS<\/span><\/a><\/li>\n<li id=\"tab-descargas\" class=\"tab has-icon\" role=\"presentation\"><a href=\"#tab_descargas\" tabindex=\"-1\" role=\"tab\" aria-selected=\"false\" aria-controls=\"tab_descargas\"><span>DESCARGAS<\/span><\/a><\/li>\n<li id=\"tab-especificaciones\" class=\"tab has-icon\" role=\"presentation\"><a href=\"#tab_especificaciones\" tabindex=\"-1\" role=\"tab\" aria-selected=\"false\" aria-controls=\"tab_especificaciones\"><span>ESPECIFICACIONES<\/span><\/a><\/li><\/ul><div class=\"tab-panels\"><div id=\"tab_informaci\u00d3n\" class=\"panel active entry-content\" role=\"tabpanel\" aria-labelledby=\"tab-informaci\u00d3n\">\n<div class=\"row\"  id=\"row-1575208059\">\n\n\t<div id=\"col-1805277582\" class=\"col medium-6 small-12 large-6\"  >\n\t\t\t\t<div class=\"col-inner\"  >\n\t\t\t\n\t\t\t\n<p><strong>INTERFAZ XTL<\/strong><\/p>\n<p>Ofrece una interfaz de usuario com\u00fan para todas las etapas con el fin de optimizar la formaci\u00f3n.<\/p>\n<p><strong>SE\u00d1AL VOCAL INTEROPERABLE<\/strong><\/p>\n<p>Cumple las normas P25.<\/p>\n<p><strong>DISE\u00d1O R\u00cdGIDO Y ERGON\u00d3MICO<\/strong><\/p>\n<p>Pantalla alfanum\u00e9rica de 8 d\u00edgitos, botones grandes resistentes a condiciones adversas<\/p>\n<div class=\"richtexteditor parbase\">\n<p><b>SELECCI\u00d3N DE MODO<\/b><\/p>\n<p>Funciona en modo digital o anal\u00f3gico.<\/p>\n<p><b>SOFTWARE DE PROGRAMACI\u00d3N DE CLIENTES<\/b><\/p>\n<p>Permite a los usuarios arrastrar y soltar, clonar y programar mediante capacidades IP.<\/p>\n<\/div>\n\t\t<\/div>\n\t\t\t\t\t<\/div>\n\n\t\n\n\t<div id=\"col-1114674833\" class=\"col medium-6 small-12 large-6\"  >\n\t\t\t\t<div class=\"col-inner text-left\"  >\n\t\t\t\n\t\t\t\n\t\t<\/div>\n\t\t\t\t\t<\/div>\n\n\t\n<\/div>\n<\/div>\n<div id=\"tab_accesorios\" class=\"panel entry-content\" role=\"tabpanel\" aria-labelledby=\"tab-accesorios\">\n<div class=\"row align-middle\"  id=\"row-1719358131\">\n\n\t<div id=\"col-931041854\" class=\"col medium-10 small-12 large-10\"  >\n\t\t\t\t<div class=\"col-inner\"  >\n\t\t\t\n\t\t\t\n<p>CONTENIDO<\/p>\n\t\t<\/div>\n\t\t\t\t\t<\/div>\n\n\t\n\n\t<div id=\"col-72898538\" class=\"col medium-2 small-12 large-2\"  >\n\t\t\t\t<div class=\"col-inner\"  >\n\t\t\t\n\t\t\t\n\t\t<\/div>\n\t\t\t\t\t<\/div>\n\n\t\n<\/div>\n<\/div>\n<div id=\"tab_descargas\" class=\"panel entry-content\" role=\"tabpanel\" aria-labelledby=\"tab-descargas\">\n<div class=\"row\"  id=\"row-1403067761\">\n\n\t<div id=\"col-1306505917\" class=\"col medium-10 small-12 large-10\"  >\n\t\t\t\t<div class=\"col-inner\"  >\n\t\t\t\n\t\t\t\n<p><a href=\"https:\/\/www.abix.com.br\/wp-content\/uploads\/Ficha-XTL1500.pdf\">Hoja de datos de XTL1500<\/a><\/p>\n\t\t<\/div>\n\t\t\t\t\t<\/div>\n\n\t\n<\/div>\n<\/div>\n<div id=\"tab_especificaciones\" class=\"panel entry-content\" role=\"tabpanel\" aria-labelledby=\"tab-especificaciones\">\n<div class=\"row\"  id=\"row-1298175607\">\n\n\t<div id=\"col-1992050944\" class=\"col medium-9 small-12 large-9\"  >\n\t\t\t\t<div class=\"col-inner\"  >\n\t\t\t\n\t\t\t\n<h3>ESPECIFICACIONES GENERALES DE RENDIMIENTO<\/h3>\n<ul>\n<li><strong>Gama Frecuencia<\/strong><\/li>\n<\/ul>\n<p>896-940MHz<\/p>\n<ul>\n<li><strong>Modulaci\u00f3n<\/strong><\/li>\n<\/ul>\n<p>FM anal\u00f3gica<\/p>\n<ul>\n<li><strong>Ancho de banda del canal anal\u00f3gico<\/strong><\/li>\n<\/ul>\n<p>12,5 KHz<\/p>\n<h3>TRANSMISOR<\/h3>\n<ul>\n<li><strong>Frecuencia<\/strong><\/li>\n<\/ul>\n<p>896-901 MHz<\/p>\n<p>935-940 MHz<\/p>\n\t\t<\/div>\n\t\t\t\t\t<\/div>\n\n\t\n<\/div>\n<\/div><\/div><\/div>\n\t\t<\/div>\n\t\t\t\t\t<\/div>\n\n\t\n<\/div>\n\t\t<\/div>\n\t\t\t\t\t<\/div>\n\n\t\n<\/div>\n\t\t<\/div>\n\n\t\t\n<style>\n#section_719270810 {\n  padding-top: 0px;\n  padding-bottom: 0px;\n}\n<\/style>\n\t<\/section>\n\t\n","protected":false},"excerpt":{"rendered":"<p style=\"text-align: justify;\">La radio m\u00f3vil digital ASTRO\u00ae XTL\u2122 1500 es una alternativa bidireccional rentable para organizaciones con necesidades de comunicaci\u00f3n moderadas. Dise\u00f1ada para soportar condiciones exigentes, la unidad es resistente al polvo, la lluvia, el viento, las vibraciones, los golpes y muchas otras situaciones adversas. El cumplimiento de las normas del Proyecto 25 garantiza una se\u00f1al clara, continua y de alta calidad. La intuitiva interfaz de usuario se traduce en menos tiempo y dinero invertidos en formaci\u00f3n.<\/p>\n","protected":false},"featured_media":10229,"comment_status":"closed","ping_status":"closed","template":"","meta":[],"product_brand":[],"product_cat":[181,155,157,186,163,156,177,176],"product_tag":[],"class_list":{"0":"post-19617","1":"product","2":"type-product","3":"status-publish","4":"has-post-thumbnail","6":"product_cat-astro-25-es","7":"product_cat-linea-profesional","8":"product_cat-motorola-es","9":"product_cat-radio-p25-es","10":"product_cat-radios-analogicas","11":"product_cat-radios-digitales","12":"product_cat-radios-fijas","13":"product_cat-radios-moviles","15":"first","16":"instock","17":"shipping-taxable","18":"product-type-simple"},"yoast_head":"<!-- This site is optimized with the Yoast SEO plugin v27.4 - https:\/\/yoast.com\/product\/yoast-seo-wordpress\/ -->\n<title>RADIO M\u00d3VIL DIGITAL XTL1500 - Abix Tecnologia<\/title>\n<meta name=\"description\" content=\"La radio m\u00f3vil digital ASTRO\u00ae XTL1500 es una alternativa bidireccional rentable para organizaciones con necesidades de comunicaci\u00f3n moderadas.\" \/>\n<meta name=\"robots\" content=\"index, follow, max-snippet:-1, max-image-preview:large, max-video-preview:-1\" \/>\n<link rel=\"canonical\" href=\"https:\/\/abix.com.br\/produto\/xtl1500\/\" \/>\n<meta property=\"og:locale\" content=\"es_ES\" \/>\n<meta property=\"og:type\" content=\"article\" \/>\n<meta property=\"og:title\" content=\"RADIO M\u00d3VIL DIGITAL XTL1500 - Abix Tecnologia\" \/>\n<meta property=\"og:description\" content=\"La radio m\u00f3vil digital ASTRO\u00ae XTL1500 es una alternativa bidireccional rentable para organizaciones con necesidades de comunicaci\u00f3n moderadas.\" \/>\n<meta property=\"og:url\" content=\"https:\/\/abix.com.br\/produto\/xtl1500\/\" \/>\n<meta property=\"og:site_name\" content=\"Abix\" \/>\n<meta property=\"article:modified_time\" content=\"2023-10-20T10:36:45+00:00\" \/>\n<meta property=\"og:image\" content=\"https:\/\/abix.com.br\/wp-content\/uploads\/2020\/05\/XTL1500.png\" \/>\n\t<meta property=\"og:image:width\" content=\"848\" \/>\n\t<meta property=\"og:image:height\" content=\"548\" \/>\n\t<meta property=\"og:image:type\" content=\"image\/png\" \/>\n<meta name=\"twitter:card\" content=\"summary_large_image\" \/>\n<meta name=\"twitter:label1\" content=\"Tiempo de lectura\" \/>\n\t<meta name=\"twitter:data1\" content=\"1 minuto\" \/>\n<script type=\"application\/ld+json\" class=\"yoast-schema-graph\">{\"@context\":\"https:\\\/\\\/schema.org\",\"@graph\":[{\"@type\":\"WebPage\",\"@id\":\"https:\\\/\\\/abix.com.br\\\/produto\\\/xtl1500\\\/\",\"url\":\"https:\\\/\\\/abix.com.br\\\/produto\\\/xtl1500\\\/\",\"name\":\"RADIO M\u00d3VIL DIGITAL XTL1500 - Abix Tecnologia\",\"isPartOf\":{\"@id\":\"https:\\\/\\\/abix.com.br\\\/#website\"},\"primaryImageOfPage\":{\"@id\":\"https:\\\/\\\/abix.com.br\\\/produto\\\/xtl1500\\\/#primaryimage\"},\"image\":{\"@id\":\"https:\\\/\\\/abix.com.br\\\/produto\\\/xtl1500\\\/#primaryimage\"},\"thumbnailUrl\":\"https:\\\/\\\/abix.com.br\\\/wp-content\\\/uploads\\\/2020\\\/05\\\/XTL1500.png\",\"datePublished\":\"2020-05-28T20:17:12+00:00\",\"dateModified\":\"2023-10-20T10:36:45+00:00\",\"description\":\"La radio m\u00f3vil digital ASTRO\u00ae XTL1500 es una alternativa bidireccional rentable para organizaciones con necesidades de comunicaci\u00f3n moderadas.\",\"breadcrumb\":{\"@id\":\"https:\\\/\\\/abix.com.br\\\/produto\\\/xtl1500\\\/#breadcrumb\"},\"inLanguage\":\"es\",\"potentialAction\":[{\"@type\":\"ReadAction\",\"target\":[\"https:\\\/\\\/abix.com.br\\\/produto\\\/xtl1500\\\/\"]}]},{\"@type\":\"ImageObject\",\"inLanguage\":\"es\",\"@id\":\"https:\\\/\\\/abix.com.br\\\/produto\\\/xtl1500\\\/#primaryimage\",\"url\":\"https:\\\/\\\/abix.com.br\\\/wp-content\\\/uploads\\\/2020\\\/05\\\/XTL1500.png\",\"contentUrl\":\"https:\\\/\\\/abix.com.br\\\/wp-content\\\/uploads\\\/2020\\\/05\\\/XTL1500.png\",\"width\":848,\"height\":548,\"caption\":\"R\u00c1DIO M\u00d3VEL DIGITAL XTL1500\"},{\"@type\":\"BreadcrumbList\",\"@id\":\"https:\\\/\\\/abix.com.br\\\/produto\\\/xtl1500\\\/#breadcrumb\",\"itemListElement\":[{\"@type\":\"ListItem\",\"position\":1,\"name\":\"In\u00edcio\",\"item\":\"https:\\\/\\\/abix.com.br\\\/es\\\/\"},{\"@type\":\"ListItem\",\"position\":2,\"name\":\"Tienda\",\"item\":\"https:\\\/\\\/abix.com.br\\\/loja\\\/\"},{\"@type\":\"ListItem\",\"position\":3,\"name\":\"RADIO M\u00d3VIL DIGITAL &#8211; XTL1500\"}]},{\"@type\":\"WebSite\",\"@id\":\"https:\\\/\\\/abix.com.br\\\/#website\",\"url\":\"https:\\\/\\\/abix.com.br\\\/\",\"name\":\"Abix\",\"description\":\"\",\"potentialAction\":[{\"@type\":\"SearchAction\",\"target\":{\"@type\":\"EntryPoint\",\"urlTemplate\":\"https:\\\/\\\/abix.com.br\\\/?s={search_term_string}\"},\"query-input\":{\"@type\":\"PropertyValueSpecification\",\"valueRequired\":true,\"valueName\":\"search_term_string\"}}],\"inLanguage\":\"es\"}]}<\/script>\n<!-- \/ Yoast SEO plugin. -->","yoast_head_json":{"title":"RADIO M\u00d3VIL DIGITAL XTL1500 - Abix Tecnologia","description":"La radio m\u00f3vil digital ASTRO\u00ae XTL1500 es una alternativa bidireccional rentable para organizaciones con necesidades de comunicaci\u00f3n moderadas.","robots":{"index":"index","follow":"follow","max-snippet":"max-snippet:-1","max-image-preview":"max-image-preview:large","max-video-preview":"max-video-preview:-1"},"canonical":"https:\/\/abix.com.br\/produto\/xtl1500\/","og_locale":"es_ES","og_type":"article","og_title":"RADIO M\u00d3VIL DIGITAL XTL1500 - Abix Tecnologia","og_description":"La radio m\u00f3vil digital ASTRO\u00ae XTL1500 es una alternativa bidireccional rentable para organizaciones con necesidades de comunicaci\u00f3n moderadas.","og_url":"https:\/\/abix.com.br\/produto\/xtl1500\/","og_site_name":"Abix","article_modified_time":"2023-10-20T10:36:45+00:00","og_image":[{"width":848,"height":548,"url":"https:\/\/abix.com.br\/wp-content\/uploads\/2020\/05\/XTL1500.png","type":"image\/png"}],"twitter_card":"summary_large_image","twitter_misc":{"Tiempo de lectura":"1 minuto"},"schema":{"@context":"https:\/\/schema.org","@graph":[{"@type":"WebPage","@id":"https:\/\/abix.com.br\/produto\/xtl1500\/","url":"https:\/\/abix.com.br\/produto\/xtl1500\/","name":"RADIO M\u00d3VIL DIGITAL XTL1500 - Abix Tecnologia","isPartOf":{"@id":"https:\/\/abix.com.br\/#website"},"primaryImageOfPage":{"@id":"https:\/\/abix.com.br\/produto\/xtl1500\/#primaryimage"},"image":{"@id":"https:\/\/abix.com.br\/produto\/xtl1500\/#primaryimage"},"thumbnailUrl":"https:\/\/abix.com.br\/wp-content\/uploads\/2020\/05\/XTL1500.png","datePublished":"2020-05-28T20:17:12+00:00","dateModified":"2023-10-20T10:36:45+00:00","description":"La radio m\u00f3vil digital ASTRO\u00ae XTL1500 es una alternativa bidireccional rentable para organizaciones con necesidades de comunicaci\u00f3n moderadas.","breadcrumb":{"@id":"https:\/\/abix.com.br\/produto\/xtl1500\/#breadcrumb"},"inLanguage":"es","potentialAction":[{"@type":"ReadAction","target":["https:\/\/abix.com.br\/produto\/xtl1500\/"]}]},{"@type":"ImageObject","inLanguage":"es","@id":"https:\/\/abix.com.br\/produto\/xtl1500\/#primaryimage","url":"https:\/\/abix.com.br\/wp-content\/uploads\/2020\/05\/XTL1500.png","contentUrl":"https:\/\/abix.com.br\/wp-content\/uploads\/2020\/05\/XTL1500.png","width":848,"height":548,"caption":"R\u00c1DIO M\u00d3VEL DIGITAL XTL1500"},{"@type":"BreadcrumbList","@id":"https:\/\/abix.com.br\/produto\/xtl1500\/#breadcrumb","itemListElement":[{"@type":"ListItem","position":1,"name":"In\u00edcio","item":"https:\/\/abix.com.br\/es\/"},{"@type":"ListItem","position":2,"name":"Tienda","item":"https:\/\/abix.com.br\/loja\/"},{"@type":"ListItem","position":3,"name":"RADIO M\u00d3VIL DIGITAL &#8211; XTL1500"}]},{"@type":"WebSite","@id":"https:\/\/abix.com.br\/#website","url":"https:\/\/abix.com.br\/","name":"Abix","description":"","potentialAction":[{"@type":"SearchAction","target":{"@type":"EntryPoint","urlTemplate":"https:\/\/abix.com.br\/?s={search_term_string}"},"query-input":{"@type":"PropertyValueSpecification","valueRequired":true,"valueName":"search_term_string"}}],"inLanguage":"es"}]}},"_links":{"self":[{"href":"https:\/\/abix.com.br\/es\/wp-json\/wp\/v2\/product\/19617","targetHints":{"allow":["GET"]}}],"collection":[{"href":"https:\/\/abix.com.br\/es\/wp-json\/wp\/v2\/product"}],"about":[{"href":"https:\/\/abix.com.br\/es\/wp-json\/wp\/v2\/types\/product"}],"replies":[{"embeddable":true,"href":"https:\/\/abix.com.br\/es\/wp-json\/wp\/v2\/comments?post=19617"}],"wp:featuredmedia":[{"embeddable":true,"href":"https:\/\/abix.com.br\/es\/wp-json\/wp\/v2\/media\/10229"}],"wp:attachment":[{"href":"https:\/\/abix.com.br\/es\/wp-json\/wp\/v2\/media?parent=19617"}],"wp:term":[{"taxonomy":"product_brand","embeddable":true,"href":"https:\/\/abix.com.br\/es\/wp-json\/wp\/v2\/product_brand?post=19617"},{"taxonomy":"product_cat","embeddable":true,"href":"https:\/\/abix.com.br\/es\/wp-json\/wp\/v2\/product_cat?post=19617"},{"taxonomy":"product_tag","embeddable":true,"href":"https:\/\/abix.com.br\/es\/wp-json\/wp\/v2\/product_tag?post=19617"}],"curies":[{"name":"wp","href":"https:\/\/api.w.org\/{rel}","templated":true}]}}