{"id":19618,"date":"2020-05-28T16:53:18","date_gmt":"2020-05-28T19:53:18","guid":{"rendered":"https:\/\/abix.com.br\/produto\/radio-movil-digital-apx7500\/"},"modified":"2023-10-20T07:37:24","modified_gmt":"2023-10-20T10:37:24","slug":"radio-movil-digital-apx7500","status":"publish","type":"product","link":"https:\/\/abix.com.br\/es\/produto\/radio-movil-digital-apx7500\/","title":{"rendered":"RADIO M\u00d3VIL DIGITAL &#8211; APX7500"},"content":{"rendered":"\n\t<section class=\"section\" id=\"section_148823178\">\n\t\t<div class=\"section-bg fill\" >\n\t\t\t\t\t\t\t\t\t\n\t\t\t\n\n\t\t<\/div>\n\n\t\t\n\n\t\t<div class=\"section-content relative\">\n\t\t\t\n<div class=\"row\"  id=\"row-45243921\">\n\n\t<div id=\"col-1270591670\" class=\"col small-12 large-12\"  >\n\t\t\t\t<div class=\"col-inner\"  >\n\t\t\t\n\t\t\t\n<div class=\"row\"  id=\"row-111757482\">\n\n\t<div id=\"col-1426438954\" class=\"col small-12 large-12\"  >\n\t\t\t\t<div class=\"col-inner\"  >\n\t\t\t\n\t\t\t\n\n\t\t<div class=\"tabbed-content locacao-tabs\">\n\t\t\t\n\t\t\t<ul class=\"nav nav-tabs nav-normal nav-size-xlarge nav-left active-on-hover\" role=\"tablist\"><li id=\"tab-informaci\u00d3n\" class=\"tab active has-icon\" role=\"presentation\"><a href=\"#tab_informaci\u00d3n\" role=\"tab\" aria-selected=\"true\" aria-controls=\"tab_informaci\u00d3n\"><span>INFORMACI\u00d3N<\/span><\/a><\/li>\n<li id=\"tab-accesorios\" class=\"tab has-icon\" role=\"presentation\"><a href=\"#tab_accesorios\" tabindex=\"-1\" role=\"tab\" aria-selected=\"false\" aria-controls=\"tab_accesorios\"><span>ACCESORIOS<\/span><\/a><\/li>\n<li id=\"tab-descargas\" class=\"tab has-icon\" role=\"presentation\"><a href=\"#tab_descargas\" tabindex=\"-1\" role=\"tab\" aria-selected=\"false\" aria-controls=\"tab_descargas\"><span>DESCARGAS<\/span><\/a><\/li>\n<li id=\"tab-especificaciones\" class=\"tab has-icon\" role=\"presentation\"><a href=\"#tab_especificaciones\" tabindex=\"-1\" role=\"tab\" aria-selected=\"false\" aria-controls=\"tab_especificaciones\"><span>ESPECIFICACIONES<\/span><\/a><\/li><\/ul><div class=\"tab-panels\"><div id=\"tab_informaci\u00d3n\" class=\"panel active entry-content\" role=\"tabpanel\" aria-labelledby=\"tab-informaci\u00d3n\">\n<div class=\"row\"  id=\"row-2107794211\">\n\n\t<div id=\"col-80961531\" class=\"col medium-6 small-12 large-6\"  >\n\t\t\t\t<div class=\"col-inner\"  >\n\t\t\t\n\t\t\t\n<p><strong>ILUMINACI\u00d3N INTELIGENTE<\/strong><\/p>\n<p>La iluminaci\u00f3n inteligente utiliza colores para notificar al usuario el modo de radio, posibles emergencias o eventos espec\u00edficos. Las alertas en color proporcionan informaci\u00f3n de un vistazo.<\/p>\n<p><strong>PERFILES RADIOF\u00d3NICOS<\/strong><\/p>\n<p>Las radios pueden configurarse con varios usuarios seleccionados o comportamientos de funcionamiento automatizados, como el nivel de audio, la iluminaci\u00f3n y los tonos. Tanto si est\u00e1 vigilando como si trabaja a plena luz del sol, el usuario puede personalizar los ajustes seg\u00fan sus necesidades.<\/p>\n<p><strong>MENSAJE DE TEXTO<\/strong><\/p>\n<p>La mensajer\u00eda de texto ofrece una soluci\u00f3n de mensajer\u00eda libre o enlatada. Env\u00ede y reciba mensajes de forma eficaz a y desde abonados u operadores de despacho.<\/p>\n<p><strong>LISTA UNIFICADA DE LLAMADAS<\/strong><\/p>\n<p>Consolida todas las listas de llamadas siguientes en una lista unificada. Los usuarios pueden acceder f\u00e1cilmente a toda la informaci\u00f3n asociada a un contacto concreto.<\/p>\n<div class=\"richtexteditor parbase\">\n<p><b>RANURA DE EXPANSI\u00d3N<\/b><\/p>\n<p>Ranura de expansi\u00f3n para futuras tarjetas opcionales como Bluetooth\u00ae y otras futuras aplicaciones de datos. Listo para su uso futuro.<\/p>\n<p><b>MEMORIA<\/b><\/p>\n<p>Ranura de memoria ampliable para almacenar futuros datos e informaci\u00f3n de aplicaciones. A medida que crecen las necesidades tecnol\u00f3gicas, se dispone de m\u00e1s memoria.<\/p>\n<p><b>PROGRAMA EN EL PROYECTO 25 (POP 25)<\/b><\/p>\n<p>La soluci\u00f3n POP25 de Motorola permite programar las radios de los abonados por aire a trav\u00e9s de los sistemas ASTRO 25 mientras permanecen sobre el terreno.<\/p>\n<\/div>\n\t\t<\/div>\n\t\t\t\t\t<\/div>\n\n\t\n\n\t<div id=\"col-562623903\" class=\"col medium-6 small-12 large-6\"  >\n\t\t\t\t<div class=\"col-inner text-left\"  >\n\t\t\t\n\t\t\t\n\t\t<\/div>\n\t\t\t\t\t<\/div>\n\n\t\n<\/div>\n<\/div>\n<div id=\"tab_accesorios\" class=\"panel entry-content\" role=\"tabpanel\" aria-labelledby=\"tab-accesorios\">\n<div class=\"row align-middle\"  id=\"row-261274474\">\n\n\t<div id=\"col-1663266353\" class=\"col medium-10 small-12 large-10\"  >\n\t\t\t\t<div class=\"col-inner\"  >\n\t\t\t\n\t\t\t\n<p>CONTENIDO<\/p>\n\t\t<\/div>\n\t\t\t\t\t<\/div>\n\n\t\n\n\t<div id=\"col-1123530863\" class=\"col medium-2 small-12 large-2\"  >\n\t\t\t\t<div class=\"col-inner\"  >\n\t\t\t\n\t\t\t\n\t\t<\/div>\n\t\t\t\t\t<\/div>\n\n\t\n<\/div>\n<\/div>\n<div id=\"tab_descargas\" class=\"panel entry-content\" role=\"tabpanel\" aria-labelledby=\"tab-descargas\">\n<div class=\"row\"  id=\"row-135332442\">\n\n\t<div id=\"col-914858145\" class=\"col medium-10 small-12 large-10\"  >\n\t\t\t\t<div class=\"col-inner\"  >\n\t\t\t\n\t\t\t\n<p><a href=\"https:\/\/www.abix.com.br\/wp-content\/uploads\/Ficha-APX7500.pdf\">APX7500 ficha t\u00e9cnica<\/a><\/p>\n\t\t<\/div>\n\t\t\t\t\t<\/div>\n\n\t\n<\/div>\n<\/div>\n<div id=\"tab_especificaciones\" class=\"panel entry-content\" role=\"tabpanel\" aria-labelledby=\"tab-especificaciones\">\n<div class=\"row\"  id=\"row-261206912\">\n\n\t<div id=\"col-716522292\" class=\"col medium-9 small-12 large-9\"  >\n\t\t\t\t<div class=\"col-inner\"  >\n\t\t\t\n\t\t\t\n<h3>CARACTER\u00cdSTICAS DE RENDIMIENTO<\/h3>\n<ul>\n<li><strong>Banda de frecuencias<\/strong><\/li>\n<\/ul>\n<p>VHF, UHF, 700 MHz, 800 MHz<\/p>\n<ul>\n<li><strong>Rangos de frecuencia<\/strong><\/li>\n<\/ul>\n<p>700\/800 (764-870 MHz), VHF (136-174 MHz), UHF R1 (380-470 MHz)<\/p>\n<ul>\n<li><strong>Niveles de potencia<\/strong><\/li>\n<\/ul>\n<p>10-35 vatios\/700\/800 MHz, 25-110 vatios\/VHF, 25-110 vatios\/UHF R1<\/p>\n<ul>\n<li><strong>Criptograf\u00eda<\/strong><\/li>\n<\/ul>\n<p>S\u00ed<\/p>\n<ul>\n<li><strong>Tipos de algoritmos de cifrado<\/strong><\/li>\n<\/ul>\n<p>AES, DES, DES-XL, DES-OFB, Privacidad digital avanzada (ADP)<\/p>\n<ul>\n<li><strong>Separaci\u00f3n entre canales<\/strong><\/li>\n<\/ul>\n<p>6,25 kHz, 12,5 kHz, 25 kHz<\/p>\n<\/p>\n<h3>TECNOLOG\u00cdA<\/h3>\n<ul>\n<li><strong>Tecnolog\u00eda digital<\/strong><\/li>\n<\/ul>\n<p>S\u00ed<\/p>\n<ul>\n<li><strong>Tipo de sistema<\/strong><\/li>\n<\/ul>\n<p>Convencional, Troncal SmartZone, Troncal SMARTNET<\/p>\n<h3>CARACTER\u00cdSTICAS F\u00cdSICAS<\/h3>\n<ul>\n<li><strong>Ajustes<\/strong><\/li>\n<\/ul>\n<p>Consolette<\/p>\n<ul>\n<li><strong>Dimensiones Al x An x Pr<\/strong><\/li>\n<\/ul>\n<p>2,0\u2033 x 7,0\u2033 x 9,6\u2033<\/p>\n<ul>\n<li><strong>Peso<\/strong><\/li>\n<\/ul>\n<p>3, 17 kg (7 lbs)<\/p>\n<ul>\n<li><strong>Mostrar<\/strong><\/li>\n<\/ul>\n<p>Alfanum\u00e9rico<\/p>\n<ul>\n<li><strong>Teclado<\/strong><\/li>\n<\/ul>\n<p>S\u00ed<\/p>\n<\/p>\n<h3>RECURSOS RADIOF\u00d3NICOS<\/h3>\n<ul>\n<li><strong>N\u00famero de canales<\/strong><\/li>\n<\/ul>\n<p>1250<\/p>\n<ul>\n<li><strong>Voz y datos integrados<\/strong><\/li>\n<\/ul>\n<p>S\u00ed<\/p>\n<ul>\n<li><strong>Mensajes de texto<\/strong><\/li>\n<\/ul>\n<p>S\u00ed<\/p>\n<ul>\n<li><strong>Funciones de software avanzadas<\/strong><\/li>\n<\/ul>\n<p>Programaci\u00f3n por aire (OTAP), Cambio de clave de cifrado por aire (OTAR)<\/p>\n\t\t<\/div>\n\t\t\t\t\t<\/div>\n\n\t\n<\/div>\n<\/div><\/div><\/div>\n\t\t<\/div>\n\t\t\t\t\t<\/div>\n\n\t\n<\/div>\n\t\t<\/div>\n\t\t\t\t\t<\/div>\n\n\t\n<\/div>\n\t\t<\/div>\n\n\t\t\n<style>\n#section_148823178 {\n  padding-top: 0px;\n  padding-bottom: 0px;\n}\n<\/style>\n\t<\/section>\n\t\n","protected":false},"excerpt":{"rendered":"<p style=\"text-align: justify;\">La radio multibanda APX7500 pone la interoperabilidad instant\u00e1nea en manos del personal de emergencias de misi\u00f3n cr\u00edtica. La radio m\u00f3vil P25 de cuarta generaci\u00f3n de Motorola tiene capacidades de interoperabilidad de m\u00faltiples bandas en una sola radio y puede funcionar en 2 de cualquiera de las siguientes bandas de frecuencia: 700\/800 MHz, VHF, UHF Range 1 y UHF Range 2, ofreciendo compatibilidad con equipos heredados y futuros (FDMA Y TDMA), y GPS integrado para seguimiento en exteriores.<\/p>\n<p style=\"text-align: justify;\">El APX 7500 ofrece una completa gama de cabezales de control con cinco opciones disponibles, lo que proporciona a los usuarios la flexibilidad de elegir el cabezal de control que mejor se adapte a sus necesidades organizativas. Dise\u00f1ada con tecnolog\u00eda de misi\u00f3n cr\u00edtica, la radio amplifica la capacidad de los agentes de seguridad p\u00fablica para mantener a la comunidad m\u00e1s segura que nunca.<\/p>\n","protected":false},"featured_media":10214,"comment_status":"closed","ping_status":"closed","template":"","meta":[],"product_brand":[],"product_cat":[181,155,157,186,163,156,177,176],"product_tag":[],"class_list":{"0":"post-19618","1":"product","2":"type-product","3":"status-publish","4":"has-post-thumbnail","6":"product_cat-astro-25-es","7":"product_cat-linea-profesional","8":"product_cat-motorola-es","9":"product_cat-radio-p25-es","10":"product_cat-radios-analogicas","11":"product_cat-radios-digitales","12":"product_cat-radios-fijas","13":"product_cat-radios-moviles","15":"first","16":"instock","17":"shipping-taxable","18":"product-type-simple"},"yoast_head":"<!-- This site is optimized with the Yoast SEO plugin v27.3 - https:\/\/yoast.com\/product\/yoast-seo-wordpress\/ -->\n<title>RADIO M\u00d3VIL DIGITAL - APX7500 - Abix Tecnologia<\/title>\n<meta name=\"description\" content=\"La radio m\u00f3vil digital APX7500 pone la interoperabilidad instant\u00e1nea en manos del personal de emergencias de misi\u00f3n cr\u00edtica.\" \/>\n<meta name=\"robots\" content=\"index, follow, max-snippet:-1, max-image-preview:large, max-video-preview:-1\" \/>\n<link rel=\"canonical\" href=\"https:\/\/abix.com.br\/produto\/apx7500\/\" \/>\n<meta property=\"og:locale\" content=\"es_ES\" \/>\n<meta property=\"og:type\" content=\"article\" \/>\n<meta property=\"og:title\" content=\"RADIO M\u00d3VIL DIGITAL - APX7500 - Abix Tecnologia\" \/>\n<meta property=\"og:description\" content=\"La radio m\u00f3vil digital APX7500 pone la interoperabilidad instant\u00e1nea en manos del personal de emergencias de misi\u00f3n cr\u00edtica.\" \/>\n<meta property=\"og:url\" content=\"https:\/\/abix.com.br\/produto\/apx7500\/\" \/>\n<meta property=\"og:site_name\" content=\"Abix\" \/>\n<meta property=\"article:modified_time\" content=\"2023-10-20T10:37:24+00:00\" \/>\n<meta property=\"og:image\" content=\"https:\/\/abix.com.br\/wp-content\/uploads\/2020\/05\/APX7500.jpg\" \/>\n\t<meta property=\"og:image:width\" content=\"400\" \/>\n\t<meta property=\"og:image:height\" content=\"294\" \/>\n\t<meta property=\"og:image:type\" content=\"image\/jpeg\" \/>\n<meta name=\"twitter:card\" content=\"summary_large_image\" \/>\n<meta name=\"twitter:label1\" content=\"Tiempo de lectura\" \/>\n\t<meta name=\"twitter:data1\" content=\"2 minutos\" \/>\n<script type=\"application\/ld+json\" class=\"yoast-schema-graph\">{\"@context\":\"https:\\\/\\\/schema.org\",\"@graph\":[{\"@type\":\"WebPage\",\"@id\":\"https:\\\/\\\/abix.com.br\\\/produto\\\/apx7500\\\/\",\"url\":\"https:\\\/\\\/abix.com.br\\\/produto\\\/apx7500\\\/\",\"name\":\"RADIO M\u00d3VIL DIGITAL - APX7500 - Abix Tecnologia\",\"isPartOf\":{\"@id\":\"https:\\\/\\\/abix.com.br\\\/#website\"},\"primaryImageOfPage\":{\"@id\":\"https:\\\/\\\/abix.com.br\\\/produto\\\/apx7500\\\/#primaryimage\"},\"image\":{\"@id\":\"https:\\\/\\\/abix.com.br\\\/produto\\\/apx7500\\\/#primaryimage\"},\"thumbnailUrl\":\"https:\\\/\\\/abix.com.br\\\/wp-content\\\/uploads\\\/2020\\\/05\\\/APX7500.jpg\",\"datePublished\":\"2020-05-28T19:53:18+00:00\",\"dateModified\":\"2023-10-20T10:37:24+00:00\",\"description\":\"La radio m\u00f3vil digital APX7500 pone la interoperabilidad instant\u00e1nea en manos del personal de emergencias de misi\u00f3n cr\u00edtica.\",\"breadcrumb\":{\"@id\":\"https:\\\/\\\/abix.com.br\\\/produto\\\/apx7500\\\/#breadcrumb\"},\"inLanguage\":\"es\",\"potentialAction\":[{\"@type\":\"ReadAction\",\"target\":[\"https:\\\/\\\/abix.com.br\\\/produto\\\/apx7500\\\/\"]}]},{\"@type\":\"ImageObject\",\"inLanguage\":\"es\",\"@id\":\"https:\\\/\\\/abix.com.br\\\/produto\\\/apx7500\\\/#primaryimage\",\"url\":\"https:\\\/\\\/abix.com.br\\\/wp-content\\\/uploads\\\/2020\\\/05\\\/APX7500.jpg\",\"contentUrl\":\"https:\\\/\\\/abix.com.br\\\/wp-content\\\/uploads\\\/2020\\\/05\\\/APX7500.jpg\",\"width\":400,\"height\":294,\"caption\":\"r\u00e1dio m\u00f3vel digiral APX7500\"},{\"@type\":\"BreadcrumbList\",\"@id\":\"https:\\\/\\\/abix.com.br\\\/produto\\\/apx7500\\\/#breadcrumb\",\"itemListElement\":[{\"@type\":\"ListItem\",\"position\":1,\"name\":\"In\u00edcio\",\"item\":\"https:\\\/\\\/abix.com.br\\\/es\\\/\"},{\"@type\":\"ListItem\",\"position\":2,\"name\":\"Tienda\",\"item\":\"https:\\\/\\\/abix.com.br\\\/loja\\\/\"},{\"@type\":\"ListItem\",\"position\":3,\"name\":\"RADIO M\u00d3VIL DIGITAL &#8211; APX7500\"}]},{\"@type\":\"WebSite\",\"@id\":\"https:\\\/\\\/abix.com.br\\\/#website\",\"url\":\"https:\\\/\\\/abix.com.br\\\/\",\"name\":\"Abix\",\"description\":\"\",\"potentialAction\":[{\"@type\":\"SearchAction\",\"target\":{\"@type\":\"EntryPoint\",\"urlTemplate\":\"https:\\\/\\\/abix.com.br\\\/?s={search_term_string}\"},\"query-input\":{\"@type\":\"PropertyValueSpecification\",\"valueRequired\":true,\"valueName\":\"search_term_string\"}}],\"inLanguage\":\"es\"}]}<\/script>\n<!-- \/ Yoast SEO plugin. -->","yoast_head_json":{"title":"RADIO M\u00d3VIL DIGITAL - APX7500 - Abix Tecnologia","description":"La radio m\u00f3vil digital APX7500 pone la interoperabilidad instant\u00e1nea en manos del personal de emergencias de misi\u00f3n cr\u00edtica.","robots":{"index":"index","follow":"follow","max-snippet":"max-snippet:-1","max-image-preview":"max-image-preview:large","max-video-preview":"max-video-preview:-1"},"canonical":"https:\/\/abix.com.br\/produto\/apx7500\/","og_locale":"es_ES","og_type":"article","og_title":"RADIO M\u00d3VIL DIGITAL - APX7500 - Abix Tecnologia","og_description":"La radio m\u00f3vil digital APX7500 pone la interoperabilidad instant\u00e1nea en manos del personal de emergencias de misi\u00f3n cr\u00edtica.","og_url":"https:\/\/abix.com.br\/produto\/apx7500\/","og_site_name":"Abix","article_modified_time":"2023-10-20T10:37:24+00:00","og_image":[{"width":400,"height":294,"url":"https:\/\/abix.com.br\/wp-content\/uploads\/2020\/05\/APX7500.jpg","type":"image\/jpeg"}],"twitter_card":"summary_large_image","twitter_misc":{"Tiempo de lectura":"2 minutos"},"schema":{"@context":"https:\/\/schema.org","@graph":[{"@type":"WebPage","@id":"https:\/\/abix.com.br\/produto\/apx7500\/","url":"https:\/\/abix.com.br\/produto\/apx7500\/","name":"RADIO M\u00d3VIL DIGITAL - APX7500 - Abix Tecnologia","isPartOf":{"@id":"https:\/\/abix.com.br\/#website"},"primaryImageOfPage":{"@id":"https:\/\/abix.com.br\/produto\/apx7500\/#primaryimage"},"image":{"@id":"https:\/\/abix.com.br\/produto\/apx7500\/#primaryimage"},"thumbnailUrl":"https:\/\/abix.com.br\/wp-content\/uploads\/2020\/05\/APX7500.jpg","datePublished":"2020-05-28T19:53:18+00:00","dateModified":"2023-10-20T10:37:24+00:00","description":"La radio m\u00f3vil digital APX7500 pone la interoperabilidad instant\u00e1nea en manos del personal de emergencias de misi\u00f3n cr\u00edtica.","breadcrumb":{"@id":"https:\/\/abix.com.br\/produto\/apx7500\/#breadcrumb"},"inLanguage":"es","potentialAction":[{"@type":"ReadAction","target":["https:\/\/abix.com.br\/produto\/apx7500\/"]}]},{"@type":"ImageObject","inLanguage":"es","@id":"https:\/\/abix.com.br\/produto\/apx7500\/#primaryimage","url":"https:\/\/abix.com.br\/wp-content\/uploads\/2020\/05\/APX7500.jpg","contentUrl":"https:\/\/abix.com.br\/wp-content\/uploads\/2020\/05\/APX7500.jpg","width":400,"height":294,"caption":"r\u00e1dio m\u00f3vel digiral APX7500"},{"@type":"BreadcrumbList","@id":"https:\/\/abix.com.br\/produto\/apx7500\/#breadcrumb","itemListElement":[{"@type":"ListItem","position":1,"name":"In\u00edcio","item":"https:\/\/abix.com.br\/es\/"},{"@type":"ListItem","position":2,"name":"Tienda","item":"https:\/\/abix.com.br\/loja\/"},{"@type":"ListItem","position":3,"name":"RADIO M\u00d3VIL DIGITAL &#8211; APX7500"}]},{"@type":"WebSite","@id":"https:\/\/abix.com.br\/#website","url":"https:\/\/abix.com.br\/","name":"Abix","description":"","potentialAction":[{"@type":"SearchAction","target":{"@type":"EntryPoint","urlTemplate":"https:\/\/abix.com.br\/?s={search_term_string}"},"query-input":{"@type":"PropertyValueSpecification","valueRequired":true,"valueName":"search_term_string"}}],"inLanguage":"es"}]}},"_links":{"self":[{"href":"https:\/\/abix.com.br\/es\/wp-json\/wp\/v2\/product\/19618","targetHints":{"allow":["GET"]}}],"collection":[{"href":"https:\/\/abix.com.br\/es\/wp-json\/wp\/v2\/product"}],"about":[{"href":"https:\/\/abix.com.br\/es\/wp-json\/wp\/v2\/types\/product"}],"replies":[{"embeddable":true,"href":"https:\/\/abix.com.br\/es\/wp-json\/wp\/v2\/comments?post=19618"}],"wp:featuredmedia":[{"embeddable":true,"href":"https:\/\/abix.com.br\/es\/wp-json\/wp\/v2\/media\/10214"}],"wp:attachment":[{"href":"https:\/\/abix.com.br\/es\/wp-json\/wp\/v2\/media?parent=19618"}],"wp:term":[{"taxonomy":"product_brand","embeddable":true,"href":"https:\/\/abix.com.br\/es\/wp-json\/wp\/v2\/product_brand?post=19618"},{"taxonomy":"product_cat","embeddable":true,"href":"https:\/\/abix.com.br\/es\/wp-json\/wp\/v2\/product_cat?post=19618"},{"taxonomy":"product_tag","embeddable":true,"href":"https:\/\/abix.com.br\/es\/wp-json\/wp\/v2\/product_tag?post=19618"}],"curies":[{"name":"wp","href":"https:\/\/api.w.org\/{rel}","templated":true}]}}