{"id":19619,"date":"2020-05-28T15:48:43","date_gmt":"2020-05-28T18:48:43","guid":{"rendered":"https:\/\/abix.com.br\/produto\/radio-movil-mototrbo-dgm4100\/"},"modified":"2023-10-20T07:37:57","modified_gmt":"2023-10-20T10:37:57","slug":"radio-movil-mototrbo-dgm4100","status":"publish","type":"product","link":"https:\/\/abix.com.br\/es\/produto\/radio-movil-mototrbo-dgm4100\/","title":{"rendered":"RADIO M\u00d3VIL MOTOTRBO &#8211; DGM4100"},"content":{"rendered":"\n\t<section class=\"section\" id=\"section_1030070654\">\n\t\t<div class=\"section-bg fill\" >\n\t\t\t\t\t\t\t\t\t\n\t\t\t\n\n\t\t<\/div>\n\n\t\t\n\n\t\t<div class=\"section-content relative\">\n\t\t\t\n<div class=\"row\"  id=\"row-1345682270\">\n\n\t<div id=\"col-845640304\" class=\"col small-12 large-12\"  >\n\t\t\t\t<div class=\"col-inner\"  >\n\t\t\t\n\t\t\t\n<div class=\"row\"  id=\"row-353169813\">\n\n\t<div id=\"col-1656841073\" class=\"col small-12 large-12\"  >\n\t\t\t\t<div class=\"col-inner\"  >\n\t\t\t\n\t\t\t\n\n\t\t<div class=\"tabbed-content locacao-tabs\">\n\t\t\t\n\t\t\t<ul class=\"nav nav-tabs nav-normal nav-size-xlarge nav-left active-on-hover\" role=\"tablist\"><li id=\"tab-informaci\u00d3n\" class=\"tab active has-icon\" role=\"presentation\"><a href=\"#tab_informaci\u00d3n\" role=\"tab\" aria-selected=\"true\" aria-controls=\"tab_informaci\u00d3n\"><span>INFORMACI\u00d3N<\/span><\/a><\/li>\n<li id=\"tab-accesorios\" class=\"tab has-icon\" role=\"presentation\"><a href=\"#tab_accesorios\" tabindex=\"-1\" role=\"tab\" aria-selected=\"false\" aria-controls=\"tab_accesorios\"><span>ACCESORIOS<\/span><\/a><\/li>\n<li id=\"tab-descargas\" class=\"tab has-icon\" role=\"presentation\"><a href=\"#tab_descargas\" tabindex=\"-1\" role=\"tab\" aria-selected=\"false\" aria-controls=\"tab_descargas\"><span>DESCARGAS<\/span><\/a><\/li>\n<li id=\"tab-especificaciones\" class=\"tab has-icon\" role=\"presentation\"><a href=\"#tab_especificaciones\" tabindex=\"-1\" role=\"tab\" aria-selected=\"false\" aria-controls=\"tab_especificaciones\"><span>ESPECIFICACIONES<\/span><\/a><\/li><\/ul><div class=\"tab-panels\"><div id=\"tab_informaci\u00d3n\" class=\"panel active entry-content\" role=\"tabpanel\" aria-labelledby=\"tab-informaci\u00d3n\">\n<div class=\"row\"  id=\"row-2118892186\">\n\n\t<div id=\"col-521564161\" class=\"col medium-6 small-12 large-6\"  >\n\t\t\t\t<div class=\"col-inner\"  >\n\t\t\t\n\t\t\t\n<p><strong>FUNCIONES PRINCIPALES<\/strong><\/p>\n<ul>\n<li>Radios m\u00f3viles disponibles en modelos con pantalla alfanum\u00e9rica, con GPS y sin GPS.<\/li>\n<li>Utiliza tecnolog\u00eda digital TDMA (Acceso M\u00faltiple por Divisi\u00f3n en el Tiempo), que duplica el n\u00famero de usuarios que puede tener con un solo canal de 12,5 kHz con licencia.<\/li>\n<li>Integra voz y datos, aumentando la eficacia operativa.<\/li>\n<li>Admite aplicaciones como los servicios de mensajer\u00eda de texto MOTOTRBO y los servicios de localizaci\u00f3n MOTOTRBO.<\/li>\n<li>Dispone de cuatro botones programables para acceder f\u00e1cilmente a sus funciones favoritas.<\/li>\n<li>Incluye botones personalizables para facilitar la comprensi\u00f3n del usuario.<\/li>\n<li>El bot\u00f3n de emergencia alerta al supervisor o al despachador en situaciones de emergencia.<\/li>\n<\/ul>\n\t\t<\/div>\n\t\t\t\t\t<\/div>\n\n\t\n\n\t<div id=\"col-828243186\" class=\"col medium-6 small-12 large-6\"  >\n\t\t\t\t<div class=\"col-inner text-left\"  >\n\t\t\t\n\t\t\t\n<ul>\n<li>Indicadores con LED multicolor para informaci\u00f3n clara y visible sobre las funciones de llamada, exploraci\u00f3n y supervisi\u00f3n.<\/li>\n<li>Mayor privacidad Capacidad de itinerancia en el sistema de conexi\u00f3n local \u00abIP Site Connect\u00bb.<\/li>\n<li>Admite hasta 1.000 canales.<\/li>\n<li>Los modelos con GPS pueden transmitir las coordenadas de localizaci\u00f3n mediante la aplicaci\u00f3n Servicios de Localizaci\u00f3n.<\/li>\n<li>Ofrece una migraci\u00f3n sencilla de anal\u00f3gico a digital, con capacidad para funcionar en ambos modos.<\/li>\n<li>Cumple las normas militares estadounidenses 810 C, D, E y F y las pruebas de durabilidad y fiabilidad de Motorola.<\/li>\n<li>Utiliza el sistema de audio IMPRES para mejorar la funcionalidad de audio.<\/li>\n<li>Micr\u00f3fono compacto y ergon\u00f3mico.<\/li>\n<li>Funciones mejoradas de gesti\u00f3n de llamadas, incluyendo alerta de llamada, llamada de emergencia, monitorizaci\u00f3n remota, identificaci\u00f3n de llamada (PTT-ID), comprobaci\u00f3n de radio, llamada privada, desactivaci\u00f3n de radio.<\/li>\n<li>Env\u00eda mensajes de texto cortos (requiere micr\u00f3fono con teclado) y mensajes r\u00e1pidos preprogramados a trav\u00e9s del men\u00fa y los botones programables.<\/li>\n<\/ul>\n\t\t<\/div>\n\t\t\t\t\t<\/div>\n\n\t\n<\/div>\n<\/div>\n<div id=\"tab_accesorios\" class=\"panel entry-content\" role=\"tabpanel\" aria-labelledby=\"tab-accesorios\">\n<div class=\"row align-middle\"  id=\"row-277535819\">\n\n\t<div id=\"col-1729439995\" class=\"col medium-10 small-12 large-10\"  >\n\t\t\t\t<div class=\"col-inner\"  >\n\t\t\t\n\t\t\t\n<p>CONTENIDO<\/p>\n\t\t<\/div>\n\t\t\t\t\t<\/div>\n\n\t\n\n\t<div id=\"col-912373152\" class=\"col medium-2 small-12 large-2\"  >\n\t\t\t\t<div class=\"col-inner\"  >\n\t\t\t\n\t\t\t\n\t\t<\/div>\n\t\t\t\t\t<\/div>\n\n\t\n<\/div>\n<\/div>\n<div id=\"tab_descargas\" class=\"panel entry-content\" role=\"tabpanel\" aria-labelledby=\"tab-descargas\">\n<div class=\"row\"  id=\"row-1517221394\">\n\n\t<div id=\"col-1095925236\" class=\"col medium-10 small-12 large-10\"  >\n\t\t\t\t<div class=\"col-inner\"  >\n\t\t\t\n\t\t\t\n<p><a href=\"https:\/\/www.abix.com.br\/wp-content\/uploads\/Ficha-DGM4100.pdf\">Hoja de datos DGM4100<\/a><\/p>\n\t\t<\/div>\n\t\t\t\t\t<\/div>\n\n\t\n<\/div>\n<\/div>\n<div id=\"tab_especificaciones\" class=\"panel entry-content\" role=\"tabpanel\" aria-labelledby=\"tab-especificaciones\">\n<div class=\"row\"  id=\"row-2142664208\">\n\n\t<div id=\"col-974902517\" class=\"col medium-9 small-12 large-9\"  >\n\t\t\t\t<div class=\"col-inner\"  >\n\t\t\t\n\t\t\t\n<h3>CARACTER\u00cdSTICAS F\u00cdSICAS<\/h3>\n<ul>\n<li><strong>Dimensiones Al x An x Pr<\/strong><\/li>\n<\/ul>\n<p>51 x 175 x 206 mm (2,01 x 6,89 x 8,11 pulg.)<\/p>\n<ul>\n<li><strong>Peso<\/strong><\/li>\n<\/ul>\n<p>1,8 kg (4,0 lb)<\/p>\n<h3>ENTORNO DE USUARIO<\/h3>\n<ul>\n<li><strong>Especificaciones militares<\/strong><\/li>\n<\/ul>\n<p>810 C, 810 D, 810 E, 810 F<\/p>\n<h3>CARACTER\u00cdSTICAS DE RENDIMIENTO<\/h3>\n<ul>\n<li><strong>Gama de frecuencias<\/strong><\/li>\n<\/ul>\n<p>VHF 136 &#8211; 174 MHz<\/p>\n<p>UHF 403 &#8211; 470 MHz<\/p>\n<p>UHF 450 &#8211; 527 MHz<\/p>\n\t\t<\/div>\n\t\t\t\t\t<\/div>\n\n\t\n<\/div>\n<\/div><\/div><\/div>\n\t\t<\/div>\n\t\t\t\t\t<\/div>\n\n\t\n<\/div>\n\t\t<\/div>\n\t\t\t\t\t<\/div>\n\n\t\n<\/div>\n\t\t<\/div>\n\n\t\t\n<style>\n#section_1030070654 {\n  padding-top: 0px;\n  padding-bottom: 0px;\n}\n<\/style>\n\t<\/section>\n\t\n","protected":false},"excerpt":{"rendered":"<p style=\"text-align: justify;\">La pr\u00f3xima generaci\u00f3n de soluciones profesionales de radiocomunicaci\u00f3n bidireccional ya est\u00e1 aqu\u00ed, con m\u00e1s rendimiento, productividad y valor, gracias a la tecnolog\u00eda digital, que presenta una mayor capacidad y eficiencia del espectro, comunicaci\u00f3n de datos integrada y comunicaciones de voz mejoradas.<\/p>\n<p style=\"text-align: justify;\">La gama MOTOTRBO le ofrece una soluci\u00f3n privada, rentable y basada en est\u00e1ndares que puede personalizarse para satisfacer sus necesidades exclusivas de cobertura y funciones.<\/p>\n<p style=\"text-align: justify;\">Esta vers\u00e1til cartera incluye un completo sistema de radios port\u00e1tiles, radios m\u00f3viles, repetidores, accesorios y aplicaciones de datos. Es una soluci\u00f3n completa.<\/p>\n","protected":false},"featured_media":10210,"comment_status":"closed","ping_status":"closed","template":"","meta":[],"product_brand":[],"product_cat":[155,157,161,162,163,156,177,176],"product_tag":[],"class_list":{"0":"post-19619","1":"product","2":"type-product","3":"status-publish","4":"has-post-thumbnail","6":"product_cat-linea-profesional","7":"product_cat-motorola-es","8":"product_cat-mototrbo-es","9":"product_cat-radio-dmr-es","10":"product_cat-radios-analogicas","11":"product_cat-radios-digitales","12":"product_cat-radios-fijas","13":"product_cat-radios-moviles","15":"first","16":"instock","17":"shipping-taxable","18":"product-type-simple"},"yoast_head":"<!-- This site is optimized with the Yoast SEO plugin v27.4 - https:\/\/yoast.com\/product\/yoast-seo-wordpress\/ -->\n<title>RADIO MOVIL MOTOTRBO DGM4100 - Abix Tecnologia<\/title>\n<meta name=\"description\" content=\"RADIO M\u00d3VIL MOTOTRBO DGM4100 - Ya est\u00e1 aqu\u00ed la nueva generaci\u00f3n de soluciones profesionales de comunicaci\u00f3n por radio bidireccional. Ver m\u00e1s\" \/>\n<meta name=\"robots\" content=\"index, follow, max-snippet:-1, max-image-preview:large, max-video-preview:-1\" \/>\n<link rel=\"canonical\" href=\"https:\/\/abix.com.br\/produto\/dgm4100\/\" \/>\n<meta property=\"og:locale\" content=\"es_ES\" \/>\n<meta property=\"og:type\" content=\"article\" \/>\n<meta property=\"og:title\" content=\"RADIO MOVIL MOTOTRBO DGM4100 - Abix Tecnologia\" \/>\n<meta property=\"og:description\" content=\"RADIO M\u00d3VIL MOTOTRBO DGM4100 - Ya est\u00e1 aqu\u00ed la nueva generaci\u00f3n de soluciones profesionales de comunicaci\u00f3n por radio bidireccional. Ver m\u00e1s\" \/>\n<meta property=\"og:url\" content=\"https:\/\/abix.com.br\/produto\/dgm4100\/\" \/>\n<meta property=\"og:site_name\" content=\"Abix\" \/>\n<meta property=\"article:modified_time\" content=\"2023-10-20T10:37:57+00:00\" \/>\n<meta property=\"og:image\" content=\"https:\/\/abix.com.br\/wp-content\/uploads\/2020\/05\/dgm4100-1.jpg\" \/>\n\t<meta property=\"og:image:width\" content=\"500\" \/>\n\t<meta property=\"og:image:height\" content=\"244\" \/>\n\t<meta property=\"og:image:type\" content=\"image\/jpeg\" \/>\n<meta name=\"twitter:card\" content=\"summary_large_image\" \/>\n<meta name=\"twitter:label1\" content=\"Tiempo de lectura\" \/>\n\t<meta name=\"twitter:data1\" content=\"2 minutos\" \/>\n<script type=\"application\/ld+json\" class=\"yoast-schema-graph\">{\"@context\":\"https:\\\/\\\/schema.org\",\"@graph\":[{\"@type\":\"WebPage\",\"@id\":\"https:\\\/\\\/abix.com.br\\\/produto\\\/dgm4100\\\/\",\"url\":\"https:\\\/\\\/abix.com.br\\\/produto\\\/dgm4100\\\/\",\"name\":\"RADIO MOVIL MOTOTRBO DGM4100 - Abix Tecnologia\",\"isPartOf\":{\"@id\":\"https:\\\/\\\/abix.com.br\\\/#website\"},\"primaryImageOfPage\":{\"@id\":\"https:\\\/\\\/abix.com.br\\\/produto\\\/dgm4100\\\/#primaryimage\"},\"image\":{\"@id\":\"https:\\\/\\\/abix.com.br\\\/produto\\\/dgm4100\\\/#primaryimage\"},\"thumbnailUrl\":\"https:\\\/\\\/abix.com.br\\\/wp-content\\\/uploads\\\/2020\\\/05\\\/dgm4100-1.jpg\",\"datePublished\":\"2020-05-28T18:48:43+00:00\",\"dateModified\":\"2023-10-20T10:37:57+00:00\",\"description\":\"RADIO M\u00d3VIL MOTOTRBO DGM4100 - Ya est\u00e1 aqu\u00ed la nueva generaci\u00f3n de soluciones profesionales de comunicaci\u00f3n por radio bidireccional. Ver m\u00e1s\",\"breadcrumb\":{\"@id\":\"https:\\\/\\\/abix.com.br\\\/produto\\\/dgm4100\\\/#breadcrumb\"},\"inLanguage\":\"es\",\"potentialAction\":[{\"@type\":\"ReadAction\",\"target\":[\"https:\\\/\\\/abix.com.br\\\/produto\\\/dgm4100\\\/\"]}]},{\"@type\":\"ImageObject\",\"inLanguage\":\"es\",\"@id\":\"https:\\\/\\\/abix.com.br\\\/produto\\\/dgm4100\\\/#primaryimage\",\"url\":\"https:\\\/\\\/abix.com.br\\\/wp-content\\\/uploads\\\/2020\\\/05\\\/dgm4100-1.jpg\",\"contentUrl\":\"https:\\\/\\\/abix.com.br\\\/wp-content\\\/uploads\\\/2020\\\/05\\\/dgm4100-1.jpg\",\"width\":500,\"height\":244,\"caption\":\"R\u00c1DIO M\u00d3VEL MOTOTRBO DGM4100\"},{\"@type\":\"BreadcrumbList\",\"@id\":\"https:\\\/\\\/abix.com.br\\\/produto\\\/dgm4100\\\/#breadcrumb\",\"itemListElement\":[{\"@type\":\"ListItem\",\"position\":1,\"name\":\"In\u00edcio\",\"item\":\"https:\\\/\\\/abix.com.br\\\/es\\\/\"},{\"@type\":\"ListItem\",\"position\":2,\"name\":\"Tienda\",\"item\":\"https:\\\/\\\/abix.com.br\\\/loja\\\/\"},{\"@type\":\"ListItem\",\"position\":3,\"name\":\"RADIO M\u00d3VIL MOTOTRBO &#8211; DGM4100\"}]},{\"@type\":\"WebSite\",\"@id\":\"https:\\\/\\\/abix.com.br\\\/#website\",\"url\":\"https:\\\/\\\/abix.com.br\\\/\",\"name\":\"Abix\",\"description\":\"\",\"potentialAction\":[{\"@type\":\"SearchAction\",\"target\":{\"@type\":\"EntryPoint\",\"urlTemplate\":\"https:\\\/\\\/abix.com.br\\\/?s={search_term_string}\"},\"query-input\":{\"@type\":\"PropertyValueSpecification\",\"valueRequired\":true,\"valueName\":\"search_term_string\"}}],\"inLanguage\":\"es\"}]}<\/script>\n<!-- \/ Yoast SEO plugin. -->","yoast_head_json":{"title":"RADIO MOVIL MOTOTRBO DGM4100 - Abix Tecnologia","description":"RADIO M\u00d3VIL MOTOTRBO DGM4100 - Ya est\u00e1 aqu\u00ed la nueva generaci\u00f3n de soluciones profesionales de comunicaci\u00f3n por radio bidireccional. Ver m\u00e1s","robots":{"index":"index","follow":"follow","max-snippet":"max-snippet:-1","max-image-preview":"max-image-preview:large","max-video-preview":"max-video-preview:-1"},"canonical":"https:\/\/abix.com.br\/produto\/dgm4100\/","og_locale":"es_ES","og_type":"article","og_title":"RADIO MOVIL MOTOTRBO DGM4100 - Abix Tecnologia","og_description":"RADIO M\u00d3VIL MOTOTRBO DGM4100 - Ya est\u00e1 aqu\u00ed la nueva generaci\u00f3n de soluciones profesionales de comunicaci\u00f3n por radio bidireccional. Ver m\u00e1s","og_url":"https:\/\/abix.com.br\/produto\/dgm4100\/","og_site_name":"Abix","article_modified_time":"2023-10-20T10:37:57+00:00","og_image":[{"width":500,"height":244,"url":"https:\/\/abix.com.br\/wp-content\/uploads\/2020\/05\/dgm4100-1.jpg","type":"image\/jpeg"}],"twitter_card":"summary_large_image","twitter_misc":{"Tiempo de lectura":"2 minutos"},"schema":{"@context":"https:\/\/schema.org","@graph":[{"@type":"WebPage","@id":"https:\/\/abix.com.br\/produto\/dgm4100\/","url":"https:\/\/abix.com.br\/produto\/dgm4100\/","name":"RADIO MOVIL MOTOTRBO DGM4100 - Abix Tecnologia","isPartOf":{"@id":"https:\/\/abix.com.br\/#website"},"primaryImageOfPage":{"@id":"https:\/\/abix.com.br\/produto\/dgm4100\/#primaryimage"},"image":{"@id":"https:\/\/abix.com.br\/produto\/dgm4100\/#primaryimage"},"thumbnailUrl":"https:\/\/abix.com.br\/wp-content\/uploads\/2020\/05\/dgm4100-1.jpg","datePublished":"2020-05-28T18:48:43+00:00","dateModified":"2023-10-20T10:37:57+00:00","description":"RADIO M\u00d3VIL MOTOTRBO DGM4100 - Ya est\u00e1 aqu\u00ed la nueva generaci\u00f3n de soluciones profesionales de comunicaci\u00f3n por radio bidireccional. Ver m\u00e1s","breadcrumb":{"@id":"https:\/\/abix.com.br\/produto\/dgm4100\/#breadcrumb"},"inLanguage":"es","potentialAction":[{"@type":"ReadAction","target":["https:\/\/abix.com.br\/produto\/dgm4100\/"]}]},{"@type":"ImageObject","inLanguage":"es","@id":"https:\/\/abix.com.br\/produto\/dgm4100\/#primaryimage","url":"https:\/\/abix.com.br\/wp-content\/uploads\/2020\/05\/dgm4100-1.jpg","contentUrl":"https:\/\/abix.com.br\/wp-content\/uploads\/2020\/05\/dgm4100-1.jpg","width":500,"height":244,"caption":"R\u00c1DIO M\u00d3VEL MOTOTRBO DGM4100"},{"@type":"BreadcrumbList","@id":"https:\/\/abix.com.br\/produto\/dgm4100\/#breadcrumb","itemListElement":[{"@type":"ListItem","position":1,"name":"In\u00edcio","item":"https:\/\/abix.com.br\/es\/"},{"@type":"ListItem","position":2,"name":"Tienda","item":"https:\/\/abix.com.br\/loja\/"},{"@type":"ListItem","position":3,"name":"RADIO M\u00d3VIL MOTOTRBO &#8211; DGM4100"}]},{"@type":"WebSite","@id":"https:\/\/abix.com.br\/#website","url":"https:\/\/abix.com.br\/","name":"Abix","description":"","potentialAction":[{"@type":"SearchAction","target":{"@type":"EntryPoint","urlTemplate":"https:\/\/abix.com.br\/?s={search_term_string}"},"query-input":{"@type":"PropertyValueSpecification","valueRequired":true,"valueName":"search_term_string"}}],"inLanguage":"es"}]}},"_links":{"self":[{"href":"https:\/\/abix.com.br\/es\/wp-json\/wp\/v2\/product\/19619","targetHints":{"allow":["GET"]}}],"collection":[{"href":"https:\/\/abix.com.br\/es\/wp-json\/wp\/v2\/product"}],"about":[{"href":"https:\/\/abix.com.br\/es\/wp-json\/wp\/v2\/types\/product"}],"replies":[{"embeddable":true,"href":"https:\/\/abix.com.br\/es\/wp-json\/wp\/v2\/comments?post=19619"}],"wp:featuredmedia":[{"embeddable":true,"href":"https:\/\/abix.com.br\/es\/wp-json\/wp\/v2\/media\/10210"}],"wp:attachment":[{"href":"https:\/\/abix.com.br\/es\/wp-json\/wp\/v2\/media?parent=19619"}],"wp:term":[{"taxonomy":"product_brand","embeddable":true,"href":"https:\/\/abix.com.br\/es\/wp-json\/wp\/v2\/product_brand?post=19619"},{"taxonomy":"product_cat","embeddable":true,"href":"https:\/\/abix.com.br\/es\/wp-json\/wp\/v2\/product_cat?post=19619"},{"taxonomy":"product_tag","embeddable":true,"href":"https:\/\/abix.com.br\/es\/wp-json\/wp\/v2\/product_tag?post=19619"}],"curies":[{"name":"wp","href":"https:\/\/api.w.org\/{rel}","templated":true}]}}