{"id":19623,"date":"2020-05-21T11:57:56","date_gmt":"2020-05-21T14:57:56","guid":{"rendered":"https:\/\/abix.com.br\/produto\/radio-movil-mototrbo-dem300\/"},"modified":"2023-10-20T07:42:16","modified_gmt":"2023-10-20T10:42:16","slug":"radio-movil-mototrbo-dem300","status":"publish","type":"product","link":"https:\/\/abix.com.br\/es\/produto\/radio-movil-mototrbo-dem300\/","title":{"rendered":"RADIO M\u00d3VIL MOTOTRBO &#8211; DEM300"},"content":{"rendered":"\n\t<section class=\"section\" id=\"section_967320633\">\n\t\t<div class=\"section-bg fill\" >\n\t\t\t\t\t\t\t\t\t\n\t\t\t\n\n\t\t<\/div>\n\n\t\t\n\n\t\t<div class=\"section-content relative\">\n\t\t\t\n<div class=\"row\"  id=\"row-1563285022\">\n\n\t<div id=\"col-1555117302\" class=\"col small-12 large-12\"  >\n\t\t\t\t<div class=\"col-inner\"  >\n\t\t\t\n\t\t\t\n<div class=\"row\"  id=\"row-274830016\">\n\n\t<div id=\"col-793431334\" class=\"col small-12 large-12\"  >\n\t\t\t\t<div class=\"col-inner\"  >\n\t\t\t\n\t\t\t\n\n\t\t<div class=\"tabbed-content locacao-tabs\">\n\t\t\t\n\t\t\t<ul class=\"nav nav-tabs nav-normal nav-size-xlarge nav-left active-on-hover\" role=\"tablist\"><li id=\"tab-informaci\u00d3n\" class=\"tab active has-icon\" role=\"presentation\"><a href=\"#tab_informaci\u00d3n\" role=\"tab\" aria-selected=\"true\" aria-controls=\"tab_informaci\u00d3n\"><span>INFORMACI\u00d3N<\/span><\/a><\/li>\n<li id=\"tab-accesorios\" class=\"tab has-icon\" role=\"presentation\"><a href=\"#tab_accesorios\" tabindex=\"-1\" role=\"tab\" aria-selected=\"false\" aria-controls=\"tab_accesorios\"><span>ACCESORIOS<\/span><\/a><\/li>\n<li id=\"tab-descargas\" class=\"tab has-icon\" role=\"presentation\"><a href=\"#tab_descargas\" tabindex=\"-1\" role=\"tab\" aria-selected=\"false\" aria-controls=\"tab_descargas\"><span>DESCARGAS<\/span><\/a><\/li>\n<li id=\"tab-especificaciones\" class=\"tab has-icon\" role=\"presentation\"><a href=\"#tab_especificaciones\" tabindex=\"-1\" role=\"tab\" aria-selected=\"false\" aria-controls=\"tab_especificaciones\"><span>ESPECIFICACIONES<\/span><\/a><\/li><\/ul><div class=\"tab-panels\"><div id=\"tab_informaci\u00d3n\" class=\"panel active entry-content\" role=\"tabpanel\" aria-labelledby=\"tab-informaci\u00d3n\">\n<div class=\"row\"  id=\"row-430342631\">\n\n\t<div id=\"col-129875965\" class=\"col medium-6 small-12 large-6\"  >\n\t\t\t\t<div class=\"col-inner\"  >\n\t\t\t\n\t\t\t\n<p style=\"text-align: justify;\"><strong>FUNCIONES DE INTERRUPCI\u00d3N DE LA TRANSMISI\u00d3N<\/strong><\/p>\n<p style=\"text-align: justify;\">Permite al usuario interrumpir otra conversaci\u00f3n por radio para proporcionar comunicaciones esenciales exactamente cuando y donde se necesitan.<\/p>\n<p style=\"text-align: justify;\"><strong>CLASIFICACI\u00d3N IP54<\/strong><\/p>\n<p style=\"text-align: justify;\">Resistente al polvo y al agua para que pueda trabajar con confianza en entornos dif\u00edciles.<\/p>\n<div class=\"richtexteditor parbase\">\n<p style=\"text-align: justify;\"><b>COMPATIBLE CON LA SUITE DE GESTI\u00d3N DE LA RADIO<\/b><\/p>\n<p style=\"text-align: justify;\">Programe sus radios de forma r\u00e1pida y eficaz con la herramienta de gesti\u00f3n de radios. Las radios pueden programarse por lotes siguiendo un modelo normalizado, lo que permite obtener resultados y un rendimiento sin errores.<\/p>\n<\/div>\n\t\t<\/div>\n\t\t\t\t\t<\/div>\n\n\t\n\n\t<div id=\"col-1600539338\" class=\"col medium-6 small-12 large-6\"  >\n\t\t\t\t<div class=\"col-inner text-left\"  >\n\t\t\t\n\t\t\t\n\t\t<\/div>\n\t\t\t\t\t<\/div>\n\n\t\n<\/div>\n<\/div>\n<div id=\"tab_accesorios\" class=\"panel entry-content\" role=\"tabpanel\" aria-labelledby=\"tab-accesorios\">\n<div class=\"row align-middle\"  id=\"row-1572861629\">\n\n\t<div id=\"col-491701058\" class=\"col medium-10 small-12 large-10\"  >\n\t\t\t\t<div class=\"col-inner\"  >\n\t\t\t\n\t\t\t\n<p style=\"text-align: justify;\">CONTENIDO<\/p>\n\t\t<\/div>\n\t\t\t\t\t<\/div>\n\n\t\n\n\t<div id=\"col-387413279\" class=\"col medium-2 small-12 large-2\"  >\n\t\t\t\t<div class=\"col-inner\"  >\n\t\t\t\n\t\t\t\n\t\t<\/div>\n\t\t\t\t\t<\/div>\n\n\t\n<\/div>\n<\/div>\n<div id=\"tab_descargas\" class=\"panel entry-content\" role=\"tabpanel\" aria-labelledby=\"tab-descargas\">\n<div class=\"row\"  id=\"row-2016602107\">\n\n\t<div id=\"col-1490928806\" class=\"col medium-10 small-12 large-10\"  >\n\t\t\t\t<div class=\"col-inner\"  >\n\t\t\t\n\t\t\t\n<p><a href=\"https:\/\/www.abix.com.br\/wp-content\/uploads\/Ficha-DEM300.pdf\">Ficha DEM300<\/a><\/p>\n\t\t<\/div>\n\t\t\t\t\t<\/div>\n\n\t\n<\/div>\n<\/div>\n<div id=\"tab_especificaciones\" class=\"panel entry-content\" role=\"tabpanel\" aria-labelledby=\"tab-especificaciones\">\n<div class=\"row\"  id=\"row-734453036\">\n\n\t<div id=\"col-840729094\" class=\"col medium-9 small-12 large-9\"  >\n\t\t\t\t<div class=\"col-inner\"  >\n\t\t\t\n\t\t\t\n<ul>\n<li><strong>Gama de frecuencias<\/strong><\/li>\n<\/ul>\n<p>VHF, UHF<\/p>\n<ul>\n<li><strong>Gama de frecuencias<\/strong><\/li>\n<\/ul>\n<p>VHF 136 &#8211; 174 MHz<\/p>\n<p>UHF 403 &#8211; 470 MHz<\/p>\n<h3>CARACTER\u00cdSTICAS F\u00cdSICAS<\/h3>\n<ul>\n<li><strong>Dimensiones Al x An x Pr<\/strong><\/li>\n<\/ul>\n<p>1,7 x 6,7 x 5,3 pulg. (44 x 169 x 134 mm)<\/p>\n<h3>ENTORNO DE USUARIO<\/h3>\n<ul>\n<li><strong>Normas IP<\/strong><\/li>\n<\/ul>\n<p>IP54<\/p>\n<ul>\n<li><strong>Especificaciones militares<\/strong><\/li>\n<\/ul>\n<p>810 C, 810 D, 810 E, 810 F, 810 G<\/p>\n<h3>RECURSOS RADIOF\u00d3NICOS<\/h3>\n<ul>\n<li><strong>Anuncio de voz<\/strong><\/li>\n<\/ul>\n<p>S\u00ed<\/p>\n<ul>\n<li><strong>Separaci\u00f3n entre canales<\/strong><\/li>\n<\/ul>\n<p>12,5 KHz, 25 KHz<\/p>\n<ul>\n<li><strong>Interrupci\u00f3n de la transmisi\u00f3n<\/strong><\/li>\n<\/ul>\n<p>S\u00ed<\/p>\n<h3>TECNOLOG\u00cdA<\/h3>\n<ul>\n<li><strong>Tecnolog\u00eda digital<\/strong><\/li>\n<\/ul>\n<p>S\u00ed<\/p>\n\t\t<\/div>\n\t\t\t\t\t<\/div>\n\n\t\n<\/div>\n<\/div><\/div><\/div>\n\t\t<\/div>\n\t\t\t\t\t<\/div>\n\n\t\n<\/div>\n\t\t<\/div>\n\t\t\t\t\t<\/div>\n\n\t\n<\/div>\n\t\t<\/div>\n\n\t\t\n<style>\n#section_967320633 {\n  padding-top: 0px;\n  padding-bottom: 0px;\n}\n<\/style>\n\t<\/section>\n\t\n","protected":false},"excerpt":{"rendered":"<p style=\"text-align: justify;\">Mant\u00e9ngase conectado con sus empleados, ya est\u00e9n repartiendo mercanc\u00edas, despachando camiones o conduciendo un autob\u00fas escolar. La radio m\u00f3vil MOTOTRBO DEM 300 es una soluci\u00f3n fiable y econ\u00f3mica para mantener a su equipo en contacto, de modo que puedan comunicarse, coordinarse y colaborar con la m\u00e1xima eficacia y seguridad. El DEM 300 se ha dise\u00f1ado para que el conductor pueda conectarse sin distracciones. Estas radios pueden ser utilizadas por los conductores de veh\u00edculos comerciales mientras conducen sus veh\u00edculos.<\/p>\n<p style=\"text-align: justify;\">Esta radio m\u00f3vil anal\u00f3gica\/digital ofrece todas las ventajas de la tecnolog\u00eda m\u00e1s avanzada: desde una calidad de audio superior hasta una cobertura m\u00e1s amplia. Tambi\u00e9n es compatible con las funciones avanzadas cr\u00edticas para la empresa de MOTOTRBO, como la interrupci\u00f3n de la transmisi\u00f3n (s\u00f3lo descodificaci\u00f3n) para dar prioridad a las comunicaciones importantes.<\/p>\n<p style=\"text-align: justify;\">El modelo s\u00f3lo anal\u00f3gico del DEM 300 le permite actualizarlo al modelo digital con un sencillo paquete de software cuando le convenga. El DEM 300 es f\u00e1cil de usar y proporciona una comunicaci\u00f3n clara para lograr la m\u00e1xima eficacia en sus operaciones. Motorola tambi\u00e9n ofrece la radio m\u00f3vil MOTOTRBO DEM 300 con pantalla alfanum\u00e9rica.<\/p>\n","protected":false},"featured_media":10070,"comment_status":"closed","ping_status":"closed","template":"","meta":[],"product_brand":[],"product_cat":[155,157,161,162,163,156,177,176],"product_tag":[],"class_list":{"0":"post-19623","1":"product","2":"type-product","3":"status-publish","4":"has-post-thumbnail","6":"product_cat-linea-profesional","7":"product_cat-motorola-es","8":"product_cat-mototrbo-es","9":"product_cat-radio-dmr-es","10":"product_cat-radios-analogicas","11":"product_cat-radios-digitales","12":"product_cat-radios-fijas","13":"product_cat-radios-moviles","15":"first","16":"instock","17":"shipping-taxable","18":"product-type-simple"},"yoast_head":"<!-- This site is optimized with the Yoast SEO plugin v27.4 - https:\/\/yoast.com\/product\/yoast-seo-wordpress\/ -->\n<title>RADIO MOVIL MOTOTRBO DEM300 - Abix Tecnologia<\/title>\n<meta name=\"description\" content=\"La RADIO M\u00d3VIL MOTOTRBO DEM300 es una soluci\u00f3n fiable y econ\u00f3mica para mantener a su equipo en contacto. Visite nuestro sitio web y obtenga m\u00e1s informaci\u00f3n.\" \/>\n<meta name=\"robots\" content=\"index, follow, max-snippet:-1, max-image-preview:large, max-video-preview:-1\" \/>\n<link rel=\"canonical\" href=\"https:\/\/abix.com.br\/produto\/dem300\/\" \/>\n<meta property=\"og:locale\" content=\"es_ES\" \/>\n<meta property=\"og:type\" content=\"article\" \/>\n<meta property=\"og:title\" content=\"RADIO MOVIL MOTOTRBO DEM300 - Abix Tecnologia\" \/>\n<meta property=\"og:description\" content=\"La RADIO M\u00d3VIL MOTOTRBO DEM300 es una soluci\u00f3n fiable y econ\u00f3mica para mantener a su equipo en contacto. Visite nuestro sitio web y obtenga m\u00e1s informaci\u00f3n.\" \/>\n<meta property=\"og:url\" content=\"https:\/\/abix.com.br\/produto\/dem300\/\" \/>\n<meta property=\"og:site_name\" content=\"Abix\" \/>\n<meta property=\"article:modified_time\" content=\"2023-10-20T10:42:16+00:00\" \/>\n<meta property=\"og:image\" content=\"https:\/\/abix.com.br\/wp-content\/uploads\/2020\/05\/DEM300-FRONT.png\" \/>\n\t<meta property=\"og:image:width\" content=\"512\" \/>\n\t<meta property=\"og:image:height\" content=\"512\" \/>\n\t<meta property=\"og:image:type\" content=\"image\/png\" \/>\n<meta name=\"twitter:card\" content=\"summary_large_image\" \/>\n<meta name=\"twitter:label1\" content=\"Tiempo de lectura\" \/>\n\t<meta name=\"twitter:data1\" content=\"1 minuto\" \/>\n<script type=\"application\/ld+json\" class=\"yoast-schema-graph\">{\"@context\":\"https:\\\/\\\/schema.org\",\"@graph\":[{\"@type\":\"WebPage\",\"@id\":\"https:\\\/\\\/abix.com.br\\\/produto\\\/dem300\\\/\",\"url\":\"https:\\\/\\\/abix.com.br\\\/produto\\\/dem300\\\/\",\"name\":\"RADIO MOVIL MOTOTRBO DEM300 - Abix Tecnologia\",\"isPartOf\":{\"@id\":\"https:\\\/\\\/abix.com.br\\\/#website\"},\"primaryImageOfPage\":{\"@id\":\"https:\\\/\\\/abix.com.br\\\/produto\\\/dem300\\\/#primaryimage\"},\"image\":{\"@id\":\"https:\\\/\\\/abix.com.br\\\/produto\\\/dem300\\\/#primaryimage\"},\"thumbnailUrl\":\"https:\\\/\\\/abix.com.br\\\/wp-content\\\/uploads\\\/2020\\\/05\\\/DEM300-FRONT.png\",\"datePublished\":\"2020-05-21T14:57:56+00:00\",\"dateModified\":\"2023-10-20T10:42:16+00:00\",\"description\":\"La RADIO M\u00d3VIL MOTOTRBO DEM300 es una soluci\u00f3n fiable y econ\u00f3mica para mantener a su equipo en contacto. Visite nuestro sitio web y obtenga m\u00e1s informaci\u00f3n.\",\"breadcrumb\":{\"@id\":\"https:\\\/\\\/abix.com.br\\\/produto\\\/dem300\\\/#breadcrumb\"},\"inLanguage\":\"es\",\"potentialAction\":[{\"@type\":\"ReadAction\",\"target\":[\"https:\\\/\\\/abix.com.br\\\/produto\\\/dem300\\\/\"]}]},{\"@type\":\"ImageObject\",\"inLanguage\":\"es\",\"@id\":\"https:\\\/\\\/abix.com.br\\\/produto\\\/dem300\\\/#primaryimage\",\"url\":\"https:\\\/\\\/abix.com.br\\\/wp-content\\\/uploads\\\/2020\\\/05\\\/DEM300-FRONT.png\",\"contentUrl\":\"https:\\\/\\\/abix.com.br\\\/wp-content\\\/uploads\\\/2020\\\/05\\\/DEM300-FRONT.png\",\"width\":512,\"height\":512,\"caption\":\"R\u00c1DIO M\u00d3VEL MOTOTRBO DEM300\"},{\"@type\":\"BreadcrumbList\",\"@id\":\"https:\\\/\\\/abix.com.br\\\/produto\\\/dem300\\\/#breadcrumb\",\"itemListElement\":[{\"@type\":\"ListItem\",\"position\":1,\"name\":\"In\u00edcio\",\"item\":\"https:\\\/\\\/abix.com.br\\\/es\\\/\"},{\"@type\":\"ListItem\",\"position\":2,\"name\":\"Tienda\",\"item\":\"https:\\\/\\\/abix.com.br\\\/loja\\\/\"},{\"@type\":\"ListItem\",\"position\":3,\"name\":\"RADIO M\u00d3VIL MOTOTRBO &#8211; DEM300\"}]},{\"@type\":\"WebSite\",\"@id\":\"https:\\\/\\\/abix.com.br\\\/#website\",\"url\":\"https:\\\/\\\/abix.com.br\\\/\",\"name\":\"Abix\",\"description\":\"\",\"potentialAction\":[{\"@type\":\"SearchAction\",\"target\":{\"@type\":\"EntryPoint\",\"urlTemplate\":\"https:\\\/\\\/abix.com.br\\\/?s={search_term_string}\"},\"query-input\":{\"@type\":\"PropertyValueSpecification\",\"valueRequired\":true,\"valueName\":\"search_term_string\"}}],\"inLanguage\":\"es\"}]}<\/script>\n<!-- \/ Yoast SEO plugin. -->","yoast_head_json":{"title":"RADIO MOVIL MOTOTRBO DEM300 - Abix Tecnologia","description":"La RADIO M\u00d3VIL MOTOTRBO DEM300 es una soluci\u00f3n fiable y econ\u00f3mica para mantener a su equipo en contacto. Visite nuestro sitio web y obtenga m\u00e1s informaci\u00f3n.","robots":{"index":"index","follow":"follow","max-snippet":"max-snippet:-1","max-image-preview":"max-image-preview:large","max-video-preview":"max-video-preview:-1"},"canonical":"https:\/\/abix.com.br\/produto\/dem300\/","og_locale":"es_ES","og_type":"article","og_title":"RADIO MOVIL MOTOTRBO DEM300 - Abix Tecnologia","og_description":"La RADIO M\u00d3VIL MOTOTRBO DEM300 es una soluci\u00f3n fiable y econ\u00f3mica para mantener a su equipo en contacto. Visite nuestro sitio web y obtenga m\u00e1s informaci\u00f3n.","og_url":"https:\/\/abix.com.br\/produto\/dem300\/","og_site_name":"Abix","article_modified_time":"2023-10-20T10:42:16+00:00","og_image":[{"width":512,"height":512,"url":"https:\/\/abix.com.br\/wp-content\/uploads\/2020\/05\/DEM300-FRONT.png","type":"image\/png"}],"twitter_card":"summary_large_image","twitter_misc":{"Tiempo de lectura":"1 minuto"},"schema":{"@context":"https:\/\/schema.org","@graph":[{"@type":"WebPage","@id":"https:\/\/abix.com.br\/produto\/dem300\/","url":"https:\/\/abix.com.br\/produto\/dem300\/","name":"RADIO MOVIL MOTOTRBO DEM300 - Abix Tecnologia","isPartOf":{"@id":"https:\/\/abix.com.br\/#website"},"primaryImageOfPage":{"@id":"https:\/\/abix.com.br\/produto\/dem300\/#primaryimage"},"image":{"@id":"https:\/\/abix.com.br\/produto\/dem300\/#primaryimage"},"thumbnailUrl":"https:\/\/abix.com.br\/wp-content\/uploads\/2020\/05\/DEM300-FRONT.png","datePublished":"2020-05-21T14:57:56+00:00","dateModified":"2023-10-20T10:42:16+00:00","description":"La RADIO M\u00d3VIL MOTOTRBO DEM300 es una soluci\u00f3n fiable y econ\u00f3mica para mantener a su equipo en contacto. Visite nuestro sitio web y obtenga m\u00e1s informaci\u00f3n.","breadcrumb":{"@id":"https:\/\/abix.com.br\/produto\/dem300\/#breadcrumb"},"inLanguage":"es","potentialAction":[{"@type":"ReadAction","target":["https:\/\/abix.com.br\/produto\/dem300\/"]}]},{"@type":"ImageObject","inLanguage":"es","@id":"https:\/\/abix.com.br\/produto\/dem300\/#primaryimage","url":"https:\/\/abix.com.br\/wp-content\/uploads\/2020\/05\/DEM300-FRONT.png","contentUrl":"https:\/\/abix.com.br\/wp-content\/uploads\/2020\/05\/DEM300-FRONT.png","width":512,"height":512,"caption":"R\u00c1DIO M\u00d3VEL MOTOTRBO DEM300"},{"@type":"BreadcrumbList","@id":"https:\/\/abix.com.br\/produto\/dem300\/#breadcrumb","itemListElement":[{"@type":"ListItem","position":1,"name":"In\u00edcio","item":"https:\/\/abix.com.br\/es\/"},{"@type":"ListItem","position":2,"name":"Tienda","item":"https:\/\/abix.com.br\/loja\/"},{"@type":"ListItem","position":3,"name":"RADIO M\u00d3VIL MOTOTRBO &#8211; DEM300"}]},{"@type":"WebSite","@id":"https:\/\/abix.com.br\/#website","url":"https:\/\/abix.com.br\/","name":"Abix","description":"","potentialAction":[{"@type":"SearchAction","target":{"@type":"EntryPoint","urlTemplate":"https:\/\/abix.com.br\/?s={search_term_string}"},"query-input":{"@type":"PropertyValueSpecification","valueRequired":true,"valueName":"search_term_string"}}],"inLanguage":"es"}]}},"_links":{"self":[{"href":"https:\/\/abix.com.br\/es\/wp-json\/wp\/v2\/product\/19623","targetHints":{"allow":["GET"]}}],"collection":[{"href":"https:\/\/abix.com.br\/es\/wp-json\/wp\/v2\/product"}],"about":[{"href":"https:\/\/abix.com.br\/es\/wp-json\/wp\/v2\/types\/product"}],"replies":[{"embeddable":true,"href":"https:\/\/abix.com.br\/es\/wp-json\/wp\/v2\/comments?post=19623"}],"wp:featuredmedia":[{"embeddable":true,"href":"https:\/\/abix.com.br\/es\/wp-json\/wp\/v2\/media\/10070"}],"wp:attachment":[{"href":"https:\/\/abix.com.br\/es\/wp-json\/wp\/v2\/media?parent=19623"}],"wp:term":[{"taxonomy":"product_brand","embeddable":true,"href":"https:\/\/abix.com.br\/es\/wp-json\/wp\/v2\/product_brand?post=19623"},{"taxonomy":"product_cat","embeddable":true,"href":"https:\/\/abix.com.br\/es\/wp-json\/wp\/v2\/product_cat?post=19623"},{"taxonomy":"product_tag","embeddable":true,"href":"https:\/\/abix.com.br\/es\/wp-json\/wp\/v2\/product_tag?post=19623"}],"curies":[{"name":"wp","href":"https:\/\/api.w.org\/{rel}","templated":true}]}}