{"id":19625,"date":"2020-05-20T16:00:37","date_gmt":"2020-05-20T19:00:37","guid":{"rendered":"https:\/\/abix.com.br\/produto\/radio-movil-mototrbo-dem500\/"},"modified":"2023-10-20T07:43:00","modified_gmt":"2023-10-20T10:43:00","slug":"radio-movil-mototrbo-dem500","status":"publish","type":"product","link":"https:\/\/abix.com.br\/es\/produto\/radio-movil-mototrbo-dem500\/","title":{"rendered":"RADIO M\u00d3VIL MOTOTRBO &#8211; DEM500"},"content":{"rendered":"\n\t<section class=\"section\" id=\"section_270232455\">\n\t\t<div class=\"section-bg fill\" >\n\t\t\t\t\t\t\t\t\t\n\t\t\t\n\n\t\t<\/div>\n\n\t\t\n\n\t\t<div class=\"section-content relative\">\n\t\t\t\n<div class=\"row\"  id=\"row-1053242168\">\n\n\t<div id=\"col-1303672442\" class=\"col small-12 large-12\"  >\n\t\t\t\t<div class=\"col-inner\"  >\n\t\t\t\n\t\t\t\n<div class=\"row\"  id=\"row-192098209\">\n\n\t<div id=\"col-836398436\" class=\"col small-12 large-12\"  >\n\t\t\t\t<div class=\"col-inner\"  >\n\t\t\t\n\t\t\t\n\n\t\t<div class=\"tabbed-content locacao-tabs\">\n\t\t\t\n\t\t\t<ul class=\"nav nav-tabs nav-normal nav-size-xlarge nav-left active-on-hover\" role=\"tablist\"><li id=\"tab-informaci\u00d3n\" class=\"tab active has-icon\" role=\"presentation\"><a href=\"#tab_informaci\u00d3n\" role=\"tab\" aria-selected=\"true\" aria-controls=\"tab_informaci\u00d3n\"><span>INFORMACI\u00d3N<\/span><\/a><\/li>\n<li id=\"tab-accesorios\" class=\"tab has-icon\" role=\"presentation\"><a href=\"#tab_accesorios\" tabindex=\"-1\" role=\"tab\" aria-selected=\"false\" aria-controls=\"tab_accesorios\"><span>ACCESORIOS<\/span><\/a><\/li>\n<li id=\"tab-descargas\" class=\"tab has-icon\" role=\"presentation\"><a href=\"#tab_descargas\" tabindex=\"-1\" role=\"tab\" aria-selected=\"false\" aria-controls=\"tab_descargas\"><span>DESCARGAS<\/span><\/a><\/li>\n<li id=\"tab-especificaciones\" class=\"tab has-icon\" role=\"presentation\"><a href=\"#tab_especificaciones\" tabindex=\"-1\" role=\"tab\" aria-selected=\"false\" aria-controls=\"tab_especificaciones\"><span>ESPECIFICACIONES<\/span><\/a><\/li><\/ul><div class=\"tab-panels\"><div id=\"tab_informaci\u00d3n\" class=\"panel active entry-content\" role=\"tabpanel\" aria-labelledby=\"tab-informaci\u00d3n\">\n<div class=\"row\"  id=\"row-1215453357\">\n\n\t<div id=\"col-1697782036\" class=\"col medium-6 small-12 large-6\"  >\n\t\t\t\t<div class=\"col-inner\"  >\n\t\t\t\n\t\t\t\n<p><strong>CAPACIDAD DE TRANSMISI\u00d3N CON INTERRUPCI\u00d3N<\/strong><\/p>\n<p>Permite al usuario interrumpir otra conversaci\u00f3n por radio para proporcionar comunicaciones esenciales exactamente cuando y donde se necesitan.<\/p>\n<p><strong>OTAP (PROGRAMACI\u00d3N A\u00c9REA)<\/strong><\/p>\n<p>Gestiona, escribe y lee hasta 5.000 configuraciones de radio por aire.<\/p>\n<p><strong>PRIVACIDAD AVANZADA<\/strong><\/p>\n<p>Codificaci\u00f3n integrada para mayor seguridad.<\/p>\n<p><strong>IMPRESS AUDIO<\/strong><\/p>\n<p>Ya se trate de un susurro durante una operaci\u00f3n encubierta en un callej\u00f3n oscuro o de comandar una ruidosa escena de incendio, los accesorios de audio IMPRES son altos, claros e inteligibles tanto en modo anal\u00f3gico como digital.<\/p>\n<div class=\"richtexteditor parbase\">\n<p><b>COMPATIBLE CON LA SUITE DE GESTI\u00d3N DE RADIO<\/b><\/p>\n<p>Programa tus radios de forma r\u00e1pida y eficaz con la herramienta de gesti\u00f3n de radios. Las radios pueden programarse en grupos seg\u00fan un modelo normalizado, lo que permite obtener resultados sin errores y un rendimiento optimizado.<\/p>\n<\/div>\n\t\t<\/div>\n\t\t\t\t\t<\/div>\n\n\t\n\n\t<div id=\"col-208261056\" class=\"col medium-6 small-12 large-6\"  >\n\t\t\t\t<div class=\"col-inner text-left\"  >\n\t\t\t\n\t\t\t\n<p><b>AUDIO INTELIGENTE<\/b><\/p>\n<p>El volumen de la radio se ajusta autom\u00e1ticamente para compensar los ruidos de fondo. As\u00ed, los trabajadores no tienen que ajustar el volumen de la radio para no perder una llamada en situaciones ruidosas o molestar a los dem\u00e1s cuando pasan por lugares tranquilos.<\/p>\n<p><b>CAPACIDAD DEL SISTEMA<\/b><\/p>\n<p>Descubra la cobertura de la serie MOTOTRBO. IP Site Connect utiliza Internet para ampliar la cobertura y crear una red de \u00e1rea extensa, mientras que Capacity Plus single-site trunking ampl\u00eda la capacidad hasta 1.000 usuarios sin necesidad de a\u00f1adir nuevas frecuencias.<\/p>\n<p><b>CLASIFICACI\u00d3N IP54<\/b><\/p>\n<p>Protege tu radio cuando conduces bajo la lluvia.<\/p>\n\t\t<\/div>\n\t\t\t\t\t<\/div>\n\n\t\n<\/div>\n<\/div>\n<div id=\"tab_accesorios\" class=\"panel entry-content\" role=\"tabpanel\" aria-labelledby=\"tab-accesorios\">\n<div class=\"row align-middle\"  id=\"row-1965595030\">\n\n\t<div id=\"col-1005994406\" class=\"col medium-10 small-12 large-10\"  >\n\t\t\t\t<div class=\"col-inner\"  >\n\t\t\t\n\t\t\t\n<p>CONTENIDO<\/p>\n\t\t<\/div>\n\t\t\t\t\t<\/div>\n\n\t\n\n\t<div id=\"col-1757416256\" class=\"col medium-2 small-12 large-2\"  >\n\t\t\t\t<div class=\"col-inner\"  >\n\t\t\t\n\t\t\t\n\t\t<\/div>\n\t\t\t\t\t<\/div>\n\n\t\n<\/div>\n<\/div>\n<div id=\"tab_descargas\" class=\"panel entry-content\" role=\"tabpanel\" aria-labelledby=\"tab-descargas\">\n<div class=\"row\"  id=\"row-202573100\">\n\n\t<div id=\"col-319503631\" class=\"col medium-10 small-12 large-10\"  >\n\t\t\t\t<div class=\"col-inner\"  >\n\t\t\t\n\t\t\t\n<p><a href=\"https:\/\/www.abix.com.br\/wp-content\/uploads\/Ficha-DEM500.pdf\">Ficha DEM500<\/a><\/p>\n\t\t<\/div>\n\t\t\t\t\t<\/div>\n\n\t\n<\/div>\n<\/div>\n<div id=\"tab_especificaciones\" class=\"panel entry-content\" role=\"tabpanel\" aria-labelledby=\"tab-especificaciones\">\n<div class=\"row\"  id=\"row-397656198\">\n\n\t<div id=\"col-1973722405\" class=\"col medium-9 small-12 large-9\"  >\n\t\t\t\t<div class=\"col-inner\"  >\n\t\t\t\n\t\t\t\n<h3>CARACTER\u00cdSTICAS DE RENDIMIENTO<\/h3>\n<ul>\n<li><strong>Potencia<\/strong><\/li>\n<\/ul>\n<p>1-25W, 25-45W &#8211; VHF,<br \/>1-25W, 25-40W &#8211; VHF<\/p>\n<ul>\n<li><strong>Banda de frecuencias<\/strong><\/li>\n<\/ul>\n<p>VHF, UHF-1<\/p>\n<h3>CARACTER\u00cdSTICAS F\u00cdSICAS<\/h3>\n<ul>\n<li><strong>Mostrar<\/strong><\/li>\n<\/ul>\n<p>Alfanum\u00e9rico<\/p>\n<ul>\n<li><strong>Peso<\/strong><\/li>\n<\/ul>\n<p>1,3 kg (2,9 lb)<\/p>\n<ul>\n<li><strong>Dimensiones Al x An x Pr<\/strong><\/li>\n<\/ul>\n<p>1,7 x 6,7 x 5,3 pulg. (44 x 169 x 134 mm)<\/p>\n<h3>TECNOLOG\u00cdA<\/h3>\n<ul>\n<li><strong>Tipo de sistema<\/strong><\/li>\n<\/ul>\n<p>Convencional, troncal Connect Plus, IP Site Connect<\/p>\n<ul>\n<li><strong>Tecnolog\u00eda digital<\/strong><\/li>\n<\/ul>\n<p>S\u00ed<\/p>\n<h3>ENTORNO DE USUARIO<\/h3>\n<ul>\n<li><strong>Normas IP<\/strong><\/li>\n<\/ul>\n<p>IP54<\/p>\n<ul>\n<li><strong>Especificaciones militares<\/strong><\/li>\n<\/ul>\n<p>810 C, 810 D, 810 E, 810 F, 810 G<\/p>\n<h3>RECURSOS RADIOF\u00d3NICOS<\/h3>\n<ul>\n<li><strong>Mayor privacidad<\/strong><\/li>\n<\/ul>\n<p>S\u00ed<\/p>\n<ul>\n<li><strong>Trabajador solitario<\/strong><\/li>\n<\/ul>\n<p>S\u00ed<\/p>\n<ul>\n<li><strong>Anuncio de voz<\/strong><\/li>\n<\/ul>\n<p>S\u00ed<\/p>\n<ul>\n<li><strong>Se\u00f1alizaci\u00f3n<\/strong><\/li>\n<\/ul>\n<p>MDC (codificador\/decodificador), Quik-Call II (codificador\/decodificador), codificadores DTMF<\/p>\n<ul>\n<li><strong>Audio inteligente<\/strong><\/li>\n<\/ul>\n<p>S\u00ed<\/p>\n<ul>\n<li><strong>Distintivos de llamada<\/strong><\/li>\n<\/ul>\n<p>S\u00ed<\/p>\n<ul>\n<li><strong>Botones programables<\/strong><\/li>\n<\/ul>\n<p>S\u00ed<\/p>\n<ul>\n<li><strong>Talkaround<\/strong><\/li>\n<\/ul>\n<p>S\u00ed<\/p>\n<ul>\n<li><strong>Llamada individual<\/strong><\/li>\n<\/ul>\n<p>S\u00ed<\/p>\n<ul>\n<li><strong>Temporizador de inactividad<\/strong><\/li>\n<\/ul>\n<p>S\u00ed<\/p>\n<ul>\n<li><strong>Identificador de llamadas<\/strong><\/li>\n<\/ul>\n<p>S\u00ed<\/p>\n<ul>\n<li><strong>Bloqueo de canal ocupado<\/strong><\/li>\n<\/ul>\n<p>S\u00ed<\/p>\n<ul>\n<li><strong>Activado para mensajes de texto<\/strong><\/li>\n<\/ul>\n<p>S\u00ed<\/p>\n<ul>\n<li><strong>Interrupci\u00f3n de la transmisi\u00f3n<\/strong><\/li>\n<\/ul>\n<p>S\u00ed<\/p>\n<ul>\n<li><strong>Voz y datos integrados<\/strong><\/li>\n<\/ul>\n<p>S\u00ed<\/p>\n<ul>\n<li><strong>Separaci\u00f3n entre canales<\/strong><\/li>\n<\/ul>\n<p>12,5 kHz, 25 kHz<\/p>\n<ul>\n<li><strong>Funciones avanzadas de software<\/strong><\/li>\n<\/ul>\n<p>OTAP (Programaci\u00f3n por aire)<\/p>\n\t\t<\/div>\n\t\t\t\t\t<\/div>\n\n\t\n<\/div>\n<\/div><\/div><\/div>\n\t\t<\/div>\n\t\t\t\t\t<\/div>\n\n\t\n<\/div>\n\t\t<\/div>\n\t\t\t\t\t<\/div>\n\n\t\n<\/div>\n\t\t<\/div>\n\n\t\t\n<style>\n#section_270232455 {\n  padding-top: 0px;\n  padding-bottom: 0px;\n}\n<\/style>\n\t<\/section>\n\t\n","protected":false},"excerpt":{"rendered":"<p style=\"text-align: justify;\">El poder de la comunicaci\u00f3n digital est\u00e1 ahora al alcance de su mano. Las radios m\u00f3viles MOTOTRBO DEM 500 son compactas y compatibles. De este modo, los trabajadores pueden permanecer conectados, tanto si est\u00e1n recogiendo carga como transportando pasajeros. Como parte de la familia de radios MOTOTRBO, la DEM 500 ofrece lo mejor en tecnolog\u00eda de radio digital, con funciones como la capacidad de sistema de voz integrado, el doble de capacidad de llamada y comunicaciones de voz m\u00e1s claras. Con la funci\u00f3n de audio inteligente, los conductores no tienen que ajustar el volumen de la radio para no perderse una llamada, ya que la radio controla el ruido de fondo y se ajusta autom\u00e1ticamente.<\/p>\n<p style=\"text-align: justify;\">Para los que trabajan en anal\u00f3gico, la DEM 500 les permite actualizarse a digital a su propio ritmo y presupuesto, con una sencilla escalabilidad para a\u00f1adir funciones y caracter\u00edsticas. Esta radio tambi\u00e9n es compatible con las funciones avanzadas de MOTOTRBO enterprise, como la transmisi\u00f3n con interrupci\u00f3n para dar prioridad a las comunicaciones cr\u00edticas.<\/p>\n<p style=\"text-align: justify;\">Para la compatibilidad con sistemas de voz digitales asequibles, el MOTOTRBO DEM 500 realiza el trabajo con claridad y facilidad.<\/p>\n","protected":false},"featured_media":10045,"comment_status":"closed","ping_status":"closed","template":"","meta":[],"product_brand":[],"product_cat":[155,157,161,162,163,156,177,176],"product_tag":[],"class_list":{"0":"post-19625","1":"product","2":"type-product","3":"status-publish","4":"has-post-thumbnail","6":"product_cat-linea-profesional","7":"product_cat-motorola-es","8":"product_cat-mototrbo-es","9":"product_cat-radio-dmr-es","10":"product_cat-radios-analogicas","11":"product_cat-radios-digitales","12":"product_cat-radios-fijas","13":"product_cat-radios-moviles","15":"first","16":"instock","17":"shipping-taxable","18":"product-type-simple"},"yoast_head":"<!-- This site is optimized with the Yoast SEO plugin v27.4 - https:\/\/yoast.com\/product\/yoast-seo-wordpress\/ -->\n<title>MOTOTRBO DEM500 radio m\u00f3vil - Abix Tecnolog\u00eda<\/title>\n<meta name=\"description\" content=\"Las radios m\u00f3viles MOTOTRBO DEM 500 son compactas y compatibles. visite nuestro sitio web y obtenga m\u00e1s informaci\u00f3n sobre la RADIO M\u00d3VIL DEM500\" \/>\n<meta name=\"robots\" content=\"index, follow, max-snippet:-1, max-image-preview:large, max-video-preview:-1\" \/>\n<link rel=\"canonical\" href=\"https:\/\/abix.com.br\/produto\/dem500\/\" \/>\n<meta property=\"og:locale\" content=\"es_ES\" \/>\n<meta property=\"og:type\" content=\"article\" \/>\n<meta property=\"og:title\" content=\"MOTOTRBO DEM500 radio m\u00f3vil - Abix Tecnolog\u00eda\" \/>\n<meta property=\"og:description\" content=\"Las radios m\u00f3viles MOTOTRBO DEM 500 son compactas y compatibles. visite nuestro sitio web y obtenga m\u00e1s informaci\u00f3n sobre la RADIO M\u00d3VIL DEM500\" \/>\n<meta property=\"og:url\" content=\"https:\/\/abix.com.br\/produto\/dem500\/\" \/>\n<meta property=\"og:site_name\" content=\"Abix\" \/>\n<meta property=\"article:modified_time\" content=\"2023-10-20T10:43:00+00:00\" \/>\n<meta property=\"og:image\" content=\"https:\/\/abix.com.br\/wp-content\/uploads\/2020\/05\/DEM500-FRONT.jpg\" \/>\n\t<meta property=\"og:image:width\" content=\"512\" \/>\n\t<meta property=\"og:image:height\" content=\"341\" \/>\n\t<meta property=\"og:image:type\" content=\"image\/jpeg\" \/>\n<meta name=\"twitter:card\" content=\"summary_large_image\" \/>\n<meta name=\"twitter:label1\" content=\"Tiempo de lectura\" \/>\n\t<meta name=\"twitter:data1\" content=\"3 minutos\" \/>\n<script type=\"application\/ld+json\" class=\"yoast-schema-graph\">{\"@context\":\"https:\\\/\\\/schema.org\",\"@graph\":[{\"@type\":\"WebPage\",\"@id\":\"https:\\\/\\\/abix.com.br\\\/produto\\\/dem500\\\/\",\"url\":\"https:\\\/\\\/abix.com.br\\\/produto\\\/dem500\\\/\",\"name\":\"MOTOTRBO DEM500 radio m\u00f3vil - Abix Tecnolog\u00eda\",\"isPartOf\":{\"@id\":\"https:\\\/\\\/abix.com.br\\\/#website\"},\"primaryImageOfPage\":{\"@id\":\"https:\\\/\\\/abix.com.br\\\/produto\\\/dem500\\\/#primaryimage\"},\"image\":{\"@id\":\"https:\\\/\\\/abix.com.br\\\/produto\\\/dem500\\\/#primaryimage\"},\"thumbnailUrl\":\"https:\\\/\\\/abix.com.br\\\/wp-content\\\/uploads\\\/2020\\\/05\\\/DEM500-FRONT.jpg\",\"datePublished\":\"2020-05-20T19:00:37+00:00\",\"dateModified\":\"2023-10-20T10:43:00+00:00\",\"description\":\"Las radios m\u00f3viles MOTOTRBO DEM 500 son compactas y compatibles. visite nuestro sitio web y obtenga m\u00e1s informaci\u00f3n sobre la RADIO M\u00d3VIL DEM500\",\"breadcrumb\":{\"@id\":\"https:\\\/\\\/abix.com.br\\\/produto\\\/dem500\\\/#breadcrumb\"},\"inLanguage\":\"es\",\"potentialAction\":[{\"@type\":\"ReadAction\",\"target\":[\"https:\\\/\\\/abix.com.br\\\/produto\\\/dem500\\\/\"]}]},{\"@type\":\"ImageObject\",\"inLanguage\":\"es\",\"@id\":\"https:\\\/\\\/abix.com.br\\\/produto\\\/dem500\\\/#primaryimage\",\"url\":\"https:\\\/\\\/abix.com.br\\\/wp-content\\\/uploads\\\/2020\\\/05\\\/DEM500-FRONT.jpg\",\"contentUrl\":\"https:\\\/\\\/abix.com.br\\\/wp-content\\\/uploads\\\/2020\\\/05\\\/DEM500-FRONT.jpg\",\"width\":512,\"height\":341,\"caption\":\"R\u00c1DIO M\u00d3VEL MOTOTRBO DEM500\"},{\"@type\":\"BreadcrumbList\",\"@id\":\"https:\\\/\\\/abix.com.br\\\/produto\\\/dem500\\\/#breadcrumb\",\"itemListElement\":[{\"@type\":\"ListItem\",\"position\":1,\"name\":\"In\u00edcio\",\"item\":\"https:\\\/\\\/abix.com.br\\\/es\\\/\"},{\"@type\":\"ListItem\",\"position\":2,\"name\":\"Tienda\",\"item\":\"https:\\\/\\\/abix.com.br\\\/loja\\\/\"},{\"@type\":\"ListItem\",\"position\":3,\"name\":\"RADIO M\u00d3VIL MOTOTRBO &#8211; DEM500\"}]},{\"@type\":\"WebSite\",\"@id\":\"https:\\\/\\\/abix.com.br\\\/#website\",\"url\":\"https:\\\/\\\/abix.com.br\\\/\",\"name\":\"Abix\",\"description\":\"\",\"potentialAction\":[{\"@type\":\"SearchAction\",\"target\":{\"@type\":\"EntryPoint\",\"urlTemplate\":\"https:\\\/\\\/abix.com.br\\\/?s={search_term_string}\"},\"query-input\":{\"@type\":\"PropertyValueSpecification\",\"valueRequired\":true,\"valueName\":\"search_term_string\"}}],\"inLanguage\":\"es\"}]}<\/script>\n<!-- \/ Yoast SEO plugin. -->","yoast_head_json":{"title":"MOTOTRBO DEM500 radio m\u00f3vil - Abix Tecnolog\u00eda","description":"Las radios m\u00f3viles MOTOTRBO DEM 500 son compactas y compatibles. visite nuestro sitio web y obtenga m\u00e1s informaci\u00f3n sobre la RADIO M\u00d3VIL DEM500","robots":{"index":"index","follow":"follow","max-snippet":"max-snippet:-1","max-image-preview":"max-image-preview:large","max-video-preview":"max-video-preview:-1"},"canonical":"https:\/\/abix.com.br\/produto\/dem500\/","og_locale":"es_ES","og_type":"article","og_title":"MOTOTRBO DEM500 radio m\u00f3vil - Abix Tecnolog\u00eda","og_description":"Las radios m\u00f3viles MOTOTRBO DEM 500 son compactas y compatibles. visite nuestro sitio web y obtenga m\u00e1s informaci\u00f3n sobre la RADIO M\u00d3VIL DEM500","og_url":"https:\/\/abix.com.br\/produto\/dem500\/","og_site_name":"Abix","article_modified_time":"2023-10-20T10:43:00+00:00","og_image":[{"width":512,"height":341,"url":"https:\/\/abix.com.br\/wp-content\/uploads\/2020\/05\/DEM500-FRONT.jpg","type":"image\/jpeg"}],"twitter_card":"summary_large_image","twitter_misc":{"Tiempo de lectura":"3 minutos"},"schema":{"@context":"https:\/\/schema.org","@graph":[{"@type":"WebPage","@id":"https:\/\/abix.com.br\/produto\/dem500\/","url":"https:\/\/abix.com.br\/produto\/dem500\/","name":"MOTOTRBO DEM500 radio m\u00f3vil - Abix Tecnolog\u00eda","isPartOf":{"@id":"https:\/\/abix.com.br\/#website"},"primaryImageOfPage":{"@id":"https:\/\/abix.com.br\/produto\/dem500\/#primaryimage"},"image":{"@id":"https:\/\/abix.com.br\/produto\/dem500\/#primaryimage"},"thumbnailUrl":"https:\/\/abix.com.br\/wp-content\/uploads\/2020\/05\/DEM500-FRONT.jpg","datePublished":"2020-05-20T19:00:37+00:00","dateModified":"2023-10-20T10:43:00+00:00","description":"Las radios m\u00f3viles MOTOTRBO DEM 500 son compactas y compatibles. visite nuestro sitio web y obtenga m\u00e1s informaci\u00f3n sobre la RADIO M\u00d3VIL DEM500","breadcrumb":{"@id":"https:\/\/abix.com.br\/produto\/dem500\/#breadcrumb"},"inLanguage":"es","potentialAction":[{"@type":"ReadAction","target":["https:\/\/abix.com.br\/produto\/dem500\/"]}]},{"@type":"ImageObject","inLanguage":"es","@id":"https:\/\/abix.com.br\/produto\/dem500\/#primaryimage","url":"https:\/\/abix.com.br\/wp-content\/uploads\/2020\/05\/DEM500-FRONT.jpg","contentUrl":"https:\/\/abix.com.br\/wp-content\/uploads\/2020\/05\/DEM500-FRONT.jpg","width":512,"height":341,"caption":"R\u00c1DIO M\u00d3VEL MOTOTRBO DEM500"},{"@type":"BreadcrumbList","@id":"https:\/\/abix.com.br\/produto\/dem500\/#breadcrumb","itemListElement":[{"@type":"ListItem","position":1,"name":"In\u00edcio","item":"https:\/\/abix.com.br\/es\/"},{"@type":"ListItem","position":2,"name":"Tienda","item":"https:\/\/abix.com.br\/loja\/"},{"@type":"ListItem","position":3,"name":"RADIO M\u00d3VIL MOTOTRBO &#8211; DEM500"}]},{"@type":"WebSite","@id":"https:\/\/abix.com.br\/#website","url":"https:\/\/abix.com.br\/","name":"Abix","description":"","potentialAction":[{"@type":"SearchAction","target":{"@type":"EntryPoint","urlTemplate":"https:\/\/abix.com.br\/?s={search_term_string}"},"query-input":{"@type":"PropertyValueSpecification","valueRequired":true,"valueName":"search_term_string"}}],"inLanguage":"es"}]}},"_links":{"self":[{"href":"https:\/\/abix.com.br\/es\/wp-json\/wp\/v2\/product\/19625","targetHints":{"allow":["GET"]}}],"collection":[{"href":"https:\/\/abix.com.br\/es\/wp-json\/wp\/v2\/product"}],"about":[{"href":"https:\/\/abix.com.br\/es\/wp-json\/wp\/v2\/types\/product"}],"replies":[{"embeddable":true,"href":"https:\/\/abix.com.br\/es\/wp-json\/wp\/v2\/comments?post=19625"}],"wp:featuredmedia":[{"embeddable":true,"href":"https:\/\/abix.com.br\/es\/wp-json\/wp\/v2\/media\/10045"}],"wp:attachment":[{"href":"https:\/\/abix.com.br\/es\/wp-json\/wp\/v2\/media?parent=19625"}],"wp:term":[{"taxonomy":"product_brand","embeddable":true,"href":"https:\/\/abix.com.br\/es\/wp-json\/wp\/v2\/product_brand?post=19625"},{"taxonomy":"product_cat","embeddable":true,"href":"https:\/\/abix.com.br\/es\/wp-json\/wp\/v2\/product_cat?post=19625"},{"taxonomy":"product_tag","embeddable":true,"href":"https:\/\/abix.com.br\/es\/wp-json\/wp\/v2\/product_tag?post=19625"}],"curies":[{"name":"wp","href":"https:\/\/api.w.org\/{rel}","templated":true}]}}