{"id":19626,"date":"2020-05-20T15:14:17","date_gmt":"2020-05-20T18:14:17","guid":{"rendered":"https:\/\/abix.com.br\/produto\/radio-portatil-tetra-mtc100\/"},"modified":"2023-10-20T07:43:24","modified_gmt":"2023-10-20T10:43:24","slug":"radio-portatil-tetra-mtc100","status":"publish","type":"product","link":"https:\/\/abix.com.br\/es\/produto\/radio-portatil-tetra-mtc100\/","title":{"rendered":"RADIO PORT\u00c1TIL TETRA &#8211; MTC100"},"content":{"rendered":"\n\t<section class=\"section\" id=\"section_233199539\">\n\t\t<div class=\"section-bg fill\" >\n\t\t\t\t\t\t\t\t\t\n\t\t\t\n\n\t\t<\/div>\n\n\t\t\n\n\t\t<div class=\"section-content relative\">\n\t\t\t\n<div class=\"row\"  id=\"row-997624937\">\n\n\t<div id=\"col-383534736\" class=\"col small-12 large-12\"  >\n\t\t\t\t<div class=\"col-inner\"  >\n\t\t\t\n\t\t\t\n<div class=\"row\"  id=\"row-1545618209\">\n\n\t<div id=\"col-1980404199\" class=\"col small-12 large-12\"  >\n\t\t\t\t<div class=\"col-inner\"  >\n\t\t\t\n\t\t\t\n\n\t\t<div class=\"tabbed-content locacao-tabs\">\n\t\t\t\n\t\t\t<ul class=\"nav nav-tabs nav-normal nav-size-xlarge nav-left active-on-hover\" role=\"tablist\"><li id=\"tab-informaci\u00d3n\" class=\"tab active has-icon\" role=\"presentation\"><a href=\"#tab_informaci\u00d3n\" role=\"tab\" aria-selected=\"true\" aria-controls=\"tab_informaci\u00d3n\"><span>INFORMACI\u00d3N<\/span><\/a><\/li>\n<li id=\"tab-accesorios\" class=\"tab has-icon\" role=\"presentation\"><a href=\"#tab_accesorios\" tabindex=\"-1\" role=\"tab\" aria-selected=\"false\" aria-controls=\"tab_accesorios\"><span>ACCESORIOS<\/span><\/a><\/li>\n<li id=\"tab-descargas\" class=\"tab has-icon\" role=\"presentation\"><a href=\"#tab_descargas\" tabindex=\"-1\" role=\"tab\" aria-selected=\"false\" aria-controls=\"tab_descargas\"><span>DESCARGAS<\/span><\/a><\/li>\n<li id=\"tab-especificaciones\" class=\"tab has-icon\" role=\"presentation\"><a href=\"#tab_especificaciones\" tabindex=\"-1\" role=\"tab\" aria-selected=\"false\" aria-controls=\"tab_especificaciones\"><span>ESPECIFICACIONES<\/span><\/a><\/li><\/ul><div class=\"tab-panels\"><div id=\"tab_informaci\u00d3n\" class=\"panel active entry-content\" role=\"tabpanel\" aria-labelledby=\"tab-informaci\u00d3n\">\n<div class=\"row\"  id=\"row-105198878\">\n\n\t<div id=\"col-1105281642\" class=\"col medium-6 small-12 large-6\"  >\n\t\t\t\t<div class=\"col-inner\"  >\n\t\t\t\n\t\t\t\n<p><b>INFORM\u00c1TICA M\u00d3VIL ROBUSTA<\/b><\/p>\n<p>Dise\u00f1ado y probado para ofrecer una inform\u00e1tica fiable en los servicios de campo, el MTC100 incorpora el sistema operativo Windows Mobile\u00ae 5 est\u00e1ndar del sector, con mejoras de seguridad y memoria adecuadas para sus aplicaciones cr\u00edticas.<\/p>\n<p>El MTC100 proporciona un acceso r\u00e1pido a los datos a trav\u00e9s de varias redes inal\u00e1mbricas. El receptor GPS integrado permite acceder a sistemas cartogr\u00e1ficos y desarrollar servicios basados en la localizaci\u00f3n.<br \/>La c\u00e1mara integrada con flash LED puede capturar im\u00e1genes para informes, mientras que la tecnolog\u00eda Bluetooth\u2122 permite conectarse a equipos inal\u00e1mbricos como impresoras y dispositivos de captura de datos.<\/p>\n<p><strong>POTENTE Y FLEXIBLE<\/strong><\/p>\n<p>La MTC100 ofrece toda una serie de funciones dise\u00f1adas para aumentar la productividad y eficiencia de los usuarios. Con la conectividad inal\u00e1mbrica multimodo, puede acceder a los datos corporativos donde y cuando lo necesite.<\/p>\n<p>Para los usuarios m\u00f3viles sobre el terreno, la tecnolog\u00eda TETRA proporciona una comunicaci\u00f3n segura de datos de \u00e1rea extensa, ya sea para acceder a bases de datos o enviar informes. Capacidad<br \/>WiFi, tambi\u00e9n permite conectarse a su LAN inal\u00e1mbrica all\u00ed donde est\u00e9 disponible, lo que garantiza la flexibilidad de acceso a la informaci\u00f3n m\u00f3vil.<\/p>\n<p><strong>CARACTER\u00cdSTICAS PRINCIPALES<\/strong><\/p>\n<ul>\n<li>M\u00f3dem TETRA integrado para comunicaci\u00f3n de datos de \u00e1rea extendida<\/li>\n<li>Acceso a informaci\u00f3n segura y en tiempo real para mejorar el proceso de toma de decisiones y la elaboraci\u00f3n de informes.<\/li>\n<li>Sistema operativo Windows Mobile\u00ae 5 con mejoras de seguridad y mensajer\u00eda.<\/li>\n<li>Entorno de aplicaci\u00f3n seguro con gesti\u00f3n de dispositivos y protecci\u00f3n de datos.<\/li>\n<li>Plataforma robusta que cumple las especificaciones IP54 y MIL STD810-F para garantizar un funcionamiento fiable en entornos operativos.<\/li>\n<\/ul>\n\t\t<\/div>\n\t\t\t\t\t<\/div>\n\n\t\n\n\t<div id=\"col-397740711\" class=\"col medium-6 small-12 large-6\"  >\n\t\t\t\t<div class=\"col-inner text-left\"  >\n\t\t\t\n\t\t\t\n\t\t<\/div>\n\t\t\t\t\t<\/div>\n\n\t\n<\/div>\n<\/div>\n<div id=\"tab_accesorios\" class=\"panel entry-content\" role=\"tabpanel\" aria-labelledby=\"tab-accesorios\">\n<div class=\"row align-middle\"  id=\"row-1220370742\">\n\n\t<div id=\"col-1315172990\" class=\"col medium-10 small-12 large-10\"  >\n\t\t\t\t<div class=\"col-inner\"  >\n\t\t\t\n\t\t\t\n<p>CONTENIDO<\/p>\n\t\t<\/div>\n\t\t\t\t\t<\/div>\n\n\t\n\n\t<div id=\"col-892979936\" class=\"col medium-2 small-12 large-2\"  >\n\t\t\t\t<div class=\"col-inner\"  >\n\t\t\t\n\t\t\t\n\t\t<\/div>\n\t\t\t\t\t<\/div>\n\n\t\n<\/div>\n<\/div>\n<div id=\"tab_descargas\" class=\"panel entry-content\" role=\"tabpanel\" aria-labelledby=\"tab-descargas\">\n<div class=\"row\"  id=\"row-1319988186\">\n\n\t<div id=\"col-1698376161\" class=\"col medium-10 small-12 large-10\"  >\n\t\t\t\t<div class=\"col-inner\"  >\n\t\t\t\n\t\t\t\n<p><a href=\"https:\/\/www.abix.com.br\/wp-content\/uploads\/Ficha-MTC100.pdf\">Hoja de datos de MTC100<\/a><\/p>\n\t\t<\/div>\n\t\t\t\t\t<\/div>\n\n\t\n<\/div>\n<\/div>\n<div id=\"tab_especificaciones\" class=\"panel entry-content\" role=\"tabpanel\" aria-labelledby=\"tab-especificaciones\">\n<div class=\"row\"  id=\"row-999121222\">\n\n\t<div id=\"col-551890958\" class=\"col medium-9 small-12 large-9\"  >\n\t\t\t\t<div class=\"col-inner\"  >\n\t\t\t\n\t\t\t\n<h3>CARACTER\u00cdSTICAS DE RENDIMIENTO<\/h3>\n<ul>\n<li><strong>Procesador<\/strong><\/li>\n<\/ul>\n<p>Intel\u00ae XScale\u2122 PXA27x, 520 MHz<\/p>\n<ul>\n<li><strong>Memoria interna<\/strong><\/li>\n<\/ul>\n<p>128 MB de SDRAM \/ 196 MB de Flash ROM<\/p>\n<ul>\n<li><strong>Fuente de energ\u00eda<\/strong><\/li>\n<\/ul>\n<p>Li-Ion 3.7V 3600mAh con capacidad extendida extra\u00edble \/ recargable<\/p>\n<h3>COMUNICACI\u00d3N INAL\u00c1MBRICA DE DATOS<\/h3>\n<ul>\n<li><strong>Tipo de radio<\/strong><\/li>\n<\/ul>\n<p>M\u00f3dem TETRA TOM100<\/p>\n<ul>\n<li><strong>Servicios de datos<\/strong><\/li>\n<\/ul>\n<p>SDS y paquetes de datos TETRA<\/p>\n<ul>\n<li><strong>Banda de frecuencias<\/strong><\/li>\n<\/ul>\n<p>380 &#8211; 400, 410-430 MHz<\/p>\n<ul>\n<li><strong>Seguridad<\/strong><\/li>\n<\/ul>\n<p>Algoritmo de cifrado de interfaz a\u00e9rea TETRA (Clase 2, Clase 3) TEA1, TEA2, TEA3<\/p>\n<h3>CARACTER\u00cdSTICAS F\u00cdSICAS<\/h3>\n<ul>\n<li><strong>Dimensiones (mm)<\/strong><\/li>\n<\/ul>\n<p>155 x 89 x 33 (t\u00edpico) a 155 x 89 x 44<\/p>\n<h3>INTERFAZ DE USUARIO Y PANTALLA<\/h3>\n<ul>\n<li><strong>Funci\u00f3n de panel t\u00e1ctil<\/strong><\/li>\n<\/ul>\n<p>Cristal resistivo anal\u00f3gico de 4 hilos, dureza 3H L\u00e1piz stylus &#8211; conectable a PDA<\/p>\n<ul>\n<li><strong>Botones de hardware<\/strong><\/li>\n<\/ul>\n<p>Cara frontal &#8211; 4 botones con funciones definidas por el usuario en la cara frontal; joystick de navegaci\u00f3n y selecci\u00f3n, bot\u00f3n de encendido (Encendido \/ Apagado \/ Retroiluminaci\u00f3n);<\/p>\n<p>Caras laterales Un bot\u00f3n con una funci\u00f3n definida por el usuario en cada cara;<\/p>\n<p>Rearme activo y pasivo mediante alternador discreto.<\/p>\n<ul>\n<li><strong>Audio<\/strong><\/li>\n<\/ul>\n<p>Altavoz y micr\u00f3fono integrados con soporte OS para grabaci\u00f3n de voz y reproducci\u00f3n de audio (NO es compatible con Voz sobre WAN TETRA)<\/p>\n<h3>CAPTURA DE DATOS Y GPS<\/h3>\n<ul>\n<li><strong>C\u00e1mara<\/strong><\/li>\n<\/ul>\n<p>1,3 M p\u00edxeles con sensor CMOS CCD<\/p>\n<p>Iluminaci\u00f3n LED ultrabrillante<\/p>\n\t\t<\/div>\n\t\t\t\t\t<\/div>\n\n\t\n<\/div>\n<\/div><\/div><\/div>\n\t\t<\/div>\n\t\t\t\t\t<\/div>\n\n\t\n<\/div>\n\t\t<\/div>\n\t\t\t\t\t<\/div>\n\n\t\n<\/div>\n\t\t<\/div>\n\n\t\t\n<style>\n#section_233199539 {\n  padding-top: 0px;\n  padding-bottom: 0px;\n}\n<\/style>\n\t<\/section>\n\t\n","protected":false},"excerpt":{"rendered":"<p style=\"text-align: justify;\">La MTC100 ofrece varias funciones dise\u00f1adas para mejorar la productividad y eficacia de sus usuarios. Al ofrecer conectividad inal\u00e1mbrica multimodo, los usuarios pueden estar conectados a los datos empresariales donde y cuando lo necesiten. Para los usuarios m\u00f3viles sobre el terreno, TETRA proporciona un soporte de datos remoto seguro, ya sea para acceder a bases de datos o enviar informes de campo. La capacidad WiFi opcional tambi\u00e9n permite conectarse a su red LAN inal\u00e1mbrica cuando est\u00e9 disponible, lo que le ofrece flexibilidad para acceder a la informaci\u00f3n m\u00f3vil.<\/p>\n","protected":false},"featured_media":10035,"comment_status":"closed","ping_status":"closed","template":"","meta":[],"product_brand":[],"product_cat":[167,155,157,164,156,158],"product_tag":[],"class_list":{"0":"post-19626","1":"product","2":"type-product","3":"status-publish","4":"has-post-thumbnail","6":"product_cat-dimetra-es","7":"product_cat-linea-profesional","8":"product_cat-motorola-es","9":"product_cat-radio-tetra-es","10":"product_cat-radios-digitales","11":"product_cat-radios-portatiles","13":"first","14":"instock","15":"shipping-taxable","16":"product-type-simple"},"yoast_head":"<!-- This site is optimized with the Yoast SEO plugin v27.4 - https:\/\/yoast.com\/product\/yoast-seo-wordpress\/ -->\n<title>TETRA MTC100 radio port\u00e1til - Abix Tecnolog\u00eda<\/title>\n<meta name=\"description\" content=\"La RADIO PORT\u00c1TIL TETRA MTC100 ofrece varias funciones dise\u00f1adas para mejorar la productividad y eficacia de sus usuarios. Ver m\u00e1s\" \/>\n<meta name=\"robots\" content=\"index, follow, max-snippet:-1, max-image-preview:large, max-video-preview:-1\" \/>\n<link rel=\"canonical\" href=\"https:\/\/abix.com.br\/produto\/mtc100\/\" \/>\n<meta property=\"og:locale\" content=\"es_ES\" \/>\n<meta property=\"og:type\" content=\"article\" \/>\n<meta property=\"og:title\" content=\"TETRA MTC100 radio port\u00e1til - Abix Tecnolog\u00eda\" \/>\n<meta property=\"og:description\" content=\"La RADIO PORT\u00c1TIL TETRA MTC100 ofrece varias funciones dise\u00f1adas para mejorar la productividad y eficacia de sus usuarios. Ver m\u00e1s\" \/>\n<meta property=\"og:url\" content=\"https:\/\/abix.com.br\/produto\/mtc100\/\" \/>\n<meta property=\"og:site_name\" content=\"Abix\" \/>\n<meta property=\"article:modified_time\" content=\"2023-10-20T10:43:24+00:00\" \/>\n<meta property=\"og:image\" content=\"https:\/\/abix.com.br\/wp-content\/uploads\/2020\/05\/MTC-1.png\" \/>\n\t<meta property=\"og:image:width\" content=\"331\" \/>\n\t<meta property=\"og:image:height\" content=\"441\" \/>\n\t<meta property=\"og:image:type\" content=\"image\/png\" \/>\n<meta name=\"twitter:card\" content=\"summary_large_image\" \/>\n<meta name=\"twitter:label1\" content=\"Tiempo de lectura\" \/>\n\t<meta name=\"twitter:data1\" content=\"3 minutos\" \/>\n<script type=\"application\/ld+json\" class=\"yoast-schema-graph\">{\"@context\":\"https:\\\/\\\/schema.org\",\"@graph\":[{\"@type\":\"WebPage\",\"@id\":\"https:\\\/\\\/abix.com.br\\\/produto\\\/mtc100\\\/\",\"url\":\"https:\\\/\\\/abix.com.br\\\/produto\\\/mtc100\\\/\",\"name\":\"TETRA MTC100 radio port\u00e1til - Abix Tecnolog\u00eda\",\"isPartOf\":{\"@id\":\"https:\\\/\\\/abix.com.br\\\/#website\"},\"primaryImageOfPage\":{\"@id\":\"https:\\\/\\\/abix.com.br\\\/produto\\\/mtc100\\\/#primaryimage\"},\"image\":{\"@id\":\"https:\\\/\\\/abix.com.br\\\/produto\\\/mtc100\\\/#primaryimage\"},\"thumbnailUrl\":\"https:\\\/\\\/abix.com.br\\\/wp-content\\\/uploads\\\/2020\\\/05\\\/MTC-1.png\",\"datePublished\":\"2020-05-20T18:14:17+00:00\",\"dateModified\":\"2023-10-20T10:43:24+00:00\",\"description\":\"La RADIO PORT\u00c1TIL TETRA MTC100 ofrece varias funciones dise\u00f1adas para mejorar la productividad y eficacia de sus usuarios. Ver m\u00e1s\",\"breadcrumb\":{\"@id\":\"https:\\\/\\\/abix.com.br\\\/produto\\\/mtc100\\\/#breadcrumb\"},\"inLanguage\":\"es\",\"potentialAction\":[{\"@type\":\"ReadAction\",\"target\":[\"https:\\\/\\\/abix.com.br\\\/produto\\\/mtc100\\\/\"]}]},{\"@type\":\"ImageObject\",\"inLanguage\":\"es\",\"@id\":\"https:\\\/\\\/abix.com.br\\\/produto\\\/mtc100\\\/#primaryimage\",\"url\":\"https:\\\/\\\/abix.com.br\\\/wp-content\\\/uploads\\\/2020\\\/05\\\/MTC-1.png\",\"contentUrl\":\"https:\\\/\\\/abix.com.br\\\/wp-content\\\/uploads\\\/2020\\\/05\\\/MTC-1.png\",\"width\":331,\"height\":441,\"caption\":\"R\u00c1DIO PORT\u00c1TIL TETRA MTC100\"},{\"@type\":\"BreadcrumbList\",\"@id\":\"https:\\\/\\\/abix.com.br\\\/produto\\\/mtc100\\\/#breadcrumb\",\"itemListElement\":[{\"@type\":\"ListItem\",\"position\":1,\"name\":\"In\u00edcio\",\"item\":\"https:\\\/\\\/abix.com.br\\\/es\\\/\"},{\"@type\":\"ListItem\",\"position\":2,\"name\":\"Tienda\",\"item\":\"https:\\\/\\\/abix.com.br\\\/loja\\\/\"},{\"@type\":\"ListItem\",\"position\":3,\"name\":\"RADIO PORT\u00c1TIL TETRA &#8211; MTC100\"}]},{\"@type\":\"WebSite\",\"@id\":\"https:\\\/\\\/abix.com.br\\\/#website\",\"url\":\"https:\\\/\\\/abix.com.br\\\/\",\"name\":\"Abix\",\"description\":\"\",\"potentialAction\":[{\"@type\":\"SearchAction\",\"target\":{\"@type\":\"EntryPoint\",\"urlTemplate\":\"https:\\\/\\\/abix.com.br\\\/?s={search_term_string}\"},\"query-input\":{\"@type\":\"PropertyValueSpecification\",\"valueRequired\":true,\"valueName\":\"search_term_string\"}}],\"inLanguage\":\"es\"}]}<\/script>\n<!-- \/ Yoast SEO plugin. -->","yoast_head_json":{"title":"TETRA MTC100 radio port\u00e1til - Abix Tecnolog\u00eda","description":"La RADIO PORT\u00c1TIL TETRA MTC100 ofrece varias funciones dise\u00f1adas para mejorar la productividad y eficacia de sus usuarios. Ver m\u00e1s","robots":{"index":"index","follow":"follow","max-snippet":"max-snippet:-1","max-image-preview":"max-image-preview:large","max-video-preview":"max-video-preview:-1"},"canonical":"https:\/\/abix.com.br\/produto\/mtc100\/","og_locale":"es_ES","og_type":"article","og_title":"TETRA MTC100 radio port\u00e1til - Abix Tecnolog\u00eda","og_description":"La RADIO PORT\u00c1TIL TETRA MTC100 ofrece varias funciones dise\u00f1adas para mejorar la productividad y eficacia de sus usuarios. Ver m\u00e1s","og_url":"https:\/\/abix.com.br\/produto\/mtc100\/","og_site_name":"Abix","article_modified_time":"2023-10-20T10:43:24+00:00","og_image":[{"width":331,"height":441,"url":"https:\/\/abix.com.br\/wp-content\/uploads\/2020\/05\/MTC-1.png","type":"image\/png"}],"twitter_card":"summary_large_image","twitter_misc":{"Tiempo de lectura":"3 minutos"},"schema":{"@context":"https:\/\/schema.org","@graph":[{"@type":"WebPage","@id":"https:\/\/abix.com.br\/produto\/mtc100\/","url":"https:\/\/abix.com.br\/produto\/mtc100\/","name":"TETRA MTC100 radio port\u00e1til - Abix Tecnolog\u00eda","isPartOf":{"@id":"https:\/\/abix.com.br\/#website"},"primaryImageOfPage":{"@id":"https:\/\/abix.com.br\/produto\/mtc100\/#primaryimage"},"image":{"@id":"https:\/\/abix.com.br\/produto\/mtc100\/#primaryimage"},"thumbnailUrl":"https:\/\/abix.com.br\/wp-content\/uploads\/2020\/05\/MTC-1.png","datePublished":"2020-05-20T18:14:17+00:00","dateModified":"2023-10-20T10:43:24+00:00","description":"La RADIO PORT\u00c1TIL TETRA MTC100 ofrece varias funciones dise\u00f1adas para mejorar la productividad y eficacia de sus usuarios. Ver m\u00e1s","breadcrumb":{"@id":"https:\/\/abix.com.br\/produto\/mtc100\/#breadcrumb"},"inLanguage":"es","potentialAction":[{"@type":"ReadAction","target":["https:\/\/abix.com.br\/produto\/mtc100\/"]}]},{"@type":"ImageObject","inLanguage":"es","@id":"https:\/\/abix.com.br\/produto\/mtc100\/#primaryimage","url":"https:\/\/abix.com.br\/wp-content\/uploads\/2020\/05\/MTC-1.png","contentUrl":"https:\/\/abix.com.br\/wp-content\/uploads\/2020\/05\/MTC-1.png","width":331,"height":441,"caption":"R\u00c1DIO PORT\u00c1TIL TETRA MTC100"},{"@type":"BreadcrumbList","@id":"https:\/\/abix.com.br\/produto\/mtc100\/#breadcrumb","itemListElement":[{"@type":"ListItem","position":1,"name":"In\u00edcio","item":"https:\/\/abix.com.br\/es\/"},{"@type":"ListItem","position":2,"name":"Tienda","item":"https:\/\/abix.com.br\/loja\/"},{"@type":"ListItem","position":3,"name":"RADIO PORT\u00c1TIL TETRA &#8211; MTC100"}]},{"@type":"WebSite","@id":"https:\/\/abix.com.br\/#website","url":"https:\/\/abix.com.br\/","name":"Abix","description":"","potentialAction":[{"@type":"SearchAction","target":{"@type":"EntryPoint","urlTemplate":"https:\/\/abix.com.br\/?s={search_term_string}"},"query-input":{"@type":"PropertyValueSpecification","valueRequired":true,"valueName":"search_term_string"}}],"inLanguage":"es"}]}},"_links":{"self":[{"href":"https:\/\/abix.com.br\/es\/wp-json\/wp\/v2\/product\/19626","targetHints":{"allow":["GET"]}}],"collection":[{"href":"https:\/\/abix.com.br\/es\/wp-json\/wp\/v2\/product"}],"about":[{"href":"https:\/\/abix.com.br\/es\/wp-json\/wp\/v2\/types\/product"}],"replies":[{"embeddable":true,"href":"https:\/\/abix.com.br\/es\/wp-json\/wp\/v2\/comments?post=19626"}],"wp:featuredmedia":[{"embeddable":true,"href":"https:\/\/abix.com.br\/es\/wp-json\/wp\/v2\/media\/10035"}],"wp:attachment":[{"href":"https:\/\/abix.com.br\/es\/wp-json\/wp\/v2\/media?parent=19626"}],"wp:term":[{"taxonomy":"product_brand","embeddable":true,"href":"https:\/\/abix.com.br\/es\/wp-json\/wp\/v2\/product_brand?post=19626"},{"taxonomy":"product_cat","embeddable":true,"href":"https:\/\/abix.com.br\/es\/wp-json\/wp\/v2\/product_cat?post=19626"},{"taxonomy":"product_tag","embeddable":true,"href":"https:\/\/abix.com.br\/es\/wp-json\/wp\/v2\/product_tag?post=19626"}],"curies":[{"name":"wp","href":"https:\/\/api.w.org\/{rel}","templated":true}]}}