{"id":19627,"date":"2020-05-20T15:08:02","date_gmt":"2020-05-20T18:08:02","guid":{"rendered":"https:\/\/abix.com.br\/produto\/radio-portatil-analogica-pro1150\/"},"modified":"2023-10-20T07:43:54","modified_gmt":"2023-10-20T10:43:54","slug":"radio-portatil-analogica-pro1150","status":"publish","type":"product","link":"https:\/\/abix.com.br\/es\/produto\/radio-portatil-analogica-pro1150\/","title":{"rendered":"RADIO PORT\u00c1TIL ANAL\u00d3GICA &#8211; PRO1150"},"content":{"rendered":"\n\t<section class=\"section\" id=\"section_46985814\">\n\t\t<div class=\"section-bg fill\" >\n\t\t\t\t\t\t\t\t\t\n\t\t\t\n\n\t\t<\/div>\n\n\t\t\n\n\t\t<div class=\"section-content relative\">\n\t\t\t\n<div class=\"row\"  id=\"row-1737714972\">\n\n\t<div id=\"col-1013114745\" class=\"col small-12 large-12\"  >\n\t\t\t\t<div class=\"col-inner\"  >\n\t\t\t\n\t\t\t\n<div class=\"row\"  id=\"row-225191148\">\n\n\t<div id=\"col-425467793\" class=\"col small-12 large-12\"  >\n\t\t\t\t<div class=\"col-inner\"  >\n\t\t\t\n\t\t\t\n\n\t\t<div class=\"tabbed-content locacao-tabs\">\n\t\t\t\n\t\t\t<ul class=\"nav nav-tabs nav-normal nav-size-xlarge nav-left active-on-hover\" role=\"tablist\"><li id=\"tab-informaci\u00d3n\" class=\"tab active has-icon\" role=\"presentation\"><a href=\"#tab_informaci\u00d3n\" role=\"tab\" aria-selected=\"true\" aria-controls=\"tab_informaci\u00d3n\"><span>INFORMACI\u00d3N<\/span><\/a><\/li>\n<li id=\"tab-accesorios\" class=\"tab has-icon\" role=\"presentation\"><a href=\"#tab_accesorios\" tabindex=\"-1\" role=\"tab\" aria-selected=\"false\" aria-controls=\"tab_accesorios\"><span>ACCESORIOS<\/span><\/a><\/li>\n<li id=\"tab-descargas\" class=\"tab has-icon\" role=\"presentation\"><a href=\"#tab_descargas\" tabindex=\"-1\" role=\"tab\" aria-selected=\"false\" aria-controls=\"tab_descargas\"><span>DESCARGAS<\/span><\/a><\/li>\n<li id=\"tab-especificaciones\" class=\"tab has-icon\" role=\"presentation\"><a href=\"#tab_especificaciones\" tabindex=\"-1\" role=\"tab\" aria-selected=\"false\" aria-controls=\"tab_especificaciones\"><span>ESPECIFICACIONES<\/span><\/a><\/li><\/ul><div class=\"tab-panels\"><div id=\"tab_informaci\u00d3n\" class=\"panel active entry-content\" role=\"tabpanel\" aria-labelledby=\"tab-informaci\u00d3n\">\n<div class=\"row\"  id=\"row-1386078694\">\n\n\t<div id=\"col-34384284\" class=\"col medium-6 small-12 large-6\"  >\n\t\t\t\t<div class=\"col-inner\"  >\n\t\t\t\n\t\t\t\n<p><strong>CALIDAD DE AUDIO EXCEPCIONAL<\/strong><\/p>\n<p>La salida de audio de 2000 mW, la reducci\u00f3n del campo magn\u00e9tico del usuario, la reducci\u00f3n del ruido a\u00e9reo y las especificaciones de RF mejoradas garantizan una calidad de audio con un volumen un 30% superior al de la gama XTN de Motorola.<\/p>\n<p><strong>FUERZA Y COBERTURA<\/strong><\/p>\n<p>Radios UHF de 2 vatios: Cobertura de hasta 23.000 m2, 20 plantas.<\/p>\n<p>Radios VHF de 2 vatios: Cobertura de hasta 20.500 m2, 13 plantas.<\/p>\n<p><strong>FRECUENCIAS COMERCIALES EXCLUSIVAS<\/strong><\/p>\n<p>Funciona en 48 UHF o 60 VHF (seg\u00fan el modelo) -dos frecuencias exclusivas para empresas- y dispone de 122 c\u00f3digos para garantizar una se\u00f1al clara.<\/p>\n<p><strong>SOFTWARE DE PROGRAMACI\u00d3N DE CLIENTES (CPS)*<\/strong><\/p>\n<p>Permite a los usuarios programar funciones y da acceso a nuevas caracter\u00edsticas como la r\u00e1faga inversa, para eliminar ruidos no deseados; el informe de radio, para gestionar copias y perfiles de radio; adem\u00e1s de bloqueo de gesti\u00f3n, selecci\u00f3n de fuente de alimentaci\u00f3n, anulaci\u00f3n de PL\/DPL y dos temporizadores de desconexi\u00f3n adicionales.<\/p>\n<\/p>\n<p><strong>ROBUSTO Y RESISTENTE AL AGUA<\/strong><\/p>\n<p>Cumple las normas militares 810 C, D, E, F e IP54\/55 en lo que respecta a golpes, lluvia, humedad, niebla salina, vibraciones, arena, polvo, choque t\u00e9rmico y temperaturas altas y bajas.<\/p>\n<p><strong>COPIA F\u00c1CIL<\/strong><\/p>\n<p>Copia r\u00e1pidamente los ajustes de uso con el cable de copia de radio a radio o el cargador m\u00faltiple (ambos se venden por separado).<\/p>\n<p><strong>ACTIVACI\u00d3N POR VOZ AVANZADA (VOX)<\/strong><\/p>\n<p>Ofrece la comodidad de un funcionamiento manos libres con accesorios opcionales.<\/p>\n<p><strong>INTERFAZ LED TRICOLOR<\/strong><\/p>\n<p>La c\u00f3moda interfaz permite a los usuarios identificar las distintas funciones y el estado de la radio.<\/p>\n<p><strong>SOLUCIONES DE BATER\u00cdAS FLEXIBLES Y DURADERAS<\/strong><\/p>\n<p>Los exclusivos paquetes de bater\u00edas de iones de litio de la EP150 se han dise\u00f1ado y fabricado para garantizar su durabilidad. Las radios salen de f\u00e1brica con la bater\u00eda est\u00e1ndar de iones de litio. Sus accesorios incluyen una bater\u00eda de iones de litio de alta capacidad y un juego de pilas alcalinas.<\/p>\n\t\t<\/div>\n\t\t\t\t\t<\/div>\n\n\t\n\n\t<div id=\"col-1708052689\" class=\"col medium-6 small-12 large-6\"  >\n\t\t\t\t<div class=\"col-inner text-left\"  >\n\t\t\t\n\t\t\t\n<p style=\"text-align: left;\"><strong>CARACTER\u00cdSTICAS<\/strong><\/p>\n<ul>\n<li style=\"text-align: left;\">Dispositivo robusto (IP68)<\/li>\n<li style=\"text-align: left;\">Botones PTT y de emergencia dedicados<\/li>\n<li style=\"text-align: left;\">Pantalla t\u00e1ctil de 5&#8243; resistente a l\u00edquidos y manejable con guantes<\/li>\n<li style=\"text-align: left;\">Bater\u00eda reemplazable y de larga duraci\u00f3n<\/li>\n<li style=\"text-align: left;\">Plataforma Android con ecosistema de aplicaciones abierto<\/li>\n<li style=\"text-align: left;\">Audio superior con 97 dB<\/li>\n<li style=\"text-align: left;\">Micr\u00f3fono con supresi\u00f3n de ruido y cancelaci\u00f3n de eco<\/li>\n<li style=\"text-align: left;\">Compa\u00f1ero ideal de WAVE PTX<\/li>\n<\/ul>\n\t\t<\/div>\n\t\t\t\t\t<\/div>\n\n\t\n<\/div>\n<\/div>\n<div id=\"tab_accesorios\" class=\"panel entry-content\" role=\"tabpanel\" aria-labelledby=\"tab-accesorios\">\n<div class=\"row align-middle\"  id=\"row-1098881825\">\n\n\t<div id=\"col-1323267425\" class=\"col medium-10 small-12 large-10\"  >\n\t\t\t\t<div class=\"col-inner\"  >\n\t\t\t\n\t\t\t\n<p>CONTENIDO<\/p>\n\t\t<\/div>\n\t\t\t\t\t<\/div>\n\n\t\n\n\t<div id=\"col-1732058524\" class=\"col medium-2 small-12 large-2\"  >\n\t\t\t\t<div class=\"col-inner\"  >\n\t\t\t\n\t\t\t\n\t\t<\/div>\n\t\t\t\t\t<\/div>\n\n\t\n<\/div>\n<\/div>\n<div id=\"tab_descargas\" class=\"panel entry-content\" role=\"tabpanel\" aria-labelledby=\"tab-descargas\">\n<div class=\"row\"  id=\"row-17050718\">\n\n\t<div id=\"col-194760824\" class=\"col medium-10 small-12 large-10\"  >\n\t\t\t\t<div class=\"col-inner\"  >\n\t\t\t\n\t\t\t\n<p><a href=\"https:\/\/www.abix.com.br\/wp-content\/uploads\/Ficha-EP150.pdf\">EP150 ficha t\u00e9cnica<\/a><\/p>\n\t\t<\/div>\n\t\t\t\t\t<\/div>\n\n\t\n<\/div>\n<\/div>\n<div id=\"tab_especificaciones\" class=\"panel entry-content\" role=\"tabpanel\" aria-labelledby=\"tab-especificaciones\">\n<div class=\"row\"  id=\"row-293569984\">\n\n\t<div id=\"col-963902372\" class=\"col medium-9 small-12 large-9\"  >\n\t\t\t\t<div class=\"col-inner\"  >\n\t\t\t\n\t\t\t\n<h3>CARACTER\u00cdSTICAS F\u00cdSICAS<\/h3>\n<ul>\n<li><strong>Dimensiones con bater\u00eda est\u00e1ndar<\/strong><\/li>\n<\/ul>\n<p>Anchura x Profundidad x Altura<\/p>\n<p>115,6 x 57,6 x 40,5<\/p>\n<ul>\n<li><strong>Peso<\/strong><\/li>\n<\/ul>\n<p>244g<\/p>\n<h3>ESPECIFICACIONES MILITARES<\/h3>\n<p>810C &#8211; 810D &#8211; 810E &#8211; 810F<\/p>\n<h3>CARACTER\u00cdSTICAS DE RENDIMIENTO<\/h3>\n<ul>\n<li><strong>Duraci\u00f3n media de la bater\u00eda<\/strong><\/li>\n<\/ul>\n<p>Hasta 12 horas<\/p>\n<ul>\n<li><strong>Gama de frecuencias<\/strong><\/li>\n<\/ul>\n<p>151- 161 MHz<\/p>\n<p>462 &#8211; 469 MHz<\/p>\n<ul>\n<li><strong>Banda de canales<\/strong><\/li>\n<\/ul>\n<p>12,5 \/ 25 KHz<\/p>\n<ul>\n<li><strong>Cantidades de canales<\/strong><\/li>\n<\/ul>\n<p>8<\/p>\n<ul>\n<li><strong>Salida de audio<\/strong><\/li>\n<\/ul>\n<p>2000mW<\/p>\n\t\t<\/div>\n\t\t\t\t\t<\/div>\n\n\t\n<\/div>\n<\/div><\/div><\/div>\n\t\t<\/div>\n\t\t\t\t\t<\/div>\n\n\t\n<\/div>\n\t\t<\/div>\n\t\t\t\t\t<\/div>\n\n\t\n<\/div>\n\t\t<\/div>\n\n\t\t\n<style>\n#section_46985814 {\n  padding-top: 0px;\n  padding-bottom: 0px;\n}\n<\/style>\n\t<\/section>\n\t\n","protected":false},"excerpt":{"rendered":"<p style=\"text-align: justify;\">La radio EP150 de Motorola hace que su empresa sea m\u00e1s competitiva al aumentar la eficiencia de los empleados y la rentabilidad general. Asequible y f\u00e1cil de usar, la EP150 ayuda a mantener sus operaciones dentro de los plazos previstos, maximiza la productividad con una mejor distribuci\u00f3n del trabajo, mejora la seguridad y aumenta los niveles de satisfacci\u00f3n de los clientes. Compatible con otras radios que funcionen en la misma frecuencia y con el mismo c\u00f3digo, la vers\u00e1til EP150 tambi\u00e9n dispone de una completa gama de accesorios para satisfacer sus necesidades espec\u00edficas.<\/p>\n","protected":false},"featured_media":10011,"comment_status":"closed","ping_status":"closed","template":"","meta":[],"product_brand":[],"product_cat":[183,157,163],"product_tag":[],"class_list":{"0":"post-19627","1":"product","2":"type-product","3":"status-publish","4":"has-post-thumbnail","6":"product_cat-linha-comercial-es","7":"product_cat-motorola-es","8":"product_cat-radios-analogicas","10":"first","11":"instock","12":"shipping-taxable","13":"product-type-simple"},"yoast_head":"<!-- This site is optimized with the Yoast SEO plugin v27.4 - https:\/\/yoast.com\/product\/yoast-seo-wordpress\/ -->\n<title>RADIO PORT\u00c1TIL ANAL\u00d3GICA - PRO1150 - Abix<\/title>\n<meta name=\"description\" content=\"La radio EP150 de Motorola hace que su empresa sea m\u00e1s competitiva al aumentar la eficiencia de los empleados y la rentabilidad general.\" \/>\n<meta name=\"robots\" content=\"index, follow, max-snippet:-1, max-image-preview:large, max-video-preview:-1\" \/>\n<link rel=\"canonical\" href=\"https:\/\/abix.com.br\/produto\/pro1150\/\" \/>\n<meta property=\"og:locale\" content=\"es_ES\" \/>\n<meta property=\"og:type\" content=\"article\" \/>\n<meta property=\"og:title\" content=\"RADIO PORT\u00c1TIL ANAL\u00d3GICA - PRO1150 - Abix\" \/>\n<meta property=\"og:description\" content=\"La radio EP150 de Motorola hace que su empresa sea m\u00e1s competitiva al aumentar la eficiencia de los empleados y la rentabilidad general.\" \/>\n<meta property=\"og:url\" content=\"https:\/\/abix.com.br\/produto\/pro1150\/\" \/>\n<meta property=\"og:site_name\" content=\"Abix\" \/>\n<meta property=\"article:modified_time\" content=\"2023-10-20T10:43:54+00:00\" \/>\n<meta property=\"og:image\" content=\"https:\/\/abix.com.br\/wp-content\/uploads\/2020\/05\/EPFRONT.png\" \/>\n\t<meta property=\"og:image:width\" content=\"405\" \/>\n\t<meta property=\"og:image:height\" content=\"512\" \/>\n\t<meta property=\"og:image:type\" content=\"image\/png\" \/>\n<meta name=\"twitter:card\" content=\"summary_large_image\" \/>\n<meta name=\"twitter:label1\" content=\"Tiempo de lectura\" \/>\n\t<meta name=\"twitter:data1\" content=\"3 minutos\" \/>\n<script type=\"application\/ld+json\" class=\"yoast-schema-graph\">{\"@context\":\"https:\\\/\\\/schema.org\",\"@graph\":[{\"@type\":\"WebPage\",\"@id\":\"https:\\\/\\\/abix.com.br\\\/produto\\\/pro1150\\\/\",\"url\":\"https:\\\/\\\/abix.com.br\\\/produto\\\/pro1150\\\/\",\"name\":\"RADIO PORT\u00c1TIL ANAL\u00d3GICA - PRO1150 - Abix\",\"isPartOf\":{\"@id\":\"https:\\\/\\\/abix.com.br\\\/#website\"},\"primaryImageOfPage\":{\"@id\":\"https:\\\/\\\/abix.com.br\\\/produto\\\/pro1150\\\/#primaryimage\"},\"image\":{\"@id\":\"https:\\\/\\\/abix.com.br\\\/produto\\\/pro1150\\\/#primaryimage\"},\"thumbnailUrl\":\"https:\\\/\\\/abix.com.br\\\/wp-content\\\/uploads\\\/2020\\\/05\\\/EPFRONT.png\",\"datePublished\":\"2020-05-20T18:08:02+00:00\",\"dateModified\":\"2023-10-20T10:43:54+00:00\",\"description\":\"La radio EP150 de Motorola hace que su empresa sea m\u00e1s competitiva al aumentar la eficiencia de los empleados y la rentabilidad general.\",\"breadcrumb\":{\"@id\":\"https:\\\/\\\/abix.com.br\\\/produto\\\/pro1150\\\/#breadcrumb\"},\"inLanguage\":\"es\",\"potentialAction\":[{\"@type\":\"ReadAction\",\"target\":[\"https:\\\/\\\/abix.com.br\\\/produto\\\/pro1150\\\/\"]}]},{\"@type\":\"ImageObject\",\"inLanguage\":\"es\",\"@id\":\"https:\\\/\\\/abix.com.br\\\/produto\\\/pro1150\\\/#primaryimage\",\"url\":\"https:\\\/\\\/abix.com.br\\\/wp-content\\\/uploads\\\/2020\\\/05\\\/EPFRONT.png\",\"contentUrl\":\"https:\\\/\\\/abix.com.br\\\/wp-content\\\/uploads\\\/2020\\\/05\\\/EPFRONT.png\",\"width\":405,\"height\":512,\"caption\":\"R\u00c1DIO PORT\u00c1TIL ANAL\u00d3GICO\"},{\"@type\":\"BreadcrumbList\",\"@id\":\"https:\\\/\\\/abix.com.br\\\/produto\\\/pro1150\\\/#breadcrumb\",\"itemListElement\":[{\"@type\":\"ListItem\",\"position\":1,\"name\":\"In\u00edcio\",\"item\":\"https:\\\/\\\/abix.com.br\\\/es\\\/\"},{\"@type\":\"ListItem\",\"position\":2,\"name\":\"Tienda\",\"item\":\"https:\\\/\\\/abix.com.br\\\/loja\\\/\"},{\"@type\":\"ListItem\",\"position\":3,\"name\":\"RADIO PORT\u00c1TIL ANAL\u00d3GICA &#8211; PRO1150\"}]},{\"@type\":\"WebSite\",\"@id\":\"https:\\\/\\\/abix.com.br\\\/#website\",\"url\":\"https:\\\/\\\/abix.com.br\\\/\",\"name\":\"Abix\",\"description\":\"\",\"potentialAction\":[{\"@type\":\"SearchAction\",\"target\":{\"@type\":\"EntryPoint\",\"urlTemplate\":\"https:\\\/\\\/abix.com.br\\\/?s={search_term_string}\"},\"query-input\":{\"@type\":\"PropertyValueSpecification\",\"valueRequired\":true,\"valueName\":\"search_term_string\"}}],\"inLanguage\":\"es\"}]}<\/script>\n<!-- \/ Yoast SEO plugin. -->","yoast_head_json":{"title":"RADIO PORT\u00c1TIL ANAL\u00d3GICA - PRO1150 - Abix","description":"La radio EP150 de Motorola hace que su empresa sea m\u00e1s competitiva al aumentar la eficiencia de los empleados y la rentabilidad general.","robots":{"index":"index","follow":"follow","max-snippet":"max-snippet:-1","max-image-preview":"max-image-preview:large","max-video-preview":"max-video-preview:-1"},"canonical":"https:\/\/abix.com.br\/produto\/pro1150\/","og_locale":"es_ES","og_type":"article","og_title":"RADIO PORT\u00c1TIL ANAL\u00d3GICA - PRO1150 - Abix","og_description":"La radio EP150 de Motorola hace que su empresa sea m\u00e1s competitiva al aumentar la eficiencia de los empleados y la rentabilidad general.","og_url":"https:\/\/abix.com.br\/produto\/pro1150\/","og_site_name":"Abix","article_modified_time":"2023-10-20T10:43:54+00:00","og_image":[{"width":405,"height":512,"url":"https:\/\/abix.com.br\/wp-content\/uploads\/2020\/05\/EPFRONT.png","type":"image\/png"}],"twitter_card":"summary_large_image","twitter_misc":{"Tiempo de lectura":"3 minutos"},"schema":{"@context":"https:\/\/schema.org","@graph":[{"@type":"WebPage","@id":"https:\/\/abix.com.br\/produto\/pro1150\/","url":"https:\/\/abix.com.br\/produto\/pro1150\/","name":"RADIO PORT\u00c1TIL ANAL\u00d3GICA - PRO1150 - Abix","isPartOf":{"@id":"https:\/\/abix.com.br\/#website"},"primaryImageOfPage":{"@id":"https:\/\/abix.com.br\/produto\/pro1150\/#primaryimage"},"image":{"@id":"https:\/\/abix.com.br\/produto\/pro1150\/#primaryimage"},"thumbnailUrl":"https:\/\/abix.com.br\/wp-content\/uploads\/2020\/05\/EPFRONT.png","datePublished":"2020-05-20T18:08:02+00:00","dateModified":"2023-10-20T10:43:54+00:00","description":"La radio EP150 de Motorola hace que su empresa sea m\u00e1s competitiva al aumentar la eficiencia de los empleados y la rentabilidad general.","breadcrumb":{"@id":"https:\/\/abix.com.br\/produto\/pro1150\/#breadcrumb"},"inLanguage":"es","potentialAction":[{"@type":"ReadAction","target":["https:\/\/abix.com.br\/produto\/pro1150\/"]}]},{"@type":"ImageObject","inLanguage":"es","@id":"https:\/\/abix.com.br\/produto\/pro1150\/#primaryimage","url":"https:\/\/abix.com.br\/wp-content\/uploads\/2020\/05\/EPFRONT.png","contentUrl":"https:\/\/abix.com.br\/wp-content\/uploads\/2020\/05\/EPFRONT.png","width":405,"height":512,"caption":"R\u00c1DIO PORT\u00c1TIL ANAL\u00d3GICO"},{"@type":"BreadcrumbList","@id":"https:\/\/abix.com.br\/produto\/pro1150\/#breadcrumb","itemListElement":[{"@type":"ListItem","position":1,"name":"In\u00edcio","item":"https:\/\/abix.com.br\/es\/"},{"@type":"ListItem","position":2,"name":"Tienda","item":"https:\/\/abix.com.br\/loja\/"},{"@type":"ListItem","position":3,"name":"RADIO PORT\u00c1TIL ANAL\u00d3GICA &#8211; PRO1150"}]},{"@type":"WebSite","@id":"https:\/\/abix.com.br\/#website","url":"https:\/\/abix.com.br\/","name":"Abix","description":"","potentialAction":[{"@type":"SearchAction","target":{"@type":"EntryPoint","urlTemplate":"https:\/\/abix.com.br\/?s={search_term_string}"},"query-input":{"@type":"PropertyValueSpecification","valueRequired":true,"valueName":"search_term_string"}}],"inLanguage":"es"}]}},"_links":{"self":[{"href":"https:\/\/abix.com.br\/es\/wp-json\/wp\/v2\/product\/19627","targetHints":{"allow":["GET"]}}],"collection":[{"href":"https:\/\/abix.com.br\/es\/wp-json\/wp\/v2\/product"}],"about":[{"href":"https:\/\/abix.com.br\/es\/wp-json\/wp\/v2\/types\/product"}],"replies":[{"embeddable":true,"href":"https:\/\/abix.com.br\/es\/wp-json\/wp\/v2\/comments?post=19627"}],"wp:featuredmedia":[{"embeddable":true,"href":"https:\/\/abix.com.br\/es\/wp-json\/wp\/v2\/media\/10011"}],"wp:attachment":[{"href":"https:\/\/abix.com.br\/es\/wp-json\/wp\/v2\/media?parent=19627"}],"wp:term":[{"taxonomy":"product_brand","embeddable":true,"href":"https:\/\/abix.com.br\/es\/wp-json\/wp\/v2\/product_brand?post=19627"},{"taxonomy":"product_cat","embeddable":true,"href":"https:\/\/abix.com.br\/es\/wp-json\/wp\/v2\/product_cat?post=19627"},{"taxonomy":"product_tag","embeddable":true,"href":"https:\/\/abix.com.br\/es\/wp-json\/wp\/v2\/product_tag?post=19627"}],"curies":[{"name":"wp","href":"https:\/\/api.w.org\/{rel}","templated":true}]}}