{"id":19629,"date":"2020-05-20T14:05:56","date_gmt":"2020-05-20T17:05:56","guid":{"rendered":"https:\/\/abix.com.br\/produto\/radio-portatil-analogica-pro7150-elite\/"},"modified":"2023-10-20T07:44:36","modified_gmt":"2023-10-20T10:44:36","slug":"radio-portatil-analogica-pro7150-elite","status":"publish","type":"product","link":"https:\/\/abix.com.br\/es\/produto\/radio-portatil-analogica-pro7150-elite\/","title":{"rendered":"RADIO PORT\u00c1TIL ANAL\u00d3GICA &#8211; PRO7150 ELITE"},"content":{"rendered":"\n\t<section class=\"section\" id=\"section_414021523\">\n\t\t<div class=\"section-bg fill\" >\n\t\t\t\t\t\t\t\t\t\n\t\t\t\n\n\t\t<\/div>\n\n\t\t\n\n\t\t<div class=\"section-content relative\">\n\t\t\t\n<div class=\"row\"  id=\"row-1041425059\">\n\n\t<div id=\"col-785446701\" class=\"col small-12 large-12\"  >\n\t\t\t\t<div class=\"col-inner\"  >\n\t\t\t\n\t\t\t\n<div class=\"row\"  id=\"row-406197789\">\n\n\t<div id=\"col-324118813\" class=\"col small-12 large-12\"  >\n\t\t\t\t<div class=\"col-inner\"  >\n\t\t\t\n\t\t\t\n\n\t\t<div class=\"tabbed-content locacao-tabs\">\n\t\t\t\n\t\t\t<ul class=\"nav nav-tabs nav-normal nav-size-xlarge nav-left active-on-hover\" role=\"tablist\"><li id=\"tab-informaci\u00d3n\" class=\"tab active has-icon\" role=\"presentation\"><a href=\"#tab_informaci\u00d3n\" role=\"tab\" aria-selected=\"true\" aria-controls=\"tab_informaci\u00d3n\"><span>INFORMACI\u00d3N<\/span><\/a><\/li>\n<li id=\"tab-accesorios\" class=\"tab has-icon\" role=\"presentation\"><a href=\"#tab_accesorios\" tabindex=\"-1\" role=\"tab\" aria-selected=\"false\" aria-controls=\"tab_accesorios\"><span>ACCESORIOS<\/span><\/a><\/li>\n<li id=\"tab-descargas\" class=\"tab has-icon\" role=\"presentation\"><a href=\"#tab_descargas\" tabindex=\"-1\" role=\"tab\" aria-selected=\"false\" aria-controls=\"tab_descargas\"><span>DESCARGAS<\/span><\/a><\/li>\n<li id=\"tab-especificaciones\" class=\"tab has-icon\" role=\"presentation\"><a href=\"#tab_especificaciones\" tabindex=\"-1\" role=\"tab\" aria-selected=\"false\" aria-controls=\"tab_especificaciones\"><span>ESPECIFICACIONES<\/span><\/a><\/li><\/ul><div class=\"tab-panels\"><div id=\"tab_informaci\u00d3n\" class=\"panel active entry-content\" role=\"tabpanel\" aria-labelledby=\"tab-informaci\u00d3n\">\n<div class=\"row\"  id=\"row-613405519\">\n\n\t<div id=\"col-1806162341\" class=\"col medium-6 small-12 large-6\"  >\n\t\t\t\t<div class=\"col-inner\"  >\n\t\t\t\n\t\t\t\n<p><strong>DISTINTIVOS DE LLAMADA<\/strong><\/p>\n<p>Ocho distintivos de llamada permiten identificar a un individuo o un tipo de llamada, como una llamada selectiva, Call Alert\u2122 o llamada de grupo.<\/p>\n<p><strong>DESACTIVACI\u00d3N SELECTIVA DE LA RADIO<\/strong><\/p>\n<p>Si pierde o le roban la radio, un operador puede desactivarla a distancia. Los usuarios no autorizados no pueden utilizar inmediatamente su sistema de comunicaci\u00f3n, lo que impide que sus comunicaciones se vean comprometidas. Si se recupera la radio, puede reactivarse a trav\u00e9s de una consola de mando.<\/p>\n<p><strong>TECNOLOG\u00cdA DE MEJORA DE AUDIO X-PAND<\/strong><\/p>\n<p>La tecnolog\u00eda de mejora de audio X-Pand de Motorola reduce considerablemente el ruido de fondo y mejora la calidad del sonido.<\/p>\n<p><strong>INDICADOR VISUAL DE CARGA DE LA BATER\u00cdA<\/strong><\/p>\n<p>Esta funci\u00f3n muestra el estado de carga de la bater\u00eda de su radio y garantiza que su port\u00e1til PRO7150 Elite est\u00e9 siempre listo cuando lo necesite.<\/p>\n<p><strong>INDICADOR DE INTENSIDAD DE LA SE\u00d1AL DE RADIO<\/strong><\/p>\n<p>Para proporcionar una mejor comunicaci\u00f3n, un icono en su pantalla le permite ver de un vistazo la intensidad de la se\u00f1al recibida por su radio PRO7150 Elite.<\/p>\n\t\t<\/div>\n\t\t\t\t\t<\/div>\n\n\t\n\n\t<div id=\"col-895045591\" class=\"col medium-6 small-12 large-6\"  >\n\t\t\t\t<div class=\"col-inner text-left\"  >\n\t\t\t\n\t\t\t\n\t\t<\/div>\n\t\t\t\t\t<\/div>\n\n\t\n<\/div>\n<\/div>\n<div id=\"tab_accesorios\" class=\"panel entry-content\" role=\"tabpanel\" aria-labelledby=\"tab-accesorios\">\n<div class=\"row align-middle\"  id=\"row-1968852229\">\n\n\t<div id=\"col-352119898\" class=\"col medium-10 small-12 large-10\"  >\n\t\t\t\t<div class=\"col-inner\"  >\n\t\t\t\n\t\t\t\n<p>CONTENIDO<\/p>\n\t\t<\/div>\n\t\t\t\t\t<\/div>\n\n\t\n\n\t<div id=\"col-1759387842\" class=\"col medium-2 small-12 large-2\"  >\n\t\t\t\t<div class=\"col-inner\"  >\n\t\t\t\n\t\t\t\n\t\t<\/div>\n\t\t\t\t\t<\/div>\n\n\t\n<\/div>\n<\/div>\n<div id=\"tab_descargas\" class=\"panel entry-content\" role=\"tabpanel\" aria-labelledby=\"tab-descargas\">\n<div class=\"row\"  id=\"row-52481390\">\n\n\t<div id=\"col-1809867015\" class=\"col medium-10 small-12 large-10\"  >\n\t\t\t\t<div class=\"col-inner\"  >\n\t\t\t\n\t\t\t\n<p><a href=\"https:\/\/www.abix.com.br\/wp-content\/uploads\/Ficha-Pro7150Elite.pdf\">Hoja de datos de Pro7150Elite<\/a><\/p>\n\t\t<\/div>\n\t\t\t\t\t<\/div>\n\n\t\n<\/div>\n<\/div>\n<div id=\"tab_especificaciones\" class=\"panel entry-content\" role=\"tabpanel\" aria-labelledby=\"tab-especificaciones\">\n<div class=\"row\"  id=\"row-34410792\">\n\n\t<div id=\"col-1131003071\" class=\"col medium-9 small-12 large-9\"  >\n\t\t\t\t<div class=\"col-inner\"  >\n\t\t\t\n\t\t\t\n<div class=\"woocommerce-tabs wc-tabs-wrapper container tabbed-content\">\n<div class=\"tab-panels\">\n<div id=\"tab-description\" class=\"woocommerce-Tabs-panel woocommerce-Tabs-panel--description panel entry-content active\" role=\"tabpanel\" aria-labelledby=\"tab-title-description\">\n<h3>CARACTER\u00cdSTICAS F\u00cdSICAS<\/h3>\n<ul>\n<li><strong>Dimensiones<\/strong><\/li>\n<\/ul>\n<p>Altura x Anchura x Profundidad<\/p>\n<p>4,00 pulg. x 2,19 pulg. x 1,20 pulg.<\/p>\n<p>101,5 mm x 55,5 mm x 30,5 mm<\/p>\n<ul>\n<li><strong>Peso (gramos \/ onzas)<\/strong><\/li>\n<\/ul>\n<p>250 \/ 9<\/p>\n<h3>ESPECIFICACIONES MILITARES<\/h3>\n<p>810C , 810D, 810E.<\/p>\n<h3>CARACTER\u00cdSTICAS DE RENDIMIENTO<\/h3>\n<ul>\n<li><strong>Duraci\u00f3n media de la bater\u00eda (bater\u00eda est\u00e1ndar de litio de alta capacidad)<\/strong><\/li>\n<\/ul>\n<p>9 horas a baja potencia \/ 07 horas a alta potencia<\/p>\n<ul>\n<li><strong>Duraci\u00f3n media de la bater\u00eda (bater\u00eda de litio de ultra alta capacidad)<\/strong><\/li>\n<\/ul>\n<p>13 horas a baja potencia \/ 10 horas a alta potencia<\/p>\n<ul>\n<li><strong>Gama de frecuencias<\/strong><\/li>\n<\/ul>\n<p>136 &#8211; 174 MHz<\/p>\n<p>403 &#8211; 440 MHz<\/p>\n<p>450 &#8211; 527 MHz<\/p>\n<ul>\n<li><strong>Separaci\u00f3n entre canales<\/strong><\/li>\n<\/ul>\n<p>12,5 \/ 20 \/25 KHz<\/p>\n<ul>\n<li><b>Alimentaci\u00f3n<\/b><\/li>\n<\/ul>\n<p>Bater\u00eda recargable de 7,5 voltios<\/p>\n<\/div>\n<\/div>\n<\/div>\n<div class=\"related related-products-wrapper product-section\"> <\/div>\n\t\t<\/div>\n\t\t\t\t\t<\/div>\n\n\t\n<\/div>\n<\/div><\/div><\/div>\n\t\t<\/div>\n\t\t\t\t\t<\/div>\n\n\t\n<\/div>\n\t\t<\/div>\n\t\t\t\t\t<\/div>\n\n\t\n<\/div>\n\t\t<\/div>\n\n\t\t\n<style>\n#section_414021523 {\n  padding-top: 0px;\n  padding-bottom: 0px;\n}\n<\/style>\n\t<\/section>\n\t\n","protected":false},"excerpt":{"rendered":"<p style=\"text-align: justify;\">La radio port\u00e1til PRO7150 Elite de Motorola ofrece funciones de radio avanzadas combinadas con un dise\u00f1o moderno, compacto y ligero, lo que la convierte en la herramienta de comunicaci\u00f3n m\u00e1s eficaz para el profesional que necesita comunicarse discretamente.<\/p>\n<p style=\"text-align: justify;\">El sofisticado PRO7150 Elite ofrece una excelente calidad de audio combinada con m\u00faltiples funciones de radio. Adem\u00e1s, el nuevo dise\u00f1o confiere a la radio port\u00e1til PRO7150 Elite un aspecto m\u00e1s atractivo, discreto y profesional.<\/p>\n","protected":false},"featured_media":9996,"comment_status":"closed","ping_status":"closed","template":"","meta":[],"product_brand":[],"product_cat":[155,157,163],"product_tag":[],"class_list":{"0":"post-19629","1":"product","2":"type-product","3":"status-publish","4":"has-post-thumbnail","6":"product_cat-linea-profesional","7":"product_cat-motorola-es","8":"product_cat-radios-analogicas","10":"first","11":"instock","12":"shipping-taxable","13":"product-type-simple"},"yoast_head":"<!-- This site is optimized with the Yoast SEO plugin v27.3 - https:\/\/yoast.com\/product\/yoast-seo-wordpress\/ -->\n<title>RADIO PORT\u00c1TIL ANAL\u00d3GICA - PRO7150 ELITE - Abix<\/title>\n<meta name=\"description\" content=\"La radio port\u00e1til PRO7150 Elite de Motorola ofrece funciones de radio avanzadas combinadas con un dise\u00f1o moderno. Ver m\u00e1s\" \/>\n<meta name=\"robots\" content=\"index, follow, max-snippet:-1, max-image-preview:large, max-video-preview:-1\" \/>\n<link rel=\"canonical\" href=\"https:\/\/abix.com.br\/produto\/pro7150elite\/\" \/>\n<meta property=\"og:locale\" content=\"es_ES\" \/>\n<meta property=\"og:type\" content=\"article\" \/>\n<meta property=\"og:title\" content=\"RADIO PORT\u00c1TIL ANAL\u00d3GICA - PRO7150 ELITE - Abix\" \/>\n<meta property=\"og:description\" content=\"La radio port\u00e1til PRO7150 Elite de Motorola ofrece funciones de radio avanzadas combinadas con un dise\u00f1o moderno. Ver m\u00e1s\" \/>\n<meta property=\"og:url\" content=\"https:\/\/abix.com.br\/produto\/pro7150elite\/\" \/>\n<meta property=\"og:site_name\" content=\"Abix\" \/>\n<meta property=\"article:modified_time\" content=\"2023-10-20T10:44:36+00:00\" \/>\n<meta property=\"og:image\" content=\"https:\/\/abix.com.br\/wp-content\/uploads\/2020\/05\/PRO7150ELITE.jpg\" \/>\n\t<meta property=\"og:image:width\" content=\"350\" \/>\n\t<meta property=\"og:image:height\" content=\"380\" \/>\n\t<meta property=\"og:image:type\" content=\"image\/jpeg\" \/>\n<meta name=\"twitter:card\" content=\"summary_large_image\" \/>\n<meta name=\"twitter:label1\" content=\"Tiempo de lectura\" \/>\n\t<meta name=\"twitter:data1\" content=\"2 minutos\" \/>\n<script type=\"application\/ld+json\" class=\"yoast-schema-graph\">{\"@context\":\"https:\\\/\\\/schema.org\",\"@graph\":[{\"@type\":\"WebPage\",\"@id\":\"https:\\\/\\\/abix.com.br\\\/produto\\\/pro7150elite\\\/\",\"url\":\"https:\\\/\\\/abix.com.br\\\/produto\\\/pro7150elite\\\/\",\"name\":\"RADIO PORT\u00c1TIL ANAL\u00d3GICA - PRO7150 ELITE - Abix\",\"isPartOf\":{\"@id\":\"https:\\\/\\\/abix.com.br\\\/#website\"},\"primaryImageOfPage\":{\"@id\":\"https:\\\/\\\/abix.com.br\\\/produto\\\/pro7150elite\\\/#primaryimage\"},\"image\":{\"@id\":\"https:\\\/\\\/abix.com.br\\\/produto\\\/pro7150elite\\\/#primaryimage\"},\"thumbnailUrl\":\"https:\\\/\\\/abix.com.br\\\/wp-content\\\/uploads\\\/2020\\\/05\\\/PRO7150ELITE.jpg\",\"datePublished\":\"2020-05-20T17:05:56+00:00\",\"dateModified\":\"2023-10-20T10:44:36+00:00\",\"description\":\"La radio port\u00e1til PRO7150 Elite de Motorola ofrece funciones de radio avanzadas combinadas con un dise\u00f1o moderno. Ver m\u00e1s\",\"breadcrumb\":{\"@id\":\"https:\\\/\\\/abix.com.br\\\/produto\\\/pro7150elite\\\/#breadcrumb\"},\"inLanguage\":\"es\",\"potentialAction\":[{\"@type\":\"ReadAction\",\"target\":[\"https:\\\/\\\/abix.com.br\\\/produto\\\/pro7150elite\\\/\"]}]},{\"@type\":\"ImageObject\",\"inLanguage\":\"es\",\"@id\":\"https:\\\/\\\/abix.com.br\\\/produto\\\/pro7150elite\\\/#primaryimage\",\"url\":\"https:\\\/\\\/abix.com.br\\\/wp-content\\\/uploads\\\/2020\\\/05\\\/PRO7150ELITE.jpg\",\"contentUrl\":\"https:\\\/\\\/abix.com.br\\\/wp-content\\\/uploads\\\/2020\\\/05\\\/PRO7150ELITE.jpg\",\"width\":350,\"height\":380,\"caption\":\"r\u00e1dio port\u00e1til PRO7150\"},{\"@type\":\"BreadcrumbList\",\"@id\":\"https:\\\/\\\/abix.com.br\\\/produto\\\/pro7150elite\\\/#breadcrumb\",\"itemListElement\":[{\"@type\":\"ListItem\",\"position\":1,\"name\":\"In\u00edcio\",\"item\":\"https:\\\/\\\/abix.com.br\\\/es\\\/\"},{\"@type\":\"ListItem\",\"position\":2,\"name\":\"Tienda\",\"item\":\"https:\\\/\\\/abix.com.br\\\/loja\\\/\"},{\"@type\":\"ListItem\",\"position\":3,\"name\":\"RADIO PORT\u00c1TIL ANAL\u00d3GICA &#8211; PRO7150 ELITE\"}]},{\"@type\":\"WebSite\",\"@id\":\"https:\\\/\\\/abix.com.br\\\/#website\",\"url\":\"https:\\\/\\\/abix.com.br\\\/\",\"name\":\"Abix\",\"description\":\"\",\"potentialAction\":[{\"@type\":\"SearchAction\",\"target\":{\"@type\":\"EntryPoint\",\"urlTemplate\":\"https:\\\/\\\/abix.com.br\\\/?s={search_term_string}\"},\"query-input\":{\"@type\":\"PropertyValueSpecification\",\"valueRequired\":true,\"valueName\":\"search_term_string\"}}],\"inLanguage\":\"es\"}]}<\/script>\n<!-- \/ Yoast SEO plugin. -->","yoast_head_json":{"title":"RADIO PORT\u00c1TIL ANAL\u00d3GICA - PRO7150 ELITE - Abix","description":"La radio port\u00e1til PRO7150 Elite de Motorola ofrece funciones de radio avanzadas combinadas con un dise\u00f1o moderno. Ver m\u00e1s","robots":{"index":"index","follow":"follow","max-snippet":"max-snippet:-1","max-image-preview":"max-image-preview:large","max-video-preview":"max-video-preview:-1"},"canonical":"https:\/\/abix.com.br\/produto\/pro7150elite\/","og_locale":"es_ES","og_type":"article","og_title":"RADIO PORT\u00c1TIL ANAL\u00d3GICA - PRO7150 ELITE - Abix","og_description":"La radio port\u00e1til PRO7150 Elite de Motorola ofrece funciones de radio avanzadas combinadas con un dise\u00f1o moderno. Ver m\u00e1s","og_url":"https:\/\/abix.com.br\/produto\/pro7150elite\/","og_site_name":"Abix","article_modified_time":"2023-10-20T10:44:36+00:00","og_image":[{"width":350,"height":380,"url":"https:\/\/abix.com.br\/wp-content\/uploads\/2020\/05\/PRO7150ELITE.jpg","type":"image\/jpeg"}],"twitter_card":"summary_large_image","twitter_misc":{"Tiempo de lectura":"2 minutos"},"schema":{"@context":"https:\/\/schema.org","@graph":[{"@type":"WebPage","@id":"https:\/\/abix.com.br\/produto\/pro7150elite\/","url":"https:\/\/abix.com.br\/produto\/pro7150elite\/","name":"RADIO PORT\u00c1TIL ANAL\u00d3GICA - PRO7150 ELITE - Abix","isPartOf":{"@id":"https:\/\/abix.com.br\/#website"},"primaryImageOfPage":{"@id":"https:\/\/abix.com.br\/produto\/pro7150elite\/#primaryimage"},"image":{"@id":"https:\/\/abix.com.br\/produto\/pro7150elite\/#primaryimage"},"thumbnailUrl":"https:\/\/abix.com.br\/wp-content\/uploads\/2020\/05\/PRO7150ELITE.jpg","datePublished":"2020-05-20T17:05:56+00:00","dateModified":"2023-10-20T10:44:36+00:00","description":"La radio port\u00e1til PRO7150 Elite de Motorola ofrece funciones de radio avanzadas combinadas con un dise\u00f1o moderno. Ver m\u00e1s","breadcrumb":{"@id":"https:\/\/abix.com.br\/produto\/pro7150elite\/#breadcrumb"},"inLanguage":"es","potentialAction":[{"@type":"ReadAction","target":["https:\/\/abix.com.br\/produto\/pro7150elite\/"]}]},{"@type":"ImageObject","inLanguage":"es","@id":"https:\/\/abix.com.br\/produto\/pro7150elite\/#primaryimage","url":"https:\/\/abix.com.br\/wp-content\/uploads\/2020\/05\/PRO7150ELITE.jpg","contentUrl":"https:\/\/abix.com.br\/wp-content\/uploads\/2020\/05\/PRO7150ELITE.jpg","width":350,"height":380,"caption":"r\u00e1dio port\u00e1til PRO7150"},{"@type":"BreadcrumbList","@id":"https:\/\/abix.com.br\/produto\/pro7150elite\/#breadcrumb","itemListElement":[{"@type":"ListItem","position":1,"name":"In\u00edcio","item":"https:\/\/abix.com.br\/es\/"},{"@type":"ListItem","position":2,"name":"Tienda","item":"https:\/\/abix.com.br\/loja\/"},{"@type":"ListItem","position":3,"name":"RADIO PORT\u00c1TIL ANAL\u00d3GICA &#8211; PRO7150 ELITE"}]},{"@type":"WebSite","@id":"https:\/\/abix.com.br\/#website","url":"https:\/\/abix.com.br\/","name":"Abix","description":"","potentialAction":[{"@type":"SearchAction","target":{"@type":"EntryPoint","urlTemplate":"https:\/\/abix.com.br\/?s={search_term_string}"},"query-input":{"@type":"PropertyValueSpecification","valueRequired":true,"valueName":"search_term_string"}}],"inLanguage":"es"}]}},"_links":{"self":[{"href":"https:\/\/abix.com.br\/es\/wp-json\/wp\/v2\/product\/19629","targetHints":{"allow":["GET"]}}],"collection":[{"href":"https:\/\/abix.com.br\/es\/wp-json\/wp\/v2\/product"}],"about":[{"href":"https:\/\/abix.com.br\/es\/wp-json\/wp\/v2\/types\/product"}],"replies":[{"embeddable":true,"href":"https:\/\/abix.com.br\/es\/wp-json\/wp\/v2\/comments?post=19629"}],"wp:featuredmedia":[{"embeddable":true,"href":"https:\/\/abix.com.br\/es\/wp-json\/wp\/v2\/media\/9996"}],"wp:attachment":[{"href":"https:\/\/abix.com.br\/es\/wp-json\/wp\/v2\/media?parent=19629"}],"wp:term":[{"taxonomy":"product_brand","embeddable":true,"href":"https:\/\/abix.com.br\/es\/wp-json\/wp\/v2\/product_brand?post=19629"},{"taxonomy":"product_cat","embeddable":true,"href":"https:\/\/abix.com.br\/es\/wp-json\/wp\/v2\/product_cat?post=19629"},{"taxonomy":"product_tag","embeddable":true,"href":"https:\/\/abix.com.br\/es\/wp-json\/wp\/v2\/product_tag?post=19629"}],"curies":[{"name":"wp","href":"https:\/\/api.w.org\/{rel}","templated":true}]}}