{"id":19630,"date":"2020-05-20T13:53:45","date_gmt":"2020-05-20T16:53:45","guid":{"rendered":"https:\/\/abix.com.br\/produto\/radio-portatil-analogica-pro7150\/"},"modified":"2023-10-20T07:45:11","modified_gmt":"2023-10-20T10:45:11","slug":"radio-portatil-analogica-pro7150","status":"publish","type":"product","link":"https:\/\/abix.com.br\/es\/produto\/radio-portatil-analogica-pro7150\/","title":{"rendered":"RADIO PORT\u00c1TIL ANAL\u00d3GICA &#8211; PRO7150"},"content":{"rendered":"\n\t<section class=\"section\" id=\"section_107413619\">\n\t\t<div class=\"section-bg fill\" >\n\t\t\t\t\t\t\t\t\t\n\t\t\t\n\n\t\t<\/div>\n\n\t\t\n\n\t\t<div class=\"section-content relative\">\n\t\t\t\n<div class=\"row\"  id=\"row-1348858338\">\n\n\t<div id=\"col-226017846\" class=\"col small-12 large-12\"  >\n\t\t\t\t<div class=\"col-inner\"  >\n\t\t\t\n\t\t\t\n<div class=\"row\"  id=\"row-823711343\">\n\n\t<div id=\"col-706928763\" class=\"col small-12 large-12\"  >\n\t\t\t\t<div class=\"col-inner\"  >\n\t\t\t\n\t\t\t\n\n\t\t<div class=\"tabbed-content locacao-tabs\">\n\t\t\t\n\t\t\t<ul class=\"nav nav-tabs nav-normal nav-size-xlarge nav-left active-on-hover\" role=\"tablist\"><li id=\"tab-informaci\u00d3n\" class=\"tab active has-icon\" role=\"presentation\"><a href=\"#tab_informaci\u00d3n\" role=\"tab\" aria-selected=\"true\" aria-controls=\"tab_informaci\u00d3n\"><span>INFORMACI\u00d3N<\/span><\/a><\/li>\n<li id=\"tab-accesorios\" class=\"tab has-icon\" role=\"presentation\"><a href=\"#tab_accesorios\" tabindex=\"-1\" role=\"tab\" aria-selected=\"false\" aria-controls=\"tab_accesorios\"><span>ACCESORIOS<\/span><\/a><\/li>\n<li id=\"tab-descargas\" class=\"tab has-icon\" role=\"presentation\"><a href=\"#tab_descargas\" tabindex=\"-1\" role=\"tab\" aria-selected=\"false\" aria-controls=\"tab_descargas\"><span>DESCARGAS<\/span><\/a><\/li>\n<li id=\"tab-especificaciones\" class=\"tab has-icon\" role=\"presentation\"><a href=\"#tab_especificaciones\" tabindex=\"-1\" role=\"tab\" aria-selected=\"false\" aria-controls=\"tab_especificaciones\"><span>ESPECIFICACIONES<\/span><\/a><\/li><\/ul><div class=\"tab-panels\"><div id=\"tab_informaci\u00d3n\" class=\"panel active entry-content\" role=\"tabpanel\" aria-labelledby=\"tab-informaci\u00d3n\">\n<div class=\"row\"  id=\"row-308496118\">\n\n\t<div id=\"col-490905575\" class=\"col medium-6 small-12 large-6\"  >\n\t\t\t\t<div class=\"col-inner\"  >\n\t\t\t\n\t\t\t\n<p><strong>15 ZONAS TRONCALES (16 GRUPOS DE CONVERSACI\u00d3N POR ZONA)<\/strong><\/p>\n<p>Aumenta la eficacia del funcionamiento troncalizado en cualquier sistema LTR.<\/p>\n<p><strong>COMPRENSI\u00d3N DE VOZ<\/strong><\/p>\n<p>Con la tecnolog\u00eda de compresi\u00f3n de voz X-Pand,\u2122, la calidad de audio es n\u00edtida y clara, incluso en entornos ruidosos. As\u00ed pues, tanto si trabaja en una obra como en la elegancia de un hotel de lujo, la radio elegida es la radio port\u00e1til PRO7150.<\/p>\n<p><strong>ESCANEO SELECTIVO AUTOM\u00c1TICO DE TODOS LOS GRUPOS DEL SISTEMA (ESCANEO)<\/strong><\/p>\n<p>Tres modos de escaneo permiten al usuario definir la frecuencia y el tipo de transmisiones que escanear\u00e1 la radio.<\/p>\n<p><strong>INDICADOR DE INTENSIDAD DE LA SE\u00d1AL DE RADIO<\/strong><\/p>\n<p>Un icono en el panel de visualizaci\u00f3n muestra la intensidad de la se\u00f1al recibida por el<br \/>radio; 5 barras indican la se\u00f1al m\u00e1s fuerte.<\/p>\n<p><strong>FUNCIONES DE SE\u00d1ALIZACI\u00d3N MDC<\/strong><\/p>\n<p>Las funciones de se\u00f1alizaci\u00f3n MDC exclusivas de Motorola incluyen llamada selectiva y alerta de llamada (recepci\u00f3n). Adem\u00e1s, admite la verificaci\u00f3n por radio (recepci\u00f3n) y la identificaci\u00f3n del llamante (PTT-ID) (env\u00edo), lo que permite una comunicaci\u00f3n eficaz entre grupos de trabajo.<\/p>\n<p><strong>INDICADOR DE INTENSIDAD DE LA SE\u00d1AL DE RADIO<\/strong><\/p>\n<p>Un icono en la pantalla muestra la intensidad de la se\u00f1al recibida por la radio; 5 barras indican la se\u00f1al m\u00e1s fuerte.<\/p>\n\t\t<\/div>\n\t\t\t\t\t<\/div>\n\n\t\n\n\t<div id=\"col-1965259900\" class=\"col medium-6 small-12 large-6\"  >\n\t\t\t\t<div class=\"col-inner text-left\"  >\n\t\t\t\n\t\t\t\n\t\t<\/div>\n\t\t\t\t\t<\/div>\n\n\t\n<\/div>\n<\/div>\n<div id=\"tab_accesorios\" class=\"panel entry-content\" role=\"tabpanel\" aria-labelledby=\"tab-accesorios\">\n<div class=\"row align-middle\"  id=\"row-1106790878\">\n\n\t<div id=\"col-934149985\" class=\"col medium-10 small-12 large-10\"  >\n\t\t\t\t<div class=\"col-inner\"  >\n\t\t\t\n\t\t\t\n<p>CONTENIDO<\/p>\n\t\t<\/div>\n\t\t\t\t\t<\/div>\n\n\t\n\n\t<div id=\"col-1151913793\" class=\"col medium-2 small-12 large-2\"  >\n\t\t\t\t<div class=\"col-inner\"  >\n\t\t\t\n\t\t\t\n\t\t<\/div>\n\t\t\t\t\t<\/div>\n\n\t\n<\/div>\n<\/div>\n<div id=\"tab_descargas\" class=\"panel entry-content\" role=\"tabpanel\" aria-labelledby=\"tab-descargas\">\n<div class=\"row\"  id=\"row-1179992618\">\n\n\t<div id=\"col-232460352\" class=\"col medium-10 small-12 large-10\"  >\n\t\t\t\t<div class=\"col-inner\"  >\n\t\t\t\n\t\t\t\n<p><a href=\"https:\/\/www.abix.com.br\/wp-content\/uploads\/Ficha-PRO7150.pdf\">Hoja de datos de PRO7150<\/a><\/p>\n\t\t<\/div>\n\t\t\t\t\t<\/div>\n\n\t\n<\/div>\n<\/div>\n<div id=\"tab_especificaciones\" class=\"panel entry-content\" role=\"tabpanel\" aria-labelledby=\"tab-especificaciones\">\n<div class=\"row\"  id=\"row-640334617\">\n\n\t<div id=\"col-1534608895\" class=\"col medium-9 small-12 large-9\"  >\n\t\t\t\t<div class=\"col-inner\"  >\n\t\t\t\n\t\t\t\n<h3>CARACTER\u00cdSTICAS F\u00cdSICAS<\/h3>\n<ul>\n<li><strong>Dimensiones<\/strong><\/li>\n<\/ul>\n<p>Altura x Anchura x Profundidad<\/p>\n<p>5, 40 pulg. x 2,26 pulg. x 1,50 pulg.<\/p>\n<p>137 mm x 57,5 mm x 37,5 mm<\/p>\n<ul>\n<li><strong>Peso (gramos \/ onzas)<\/strong><\/li>\n<\/ul>\n<p>420 \/ 15<\/p>\n<h3>ESPECIFICACIONES MILITARES<\/h3>\n<p>810C , 810D, 810E.<\/p>\n<h3>CARACTER\u00cdSTICAS DE RENDIMIENTO<\/h3>\n<ul>\n<li><strong>Duraci\u00f3n media de la bater\u00eda<\/strong><\/li>\n<\/ul>\n<p>11 horas a baja potencia \/ 08 horas a alta potencia<\/p>\n<ul>\n<li><strong>Gama de frecuencias<\/strong><\/li>\n<\/ul>\n<p>136 &#8211; 174 MHz<\/p>\n<p>403 &#8211; 440 MHz<\/p>\n<p>450 &#8211; 527 MHz<\/p>\n<ul>\n<li><strong>Separaci\u00f3n entre canales<\/strong><\/li>\n<\/ul>\n<p>12,5 \/ 20 \/25 KHz<\/p>\n<ul>\n<li><b>Alimentaci\u00f3n<\/b><\/li>\n<\/ul>\n<p>Bater\u00eda recargable de 7,5 voltios<\/p>\n\t\t<\/div>\n\t\t\t\t\t<\/div>\n\n\t\n<\/div>\n<\/div><\/div><\/div>\n\t\t<\/div>\n\t\t\t\t\t<\/div>\n\n\t\n<\/div>\n\t\t<\/div>\n\t\t\t\t\t<\/div>\n\n\t\n<\/div>\n\t\t<\/div>\n\n\t\t\n<style>\n#section_107413619 {\n  padding-top: 0px;\n  padding-bottom: 0px;\n}\n<\/style>\n\t<\/section>\n\t\n","protected":false},"excerpt":{"rendered":"<p style=\"text-align: justify;\">La radio port\u00e1til PRO7150 de Motorola es esencial para las organizaciones en crecimiento gracias a su versatilidad \u00fanica. Sea cual sea su profesi\u00f3n, con esta potente radio podr\u00e1 ser m\u00e1s eficaz y productivo. Eficaces y rentables, los sistemas troncales proporcionan una cobertura de llamadas m\u00e1s amplia, un acceso m\u00e1s r\u00e1pido a los canales, mayor privacidad y capacidad para un mayor n\u00famero de usuarios y grupos de conversaci\u00f3n, lo que significa que la radio PRO7150 puede satisfacer pr\u00e1cticamente todas las necesidades de comunicaci\u00f3n de su empresa.<\/p>\n","protected":false},"featured_media":9985,"comment_status":"closed","ping_status":"closed","template":"","meta":[],"product_brand":[],"product_cat":[155,157,163],"product_tag":[],"class_list":{"0":"post-19630","1":"product","2":"type-product","3":"status-publish","4":"has-post-thumbnail","6":"product_cat-linea-profesional","7":"product_cat-motorola-es","8":"product_cat-radios-analogicas","10":"first","11":"instock","12":"shipping-taxable","13":"product-type-simple"},"yoast_head":"<!-- This site is optimized with the Yoast SEO plugin v27.3 - https:\/\/yoast.com\/product\/yoast-seo-wordpress\/ -->\n<title>RADIO PORT\u00c1TIL ANAL\u00d3GICA - PRO7150 - Abix<\/title>\n<meta name=\"description\" content=\"La radio port\u00e1til PRO7150 de Motorola es esencial para las organizaciones en crecimiento gracias a su versatilidad \u00fanica. Ver m\u00e1s\" \/>\n<meta name=\"robots\" content=\"index, follow, max-snippet:-1, max-image-preview:large, max-video-preview:-1\" \/>\n<link rel=\"canonical\" href=\"https:\/\/abix.com.br\/produto\/pro7150\/\" \/>\n<meta property=\"og:locale\" content=\"es_ES\" \/>\n<meta property=\"og:type\" content=\"article\" \/>\n<meta property=\"og:title\" content=\"RADIO PORT\u00c1TIL ANAL\u00d3GICA - PRO7150 - Abix\" \/>\n<meta property=\"og:description\" content=\"La radio port\u00e1til PRO7150 de Motorola es esencial para las organizaciones en crecimiento gracias a su versatilidad \u00fanica. Ver m\u00e1s\" \/>\n<meta property=\"og:url\" content=\"https:\/\/abix.com.br\/produto\/pro7150\/\" \/>\n<meta property=\"og:site_name\" content=\"Abix\" \/>\n<meta property=\"article:modified_time\" content=\"2023-10-20T10:45:11+00:00\" \/>\n<meta property=\"og:image\" content=\"https:\/\/abix.com.br\/wp-content\/uploads\/2020\/05\/PRO7150.jpg\" \/>\n\t<meta property=\"og:image:width\" content=\"650\" \/>\n\t<meta property=\"og:image:height\" content=\"650\" \/>\n\t<meta property=\"og:image:type\" content=\"image\/jpeg\" \/>\n<meta name=\"twitter:card\" content=\"summary_large_image\" \/>\n<meta name=\"twitter:label1\" content=\"Tiempo de lectura\" \/>\n\t<meta name=\"twitter:data1\" content=\"2 minutos\" \/>\n<script type=\"application\/ld+json\" class=\"yoast-schema-graph\">{\"@context\":\"https:\\\/\\\/schema.org\",\"@graph\":[{\"@type\":\"WebPage\",\"@id\":\"https:\\\/\\\/abix.com.br\\\/produto\\\/pro7150\\\/\",\"url\":\"https:\\\/\\\/abix.com.br\\\/produto\\\/pro7150\\\/\",\"name\":\"RADIO PORT\u00c1TIL ANAL\u00d3GICA - PRO7150 - Abix\",\"isPartOf\":{\"@id\":\"https:\\\/\\\/abix.com.br\\\/#website\"},\"primaryImageOfPage\":{\"@id\":\"https:\\\/\\\/abix.com.br\\\/produto\\\/pro7150\\\/#primaryimage\"},\"image\":{\"@id\":\"https:\\\/\\\/abix.com.br\\\/produto\\\/pro7150\\\/#primaryimage\"},\"thumbnailUrl\":\"https:\\\/\\\/abix.com.br\\\/wp-content\\\/uploads\\\/2020\\\/05\\\/PRO7150.jpg\",\"datePublished\":\"2020-05-20T16:53:45+00:00\",\"dateModified\":\"2023-10-20T10:45:11+00:00\",\"description\":\"La radio port\u00e1til PRO7150 de Motorola es esencial para las organizaciones en crecimiento gracias a su versatilidad \u00fanica. Ver m\u00e1s\",\"breadcrumb\":{\"@id\":\"https:\\\/\\\/abix.com.br\\\/produto\\\/pro7150\\\/#breadcrumb\"},\"inLanguage\":\"es\",\"potentialAction\":[{\"@type\":\"ReadAction\",\"target\":[\"https:\\\/\\\/abix.com.br\\\/produto\\\/pro7150\\\/\"]}]},{\"@type\":\"ImageObject\",\"inLanguage\":\"es\",\"@id\":\"https:\\\/\\\/abix.com.br\\\/produto\\\/pro7150\\\/#primaryimage\",\"url\":\"https:\\\/\\\/abix.com.br\\\/wp-content\\\/uploads\\\/2020\\\/05\\\/PRO7150.jpg\",\"contentUrl\":\"https:\\\/\\\/abix.com.br\\\/wp-content\\\/uploads\\\/2020\\\/05\\\/PRO7150.jpg\",\"width\":650,\"height\":650,\"caption\":\"r\u00e1dio port\u00e1til PRO7150\"},{\"@type\":\"BreadcrumbList\",\"@id\":\"https:\\\/\\\/abix.com.br\\\/produto\\\/pro7150\\\/#breadcrumb\",\"itemListElement\":[{\"@type\":\"ListItem\",\"position\":1,\"name\":\"In\u00edcio\",\"item\":\"https:\\\/\\\/abix.com.br\\\/es\\\/\"},{\"@type\":\"ListItem\",\"position\":2,\"name\":\"Tienda\",\"item\":\"https:\\\/\\\/abix.com.br\\\/loja\\\/\"},{\"@type\":\"ListItem\",\"position\":3,\"name\":\"RADIO PORT\u00c1TIL ANAL\u00d3GICA &#8211; PRO7150\"}]},{\"@type\":\"WebSite\",\"@id\":\"https:\\\/\\\/abix.com.br\\\/#website\",\"url\":\"https:\\\/\\\/abix.com.br\\\/\",\"name\":\"Abix\",\"description\":\"\",\"potentialAction\":[{\"@type\":\"SearchAction\",\"target\":{\"@type\":\"EntryPoint\",\"urlTemplate\":\"https:\\\/\\\/abix.com.br\\\/?s={search_term_string}\"},\"query-input\":{\"@type\":\"PropertyValueSpecification\",\"valueRequired\":true,\"valueName\":\"search_term_string\"}}],\"inLanguage\":\"es\"}]}<\/script>\n<!-- \/ Yoast SEO plugin. -->","yoast_head_json":{"title":"RADIO PORT\u00c1TIL ANAL\u00d3GICA - PRO7150 - Abix","description":"La radio port\u00e1til PRO7150 de Motorola es esencial para las organizaciones en crecimiento gracias a su versatilidad \u00fanica. Ver m\u00e1s","robots":{"index":"index","follow":"follow","max-snippet":"max-snippet:-1","max-image-preview":"max-image-preview:large","max-video-preview":"max-video-preview:-1"},"canonical":"https:\/\/abix.com.br\/produto\/pro7150\/","og_locale":"es_ES","og_type":"article","og_title":"RADIO PORT\u00c1TIL ANAL\u00d3GICA - PRO7150 - Abix","og_description":"La radio port\u00e1til PRO7150 de Motorola es esencial para las organizaciones en crecimiento gracias a su versatilidad \u00fanica. Ver m\u00e1s","og_url":"https:\/\/abix.com.br\/produto\/pro7150\/","og_site_name":"Abix","article_modified_time":"2023-10-20T10:45:11+00:00","og_image":[{"width":650,"height":650,"url":"https:\/\/abix.com.br\/wp-content\/uploads\/2020\/05\/PRO7150.jpg","type":"image\/jpeg"}],"twitter_card":"summary_large_image","twitter_misc":{"Tiempo de lectura":"2 minutos"},"schema":{"@context":"https:\/\/schema.org","@graph":[{"@type":"WebPage","@id":"https:\/\/abix.com.br\/produto\/pro7150\/","url":"https:\/\/abix.com.br\/produto\/pro7150\/","name":"RADIO PORT\u00c1TIL ANAL\u00d3GICA - PRO7150 - Abix","isPartOf":{"@id":"https:\/\/abix.com.br\/#website"},"primaryImageOfPage":{"@id":"https:\/\/abix.com.br\/produto\/pro7150\/#primaryimage"},"image":{"@id":"https:\/\/abix.com.br\/produto\/pro7150\/#primaryimage"},"thumbnailUrl":"https:\/\/abix.com.br\/wp-content\/uploads\/2020\/05\/PRO7150.jpg","datePublished":"2020-05-20T16:53:45+00:00","dateModified":"2023-10-20T10:45:11+00:00","description":"La radio port\u00e1til PRO7150 de Motorola es esencial para las organizaciones en crecimiento gracias a su versatilidad \u00fanica. Ver m\u00e1s","breadcrumb":{"@id":"https:\/\/abix.com.br\/produto\/pro7150\/#breadcrumb"},"inLanguage":"es","potentialAction":[{"@type":"ReadAction","target":["https:\/\/abix.com.br\/produto\/pro7150\/"]}]},{"@type":"ImageObject","inLanguage":"es","@id":"https:\/\/abix.com.br\/produto\/pro7150\/#primaryimage","url":"https:\/\/abix.com.br\/wp-content\/uploads\/2020\/05\/PRO7150.jpg","contentUrl":"https:\/\/abix.com.br\/wp-content\/uploads\/2020\/05\/PRO7150.jpg","width":650,"height":650,"caption":"r\u00e1dio port\u00e1til PRO7150"},{"@type":"BreadcrumbList","@id":"https:\/\/abix.com.br\/produto\/pro7150\/#breadcrumb","itemListElement":[{"@type":"ListItem","position":1,"name":"In\u00edcio","item":"https:\/\/abix.com.br\/es\/"},{"@type":"ListItem","position":2,"name":"Tienda","item":"https:\/\/abix.com.br\/loja\/"},{"@type":"ListItem","position":3,"name":"RADIO PORT\u00c1TIL ANAL\u00d3GICA &#8211; PRO7150"}]},{"@type":"WebSite","@id":"https:\/\/abix.com.br\/#website","url":"https:\/\/abix.com.br\/","name":"Abix","description":"","potentialAction":[{"@type":"SearchAction","target":{"@type":"EntryPoint","urlTemplate":"https:\/\/abix.com.br\/?s={search_term_string}"},"query-input":{"@type":"PropertyValueSpecification","valueRequired":true,"valueName":"search_term_string"}}],"inLanguage":"es"}]}},"_links":{"self":[{"href":"https:\/\/abix.com.br\/es\/wp-json\/wp\/v2\/product\/19630","targetHints":{"allow":["GET"]}}],"collection":[{"href":"https:\/\/abix.com.br\/es\/wp-json\/wp\/v2\/product"}],"about":[{"href":"https:\/\/abix.com.br\/es\/wp-json\/wp\/v2\/types\/product"}],"replies":[{"embeddable":true,"href":"https:\/\/abix.com.br\/es\/wp-json\/wp\/v2\/comments?post=19630"}],"wp:featuredmedia":[{"embeddable":true,"href":"https:\/\/abix.com.br\/es\/wp-json\/wp\/v2\/media\/9985"}],"wp:attachment":[{"href":"https:\/\/abix.com.br\/es\/wp-json\/wp\/v2\/media?parent=19630"}],"wp:term":[{"taxonomy":"product_brand","embeddable":true,"href":"https:\/\/abix.com.br\/es\/wp-json\/wp\/v2\/product_brand?post=19630"},{"taxonomy":"product_cat","embeddable":true,"href":"https:\/\/abix.com.br\/es\/wp-json\/wp\/v2\/product_cat?post=19630"},{"taxonomy":"product_tag","embeddable":true,"href":"https:\/\/abix.com.br\/es\/wp-json\/wp\/v2\/product_tag?post=19630"}],"curies":[{"name":"wp","href":"https:\/\/api.w.org\/{rel}","templated":true}]}}